{"id":15212,"date":"2025-07-19T16:23:22","date_gmt":"2025-07-19T16:23:22","guid":{"rendered":"https:\/\/www.pause-au-naturelle.com\/?post_type=product&#038;p=15212"},"modified":"2026-03-28T14:05:00","modified_gmt":"2026-03-28T14:05:00","slug":"damaszener-rosenol","status":"publish","type":"product","link":"https:\/\/www.pause-au-naturelle.com\/de\/produit\/huile-de-rose-de-damas\/","title":{"rendered":"Damaszener-Rosen\u00f6l BIO - 50ml"},"content":{"rendered":"<p><strong>Bio-Damaszener-Rosen\u00f6l<\/strong>, wird oft als fl\u00fcssiges Gold bezeichnet und besticht durch seine Seltenheit und seine <strong>au\u00dfergew\u00f6hnliche Vorteile<\/strong>. Direkt von den traditionellen Feldern in <strong>Bulgarien<\/strong>, Dieses kostbare \u00d6l ist sowohl in der Kosmetik als auch in der Medizin gefragt. <strong>Hautpflege<\/strong> als auch f\u00fcr seine aromatherapeutischen Eigenschaften. Seine <strong>handwerkliche Herstellung<\/strong> sowie sein einzigartiges sensorisches Profil machen es zu einem unumg\u00e4nglichen Produkt f\u00fcr alle, die Folgendes kombinieren m\u00f6chten <strong>Wohlbefinden<\/strong> und Naturkosmetik.<\/p>\n<h2>Herkunft und Herstellungsprozess von Bio-Damaszener-Rosen\u00f6l<\/h2>\n<p>L\u2019<strong>bulgarische Herkunft<\/strong> setzt sich weltweit als Referenz f\u00fcr die Kultur der <strong>Damaszenerrose<\/strong>. Diese Region profitiert von einem privilegierten Klima und einem <strong>althergebrachtes Know-how<\/strong> die seit Jahrhunderten \u00fcberliefert sind. Die Bl\u00fcten werden bei Tagesanbruch von Hand gepfl\u00fcckt, um die Frische und den Reichtum ihrer aktiven Bestandteile zu bewahren. Die Aufmerksamkeit, die jedem Schritt gewidmet wird, garantiert im \u00dcbrigen die <strong>herausragende Qualit\u00e4t<\/strong> des gewonnenen \u00d6ls.<\/p>\n<p>Das Verfahren von <strong>handwerkliche Herstellung<\/strong> erf\u00fcllt die strengsten biologischen Standards. Nur Rosen, die ohne Pestizide oder chemische Zus\u00e4tze gez\u00fcchtet wurden, d\u00fcrfen sich f\u00fcr den <strong>Biosiegel<\/strong>. Die Destillation erfolgt in traditionellen Destillierapparaten mit Hilfe von Dampf.\u2019<strong>Reinbenzin<\/strong> unter Beibehaltung der <strong>Geruchseigenschaften<\/strong> und therapeutischen Originalen.<\/p>\n<ul>\n<li><strong>Manuelle Ernte<\/strong> fr\u00fch am Morgen<\/li>\n<li><strong>Traditionelle Dampfdestillation<\/strong><\/li>\n<li><strong>V\u00f6llige Abwesenheit von chemischen R\u00fcckst\u00e4nden<\/strong><\/li>\n<li><strong>Beachtung des nat\u00fcrlichen Kreislaufs<\/strong> der Pflanze<\/li>\n<\/ul>\n<h2>Was sind die wichtigsten Eigenschaften von Bio-Damaszener-Rosen\u00f6l?<\/h2>\n<p>Ber\u00fchmt in <strong>Kosmetik<\/strong>, Das Bio-Damaszener-Rosen\u00f6l konzentriert die ganze aktive Kraft der Bl\u00fctenbl\u00e4tter in wenigen Tropfen. Seine reichhaltige Zusammensetzung aus <strong>Vitamine<\/strong>, Die Kombination aus essentiellen Fetts\u00e4uren und anderen N\u00e4hrstoffen verleiht ihm ein sehr breites Wirkungsspektrum in Bezug auf die Gesundheit. <a href=\"https:\/\/www.pause-au-naturelle.com\/de\/2024\/05\/03\/welche-pflege-fur-eine-schone-haut\/\"><strong>Haut<\/strong> und der <strong>allgemeines Wohlbefinden<\/strong><\/a>.<\/p>\n<p>Diese <strong>\u00e4therisches \u00d6l<\/strong> Der Duft ist subtil und bet\u00f6rend und stimuliert sowohl K\u00f6rper als auch Geist w\u00e4hrend der Behandlung.\u2019<strong>Aromatherapie<\/strong> oder zur Massage verwendet werden. Aufgrund ihrer zarten Wirkung ist sie geeignet f\u00fcr <strong>empfindliche Haut<\/strong> und f\u00fcr alle, die synthetische Produkte vermeiden m\u00f6chten.<\/p>\n<h3>Anti-Aging- und regenerierende Eigenschaften<\/h3>\n<p>Eines der Hauptversprechen von Bio-Damaszener-Rosen\u00f6l sind seine bemerkenswerten Eigenschaften. <strong>Anti-Aging-Eigenschaften<\/strong> und <strong>regenerierend<\/strong>. Sie f\u00f6rdert die Kollagenproduktion und tr\u00e4gt zur St\u00e4rkung der Hautelastizit\u00e4t bei, wodurch Falten und feine Linien reduziert werden, dank ihrer <strong>nat\u00fcrliche Antioxidantien<\/strong>.<\/p>\n<p>Bei regelm\u00e4\u00dfiger Anwendung strafft dieser wertvolle Verb\u00fcndete die Haut und stellt ihre Ausstrahlung wieder her. Dies macht ihn zu einem wichtigen Bestandteil vieler Pflegeprodukte, die den Auswirkungen der Zeit entgegenwirken und <strong>das Erscheinungsbild des Teints sichtbar verbessern<\/strong>.<\/p>\n<h3>Feuchtigkeitsspendende und geschmeidig machende Eigenschaften<\/h3>\n<p>Die feine, cremige Textur des Damaszener-Rosen\u00f6ls dringt leicht in die Haut ein und verleiht ihr ein angenehmes Gef\u00fchl. <strong>sofortige feuchtigkeitsspendende Wirkung<\/strong>. Indem sie die Haut mit einem sch\u00fctzenden Schleier umh\u00fcllt, hilft sie, Feuchtigkeitsverlust zu verhindern und die Haut Tag f\u00fcr Tag weich und geschmeidig zu halten.<\/p>\n<p>Die Pflege mit diesem \u00d6l eignet sich besonders f\u00fcr <strong>ausgetrocknete Epidermis<\/strong>, Die Haut ist sehr empfindlich gegen\u00fcber Umwelteinfl\u00fcssen. Die Anwendung als Gesichtsmaske oder Serum n\u00e4hrt intensiv und lindert unangenehme Hautgef\u00fchle.<\/p>\n<h3>Antibakterielle, antimykotische und antiseptische Eigenschaften<\/h3>\n<p>Weniger bekannt, aber ebenso interessant sind die <strong>antibakterielle Eigenschaften<\/strong>, <strong>Antimykotika<\/strong> und <strong>Antiseptika<\/strong> Bio-Damaszener-Rosen\u00f6l tr\u00e4gt dazu bei, die allgemeine Gesundheit der Haut zu verbessern. Lokal aufgetragen schr\u00e4nkt es das Bakterienwachstum ein und beschleunigt das Verschwinden kleinerer Unreinheiten.<\/p>\n<p>Sie wirkt auch als nat\u00fcrliche Unterst\u00fctzung bei bestimmten Hauterkrankungen, unterst\u00fctzt die <strong>Heilungsprozess<\/strong> und reduziert das Auftreten von Restflecken. Diese Vielseitigkeit tr\u00e4gt zu seinem Erfolg bei all jenen bei, die eine sanfte, wirksame und umweltfreundliche L\u00f6sung suchen.<\/p>\n<h2>H\u00e4ufige Verwendungen und praktische Tipps<\/h2>\n<p>L\u2019<strong>\u00e4therisches \u00d6l der Damaszener-Rose<\/strong> findet nat\u00fcrlich seinen Platz in der Sch\u00f6nheitsroutine, aber auch in ungew\u00f6hnlicheren Anwendungen. Ob als Erg\u00e4nzung zu einer t\u00e4glichen Pflege oder als Bereicherung einer Entspannungssitzung, seine Anwendungsm\u00f6glichkeiten sind vielf\u00e4ltig. Um all seine Vorteile voll auszusch\u00f6pfen, sollten Sie einige Dinge beachten <strong>praktische Tipps<\/strong> verdienen es, bekannt gemacht zu werden.<\/p>\n<p>Ein paar Tropfen sind bereits ein Erfolg, wenn man sie in eine <strong>Feuchtigkeitscreme<\/strong>, Sie k\u00f6nnen auch pur auf die Schl\u00e4fen aufgetragen oder in einem hei\u00dfen Bad verd\u00fcnnt werden. Diese Vielseitigkeit wird sowohl von Neulingen als auch von passionierten <strong>Naturkosmetik<\/strong>.<\/p>\n<ul>\n<li>Revitalisierende Nachtpflege f\u00fcr das Gesicht<\/li>\n<li>Entspannende Massage an den Handgelenken oder am Hals<\/li>\n<li>Ausgleichendes Aromabad<\/li>\n<li>Mischen in pflanzlichen \u00d6len, um individuelle Seren zu kreieren<\/li>\n<li>Hinzuf\u00fcgen zu hausgemachten Masken, um deren Wirksamkeit zu steigern<\/li>\n<\/ul>\n<h3>Kurz- und langfristige Anwendung<\/h3>\n<p>Um sichtbare Ergebnisse zu erzielen, sollte man das Damaszener-Rosen\u00f6l regelm\u00e4\u00dfig in sein Ritual einbauen. Die Tropfengr\u00f6\u00dfe verhindert einen \u00fcberm\u00e4\u00dfigen Verbrauch und gibt jedes Mal die richtige Dosis ab, die f\u00fcr die Haut oder den emotionalen Bereich ben\u00f6tigt wird.<\/p>\n<p>In der Luft l\u00e4dt sein Duft zur Entspannung ein und lindert Spannungen. Auf dem Solarplexus angewendet, unterst\u00fctzt er das emotionale Gleichgewicht und f\u00f6rdert das Selbstvertrauen, wichtige Pluspunkte in einem ganzheitlichen Ansatz der K\u00f6rperpflege.<\/p>\n<h3>Vergleich mit anderen nat\u00fcrlichen \u00d6len<\/h3>\n<p>Gegen\u00fcber anderen \u00e4therischen oder pflanzlichen \u00d6len, <strong>Bio-Damaszener-Rosen\u00f6l<\/strong> zeichnet sich durch seine Konzentration an Wirkstoffen und seine Zartheit aus. Argan-, Jojoba- und Lavendel\u00f6l haben ebenfalls Vorteile, aber Rosen\u00f6l ist besonders f\u00fcr diejenigen geeignet, die Folgendes suchen <strong>Luxus<\/strong> und Wirksamkeit, gepaart mit einem einzigartigen Dufterlebnis.<\/p>\n<table>\n<thead>\n<tr>\n<th>\u00d6l<\/th>\n<th>Wichtigste Eigenschaften<\/th>\n<th>Art der empfohlenen Pflege<\/th>\n<\/tr>\n<\/thead>\n<tbody>\n<tr>\n<td>Bio-Damaszener Rose<\/td>\n<td>Anti-Aging, beruhigend, regenerierend, intensiver Duft<\/td>\n<td>Gesicht, Massage, Aromatherapie<\/td>\n<\/tr>\n<tr>\n<td>Argan<\/td>\n<td>N\u00e4hrend, reparierend, antioxidativ<\/td>\n<td>K\u00f6rper, Haare, H\u00e4nde<\/td>\n<\/tr>\n<tr>\n<td>Jojoba<\/td>\n<td>Sebumregulierend, feuchtigkeitsspendend, weichmachend<\/td>\n<td>Haarpflege, Reinigungs\u00f6l<\/td>\n<\/tr>\n<tr>\n<td>Echter Lavendel<\/td>\n<td>Beruhigt, heilt, parf\u00fcmiert<\/td>\n<td>Entspannung, Hautpflege nach dem Sonnenbad<\/td>\n<\/tr>\n<\/tbody>\n<\/table>\n<div itemscope=\"\" itemtype=\"https:\/\/schema.org\/FAQPage\">\n<h2>H\u00e4ufig gestellte Fragen zu Bio-Damaszener-Rosen\u00f6l<\/h2>\n<div itemprop=\"mainEntity\" itemscope=\"\" itemtype=\"https:\/\/schema.org\/Question\">\n<h3 itemprop=\"name\">Wie erkenne ich echtes Bio-Damaszener-Rosen\u00f6l?<\/h3>\n<div itemprop=\"acceptedAnswer\" itemscope=\"\" itemtype=\"https:\/\/schema.org\/Answer\">\n<p itemprop=\"text\">Eine echte <strong>Bio-Damaszener-Rosen\u00f6l<\/strong> muss seine Herkunft angeben (oft die <strong>Bulgarien<\/strong>), ein zertifiziertes Biosiegel aufweisen und handwerklich gewonnen werden. Die Flasche sollte aus dunklem Glas sein, um sie vor Licht zu sch\u00fctzen. Ein nat\u00fcrlicher, reiner und nicht st\u00f6render Blumenduft ist ein guter Indikator f\u00fcr Qualit\u00e4t.<\/p>\n<table>\n<thead>\n<tr>\n<th>Kriterium<\/th>\n<th>Authentisches \u00d6l<\/th>\n<th>Nachahmung oder Mischung<\/th>\n<\/tr>\n<\/thead>\n<tbody>\n<tr>\n<td>Herkunft<\/td>\n<td>Bulgarien<\/td>\n<td>Nicht angegeben<\/td>\n<\/tr>\n<tr>\n<td>Bio-Zertifikat<\/td>\n<td>Gegenwart<\/td>\n<td>Nicht vorhanden oder zweifelhaft<\/td>\n<\/tr>\n<tr>\n<td>Flasche<\/td>\n<td>Dunkles Glas<\/td>\n<td>Kunststoff oder klar<\/td>\n<\/tr>\n<\/tbody>\n<\/table>\n<\/div>\n<\/div>\n<div itemprop=\"mainEntity\" itemscope=\"\" itemtype=\"https:\/\/schema.org\/Question\">\n<h3 itemprop=\"name\">Welche Vorsichtsma\u00dfnahmen sind bei der energetischen Aromatherapie zu treffen?<\/h3>\n<div itemprop=\"acceptedAnswer\" itemscope=\"\" itemtype=\"https:\/\/schema.org\/Answer\">\n<p itemprop=\"text\">Vor der Verwendung von Damaszener-Rosen\u00f6l in <strong>energetische Aromatherapie<\/strong>, f\u00fchren Sie einen Hauttest durch. Tragen Sie es nie unverd\u00fcnnt in der N\u00e4he der Augen oder Schleimh\u00e4ute auf. Verd\u00fcnnen Sie es mit einem Pflanzen\u00f6l oder verwenden Sie es in der Duftlampe f\u00fcr Praktiken, die mit emotionalem Gleichgewicht verbunden sind.<\/p>\n<ul>\n<li>Vorher einen Hauttest durchf\u00fchren<\/li>\n<li>Nicht unverd\u00fcnnt auf das Gesicht auftragen<\/li>\n<li>Au\u00dferhalb der Reichweite von Kindern aufbewahren<\/li>\n<\/ul>\n<\/div>\n<\/div>\n<div itemprop=\"mainEntity\" itemscope=\"\" itemtype=\"https:\/\/schema.org\/Question\">\n<h3 itemprop=\"name\">Welche Hauttypen profitieren am meisten von Bio-Damaszener-Rosen\u00f6l?<\/h3>\n<div itemprop=\"acceptedAnswer\" itemscope=\"\" itemtype=\"https:\/\/schema.org\/Answer\">\n<p itemprop=\"text\">Dieses \u00d6l ist ideal f\u00fcr <strong>reife Haut<\/strong>, <strong>trocken<\/strong> und <strong>empfindlich<\/strong> dank ihrer regenerierenden und beruhigenden Eigenschaften. Sie eignet sich auch f\u00fcr <strong>gemischte bis fettige Haut<\/strong> dank seiner sanft reinigenden Eigenschaften.<\/p>\n<ul>\n<li>Reife Haut (Anti-Aging)<\/li>\n<li>Trockene oder dehydrierte Haut<\/li>\n<li>Empfindliche oder reaktive Haut<\/li>\n<li>Mischhaut bis fettige Haut, die zu Unreinheiten neigt<\/li>\n<\/ul>\n<\/div>\n<\/div>\n<div itemprop=\"mainEntity\" itemscope=\"\" itemtype=\"https:\/\/schema.org\/Question\">\n<h3 itemprop=\"name\">Was ist der Unterschied zwischen pflanzlichem und \u00e4therischem \u00d6l der Damaszener-Rose?<\/h3>\n<div itemprop=\"acceptedAnswer\" itemscope=\"\" itemtype=\"https:\/\/schema.org\/Answer\">\n<p itemprop=\"text\">L\u2019<strong>pflanzliches Rosen\u00f6l<\/strong> wird durch Mazeration in einem Tr\u00e4ger\u00f6l gewonnen und ist ideal f\u00fcr die Feuchtigkeitsversorgung oder f\u00fcr Massagen. L\u2019<strong>\u00e4therisches \u00d6l der Damaszener-Rose<\/strong>, Sie wird durch Destillation gewonnen und in sehr geringen Mengen wegen ihrer starken Wirkung in der Aromatherapie und Parf\u00fcmerie verwendet.<\/p>\n<table>\n<thead>\n<tr>\n<th>Typ<\/th>\n<th>Verfahren zur Gewinnung<\/th>\n<th>Verwendung<\/th>\n<\/tr>\n<\/thead>\n<tbody>\n<tr>\n<td>Pflanzliches \u00d6l<\/td>\n<td>Mazeration in einem Tr\u00e4ger\u00f6l<\/td>\n<td>Pflege, Massage, Feuchtigkeit<\/td>\n<\/tr>\n<tr>\n<td>\u00c4therisches \u00d6l<\/td>\n<td>Destillation mit Dampf<\/td>\n<td>Aromatherapie, Verbreitung, gezielte Pflege<\/td>\n<\/tr>\n<\/tbody>\n<\/table>\n<\/div>\n<\/div>\n<\/div>","protected":false},"excerpt":{"rendered":"<p>L&rsquo;huile de rose de damas bio, souvent qualifi&eacute;e d&rsquo;or liquide, s&eacute;duit par sa raret&eacute; et ses bienfaits exceptionnels. Venue tout droit des champs traditionnels en Bulgarie, cette huile pr&eacute;cieuse est recherch&eacute;e aussi bien dans le domaine du soin de la peau que pour ses vertus aromath&eacute;rapiques. Sa fabrication artisanale ainsi que son profil sensoriel unique [&#8230;]\n","protected":false},"featured_media":15213,"template":"","meta":[],"product_brand":[],"product_cat":[86],"product_tag":[],"class_list":{"0":"post-15212","1":"product","2":"type-product","3":"status-publish","4":"has-post-thumbnail","6":"product_cat-huile-cosmetique","8":"first","9":"instock","10":"shipping-taxable","11":"purchasable","12":"product-type-simple"},"yoast_head":"<!-- This site is optimized with the Yoast SEO plugin v27.5 - https:\/\/yoast.com\/product\/yoast-seo-wordpress\/ -->\n<title>Huile de rose de damas bio \u00e0 l&#039;achat | Un tr\u00e9sor pour votre peau<\/title>\n<meta name=\"description\" content=\"D\u00e9couvrez les bienfaits de l&#039;huile de rose de damas bio pour la peau et le bien-\u00eatre. Un soin naturel aux propri\u00e9t\u00e9s r\u00e9g\u00e9n\u00e9rantes et hydratantes.\" \/>\n<meta name=\"robots\" content=\"index, follow, max-snippet:-1, max-image-preview:large, max-video-preview:-1\" \/>\n<link rel=\"canonical\" href=\"https:\/\/www.pause-au-naturelle.com\/de\/product\/damaszener-rosenol\/\" \/>\n<meta property=\"og:locale\" content=\"de_DE\" \/>\n<meta property=\"og:type\" content=\"article\" \/>\n<meta property=\"og:title\" content=\"Huile de rose de damas bio \u00e0 l&#039;achat | Un tr\u00e9sor pour votre peau\" \/>\n<meta property=\"og:description\" content=\"D\u00e9couvrez les bienfaits de l&#039;huile de rose de damas bio pour la peau et le bien-\u00eatre. Un soin naturel aux propri\u00e9t\u00e9s r\u00e9g\u00e9n\u00e9rantes et hydratantes.\" \/>\n<meta property=\"og:url\" content=\"https:\/\/www.pause-au-naturelle.com\/de\/product\/damaszener-rosenol\/\" \/>\n<meta property=\"og:site_name\" content=\"Pause au Naturelle\" \/>\n<meta property=\"article:modified_time\" content=\"2026-03-28T14:05:00+00:00\" \/>\n<meta property=\"og:image\" content=\"https:\/\/www.pause-au-naturelle.com\/wp-content\/uploads\/2025\/07\/huile-de-rose-de-damas-bio.jpg\" \/>\n\t<meta property=\"og:image:width\" content=\"600\" \/>\n\t<meta property=\"og:image:height\" content=\"600\" \/>\n\t<meta property=\"og:image:type\" content=\"image\/jpeg\" \/>\n<meta name=\"twitter:card\" content=\"summary_large_image\" \/>\n<meta name=\"twitter:label1\" content=\"Gesch\u00e4tzte Lesezeit\" \/>\n\t<meta name=\"twitter:data1\" content=\"9\u00a0Minuten\" \/>\n<script type=\"application\/ld+json\" class=\"yoast-schema-graph\">{\"@context\":\"https:\\\/\\\/schema.org\",\"@graph\":[{\"@type\":\"WebPage\",\"@id\":\"https:\\\/\\\/www.pause-au-naturelle.com\\\/produit\\\/huile-de-rose-de-damas\\\/\",\"url\":\"https:\\\/\\\/www.pause-au-naturelle.com\\\/produit\\\/huile-de-rose-de-damas\\\/\",\"name\":\"Huile de rose de damas bio \u00e0 l'achat | Un tr\u00e9sor pour votre peau\",\"isPartOf\":{\"@id\":\"https:\\\/\\\/www.pause-au-naturelle.com\\\/#website\"},\"primaryImageOfPage\":{\"@id\":\"https:\\\/\\\/www.pause-au-naturelle.com\\\/produit\\\/huile-de-rose-de-damas\\\/#primaryimage\"},\"image\":{\"@id\":\"https:\\\/\\\/www.pause-au-naturelle.com\\\/produit\\\/huile-de-rose-de-damas\\\/#primaryimage\"},\"thumbnailUrl\":\"https:\\\/\\\/www.pause-au-naturelle.com\\\/wp-content\\\/uploads\\\/2025\\\/07\\\/huile-de-rose-de-damas-bio.jpg\",\"datePublished\":\"2025-07-19T16:23:22+00:00\",\"dateModified\":\"2026-03-28T14:05:00+00:00\",\"description\":\"D\u00e9couvrez les bienfaits de l'huile de rose de damas bio pour la peau et le bien-\u00eatre. Un soin naturel aux propri\u00e9t\u00e9s r\u00e9g\u00e9n\u00e9rantes et hydratantes.\",\"breadcrumb\":{\"@id\":\"https:\\\/\\\/www.pause-au-naturelle.com\\\/produit\\\/huile-de-rose-de-damas\\\/#breadcrumb\"},\"inLanguage\":\"de\",\"potentialAction\":[{\"@type\":\"ReadAction\",\"target\":[\"https:\\\/\\\/www.pause-au-naturelle.com\\\/produit\\\/huile-de-rose-de-damas\\\/\"]}]},{\"@type\":\"ImageObject\",\"inLanguage\":\"de\",\"@id\":\"https:\\\/\\\/www.pause-au-naturelle.com\\\/produit\\\/huile-de-rose-de-damas\\\/#primaryimage\",\"url\":\"https:\\\/\\\/www.pause-au-naturelle.com\\\/wp-content\\\/uploads\\\/2025\\\/07\\\/huile-de-rose-de-damas-bio.jpg\",\"contentUrl\":\"https:\\\/\\\/www.pause-au-naturelle.com\\\/wp-content\\\/uploads\\\/2025\\\/07\\\/huile-de-rose-de-damas-bio.jpg\",\"width\":600,\"height\":600,\"caption\":\"Huile de rose de Damas BIO - 50ml\"},{\"@type\":\"BreadcrumbList\",\"@id\":\"https:\\\/\\\/www.pause-au-naturelle.com\\\/produit\\\/huile-de-rose-de-damas\\\/#breadcrumb\",\"itemListElement\":[{\"@type\":\"ListItem\",\"position\":1,\"name\":\"Boutique\",\"item\":\"https:\\\/\\\/www.pause-au-naturelle.com\\\/boutique\\\/\"},{\"@type\":\"ListItem\",\"position\":2,\"name\":\"Huile de rose de Damas BIO &#8211; 50ml\"}]},{\"@type\":\"WebSite\",\"@id\":\"https:\\\/\\\/www.pause-au-naturelle.com\\\/#website\",\"url\":\"https:\\\/\\\/www.pause-au-naturelle.com\\\/\",\"name\":\"Pause au Naturelle\",\"description\":\"\",\"publisher\":{\"@id\":\"https:\\\/\\\/www.pause-au-naturelle.com\\\/#organization\"},\"potentialAction\":[{\"@type\":\"SearchAction\",\"target\":{\"@type\":\"EntryPoint\",\"urlTemplate\":\"https:\\\/\\\/www.pause-au-naturelle.com\\\/?s={search_term_string}\"},\"query-input\":{\"@type\":\"PropertyValueSpecification\",\"valueRequired\":true,\"valueName\":\"search_term_string\"}}],\"inLanguage\":\"de\"},{\"@type\":\"Organization\",\"@id\":\"https:\\\/\\\/www.pause-au-naturelle.com\\\/#organization\",\"name\":\"Pause au naturelle\",\"url\":\"https:\\\/\\\/www.pause-au-naturelle.com\\\/\",\"logo\":{\"@type\":\"ImageObject\",\"inLanguage\":\"de\",\"@id\":\"https:\\\/\\\/www.pause-au-naturelle.com\\\/#\\\/schema\\\/logo\\\/image\\\/\",\"url\":\"https:\\\/\\\/www.pause-au-naturelle.com\\\/wp-content\\\/uploads\\\/2020\\\/06\\\/logo.png\",\"contentUrl\":\"https:\\\/\\\/www.pause-au-naturelle.com\\\/wp-content\\\/uploads\\\/2020\\\/06\\\/logo.png\",\"width\":250,\"height\":250,\"caption\":\"Pause au naturelle\"},\"image\":{\"@id\":\"https:\\\/\\\/www.pause-au-naturelle.com\\\/#\\\/schema\\\/logo\\\/image\\\/\"}}]}<\/script>\n<!-- \/ Yoast SEO plugin. -->","yoast_head_json":{"title":"Bio Damaszener Rosen\u00f6l kaufen | Ein Schatz f\u00fcr Ihre Haut","description":"Entdecken Sie die Vorteile von Bio-Damaszener-Rosen\u00f6l f\u00fcr die Haut und das Wohlbefinden. Eine nat\u00fcrliche Pflege mit regenerierenden und feuchtigkeitsspendenden Eigenschaften.","robots":{"index":"index","follow":"follow","max-snippet":"max-snippet:-1","max-image-preview":"max-image-preview:large","max-video-preview":"max-video-preview:-1"},"canonical":"https:\/\/www.pause-au-naturelle.com\/de\/product\/damaszener-rosenol\/","og_locale":"de_DE","og_type":"article","og_title":"Huile de rose de damas bio \u00e0 l'achat | Un tr\u00e9sor pour votre peau","og_description":"D\u00e9couvrez les bienfaits de l'huile de rose de damas bio pour la peau et le bien-\u00eatre. Un soin naturel aux propri\u00e9t\u00e9s r\u00e9g\u00e9n\u00e9rantes et hydratantes.","og_url":"https:\/\/www.pause-au-naturelle.com\/de\/product\/damaszener-rosenol\/","og_site_name":"Pause au Naturelle","article_modified_time":"2026-03-28T14:05:00+00:00","og_image":[{"width":600,"height":600,"url":"https:\/\/www.pause-au-naturelle.com\/wp-content\/uploads\/2025\/07\/huile-de-rose-de-damas-bio.jpg","type":"image\/jpeg"}],"twitter_card":"summary_large_image","twitter_misc":{"Gesch\u00e4tzte Lesezeit":"9\u00a0Minuten"},"schema":{"@context":"https:\/\/schema.org","@graph":[{"@type":"WebPage","@id":"https:\/\/www.pause-au-naturelle.com\/produit\/huile-de-rose-de-damas\/","url":"https:\/\/www.pause-au-naturelle.com\/produit\/huile-de-rose-de-damas\/","name":"Bio Damaszener Rosen\u00f6l kaufen | Ein Schatz f\u00fcr Ihre Haut","isPartOf":{"@id":"https:\/\/www.pause-au-naturelle.com\/#website"},"primaryImageOfPage":{"@id":"https:\/\/www.pause-au-naturelle.com\/produit\/huile-de-rose-de-damas\/#primaryimage"},"image":{"@id":"https:\/\/www.pause-au-naturelle.com\/produit\/huile-de-rose-de-damas\/#primaryimage"},"thumbnailUrl":"https:\/\/www.pause-au-naturelle.com\/wp-content\/uploads\/2025\/07\/huile-de-rose-de-damas-bio.jpg","datePublished":"2025-07-19T16:23:22+00:00","dateModified":"2026-03-28T14:05:00+00:00","description":"Entdecken Sie die Vorteile von Bio-Damaszener-Rosen\u00f6l f\u00fcr die Haut und das Wohlbefinden. Eine nat\u00fcrliche Pflege mit regenerierenden und feuchtigkeitsspendenden Eigenschaften.","breadcrumb":{"@id":"https:\/\/www.pause-au-naturelle.com\/produit\/huile-de-rose-de-damas\/#breadcrumb"},"inLanguage":"de","potentialAction":[{"@type":"ReadAction","target":["https:\/\/www.pause-au-naturelle.com\/produit\/huile-de-rose-de-damas\/"]}]},{"@type":"ImageObject","inLanguage":"de","@id":"https:\/\/www.pause-au-naturelle.com\/produit\/huile-de-rose-de-damas\/#primaryimage","url":"https:\/\/www.pause-au-naturelle.com\/wp-content\/uploads\/2025\/07\/huile-de-rose-de-damas-bio.jpg","contentUrl":"https:\/\/www.pause-au-naturelle.com\/wp-content\/uploads\/2025\/07\/huile-de-rose-de-damas-bio.jpg","width":600,"height":600,"caption":"Huile de rose de Damas BIO - 50ml"},{"@type":"BreadcrumbList","@id":"https:\/\/www.pause-au-naturelle.com\/produit\/huile-de-rose-de-damas\/#breadcrumb","itemListElement":[{"@type":"ListItem","position":1,"name":"Boutique","item":"https:\/\/www.pause-au-naturelle.com\/boutique\/"},{"@type":"ListItem","position":2,"name":"Huile de rose de Damas BIO &#8211; 50ml"}]},{"@type":"WebSite","@id":"https:\/\/www.pause-au-naturelle.com\/#website","url":"https:\/\/www.pause-au-naturelle.com\/","name":"Pause au Naturelle","description":"","publisher":{"@id":"https:\/\/www.pause-au-naturelle.com\/#organization"},"potentialAction":[{"@type":"SearchAction","target":{"@type":"EntryPoint","urlTemplate":"https:\/\/www.pause-au-naturelle.com\/?s={search_term_string}"},"query-input":{"@type":"PropertyValueSpecification","valueRequired":true,"valueName":"search_term_string"}}],"inLanguage":"de"},{"@type":"Organization","@id":"https:\/\/www.pause-au-naturelle.com\/#organization","name":"Nat\u00fcrliche Pause","url":"https:\/\/www.pause-au-naturelle.com\/","logo":{"@type":"ImageObject","inLanguage":"de","@id":"https:\/\/www.pause-au-naturelle.com\/#\/schema\/logo\/image\/","url":"https:\/\/www.pause-au-naturelle.com\/wp-content\/uploads\/2020\/06\/logo.png","contentUrl":"https:\/\/www.pause-au-naturelle.com\/wp-content\/uploads\/2020\/06\/logo.png","width":250,"height":250,"caption":"Pause au naturelle"},"image":{"@id":"https:\/\/www.pause-au-naturelle.com\/#\/schema\/logo\/image\/"}}]}},"_links":{"self":[{"href":"https:\/\/www.pause-au-naturelle.com\/de\/wp-json\/wp\/v2\/product\/15212","targetHints":{"allow":["GET"]}}],"collection":[{"href":"https:\/\/www.pause-au-naturelle.com\/de\/wp-json\/wp\/v2\/product"}],"about":[{"href":"https:\/\/www.pause-au-naturelle.com\/de\/wp-json\/wp\/v2\/types\/product"}],"wp:featuredmedia":[{"embeddable":true,"href":"https:\/\/www.pause-au-naturelle.com\/de\/wp-json\/wp\/v2\/media\/15213"}],"wp:attachment":[{"href":"https:\/\/www.pause-au-naturelle.com\/de\/wp-json\/wp\/v2\/media?parent=15212"}],"wp:term":[{"taxonomy":"product_brand","embeddable":true,"href":"https:\/\/www.pause-au-naturelle.com\/de\/wp-json\/wp\/v2\/product_brand?post=15212"},{"taxonomy":"product_cat","embeddable":true,"href":"https:\/\/www.pause-au-naturelle.com\/de\/wp-json\/wp\/v2\/product_cat?post=15212"},{"taxonomy":"product_tag","embeddable":true,"href":"https:\/\/www.pause-au-naturelle.com\/de\/wp-json\/wp\/v2\/product_tag?post=15212"}],"curies":[{"name":"wp","href":"https:\/\/api.w.org\/{rel}","templated":true}]}}