{"id":7180,"date":"2020-06-29T18:20:13","date_gmt":"2020-06-29T18:20:13","guid":{"rendered":"https:\/\/www.pause-au-naturelle.com\/?post_type=product&#038;p=7180"},"modified":"2025-10-24T12:09:52","modified_gmt":"2025-10-24T12:09:52","slug":"the-honig-mit-nigella","status":"publish","type":"product","link":"https:\/\/www.pause-au-naturelle.com\/de\/produit\/the-miel-a-la-nigelle\/","title":{"rendered":"Schwarztee mit Nigella und Honig 20 Teebeutel"},"content":{"rendered":"<p>Ce th\u00e9 miel \u00e0 la nigelle est vendue dans \u00a0une bo\u00eete compos\u00e9e de 20 sachets de 1,4 gramme chacun. Conditionn\u00e9 en France par la marque auvergnate SAOUDA, \u00a0 ce m\u00e9lange de th\u00e9 noir et de plante \u00e0 infusion aromatis\u00e9 se compose de la mani\u00e8re suivante :<\/p>\n<ul>\n<li>Schwarzer Tee<\/li>\n<li>Nigella-Samen (38%)<\/li>\n<li>Miel granul\u00e9.<\/li>\n<\/ul>\n<p>Il se conserve \u00e0 l&rsquo;abri de la lumi\u00e8re et de l&rsquo;humidit\u00e9 pour en pr\u00e9server le go\u00fbt.<\/p>\n<h2><strong>Un excellent \u00e9quilibre des saveurs<\/strong><\/h2>\n<p>Le th\u00e9 miel de Saouda conjugue le go\u00fbt prononc\u00e9 et \u00e9vocateur du th\u00e9 noir \u00e0 l&rsquo;amertume \u00e9pic\u00e9e de la graine de nigelle. Un combo reconnu pour son action bienfaitrice sur l&rsquo;organisme. Pour apporter le juste \u00e9quilibre au coeur de cette recette originale, une touche de miel granul\u00e9 vient harmonieusement diffuser son sucre naturel au coeur de l&rsquo;infusion.<\/p>\n<p>Vendu dans un packaging orang\u00e9e illustr\u00e9 par des ic\u00f4nes alv\u00e9ol\u00e9s, il nous rappelle toute la douceur du \u00ab\u00a0Naturel Honey\u00a0\u00bb. Au matin ou en milieu d&rsquo;apr\u00e8s midi, cette excellente infusion vous donnera un excellent aper\u00e7u de ce que signifie le \u00ab\u00a0TEA TIME\u00a0\u00bb \u00e0 l&rsquo;anglaise.<\/p>\n<p>Car si, aujourd&rsquo;hui, en France, ce th\u00e9 miel est tr\u00e8s \u00e0 la mode chez un public r\u00e9ceptif aux bienfaits de la nigelle. Il n&rsquo;en demeure pas moins que ce sont les Anglais qui ont diffus\u00e9 en Europe l&rsquo;amour pour le th\u00e9 noir. Bien qu&rsquo;il se pourrait que vous ayez un petit faible pour le<strong><a href=\"https:\/\/www.pause-au-naturelle.com\/de\/product\/the-blanc-nigelle\/\"> th\u00e9 blanc \u00e0 la nigelle<\/a><\/strong>.<\/p>\n<h2><strong>Le th\u00e9 miel \u00e0 la nigelle : id\u00e9al pour la toux et les maux de gorge<\/strong><\/h2>\n<p>En plus d&rsquo;un instant de plaisir au coeur d&rsquo;une tasse, ce th\u00e9 miel \u00e0 la nigelle a un r\u00f4le pr\u00e9ventif pour les petits maux d&rsquo;hiver. En effet, les trois ingr\u00e9dients pr\u00e9sents au coeur de cette infusion ont le m\u00e9rite de jouer un r\u00f4le sur la sant\u00e9 respiratoire.<\/p>\n<p>Profitez de leur principe actif \u00e0 tour de r\u00f4le pour passer la saison hivernale au calme. Les amateurs de th\u00e9 pourront le consommer quotidiennement \u00e0 leur moment favori selon le mode de pr\u00e9paration ordinaire.<\/p>\n<p>Gr\u00e2ce \u00e0 sa richesse en tanins, ce th\u00e9 noir a un effet relaxant sur la digestion. Pris mod\u00e9r\u00e9ment, les antioxydants exercent une action b\u00e9n\u00e9fique sur l&rsquo;activit\u00e9 cardiovasculaire et contre le stress.<\/p>\n<p>Pour ce faire, utilisez une eau l\u00e9g\u00e8rement en dessous des 80 degr\u00e9s pour optimiser la consommation de graine de nigelle. Laissez infuser tranquillement pendant deux minutes. Puis buvez \u00e0 votre guise.<\/p>","protected":false},"excerpt":{"rendered":"<p>Ce th\u00e9 miel \u00e0 la nigelle est vendue dans \u00a0une bo\u00eete compos\u00e9e de 20 sachets de 1,4 gramme chacun. Conditionn\u00e9 en France par la marque auvergnate SAOUDA, \u00a0 ce m\u00e9lange de th\u00e9 noir et de plante \u00e0 infusion aromatis\u00e9 se compose de la mani\u00e8re suivante : Th\u00e9 noir Graine de nigelle (38%) Miel granul\u00e9. Il [&#8230;]\n","protected":false},"featured_media":7614,"template":"","meta":[],"product_brand":[],"product_cat":[69],"product_tag":[],"class_list":{"0":"post-7180","1":"product","2":"type-product","3":"status-publish","4":"has-post-thumbnail","6":"product_cat-nigelle","8":"first","9":"outofstock","10":"shipping-taxable","11":"purchasable","12":"product-type-simple"},"yoast_head":"<!-- This site is optimized with the Yoast SEO plugin v27.5 - https:\/\/yoast.com\/product\/yoast-seo-wordpress\/ -->\n<title>Th\u00e9 miel \u00e0 la nigelle 20 sachet | Saouda | Pause-au-naturelle.com<\/title>\n<meta name=\"description\" content=\"Ce th\u00e9 miel \u00e0 la graine de nigelle et au est une infusion d\u00e9di\u00e9e \u00e0 la d\u00e9tente et au plaisir bon pour la toux et le mal de gorge.\" \/>\n<meta name=\"robots\" content=\"index, follow, max-snippet:-1, max-image-preview:large, max-video-preview:-1\" \/>\n<link rel=\"canonical\" href=\"https:\/\/www.pause-au-naturelle.com\/de\/product\/the-honig-mit-nigella\/\" \/>\n<meta property=\"og:locale\" content=\"de_DE\" \/>\n<meta property=\"og:type\" content=\"article\" \/>\n<meta property=\"og:title\" content=\"Th\u00e9 miel \u00e0 la nigelle 20 sachet | Saouda | Pause-au-naturelle.com\" \/>\n<meta property=\"og:description\" content=\"Ce th\u00e9 miel \u00e0 la graine de nigelle et au est une infusion d\u00e9di\u00e9e \u00e0 la d\u00e9tente et au plaisir bon pour la toux et le mal de gorge.\" \/>\n<meta property=\"og:url\" content=\"https:\/\/www.pause-au-naturelle.com\/de\/product\/the-honig-mit-nigella\/\" \/>\n<meta property=\"og:site_name\" content=\"Pause au Naturelle\" \/>\n<meta property=\"article:modified_time\" content=\"2025-10-24T12:09:52+00:00\" \/>\n<meta property=\"og:image\" content=\"https:\/\/www.pause-au-naturelle.com\/wp-content\/uploads\/2020\/06\/SAOUDA-the-miel.jpg\" \/>\n\t<meta property=\"og:image:width\" content=\"1000\" \/>\n\t<meta property=\"og:image:height\" content=\"1000\" \/>\n\t<meta property=\"og:image:type\" content=\"image\/jpeg\" \/>\n<meta name=\"twitter:card\" content=\"summary_large_image\" \/>\n<meta name=\"twitter:label1\" content=\"Gesch\u00e4tzte Lesezeit\" \/>\n\t<meta name=\"twitter:data1\" content=\"2\u00a0Minuten\" \/>\n<script type=\"application\/ld+json\" class=\"yoast-schema-graph\">{\"@context\":\"https:\\\/\\\/schema.org\",\"@graph\":[{\"@type\":\"WebPage\",\"@id\":\"https:\\\/\\\/www.pause-au-naturelle.com\\\/produit\\\/the-miel-a-la-nigelle\\\/\",\"url\":\"https:\\\/\\\/www.pause-au-naturelle.com\\\/produit\\\/the-miel-a-la-nigelle\\\/\",\"name\":\"Th\u00e9 miel \u00e0 la nigelle 20 sachet | Saouda | Pause-au-naturelle.com\",\"isPartOf\":{\"@id\":\"https:\\\/\\\/www.pause-au-naturelle.com\\\/#website\"},\"primaryImageOfPage\":{\"@id\":\"https:\\\/\\\/www.pause-au-naturelle.com\\\/produit\\\/the-miel-a-la-nigelle\\\/#primaryimage\"},\"image\":{\"@id\":\"https:\\\/\\\/www.pause-au-naturelle.com\\\/produit\\\/the-miel-a-la-nigelle\\\/#primaryimage\"},\"thumbnailUrl\":\"https:\\\/\\\/www.pause-au-naturelle.com\\\/wp-content\\\/uploads\\\/2020\\\/06\\\/SAOUDA-the-miel.jpg\",\"datePublished\":\"2020-06-29T18:20:13+00:00\",\"dateModified\":\"2025-10-24T12:09:52+00:00\",\"description\":\"Ce th\u00e9 miel \u00e0 la graine de nigelle et au est une infusion d\u00e9di\u00e9e \u00e0 la d\u00e9tente et au plaisir bon pour la toux et le mal de gorge.\",\"breadcrumb\":{\"@id\":\"https:\\\/\\\/www.pause-au-naturelle.com\\\/produit\\\/the-miel-a-la-nigelle\\\/#breadcrumb\"},\"inLanguage\":\"de\",\"potentialAction\":[{\"@type\":\"ReadAction\",\"target\":[\"https:\\\/\\\/www.pause-au-naturelle.com\\\/produit\\\/the-miel-a-la-nigelle\\\/\"]}]},{\"@type\":\"ImageObject\",\"inLanguage\":\"de\",\"@id\":\"https:\\\/\\\/www.pause-au-naturelle.com\\\/produit\\\/the-miel-a-la-nigelle\\\/#primaryimage\",\"url\":\"https:\\\/\\\/www.pause-au-naturelle.com\\\/wp-content\\\/uploads\\\/2020\\\/06\\\/SAOUDA-the-miel.jpg\",\"contentUrl\":\"https:\\\/\\\/www.pause-au-naturelle.com\\\/wp-content\\\/uploads\\\/2020\\\/06\\\/SAOUDA-the-miel.jpg\",\"width\":1000,\"height\":1000},{\"@type\":\"BreadcrumbList\",\"@id\":\"https:\\\/\\\/www.pause-au-naturelle.com\\\/produit\\\/the-miel-a-la-nigelle\\\/#breadcrumb\",\"itemListElement\":[{\"@type\":\"ListItem\",\"position\":1,\"name\":\"Boutique\",\"item\":\"https:\\\/\\\/www.pause-au-naturelle.com\\\/boutique\\\/\"},{\"@type\":\"ListItem\",\"position\":2,\"name\":\"Th\u00e9 noir \u00e0 la nigelle et miel 20 sachets\"}]},{\"@type\":\"WebSite\",\"@id\":\"https:\\\/\\\/www.pause-au-naturelle.com\\\/#website\",\"url\":\"https:\\\/\\\/www.pause-au-naturelle.com\\\/\",\"name\":\"Pause au Naturelle\",\"description\":\"\",\"publisher\":{\"@id\":\"https:\\\/\\\/www.pause-au-naturelle.com\\\/#organization\"},\"potentialAction\":[{\"@type\":\"SearchAction\",\"target\":{\"@type\":\"EntryPoint\",\"urlTemplate\":\"https:\\\/\\\/www.pause-au-naturelle.com\\\/?s={search_term_string}\"},\"query-input\":{\"@type\":\"PropertyValueSpecification\",\"valueRequired\":true,\"valueName\":\"search_term_string\"}}],\"inLanguage\":\"de\"},{\"@type\":\"Organization\",\"@id\":\"https:\\\/\\\/www.pause-au-naturelle.com\\\/#organization\",\"name\":\"Pause au naturelle\",\"url\":\"https:\\\/\\\/www.pause-au-naturelle.com\\\/\",\"logo\":{\"@type\":\"ImageObject\",\"inLanguage\":\"de\",\"@id\":\"https:\\\/\\\/www.pause-au-naturelle.com\\\/#\\\/schema\\\/logo\\\/image\\\/\",\"url\":\"https:\\\/\\\/www.pause-au-naturelle.com\\\/wp-content\\\/uploads\\\/2020\\\/06\\\/logo.png\",\"contentUrl\":\"https:\\\/\\\/www.pause-au-naturelle.com\\\/wp-content\\\/uploads\\\/2020\\\/06\\\/logo.png\",\"width\":250,\"height\":250,\"caption\":\"Pause au naturelle\"},\"image\":{\"@id\":\"https:\\\/\\\/www.pause-au-naturelle.com\\\/#\\\/schema\\\/logo\\\/image\\\/\"}}]}<\/script>\n<!-- \/ Yoast SEO plugin. -->","yoast_head_json":{"title":"Honig-Tee mit Nigella 20 Beutel | Saouda | Pause-au-naturelle.com","description":"Dieser Honig-Tee mit Schwarzk\u00fcmmel und Au ist ein Tee, der der Entspannung und dem Genuss gewidmet ist und gut gegen Husten und Halsschmerzen ist.","robots":{"index":"index","follow":"follow","max-snippet":"max-snippet:-1","max-image-preview":"max-image-preview:large","max-video-preview":"max-video-preview:-1"},"canonical":"https:\/\/www.pause-au-naturelle.com\/de\/product\/the-honig-mit-nigella\/","og_locale":"de_DE","og_type":"article","og_title":"Th\u00e9 miel \u00e0 la nigelle 20 sachet | Saouda | Pause-au-naturelle.com","og_description":"Ce th\u00e9 miel \u00e0 la graine de nigelle et au est une infusion d\u00e9di\u00e9e \u00e0 la d\u00e9tente et au plaisir bon pour la toux et le mal de gorge.","og_url":"https:\/\/www.pause-au-naturelle.com\/de\/product\/the-honig-mit-nigella\/","og_site_name":"Pause au Naturelle","article_modified_time":"2025-10-24T12:09:52+00:00","og_image":[{"width":1000,"height":1000,"url":"https:\/\/www.pause-au-naturelle.com\/wp-content\/uploads\/2020\/06\/SAOUDA-the-miel.jpg","type":"image\/jpeg"}],"twitter_card":"summary_large_image","twitter_misc":{"Gesch\u00e4tzte Lesezeit":"2\u00a0Minuten"},"schema":{"@context":"https:\/\/schema.org","@graph":[{"@type":"WebPage","@id":"https:\/\/www.pause-au-naturelle.com\/produit\/the-miel-a-la-nigelle\/","url":"https:\/\/www.pause-au-naturelle.com\/produit\/the-miel-a-la-nigelle\/","name":"Honig-Tee mit Nigella 20 Beutel | Saouda | Pause-au-naturelle.com","isPartOf":{"@id":"https:\/\/www.pause-au-naturelle.com\/#website"},"primaryImageOfPage":{"@id":"https:\/\/www.pause-au-naturelle.com\/produit\/the-miel-a-la-nigelle\/#primaryimage"},"image":{"@id":"https:\/\/www.pause-au-naturelle.com\/produit\/the-miel-a-la-nigelle\/#primaryimage"},"thumbnailUrl":"https:\/\/www.pause-au-naturelle.com\/wp-content\/uploads\/2020\/06\/SAOUDA-the-miel.jpg","datePublished":"2020-06-29T18:20:13+00:00","dateModified":"2025-10-24T12:09:52+00:00","description":"Dieser Honig-Tee mit Schwarzk\u00fcmmel und Au ist ein Tee, der der Entspannung und dem Genuss gewidmet ist und gut gegen Husten und Halsschmerzen ist.","breadcrumb":{"@id":"https:\/\/www.pause-au-naturelle.com\/produit\/the-miel-a-la-nigelle\/#breadcrumb"},"inLanguage":"de","potentialAction":[{"@type":"ReadAction","target":["https:\/\/www.pause-au-naturelle.com\/produit\/the-miel-a-la-nigelle\/"]}]},{"@type":"ImageObject","inLanguage":"de","@id":"https:\/\/www.pause-au-naturelle.com\/produit\/the-miel-a-la-nigelle\/#primaryimage","url":"https:\/\/www.pause-au-naturelle.com\/wp-content\/uploads\/2020\/06\/SAOUDA-the-miel.jpg","contentUrl":"https:\/\/www.pause-au-naturelle.com\/wp-content\/uploads\/2020\/06\/SAOUDA-the-miel.jpg","width":1000,"height":1000},{"@type":"BreadcrumbList","@id":"https:\/\/www.pause-au-naturelle.com\/produit\/the-miel-a-la-nigelle\/#breadcrumb","itemListElement":[{"@type":"ListItem","position":1,"name":"Boutique","item":"https:\/\/www.pause-au-naturelle.com\/boutique\/"},{"@type":"ListItem","position":2,"name":"Th\u00e9 noir \u00e0 la nigelle et miel 20 sachets"}]},{"@type":"WebSite","@id":"https:\/\/www.pause-au-naturelle.com\/#website","url":"https:\/\/www.pause-au-naturelle.com\/","name":"Pause au Naturelle","description":"","publisher":{"@id":"https:\/\/www.pause-au-naturelle.com\/#organization"},"potentialAction":[{"@type":"SearchAction","target":{"@type":"EntryPoint","urlTemplate":"https:\/\/www.pause-au-naturelle.com\/?s={search_term_string}"},"query-input":{"@type":"PropertyValueSpecification","valueRequired":true,"valueName":"search_term_string"}}],"inLanguage":"de"},{"@type":"Organization","@id":"https:\/\/www.pause-au-naturelle.com\/#organization","name":"Nat\u00fcrliche Pause","url":"https:\/\/www.pause-au-naturelle.com\/","logo":{"@type":"ImageObject","inLanguage":"de","@id":"https:\/\/www.pause-au-naturelle.com\/#\/schema\/logo\/image\/","url":"https:\/\/www.pause-au-naturelle.com\/wp-content\/uploads\/2020\/06\/logo.png","contentUrl":"https:\/\/www.pause-au-naturelle.com\/wp-content\/uploads\/2020\/06\/logo.png","width":250,"height":250,"caption":"Pause au naturelle"},"image":{"@id":"https:\/\/www.pause-au-naturelle.com\/#\/schema\/logo\/image\/"}}]}},"_links":{"self":[{"href":"https:\/\/www.pause-au-naturelle.com\/de\/wp-json\/wp\/v2\/product\/7180","targetHints":{"allow":["GET"]}}],"collection":[{"href":"https:\/\/www.pause-au-naturelle.com\/de\/wp-json\/wp\/v2\/product"}],"about":[{"href":"https:\/\/www.pause-au-naturelle.com\/de\/wp-json\/wp\/v2\/types\/product"}],"wp:featuredmedia":[{"embeddable":true,"href":"https:\/\/www.pause-au-naturelle.com\/de\/wp-json\/wp\/v2\/media\/7614"}],"wp:attachment":[{"href":"https:\/\/www.pause-au-naturelle.com\/de\/wp-json\/wp\/v2\/media?parent=7180"}],"wp:term":[{"taxonomy":"product_brand","embeddable":true,"href":"https:\/\/www.pause-au-naturelle.com\/de\/wp-json\/wp\/v2\/product_brand?post=7180"},{"taxonomy":"product_cat","embeddable":true,"href":"https:\/\/www.pause-au-naturelle.com\/de\/wp-json\/wp\/v2\/product_cat?post=7180"},{"taxonomy":"product_tag","embeddable":true,"href":"https:\/\/www.pause-au-naturelle.com\/de\/wp-json\/wp\/v2\/product_tag?post=7180"}],"curies":[{"name":"wp","href":"https:\/\/api.w.org\/{rel}","templated":true}]}}