{"id":9345,"date":"2024-06-01T16:47:09","date_gmt":"2024-06-01T16:47:09","guid":{"rendered":"https:\/\/www.pause-au-naturelle.com\/?post_type=product&#038;p=9345"},"modified":"2026-02-16T16:48:10","modified_gmt":"2026-02-16T16:48:10","slug":"aker-fassi-mohnblumenpulver-10g","status":"publish","type":"product","link":"https:\/\/www.pause-au-naturelle.com\/de\/produit\/aker-fassi-poudre-de-coquelicot-10g\/","title":{"rendered":"Aker fassi (Marokkanisches Mohnblumenpulver)"},"content":{"rendered":"<p>Der Aker Fassi! Hier ist ein v\u00f6llig nat\u00fcrliches Produkt f\u00fcr <strong>sich die Lippen schminken<\/strong> <strong>und Wangen ohne chemische Elemente<\/strong>. Und doch kommt dieses Produkt von weit her. Dieses<strong> nat\u00fcrliches Sch\u00f6nheitsprodukt der Berber<\/strong> die mit dem Aufkommen der gro\u00dfen Marken von allen br\u00fcskiert wurde, erlebt nun ein Comeback.<\/p>\n<p>Stellen wir die Dinge richtig:<\/p>\n<ul>\n<li>Sch\u00e4den durch chemische Stoffe auf Ihrem Gesicht<\/li>\n<li>Missbrauch von Sch\u00f6nheitsoperationen.<\/li>\n<\/ul>\n<p>Hier sind zwei gro\u00dfe \u00dcbel, die unsere <strong>marokkanischer Lippenstift<\/strong> in den Vordergrund ger\u00fcckt. Und ja, Aker Fassi ist nicht mehr das Make-up der armen Frauen. Mit viel Marketinglogik und der R\u00fcckkehr zur Nat\u00fcrlichkeit ist es das Produkt, das Ihre Lippen und Ihr Gesicht pflegt. Schade, dass die gro\u00dfen Kosmetikmarken dieses <strong>ethnisches Produkt<\/strong> und machen ihn zu ihrem Liebling. Bei uns finden Sie ihn in seiner nat\u00fcrlichen Form wieder.<\/p>\n<h2><strong>Was ist Aker Fassi Puder: der Lippenstift der Berber?<\/strong><\/h2>\n<p>Aker Fassi ist das Zusammentreffen zweier nat\u00fcrlicher Produkte f\u00fcr das Wohlbefinden Ihres Gesichts:<\/p>\n<ul>\n<li>Mohnblumenpulver<\/li>\n<li>Granatapfelschale.<\/li>\n<\/ul>\n<p>Aus den nat\u00fcrlichen Pigmenten einer Blume und einer Frucht haben marokkanische Berberfrauen eine der sch\u00f6nsten Make-up-Grundlagen \u00fcberhaupt entwickelt.<\/p>\n<p>Zu den Vorteilen, die Sie aus diesem marokkanischen Lippenstift ziehen k\u00f6nnen, geh\u00f6ren :<\/p>\n<ul>\n<li>Die Abwesenheit von chemischen Stoffen<\/li>\n<li>Eine <strong>nat\u00fcrliche Rotf\u00e4rbung<\/strong> klar sehr angenehm<\/li>\n<li>Ein nat\u00fcrliches Make-up sehr <strong><a href=\"https:\/\/www.pause-au-naturelle.com\/de\/product\/wiederverwendbarer-make-up-entfernerschwamm\/\">leicht mit einem Abschminkwattepad zu entfernen<\/a><\/strong>.<\/li>\n<li>Ein hyppoallergenes Produkt, das Ihre Haut wirklich respektiert und die Poren nicht verstopft.<\/li>\n<\/ul>\n<h2><strong>Wie kann ich diesen marokkanischen Lippenstift leicht verwenden?<\/strong><\/h2>\n<p>Aker Fassi wird entweder als Pulver oder im Kern eines Tonsteins verkauft, in dem die Pigmente sichtbar sind. In unserem Fall gen\u00fcgt es, den Finger, von dem Sie das Pulver nehmen, leicht zu befeuchten. Das Pulver verdickt sich, wenn es mit Wasser in Ber\u00fchrung kommt. Sie m\u00fcssen das Pigment nur noch auf die Lippen und Wangen auftragen.<\/p>\n<p>Sie k\u00f6nnen auch einen Make-up-Pinsel verwenden und eine winzige Menge f\u00fcr die Wangen entnehmen.<\/p>\n<h2><strong>Die Vorteile dieses nat\u00fcrlichen Make-ups f\u00fcr die Haut<\/strong><\/h2>\n<p>Aker Fassi k\u00f6nnte Ihnen mehr Gutes tun, als Sie sich erhofft haben:<\/p>\n<ul>\n<li>Erstens trocknet er nicht aus und <strong>bewahrt den Feuchtigkeitsgehalt der Haut<\/strong><\/li>\n<li>Reich an Flavonoiden und Antioxidantien, ihre Verwendung hat einen leichten Anti-Aging-Effekt auf die Haut<\/li>\n<li>Er gibt einen leichten <strong>rosiger Teint<\/strong> an die Haut, die es erm\u00f6glicht, Hautunreinheiten auf nat\u00fcrliche Weise zu kaschieren.<\/li>\n<\/ul>\n<p>Hier sind also die Vorteile, die Sie neben seiner <strong>Schminkfunktion<\/strong>.<\/p>\n<p>Falls du spr\u00f6de Lippen hast, benutze einen Lippenbalsam und warte, bis deine Lippen vollst\u00e4ndig repariert sind, bevor du sie benutzt.<\/p>","protected":false},"excerpt":{"rendered":"<p>L&rsquo;Aker Fassi ! Voici un produit enti\u00e8rement naturel pour se maquiller les l\u00e8vres et les joues sans \u00e9l\u00e9ments chimiques. Et pourtant, ce produit revient de loin. Ce produit de beaut\u00e9 naturel berb\u00e8re que tout le monde snobbait avec l&rsquo;\u00e9mergence des grandes marques fait son retour en force. Remettons les choses \u00e0 leur place : D\u00e9g\u00e2ts [&#8230;]\n","protected":false},"featured_media":10545,"template":"","meta":[],"product_brand":[],"product_cat":[100],"product_tag":[],"class_list":{"0":"post-9345","1":"product","2":"type-product","3":"status-publish","4":"has-post-thumbnail","6":"product_cat-bien-etre-beaute","8":"first","9":"instock","10":"shipping-taxable","11":"purchasable","12":"product-type-variable","13":"has-default-attributes"},"yoast_head":"<!-- This site is optimized with the Yoast SEO plugin v27.5 - https:\/\/yoast.com\/product\/yoast-seo-wordpress\/ -->\n<title>Aker Fassi | Rouge \u00e0 l\u00e8vre marocain naturel | Livraison rapide<\/title>\n<meta name=\"description\" content=\"Aker Fassi dispo. C\u00e9l\u00e8bre rouge \u00e0 l\u00e8vre marocain naturel \u00e0 base de poudre de coquelicot et d&#039;\u00e9corce de grenade au meilleur prix.\" \/>\n<meta name=\"robots\" content=\"index, follow, max-snippet:-1, max-image-preview:large, max-video-preview:-1\" \/>\n<link rel=\"canonical\" href=\"https:\/\/www.pause-au-naturelle.com\/de\/product\/aker-fassi-mohnblumenpulver-10g\/\" \/>\n<meta property=\"og:locale\" content=\"de_DE\" \/>\n<meta property=\"og:type\" content=\"article\" \/>\n<meta property=\"og:title\" content=\"Aker Fassi | Rouge \u00e0 l\u00e8vre marocain naturel | Livraison rapide\" \/>\n<meta property=\"og:description\" content=\"Aker Fassi dispo. C\u00e9l\u00e8bre rouge \u00e0 l\u00e8vre marocain naturel \u00e0 base de poudre de coquelicot et d&#039;\u00e9corce de grenade au meilleur prix.\" \/>\n<meta property=\"og:url\" content=\"https:\/\/www.pause-au-naturelle.com\/de\/product\/aker-fassi-mohnblumenpulver-10g\/\" \/>\n<meta property=\"og:site_name\" content=\"Pause au Naturelle\" \/>\n<meta property=\"article:modified_time\" content=\"2026-02-16T16:48:10+00:00\" \/>\n<meta property=\"og:image\" content=\"https:\/\/www.pause-au-naturelle.com\/wp-content\/uploads\/2021\/07\/poudre-aker-fassi-marocaine.jpg\" \/>\n\t<meta property=\"og:image:width\" content=\"600\" \/>\n\t<meta property=\"og:image:height\" content=\"600\" \/>\n\t<meta property=\"og:image:type\" content=\"image\/jpeg\" \/>\n<meta name=\"twitter:card\" content=\"summary_large_image\" \/>\n<meta name=\"twitter:label1\" content=\"Gesch\u00e4tzte Lesezeit\" \/>\n\t<meta name=\"twitter:data1\" content=\"2\u00a0Minuten\" \/>\n<script type=\"application\/ld+json\" class=\"yoast-schema-graph\">{\"@context\":\"https:\\\/\\\/schema.org\",\"@graph\":[{\"@type\":\"WebPage\",\"@id\":\"https:\\\/\\\/www.pause-au-naturelle.com\\\/produit\\\/aker-fassi-poudre-de-coquelicot-10g\\\/\",\"url\":\"https:\\\/\\\/www.pause-au-naturelle.com\\\/produit\\\/aker-fassi-poudre-de-coquelicot-10g\\\/\",\"name\":\"Aker Fassi | Rouge \u00e0 l\u00e8vre marocain naturel | Livraison rapide\",\"isPartOf\":{\"@id\":\"https:\\\/\\\/www.pause-au-naturelle.com\\\/#website\"},\"primaryImageOfPage\":{\"@id\":\"https:\\\/\\\/www.pause-au-naturelle.com\\\/produit\\\/aker-fassi-poudre-de-coquelicot-10g\\\/#primaryimage\"},\"image\":{\"@id\":\"https:\\\/\\\/www.pause-au-naturelle.com\\\/produit\\\/aker-fassi-poudre-de-coquelicot-10g\\\/#primaryimage\"},\"thumbnailUrl\":\"https:\\\/\\\/www.pause-au-naturelle.com\\\/wp-content\\\/uploads\\\/2021\\\/07\\\/poudre-aker-fassi-marocaine.jpg\",\"datePublished\":\"2024-06-01T16:47:09+00:00\",\"dateModified\":\"2026-02-16T16:48:10+00:00\",\"description\":\"Aker Fassi dispo. C\u00e9l\u00e8bre rouge \u00e0 l\u00e8vre marocain naturel \u00e0 base de poudre de coquelicot et d'\u00e9corce de grenade au meilleur prix.\",\"breadcrumb\":{\"@id\":\"https:\\\/\\\/www.pause-au-naturelle.com\\\/produit\\\/aker-fassi-poudre-de-coquelicot-10g\\\/#breadcrumb\"},\"inLanguage\":\"de\",\"potentialAction\":[{\"@type\":\"ReadAction\",\"target\":[\"https:\\\/\\\/www.pause-au-naturelle.com\\\/produit\\\/aker-fassi-poudre-de-coquelicot-10g\\\/\"]}]},{\"@type\":\"ImageObject\",\"inLanguage\":\"de\",\"@id\":\"https:\\\/\\\/www.pause-au-naturelle.com\\\/produit\\\/aker-fassi-poudre-de-coquelicot-10g\\\/#primaryimage\",\"url\":\"https:\\\/\\\/www.pause-au-naturelle.com\\\/wp-content\\\/uploads\\\/2021\\\/07\\\/poudre-aker-fassi-marocaine.jpg\",\"contentUrl\":\"https:\\\/\\\/www.pause-au-naturelle.com\\\/wp-content\\\/uploads\\\/2021\\\/07\\\/poudre-aker-fassi-marocaine.jpg\",\"width\":600,\"height\":600,\"caption\":\"Aker fassi (Poudre de coquelicot marocaine)\"},{\"@type\":\"BreadcrumbList\",\"@id\":\"https:\\\/\\\/www.pause-au-naturelle.com\\\/produit\\\/aker-fassi-poudre-de-coquelicot-10g\\\/#breadcrumb\",\"itemListElement\":[{\"@type\":\"ListItem\",\"position\":1,\"name\":\"Boutique\",\"item\":\"https:\\\/\\\/www.pause-au-naturelle.com\\\/boutique\\\/\"},{\"@type\":\"ListItem\",\"position\":2,\"name\":\"Aker fassi (Poudre de coquelicot marocaine)\"}]},{\"@type\":\"WebSite\",\"@id\":\"https:\\\/\\\/www.pause-au-naturelle.com\\\/#website\",\"url\":\"https:\\\/\\\/www.pause-au-naturelle.com\\\/\",\"name\":\"Pause au Naturelle\",\"description\":\"\",\"publisher\":{\"@id\":\"https:\\\/\\\/www.pause-au-naturelle.com\\\/#organization\"},\"potentialAction\":[{\"@type\":\"SearchAction\",\"target\":{\"@type\":\"EntryPoint\",\"urlTemplate\":\"https:\\\/\\\/www.pause-au-naturelle.com\\\/?s={search_term_string}\"},\"query-input\":{\"@type\":\"PropertyValueSpecification\",\"valueRequired\":true,\"valueName\":\"search_term_string\"}}],\"inLanguage\":\"de\"},{\"@type\":\"Organization\",\"@id\":\"https:\\\/\\\/www.pause-au-naturelle.com\\\/#organization\",\"name\":\"Pause au naturelle\",\"url\":\"https:\\\/\\\/www.pause-au-naturelle.com\\\/\",\"logo\":{\"@type\":\"ImageObject\",\"inLanguage\":\"de\",\"@id\":\"https:\\\/\\\/www.pause-au-naturelle.com\\\/#\\\/schema\\\/logo\\\/image\\\/\",\"url\":\"https:\\\/\\\/www.pause-au-naturelle.com\\\/wp-content\\\/uploads\\\/2020\\\/06\\\/logo.png\",\"contentUrl\":\"https:\\\/\\\/www.pause-au-naturelle.com\\\/wp-content\\\/uploads\\\/2020\\\/06\\\/logo.png\",\"width\":250,\"height\":250,\"caption\":\"Pause au naturelle\"},\"image\":{\"@id\":\"https:\\\/\\\/www.pause-au-naturelle.com\\\/#\\\/schema\\\/logo\\\/image\\\/\"}}]}<\/script>\n<!-- \/ Yoast SEO plugin. -->","yoast_head_json":{"title":"Aker Fassi | Nat\u00fcrlicher marokkanischer Lippenstift | Schnelle Lieferung","description":"Aker Fassi dispo. Ber\u00fchmter nat\u00fcrlicher marokkanischer Lippenstift aus Mohnblumenpulver und Granatapfelschalen zum besten Preis.","robots":{"index":"index","follow":"follow","max-snippet":"max-snippet:-1","max-image-preview":"max-image-preview:large","max-video-preview":"max-video-preview:-1"},"canonical":"https:\/\/www.pause-au-naturelle.com\/de\/product\/aker-fassi-mohnblumenpulver-10g\/","og_locale":"de_DE","og_type":"article","og_title":"Aker Fassi | Rouge \u00e0 l\u00e8vre marocain naturel | Livraison rapide","og_description":"Aker Fassi dispo. C\u00e9l\u00e8bre rouge \u00e0 l\u00e8vre marocain naturel \u00e0 base de poudre de coquelicot et d'\u00e9corce de grenade au meilleur prix.","og_url":"https:\/\/www.pause-au-naturelle.com\/de\/product\/aker-fassi-mohnblumenpulver-10g\/","og_site_name":"Pause au Naturelle","article_modified_time":"2026-02-16T16:48:10+00:00","og_image":[{"width":600,"height":600,"url":"https:\/\/www.pause-au-naturelle.com\/wp-content\/uploads\/2021\/07\/poudre-aker-fassi-marocaine.jpg","type":"image\/jpeg"}],"twitter_card":"summary_large_image","twitter_misc":{"Gesch\u00e4tzte Lesezeit":"2\u00a0Minuten"},"schema":{"@context":"https:\/\/schema.org","@graph":[{"@type":"WebPage","@id":"https:\/\/www.pause-au-naturelle.com\/produit\/aker-fassi-poudre-de-coquelicot-10g\/","url":"https:\/\/www.pause-au-naturelle.com\/produit\/aker-fassi-poudre-de-coquelicot-10g\/","name":"Aker Fassi | Nat\u00fcrlicher marokkanischer Lippenstift | Schnelle Lieferung","isPartOf":{"@id":"https:\/\/www.pause-au-naturelle.com\/#website"},"primaryImageOfPage":{"@id":"https:\/\/www.pause-au-naturelle.com\/produit\/aker-fassi-poudre-de-coquelicot-10g\/#primaryimage"},"image":{"@id":"https:\/\/www.pause-au-naturelle.com\/produit\/aker-fassi-poudre-de-coquelicot-10g\/#primaryimage"},"thumbnailUrl":"https:\/\/www.pause-au-naturelle.com\/wp-content\/uploads\/2021\/07\/poudre-aker-fassi-marocaine.jpg","datePublished":"2024-06-01T16:47:09+00:00","dateModified":"2026-02-16T16:48:10+00:00","description":"Aker Fassi dispo. Ber\u00fchmter nat\u00fcrlicher marokkanischer Lippenstift aus Mohnblumenpulver und Granatapfelschalen zum besten Preis.","breadcrumb":{"@id":"https:\/\/www.pause-au-naturelle.com\/produit\/aker-fassi-poudre-de-coquelicot-10g\/#breadcrumb"},"inLanguage":"de","potentialAction":[{"@type":"ReadAction","target":["https:\/\/www.pause-au-naturelle.com\/produit\/aker-fassi-poudre-de-coquelicot-10g\/"]}]},{"@type":"ImageObject","inLanguage":"de","@id":"https:\/\/www.pause-au-naturelle.com\/produit\/aker-fassi-poudre-de-coquelicot-10g\/#primaryimage","url":"https:\/\/www.pause-au-naturelle.com\/wp-content\/uploads\/2021\/07\/poudre-aker-fassi-marocaine.jpg","contentUrl":"https:\/\/www.pause-au-naturelle.com\/wp-content\/uploads\/2021\/07\/poudre-aker-fassi-marocaine.jpg","width":600,"height":600,"caption":"Aker fassi (Poudre de coquelicot marocaine)"},{"@type":"BreadcrumbList","@id":"https:\/\/www.pause-au-naturelle.com\/produit\/aker-fassi-poudre-de-coquelicot-10g\/#breadcrumb","itemListElement":[{"@type":"ListItem","position":1,"name":"Boutique","item":"https:\/\/www.pause-au-naturelle.com\/boutique\/"},{"@type":"ListItem","position":2,"name":"Aker fassi (Poudre de coquelicot marocaine)"}]},{"@type":"WebSite","@id":"https:\/\/www.pause-au-naturelle.com\/#website","url":"https:\/\/www.pause-au-naturelle.com\/","name":"Pause au Naturelle","description":"","publisher":{"@id":"https:\/\/www.pause-au-naturelle.com\/#organization"},"potentialAction":[{"@type":"SearchAction","target":{"@type":"EntryPoint","urlTemplate":"https:\/\/www.pause-au-naturelle.com\/?s={search_term_string}"},"query-input":{"@type":"PropertyValueSpecification","valueRequired":true,"valueName":"search_term_string"}}],"inLanguage":"de"},{"@type":"Organization","@id":"https:\/\/www.pause-au-naturelle.com\/#organization","name":"Nat\u00fcrliche Pause","url":"https:\/\/www.pause-au-naturelle.com\/","logo":{"@type":"ImageObject","inLanguage":"de","@id":"https:\/\/www.pause-au-naturelle.com\/#\/schema\/logo\/image\/","url":"https:\/\/www.pause-au-naturelle.com\/wp-content\/uploads\/2020\/06\/logo.png","contentUrl":"https:\/\/www.pause-au-naturelle.com\/wp-content\/uploads\/2020\/06\/logo.png","width":250,"height":250,"caption":"Pause au naturelle"},"image":{"@id":"https:\/\/www.pause-au-naturelle.com\/#\/schema\/logo\/image\/"}}]}},"_links":{"self":[{"href":"https:\/\/www.pause-au-naturelle.com\/de\/wp-json\/wp\/v2\/product\/9345","targetHints":{"allow":["GET"]}}],"collection":[{"href":"https:\/\/www.pause-au-naturelle.com\/de\/wp-json\/wp\/v2\/product"}],"about":[{"href":"https:\/\/www.pause-au-naturelle.com\/de\/wp-json\/wp\/v2\/types\/product"}],"wp:featuredmedia":[{"embeddable":true,"href":"https:\/\/www.pause-au-naturelle.com\/de\/wp-json\/wp\/v2\/media\/10545"}],"wp:attachment":[{"href":"https:\/\/www.pause-au-naturelle.com\/de\/wp-json\/wp\/v2\/media?parent=9345"}],"wp:term":[{"taxonomy":"product_brand","embeddable":true,"href":"https:\/\/www.pause-au-naturelle.com\/de\/wp-json\/wp\/v2\/product_brand?post=9345"},{"taxonomy":"product_cat","embeddable":true,"href":"https:\/\/www.pause-au-naturelle.com\/de\/wp-json\/wp\/v2\/product_cat?post=9345"},{"taxonomy":"product_tag","embeddable":true,"href":"https:\/\/www.pause-au-naturelle.com\/de\/wp-json\/wp\/v2\/product_tag?post=9345"}],"curies":[{"name":"wp","href":"https:\/\/api.w.org\/{rel}","templated":true}]}}