{"id":1604,"date":"2018-10-17T04:10:47","date_gmt":"2018-10-17T04:10:47","guid":{"rendered":"http:\/\/source.wpopal.com\/auros\/?page_id=1604"},"modified":"2020-11-13T14:04:12","modified_gmt":"2020-11-13T14:04:12","slug":"entrega-y-devolucion","status":"publish","type":"page","link":"https:\/\/www.pause-au-naturelle.com\/es\/livraison-et-retour\/","title":{"rendered":"Entrega y devoluci\u00f3n"},"content":{"rendered":"<h1 class=\"wp-block-heading\">Entregas y devoluciones<\/h1>\n\n\n\n<p>En Pause Au Natur\u2019elle prestamos especial atenci\u00f3n a enviar sus pedidos lo m\u00e1s r\u00e1pido posible. Para ofrecerle diferentes soluciones de entrega (a domicilio, en puntos de recogida) y diferentes plazos de recepci\u00f3n de su pedido (24 h, 48 h, 72 h), trabajamos con diferentes transportistas.  Descubra nuestras diferentes ofertas y elija la que m\u00e1s se adapte a sus necesidades.<\/p>\n\n\n\n<h2 class=\"wp-block-heading\">Transportistas:<\/h2>\n\n\n\n<figure class=\"wp-block-image\"><img decoding=\"async\" src=\"https:\/\/mamanetbebenature.fr\/img\/cms\/mondial%20relay.png\" alt=\"\"\/><\/figure>\n\n\n\n<p>Le ofrecemos la entrega de sus paquetes en un punto de recogida Mondial Relay. Esta red cuenta con m\u00e1s de 4700 puntos de recogida en toda Francia, por lo que seguramente encontrar\u00e1 uno cerca de su domicilio. Opte por la libertad de elegir el lugar y el momento que m\u00e1s le convengan para recoger su pedido.&nbsp;<\/p>\n\n\n\n<p>Se le notificar\u00e1 por correo electr\u00f3nico, SMS y llamada telef\u00f3nica cuando su pedido est\u00e9 disponible en el punto de recogida. El plazo de entrega es de 5 a 6 d\u00edas laborables. El paquete permanecer\u00e1 en el punto de recogida durante unos diez d\u00edas.<\/p>\n\n\n\n<p>La entrega es\u00a0<strong>GRATIS<\/strong>\u00a0con este transportista desde\u00a0<strong>35 \u20ac en compras<\/strong>,\u00a0<strong>El plazo de recepci\u00f3n var\u00eda entre 5 y 6 d\u00edas laborables.<\/strong>.\u00a0<\/p>\n\n\n\n<figure class=\"wp-block-image\"><img decoding=\"async\" src=\"https:\/\/mamanetbebenature.fr\/img\/cms\/COLISSIMO%20LOGO.jpg\" alt=\"\"\/><\/figure>\n\n\n\n<p>Tambi\u00e9n ofrecemos entrega a domicilio, para lo cual nos hemos asociado con La Poste y hemos elegido la oferta Colissimo. Se ofrecen diferentes opciones: entrega sin firma, entrega con firma.<\/p>\n\n\n\n<p>Se le mantendr\u00e1 informado en tiempo real (por correo electr\u00f3nico y SMS) sobre el progreso del proceso de entrega.<\/p>\n\n\n\n<p><strong>El plazo de recepci\u00f3n es de 48 horas.<\/strong>.\u00a0<strong>Puede variar entre 48 y 72 horas laborables.<\/strong>.\u00a0<\/p>","protected":false},"excerpt":{"rendered":"<p>Livraisons et Retours Chez Pause Au Natur&rsquo;elle nous apportons une attention particuli\u00e8re \u00e0 exp\u00e9dier vos commandes le plus rapidement possible. Afin de vous proposer diff\u00e9rentes solutions de livraison (\u00e0 domicile, en relais) et diff\u00e9rentes vitesse de r\u00e9ception de votre commande (24H, 48H, 72H) , nous travaillons avec diff\u00e9rents transporteurs.&nbsp; D\u00e9couvrez nos diff\u00e9rentes offres et faites [&#8230;]\n","protected":false},"author":1,"featured_media":0,"parent":0,"menu_order":0,"comment_status":"closed","ping_status":"closed","template":"","meta":{"footnotes":""},"class_list":["post-1604","page","type-page","status-publish","hentry"],"yoast_head":"<!-- This site is optimized with the Yoast SEO plugin v27.3 - https:\/\/yoast.com\/product\/yoast-seo-wordpress\/ -->\n<title>Livraison et retour - Pause au Naturelle<\/title>\n<meta name=\"robots\" content=\"noindex, follow\" \/>\n<meta property=\"og:locale\" content=\"es_ES\" \/>\n<meta property=\"og:type\" content=\"article\" \/>\n<meta property=\"og:title\" content=\"Livraison et retour - Pause au Naturelle\" \/>\n<meta property=\"og:description\" content=\"Livraisons et Retours Chez Pause Au Natur&rsquo;elle nous apportons une attention particuli\u00e8re \u00e0 exp\u00e9dier vos commandes le plus rapidement possible. Afin de vous proposer diff\u00e9rentes solutions de livraison (\u00e0 domicile, en relais) et diff\u00e9rentes vitesse de r\u00e9ception de votre commande (24H, 48H, 72H) , nous travaillons avec diff\u00e9rents transporteurs.&nbsp; D\u00e9couvrez nos diff\u00e9rentes offres et faites [...]\" \/>\n<meta property=\"og:url\" content=\"https:\/\/www.pause-au-naturelle.com\/es\/entrega-y-devolucion\/\" \/>\n<meta property=\"og:site_name\" content=\"Pause au Naturelle\" \/>\n<meta property=\"article:modified_time\" content=\"2020-11-13T14:04:12+00:00\" \/>\n<meta property=\"og:image\" content=\"https:\/\/mamanetbebenature.fr\/img\/cms\/mondial%20relay.png\" \/>\n<meta name=\"twitter:card\" content=\"summary_large_image\" \/>\n<meta name=\"twitter:label1\" content=\"Tiempo de lectura\" \/>\n\t<meta name=\"twitter:data1\" content=\"1 minuto\" \/>\n<script type=\"application\/ld+json\" class=\"yoast-schema-graph\">{\"@context\":\"https:\\\/\\\/schema.org\",\"@graph\":[{\"@type\":\"WebPage\",\"@id\":\"https:\\\/\\\/www.pause-au-naturelle.com\\\/livraison-et-retour\\\/\",\"url\":\"https:\\\/\\\/www.pause-au-naturelle.com\\\/livraison-et-retour\\\/\",\"name\":\"Livraison et retour - Pause au Naturelle\",\"isPartOf\":{\"@id\":\"https:\\\/\\\/www.pause-au-naturelle.com\\\/#website\"},\"primaryImageOfPage\":{\"@id\":\"https:\\\/\\\/www.pause-au-naturelle.com\\\/livraison-et-retour\\\/#primaryimage\"},\"image\":{\"@id\":\"https:\\\/\\\/www.pause-au-naturelle.com\\\/livraison-et-retour\\\/#primaryimage\"},\"thumbnailUrl\":\"https:\\\/\\\/mamanetbebenature.fr\\\/img\\\/cms\\\/mondial%20relay.png\",\"datePublished\":\"2018-10-17T04:10:47+00:00\",\"dateModified\":\"2020-11-13T14:04:12+00:00\",\"inLanguage\":\"es\",\"potentialAction\":[{\"@type\":\"ReadAction\",\"target\":[\"https:\\\/\\\/www.pause-au-naturelle.com\\\/livraison-et-retour\\\/\"]}]},{\"@type\":\"ImageObject\",\"inLanguage\":\"es\",\"@id\":\"https:\\\/\\\/www.pause-au-naturelle.com\\\/livraison-et-retour\\\/#primaryimage\",\"url\":\"https:\\\/\\\/mamanetbebenature.fr\\\/img\\\/cms\\\/mondial%20relay.png\",\"contentUrl\":\"https:\\\/\\\/mamanetbebenature.fr\\\/img\\\/cms\\\/mondial%20relay.png\"},{\"@type\":\"WebSite\",\"@id\":\"https:\\\/\\\/www.pause-au-naturelle.com\\\/#website\",\"url\":\"https:\\\/\\\/www.pause-au-naturelle.com\\\/\",\"name\":\"Pause au Naturelle\",\"description\":\"\",\"publisher\":{\"@id\":\"https:\\\/\\\/www.pause-au-naturelle.com\\\/#organization\"},\"potentialAction\":[{\"@type\":\"SearchAction\",\"target\":{\"@type\":\"EntryPoint\",\"urlTemplate\":\"https:\\\/\\\/www.pause-au-naturelle.com\\\/?s={search_term_string}\"},\"query-input\":{\"@type\":\"PropertyValueSpecification\",\"valueRequired\":true,\"valueName\":\"search_term_string\"}}],\"inLanguage\":\"es\"},{\"@type\":\"Organization\",\"@id\":\"https:\\\/\\\/www.pause-au-naturelle.com\\\/#organization\",\"name\":\"Pause au naturelle\",\"url\":\"https:\\\/\\\/www.pause-au-naturelle.com\\\/\",\"logo\":{\"@type\":\"ImageObject\",\"inLanguage\":\"es\",\"@id\":\"https:\\\/\\\/www.pause-au-naturelle.com\\\/#\\\/schema\\\/logo\\\/image\\\/\",\"url\":\"https:\\\/\\\/www.pause-au-naturelle.com\\\/wp-content\\\/uploads\\\/2020\\\/06\\\/logo.png\",\"contentUrl\":\"https:\\\/\\\/www.pause-au-naturelle.com\\\/wp-content\\\/uploads\\\/2020\\\/06\\\/logo.png\",\"width\":250,\"height\":250,\"caption\":\"Pause au naturelle\"},\"image\":{\"@id\":\"https:\\\/\\\/www.pause-au-naturelle.com\\\/#\\\/schema\\\/logo\\\/image\\\/\"}}]}<\/script>\n<!-- \/ Yoast SEO plugin. -->","yoast_head_json":{"title":"Entrega y devoluci\u00f3n - Pause au Naturelle","robots":{"index":"noindex","follow":"follow"},"og_locale":"es_ES","og_type":"article","og_title":"Livraison et retour - Pause au Naturelle","og_description":"Livraisons et Retours Chez Pause Au Natur&rsquo;elle nous apportons une attention particuli\u00e8re \u00e0 exp\u00e9dier vos commandes le plus rapidement possible. Afin de vous proposer diff\u00e9rentes solutions de livraison (\u00e0 domicile, en relais) et diff\u00e9rentes vitesse de r\u00e9ception de votre commande (24H, 48H, 72H) , nous travaillons avec diff\u00e9rents transporteurs.&nbsp; D\u00e9couvrez nos diff\u00e9rentes offres et faites [...]","og_url":"https:\/\/www.pause-au-naturelle.com\/es\/entrega-y-devolucion\/","og_site_name":"Pause au Naturelle","article_modified_time":"2020-11-13T14:04:12+00:00","og_image":[{"url":"https:\/\/mamanetbebenature.fr\/img\/cms\/mondial%20relay.png","type":"","width":"","height":""}],"twitter_card":"summary_large_image","twitter_misc":{"Tiempo de lectura":"1 minuto"},"schema":{"@context":"https:\/\/schema.org","@graph":[{"@type":"WebPage","@id":"https:\/\/www.pause-au-naturelle.com\/livraison-et-retour\/","url":"https:\/\/www.pause-au-naturelle.com\/livraison-et-retour\/","name":"Entrega y devoluci\u00f3n - Pause au Naturelle","isPartOf":{"@id":"https:\/\/www.pause-au-naturelle.com\/#website"},"primaryImageOfPage":{"@id":"https:\/\/www.pause-au-naturelle.com\/livraison-et-retour\/#primaryimage"},"image":{"@id":"https:\/\/www.pause-au-naturelle.com\/livraison-et-retour\/#primaryimage"},"thumbnailUrl":"https:\/\/mamanetbebenature.fr\/img\/cms\/mondial%20relay.png","datePublished":"2018-10-17T04:10:47+00:00","dateModified":"2020-11-13T14:04:12+00:00","inLanguage":"es","potentialAction":[{"@type":"ReadAction","target":["https:\/\/www.pause-au-naturelle.com\/livraison-et-retour\/"]}]},{"@type":"ImageObject","inLanguage":"es","@id":"https:\/\/www.pause-au-naturelle.com\/livraison-et-retour\/#primaryimage","url":"https:\/\/mamanetbebenature.fr\/img\/cms\/mondial%20relay.png","contentUrl":"https:\/\/mamanetbebenature.fr\/img\/cms\/mondial%20relay.png"},{"@type":"WebSite","@id":"https:\/\/www.pause-au-naturelle.com\/#website","url":"https:\/\/www.pause-au-naturelle.com\/","name":"Pausa en la naturaleza","description":"","publisher":{"@id":"https:\/\/www.pause-au-naturelle.com\/#organization"},"potentialAction":[{"@type":"SearchAction","target":{"@type":"EntryPoint","urlTemplate":"https:\/\/www.pause-au-naturelle.com\/?s={search_term_string}"},"query-input":{"@type":"PropertyValueSpecification","valueRequired":true,"valueName":"search_term_string"}}],"inLanguage":"es"},{"@type":"Organization","@id":"https:\/\/www.pause-au-naturelle.com\/#organization","name":"Pausa al aire libre","url":"https:\/\/www.pause-au-naturelle.com\/","logo":{"@type":"ImageObject","inLanguage":"es","@id":"https:\/\/www.pause-au-naturelle.com\/#\/schema\/logo\/image\/","url":"https:\/\/www.pause-au-naturelle.com\/wp-content\/uploads\/2020\/06\/logo.png","contentUrl":"https:\/\/www.pause-au-naturelle.com\/wp-content\/uploads\/2020\/06\/logo.png","width":250,"height":250,"caption":"Pause au naturelle"},"image":{"@id":"https:\/\/www.pause-au-naturelle.com\/#\/schema\/logo\/image\/"}}]}},"_links":{"self":[{"href":"https:\/\/www.pause-au-naturelle.com\/es\/wp-json\/wp\/v2\/pages\/1604","targetHints":{"allow":["GET"]}}],"collection":[{"href":"https:\/\/www.pause-au-naturelle.com\/es\/wp-json\/wp\/v2\/pages"}],"about":[{"href":"https:\/\/www.pause-au-naturelle.com\/es\/wp-json\/wp\/v2\/types\/page"}],"author":[{"embeddable":true,"href":"https:\/\/www.pause-au-naturelle.com\/es\/wp-json\/wp\/v2\/users\/1"}],"replies":[{"embeddable":true,"href":"https:\/\/www.pause-au-naturelle.com\/es\/wp-json\/wp\/v2\/comments?post=1604"}],"version-history":[{"count":0,"href":"https:\/\/www.pause-au-naturelle.com\/es\/wp-json\/wp\/v2\/pages\/1604\/revisions"}],"wp:attachment":[{"href":"https:\/\/www.pause-au-naturelle.com\/es\/wp-json\/wp\/v2\/media?parent=1604"}],"curies":[{"name":"wp","href":"https:\/\/api.w.org\/{rel}","templated":true}]}}