{"id":1606,"date":"2018-10-17T04:10:57","date_gmt":"2018-10-17T04:10:57","guid":{"rendered":"http:\/\/source.wpopal.com\/auros\/?page_id=1606"},"modified":"2019-12-29T11:16:25","modified_gmt":"2019-12-29T11:16:25","slug":"pagos-seguros","status":"publish","type":"page","link":"https:\/\/www.pause-au-naturelle.com\/es\/paiements-securises\/","title":{"rendered":"Pagos seguros"},"content":{"rendered":"<ul>\n<li>\n\t\t\t\t\t\t\t\t\t\t\u00bfQu\u00e9 m\u00e9todos de pago aceptan?<\/li>\n<\/ul>\n<p>Aceptamos las siguientes opciones de pago:<\/p>\n<ul>\n<li>\n\t\t\t\t\t\t\t\t\t\tVisado<\/li>\n<li>\n\t\t\t\t\t\t\t\t\t\tTarjeta de d\u00e9bito Visa<\/li>\n<li>\n\t\t\t\t\t\t\t\t\t\tMastercard<\/li>\n<li>\n\t\t\t\t\t\t\t\t\t\tPayPal<\/li>\n<li>\n\t\t\t\t\t\t\t\t\t\tApple Pay<\/li>\n<\/ul>\n<p>Todos los titulares de tarjetas de cr\u00e9dito y d\u00e9bito est\u00e1n sujetos a validaci\u00f3n y<br \/>\nautorizaci\u00f3n tanto de Auros como del emisor de la tarjeta, para mantener<br \/>\nseguridad y prevenir el fraude.<\/p>\n<p><img decoding=\"async\" width=\"560\" height=\"299\" src=\"https:\/\/www.pause-au-naturelle.com\/wp-content\/uploads\/2018\/10\/payment_images.png\" alt=\"\" srcset=\"https:\/\/www.pause-au-naturelle.com\/wp-content\/uploads\/2018\/10\/payment_images.png 560w, http:\/\/source.wpopal.com\/auros\/wp-content\/uploads\/2018\/10\/payment_images-300x160.png 300w\" sizes=\"(max-width: 560px) 100vw, 560px\"><\/p>\n<ul>\n<li>\n\t\t\t\t\t\t\t\t\t\t\u00bfCu\u00e1ndo se realizar\u00e1 el pago?<\/li>\n<\/ul>\n<p>Si tu tarjeta est\u00e1 autorizada, te enviaremos un correo electr\u00f3nico confirmando que tu pedido se ha realizado correctamente.<\/p>\n<p>El pago se realizar\u00e1 en el momento del env\u00edo.<\/p>\n<p>Si tu tarjeta no est\u00e1 autorizada, no se realizar\u00e1 el pago y te enviaremos un correo electr\u00f3nico para informarte de que tu banco o emisor de la tarjeta no ha autorizado el pago.<\/p>\n<p>Por favor, aseg\u00farese de introducir todos sus datos correctamente durante el proceso de pago, ya que a menudo la informaci\u00f3n incorrecta o incompleta puede provocar que su banco o la entidad emisora de su tarjeta rechacen el pago.<\/p>\n<p>Si no est\u00e1 seguro de por qu\u00e9 se ha rechazado su pago, p\u00f3ngase en contacto con el emisor de su tarjeta o con su banco.<\/p>\n<ul>\n<li>\n\t\t\t\t\t\t\t\t\t\t\u00bfQu\u00e9 monedas aceptan?<\/li>\n<\/ul>\n<p>Solo aceptamos pagos en libras esterlinas.<\/p>\n<h2>\u00bfNecesitas ayuda?<\/h2>\n<h3>\n        Chat de asistencia<\/h3>\n<h3>\n        Tweet Soporte<\/h3>\n<h3>\n        Consultor telef\u00f3nico<\/h3>\n<h3>\n        Visita nuestro foro<\/h3>","protected":false},"excerpt":{"rendered":"<p>What payment methods do you accept? We accept the following payment options: Visa Visa Debit Mastercard PayPal Apple Pay All credit and debit card holders are subject to validation and authorisation by both Auros and the card issuer, to maintain security and prevent fraud. When will payment be taken? If your card is authorised, we\u2019ll [&#8230;]\n","protected":false},"author":1,"featured_media":0,"parent":0,"menu_order":0,"comment_status":"closed","ping_status":"closed","template":"","meta":{"footnotes":""},"class_list":["post-1606","page","type-page","status-publish","hentry"],"yoast_head":"<!-- This site is optimized with the Yoast SEO plugin v27.3 - https:\/\/yoast.com\/product\/yoast-seo-wordpress\/ -->\n<title>Paiements s\u00e9curis\u00e9s - Pause au Naturelle<\/title>\n<meta name=\"robots\" content=\"index, follow, max-snippet:-1, max-image-preview:large, max-video-preview:-1\" \/>\n<link rel=\"canonical\" href=\"https:\/\/www.pause-au-naturelle.com\/es\/pagos-seguros\/\" \/>\n<meta property=\"og:locale\" content=\"es_ES\" \/>\n<meta property=\"og:type\" content=\"article\" \/>\n<meta property=\"og:title\" content=\"Paiements s\u00e9curis\u00e9s - Pause au Naturelle\" \/>\n<meta property=\"og:description\" content=\"What payment methods do you accept? We accept the following payment options: Visa Visa Debit Mastercard PayPal Apple Pay All credit and debit card holders are subject to validation and authorisation by both Auros and the card issuer, to maintain security and prevent fraud. When will payment be taken? If your card is authorised, we\u2019ll [...]\" \/>\n<meta property=\"og:url\" content=\"https:\/\/www.pause-au-naturelle.com\/es\/pagos-seguros\/\" \/>\n<meta property=\"og:site_name\" content=\"Pause au Naturelle\" \/>\n<meta property=\"article:modified_time\" content=\"2019-12-29T11:16:25+00:00\" \/>\n<meta property=\"og:image\" content=\"https:\/\/www.pause-au-naturelle.com\/wp-content\/uploads\/2018\/10\/payment_images.png\" \/>\n<meta name=\"twitter:card\" content=\"summary_large_image\" \/>\n<meta name=\"twitter:label1\" content=\"Tiempo de lectura\" \/>\n\t<meta name=\"twitter:data1\" content=\"1 minuto\" \/>\n<script type=\"application\/ld+json\" class=\"yoast-schema-graph\">{\"@context\":\"https:\\\/\\\/schema.org\",\"@graph\":[{\"@type\":\"WebPage\",\"@id\":\"https:\\\/\\\/www.pause-au-naturelle.com\\\/paiements-securises\\\/\",\"url\":\"https:\\\/\\\/www.pause-au-naturelle.com\\\/paiements-securises\\\/\",\"name\":\"Paiements s\u00e9curis\u00e9s - Pause au Naturelle\",\"isPartOf\":{\"@id\":\"https:\\\/\\\/www.pause-au-naturelle.com\\\/#website\"},\"primaryImageOfPage\":{\"@id\":\"https:\\\/\\\/www.pause-au-naturelle.com\\\/paiements-securises\\\/#primaryimage\"},\"image\":{\"@id\":\"https:\\\/\\\/www.pause-au-naturelle.com\\\/paiements-securises\\\/#primaryimage\"},\"thumbnailUrl\":\"https:\\\/\\\/www.pause-au-naturelle.com\\\/wp-content\\\/uploads\\\/2018\\\/10\\\/payment_images.png\",\"datePublished\":\"2018-10-17T04:10:57+00:00\",\"dateModified\":\"2019-12-29T11:16:25+00:00\",\"inLanguage\":\"es\",\"potentialAction\":[{\"@type\":\"ReadAction\",\"target\":[\"https:\\\/\\\/www.pause-au-naturelle.com\\\/paiements-securises\\\/\"]}]},{\"@type\":\"ImageObject\",\"inLanguage\":\"es\",\"@id\":\"https:\\\/\\\/www.pause-au-naturelle.com\\\/paiements-securises\\\/#primaryimage\",\"url\":\"https:\\\/\\\/www.pause-au-naturelle.com\\\/wp-content\\\/uploads\\\/2018\\\/10\\\/payment_images.png\",\"contentUrl\":\"https:\\\/\\\/www.pause-au-naturelle.com\\\/wp-content\\\/uploads\\\/2018\\\/10\\\/payment_images.png\"},{\"@type\":\"WebSite\",\"@id\":\"https:\\\/\\\/www.pause-au-naturelle.com\\\/#website\",\"url\":\"https:\\\/\\\/www.pause-au-naturelle.com\\\/\",\"name\":\"Pause au Naturelle\",\"description\":\"\",\"publisher\":{\"@id\":\"https:\\\/\\\/www.pause-au-naturelle.com\\\/#organization\"},\"potentialAction\":[{\"@type\":\"SearchAction\",\"target\":{\"@type\":\"EntryPoint\",\"urlTemplate\":\"https:\\\/\\\/www.pause-au-naturelle.com\\\/?s={search_term_string}\"},\"query-input\":{\"@type\":\"PropertyValueSpecification\",\"valueRequired\":true,\"valueName\":\"search_term_string\"}}],\"inLanguage\":\"es\"},{\"@type\":\"Organization\",\"@id\":\"https:\\\/\\\/www.pause-au-naturelle.com\\\/#organization\",\"name\":\"Pause au naturelle\",\"url\":\"https:\\\/\\\/www.pause-au-naturelle.com\\\/\",\"logo\":{\"@type\":\"ImageObject\",\"inLanguage\":\"es\",\"@id\":\"https:\\\/\\\/www.pause-au-naturelle.com\\\/#\\\/schema\\\/logo\\\/image\\\/\",\"url\":\"https:\\\/\\\/www.pause-au-naturelle.com\\\/wp-content\\\/uploads\\\/2020\\\/06\\\/logo.png\",\"contentUrl\":\"https:\\\/\\\/www.pause-au-naturelle.com\\\/wp-content\\\/uploads\\\/2020\\\/06\\\/logo.png\",\"width\":250,\"height\":250,\"caption\":\"Pause au naturelle\"},\"image\":{\"@id\":\"https:\\\/\\\/www.pause-au-naturelle.com\\\/#\\\/schema\\\/logo\\\/image\\\/\"}}]}<\/script>\n<!-- \/ Yoast SEO plugin. -->","yoast_head_json":{"title":"Pagos seguros - Pause au Naturelle","robots":{"index":"index","follow":"follow","max-snippet":"max-snippet:-1","max-image-preview":"max-image-preview:large","max-video-preview":"max-video-preview:-1"},"canonical":"https:\/\/www.pause-au-naturelle.com\/es\/pagos-seguros\/","og_locale":"es_ES","og_type":"article","og_title":"Paiements s\u00e9curis\u00e9s - Pause au Naturelle","og_description":"What payment methods do you accept? We accept the following payment options: Visa Visa Debit Mastercard PayPal Apple Pay All credit and debit card holders are subject to validation and authorisation by both Auros and the card issuer, to maintain security and prevent fraud. When will payment be taken? If your card is authorised, we\u2019ll [...]","og_url":"https:\/\/www.pause-au-naturelle.com\/es\/pagos-seguros\/","og_site_name":"Pause au Naturelle","article_modified_time":"2019-12-29T11:16:25+00:00","og_image":[{"url":"https:\/\/www.pause-au-naturelle.com\/wp-content\/uploads\/2018\/10\/payment_images.png","type":"","width":"","height":""}],"twitter_card":"summary_large_image","twitter_misc":{"Tiempo de lectura":"1 minuto"},"schema":{"@context":"https:\/\/schema.org","@graph":[{"@type":"WebPage","@id":"https:\/\/www.pause-au-naturelle.com\/paiements-securises\/","url":"https:\/\/www.pause-au-naturelle.com\/paiements-securises\/","name":"Pagos seguros - Pause au Naturelle","isPartOf":{"@id":"https:\/\/www.pause-au-naturelle.com\/#website"},"primaryImageOfPage":{"@id":"https:\/\/www.pause-au-naturelle.com\/paiements-securises\/#primaryimage"},"image":{"@id":"https:\/\/www.pause-au-naturelle.com\/paiements-securises\/#primaryimage"},"thumbnailUrl":"https:\/\/www.pause-au-naturelle.com\/wp-content\/uploads\/2018\/10\/payment_images.png","datePublished":"2018-10-17T04:10:57+00:00","dateModified":"2019-12-29T11:16:25+00:00","inLanguage":"es","potentialAction":[{"@type":"ReadAction","target":["https:\/\/www.pause-au-naturelle.com\/paiements-securises\/"]}]},{"@type":"ImageObject","inLanguage":"es","@id":"https:\/\/www.pause-au-naturelle.com\/paiements-securises\/#primaryimage","url":"https:\/\/www.pause-au-naturelle.com\/wp-content\/uploads\/2018\/10\/payment_images.png","contentUrl":"https:\/\/www.pause-au-naturelle.com\/wp-content\/uploads\/2018\/10\/payment_images.png"},{"@type":"WebSite","@id":"https:\/\/www.pause-au-naturelle.com\/#website","url":"https:\/\/www.pause-au-naturelle.com\/","name":"Pausa en la naturaleza","description":"","publisher":{"@id":"https:\/\/www.pause-au-naturelle.com\/#organization"},"potentialAction":[{"@type":"SearchAction","target":{"@type":"EntryPoint","urlTemplate":"https:\/\/www.pause-au-naturelle.com\/?s={search_term_string}"},"query-input":{"@type":"PropertyValueSpecification","valueRequired":true,"valueName":"search_term_string"}}],"inLanguage":"es"},{"@type":"Organization","@id":"https:\/\/www.pause-au-naturelle.com\/#organization","name":"Pausa al aire libre","url":"https:\/\/www.pause-au-naturelle.com\/","logo":{"@type":"ImageObject","inLanguage":"es","@id":"https:\/\/www.pause-au-naturelle.com\/#\/schema\/logo\/image\/","url":"https:\/\/www.pause-au-naturelle.com\/wp-content\/uploads\/2020\/06\/logo.png","contentUrl":"https:\/\/www.pause-au-naturelle.com\/wp-content\/uploads\/2020\/06\/logo.png","width":250,"height":250,"caption":"Pause au naturelle"},"image":{"@id":"https:\/\/www.pause-au-naturelle.com\/#\/schema\/logo\/image\/"}}]}},"_links":{"self":[{"href":"https:\/\/www.pause-au-naturelle.com\/es\/wp-json\/wp\/v2\/pages\/1606","targetHints":{"allow":["GET"]}}],"collection":[{"href":"https:\/\/www.pause-au-naturelle.com\/es\/wp-json\/wp\/v2\/pages"}],"about":[{"href":"https:\/\/www.pause-au-naturelle.com\/es\/wp-json\/wp\/v2\/types\/page"}],"author":[{"embeddable":true,"href":"https:\/\/www.pause-au-naturelle.com\/es\/wp-json\/wp\/v2\/users\/1"}],"replies":[{"embeddable":true,"href":"https:\/\/www.pause-au-naturelle.com\/es\/wp-json\/wp\/v2\/comments?post=1606"}],"version-history":[{"count":0,"href":"https:\/\/www.pause-au-naturelle.com\/es\/wp-json\/wp\/v2\/pages\/1606\/revisions"}],"wp:attachment":[{"href":"https:\/\/www.pause-au-naturelle.com\/es\/wp-json\/wp\/v2\/media?parent=1606"}],"curies":[{"name":"wp","href":"https:\/\/api.w.org\/{rel}","templated":true}]}}