{"id":8624,"date":"2022-12-31T07:58:03","date_gmt":"2022-12-31T07:58:03","guid":{"rendered":"https:\/\/www.pause-au-naturelle.com\/?page_id=8624"},"modified":"2023-03-08T09:59:53","modified_gmt":"2023-03-08T09:59:53","slug":"las-mejores-marcas-de-te-marroqui","status":"publish","type":"page","link":"https:\/\/www.pause-au-naturelle.com\/es\/meilleures-marques-de-the-marocain\/","title":{"rendered":"Las mejores marcas de t\u00e9 marroqu\u00ed en 2023"},"content":{"rendered":"<h1 style=\"font-weight: 400; text-align: center;\"><strong>Las mejores marcas de t\u00e9 marroqu\u00ed en 2023<\/strong><\/h1>\n<p style=\"font-weight: 400;\">&nbsp;<\/p>\n<p style=\"font-weight: 400;\">Todos saben que el t\u00e9 es una verdadera instituci\u00f3n en Marruecos. Se bebe a menudo a mediod\u00eda. Tanto es as\u00ed que los ingleses y los marroqu\u00edes se encuentran entre los mayores importadores de t\u00e9 de China del mundo. S\u00edmbolo de hospitalidad que caracteriza a la burgues\u00eda de las grandes ciudades del reino, el t\u00e9 marroqu\u00ed es ahora un signo de identidad completamente integrado en el patrimonio nacional. Todas las clases sociales marroqu\u00edes y todos los habitantes, desde T\u00e1nger hasta Guerguerat, lo han adoptado en su estilo de vida desde hace m\u00e1s de un siglo.<\/p>\n<p style=\"font-weight: 400;\">&nbsp;<\/p>\n<p style=\"font-weight: 400;\">Este jugoso mercado tambi\u00e9n es obra de grandes grupos que comercializan diferentes marcas. Hagamos un repaso para ver cu\u00e1les son las m\u00e1s populares en el Reino Unido.<\/p>\n<p style=\"font-weight: 400;\"><strong>&nbsp;<\/strong><\/p>\n<p style=\"font-weight: 400;\"><strong>&nbsp;<\/strong><\/p>\n<h2 style=\"font-weight: 400; text-align: center;\"><strong>Dahmiss: el t\u00e9 chino en filamentos retorcidos<\/strong><\/h2>\n<p style=\"font-weight: 400;\">&nbsp;<\/p>\n<p style=\"font-weight: 400;\">Esta marca de t\u00e9, cuya caja muestra a un beduino sirviendo t\u00e9, es una de las m\u00e1s populares. Pertenece al grupo alimentario Somath\u00e9. Se distingue por sus diversas gamas de t\u00e9, ya sea ligero o un poco m\u00e1s fuerte. Hay que saber que el t\u00e9 marroqu\u00ed es bastante similar. Las variedades de t\u00e9 son de la misma naturaleza. En este caso, lo que se bebe es t\u00e9 GunPowder. Una calidad muy apreciada por el consumidor marroqu\u00ed que la empresa marroqu\u00ed de t\u00e9 y az\u00facar se encarga de importar al Reino.<\/p>\n<p style=\"font-weight: 400;\">&nbsp;<\/p>\n<p style=\"font-weight: 400;\">Dahmiss es una marca presente desde 1958. La empresa Somath\u00e9 tambi\u00e9n comercializa su marca 4011, reconocida en el mercado nacional.<\/p>\n<h2 style=\"font-weight: 400; text-align: center;\"><strong>&nbsp;<\/strong><\/h2>\n<h2 style=\"font-weight: 400; text-align: center;\"><strong>Sultan: la referencia del t\u00e9 marroqu\u00ed<\/strong><\/h2>\n<p style=\"font-weight: 400;\">&nbsp;<\/p>\n<p style=\"font-weight: 400;\">Hemos decidido colocarla en segundo lugar porque es la marca n\u00famero uno en Marruecos. Todo el mundo conoce sus anuncios publicitarios. Ofrece varios tipos de productos, entre los que se incluyen los siguientes:<\/p>\n<p style=\"font-weight: 400;\">&nbsp;<\/p>\n<ul>\n<li><strong><a href=\"https:\/\/www.pause-au-naturelle.com\/es\/producto\/semillas-de-te-verde-sultan-ambar-100-g\/\">Ambar<\/a><\/strong><\/li>\n<li>Jawhar<\/li>\n<li>&nbsp;<\/li>\n<\/ul>\n<p style=\"font-weight: 400;\">&nbsp;<\/p>\n<p style=\"font-weight: 400;\">Estas tres variedades representan el t\u00e9 en grano, que tambi\u00e9n se presenta en forma de filamentos. La aventura no termina ah\u00ed, ya que la marca tambi\u00e9n ha innovado desarrollando variedades de t\u00e9 muy aromatizadas.<\/p>\n<p style=\"font-weight: 400;\"><strong>&nbsp;<\/strong><\/p>\n<h2 style=\"font-weight: 400; text-align: center;\"><strong>Fransa 5Gun Power: la marca de t\u00e9 verde chino que cumple con su cometido<\/strong><\/h2>\n<p style=\"font-weight: 400;\">&nbsp;<\/p>\n<p style=\"font-weight: 400;\">Esta marca es la que elegimos sin dudarlo. Todos la conocen, es la que tiene caracteres mandarines en una caja negra. La encontrar\u00e1n sin duda en las tiendas de alimentaci\u00f3n oriental de Francia. De hecho, es la que solemos elegir cuando ya no queda mucho donde elegir en los estantes. Al fin y al cabo, aunque tengamos nuestras preferencias, cumple bien su funci\u00f3n. Solo hay que lavar bien los granos con agua caliente para evitar que amarguen demasiado.<\/p>\n<p style=\"font-weight: 400;\"><strong>&nbsp;<\/strong><\/p>\n<h3 style=\"font-weight: 400; text-align: center;\"><strong>Selman Tea: una marca presente desde 2016 en el mercado marroqu\u00ed<\/strong><\/h3>\n<p style=\"font-weight: 400;\"><strong>&nbsp;<\/strong><\/p>\n<p style=\"font-weight: 400;\">Los actores del sector del t\u00e9 marroqu\u00ed se est\u00e1n diversificando en el mercado. Adem\u00e1s, estamos viendo c\u00f3mo surgen nuevas marcas que diversifican la competencia. Selman Tea es una marca joven creada en 2016 por Moncef Belkhayet, un empresario del sector agroalimentario. Es normal que surjan nuevas marcas, ya que el consumo de t\u00e9 aumenta a medida que crece la poblaci\u00f3n marroqu\u00ed. Selman Tea se est\u00e1 imponiendo como una marca en el codiciado mercado del t\u00e9 marroqu\u00ed.<\/p>\n<h3 style=\"font-weight: 400; text-align: center;\"><strong>&nbsp;<\/strong><\/h3>\n<h3 style=\"font-weight: 400; text-align: center;\"><strong>4011 y Taj: la calidad Chun Mee al alcance de la mano<\/strong><\/h3>\n<p style=\"font-weight: 400;\">&nbsp;<\/p>\n<p style=\"font-weight: 400;\">Estas dos marcas corresponden a la calidad de t\u00e9 verde chino Chun Mee. Se distinguen por sus hojas secas, que aportan un toque de acidez m\u00e1s pronunciado al coraz\u00f3n del t\u00e9. Por lo tanto, se recomiendan para una buena digesti\u00f3n, mientras que las semillas m\u00e1s fuertes tienen un efecto m\u00e1s laxante. La calidad Chun Mee que promueven estas dos marcas las convierte en un t\u00e9 m\u00e1s suave, pero igualmente sabroso en el coraz\u00f3n de la tetera.<\/p>\n<h4 style=\"font-weight: 400; text-align: center;\"><strong>&nbsp;<\/strong><\/h4>\n<h4 style=\"font-weight: 400; text-align: center;\"><strong>Atay Tamuda: la marca del tostador Caf\u00e9s Carrion<\/strong><\/h4>\n<p style=\"font-weight: 400;\">&nbsp;<\/p>\n<p style=\"font-weight: 400;\">Esta empresa, cuya actividad principal es la importaci\u00f3n y el tueste de caf\u00e9 desde 1924, ha creado su propia marca de caf\u00e9 marroqu\u00ed. La encontrar\u00e1 en los principales supermercados. Personalmente, nunca la hemos probado. Sin embargo, la calidad del t\u00e9 marroqu\u00ed, salvo algunas personalizaciones, es bastante com\u00fan.<\/p>\n<p style=\"font-weight: 400;\">&nbsp;<\/p>\n<p style=\"font-weight: 400; text-align: center;\">Aunque la marca Sultan representa el 30% del consumo nacional, todas las marcas son equivalentes. Basta con tener en cuenta la calidad de la materia prima, que no es otra que el t\u00e9 verde.<\/p>\n<p style=\"text-align: center;\">Otro art\u00edculo sobre el mismo tema: leer <strong><a href=\"https:\/\/www.pause-au-naturelle.com\/es\/producto-tipico-marroqui\/\">los productos t\u00edpicos marroqu\u00edes<\/a>.<\/strong><\/p>\n<p style=\"font-weight: 400;\">&nbsp;<\/p>\n<p style=\"font-weight: 400;\">&nbsp;<\/p>","protected":false},"excerpt":{"rendered":"","protected":false},"author":1,"featured_media":0,"parent":0,"menu_order":0,"comment_status":"closed","ping_status":"closed","template":"","meta":{"footnotes":""},"class_list":["post-8624","page","type-page","status-publish","hentry"],"yoast_head":"<!-- This site is optimized with the Yoast SEO plugin v27.3 - https:\/\/yoast.com\/product\/yoast-seo-wordpress\/ -->\n<title>Les meilleures marques de th\u00e9 marocain | Pause-au-naturelle.com<\/title>\n<meta name=\"description\" content=\"Vous souhaitez conna\u00eetre les meilleurs marques de th\u00e9 marocain pr\u00e9sente sur le march\u00e9, lisez attentivement cet article.\" \/>\n<meta name=\"robots\" content=\"index, follow, max-snippet:-1, max-image-preview:large, max-video-preview:-1\" \/>\n<link rel=\"canonical\" href=\"https:\/\/www.pause-au-naturelle.com\/es\/las-mejores-marcas-de-te-marroqui\/\" \/>\n<meta property=\"og:locale\" content=\"es_ES\" \/>\n<meta property=\"og:type\" content=\"article\" \/>\n<meta property=\"og:title\" content=\"Les meilleures marques de th\u00e9 marocain | Pause-au-naturelle.com\" \/>\n<meta property=\"og:description\" content=\"Vous souhaitez conna\u00eetre les meilleurs marques de th\u00e9 marocain pr\u00e9sente sur le march\u00e9, lisez attentivement cet article.\" \/>\n<meta property=\"og:url\" content=\"https:\/\/www.pause-au-naturelle.com\/es\/las-mejores-marcas-de-te-marroqui\/\" \/>\n<meta property=\"og:site_name\" content=\"Pause au Naturelle\" \/>\n<meta property=\"article:modified_time\" content=\"2023-03-08T09:59:53+00:00\" \/>\n<meta property=\"og:image\" content=\"https:\/\/www.pause-au-naturelle.com\/wp-content\/uploads\/2024\/05\/logo-pause.webp\" \/>\n\t<meta property=\"og:image:width\" content=\"600\" \/>\n\t<meta property=\"og:image:height\" content=\"171\" \/>\n\t<meta property=\"og:image:type\" content=\"image\/webp\" \/>\n<meta name=\"twitter:card\" content=\"summary_large_image\" \/>\n<script type=\"application\/ld+json\" class=\"yoast-schema-graph\">{\"@context\":\"https:\\\/\\\/schema.org\",\"@graph\":[{\"@type\":\"WebPage\",\"@id\":\"https:\\\/\\\/www.pause-au-naturelle.com\\\/meilleures-marques-de-the-marocain\\\/\",\"url\":\"https:\\\/\\\/www.pause-au-naturelle.com\\\/meilleures-marques-de-the-marocain\\\/\",\"name\":\"Les meilleures marques de th\u00e9 marocain | Pause-au-naturelle.com\",\"isPartOf\":{\"@id\":\"https:\\\/\\\/www.pause-au-naturelle.com\\\/#website\"},\"datePublished\":\"2022-12-31T07:58:03+00:00\",\"dateModified\":\"2023-03-08T09:59:53+00:00\",\"description\":\"Vous souhaitez conna\u00eetre les meilleurs marques de th\u00e9 marocain pr\u00e9sente sur le march\u00e9, lisez attentivement cet article.\",\"inLanguage\":\"es\",\"potentialAction\":[{\"@type\":\"ReadAction\",\"target\":[\"https:\\\/\\\/www.pause-au-naturelle.com\\\/meilleures-marques-de-the-marocain\\\/\"]}]},{\"@type\":\"WebSite\",\"@id\":\"https:\\\/\\\/www.pause-au-naturelle.com\\\/#website\",\"url\":\"https:\\\/\\\/www.pause-au-naturelle.com\\\/\",\"name\":\"Pause au Naturelle\",\"description\":\"\",\"publisher\":{\"@id\":\"https:\\\/\\\/www.pause-au-naturelle.com\\\/#organization\"},\"potentialAction\":[{\"@type\":\"SearchAction\",\"target\":{\"@type\":\"EntryPoint\",\"urlTemplate\":\"https:\\\/\\\/www.pause-au-naturelle.com\\\/?s={search_term_string}\"},\"query-input\":{\"@type\":\"PropertyValueSpecification\",\"valueRequired\":true,\"valueName\":\"search_term_string\"}}],\"inLanguage\":\"es\"},{\"@type\":\"Organization\",\"@id\":\"https:\\\/\\\/www.pause-au-naturelle.com\\\/#organization\",\"name\":\"Pause au naturelle\",\"url\":\"https:\\\/\\\/www.pause-au-naturelle.com\\\/\",\"logo\":{\"@type\":\"ImageObject\",\"inLanguage\":\"es\",\"@id\":\"https:\\\/\\\/www.pause-au-naturelle.com\\\/#\\\/schema\\\/logo\\\/image\\\/\",\"url\":\"https:\\\/\\\/www.pause-au-naturelle.com\\\/wp-content\\\/uploads\\\/2020\\\/06\\\/logo.png\",\"contentUrl\":\"https:\\\/\\\/www.pause-au-naturelle.com\\\/wp-content\\\/uploads\\\/2020\\\/06\\\/logo.png\",\"width\":250,\"height\":250,\"caption\":\"Pause au naturelle\"},\"image\":{\"@id\":\"https:\\\/\\\/www.pause-au-naturelle.com\\\/#\\\/schema\\\/logo\\\/image\\\/\"}}]}<\/script>\n<!-- \/ Yoast SEO plugin. -->","yoast_head_json":{"title":"Las mejores marcas de t\u00e9 marroqu\u00ed | Pause-au-naturelle.com","description":"Si desea conocer las mejores marcas de t\u00e9 marroqu\u00ed disponibles en el mercado, lea atentamente este art\u00edculo.","robots":{"index":"index","follow":"follow","max-snippet":"max-snippet:-1","max-image-preview":"max-image-preview:large","max-video-preview":"max-video-preview:-1"},"canonical":"https:\/\/www.pause-au-naturelle.com\/es\/las-mejores-marcas-de-te-marroqui\/","og_locale":"es_ES","og_type":"article","og_title":"Les meilleures marques de th\u00e9 marocain | Pause-au-naturelle.com","og_description":"Vous souhaitez conna\u00eetre les meilleurs marques de th\u00e9 marocain pr\u00e9sente sur le march\u00e9, lisez attentivement cet article.","og_url":"https:\/\/www.pause-au-naturelle.com\/es\/las-mejores-marcas-de-te-marroqui\/","og_site_name":"Pause au Naturelle","article_modified_time":"2023-03-08T09:59:53+00:00","og_image":[{"width":600,"height":171,"url":"https:\/\/www.pause-au-naturelle.com\/wp-content\/uploads\/2024\/05\/logo-pause.webp","type":"image\/webp"}],"twitter_card":"summary_large_image","schema":{"@context":"https:\/\/schema.org","@graph":[{"@type":"WebPage","@id":"https:\/\/www.pause-au-naturelle.com\/meilleures-marques-de-the-marocain\/","url":"https:\/\/www.pause-au-naturelle.com\/meilleures-marques-de-the-marocain\/","name":"Las mejores marcas de t\u00e9 marroqu\u00ed | Pause-au-naturelle.com","isPartOf":{"@id":"https:\/\/www.pause-au-naturelle.com\/#website"},"datePublished":"2022-12-31T07:58:03+00:00","dateModified":"2023-03-08T09:59:53+00:00","description":"Si desea conocer las mejores marcas de t\u00e9 marroqu\u00ed disponibles en el mercado, lea atentamente este art\u00edculo.","inLanguage":"es","potentialAction":[{"@type":"ReadAction","target":["https:\/\/www.pause-au-naturelle.com\/meilleures-marques-de-the-marocain\/"]}]},{"@type":"WebSite","@id":"https:\/\/www.pause-au-naturelle.com\/#website","url":"https:\/\/www.pause-au-naturelle.com\/","name":"Pausa en la naturaleza","description":"","publisher":{"@id":"https:\/\/www.pause-au-naturelle.com\/#organization"},"potentialAction":[{"@type":"SearchAction","target":{"@type":"EntryPoint","urlTemplate":"https:\/\/www.pause-au-naturelle.com\/?s={search_term_string}"},"query-input":{"@type":"PropertyValueSpecification","valueRequired":true,"valueName":"search_term_string"}}],"inLanguage":"es"},{"@type":"Organization","@id":"https:\/\/www.pause-au-naturelle.com\/#organization","name":"Pausa al aire libre","url":"https:\/\/www.pause-au-naturelle.com\/","logo":{"@type":"ImageObject","inLanguage":"es","@id":"https:\/\/www.pause-au-naturelle.com\/#\/schema\/logo\/image\/","url":"https:\/\/www.pause-au-naturelle.com\/wp-content\/uploads\/2020\/06\/logo.png","contentUrl":"https:\/\/www.pause-au-naturelle.com\/wp-content\/uploads\/2020\/06\/logo.png","width":250,"height":250,"caption":"Pause au naturelle"},"image":{"@id":"https:\/\/www.pause-au-naturelle.com\/#\/schema\/logo\/image\/"}}]}},"_links":{"self":[{"href":"https:\/\/www.pause-au-naturelle.com\/es\/wp-json\/wp\/v2\/pages\/8624","targetHints":{"allow":["GET"]}}],"collection":[{"href":"https:\/\/www.pause-au-naturelle.com\/es\/wp-json\/wp\/v2\/pages"}],"about":[{"href":"https:\/\/www.pause-au-naturelle.com\/es\/wp-json\/wp\/v2\/types\/page"}],"author":[{"embeddable":true,"href":"https:\/\/www.pause-au-naturelle.com\/es\/wp-json\/wp\/v2\/users\/1"}],"replies":[{"embeddable":true,"href":"https:\/\/www.pause-au-naturelle.com\/es\/wp-json\/wp\/v2\/comments?post=8624"}],"version-history":[{"count":3,"href":"https:\/\/www.pause-au-naturelle.com\/es\/wp-json\/wp\/v2\/pages\/8624\/revisions"}],"predecessor-version":[{"id":8775,"href":"https:\/\/www.pause-au-naturelle.com\/es\/wp-json\/wp\/v2\/pages\/8624\/revisions\/8775"}],"wp:attachment":[{"href":"https:\/\/www.pause-au-naturelle.com\/es\/wp-json\/wp\/v2\/media?parent=8624"}],"curies":[{"name":"wp","href":"https:\/\/api.w.org\/{rel}","templated":true}]}}