{"id":10112,"date":"2024-03-26T16:12:18","date_gmt":"2024-03-26T16:12:18","guid":{"rendered":"https:\/\/www.pause-au-naturelle.com\/?post_type=product&#038;p=10112"},"modified":"2026-02-16T17:29:21","modified_gmt":"2026-02-16T17:29:21","slug":"miel-cremosa-de-almendra-y-coco","status":"publish","type":"product","link":"https:\/\/www.pause-au-naturelle.com\/es\/produit\/miel-cremeux-amande-coco\/","title":{"rendered":"Miel cremosa de almendra y coco 250 g \u2013 Arti\u2019Miel Gourmand"},"content":{"rendered":"<p>Amantes de la miel, \u00a1esta novedad os har\u00e1 la boca agua! La\u00a0<strong>marca francesa Arti\u2019miel Gourmand\u00a0<\/strong>acaba de lanzar su\u00a0<strong>Miel cremosa de almendra y coco<\/strong>. Una aut\u00e9ntica delicia a la que ser\u00e1 dif\u00edcil resistirse.<\/p>\n<h2><strong>Una dulzura excepcional por descubrir: la miel cremosa de almendra y coco de Arti\u2019miel Gourmand.<\/strong><\/h2>\n<p>En un elegante tarro de cristal de 250 g, esta miel excepcional se presenta como una joya dorada, lista para seducir su paladar. Nada m\u00e1s abrirlo, un delicado\u00a0<strong>aroma de almendra tostada\u00a0<\/strong>te hace la boca agua.<\/p>\n<p>Lo que hace especial a esta miel cremosa es su textura deliciosamente cremosa y fundente. \u00a1Una aut\u00e9ntica caricia en el paladar! Su untuosidad es tal que se puede degustar a peque\u00f1as cucharadas, como una nube de dulzura que se derrite lentamente en la lengua.<\/p>\n<p>Tambi\u00e9n encontramos algunos\u00a0<strong>trozos de almendra crujientes\u00a0<\/strong>que aportan un agradable contraste de textura. Tambi\u00e9n encontrar\u00e1 el delicioso sabor de la almendra en el\u2019<a href=\"https:\/\/www.pause-au-naturelle.com\/es\/cat%c3%a9gorie-produit\/amlou\/\"><strong>amlou<\/strong><\/a>, una\u00a0<strong>pasta para untar natural\u00a0<\/strong>que ya no necesita presentaci\u00f3n.<\/p>\n<h2><strong>Miel cremosa de almendra y coco: un equilibrio perfecto de sabores<\/strong><\/h2>\n<p>En cuanto al sabor, \u00a1esta miel es una aut\u00e9ntica delicia para el paladar! La almendra aporta todo su crujiente y su incomparable aroma. Combinados con el ligero\u00a0<strong>nota de coco<\/strong>, le confieren a esta miel un delicioso sabor goloso y nost\u00e1lgico. Adem\u00e1s, el coco le aporta un delicado toque ex\u00f3tico con notas aireadas y yodadas.<\/p>\n<p>Todo ello maravillosamente equilibrado y realzado por la riqueza de la miel cremosa de almendra y coco de Arti\u2019miel Gourmand. Porque esa es la se\u00f1a de identidad de la casa: ofrecer mieles de una calidad irreprochable, procedentes de cosechas cuidadosamente seleccionadas de\u00a0<strong>productores franceses<\/strong>.<\/p>\n<h3><strong>\u00a1D\u00e9jate seducir por este n\u00e9ctar cremoso sin reservas!<\/strong><\/h3>\n<p>Ya sea untada en una rebanada de brioche a la hora del desayuno, como tentempi\u00e9 gourmet por la tarde o a cucharadas por la noche para disfrutar de un momento de dulzura y nostalgia, esta miel cremosa de almendra y coco de Arti'miel se convertir\u00e1 en su nuevo capricho favorito.<\/p>\n<p>Este peque\u00f1o tarro de 250 g concentra toda la exquisitez de las mieles excepcionales. Una vez que lo pruebes, \u00a1te resultar\u00e1 dif\u00edcil prescindir de \u00e9l! No esperes m\u00e1s para sucumbir a este delicioso y adictivo manjar. \u00a1Tu alma de eterno goloso te lo pide!<\/p>","protected":false},"excerpt":{"rendered":"<p><strong>Caracter\u00edsticas:<\/strong><\/p>\n<ul>\n<li>Crema de miel<\/li>\n<li>Copos de coco<\/li>\n<li>Almendras picadas<\/li>\n<\/ul>","protected":false},"featured_media":10121,"template":"","meta":[],"product_brand":[],"product_cat":[111],"product_tag":[],"class_list":{"0":"post-10112","1":"product","2":"type-product","3":"status-publish","4":"has-post-thumbnail","6":"product_cat-miel-cremeux","8":"first","9":"outofstock","10":"shipping-taxable","11":"purchasable","12":"product-type-simple"},"yoast_head":"<!-- This site is optimized with the Yoast SEO plugin v27.3 - https:\/\/yoast.com\/product\/yoast-seo-wordpress\/ -->\n<title>Miel cr\u00e9meux amande coco | Bienfaits nombreux | 250g<\/title>\n<meta name=\"description\" content=\"Amateurs de miel, cette nouveaut\u00e9 devrait vous faire saliver ! La\u00a0marque fran\u00e7aise Arti&#039;miel Gourmand\u00a0vient de lancer son\u00a0miel cr\u00e9meux amande coco.\" \/>\n<meta name=\"robots\" content=\"index, follow, max-snippet:-1, max-image-preview:large, max-video-preview:-1\" \/>\n<link rel=\"canonical\" href=\"https:\/\/www.pause-au-naturelle.com\/es\/producto\/miel-cremosa-de-almendra-y-coco\/\" \/>\n<meta property=\"og:locale\" content=\"es_ES\" \/>\n<meta property=\"og:type\" content=\"article\" \/>\n<meta property=\"og:title\" content=\"Miel cr\u00e9meux amande coco | Bienfaits nombreux | 250g\" \/>\n<meta property=\"og:description\" content=\"Amateurs de miel, cette nouveaut\u00e9 devrait vous faire saliver ! La\u00a0marque fran\u00e7aise Arti&#039;miel Gourmand\u00a0vient de lancer son\u00a0miel cr\u00e9meux amande coco.\" \/>\n<meta property=\"og:url\" content=\"https:\/\/www.pause-au-naturelle.com\/es\/producto\/miel-cremosa-de-almendra-y-coco\/\" \/>\n<meta property=\"og:site_name\" content=\"Pause au Naturelle\" \/>\n<meta property=\"article:modified_time\" content=\"2026-02-16T17:29:21+00:00\" \/>\n<meta property=\"og:image\" content=\"https:\/\/www.pause-au-naturelle.com\/wp-content\/uploads\/2024\/03\/miel-amande-coco.jpg\" \/>\n\t<meta property=\"og:image:width\" content=\"600\" \/>\n\t<meta property=\"og:image:height\" content=\"600\" \/>\n\t<meta property=\"og:image:type\" content=\"image\/jpeg\" \/>\n<meta name=\"twitter:card\" content=\"summary_large_image\" \/>\n<meta name=\"twitter:label1\" content=\"Tiempo de lectura\" \/>\n\t<meta name=\"twitter:data1\" content=\"2 minutos\" \/>\n<script type=\"application\/ld+json\" class=\"yoast-schema-graph\">{\"@context\":\"https:\\\/\\\/schema.org\",\"@graph\":[{\"@type\":\"WebPage\",\"@id\":\"https:\\\/\\\/www.pause-au-naturelle.com\\\/produit\\\/miel-cremeux-amande-coco\\\/\",\"url\":\"https:\\\/\\\/www.pause-au-naturelle.com\\\/produit\\\/miel-cremeux-amande-coco\\\/\",\"name\":\"Miel cr\u00e9meux amande coco | Bienfaits nombreux | 250g\",\"isPartOf\":{\"@id\":\"https:\\\/\\\/www.pause-au-naturelle.com\\\/#website\"},\"primaryImageOfPage\":{\"@id\":\"https:\\\/\\\/www.pause-au-naturelle.com\\\/produit\\\/miel-cremeux-amande-coco\\\/#primaryimage\"},\"image\":{\"@id\":\"https:\\\/\\\/www.pause-au-naturelle.com\\\/produit\\\/miel-cremeux-amande-coco\\\/#primaryimage\"},\"thumbnailUrl\":\"https:\\\/\\\/www.pause-au-naturelle.com\\\/wp-content\\\/uploads\\\/2024\\\/03\\\/miel-amande-coco.jpg\",\"datePublished\":\"2024-03-26T16:12:18+00:00\",\"dateModified\":\"2026-02-16T17:29:21+00:00\",\"description\":\"Amateurs de miel, cette nouveaut\u00e9 devrait vous faire saliver ! La\u00a0marque fran\u00e7aise Arti'miel Gourmand\u00a0vient de lancer son\u00a0miel cr\u00e9meux amande coco.\",\"breadcrumb\":{\"@id\":\"https:\\\/\\\/www.pause-au-naturelle.com\\\/produit\\\/miel-cremeux-amande-coco\\\/#breadcrumb\"},\"inLanguage\":\"es\",\"potentialAction\":[{\"@type\":\"ReadAction\",\"target\":[\"https:\\\/\\\/www.pause-au-naturelle.com\\\/produit\\\/miel-cremeux-amande-coco\\\/\"]}]},{\"@type\":\"ImageObject\",\"inLanguage\":\"es\",\"@id\":\"https:\\\/\\\/www.pause-au-naturelle.com\\\/produit\\\/miel-cremeux-amande-coco\\\/#primaryimage\",\"url\":\"https:\\\/\\\/www.pause-au-naturelle.com\\\/wp-content\\\/uploads\\\/2024\\\/03\\\/miel-amande-coco.jpg\",\"contentUrl\":\"https:\\\/\\\/www.pause-au-naturelle.com\\\/wp-content\\\/uploads\\\/2024\\\/03\\\/miel-amande-coco.jpg\",\"width\":600,\"height\":600,\"caption\":\"miel cr\u00e9meux amande coco\"},{\"@type\":\"BreadcrumbList\",\"@id\":\"https:\\\/\\\/www.pause-au-naturelle.com\\\/produit\\\/miel-cremeux-amande-coco\\\/#breadcrumb\",\"itemListElement\":[{\"@type\":\"ListItem\",\"position\":1,\"name\":\"Boutique\",\"item\":\"https:\\\/\\\/www.pause-au-naturelle.com\\\/boutique\\\/\"},{\"@type\":\"ListItem\",\"position\":2,\"name\":\"Miel cr\u00e9meux amande coco 250g \u2013 Arti\u2019Miel Gourmand\"}]},{\"@type\":\"WebSite\",\"@id\":\"https:\\\/\\\/www.pause-au-naturelle.com\\\/#website\",\"url\":\"https:\\\/\\\/www.pause-au-naturelle.com\\\/\",\"name\":\"Pause au Naturelle\",\"description\":\"\",\"publisher\":{\"@id\":\"https:\\\/\\\/www.pause-au-naturelle.com\\\/#organization\"},\"potentialAction\":[{\"@type\":\"SearchAction\",\"target\":{\"@type\":\"EntryPoint\",\"urlTemplate\":\"https:\\\/\\\/www.pause-au-naturelle.com\\\/?s={search_term_string}\"},\"query-input\":{\"@type\":\"PropertyValueSpecification\",\"valueRequired\":true,\"valueName\":\"search_term_string\"}}],\"inLanguage\":\"es\"},{\"@type\":\"Organization\",\"@id\":\"https:\\\/\\\/www.pause-au-naturelle.com\\\/#organization\",\"name\":\"Pause au naturelle\",\"url\":\"https:\\\/\\\/www.pause-au-naturelle.com\\\/\",\"logo\":{\"@type\":\"ImageObject\",\"inLanguage\":\"es\",\"@id\":\"https:\\\/\\\/www.pause-au-naturelle.com\\\/#\\\/schema\\\/logo\\\/image\\\/\",\"url\":\"https:\\\/\\\/www.pause-au-naturelle.com\\\/wp-content\\\/uploads\\\/2020\\\/06\\\/logo.png\",\"contentUrl\":\"https:\\\/\\\/www.pause-au-naturelle.com\\\/wp-content\\\/uploads\\\/2020\\\/06\\\/logo.png\",\"width\":250,\"height\":250,\"caption\":\"Pause au naturelle\"},\"image\":{\"@id\":\"https:\\\/\\\/www.pause-au-naturelle.com\\\/#\\\/schema\\\/logo\\\/image\\\/\"}}]}<\/script>\n<!-- \/ Yoast SEO plugin. -->","yoast_head_json":{"title":"Miel cremosa de almendra y coco | Numerosos beneficios | 250 g","description":"\u00a1Amantes de la miel, esta novedad os har\u00e1 la boca agua! La marca francesa Arti'miel Gourmand acaba de lanzar su miel cremosa de almendra y coco.","robots":{"index":"index","follow":"follow","max-snippet":"max-snippet:-1","max-image-preview":"max-image-preview:large","max-video-preview":"max-video-preview:-1"},"canonical":"https:\/\/www.pause-au-naturelle.com\/es\/producto\/miel-cremosa-de-almendra-y-coco\/","og_locale":"es_ES","og_type":"article","og_title":"Miel cr\u00e9meux amande coco | Bienfaits nombreux | 250g","og_description":"Amateurs de miel, cette nouveaut\u00e9 devrait vous faire saliver ! La\u00a0marque fran\u00e7aise Arti'miel Gourmand\u00a0vient de lancer son\u00a0miel cr\u00e9meux amande coco.","og_url":"https:\/\/www.pause-au-naturelle.com\/es\/producto\/miel-cremosa-de-almendra-y-coco\/","og_site_name":"Pause au Naturelle","article_modified_time":"2026-02-16T17:29:21+00:00","og_image":[{"width":600,"height":600,"url":"https:\/\/www.pause-au-naturelle.com\/wp-content\/uploads\/2024\/03\/miel-amande-coco.jpg","type":"image\/jpeg"}],"twitter_card":"summary_large_image","twitter_misc":{"Tiempo de lectura":"2 minutos"},"schema":{"@context":"https:\/\/schema.org","@graph":[{"@type":"WebPage","@id":"https:\/\/www.pause-au-naturelle.com\/produit\/miel-cremeux-amande-coco\/","url":"https:\/\/www.pause-au-naturelle.com\/produit\/miel-cremeux-amande-coco\/","name":"Miel cremosa de almendra y coco | Numerosos beneficios | 250 g","isPartOf":{"@id":"https:\/\/www.pause-au-naturelle.com\/#website"},"primaryImageOfPage":{"@id":"https:\/\/www.pause-au-naturelle.com\/produit\/miel-cremeux-amande-coco\/#primaryimage"},"image":{"@id":"https:\/\/www.pause-au-naturelle.com\/produit\/miel-cremeux-amande-coco\/#primaryimage"},"thumbnailUrl":"https:\/\/www.pause-au-naturelle.com\/wp-content\/uploads\/2024\/03\/miel-amande-coco.jpg","datePublished":"2024-03-26T16:12:18+00:00","dateModified":"2026-02-16T17:29:21+00:00","description":"\u00a1Amantes de la miel, esta novedad os har\u00e1 la boca agua! La marca francesa Arti'miel Gourmand acaba de lanzar su miel cremosa de almendra y coco.","breadcrumb":{"@id":"https:\/\/www.pause-au-naturelle.com\/produit\/miel-cremeux-amande-coco\/#breadcrumb"},"inLanguage":"es","potentialAction":[{"@type":"ReadAction","target":["https:\/\/www.pause-au-naturelle.com\/produit\/miel-cremeux-amande-coco\/"]}]},{"@type":"ImageObject","inLanguage":"es","@id":"https:\/\/www.pause-au-naturelle.com\/produit\/miel-cremeux-amande-coco\/#primaryimage","url":"https:\/\/www.pause-au-naturelle.com\/wp-content\/uploads\/2024\/03\/miel-amande-coco.jpg","contentUrl":"https:\/\/www.pause-au-naturelle.com\/wp-content\/uploads\/2024\/03\/miel-amande-coco.jpg","width":600,"height":600,"caption":"miel cr\u00e9meux amande coco"},{"@type":"BreadcrumbList","@id":"https:\/\/www.pause-au-naturelle.com\/produit\/miel-cremeux-amande-coco\/#breadcrumb","itemListElement":[{"@type":"ListItem","position":1,"name":"Boutique","item":"https:\/\/www.pause-au-naturelle.com\/boutique\/"},{"@type":"ListItem","position":2,"name":"Miel cr\u00e9meux amande coco 250g \u2013 Arti\u2019Miel Gourmand"}]},{"@type":"WebSite","@id":"https:\/\/www.pause-au-naturelle.com\/#website","url":"https:\/\/www.pause-au-naturelle.com\/","name":"Pausa en la naturaleza","description":"","publisher":{"@id":"https:\/\/www.pause-au-naturelle.com\/#organization"},"potentialAction":[{"@type":"SearchAction","target":{"@type":"EntryPoint","urlTemplate":"https:\/\/www.pause-au-naturelle.com\/?s={search_term_string}"},"query-input":{"@type":"PropertyValueSpecification","valueRequired":true,"valueName":"search_term_string"}}],"inLanguage":"es"},{"@type":"Organization","@id":"https:\/\/www.pause-au-naturelle.com\/#organization","name":"Pausa al aire libre","url":"https:\/\/www.pause-au-naturelle.com\/","logo":{"@type":"ImageObject","inLanguage":"es","@id":"https:\/\/www.pause-au-naturelle.com\/#\/schema\/logo\/image\/","url":"https:\/\/www.pause-au-naturelle.com\/wp-content\/uploads\/2020\/06\/logo.png","contentUrl":"https:\/\/www.pause-au-naturelle.com\/wp-content\/uploads\/2020\/06\/logo.png","width":250,"height":250,"caption":"Pause au naturelle"},"image":{"@id":"https:\/\/www.pause-au-naturelle.com\/#\/schema\/logo\/image\/"}}]}},"_links":{"self":[{"href":"https:\/\/www.pause-au-naturelle.com\/es\/wp-json\/wp\/v2\/product\/10112","targetHints":{"allow":["GET"]}}],"collection":[{"href":"https:\/\/www.pause-au-naturelle.com\/es\/wp-json\/wp\/v2\/product"}],"about":[{"href":"https:\/\/www.pause-au-naturelle.com\/es\/wp-json\/wp\/v2\/types\/product"}],"wp:featuredmedia":[{"embeddable":true,"href":"https:\/\/www.pause-au-naturelle.com\/es\/wp-json\/wp\/v2\/media\/10121"}],"wp:attachment":[{"href":"https:\/\/www.pause-au-naturelle.com\/es\/wp-json\/wp\/v2\/media?parent=10112"}],"wp:term":[{"taxonomy":"product_brand","embeddable":true,"href":"https:\/\/www.pause-au-naturelle.com\/es\/wp-json\/wp\/v2\/product_brand?post=10112"},{"taxonomy":"product_cat","embeddable":true,"href":"https:\/\/www.pause-au-naturelle.com\/es\/wp-json\/wp\/v2\/product_cat?post=10112"},{"taxonomy":"product_tag","embeddable":true,"href":"https:\/\/www.pause-au-naturelle.com\/es\/wp-json\/wp\/v2\/product_tag?post=10112"}],"curies":[{"name":"wp","href":"https:\/\/api.w.org\/{rel}","templated":true}]}}