{"id":10246,"date":"2024-04-22T17:53:55","date_gmt":"2024-04-22T17:53:55","guid":{"rendered":"https:\/\/www.pause-au-naturelle.com\/?post_type=product&#038;p=10246"},"modified":"2025-06-25T17:08:04","modified_gmt":"2025-06-25T17:08:04","slug":"cera-oriental-depilatoria-frutos-del-bosque","status":"publish","type":"product","link":"https:\/\/www.pause-au-naturelle.com\/es\/produit\/cire-orientale-epilatoire-fruits-des-foret\/","title":{"rendered":"Cera depilatoria oriental con frutos del bosque 100 ml \u2013 Depiliss"},"content":{"rendered":"","protected":false},"excerpt":{"rendered":"<p><strong>Caracter\u00edsticas:<\/strong><\/p>\n<ul>\n<li>Cera con un aroma sublime a frutos del bosque perfectamente tolerada por la piel.<\/li>\n<li>Permite una depilaci\u00f3n suave, limpia y f\u00e1cil para todo tipo de pieles.<\/li>\n<\/ul>","protected":false},"featured_media":10251,"template":"","meta":[],"product_brand":[],"product_cat":[112],"product_tag":[],"class_list":{"0":"post-10246","1":"product","2":"type-product","3":"status-publish","4":"has-post-thumbnail","6":"product_cat-cire-orientale","8":"first","9":"instock","10":"shipping-taxable","11":"purchasable","12":"product-type-simple"},"yoast_head":"<!-- This site is optimized with the Yoast SEO plugin v27.3 - https:\/\/yoast.com\/product\/yoast-seo-wordpress\/ -->\n<title>Cire orientale \u00e9pilatoire fruits des for\u00eat 100ml \u2013 Depiliss - Pause au Naturelle<\/title>\n<meta name=\"robots\" content=\"index, follow, max-snippet:-1, max-image-preview:large, max-video-preview:-1\" \/>\n<link rel=\"canonical\" href=\"https:\/\/www.pause-au-naturelle.com\/es\/producto\/cera-oriental-depilatoria-frutos-del-bosque\/\" \/>\n<meta property=\"og:locale\" content=\"es_ES\" \/>\n<meta property=\"og:type\" content=\"article\" \/>\n<meta property=\"og:title\" content=\"Cire orientale \u00e9pilatoire fruits des for\u00eat 100ml \u2013 Depiliss - Pause au Naturelle\" \/>\n<meta property=\"og:description\" content=\"Caract\u00e9ristiques :   Cire au senteur sublime des fruits des for\u00eat parfaitement tol\u00e9r\u00e9e par la peau.  Permet une \u00e9pilation douce, nette et facile pour tous types de peaux.\" \/>\n<meta property=\"og:url\" content=\"https:\/\/www.pause-au-naturelle.com\/es\/producto\/cera-oriental-depilatoria-frutos-del-bosque\/\" \/>\n<meta property=\"og:site_name\" content=\"Pause au Naturelle\" \/>\n<meta property=\"article:modified_time\" content=\"2025-06-25T17:08:04+00:00\" \/>\n<meta property=\"og:image\" content=\"https:\/\/www.pause-au-naturelle.com\/wp-content\/uploads\/2024\/04\/cire-orientale-fruits-des-foret.jpg\" \/>\n\t<meta property=\"og:image:width\" content=\"600\" \/>\n\t<meta property=\"og:image:height\" content=\"600\" \/>\n\t<meta property=\"og:image:type\" content=\"image\/jpeg\" \/>\n<meta name=\"twitter:card\" content=\"summary_large_image\" \/>\n<script type=\"application\/ld+json\" class=\"yoast-schema-graph\">{\"@context\":\"https:\\\/\\\/schema.org\",\"@graph\":[{\"@type\":\"WebPage\",\"@id\":\"https:\\\/\\\/www.pause-au-naturelle.com\\\/produit\\\/cire-orientale-epilatoire-fruits-des-foret\\\/\",\"url\":\"https:\\\/\\\/www.pause-au-naturelle.com\\\/produit\\\/cire-orientale-epilatoire-fruits-des-foret\\\/\",\"name\":\"Cire orientale \u00e9pilatoire fruits des for\u00eat 100ml \u2013 Depiliss - Pause au Naturelle\",\"isPartOf\":{\"@id\":\"https:\\\/\\\/www.pause-au-naturelle.com\\\/#website\"},\"primaryImageOfPage\":{\"@id\":\"https:\\\/\\\/www.pause-au-naturelle.com\\\/produit\\\/cire-orientale-epilatoire-fruits-des-foret\\\/#primaryimage\"},\"image\":{\"@id\":\"https:\\\/\\\/www.pause-au-naturelle.com\\\/produit\\\/cire-orientale-epilatoire-fruits-des-foret\\\/#primaryimage\"},\"thumbnailUrl\":\"https:\\\/\\\/www.pause-au-naturelle.com\\\/wp-content\\\/uploads\\\/2024\\\/04\\\/cire-orientale-fruits-des-foret.jpg\",\"datePublished\":\"2024-04-22T17:53:55+00:00\",\"dateModified\":\"2025-06-25T17:08:04+00:00\",\"breadcrumb\":{\"@id\":\"https:\\\/\\\/www.pause-au-naturelle.com\\\/produit\\\/cire-orientale-epilatoire-fruits-des-foret\\\/#breadcrumb\"},\"inLanguage\":\"es\",\"potentialAction\":[{\"@type\":\"ReadAction\",\"target\":[\"https:\\\/\\\/www.pause-au-naturelle.com\\\/produit\\\/cire-orientale-epilatoire-fruits-des-foret\\\/\"]}]},{\"@type\":\"ImageObject\",\"inLanguage\":\"es\",\"@id\":\"https:\\\/\\\/www.pause-au-naturelle.com\\\/produit\\\/cire-orientale-epilatoire-fruits-des-foret\\\/#primaryimage\",\"url\":\"https:\\\/\\\/www.pause-au-naturelle.com\\\/wp-content\\\/uploads\\\/2024\\\/04\\\/cire-orientale-fruits-des-foret.jpg\",\"contentUrl\":\"https:\\\/\\\/www.pause-au-naturelle.com\\\/wp-content\\\/uploads\\\/2024\\\/04\\\/cire-orientale-fruits-des-foret.jpg\",\"width\":600,\"height\":600},{\"@type\":\"BreadcrumbList\",\"@id\":\"https:\\\/\\\/www.pause-au-naturelle.com\\\/produit\\\/cire-orientale-epilatoire-fruits-des-foret\\\/#breadcrumb\",\"itemListElement\":[{\"@type\":\"ListItem\",\"position\":1,\"name\":\"Boutique\",\"item\":\"https:\\\/\\\/www.pause-au-naturelle.com\\\/boutique\\\/\"},{\"@type\":\"ListItem\",\"position\":2,\"name\":\"Cire orientale \u00e9pilatoire fruits des for\u00eat 100ml \u2013 Depiliss\"}]},{\"@type\":\"WebSite\",\"@id\":\"https:\\\/\\\/www.pause-au-naturelle.com\\\/#website\",\"url\":\"https:\\\/\\\/www.pause-au-naturelle.com\\\/\",\"name\":\"Pause au Naturelle\",\"description\":\"\",\"publisher\":{\"@id\":\"https:\\\/\\\/www.pause-au-naturelle.com\\\/#organization\"},\"potentialAction\":[{\"@type\":\"SearchAction\",\"target\":{\"@type\":\"EntryPoint\",\"urlTemplate\":\"https:\\\/\\\/www.pause-au-naturelle.com\\\/?s={search_term_string}\"},\"query-input\":{\"@type\":\"PropertyValueSpecification\",\"valueRequired\":true,\"valueName\":\"search_term_string\"}}],\"inLanguage\":\"es\"},{\"@type\":\"Organization\",\"@id\":\"https:\\\/\\\/www.pause-au-naturelle.com\\\/#organization\",\"name\":\"Pause au naturelle\",\"url\":\"https:\\\/\\\/www.pause-au-naturelle.com\\\/\",\"logo\":{\"@type\":\"ImageObject\",\"inLanguage\":\"es\",\"@id\":\"https:\\\/\\\/www.pause-au-naturelle.com\\\/#\\\/schema\\\/logo\\\/image\\\/\",\"url\":\"https:\\\/\\\/www.pause-au-naturelle.com\\\/wp-content\\\/uploads\\\/2020\\\/06\\\/logo.png\",\"contentUrl\":\"https:\\\/\\\/www.pause-au-naturelle.com\\\/wp-content\\\/uploads\\\/2020\\\/06\\\/logo.png\",\"width\":250,\"height\":250,\"caption\":\"Pause au naturelle\"},\"image\":{\"@id\":\"https:\\\/\\\/www.pause-au-naturelle.com\\\/#\\\/schema\\\/logo\\\/image\\\/\"}}]}<\/script>\n<!-- \/ Yoast SEO plugin. -->","yoast_head_json":{"title":"Cera depilatoria oriental con frutos del bosque 100 ml \u2013 Depiliss - Pause au Naturelle","robots":{"index":"index","follow":"follow","max-snippet":"max-snippet:-1","max-image-preview":"max-image-preview:large","max-video-preview":"max-video-preview:-1"},"canonical":"https:\/\/www.pause-au-naturelle.com\/es\/producto\/cera-oriental-depilatoria-frutos-del-bosque\/","og_locale":"es_ES","og_type":"article","og_title":"Cire orientale \u00e9pilatoire fruits des for\u00eat 100ml \u2013 Depiliss - Pause au Naturelle","og_description":"Caract\u00e9ristiques :   Cire au senteur sublime des fruits des for\u00eat parfaitement tol\u00e9r\u00e9e par la peau.  Permet une \u00e9pilation douce, nette et facile pour tous types de peaux.","og_url":"https:\/\/www.pause-au-naturelle.com\/es\/producto\/cera-oriental-depilatoria-frutos-del-bosque\/","og_site_name":"Pause au Naturelle","article_modified_time":"2025-06-25T17:08:04+00:00","og_image":[{"width":600,"height":600,"url":"https:\/\/www.pause-au-naturelle.com\/wp-content\/uploads\/2024\/04\/cire-orientale-fruits-des-foret.jpg","type":"image\/jpeg"}],"twitter_card":"summary_large_image","schema":{"@context":"https:\/\/schema.org","@graph":[{"@type":"WebPage","@id":"https:\/\/www.pause-au-naturelle.com\/produit\/cire-orientale-epilatoire-fruits-des-foret\/","url":"https:\/\/www.pause-au-naturelle.com\/produit\/cire-orientale-epilatoire-fruits-des-foret\/","name":"Cera depilatoria oriental con frutos del bosque 100 ml \u2013 Depiliss - Pause au Naturelle","isPartOf":{"@id":"https:\/\/www.pause-au-naturelle.com\/#website"},"primaryImageOfPage":{"@id":"https:\/\/www.pause-au-naturelle.com\/produit\/cire-orientale-epilatoire-fruits-des-foret\/#primaryimage"},"image":{"@id":"https:\/\/www.pause-au-naturelle.com\/produit\/cire-orientale-epilatoire-fruits-des-foret\/#primaryimage"},"thumbnailUrl":"https:\/\/www.pause-au-naturelle.com\/wp-content\/uploads\/2024\/04\/cire-orientale-fruits-des-foret.jpg","datePublished":"2024-04-22T17:53:55+00:00","dateModified":"2025-06-25T17:08:04+00:00","breadcrumb":{"@id":"https:\/\/www.pause-au-naturelle.com\/produit\/cire-orientale-epilatoire-fruits-des-foret\/#breadcrumb"},"inLanguage":"es","potentialAction":[{"@type":"ReadAction","target":["https:\/\/www.pause-au-naturelle.com\/produit\/cire-orientale-epilatoire-fruits-des-foret\/"]}]},{"@type":"ImageObject","inLanguage":"es","@id":"https:\/\/www.pause-au-naturelle.com\/produit\/cire-orientale-epilatoire-fruits-des-foret\/#primaryimage","url":"https:\/\/www.pause-au-naturelle.com\/wp-content\/uploads\/2024\/04\/cire-orientale-fruits-des-foret.jpg","contentUrl":"https:\/\/www.pause-au-naturelle.com\/wp-content\/uploads\/2024\/04\/cire-orientale-fruits-des-foret.jpg","width":600,"height":600},{"@type":"BreadcrumbList","@id":"https:\/\/www.pause-au-naturelle.com\/produit\/cire-orientale-epilatoire-fruits-des-foret\/#breadcrumb","itemListElement":[{"@type":"ListItem","position":1,"name":"Boutique","item":"https:\/\/www.pause-au-naturelle.com\/boutique\/"},{"@type":"ListItem","position":2,"name":"Cire orientale \u00e9pilatoire fruits des for\u00eat 100ml \u2013 Depiliss"}]},{"@type":"WebSite","@id":"https:\/\/www.pause-au-naturelle.com\/#website","url":"https:\/\/www.pause-au-naturelle.com\/","name":"Pausa en la naturaleza","description":"","publisher":{"@id":"https:\/\/www.pause-au-naturelle.com\/#organization"},"potentialAction":[{"@type":"SearchAction","target":{"@type":"EntryPoint","urlTemplate":"https:\/\/www.pause-au-naturelle.com\/?s={search_term_string}"},"query-input":{"@type":"PropertyValueSpecification","valueRequired":true,"valueName":"search_term_string"}}],"inLanguage":"es"},{"@type":"Organization","@id":"https:\/\/www.pause-au-naturelle.com\/#organization","name":"Pausa al aire libre","url":"https:\/\/www.pause-au-naturelle.com\/","logo":{"@type":"ImageObject","inLanguage":"es","@id":"https:\/\/www.pause-au-naturelle.com\/#\/schema\/logo\/image\/","url":"https:\/\/www.pause-au-naturelle.com\/wp-content\/uploads\/2020\/06\/logo.png","contentUrl":"https:\/\/www.pause-au-naturelle.com\/wp-content\/uploads\/2020\/06\/logo.png","width":250,"height":250,"caption":"Pause au naturelle"},"image":{"@id":"https:\/\/www.pause-au-naturelle.com\/#\/schema\/logo\/image\/"}}]}},"_links":{"self":[{"href":"https:\/\/www.pause-au-naturelle.com\/es\/wp-json\/wp\/v2\/product\/10246","targetHints":{"allow":["GET"]}}],"collection":[{"href":"https:\/\/www.pause-au-naturelle.com\/es\/wp-json\/wp\/v2\/product"}],"about":[{"href":"https:\/\/www.pause-au-naturelle.com\/es\/wp-json\/wp\/v2\/types\/product"}],"wp:featuredmedia":[{"embeddable":true,"href":"https:\/\/www.pause-au-naturelle.com\/es\/wp-json\/wp\/v2\/media\/10251"}],"wp:attachment":[{"href":"https:\/\/www.pause-au-naturelle.com\/es\/wp-json\/wp\/v2\/media?parent=10246"}],"wp:term":[{"taxonomy":"product_brand","embeddable":true,"href":"https:\/\/www.pause-au-naturelle.com\/es\/wp-json\/wp\/v2\/product_brand?post=10246"},{"taxonomy":"product_cat","embeddable":true,"href":"https:\/\/www.pause-au-naturelle.com\/es\/wp-json\/wp\/v2\/product_cat?post=10246"},{"taxonomy":"product_tag","embeddable":true,"href":"https:\/\/www.pause-au-naturelle.com\/es\/wp-json\/wp\/v2\/product_tag?post=10246"}],"curies":[{"name":"wp","href":"https:\/\/api.w.org\/{rel}","templated":true}]}}