{"id":11174,"date":"2024-08-02T20:15:04","date_gmt":"2024-08-02T20:15:04","guid":{"rendered":"https:\/\/www.pause-au-naturelle.com\/?post_type=product&#038;p=11174"},"modified":"2026-01-27T21:56:27","modified_gmt":"2026-01-27T21:56:27","slug":"polvo-de-maca","status":"publish","type":"product","link":"https:\/\/www.pause-au-naturelle.com\/es\/produit\/poudre-de-maca\/","title":{"rendered":"Polvo de maca natural \u2013 100 g"},"content":{"rendered":"<p>La <strong>polvo de maca natural<\/strong> est\u00e1 ganando popularidad gracias a sus numerosos beneficios para la salud y sus diversos usos culinarios. Originaria de las altas tierras de los Andes, esta ra\u00edz tiene una composici\u00f3n rica en nutrientes esenciales y es conocida por su agradable sabor acaramelado. Este art\u00edculo analiza los beneficios, las diferentes formas de incorporar el polvo de maca en la alimentaci\u00f3n y la importancia de las pr\u00e1cticas agr\u00edcolas sostenibles en su cultivo.<\/p>\n<h2><strong>\u00bfQu\u00e9 es el polvo de maca?<\/strong><\/h2>\n<p>La maca, tambi\u00e9n conocida como <strong>Lepidium meyenii<\/strong>, es una planta que se cultiva principalmente en Per\u00fa. Su ra\u00edz se transforma en polvo, que se utiliza tradicionalmente como complemento alimenticio. Esta planta no solo es apreciada por sus propiedades energizantes, sino tambi\u00e9n por su sabor \u00fanico.<\/p>\n<h3><strong>Origen y cultivo de la maca<\/strong><\/h3>\n<p>La maca crece de forma natural en altitudes elevadas, donde resiste condiciones clim\u00e1ticas extremas. Las pr\u00e1cticas agr\u00edcolas relacionadas con su cultivo suelen respetar los m\u00e9todos ancestrales, lo que contribuye a preservar la biodiversidad y a mantener la calidad de los suelos. Los agricultores andinos utilizan t\u00e9cnicas de rotaci\u00f3n de cultivos para minimizar el agotamiento de los suelos e incorporan leguminosas para mejorar su fertilidad.<\/p>\n<h3><strong>Composici\u00f3n nutricional<\/strong><\/h3>\n<p>El polvo de maca es rico en macronutrientes como carbohidratos complejos, prote\u00ednas y fibra diet\u00e9tica. Estos son algunos de sus componentes nutricionales clave:<\/p>\n<ul>\n<li><strong>Carbohidratos<\/strong>\u00a0: proporcionan una fuente de energ\u00eda sostenida.<\/li>\n<li><strong>Prote\u00ednas<\/strong>\u00a0: incluyen todos los amino\u00e1cidos esenciales.<\/li>\n<li><strong>Fibras<\/strong>\u00a0: favorecen una digesti\u00f3n saludable<\/li>\n<li><strong>Vitaminas<\/strong>\u00a0: b1, B2, B6, C y E<\/li>\n<li><strong>Minerales<\/strong>\u00a0: calcio, magnesio, zinc, hierro<\/li>\n<\/ul>\n<h2><strong>Los beneficios del polvo de maca<\/strong><\/h2>\n<p>Los beneficios del polvo de maca son numerosos y afectan a diferentes aspectos de la salud f\u00edsica y mental. Estos son algunos de los efectos beneficiosos m\u00e1s notables:<\/p>\n<ul>\n<li><strong>Mejora de la energ\u00eda y la resistencia: <\/strong>Conocida por sus <strong style=\"color: #555555;\">propiedades adapt\u00f3genas<\/strong><span style=\"color: #555555;\">, el polvo de maca puede ayudar a aumentar los niveles de energ\u00eda y mejorar la resistencia f\u00edsica sin provocar el nerviosismo asociado a algunos estimulantes como la cafe\u00edna. Muchos atletas incorporan el polvo de maca a su dieta para optimizar su rendimiento.<\/span><\/li>\n<\/ul>\n<ul>\n<li><strong>Equilibrio hormonal: <\/strong>La maca desempe\u00f1a un papel en la <strong style=\"color: #555555;\">regulaci\u00f3n hormonal<\/strong><span style=\"color: #555555;\">, especialmente en las mujeres. Se utiliza habitualmente para aliviar los s\u00edntomas del s\u00edndrome premenstrual (SPM) y la menopausia, como los sofocos, los calambres y la irritabilidad. En los hombres, puede contribuir a mejorar la libido y la funci\u00f3n reproductiva.<\/span><\/li>\n<\/ul>\n<ul>\n<li><strong>Salud mental: <\/strong>El estr\u00e9s y la ansiedad pueden reducirse gracias a <strong style=\"color: #555555;\">propiedades naturales<\/strong><span style=\"color: #555555;\"> Polvo de maca. Favorece un mejor estado de \u00e1nimo y ayuda a combatir la depresi\u00f3n leve al estabilizar los niveles de neurotransmisores como la serotonina.<\/span><\/li>\n<\/ul>\n<h2><strong>Usos culinarios del polvo de maca natural<\/strong><\/h2>\n<p>El polvo de maca no solo es beneficioso para la salud, sino que tambi\u00e9n ofrece una interesante dimensi\u00f3n gustativa. Su sabor ligeramente dulce y acaramelado se adapta perfectamente a diversas preparaciones culinarias.<\/p>\n<h3><strong>Incorporaci\u00f3n en yogures y gachas<\/strong><\/h3>\n<p>Una forma popular de consumir el polvo de maca es incorporarlo al yogur o a las gachas. Puedes a\u00f1adir una cucharadita de polvo de maca a tu yogur natural o mezclarlo con los copos de avena al preparar las gachas para enriquecer tu desayuno con sabor y nutrientes.<\/p>\n<h3><strong>Preparaci\u00f3n de batidos<\/strong><\/h3>\n<p>Los batidos y licuados son otra excelente opci\u00f3n para consumir el polvo de maca. Aqu\u00ed tienes una receta sencilla para probar:<\/p>\n<ul>\n<li>1 pl\u00e1tano<\/li>\n<li>1 taza de leche vegetal (almendra, soja, avena)<\/li>\n<li>1 cucharada sopera de mantequilla de <a href=\"https:\/\/www.pause-au-naturelle.com\/es\/producto\/amlou-con-cacahuetes\/\"><strong>cacahuete<\/strong><\/a><\/li>\n<li>1 cucharadita de maca en polvo<\/li>\n<li>Cubitos de hielo (opcional)<\/li>\n<\/ul>\n<p>Mezcla todos los ingredientes hasta obtener una textura homog\u00e9nea. El resultado ser\u00e1 un batido delicioso y nutritivo.<\/p>\n<h3><strong>Certificaciones en pasteler\u00eda<\/strong><\/h3>\n<p>A\u00f1adir maca en polvo a las recetas de <strong>galletas, magdalenas o <a href=\"https:\/\/www.pause-au-naturelle.com\/es\/2020\/05\/06\/pastel-tunecino-de-pistacho\/\">pasteles<\/a><\/strong> es una forma original de aumentar su valor nutricional y aportar un ligero toque caramelizado. Simplemente sustituya una peque\u00f1a parte de la harina por maca en polvo en sus recetas favoritas.<\/p>\n<h3><strong>Pr\u00e1cticas agr\u00edcolas y sostenibilidad<\/strong><\/h3>\n<p>La producci\u00f3n sostenible de la maca tiene un impacto directo en la biodiversidad y la salud del suelo. Es necesario comprender c\u00f3mo estas pr\u00e1cticas influyen en la calidad del producto final.<\/p>\n<ul>\n<li><strong>Biodiversidad: <\/strong>Las t\u00e9cnicas tradicionales utilizadas por los agricultores peruanos incluyen la diversificaci\u00f3n de cultivos para promover un <strong style=\"color: #555555;\">ecosistema equilibrado<\/strong><span style=\"color: #555555;\">. Esto no solo protege contra las plagas y las enfermedades, sino que tambi\u00e9n mejora la seguridad alimentaria local.<\/span><\/li>\n<\/ul>\n<ul>\n<li><strong>Gesti\u00f3n del suelo: <\/strong>La gesti\u00f3n eficaz del suelo pasa por la rotaci\u00f3n de cultivos, el uso de abono natural y la incorporaci\u00f3n de plantas fijadoras de nitr\u00f3geno, como las leguminosas. Estas pr\u00e1cticas reducen la erosi\u00f3n, mejoran la estructura del suelo y mantienen la productividad agr\u00edcola a largo plazo.<\/li>\n<\/ul>\n<ul>\n<li><strong>Impacto econ\u00f3mico y social: <\/strong>El cultivo de la maca tambi\u00e9n tiene un impacto socioecon\u00f3mico positivo. Crea puestos de trabajo y permite a las comunidades rurales subsistir gracias a la agricultura. El comercio justo de la maca garantiza una remuneraci\u00f3n justa a los agricultores, lo que refuerza las econom\u00edas locales.<\/li>\n<\/ul>\n<p>Incorporar el polvo de maca natural a tu rutina diaria tiene muchas ventajas, tanto para tu salud como para el medio ambiente. Ya sea para darle un toque extra a tus yogures, batidos o pasteles, el polvo de maca no solo a\u00f1ade sabor, sino tambi\u00e9n una buena dosis de nutrientes esenciales. Adem\u00e1s, apoyar las pr\u00e1cticas agr\u00edcolas sostenibles garantiza que este valioso recurso siga prosperando sin da\u00f1ar nuestro planeta.<\/p>","protected":false},"excerpt":{"rendered":"<p>La poudre de maca naturelle gagne en popularit\u00e9 gr\u00e2ce \u00e0 ses nombreux avantages pour la sant\u00e9 et ses divers usages culinaires. Originaire des hauts plateaux des Andes, cette racine pr\u00e9sente une composition riche en nutriments essentiels et est reconnue pour son go\u00fbt agr\u00e9able et caram\u00e9lis\u00e9. Cet article se penche sur les bienfaits, les diff\u00e9rentes fa\u00e7ons [&#8230;]\n","protected":false},"featured_media":12019,"template":"","meta":[],"product_brand":[],"product_cat":[100],"product_tag":[],"class_list":{"0":"post-11174","1":"product","2":"type-product","3":"status-publish","4":"has-post-thumbnail","6":"product_cat-bien-etre-beaute","8":"first","9":"instock","10":"shipping-taxable","11":"purchasable","12":"product-type-simple"},"yoast_head":"<!-- This site is optimized with the Yoast SEO plugin v27.3 - https:\/\/yoast.com\/product\/yoast-seo-wordpress\/ -->\n<title>Poudre de maca naturelle | Achat, bienfaits et utilisation | 100g<\/title>\n<meta name=\"description\" content=\"La poudre de maca naturelle gagne en popularit\u00e9 gr\u00e2ce \u00e0 ses nombreux avantages pour la sant\u00e9 et ses divers usages culinaires. D\u00e9couvrez-l\u00e0 !\" \/>\n<meta name=\"robots\" content=\"index, follow, max-snippet:-1, max-image-preview:large, max-video-preview:-1\" \/>\n<link rel=\"canonical\" href=\"https:\/\/www.pause-au-naturelle.com\/es\/producto\/polvo-de-maca\/\" \/>\n<meta property=\"og:locale\" content=\"es_ES\" \/>\n<meta property=\"og:type\" content=\"article\" \/>\n<meta property=\"og:title\" content=\"Poudre de maca naturelle | Achat, bienfaits et utilisation | 100g\" \/>\n<meta property=\"og:description\" content=\"La poudre de maca naturelle gagne en popularit\u00e9 gr\u00e2ce \u00e0 ses nombreux avantages pour la sant\u00e9 et ses divers usages culinaires. D\u00e9couvrez-l\u00e0 !\" \/>\n<meta property=\"og:url\" content=\"https:\/\/www.pause-au-naturelle.com\/es\/producto\/polvo-de-maca\/\" \/>\n<meta property=\"og:site_name\" content=\"Pause au Naturelle\" \/>\n<meta property=\"article:modified_time\" content=\"2026-01-27T21:56:27+00:00\" \/>\n<meta property=\"og:image\" content=\"https:\/\/www.pause-au-naturelle.com\/wp-content\/uploads\/2024\/08\/poudre-de-maca.jpg\" \/>\n\t<meta property=\"og:image:width\" content=\"600\" \/>\n\t<meta property=\"og:image:height\" content=\"600\" \/>\n\t<meta property=\"og:image:type\" content=\"image\/jpeg\" \/>\n<meta name=\"twitter:card\" content=\"summary_large_image\" \/>\n<meta name=\"twitter:label1\" content=\"Tiempo de lectura\" \/>\n\t<meta name=\"twitter:data1\" content=\"5 minutos\" \/>\n<script type=\"application\/ld+json\" class=\"yoast-schema-graph\">{\"@context\":\"https:\\\/\\\/schema.org\",\"@graph\":[{\"@type\":\"WebPage\",\"@id\":\"https:\\\/\\\/www.pause-au-naturelle.com\\\/produit\\\/poudre-de-maca\\\/\",\"url\":\"https:\\\/\\\/www.pause-au-naturelle.com\\\/produit\\\/poudre-de-maca\\\/\",\"name\":\"Poudre de maca naturelle | Achat, bienfaits et utilisation | 100g\",\"isPartOf\":{\"@id\":\"https:\\\/\\\/www.pause-au-naturelle.com\\\/#website\"},\"primaryImageOfPage\":{\"@id\":\"https:\\\/\\\/www.pause-au-naturelle.com\\\/produit\\\/poudre-de-maca\\\/#primaryimage\"},\"image\":{\"@id\":\"https:\\\/\\\/www.pause-au-naturelle.com\\\/produit\\\/poudre-de-maca\\\/#primaryimage\"},\"thumbnailUrl\":\"https:\\\/\\\/www.pause-au-naturelle.com\\\/wp-content\\\/uploads\\\/2024\\\/08\\\/poudre-de-maca.jpg\",\"datePublished\":\"2024-08-02T20:15:04+00:00\",\"dateModified\":\"2026-01-27T21:56:27+00:00\",\"description\":\"La poudre de maca naturelle gagne en popularit\u00e9 gr\u00e2ce \u00e0 ses nombreux avantages pour la sant\u00e9 et ses divers usages culinaires. D\u00e9couvrez-l\u00e0 !\",\"breadcrumb\":{\"@id\":\"https:\\\/\\\/www.pause-au-naturelle.com\\\/produit\\\/poudre-de-maca\\\/#breadcrumb\"},\"inLanguage\":\"es\",\"potentialAction\":[{\"@type\":\"ReadAction\",\"target\":[\"https:\\\/\\\/www.pause-au-naturelle.com\\\/produit\\\/poudre-de-maca\\\/\"]}]},{\"@type\":\"ImageObject\",\"inLanguage\":\"es\",\"@id\":\"https:\\\/\\\/www.pause-au-naturelle.com\\\/produit\\\/poudre-de-maca\\\/#primaryimage\",\"url\":\"https:\\\/\\\/www.pause-au-naturelle.com\\\/wp-content\\\/uploads\\\/2024\\\/08\\\/poudre-de-maca.jpg\",\"contentUrl\":\"https:\\\/\\\/www.pause-au-naturelle.com\\\/wp-content\\\/uploads\\\/2024\\\/08\\\/poudre-de-maca.jpg\",\"width\":600,\"height\":600,\"caption\":\"Poudre de maca naturelle - 100g\"},{\"@type\":\"BreadcrumbList\",\"@id\":\"https:\\\/\\\/www.pause-au-naturelle.com\\\/produit\\\/poudre-de-maca\\\/#breadcrumb\",\"itemListElement\":[{\"@type\":\"ListItem\",\"position\":1,\"name\":\"Boutique\",\"item\":\"https:\\\/\\\/www.pause-au-naturelle.com\\\/boutique\\\/\"},{\"@type\":\"ListItem\",\"position\":2,\"name\":\"Poudre de maca naturelle &#8211; 100g\"}]},{\"@type\":\"WebSite\",\"@id\":\"https:\\\/\\\/www.pause-au-naturelle.com\\\/#website\",\"url\":\"https:\\\/\\\/www.pause-au-naturelle.com\\\/\",\"name\":\"Pause au Naturelle\",\"description\":\"\",\"publisher\":{\"@id\":\"https:\\\/\\\/www.pause-au-naturelle.com\\\/#organization\"},\"potentialAction\":[{\"@type\":\"SearchAction\",\"target\":{\"@type\":\"EntryPoint\",\"urlTemplate\":\"https:\\\/\\\/www.pause-au-naturelle.com\\\/?s={search_term_string}\"},\"query-input\":{\"@type\":\"PropertyValueSpecification\",\"valueRequired\":true,\"valueName\":\"search_term_string\"}}],\"inLanguage\":\"es\"},{\"@type\":\"Organization\",\"@id\":\"https:\\\/\\\/www.pause-au-naturelle.com\\\/#organization\",\"name\":\"Pause au naturelle\",\"url\":\"https:\\\/\\\/www.pause-au-naturelle.com\\\/\",\"logo\":{\"@type\":\"ImageObject\",\"inLanguage\":\"es\",\"@id\":\"https:\\\/\\\/www.pause-au-naturelle.com\\\/#\\\/schema\\\/logo\\\/image\\\/\",\"url\":\"https:\\\/\\\/www.pause-au-naturelle.com\\\/wp-content\\\/uploads\\\/2020\\\/06\\\/logo.png\",\"contentUrl\":\"https:\\\/\\\/www.pause-au-naturelle.com\\\/wp-content\\\/uploads\\\/2020\\\/06\\\/logo.png\",\"width\":250,\"height\":250,\"caption\":\"Pause au naturelle\"},\"image\":{\"@id\":\"https:\\\/\\\/www.pause-au-naturelle.com\\\/#\\\/schema\\\/logo\\\/image\\\/\"}}]}<\/script>\n<!-- \/ Yoast SEO plugin. -->","yoast_head_json":{"title":"Polvo de maca natural | Compra, beneficios y uso | 100 g","description":"El polvo de maca natural est\u00e1 ganando popularidad gracias a sus numerosos beneficios para la salud y sus diversos usos culinarios. \u00a1Desc\u00fabralo!","robots":{"index":"index","follow":"follow","max-snippet":"max-snippet:-1","max-image-preview":"max-image-preview:large","max-video-preview":"max-video-preview:-1"},"canonical":"https:\/\/www.pause-au-naturelle.com\/es\/producto\/polvo-de-maca\/","og_locale":"es_ES","og_type":"article","og_title":"Poudre de maca naturelle | Achat, bienfaits et utilisation | 100g","og_description":"La poudre de maca naturelle gagne en popularit\u00e9 gr\u00e2ce \u00e0 ses nombreux avantages pour la sant\u00e9 et ses divers usages culinaires. D\u00e9couvrez-l\u00e0 !","og_url":"https:\/\/www.pause-au-naturelle.com\/es\/producto\/polvo-de-maca\/","og_site_name":"Pause au Naturelle","article_modified_time":"2026-01-27T21:56:27+00:00","og_image":[{"width":600,"height":600,"url":"https:\/\/www.pause-au-naturelle.com\/wp-content\/uploads\/2024\/08\/poudre-de-maca.jpg","type":"image\/jpeg"}],"twitter_card":"summary_large_image","twitter_misc":{"Tiempo de lectura":"5 minutos"},"schema":{"@context":"https:\/\/schema.org","@graph":[{"@type":"WebPage","@id":"https:\/\/www.pause-au-naturelle.com\/produit\/poudre-de-maca\/","url":"https:\/\/www.pause-au-naturelle.com\/produit\/poudre-de-maca\/","name":"Polvo de maca natural | Compra, beneficios y uso | 100 g","isPartOf":{"@id":"https:\/\/www.pause-au-naturelle.com\/#website"},"primaryImageOfPage":{"@id":"https:\/\/www.pause-au-naturelle.com\/produit\/poudre-de-maca\/#primaryimage"},"image":{"@id":"https:\/\/www.pause-au-naturelle.com\/produit\/poudre-de-maca\/#primaryimage"},"thumbnailUrl":"https:\/\/www.pause-au-naturelle.com\/wp-content\/uploads\/2024\/08\/poudre-de-maca.jpg","datePublished":"2024-08-02T20:15:04+00:00","dateModified":"2026-01-27T21:56:27+00:00","description":"El polvo de maca natural est\u00e1 ganando popularidad gracias a sus numerosos beneficios para la salud y sus diversos usos culinarios. \u00a1Desc\u00fabralo!","breadcrumb":{"@id":"https:\/\/www.pause-au-naturelle.com\/produit\/poudre-de-maca\/#breadcrumb"},"inLanguage":"es","potentialAction":[{"@type":"ReadAction","target":["https:\/\/www.pause-au-naturelle.com\/produit\/poudre-de-maca\/"]}]},{"@type":"ImageObject","inLanguage":"es","@id":"https:\/\/www.pause-au-naturelle.com\/produit\/poudre-de-maca\/#primaryimage","url":"https:\/\/www.pause-au-naturelle.com\/wp-content\/uploads\/2024\/08\/poudre-de-maca.jpg","contentUrl":"https:\/\/www.pause-au-naturelle.com\/wp-content\/uploads\/2024\/08\/poudre-de-maca.jpg","width":600,"height":600,"caption":"Poudre de maca naturelle - 100g"},{"@type":"BreadcrumbList","@id":"https:\/\/www.pause-au-naturelle.com\/produit\/poudre-de-maca\/#breadcrumb","itemListElement":[{"@type":"ListItem","position":1,"name":"Boutique","item":"https:\/\/www.pause-au-naturelle.com\/boutique\/"},{"@type":"ListItem","position":2,"name":"Poudre de maca naturelle &#8211; 100g"}]},{"@type":"WebSite","@id":"https:\/\/www.pause-au-naturelle.com\/#website","url":"https:\/\/www.pause-au-naturelle.com\/","name":"Pausa en la naturaleza","description":"","publisher":{"@id":"https:\/\/www.pause-au-naturelle.com\/#organization"},"potentialAction":[{"@type":"SearchAction","target":{"@type":"EntryPoint","urlTemplate":"https:\/\/www.pause-au-naturelle.com\/?s={search_term_string}"},"query-input":{"@type":"PropertyValueSpecification","valueRequired":true,"valueName":"search_term_string"}}],"inLanguage":"es"},{"@type":"Organization","@id":"https:\/\/www.pause-au-naturelle.com\/#organization","name":"Pausa al aire libre","url":"https:\/\/www.pause-au-naturelle.com\/","logo":{"@type":"ImageObject","inLanguage":"es","@id":"https:\/\/www.pause-au-naturelle.com\/#\/schema\/logo\/image\/","url":"https:\/\/www.pause-au-naturelle.com\/wp-content\/uploads\/2020\/06\/logo.png","contentUrl":"https:\/\/www.pause-au-naturelle.com\/wp-content\/uploads\/2020\/06\/logo.png","width":250,"height":250,"caption":"Pause au naturelle"},"image":{"@id":"https:\/\/www.pause-au-naturelle.com\/#\/schema\/logo\/image\/"}}]}},"_links":{"self":[{"href":"https:\/\/www.pause-au-naturelle.com\/es\/wp-json\/wp\/v2\/product\/11174","targetHints":{"allow":["GET"]}}],"collection":[{"href":"https:\/\/www.pause-au-naturelle.com\/es\/wp-json\/wp\/v2\/product"}],"about":[{"href":"https:\/\/www.pause-au-naturelle.com\/es\/wp-json\/wp\/v2\/types\/product"}],"wp:featuredmedia":[{"embeddable":true,"href":"https:\/\/www.pause-au-naturelle.com\/es\/wp-json\/wp\/v2\/media\/12019"}],"wp:attachment":[{"href":"https:\/\/www.pause-au-naturelle.com\/es\/wp-json\/wp\/v2\/media?parent=11174"}],"wp:term":[{"taxonomy":"product_brand","embeddable":true,"href":"https:\/\/www.pause-au-naturelle.com\/es\/wp-json\/wp\/v2\/product_brand?post=11174"},{"taxonomy":"product_cat","embeddable":true,"href":"https:\/\/www.pause-au-naturelle.com\/es\/wp-json\/wp\/v2\/product_cat?post=11174"},{"taxonomy":"product_tag","embeddable":true,"href":"https:\/\/www.pause-au-naturelle.com\/es\/wp-json\/wp\/v2\/product_tag?post=11174"}],"curies":[{"name":"wp","href":"https:\/\/api.w.org\/{rel}","templated":true}]}}