{"id":11296,"date":"2024-08-14T09:25:32","date_gmt":"2024-08-14T09:25:32","guid":{"rendered":"https:\/\/www.pause-au-naturelle.com\/?post_type=product&#038;p=11296"},"modified":"2025-01-23T19:12:07","modified_gmt":"2025-01-23T19:12:07","slug":"gominolas-con-semillas-de-comino-negro","status":"publish","type":"product","link":"https:\/\/www.pause-au-naturelle.com\/es\/produit\/gummies-a-la-nigelle\/","title":{"rendered":"60 gominolas a base de nigella (sabor a melocot\u00f3n y manzana) \u2013 Miss Nigella"},"content":{"rendered":"<p>Los <strong>gominolas<\/strong> se han vuelto muy populares en el mundo de los complementos alimenticios. Entre estas delicias, las <strong>gominolas<\/strong> a la <strong>nigella<\/strong> est\u00e1n despertando cada vez m\u00e1s inter\u00e9s. Descubramos juntos qu\u00e9 hace que estas gominolas sean tan especiales y c\u00f3mo pueden mejorar tu <strong>salud<\/strong>.<\/p>\n<h2><strong>\u00bfQu\u00e9 es la nigella?<\/strong><\/h2>\n<p>La <strong>nigella<\/strong>, tambi\u00e9n conocida como comino negro, es una peque\u00f1a planta herb\u00e1cea originaria del suroeste asi\u00e1tico. Sus semillas se utilizan desde hace milenios por sus propiedades medicinales.<\/p>\n<h3><strong>Propiedades del aceite de nigella<\/strong><\/h3>\n<p>El\u2019<a href=\"https:\/\/www.pause-au-naturelle.com\/es\/producto\/aceite-de-nigella-egipcio-ecologico-30-ml\/\"><strong>aceite de comino negro<\/strong><\/a> Se extrae de las semillas de esta planta. Es rico en timoquinona, un compuesto bioactivo que le confiere al aceite sus numerosas propiedades beneficiosas. Estas son algunas de las propiedades m\u00e1s destacadas de este aceite:<\/p>\n<ul>\n<li><strong>Antioxidante<\/strong><\/li>\n<li><strong>Antiinflamatorio<\/strong><\/li>\n<li><strong>Antimicrobiano<\/strong><\/li>\n<li>Regenerador para la piel<\/li>\n<\/ul>\n<h2><strong>\u00bfPor qu\u00e9 elegir gominolas de nigella en lugar de c\u00e1psulas o aceite puro?<\/strong><\/h2>\n<p>Los <strong>gominolas<\/strong> ofrecen varias ventajas en comparaci\u00f3n con las formas tradicionales de suplementaci\u00f3n en <strong>aceite de comino negro<\/strong>.<\/p>\n<ul>\n<li><strong>Facilidad de consumo: <\/strong>A diferencia de las c\u00e1psulas o el aceite l\u00edquido, las <strong style=\"color: #555555;\">gominolas<\/strong><span style=\"color: #555555;\"> Son agradables de consumir gracias a su textura suave y su sabor dulce. Esto hace que la cura sea mucho m\u00e1s f\u00e1cil y agradable, especialmente para aquellos a los que no les gusta tragar pastillas o ingerir aceite.<\/span><\/li>\n<\/ul>\n<ul>\n<li><strong>Dosis controlada: <\/strong>Cada gominola contiene una cantidad estandarizada de\u2019<strong style=\"color: #555555;\">aceite de comino negro<\/strong><span style=\"color: #555555;\">. Esto facilita el control de la dosis diaria recomendada sin riesgo de sobredosis.<\/span><\/li>\n<\/ul>\n<h2><strong>Beneficios para la salud de las gominolas con aceite de comino negro<\/strong><\/h2>\n<p>Los <strong>gominolas<\/strong> infusionados con\u2019<strong>aceite de comino negro<\/strong> combinan los beneficios de este aceite con vitaminas y nutrientes complementarios para ofrecer una amplia gama de ventajas para la <strong>salud<\/strong>.<\/p>\n<ul>\n<li><strong>Refuerzo del sistema inmunitario: <\/strong>El\u2019<strong style=\"color: #555555;\">aceite de comino negro<\/strong><span style=\"color: #555555;\"> es conocida por fortalecer el sistema inmunol\u00f3gico gracias a sus propiedades antioxidantes y antiinflamatorias. En combinaci\u00f3n con vitaminas como la vitamina C y la vitamina E, las <\/span><strong style=\"color: #555555;\">gominolas<\/strong><span style=\"color: #555555;\"> pueden ayudar a proteger contra las infecciones comunes.<\/span><\/li>\n<\/ul>\n<ul>\n<li><strong>Mejora de la digesti\u00f3n: <\/strong>La ingesta regular de <strong style=\"color: #555555;\">gominolas<\/strong><span style=\"color: #555555;\"> a la\u2019<\/span><strong style=\"color: #555555;\">aceite de comino negro<\/strong><span style=\"color: #555555;\"> Tambi\u00e9n puede estimular la digesti\u00f3n. La nigella ayuda a equilibrar la flora intestinal y a reducir las molestias digestivas.<\/span><\/li>\n<\/ul>\n<ul>\n<li><strong>Belleza y salud de la piel: <\/strong>Los componentes activos del\u2019<strong style=\"color: #555555;\">aceite de comino negro<\/strong><span style=\"color: #555555;\"> pueden contribuir a una piel sana. Ayudan a combatir las inflamaciones cut\u00e1neas, regulan el sebo y favorecen la reparaci\u00f3n celular, lo que hace que las <\/span><strong style=\"color: #555555;\">gominolas<\/strong><span style=\"color: #555555;\"> beneficiosos para la belleza de la piel.<\/span><\/li>\n<\/ul>\n<h2><strong>Fabricaci\u00f3n y calidad de las gominolas de nigella<\/strong><\/h2>\n<h3><strong>Proceso de fabricaci\u00f3n<\/strong><\/h3>\n<p>La fabricaci\u00f3n de <strong>gominolas<\/strong> implica varios pasos cruciales para garantizar la calidad y la eficacia del producto final:<\/p>\n<ul>\n<li>Selecci\u00f3n de materias primas de alta calidad<\/li>\n<li>Extracci\u00f3n del\u2019<strong>aceite de comino negro<\/strong> seg\u00fan m\u00e9todos respetuosos con los principios activos<\/li>\n<li>Mezcla de los ingredientes para garantizar una dispersi\u00f3n homog\u00e9nea del aceite en cada gominola.<\/li>\n<li>Rigurosos controles de calidad en cada etapa<\/li>\n<\/ul>\n<h3><strong>Criterios de selecci\u00f3n de productos<\/strong><\/h3>\n<p>Al comprar <strong>gominolas<\/strong> a base de\u2019<strong>aceite de comino negro<\/strong>, deben tenerse en cuenta ciertos criterios:<\/p>\n<ul>\n<li><strong>Pureza y procedencia<\/strong> del aceite de comino negro utilizado<\/li>\n<li>Presencia de vitaminas a\u00f1adidas para maximizar los beneficios.<\/li>\n<li>Sin aditivos artificiales ni conservantes. \u00bfQu\u00e9 otras ventajas tienen las gominolas con aceite de comino negro?<\/li>\n<\/ul>","protected":false},"excerpt":{"rendered":"<p><strong>Caracter\u00edsticas:<\/strong><\/p>\n<ul>\n<li>Hemos optado por una vitamina D totalmente vegana procedente del liquen. En cuanto a la vitamina E, protege las c\u00e9lulas del estr\u00e9s oxidativo.<\/li>\n<li>Nuestras gominolas de Nigella son 100% VEGANAS, y nuestro envase es totalmente reciclable.<\/li>\n<li>Nuestras gominolas, con sabor a melocot\u00f3n y manzana, se elaboran y fabrican en el norte de Francia seg\u00fan las certificaciones ISO22000 y HACCP.<\/li>\n<\/ul>","protected":false},"featured_media":11297,"template":"","meta":[],"product_brand":[],"product_cat":[69],"product_tag":[],"class_list":{"0":"post-11296","1":"product","2":"type-product","3":"status-publish","4":"has-post-thumbnail","6":"product_cat-nigelle","8":"first","9":"outofstock","10":"shipping-taxable","11":"purchasable","12":"product-type-simple"},"yoast_head":"<!-- This site is optimized with the Yoast SEO plugin v27.3 - https:\/\/yoast.com\/product\/yoast-seo-wordpress\/ -->\n<title>Gummies \u00e0 la nigelle | Go\u00fbt p\u00eache et pomme | Made in France<\/title>\n<meta name=\"description\" content=\"Les gummies sont devenus tr\u00e8s populaires dans le monde des compl\u00e9ments alimentaires. Les gummies \u00e0 la nigelle suscitent de plus en plus d&#039;int\u00e9r\u00eat.\" \/>\n<meta name=\"robots\" content=\"index, follow, max-snippet:-1, max-image-preview:large, max-video-preview:-1\" \/>\n<link rel=\"canonical\" href=\"https:\/\/www.pause-au-naturelle.com\/es\/producto\/gominolas-con-semillas-de-comino-negro\/\" \/>\n<meta property=\"og:locale\" content=\"es_ES\" \/>\n<meta property=\"og:type\" content=\"article\" \/>\n<meta property=\"og:title\" content=\"Gummies \u00e0 la nigelle | Go\u00fbt p\u00eache et pomme | Made in France\" \/>\n<meta property=\"og:description\" content=\"Les gummies sont devenus tr\u00e8s populaires dans le monde des compl\u00e9ments alimentaires. Les gummies \u00e0 la nigelle suscitent de plus en plus d&#039;int\u00e9r\u00eat.\" \/>\n<meta property=\"og:url\" content=\"https:\/\/www.pause-au-naturelle.com\/es\/producto\/gominolas-con-semillas-de-comino-negro\/\" \/>\n<meta property=\"og:site_name\" content=\"Pause au Naturelle\" \/>\n<meta property=\"article:modified_time\" content=\"2025-01-23T19:12:07+00:00\" \/>\n<meta property=\"og:image\" content=\"https:\/\/www.pause-au-naturelle.com\/wp-content\/uploads\/2024\/08\/gummies-nigelle.jpg\" \/>\n\t<meta property=\"og:image:width\" content=\"600\" \/>\n\t<meta property=\"og:image:height\" content=\"600\" \/>\n\t<meta property=\"og:image:type\" content=\"image\/jpeg\" \/>\n<meta name=\"twitter:card\" content=\"summary_large_image\" \/>\n<meta name=\"twitter:label1\" content=\"Tiempo de lectura\" \/>\n\t<meta name=\"twitter:data1\" content=\"3 minutos\" \/>\n<script type=\"application\/ld+json\" class=\"yoast-schema-graph\">{\"@context\":\"https:\\\/\\\/schema.org\",\"@graph\":[{\"@type\":\"WebPage\",\"@id\":\"https:\\\/\\\/www.pause-au-naturelle.com\\\/produit\\\/gummies-a-la-nigelle\\\/\",\"url\":\"https:\\\/\\\/www.pause-au-naturelle.com\\\/produit\\\/gummies-a-la-nigelle\\\/\",\"name\":\"Gummies \u00e0 la nigelle | Go\u00fbt p\u00eache et pomme | Made in France\",\"isPartOf\":{\"@id\":\"https:\\\/\\\/www.pause-au-naturelle.com\\\/#website\"},\"primaryImageOfPage\":{\"@id\":\"https:\\\/\\\/www.pause-au-naturelle.com\\\/produit\\\/gummies-a-la-nigelle\\\/#primaryimage\"},\"image\":{\"@id\":\"https:\\\/\\\/www.pause-au-naturelle.com\\\/produit\\\/gummies-a-la-nigelle\\\/#primaryimage\"},\"thumbnailUrl\":\"https:\\\/\\\/www.pause-au-naturelle.com\\\/wp-content\\\/uploads\\\/2024\\\/08\\\/gummies-nigelle.jpg\",\"datePublished\":\"2024-08-14T09:25:32+00:00\",\"dateModified\":\"2025-01-23T19:12:07+00:00\",\"description\":\"Les gummies sont devenus tr\u00e8s populaires dans le monde des compl\u00e9ments alimentaires. Les gummies \u00e0 la nigelle suscitent de plus en plus d'int\u00e9r\u00eat.\",\"breadcrumb\":{\"@id\":\"https:\\\/\\\/www.pause-au-naturelle.com\\\/produit\\\/gummies-a-la-nigelle\\\/#breadcrumb\"},\"inLanguage\":\"es\",\"potentialAction\":[{\"@type\":\"ReadAction\",\"target\":[\"https:\\\/\\\/www.pause-au-naturelle.com\\\/produit\\\/gummies-a-la-nigelle\\\/\"]}]},{\"@type\":\"ImageObject\",\"inLanguage\":\"es\",\"@id\":\"https:\\\/\\\/www.pause-au-naturelle.com\\\/produit\\\/gummies-a-la-nigelle\\\/#primaryimage\",\"url\":\"https:\\\/\\\/www.pause-au-naturelle.com\\\/wp-content\\\/uploads\\\/2024\\\/08\\\/gummies-nigelle.jpg\",\"contentUrl\":\"https:\\\/\\\/www.pause-au-naturelle.com\\\/wp-content\\\/uploads\\\/2024\\\/08\\\/gummies-nigelle.jpg\",\"width\":600,\"height\":600,\"caption\":\"Gummies \u00e0 la nigelle\"},{\"@type\":\"BreadcrumbList\",\"@id\":\"https:\\\/\\\/www.pause-au-naturelle.com\\\/produit\\\/gummies-a-la-nigelle\\\/#breadcrumb\",\"itemListElement\":[{\"@type\":\"ListItem\",\"position\":1,\"name\":\"Boutique\",\"item\":\"https:\\\/\\\/www.pause-au-naturelle.com\\\/boutique\\\/\"},{\"@type\":\"ListItem\",\"position\":2,\"name\":\"60 gummies \u00e0 base de nigelle (Go\u00fbt p\u00eache et pomme) &#8211; Miss Nigelle\"}]},{\"@type\":\"WebSite\",\"@id\":\"https:\\\/\\\/www.pause-au-naturelle.com\\\/#website\",\"url\":\"https:\\\/\\\/www.pause-au-naturelle.com\\\/\",\"name\":\"Pause au Naturelle\",\"description\":\"\",\"publisher\":{\"@id\":\"https:\\\/\\\/www.pause-au-naturelle.com\\\/#organization\"},\"potentialAction\":[{\"@type\":\"SearchAction\",\"target\":{\"@type\":\"EntryPoint\",\"urlTemplate\":\"https:\\\/\\\/www.pause-au-naturelle.com\\\/?s={search_term_string}\"},\"query-input\":{\"@type\":\"PropertyValueSpecification\",\"valueRequired\":true,\"valueName\":\"search_term_string\"}}],\"inLanguage\":\"es\"},{\"@type\":\"Organization\",\"@id\":\"https:\\\/\\\/www.pause-au-naturelle.com\\\/#organization\",\"name\":\"Pause au naturelle\",\"url\":\"https:\\\/\\\/www.pause-au-naturelle.com\\\/\",\"logo\":{\"@type\":\"ImageObject\",\"inLanguage\":\"es\",\"@id\":\"https:\\\/\\\/www.pause-au-naturelle.com\\\/#\\\/schema\\\/logo\\\/image\\\/\",\"url\":\"https:\\\/\\\/www.pause-au-naturelle.com\\\/wp-content\\\/uploads\\\/2020\\\/06\\\/logo.png\",\"contentUrl\":\"https:\\\/\\\/www.pause-au-naturelle.com\\\/wp-content\\\/uploads\\\/2020\\\/06\\\/logo.png\",\"width\":250,\"height\":250,\"caption\":\"Pause au naturelle\"},\"image\":{\"@id\":\"https:\\\/\\\/www.pause-au-naturelle.com\\\/#\\\/schema\\\/logo\\\/image\\\/\"}}]}<\/script>\n<!-- \/ Yoast SEO plugin. -->","yoast_head_json":{"title":"Gominolas con semillas de comino negro | Sabor a melocot\u00f3n y manzana | Fabricadas en Francia","description":"Las gominolas se han vuelto muy populares en el mundo de los complementos alimenticios. Las gominolas de comino negro est\u00e1n despertando cada vez m\u00e1s inter\u00e9s.","robots":{"index":"index","follow":"follow","max-snippet":"max-snippet:-1","max-image-preview":"max-image-preview:large","max-video-preview":"max-video-preview:-1"},"canonical":"https:\/\/www.pause-au-naturelle.com\/es\/producto\/gominolas-con-semillas-de-comino-negro\/","og_locale":"es_ES","og_type":"article","og_title":"Gummies \u00e0 la nigelle | Go\u00fbt p\u00eache et pomme | Made in France","og_description":"Les gummies sont devenus tr\u00e8s populaires dans le monde des compl\u00e9ments alimentaires. Les gummies \u00e0 la nigelle suscitent de plus en plus d'int\u00e9r\u00eat.","og_url":"https:\/\/www.pause-au-naturelle.com\/es\/producto\/gominolas-con-semillas-de-comino-negro\/","og_site_name":"Pause au Naturelle","article_modified_time":"2025-01-23T19:12:07+00:00","og_image":[{"width":600,"height":600,"url":"https:\/\/www.pause-au-naturelle.com\/wp-content\/uploads\/2024\/08\/gummies-nigelle.jpg","type":"image\/jpeg"}],"twitter_card":"summary_large_image","twitter_misc":{"Tiempo de lectura":"3 minutos"},"schema":{"@context":"https:\/\/schema.org","@graph":[{"@type":"WebPage","@id":"https:\/\/www.pause-au-naturelle.com\/produit\/gummies-a-la-nigelle\/","url":"https:\/\/www.pause-au-naturelle.com\/produit\/gummies-a-la-nigelle\/","name":"Gominolas con semillas de comino negro | Sabor a melocot\u00f3n y manzana | Fabricadas en Francia","isPartOf":{"@id":"https:\/\/www.pause-au-naturelle.com\/#website"},"primaryImageOfPage":{"@id":"https:\/\/www.pause-au-naturelle.com\/produit\/gummies-a-la-nigelle\/#primaryimage"},"image":{"@id":"https:\/\/www.pause-au-naturelle.com\/produit\/gummies-a-la-nigelle\/#primaryimage"},"thumbnailUrl":"https:\/\/www.pause-au-naturelle.com\/wp-content\/uploads\/2024\/08\/gummies-nigelle.jpg","datePublished":"2024-08-14T09:25:32+00:00","dateModified":"2025-01-23T19:12:07+00:00","description":"Las gominolas se han vuelto muy populares en el mundo de los complementos alimenticios. Las gominolas de comino negro est\u00e1n despertando cada vez m\u00e1s inter\u00e9s.","breadcrumb":{"@id":"https:\/\/www.pause-au-naturelle.com\/produit\/gummies-a-la-nigelle\/#breadcrumb"},"inLanguage":"es","potentialAction":[{"@type":"ReadAction","target":["https:\/\/www.pause-au-naturelle.com\/produit\/gummies-a-la-nigelle\/"]}]},{"@type":"ImageObject","inLanguage":"es","@id":"https:\/\/www.pause-au-naturelle.com\/produit\/gummies-a-la-nigelle\/#primaryimage","url":"https:\/\/www.pause-au-naturelle.com\/wp-content\/uploads\/2024\/08\/gummies-nigelle.jpg","contentUrl":"https:\/\/www.pause-au-naturelle.com\/wp-content\/uploads\/2024\/08\/gummies-nigelle.jpg","width":600,"height":600,"caption":"Gummies \u00e0 la nigelle"},{"@type":"BreadcrumbList","@id":"https:\/\/www.pause-au-naturelle.com\/produit\/gummies-a-la-nigelle\/#breadcrumb","itemListElement":[{"@type":"ListItem","position":1,"name":"Boutique","item":"https:\/\/www.pause-au-naturelle.com\/boutique\/"},{"@type":"ListItem","position":2,"name":"60 gummies \u00e0 base de nigelle (Go\u00fbt p\u00eache et pomme) &#8211; Miss Nigelle"}]},{"@type":"WebSite","@id":"https:\/\/www.pause-au-naturelle.com\/#website","url":"https:\/\/www.pause-au-naturelle.com\/","name":"Pausa en la naturaleza","description":"","publisher":{"@id":"https:\/\/www.pause-au-naturelle.com\/#organization"},"potentialAction":[{"@type":"SearchAction","target":{"@type":"EntryPoint","urlTemplate":"https:\/\/www.pause-au-naturelle.com\/?s={search_term_string}"},"query-input":{"@type":"PropertyValueSpecification","valueRequired":true,"valueName":"search_term_string"}}],"inLanguage":"es"},{"@type":"Organization","@id":"https:\/\/www.pause-au-naturelle.com\/#organization","name":"Pausa al aire libre","url":"https:\/\/www.pause-au-naturelle.com\/","logo":{"@type":"ImageObject","inLanguage":"es","@id":"https:\/\/www.pause-au-naturelle.com\/#\/schema\/logo\/image\/","url":"https:\/\/www.pause-au-naturelle.com\/wp-content\/uploads\/2020\/06\/logo.png","contentUrl":"https:\/\/www.pause-au-naturelle.com\/wp-content\/uploads\/2020\/06\/logo.png","width":250,"height":250,"caption":"Pause au naturelle"},"image":{"@id":"https:\/\/www.pause-au-naturelle.com\/#\/schema\/logo\/image\/"}}]}},"_links":{"self":[{"href":"https:\/\/www.pause-au-naturelle.com\/es\/wp-json\/wp\/v2\/product\/11296","targetHints":{"allow":["GET"]}}],"collection":[{"href":"https:\/\/www.pause-au-naturelle.com\/es\/wp-json\/wp\/v2\/product"}],"about":[{"href":"https:\/\/www.pause-au-naturelle.com\/es\/wp-json\/wp\/v2\/types\/product"}],"wp:featuredmedia":[{"embeddable":true,"href":"https:\/\/www.pause-au-naturelle.com\/es\/wp-json\/wp\/v2\/media\/11297"}],"wp:attachment":[{"href":"https:\/\/www.pause-au-naturelle.com\/es\/wp-json\/wp\/v2\/media?parent=11296"}],"wp:term":[{"taxonomy":"product_brand","embeddable":true,"href":"https:\/\/www.pause-au-naturelle.com\/es\/wp-json\/wp\/v2\/product_brand?post=11296"},{"taxonomy":"product_cat","embeddable":true,"href":"https:\/\/www.pause-au-naturelle.com\/es\/wp-json\/wp\/v2\/product_cat?post=11296"},{"taxonomy":"product_tag","embeddable":true,"href":"https:\/\/www.pause-au-naturelle.com\/es\/wp-json\/wp\/v2\/product_tag?post=11296"}],"curies":[{"name":"wp","href":"https:\/\/api.w.org\/{rel}","templated":true}]}}