{"id":12867,"date":"2025-01-18T17:34:49","date_gmt":"2025-01-18T17:34:49","guid":{"rendered":"https:\/\/www.pause-au-naturelle.com\/?post_type=product&#038;p=12867"},"modified":"2026-01-02T09:32:20","modified_gmt":"2026-01-02T09:32:20","slug":"tetera-marroqui-de-acero-inoxidable-gris-brillante","status":"publish","type":"product","link":"https:\/\/www.pause-au-naturelle.com\/es\/produit\/theiere-marocaine-inox-grise-brillante\/","title":{"rendered":"Tetera marroqu\u00ed de acero inoxidable gris brillante"},"content":{"rendered":"","protected":false},"excerpt":{"rendered":"","protected":false},"featured_media":12862,"template":"","meta":[],"product_brand":[],"product_cat":[95],"product_tag":[],"class_list":{"0":"post-12867","1":"product","2":"type-product","3":"status-publish","4":"has-post-thumbnail","6":"product_cat-theiere-marocaine-inox","8":"first","9":"outofstock","10":"shipping-taxable","11":"purchasable","12":"product-type-simple"},"yoast_head":"<!-- This site is optimized with the Yoast SEO plugin v27.3 - https:\/\/yoast.com\/product\/yoast-seo-wordpress\/ -->\n<title>Th\u00e9i\u00e8re marocaine inox grise brillante | Achat rapide en France<\/title>\n<meta name=\"description\" content=\"Vous aimez prendre le th\u00e9 ? Alors vous allez aimez faire un bon th\u00e9 avec notre th\u00e9i\u00e8re marocaine inox grise brillante. Bon shopping \u00e0 vous !\" \/>\n<meta name=\"robots\" content=\"noindex, nofollow\" \/>\n<meta property=\"og:locale\" content=\"es_ES\" \/>\n<meta property=\"og:type\" content=\"article\" \/>\n<meta property=\"og:title\" content=\"Th\u00e9i\u00e8re marocaine inox grise brillante | Achat rapide en France\" \/>\n<meta property=\"og:description\" content=\"Vous aimez prendre le th\u00e9 ? Alors vous allez aimez faire un bon th\u00e9 avec notre th\u00e9i\u00e8re marocaine inox grise brillante. Bon shopping \u00e0 vous !\" \/>\n<meta property=\"og:url\" content=\"https:\/\/www.pause-au-naturelle.com\/es\/producto\/tetera-marroqui-de-acero-inoxidable-gris-brillante\/\" \/>\n<meta property=\"og:site_name\" content=\"Pause au Naturelle\" \/>\n<meta property=\"article:modified_time\" content=\"2026-01-02T09:32:20+00:00\" \/>\n<meta property=\"og:image\" content=\"https:\/\/www.pause-au-naturelle.com\/wp-content\/uploads\/2021\/02\/theiere-marocaine-grise-brillante.jpg\" \/>\n\t<meta property=\"og:image:width\" content=\"600\" \/>\n\t<meta property=\"og:image:height\" content=\"600\" \/>\n\t<meta property=\"og:image:type\" content=\"image\/jpeg\" \/>\n<meta name=\"twitter:card\" content=\"summary_large_image\" \/>\n<script type=\"application\/ld+json\" class=\"yoast-schema-graph\">{\"@context\":\"https:\\\/\\\/schema.org\",\"@graph\":[{\"@type\":\"WebPage\",\"@id\":\"https:\\\/\\\/www.pause-au-naturelle.com\\\/produit\\\/theiere-marocaine-inox-grise-brillante\\\/\",\"url\":\"https:\\\/\\\/www.pause-au-naturelle.com\\\/produit\\\/theiere-marocaine-inox-grise-brillante\\\/\",\"name\":\"Th\u00e9i\u00e8re marocaine inox grise brillante | Achat rapide en France\",\"isPartOf\":{\"@id\":\"https:\\\/\\\/www.pause-au-naturelle.com\\\/#website\"},\"primaryImageOfPage\":{\"@id\":\"https:\\\/\\\/www.pause-au-naturelle.com\\\/produit\\\/theiere-marocaine-inox-grise-brillante\\\/#primaryimage\"},\"image\":{\"@id\":\"https:\\\/\\\/www.pause-au-naturelle.com\\\/produit\\\/theiere-marocaine-inox-grise-brillante\\\/#primaryimage\"},\"thumbnailUrl\":\"https:\\\/\\\/www.pause-au-naturelle.com\\\/wp-content\\\/uploads\\\/2021\\\/02\\\/theiere-marocaine-grise-brillante.jpg\",\"datePublished\":\"2025-01-18T17:34:49+00:00\",\"dateModified\":\"2026-01-02T09:32:20+00:00\",\"description\":\"Vous aimez prendre le th\u00e9 ? Alors vous allez aimez faire un bon th\u00e9 avec notre th\u00e9i\u00e8re marocaine inox grise brillante. Bon shopping \u00e0 vous !\",\"breadcrumb\":{\"@id\":\"https:\\\/\\\/www.pause-au-naturelle.com\\\/produit\\\/theiere-marocaine-inox-grise-brillante\\\/#breadcrumb\"},\"inLanguage\":\"es\",\"potentialAction\":[{\"@type\":\"ReadAction\",\"target\":[\"https:\\\/\\\/www.pause-au-naturelle.com\\\/produit\\\/theiere-marocaine-inox-grise-brillante\\\/\"]}]},{\"@type\":\"ImageObject\",\"inLanguage\":\"es\",\"@id\":\"https:\\\/\\\/www.pause-au-naturelle.com\\\/produit\\\/theiere-marocaine-inox-grise-brillante\\\/#primaryimage\",\"url\":\"https:\\\/\\\/www.pause-au-naturelle.com\\\/wp-content\\\/uploads\\\/2021\\\/02\\\/theiere-marocaine-grise-brillante.jpg\",\"contentUrl\":\"https:\\\/\\\/www.pause-au-naturelle.com\\\/wp-content\\\/uploads\\\/2021\\\/02\\\/theiere-marocaine-grise-brillante.jpg\",\"width\":600,\"height\":600,\"caption\":\"Th\u00e9i\u00e8re marocaine inox grise brillante\"},{\"@type\":\"BreadcrumbList\",\"@id\":\"https:\\\/\\\/www.pause-au-naturelle.com\\\/produit\\\/theiere-marocaine-inox-grise-brillante\\\/#breadcrumb\",\"itemListElement\":[{\"@type\":\"ListItem\",\"position\":1,\"name\":\"Boutique\",\"item\":\"https:\\\/\\\/www.pause-au-naturelle.com\\\/boutique\\\/\"},{\"@type\":\"ListItem\",\"position\":2,\"name\":\"Th\u00e9i\u00e8re marocaine inox grise brillante\"}]},{\"@type\":\"WebSite\",\"@id\":\"https:\\\/\\\/www.pause-au-naturelle.com\\\/#website\",\"url\":\"https:\\\/\\\/www.pause-au-naturelle.com\\\/\",\"name\":\"Pause au Naturelle\",\"description\":\"\",\"publisher\":{\"@id\":\"https:\\\/\\\/www.pause-au-naturelle.com\\\/#organization\"},\"potentialAction\":[{\"@type\":\"SearchAction\",\"target\":{\"@type\":\"EntryPoint\",\"urlTemplate\":\"https:\\\/\\\/www.pause-au-naturelle.com\\\/?s={search_term_string}\"},\"query-input\":{\"@type\":\"PropertyValueSpecification\",\"valueRequired\":true,\"valueName\":\"search_term_string\"}}],\"inLanguage\":\"es\"},{\"@type\":\"Organization\",\"@id\":\"https:\\\/\\\/www.pause-au-naturelle.com\\\/#organization\",\"name\":\"Pause au naturelle\",\"url\":\"https:\\\/\\\/www.pause-au-naturelle.com\\\/\",\"logo\":{\"@type\":\"ImageObject\",\"inLanguage\":\"es\",\"@id\":\"https:\\\/\\\/www.pause-au-naturelle.com\\\/#\\\/schema\\\/logo\\\/image\\\/\",\"url\":\"https:\\\/\\\/www.pause-au-naturelle.com\\\/wp-content\\\/uploads\\\/2020\\\/06\\\/logo.png\",\"contentUrl\":\"https:\\\/\\\/www.pause-au-naturelle.com\\\/wp-content\\\/uploads\\\/2020\\\/06\\\/logo.png\",\"width\":250,\"height\":250,\"caption\":\"Pause au naturelle\"},\"image\":{\"@id\":\"https:\\\/\\\/www.pause-au-naturelle.com\\\/#\\\/schema\\\/logo\\\/image\\\/\"}}]}<\/script>\n<!-- \/ Yoast SEO plugin. -->","yoast_head_json":{"title":"Tetera marroqu\u00ed de acero inoxidable gris brillante | Compra r\u00e1pida en Francia","description":"\u00bfLe gusta tomar t\u00e9? Entonces le encantar\u00e1 preparar un buen t\u00e9 con nuestra tetera marroqu\u00ed de acero inoxidable gris brillante. \u00a1Feliz compra!","robots":{"index":"noindex","follow":"nofollow"},"og_locale":"es_ES","og_type":"article","og_title":"Th\u00e9i\u00e8re marocaine inox grise brillante | Achat rapide en France","og_description":"Vous aimez prendre le th\u00e9 ? Alors vous allez aimez faire un bon th\u00e9 avec notre th\u00e9i\u00e8re marocaine inox grise brillante. Bon shopping \u00e0 vous !","og_url":"https:\/\/www.pause-au-naturelle.com\/es\/producto\/tetera-marroqui-de-acero-inoxidable-gris-brillante\/","og_site_name":"Pause au Naturelle","article_modified_time":"2026-01-02T09:32:20+00:00","og_image":[{"width":600,"height":600,"url":"https:\/\/www.pause-au-naturelle.com\/wp-content\/uploads\/2021\/02\/theiere-marocaine-grise-brillante.jpg","type":"image\/jpeg"}],"twitter_card":"summary_large_image","schema":{"@context":"https:\/\/schema.org","@graph":[{"@type":"WebPage","@id":"https:\/\/www.pause-au-naturelle.com\/produit\/theiere-marocaine-inox-grise-brillante\/","url":"https:\/\/www.pause-au-naturelle.com\/produit\/theiere-marocaine-inox-grise-brillante\/","name":"Tetera marroqu\u00ed de acero inoxidable gris brillante | Compra r\u00e1pida en Francia","isPartOf":{"@id":"https:\/\/www.pause-au-naturelle.com\/#website"},"primaryImageOfPage":{"@id":"https:\/\/www.pause-au-naturelle.com\/produit\/theiere-marocaine-inox-grise-brillante\/#primaryimage"},"image":{"@id":"https:\/\/www.pause-au-naturelle.com\/produit\/theiere-marocaine-inox-grise-brillante\/#primaryimage"},"thumbnailUrl":"https:\/\/www.pause-au-naturelle.com\/wp-content\/uploads\/2021\/02\/theiere-marocaine-grise-brillante.jpg","datePublished":"2025-01-18T17:34:49+00:00","dateModified":"2026-01-02T09:32:20+00:00","description":"\u00bfLe gusta tomar t\u00e9? Entonces le encantar\u00e1 preparar un buen t\u00e9 con nuestra tetera marroqu\u00ed de acero inoxidable gris brillante. \u00a1Feliz compra!","breadcrumb":{"@id":"https:\/\/www.pause-au-naturelle.com\/produit\/theiere-marocaine-inox-grise-brillante\/#breadcrumb"},"inLanguage":"es","potentialAction":[{"@type":"ReadAction","target":["https:\/\/www.pause-au-naturelle.com\/produit\/theiere-marocaine-inox-grise-brillante\/"]}]},{"@type":"ImageObject","inLanguage":"es","@id":"https:\/\/www.pause-au-naturelle.com\/produit\/theiere-marocaine-inox-grise-brillante\/#primaryimage","url":"https:\/\/www.pause-au-naturelle.com\/wp-content\/uploads\/2021\/02\/theiere-marocaine-grise-brillante.jpg","contentUrl":"https:\/\/www.pause-au-naturelle.com\/wp-content\/uploads\/2021\/02\/theiere-marocaine-grise-brillante.jpg","width":600,"height":600,"caption":"Th\u00e9i\u00e8re marocaine inox grise brillante"},{"@type":"BreadcrumbList","@id":"https:\/\/www.pause-au-naturelle.com\/produit\/theiere-marocaine-inox-grise-brillante\/#breadcrumb","itemListElement":[{"@type":"ListItem","position":1,"name":"Boutique","item":"https:\/\/www.pause-au-naturelle.com\/boutique\/"},{"@type":"ListItem","position":2,"name":"Th\u00e9i\u00e8re marocaine inox grise brillante"}]},{"@type":"WebSite","@id":"https:\/\/www.pause-au-naturelle.com\/#website","url":"https:\/\/www.pause-au-naturelle.com\/","name":"Pausa en la naturaleza","description":"","publisher":{"@id":"https:\/\/www.pause-au-naturelle.com\/#organization"},"potentialAction":[{"@type":"SearchAction","target":{"@type":"EntryPoint","urlTemplate":"https:\/\/www.pause-au-naturelle.com\/?s={search_term_string}"},"query-input":{"@type":"PropertyValueSpecification","valueRequired":true,"valueName":"search_term_string"}}],"inLanguage":"es"},{"@type":"Organization","@id":"https:\/\/www.pause-au-naturelle.com\/#organization","name":"Pausa al aire libre","url":"https:\/\/www.pause-au-naturelle.com\/","logo":{"@type":"ImageObject","inLanguage":"es","@id":"https:\/\/www.pause-au-naturelle.com\/#\/schema\/logo\/image\/","url":"https:\/\/www.pause-au-naturelle.com\/wp-content\/uploads\/2020\/06\/logo.png","contentUrl":"https:\/\/www.pause-au-naturelle.com\/wp-content\/uploads\/2020\/06\/logo.png","width":250,"height":250,"caption":"Pause au naturelle"},"image":{"@id":"https:\/\/www.pause-au-naturelle.com\/#\/schema\/logo\/image\/"}}]}},"_links":{"self":[{"href":"https:\/\/www.pause-au-naturelle.com\/es\/wp-json\/wp\/v2\/product\/12867","targetHints":{"allow":["GET"]}}],"collection":[{"href":"https:\/\/www.pause-au-naturelle.com\/es\/wp-json\/wp\/v2\/product"}],"about":[{"href":"https:\/\/www.pause-au-naturelle.com\/es\/wp-json\/wp\/v2\/types\/product"}],"wp:featuredmedia":[{"embeddable":true,"href":"https:\/\/www.pause-au-naturelle.com\/es\/wp-json\/wp\/v2\/media\/12862"}],"wp:attachment":[{"href":"https:\/\/www.pause-au-naturelle.com\/es\/wp-json\/wp\/v2\/media?parent=12867"}],"wp:term":[{"taxonomy":"product_brand","embeddable":true,"href":"https:\/\/www.pause-au-naturelle.com\/es\/wp-json\/wp\/v2\/product_brand?post=12867"},{"taxonomy":"product_cat","embeddable":true,"href":"https:\/\/www.pause-au-naturelle.com\/es\/wp-json\/wp\/v2\/product_cat?post=12867"},{"taxonomy":"product_tag","embeddable":true,"href":"https:\/\/www.pause-au-naturelle.com\/es\/wp-json\/wp\/v2\/product_tag?post=12867"}],"curies":[{"name":"wp","href":"https:\/\/api.w.org\/{rel}","templated":true}]}}