{"id":15710,"date":"2025-09-09T12:08:20","date_gmt":"2025-09-09T12:08:20","guid":{"rendered":"https:\/\/www.pause-au-naturelle.com\/?post_type=product&#038;p=15710"},"modified":"2026-04-26T15:13:22","modified_gmt":"2026-04-26T15:13:22","slug":"ghassoul-con-nila","status":"publish","type":"product","link":"https:\/\/www.pause-au-naturelle.com\/es\/produit\/ghassoul-au-nila\/","title":{"rendered":"Ghassoul con nila (100% natural) \u2013 100 g"},"content":{"rendered":"<p><strong>El tratamiento tradicional procedente de las monta\u00f1as de Marruecos y del S\u00e1hara.<\/strong> sigue enriqueciendo las rutinas de belleza modernas. La combinaci\u00f3n entre el <strong>ghassoul<\/strong> (o rhassoul, tambi\u00e9n llamado <strong>arcilla marroqu\u00ed<\/strong>) y el <strong>nila<\/strong>, este polvo mineral azul con propiedades \u00fanicas, atrae cada vez m\u00e1s la atenci\u00f3n de quienes buscan una soluci\u00f3n natural para el\u2019<strong>Aclaramiento y unificaci\u00f3n del tono de piel.<\/strong>. Este d\u00fao tambi\u00e9n garantiza una <strong>purificaci\u00f3n<\/strong> y un <strong>limpieza a fondo<\/strong> de la piel. Sum\u00e9rjase en el fascinante universo de esta aut\u00e9ntica alianza y descubra c\u00f3mo estos ingredientes naturales transforman el <strong>cuidado facial, corporal y capilar<\/strong>.<\/p>\n<h2>Origen y composici\u00f3n del ghassoul al nila<\/h2>\n<p><strong>El ghassoul<\/strong> tiene su origen en los <strong>monta\u00f1as marroqu\u00edes<\/strong>, donde se extrae y se reduce a una fina <strong>polvo arcilloso<\/strong>. Utilizado desde hace siglos, este tesoro natural se distingue por su riqueza en <strong>minerales esenciales<\/strong> como el magnesio y el silicio, que participan activamente en el bienestar de la piel. Por su parte, <strong>el nila<\/strong> aporta un toque ex\u00f3tico procedente de <strong>S\u00e1hara<\/strong> : esto <strong>mineral azul<\/strong>, a veces denominado <strong>n\u00edlido \u00edndigo<\/strong> o <strong>nila azul<\/strong>, procede de una roca poco com\u00fan con una textura sedosa.<\/p>\n<p>La alianza del <strong>ghassoul<\/strong> y del <strong>nila<\/strong> puede presentarse en forma de mezclas listas para usar o recetas caseras personalizables. Esta sinergia revela toda la magia de un <strong>cuidado 100 % natural %<\/strong> heredado de tradiciones ancestrales, que permite obtener resultados visibles en la <strong>luminosidad de la tez<\/strong> y la <strong>nitidez de la piel<\/strong>.<\/p>\n<h2>\u00bfCu\u00e1les son los beneficios conocidos de este d\u00fao natural?<\/h2>\n<p>Utilizar esta mezcla como <strong>cuidado facial, corporal o capilar<\/strong> ofrece multitud de ventajas, que seducen tanto a los aficionados al <strong>cosm\u00e9ticos naturales<\/strong> que aquellos que se preocupan por su aspecto general. Descubramos juntos los <strong>propiedades espec\u00edficas<\/strong> de cada ingrediente y sus efectos combinados con una aplicaci\u00f3n regular.<\/p>\n<h3>Purificaci\u00f3n y limpieza profunda, un ritual imprescindible<\/h3>\n<p>Desde el primer uso, <strong>El ghassoul act\u00faa como una esponja mineral absorbente.<\/strong>. Captura eficazmente las impurezas, el exceso de sebo y las part\u00edculas contaminantes incrustadas en la piel. Sus capacidades purificantes superan a las de muchos otros productos. <strong>arcillas naturales<\/strong>, proporcionando as\u00ed una sensaci\u00f3n de <strong>frescor inmediato y duradero<\/strong>. Para los adeptos a las aplicaciones tradicionales, el <a href=\"https:\/\/www.pause-au-naturelle.com\/es\/producto\/arcilla-ghassoul-en-trozos-100-g\/\">ghassoul arcilla en trozos<\/a> permite un uso sencillo, eficaz y respetuoso con el pH de la piel y el cabello.<\/p>\n<p>La incorporaci\u00f3n del <strong>nila<\/strong> refuerza esta acci\u00f3n limpiadora, al tiempo que confiere una textura suave que respeta incluso las pieles sensibles. Esta mezcla permite, por tanto, un <strong>limpieza a fondo<\/strong> sin agredir ni resecar la piel, preservando as\u00ed su equilibrio natural.<\/p>\n<h3>Aclaramiento y unificaci\u00f3n del tono de piel, el efecto caracter\u00edstico.<\/h3>\n<p>Muchos buscan este efecto \u00ab <strong>piel luminosa<\/strong> \u00bb obtenido gracias al uso conjunto del <strong>ghassoul y nila<\/strong>. Gracias a sus propiedades <strong>antimanchas<\/strong> y <strong>antioscurecimiento<\/strong>, el nila favorece la atenuaci\u00f3n progresiva de las marcas pigmentarias y contribuye a <strong>unificar el tono de la piel<\/strong>. Su pigmento azul natural ayuda a neutralizar visualmente los tonos amarillentos o apagados de la tez.<\/p>\n<p>Adem\u00e1s, la suave acci\u00f3n exfoliante del <strong>ghassoul<\/strong> estimula la regeneraci\u00f3n celular, mejorando a\u00fan m\u00e1s la uniformidad y el brillo natural de la piel. Este d\u00fao se est\u00e1 convirtiendo r\u00e1pidamente en un ritual de belleza imprescindible para todas aquellas personas que sufren irregularidades pigmentarias o desean realzar su tez. Adem\u00e1s, el <a href=\"https:\/\/www.pause-au-naturelle.com\/es\/producto\/champu-solido-nila-aprox-80-g-assali\/\">champ\u00fa s\u00f3lido nila<\/a> Ayuda a nutrir la fibra capilar a la vez que aporta luminosidad e hidrataci\u00f3n, ideal para completar tu rutina natural.<\/p>\n<h2>M\u00faltiples usos para una rutina de belleza simplificada<\/h2>\n<p>Este <strong>mezcla natural<\/strong> no se limita al uso facial. Las virtudes del <strong>ghassoul con nila<\/strong> se adaptan perfectamente al <strong>cuidado del cabello<\/strong> as\u00ed como para cuidados corporales intensivos. Su versatilidad lo convierte en un aliado imprescindible en los cuartos de ba\u00f1o actuales, siempre en busca de <strong>f\u00f3rmulas eficaces y r\u00e1pidas<\/strong> para integrar en la rutina diaria.<\/p>\n<h3>Aplicaci\u00f3n en el rostro y el cuerpo<\/h3>\n<p>Para beneficiarse de sus <strong>beneficios<\/strong>, basta con preparar una pasta con un poco de agua tibia y aplicarla generosamente sobre el rostro o las zonas del cuerpo que se deseen tratar. En pocos minutos, la mascarilla se seca y se aclara f\u00e1cilmente, dejando la piel <strong>hidratada<\/strong>, flexible y visiblemente m\u00e1s clara. Las pieles propensas a la sequedad o la descamaci\u00f3n aprecian especialmente este tratamiento peri\u00f3dico, aut\u00e9ntica fuente de\u2019<strong>hidrataci\u00f3n<\/strong> y reducci\u00f3n de la sequ\u00eda.<\/p>\n<p>Incorporar este gesto dos veces por semana contribuye activamente a la prevenci\u00f3n de las manchas rebeldes y potencia progresivamente la <strong>luminosidad natural de la piel<\/strong>.<\/p>\n<h3>Tratamiento capilar que combina suavidad y brillo<\/h3>\n<p><strong>El ghassoul con nila<\/strong> tambi\u00e9n se invita a s\u00ed mismo en la rutina capilar. Utilizado como <strong>mascarilla o champ\u00fa suave<\/strong>, elimina suavemente los residuos de productos de peinado, controla el exceso de sebo y preserva el equilibrio del cuero cabelludo. Su uso repetido ayuda a revelar la <strong>brillo natural del cabello<\/strong>, minimizando las roturas y las puntas secas gracias a sus <strong>propiedades hidratantes<\/strong>.<\/p>\n<p>El cabello apagado, el cuero cabelludo sensible o las puntas abiertas recuperan su brillo tras cada aplicaci\u00f3n. Dependiendo de la frecuencia de uso, es adecuado para diversos tipos de cabello, incluyendo los rizos o los cabellos rebeldes.<\/p>\n<h2>\u00bfC\u00f3mo elegir y comprar ghassoul con nila?<\/h2>\n<p>La b\u00fasqueda de\u2019<strong>ingredientes puros<\/strong> y correctamente documentados es esencial para aprovechar todas las ventajas de un <strong>tratamiento a base de ghassoul (rhassoul) y nila<\/strong>. A continuaci\u00f3n, le ofrecemos algunos consejos para seleccionar el producto adecuado seg\u00fan sus necesidades:<\/p>\n<ul>\n<li><strong>Verificar el origen geogr\u00e1fico<\/strong> : dar prioridad a los extractos procedentes directamente del <strong>Marruecos<\/strong> para la arcilla y del <strong>S\u00e1hara<\/strong> para el nila<\/li>\n<li><strong>Prefiere un polvo fino.<\/strong>, sin tratar, sin aditivos qu\u00edmicos<\/li>\n<li><strong>Optar por un envase herm\u00e9tico<\/strong> para preservar la pureza de la f\u00f3rmula<\/li>\n<\/ul>\n<p>Para aquellos que deseen <strong>comprar en l\u00ednea<\/strong>, el sitio web <strong>https:\/\/www.pause-au-naturelle.com\/<\/strong> ofrece diferentes f\u00f3rmulas listas para usar. Comprobar la presencia de etiquetas o certificaciones garantiza la calidad de los productos, lo que refuerza la confianza al realizar el pedido.<\/p>\n<h2>Preguntas frecuentes sobre el ghassoul con nila<\/h2>\n<div itemscope=\"\" itemtype=\"https:\/\/schema.org\/FAQPage\">\n<div itemprop=\"mainEntity\" itemscope=\"\" itemtype=\"https:\/\/schema.org\/Question\">\n<h3 itemprop=\"name\">\u00bfQu\u00e9 diferencias hay entre el ghassoul normal y el ghassoul con nila?<\/h3>\n<div itemprop=\"acceptedAnswer\" itemscope=\"\" itemtype=\"https:\/\/schema.org\/Answer\">\n<div itemprop=\"text\">\n<p><strong>El ghassoul<\/strong>, tambi\u00e9n conocido como <strong>rhassoul<\/strong> o <strong>arcilla marroqu\u00ed<\/strong>, es conocido desde hace mucho tiempo por sus poderes purificantes y su capacidad para absorber las impurezas. Con la incorporaci\u00f3n del <strong>nila<\/strong>, polvo mineral azul, gana un <strong>efecto aclarante y unificador adicional<\/strong>, muy \u00fatil contra las manchas y las zonas oscuras. Por lo tanto, este d\u00fao no solo ofrece la purificaci\u00f3n cl\u00e1sica, sino tambi\u00e9n una mejora real y visible del cutis.<\/p>\n<ul>\n<li>Capacidad absorbente y limpiadora del ghassoul<\/li>\n<li>Acci\u00f3n antimanchas y uniformizante del nila<\/li>\n<\/ul>\n<table>\n<tbody>\n<tr>\n<th>Propiedad<\/th>\n<th>Ghassoul solo<\/th>\n<th>Ghassoul con nila<\/th>\n<\/tr>\n<tr>\n<td>Limpieza<\/td>\n<td>Elevado<\/td>\n<td>Elevado<\/td>\n<\/tr>\n<tr>\n<td>Unificaci\u00f3n del tono de piel<\/td>\n<td>Medio<\/td>\n<td>Muy fuerte<\/td>\n<\/tr>\n<tr>\n<td>Antimanchas<\/td>\n<td>D\u00e9bil<\/td>\n<td>Marcado<\/td>\n<\/tr>\n<\/tbody>\n<\/table>\n<\/div>\n<\/div>\n<\/div>\n<div itemprop=\"mainEntity\" itemscope=\"\" itemtype=\"https:\/\/schema.org\/Question\">\n<h3 itemprop=\"name\">\u00bfCon qu\u00e9 frecuencia hay que usar el ghassoul con nila para ver resultados?<\/h3>\n<div itemprop=\"acceptedAnswer\" itemscope=\"\" itemtype=\"https:\/\/schema.org\/Answer\">\n<div itemprop=\"text\">\n<p>Por lo general, basta con aplicar el producto dos veces por semana para observar una <strong>piel m\u00e1s limpia y uniforme<\/strong>. Adecuado para la mayor\u00eda de los tipos de piel, el tratamiento se integra f\u00e1cilmente en la rutina semanal, en <strong>cuidado facial<\/strong>, en el <strong>cuerpo<\/strong> como en los <strong>cabello<\/strong>. Para algunos, un uso m\u00e1s espaciado es adecuado en caso de <strong>piel muy seca o sensible<\/strong>.<\/p>\n<ul>\n<li>1 o 2 veces por semana para el rostro.<\/li>\n<li>Hasta una vez por semana para el cabello.<\/li>\n<\/ul>\n<\/div>\n<\/div>\n<\/div>\n<div itemprop=\"mainEntity\" itemscope=\"\" itemtype=\"https:\/\/schema.org\/Question\">\n<h3 itemprop=\"name\">\u00bfQu\u00e9 consejos hay para preparar bien la comida en casa?<\/h3>\n<div itemprop=\"acceptedAnswer\" itemscope=\"\" itemtype=\"https:\/\/schema.org\/Answer\">\n<div itemprop=\"text\">\n<p>Simplemente mezclar la <strong>polvo de ghassoul y nila<\/strong> con agua tibia hasta obtener una consistencia cremosa. Aplicar sobre <strong>piel limpia<\/strong>, dejar actuar unos minutos y aclarar con agua limpia. Unas gotas de aceite vegetal, como el\u2019<strong>aceite de arg\u00e1n<\/strong>, pueden a\u00f1adirse para potenciar la hidrataci\u00f3n y limitar la sequedad. Esta receta es adecuada tanto para el <strong>rostro<\/strong> que para el <strong>cuerpo<\/strong>.<\/p>\n<ul>\n<li>Respete las dosis para evitar el efecto resecante.<\/li>\n<li>Nunca dejar que se seque completamente sobre la piel para preservar la hidrataci\u00f3n.<\/li>\n<\/ul>\n<\/div>\n<\/div>\n<\/div>\n<div itemprop=\"mainEntity\" itemscope=\"\" itemtype=\"https:\/\/schema.org\/Question\">\n<h3 itemprop=\"name\">\u00bfEl ghassoul con nila es adecuado para todo tipo de pieles?<\/h3>\n<div itemprop=\"acceptedAnswer\" itemscope=\"\" itemtype=\"https:\/\/schema.org\/Answer\">\n<div itemprop=\"text\">\n<p>La mayor\u00eda de los tipos de piel pueden beneficiarse de sus propiedades. <strong>propiedades naturales<\/strong>, pero para pieles muy sensibles o at\u00f3picas, se recomienda realizar una prueba previa en una zona peque\u00f1a. Su f\u00f3rmula natural derivada del <strong>Marruecos<\/strong> y del <strong>S\u00e1hara<\/strong> reduce el riesgo de irritaci\u00f3n, al tiempo que ayuda a <strong>hidratar<\/strong> y a <strong>unificar el tono de la piel<\/strong>. Para pieles grasas o mixtas, sus <strong>efectos matificantes y uniformizantes<\/strong> proporcionan r\u00e1pidamente un cutis fresco y luminoso.<\/p>\n<\/div>\n<\/div>\n<\/div>\n<\/div>","protected":false},"excerpt":{"rendered":"<p>Disfrute de un ritual de belleza ancestral con el ghassoul con nila. Rico en minerales, <strong>Esta arcilla purifica suavemente tu piel.<\/strong> y tu cabello, mientras que el polvo de nila revela su brillo natural.<\/p>","protected":false},"featured_media":15712,"template":"","meta":[],"product_brand":[],"product_cat":[100],"product_tag":[],"class_list":{"0":"post-15710","1":"product","2":"type-product","3":"status-publish","4":"has-post-thumbnail","6":"product_cat-bien-etre-beaute","8":"first","9":"instock","10":"shipping-taxable","11":"purchasable","12":"product-type-simple"},"yoast_head":"<!-- This site is optimized with the Yoast SEO plugin v27.3 - https:\/\/yoast.com\/product\/yoast-seo-wordpress\/ -->\n<title>Ghassoul au nila \u00e0 l&#039;achat | Bienfaits pour la peau | 100g<\/title>\n<meta name=\"description\" content=\"Explorez les vertus du ghassoul au nila, un soin naturel qui purifie et \u00e9claircit votre teint. Transformez votre routine beaut\u00e9 d\u00e8s aujourd&#039;hui !\" \/>\n<meta name=\"robots\" content=\"index, follow, max-snippet:-1, max-image-preview:large, max-video-preview:-1\" \/>\n<link rel=\"canonical\" href=\"https:\/\/www.pause-au-naturelle.com\/es\/producto\/ghassoul-con-nila\/\" \/>\n<meta property=\"og:locale\" content=\"es_ES\" \/>\n<meta property=\"og:type\" content=\"article\" \/>\n<meta property=\"og:title\" content=\"Ghassoul au nila \u00e0 l&#039;achat | Bienfaits pour la peau | 100g\" \/>\n<meta property=\"og:description\" content=\"Explorez les vertus du ghassoul au nila, un soin naturel qui purifie et \u00e9claircit votre teint. Transformez votre routine beaut\u00e9 d\u00e8s aujourd&#039;hui !\" \/>\n<meta property=\"og:url\" content=\"https:\/\/www.pause-au-naturelle.com\/es\/producto\/ghassoul-con-nila\/\" \/>\n<meta property=\"og:site_name\" content=\"Pause au Naturelle\" \/>\n<meta property=\"article:modified_time\" content=\"2026-04-26T15:13:22+00:00\" \/>\n<meta property=\"og:image\" content=\"https:\/\/www.pause-au-naturelle.com\/wp-content\/uploads\/2025\/09\/ghassoul-au-nila-1.jpg\" \/>\n\t<meta property=\"og:image:width\" content=\"600\" \/>\n\t<meta property=\"og:image:height\" content=\"600\" \/>\n\t<meta property=\"og:image:type\" content=\"image\/jpeg\" \/>\n<meta name=\"twitter:card\" content=\"summary_large_image\" \/>\n<meta name=\"twitter:label1\" content=\"Tiempo de lectura\" \/>\n\t<meta name=\"twitter:data1\" content=\"9 minutos\" \/>\n<script type=\"application\/ld+json\" class=\"yoast-schema-graph\">{\"@context\":\"https:\\\/\\\/schema.org\",\"@graph\":[{\"@type\":\"WebPage\",\"@id\":\"https:\\\/\\\/www.pause-au-naturelle.com\\\/produit\\\/ghassoul-au-nila\\\/\",\"url\":\"https:\\\/\\\/www.pause-au-naturelle.com\\\/produit\\\/ghassoul-au-nila\\\/\",\"name\":\"Ghassoul au nila \u00e0 l'achat | Bienfaits pour la peau | 100g\",\"isPartOf\":{\"@id\":\"https:\\\/\\\/www.pause-au-naturelle.com\\\/#website\"},\"primaryImageOfPage\":{\"@id\":\"https:\\\/\\\/www.pause-au-naturelle.com\\\/produit\\\/ghassoul-au-nila\\\/#primaryimage\"},\"image\":{\"@id\":\"https:\\\/\\\/www.pause-au-naturelle.com\\\/produit\\\/ghassoul-au-nila\\\/#primaryimage\"},\"thumbnailUrl\":\"https:\\\/\\\/www.pause-au-naturelle.com\\\/wp-content\\\/uploads\\\/2025\\\/09\\\/ghassoul-au-nila-1.jpg\",\"datePublished\":\"2025-09-09T12:08:20+00:00\",\"dateModified\":\"2026-04-26T15:13:22+00:00\",\"description\":\"Explorez les vertus du ghassoul au nila, un soin naturel qui purifie et \u00e9claircit votre teint. Transformez votre routine beaut\u00e9 d\u00e8s aujourd'hui !\",\"breadcrumb\":{\"@id\":\"https:\\\/\\\/www.pause-au-naturelle.com\\\/produit\\\/ghassoul-au-nila\\\/#breadcrumb\"},\"inLanguage\":\"es\",\"potentialAction\":[{\"@type\":\"ReadAction\",\"target\":[\"https:\\\/\\\/www.pause-au-naturelle.com\\\/produit\\\/ghassoul-au-nila\\\/\"]}]},{\"@type\":\"ImageObject\",\"inLanguage\":\"es\",\"@id\":\"https:\\\/\\\/www.pause-au-naturelle.com\\\/produit\\\/ghassoul-au-nila\\\/#primaryimage\",\"url\":\"https:\\\/\\\/www.pause-au-naturelle.com\\\/wp-content\\\/uploads\\\/2025\\\/09\\\/ghassoul-au-nila-1.jpg\",\"contentUrl\":\"https:\\\/\\\/www.pause-au-naturelle.com\\\/wp-content\\\/uploads\\\/2025\\\/09\\\/ghassoul-au-nila-1.jpg\",\"width\":600,\"height\":600,\"caption\":\"Ghassoul au nila (100% naturel) - 100g\"},{\"@type\":\"BreadcrumbList\",\"@id\":\"https:\\\/\\\/www.pause-au-naturelle.com\\\/produit\\\/ghassoul-au-nila\\\/#breadcrumb\",\"itemListElement\":[{\"@type\":\"ListItem\",\"position\":1,\"name\":\"Boutique\",\"item\":\"https:\\\/\\\/www.pause-au-naturelle.com\\\/boutique\\\/\"},{\"@type\":\"ListItem\",\"position\":2,\"name\":\"Ghassoul au nila (100% naturel) &#8211; 100g\"}]},{\"@type\":\"WebSite\",\"@id\":\"https:\\\/\\\/www.pause-au-naturelle.com\\\/#website\",\"url\":\"https:\\\/\\\/www.pause-au-naturelle.com\\\/\",\"name\":\"Pause au Naturelle\",\"description\":\"\",\"publisher\":{\"@id\":\"https:\\\/\\\/www.pause-au-naturelle.com\\\/#organization\"},\"potentialAction\":[{\"@type\":\"SearchAction\",\"target\":{\"@type\":\"EntryPoint\",\"urlTemplate\":\"https:\\\/\\\/www.pause-au-naturelle.com\\\/?s={search_term_string}\"},\"query-input\":{\"@type\":\"PropertyValueSpecification\",\"valueRequired\":true,\"valueName\":\"search_term_string\"}}],\"inLanguage\":\"es\"},{\"@type\":\"Organization\",\"@id\":\"https:\\\/\\\/www.pause-au-naturelle.com\\\/#organization\",\"name\":\"Pause au naturelle\",\"url\":\"https:\\\/\\\/www.pause-au-naturelle.com\\\/\",\"logo\":{\"@type\":\"ImageObject\",\"inLanguage\":\"es\",\"@id\":\"https:\\\/\\\/www.pause-au-naturelle.com\\\/#\\\/schema\\\/logo\\\/image\\\/\",\"url\":\"https:\\\/\\\/www.pause-au-naturelle.com\\\/wp-content\\\/uploads\\\/2020\\\/06\\\/logo.png\",\"contentUrl\":\"https:\\\/\\\/www.pause-au-naturelle.com\\\/wp-content\\\/uploads\\\/2020\\\/06\\\/logo.png\",\"width\":250,\"height\":250,\"caption\":\"Pause au naturelle\"},\"image\":{\"@id\":\"https:\\\/\\\/www.pause-au-naturelle.com\\\/#\\\/schema\\\/logo\\\/image\\\/\"}}]}<\/script>\n<!-- \/ Yoast SEO plugin. -->","yoast_head_json":{"title":"Ghassoul con nila al comprar | Beneficios para la piel | 100 g","description":"Descubra las propiedades del ghassoul con nila, un tratamiento natural que purifica y aclara el cutis. \u00a1Transforme su rutina de belleza hoy mismo!","robots":{"index":"index","follow":"follow","max-snippet":"max-snippet:-1","max-image-preview":"max-image-preview:large","max-video-preview":"max-video-preview:-1"},"canonical":"https:\/\/www.pause-au-naturelle.com\/es\/producto\/ghassoul-con-nila\/","og_locale":"es_ES","og_type":"article","og_title":"Ghassoul au nila \u00e0 l'achat | Bienfaits pour la peau | 100g","og_description":"Explorez les vertus du ghassoul au nila, un soin naturel qui purifie et \u00e9claircit votre teint. Transformez votre routine beaut\u00e9 d\u00e8s aujourd'hui !","og_url":"https:\/\/www.pause-au-naturelle.com\/es\/producto\/ghassoul-con-nila\/","og_site_name":"Pause au Naturelle","article_modified_time":"2026-04-26T15:13:22+00:00","og_image":[{"width":600,"height":600,"url":"https:\/\/www.pause-au-naturelle.com\/wp-content\/uploads\/2025\/09\/ghassoul-au-nila-1.jpg","type":"image\/jpeg"}],"twitter_card":"summary_large_image","twitter_misc":{"Tiempo de lectura":"9 minutos"},"schema":{"@context":"https:\/\/schema.org","@graph":[{"@type":"WebPage","@id":"https:\/\/www.pause-au-naturelle.com\/produit\/ghassoul-au-nila\/","url":"https:\/\/www.pause-au-naturelle.com\/produit\/ghassoul-au-nila\/","name":"Ghassoul con nila al comprar | Beneficios para la piel | 100 g","isPartOf":{"@id":"https:\/\/www.pause-au-naturelle.com\/#website"},"primaryImageOfPage":{"@id":"https:\/\/www.pause-au-naturelle.com\/produit\/ghassoul-au-nila\/#primaryimage"},"image":{"@id":"https:\/\/www.pause-au-naturelle.com\/produit\/ghassoul-au-nila\/#primaryimage"},"thumbnailUrl":"https:\/\/www.pause-au-naturelle.com\/wp-content\/uploads\/2025\/09\/ghassoul-au-nila-1.jpg","datePublished":"2025-09-09T12:08:20+00:00","dateModified":"2026-04-26T15:13:22+00:00","description":"Descubra las propiedades del ghassoul con nila, un tratamiento natural que purifica y aclara el cutis. \u00a1Transforme su rutina de belleza hoy mismo!","breadcrumb":{"@id":"https:\/\/www.pause-au-naturelle.com\/produit\/ghassoul-au-nila\/#breadcrumb"},"inLanguage":"es","potentialAction":[{"@type":"ReadAction","target":["https:\/\/www.pause-au-naturelle.com\/produit\/ghassoul-au-nila\/"]}]},{"@type":"ImageObject","inLanguage":"es","@id":"https:\/\/www.pause-au-naturelle.com\/produit\/ghassoul-au-nila\/#primaryimage","url":"https:\/\/www.pause-au-naturelle.com\/wp-content\/uploads\/2025\/09\/ghassoul-au-nila-1.jpg","contentUrl":"https:\/\/www.pause-au-naturelle.com\/wp-content\/uploads\/2025\/09\/ghassoul-au-nila-1.jpg","width":600,"height":600,"caption":"Ghassoul au nila (100% naturel) - 100g"},{"@type":"BreadcrumbList","@id":"https:\/\/www.pause-au-naturelle.com\/produit\/ghassoul-au-nila\/#breadcrumb","itemListElement":[{"@type":"ListItem","position":1,"name":"Boutique","item":"https:\/\/www.pause-au-naturelle.com\/boutique\/"},{"@type":"ListItem","position":2,"name":"Ghassoul au nila (100% naturel) &#8211; 100g"}]},{"@type":"WebSite","@id":"https:\/\/www.pause-au-naturelle.com\/#website","url":"https:\/\/www.pause-au-naturelle.com\/","name":"Pausa en la naturaleza","description":"","publisher":{"@id":"https:\/\/www.pause-au-naturelle.com\/#organization"},"potentialAction":[{"@type":"SearchAction","target":{"@type":"EntryPoint","urlTemplate":"https:\/\/www.pause-au-naturelle.com\/?s={search_term_string}"},"query-input":{"@type":"PropertyValueSpecification","valueRequired":true,"valueName":"search_term_string"}}],"inLanguage":"es"},{"@type":"Organization","@id":"https:\/\/www.pause-au-naturelle.com\/#organization","name":"Pausa al aire libre","url":"https:\/\/www.pause-au-naturelle.com\/","logo":{"@type":"ImageObject","inLanguage":"es","@id":"https:\/\/www.pause-au-naturelle.com\/#\/schema\/logo\/image\/","url":"https:\/\/www.pause-au-naturelle.com\/wp-content\/uploads\/2020\/06\/logo.png","contentUrl":"https:\/\/www.pause-au-naturelle.com\/wp-content\/uploads\/2020\/06\/logo.png","width":250,"height":250,"caption":"Pause au naturelle"},"image":{"@id":"https:\/\/www.pause-au-naturelle.com\/#\/schema\/logo\/image\/"}}]}},"_links":{"self":[{"href":"https:\/\/www.pause-au-naturelle.com\/es\/wp-json\/wp\/v2\/product\/15710","targetHints":{"allow":["GET"]}}],"collection":[{"href":"https:\/\/www.pause-au-naturelle.com\/es\/wp-json\/wp\/v2\/product"}],"about":[{"href":"https:\/\/www.pause-au-naturelle.com\/es\/wp-json\/wp\/v2\/types\/product"}],"wp:featuredmedia":[{"embeddable":true,"href":"https:\/\/www.pause-au-naturelle.com\/es\/wp-json\/wp\/v2\/media\/15712"}],"wp:attachment":[{"href":"https:\/\/www.pause-au-naturelle.com\/es\/wp-json\/wp\/v2\/media?parent=15710"}],"wp:term":[{"taxonomy":"product_brand","embeddable":true,"href":"https:\/\/www.pause-au-naturelle.com\/es\/wp-json\/wp\/v2\/product_brand?post=15710"},{"taxonomy":"product_cat","embeddable":true,"href":"https:\/\/www.pause-au-naturelle.com\/es\/wp-json\/wp\/v2\/product_cat?post=15710"},{"taxonomy":"product_tag","embeddable":true,"href":"https:\/\/www.pause-au-naturelle.com\/es\/wp-json\/wp\/v2\/product_tag?post=15710"}],"curies":[{"name":"wp","href":"https:\/\/api.w.org\/{rel}","templated":true}]}}