{"id":4954,"date":"2020-10-06T12:55:14","date_gmt":"2020-10-06T12:55:14","guid":{"rendered":"https:\/\/www.pause-au-naturelle.com\/?post_type=product&#038;p=4954"},"modified":"2026-04-27T05:54:00","modified_gmt":"2026-04-27T05:54:00","slug":"miel-de-azahar-250-g","status":"publish","type":"product","link":"https:\/\/www.pause-au-naturelle.com\/es\/produit\/miel-doranger-250g\/","title":{"rendered":"Miel de azahar de Marruecos 250 g"},"content":{"rendered":"<p>La miel de azahar de Marruecos es uno de los grandes cl\u00e1sicos de la producci\u00f3n ap\u00edcola de este pa\u00eds. Los naranjales se han adaptado muy bien al clima c\u00e1lido y seco del pa\u00eds desde hace m\u00e1s de un milenio. Tanto es as\u00ed que es posible pasear por centros urbanos como Marrakech y ver \u00e1rboles frutales en plena calle. Gracias al cuidado de los huertos durante siglos, la miel de azahar de Marruecos goza de una excelente producci\u00f3n.<\/p>\n<p>Y esta pr\u00e1ctica se extiende incluso al coraz\u00f3n de los oasis, donde los naranjos dan sombra a las vides y se benefician a su vez de la sombra de las palmeras datileras. Es lo que se denomina cultivo frut\u00edcola en altura. Una estrategia alimentaria que permite producir frutas, verduras,<strong><a href=\"https:\/\/www.pause-au-naturelle.com\/es\/producto\/datiles-ajwa-de-medina-300-g-karamat\/\">d\u00e1til premium<\/a><\/strong>\u00a0y miel en una zona de estr\u00e9s h\u00eddrico permanente.<\/p>\n<p>En resumen, el cuidado del naranjo a lo largo de los siglos es el resultado de una excelente producci\u00f3n de miel de naranjo marroqu\u00ed.<\/p>\n<h2><strong>\u00bfQu\u00e9 es la miel de azahar marroqu\u00ed?<\/strong><\/h2>\n<p>Se trata de un producto beneficioso procedente de los alrededores de la ciudad de Taroudant, en el Alto Atlas marroqu\u00ed. La miel de azahar de Marruecos es una miel monofloral de calidad t\u00edpica de la costa sur del Mediterr\u00e1neo. Es de color dorado, ligeramente anaranjado, y muy l\u00edquida. Muy rica en fructosa, le cuesta cristalizar. Es precisamente esta textura la que la hace tan apreciable a la vista. Aunque Brasil y Espa\u00f1a son los principales productores, la calidad marroqu\u00ed tiene caracter\u00edsticas propias. Dejando que las abejas hagan su trabajo, forja su identidad gracias a una ligera nota \u00e1cida, a la vez afrutada y floral. De hecho, al concentrarse, se pueden percibir f\u00e1cilmente aromas parciales y delicados de flor de azahar.<\/p>\n<p>Por lo tanto, es una miel muy dulce que tiene la particularidad de gustar a los m\u00e1s peque\u00f1os. En esta regi\u00f3n, es tan abundante que es uno de los ingredientes principales de los halawyi\u00e2t (dulces y pasteles).<\/p>\n<h2><strong>Una miel c\u00edtrica con un car\u00e1cter especial<\/strong><\/h2>\n<p>Muy apreciada para untar en pan, la miel de azahar marroqu\u00ed se incorpora f\u00e1cilmente en recetas de reposter\u00eda y pasteler\u00eda. En Francia, se prefiere para preparar pan de especias o magdalenas, como es costumbre en Espa\u00f1a.<\/p>\n<p>En los estantes de los supermercados, sigue siendo un gran cl\u00e1sico. Sin embargo, pronto te fascinar\u00e1 el del norte de \u00c1frica en particular. Porque tiene un sabor mucho m\u00e1s fino y afrutado. Seguramente porque ha tenido tiempo de madurar y no depende de la buena voluntad de la gran distribuci\u00f3n.<\/p>\n<p>Debe saber que existe una miel c\u00edtrica a\u00fan m\u00e1s especial e igualmente exquisita y arom\u00e1tica: la miel de limonero.<\/p>\n<p>Esta ventaja se explica por el hecho de que es muy f\u00e1cil instalar colmenas en medio de los naranjales. A continuaci\u00f3n, las abejas solo tienen que realizar su tarea libando en primavera la flor de naranjo. Una flor que, ya en su estado natural, desprende un aroma sublime.<\/p>\n<h3><strong>Los beneficios de la miel de azahar para la salud<\/strong><\/h3>\n<p>La miel de azahar de Marruecos posee impresionantes cualidades sedantes. Actualmente se reconoce como un remedio y un calmante natural eficaz.<\/p>\n<p>Entre las virtudes intr\u00ednsecas de este producto de la colmena, podemos citar los siguientes criterios:<\/p>\n<ul>\n<li>Mejora el funcionamiento del tr\u00e1nsito intestinal y la digesti\u00f3n.<\/li>\n<li>Alivia los dolores de cabeza, las migra\u00f1as y el insomnio.<\/li>\n<li>Ayuda a tratar el estr\u00e9s y la ansiedad.<\/li>\n<li>Act\u00faa contra las palpitaciones.<\/li>\n<\/ul>\n<p>Una cucharada de esta miel antes de dormir acompa\u00f1ada de una infusi\u00f3n ayudar\u00eda mucho a conciliar el sue\u00f1o con total tranquilidad.<\/p>\n<p>Adem\u00e1s, a la miel de azahar de Marruecos se le atribuyen propiedades antis\u00e9pticas y antiespasm\u00f3dicas. Como la mayor\u00eda de las mieles, es un ingrediente rico en minerales (manganeso, zinc, magnesio, calcio y sodio) y antioxidantes.<\/p>\n<h3><strong>El naranjal: un inter\u00e9s crucial en Marruecos<\/strong><\/h3>\n<p>Aunque la miel de azahar de Marruecos es de gran inter\u00e9s. Marruecos es un gran productor de naranjas que exporta f\u00e1cilmente a Europa y, sobre todo, a Francia. El abuso de pesticidas en Espa\u00f1a ha provocado una desorientaci\u00f3n de los mercados en beneficio del reino alau\u00ed. Y los beneficios de la polinizaci\u00f3n de las abejas en los \u00e1rboles est\u00e1n demostrando efectos inesperados. La acci\u00f3n de los insectos polinizadores aumenta la producci\u00f3n de fruta. Determina la calidad de la naranja, ya que la hace m\u00e1s jugosa.<\/p>\n<p>El pa\u00eds tambi\u00e9n obtiene excelentes m\u00e1rgenes de la producci\u00f3n de neroli de flor de naranjo del biragadier para el mundo de la perfumer\u00eda.<\/p>\n<p>As\u00ed, junto con la miel de azahar de Marruecos, hay toda una variedad de productos que se valorizan gracias a los naranjales.<\/p>\n<p>En nuestro caso, este producto de la colmena revelar\u00e1 todo su aroma en el coraz\u00f3n de un brioche de mantequilla. Adem\u00e1s, ser\u00e1 muy \u00fatil en la reposter\u00eda oriental, especialmente para la elaboraci\u00f3n de cigarros de almendras.<\/p>","protected":false},"excerpt":{"rendered":"<p>Le miel d\u2019oranger du Maroc figure parmi les grands classiques de la production mellif\u00e8re dans ce pays. Les orangeraies se sont tr\u00e8s habitu\u00e9es au climat chaud et sec du pays depuis plus d\u2019un mill\u00e9naire. A telle point qu\u2019il est possible de marcher dans des centres urbains comme Marrakech et d\u2019apercevoir des arbres en pleine rue [&#8230;]\n","protected":false},"featured_media":9578,"template":"","meta":[],"product_brand":[],"product_cat":[80,15],"product_tag":[],"class_list":{"0":"post-4954","1":"product","2":"type-product","3":"status-publish","4":"has-post-thumbnail","6":"product_cat-epicerie-marocaine-en-ligne","7":"product_cat-miel-maroc","9":"first","10":"instock","11":"featured","12":"shipping-taxable","13":"purchasable","14":"product-type-simple"},"yoast_head":"<!-- This site is optimized with the Yoast SEO plugin v27.3 - https:\/\/yoast.com\/product\/yoast-seo-wordpress\/ -->\n<title>Miel d&#039;oranger du Maroc 250g | Bienfaits nombreux | Sucre naturel<\/title>\n<meta name=\"description\" content=\"Faites vous livrer le miel d&#039;oranger du maroc en France et \u00e0 l&#039;Etranger. Excellent miel mono floral au go\u00fbt fruit\u00e9 et l\u00e9g\u00e8rement acidul\u00e9.\" \/>\n<meta name=\"robots\" content=\"index, follow, max-snippet:-1, max-image-preview:large, max-video-preview:-1\" \/>\n<link rel=\"canonical\" href=\"https:\/\/www.pause-au-naturelle.com\/es\/producto\/miel-de-azahar-250-g\/\" \/>\n<meta property=\"og:locale\" content=\"es_ES\" \/>\n<meta property=\"og:type\" content=\"article\" \/>\n<meta property=\"og:title\" content=\"Miel d&#039;oranger du Maroc 250g | Bienfaits nombreux | Sucre naturel\" \/>\n<meta property=\"og:description\" content=\"Faites vous livrer le miel d&#039;oranger du maroc en France et \u00e0 l&#039;Etranger. Excellent miel mono floral au go\u00fbt fruit\u00e9 et l\u00e9g\u00e8rement acidul\u00e9.\" \/>\n<meta property=\"og:url\" content=\"https:\/\/www.pause-au-naturelle.com\/es\/producto\/miel-de-azahar-250-g\/\" \/>\n<meta property=\"og:site_name\" content=\"Pause au Naturelle\" \/>\n<meta property=\"article:modified_time\" content=\"2026-04-27T05:54:00+00:00\" \/>\n<meta property=\"og:image\" content=\"https:\/\/www.pause-au-naturelle.com\/wp-content\/uploads\/2020\/10\/MIEL-ORANGER-PAN.jpg\" \/>\n\t<meta property=\"og:image:width\" content=\"600\" \/>\n\t<meta property=\"og:image:height\" content=\"600\" \/>\n\t<meta property=\"og:image:type\" content=\"image\/jpeg\" \/>\n<meta name=\"twitter:card\" content=\"summary_large_image\" \/>\n<meta name=\"twitter:label1\" content=\"Tiempo de lectura\" \/>\n\t<meta name=\"twitter:data1\" content=\"4 minutos\" \/>\n<script type=\"application\/ld+json\" class=\"yoast-schema-graph\">{\"@context\":\"https:\\\/\\\/schema.org\",\"@graph\":[{\"@type\":\"WebPage\",\"@id\":\"https:\\\/\\\/www.pause-au-naturelle.com\\\/produit\\\/miel-doranger-250g\\\/\",\"url\":\"https:\\\/\\\/www.pause-au-naturelle.com\\\/produit\\\/miel-doranger-250g\\\/\",\"name\":\"Miel d'oranger du Maroc 250g | Bienfaits nombreux | Sucre naturel\",\"isPartOf\":{\"@id\":\"https:\\\/\\\/www.pause-au-naturelle.com\\\/#website\"},\"primaryImageOfPage\":{\"@id\":\"https:\\\/\\\/www.pause-au-naturelle.com\\\/produit\\\/miel-doranger-250g\\\/#primaryimage\"},\"image\":{\"@id\":\"https:\\\/\\\/www.pause-au-naturelle.com\\\/produit\\\/miel-doranger-250g\\\/#primaryimage\"},\"thumbnailUrl\":\"https:\\\/\\\/www.pause-au-naturelle.com\\\/wp-content\\\/uploads\\\/2020\\\/10\\\/MIEL-ORANGER-PAN.jpg\",\"datePublished\":\"2020-10-06T12:55:14+00:00\",\"dateModified\":\"2026-04-27T05:54:00+00:00\",\"description\":\"Faites vous livrer le miel d'oranger du maroc en France et \u00e0 l'Etranger. Excellent miel mono floral au go\u00fbt fruit\u00e9 et l\u00e9g\u00e8rement acidul\u00e9.\",\"breadcrumb\":{\"@id\":\"https:\\\/\\\/www.pause-au-naturelle.com\\\/produit\\\/miel-doranger-250g\\\/#breadcrumb\"},\"inLanguage\":\"es\",\"potentialAction\":[{\"@type\":\"ReadAction\",\"target\":[\"https:\\\/\\\/www.pause-au-naturelle.com\\\/produit\\\/miel-doranger-250g\\\/\"]}]},{\"@type\":\"ImageObject\",\"inLanguage\":\"es\",\"@id\":\"https:\\\/\\\/www.pause-au-naturelle.com\\\/produit\\\/miel-doranger-250g\\\/#primaryimage\",\"url\":\"https:\\\/\\\/www.pause-au-naturelle.com\\\/wp-content\\\/uploads\\\/2020\\\/10\\\/MIEL-ORANGER-PAN.jpg\",\"contentUrl\":\"https:\\\/\\\/www.pause-au-naturelle.com\\\/wp-content\\\/uploads\\\/2020\\\/10\\\/MIEL-ORANGER-PAN.jpg\",\"width\":600,\"height\":600,\"caption\":\"Miel d'oranger du Maroc 250g\"},{\"@type\":\"BreadcrumbList\",\"@id\":\"https:\\\/\\\/www.pause-au-naturelle.com\\\/produit\\\/miel-doranger-250g\\\/#breadcrumb\",\"itemListElement\":[{\"@type\":\"ListItem\",\"position\":1,\"name\":\"Boutique\",\"item\":\"https:\\\/\\\/www.pause-au-naturelle.com\\\/boutique\\\/\"},{\"@type\":\"ListItem\",\"position\":2,\"name\":\"Miel d&rsquo;oranger du Maroc 250g\"}]},{\"@type\":\"WebSite\",\"@id\":\"https:\\\/\\\/www.pause-au-naturelle.com\\\/#website\",\"url\":\"https:\\\/\\\/www.pause-au-naturelle.com\\\/\",\"name\":\"Pause au Naturelle\",\"description\":\"\",\"publisher\":{\"@id\":\"https:\\\/\\\/www.pause-au-naturelle.com\\\/#organization\"},\"potentialAction\":[{\"@type\":\"SearchAction\",\"target\":{\"@type\":\"EntryPoint\",\"urlTemplate\":\"https:\\\/\\\/www.pause-au-naturelle.com\\\/?s={search_term_string}\"},\"query-input\":{\"@type\":\"PropertyValueSpecification\",\"valueRequired\":true,\"valueName\":\"search_term_string\"}}],\"inLanguage\":\"es\"},{\"@type\":\"Organization\",\"@id\":\"https:\\\/\\\/www.pause-au-naturelle.com\\\/#organization\",\"name\":\"Pause au naturelle\",\"url\":\"https:\\\/\\\/www.pause-au-naturelle.com\\\/\",\"logo\":{\"@type\":\"ImageObject\",\"inLanguage\":\"es\",\"@id\":\"https:\\\/\\\/www.pause-au-naturelle.com\\\/#\\\/schema\\\/logo\\\/image\\\/\",\"url\":\"https:\\\/\\\/www.pause-au-naturelle.com\\\/wp-content\\\/uploads\\\/2020\\\/06\\\/logo.png\",\"contentUrl\":\"https:\\\/\\\/www.pause-au-naturelle.com\\\/wp-content\\\/uploads\\\/2020\\\/06\\\/logo.png\",\"width\":250,\"height\":250,\"caption\":\"Pause au naturelle\"},\"image\":{\"@id\":\"https:\\\/\\\/www.pause-au-naturelle.com\\\/#\\\/schema\\\/logo\\\/image\\\/\"}}]}<\/script>\n<!-- \/ Yoast SEO plugin. -->","yoast_head_json":{"title":"Miel de azahar de Marruecos 250 g | Numerosos beneficios | Az\u00facar natural","description":"Reciba miel de azahar de Marruecos en Francia y en el extranjero. Excelente miel monofloral con un sabor afrutado y ligeramente \u00e1cido.","robots":{"index":"index","follow":"follow","max-snippet":"max-snippet:-1","max-image-preview":"max-image-preview:large","max-video-preview":"max-video-preview:-1"},"canonical":"https:\/\/www.pause-au-naturelle.com\/es\/producto\/miel-de-azahar-250-g\/","og_locale":"es_ES","og_type":"article","og_title":"Miel d'oranger du Maroc 250g | Bienfaits nombreux | Sucre naturel","og_description":"Faites vous livrer le miel d'oranger du maroc en France et \u00e0 l'Etranger. Excellent miel mono floral au go\u00fbt fruit\u00e9 et l\u00e9g\u00e8rement acidul\u00e9.","og_url":"https:\/\/www.pause-au-naturelle.com\/es\/producto\/miel-de-azahar-250-g\/","og_site_name":"Pause au Naturelle","article_modified_time":"2026-04-27T05:54:00+00:00","og_image":[{"width":600,"height":600,"url":"https:\/\/www.pause-au-naturelle.com\/wp-content\/uploads\/2020\/10\/MIEL-ORANGER-PAN.jpg","type":"image\/jpeg"}],"twitter_card":"summary_large_image","twitter_misc":{"Tiempo de lectura":"4 minutos"},"schema":{"@context":"https:\/\/schema.org","@graph":[{"@type":"WebPage","@id":"https:\/\/www.pause-au-naturelle.com\/produit\/miel-doranger-250g\/","url":"https:\/\/www.pause-au-naturelle.com\/produit\/miel-doranger-250g\/","name":"Miel de azahar de Marruecos 250 g | Numerosos beneficios | Az\u00facar natural","isPartOf":{"@id":"https:\/\/www.pause-au-naturelle.com\/#website"},"primaryImageOfPage":{"@id":"https:\/\/www.pause-au-naturelle.com\/produit\/miel-doranger-250g\/#primaryimage"},"image":{"@id":"https:\/\/www.pause-au-naturelle.com\/produit\/miel-doranger-250g\/#primaryimage"},"thumbnailUrl":"https:\/\/www.pause-au-naturelle.com\/wp-content\/uploads\/2020\/10\/MIEL-ORANGER-PAN.jpg","datePublished":"2020-10-06T12:55:14+00:00","dateModified":"2026-04-27T05:54:00+00:00","description":"Reciba miel de azahar de Marruecos en Francia y en el extranjero. Excelente miel monofloral con un sabor afrutado y ligeramente \u00e1cido.","breadcrumb":{"@id":"https:\/\/www.pause-au-naturelle.com\/produit\/miel-doranger-250g\/#breadcrumb"},"inLanguage":"es","potentialAction":[{"@type":"ReadAction","target":["https:\/\/www.pause-au-naturelle.com\/produit\/miel-doranger-250g\/"]}]},{"@type":"ImageObject","inLanguage":"es","@id":"https:\/\/www.pause-au-naturelle.com\/produit\/miel-doranger-250g\/#primaryimage","url":"https:\/\/www.pause-au-naturelle.com\/wp-content\/uploads\/2020\/10\/MIEL-ORANGER-PAN.jpg","contentUrl":"https:\/\/www.pause-au-naturelle.com\/wp-content\/uploads\/2020\/10\/MIEL-ORANGER-PAN.jpg","width":600,"height":600,"caption":"Miel d'oranger du Maroc 250g"},{"@type":"BreadcrumbList","@id":"https:\/\/www.pause-au-naturelle.com\/produit\/miel-doranger-250g\/#breadcrumb","itemListElement":[{"@type":"ListItem","position":1,"name":"Boutique","item":"https:\/\/www.pause-au-naturelle.com\/boutique\/"},{"@type":"ListItem","position":2,"name":"Miel d&rsquo;oranger du Maroc 250g"}]},{"@type":"WebSite","@id":"https:\/\/www.pause-au-naturelle.com\/#website","url":"https:\/\/www.pause-au-naturelle.com\/","name":"Pausa en la naturaleza","description":"","publisher":{"@id":"https:\/\/www.pause-au-naturelle.com\/#organization"},"potentialAction":[{"@type":"SearchAction","target":{"@type":"EntryPoint","urlTemplate":"https:\/\/www.pause-au-naturelle.com\/?s={search_term_string}"},"query-input":{"@type":"PropertyValueSpecification","valueRequired":true,"valueName":"search_term_string"}}],"inLanguage":"es"},{"@type":"Organization","@id":"https:\/\/www.pause-au-naturelle.com\/#organization","name":"Pausa al aire libre","url":"https:\/\/www.pause-au-naturelle.com\/","logo":{"@type":"ImageObject","inLanguage":"es","@id":"https:\/\/www.pause-au-naturelle.com\/#\/schema\/logo\/image\/","url":"https:\/\/www.pause-au-naturelle.com\/wp-content\/uploads\/2020\/06\/logo.png","contentUrl":"https:\/\/www.pause-au-naturelle.com\/wp-content\/uploads\/2020\/06\/logo.png","width":250,"height":250,"caption":"Pause au naturelle"},"image":{"@id":"https:\/\/www.pause-au-naturelle.com\/#\/schema\/logo\/image\/"}}]}},"_links":{"self":[{"href":"https:\/\/www.pause-au-naturelle.com\/es\/wp-json\/wp\/v2\/product\/4954","targetHints":{"allow":["GET"]}}],"collection":[{"href":"https:\/\/www.pause-au-naturelle.com\/es\/wp-json\/wp\/v2\/product"}],"about":[{"href":"https:\/\/www.pause-au-naturelle.com\/es\/wp-json\/wp\/v2\/types\/product"}],"wp:featuredmedia":[{"embeddable":true,"href":"https:\/\/www.pause-au-naturelle.com\/es\/wp-json\/wp\/v2\/media\/9578"}],"wp:attachment":[{"href":"https:\/\/www.pause-au-naturelle.com\/es\/wp-json\/wp\/v2\/media?parent=4954"}],"wp:term":[{"taxonomy":"product_brand","embeddable":true,"href":"https:\/\/www.pause-au-naturelle.com\/es\/wp-json\/wp\/v2\/product_brand?post=4954"},{"taxonomy":"product_cat","embeddable":true,"href":"https:\/\/www.pause-au-naturelle.com\/es\/wp-json\/wp\/v2\/product_cat?post=4954"},{"taxonomy":"product_tag","embeddable":true,"href":"https:\/\/www.pause-au-naturelle.com\/es\/wp-json\/wp\/v2\/product_tag?post=4954"}],"curies":[{"name":"wp","href":"https:\/\/api.w.org\/{rel}","templated":true}]}}