{"id":5090,"date":"2020-01-01T16:53:36","date_gmt":"2020-01-01T16:53:36","guid":{"rendered":"https:\/\/www.pause-au-naturelle.com\/?post_type=product&#038;p=5090"},"modified":"2026-04-08T20:16:51","modified_gmt":"2026-04-08T20:16:51","slug":"aceite-de-argan-ecologico-para-uso-alimentario-marruecos-250-ml","status":"publish","type":"product","link":"https:\/\/www.pause-au-naturelle.com\/es\/produit\/huile-argan-alimentaire-bio-maroc-250ml\/","title":{"rendered":"Aceite de arg\u00e1n ecol\u00f3gico de Marruecos para uso alimentario, 100 ml"},"content":{"rendered":"<p>El\u2019<strong>aceite de arg\u00e1n ecol\u00f3gico para uso alimentario <\/strong>es un aceite culinario que goza de un gran \u00e9xito en Francia. Es un regalo imprescindible para los franceses que regresan de vacaciones de Marruecos y est\u00e1 despertando un renovado inter\u00e9s en los restaurantes gastron\u00f3micos franceses. De hecho, su textura fina y su delicioso aroma a avellana tostada lo convierten en un delicioso acompa\u00f1amiento para aderezar ensaladas, verduras asadas o carnes magras.<\/p>\n<p>Aunque se puede utilizar en cualquier momento, es el aderezo ideal para acompa\u00f1ar las verduras de verano y dar sabor a los ingredientes refrescantes. Sin embargo, no sirve de nada inundar las preparaciones, el\u2019<strong>Aceite de arg\u00e1n comestible en la cocina <\/strong>Se dosifica en peque\u00f1as cantidades.<\/p>\n<h2><strong>Zoom sobre el precio del aceite de arg\u00e1n ecol\u00f3gico alimentario de Marruecos<\/strong><\/h2>\n<p>Al igual que el azafr\u00e1n en el mundo de las especias, el aceite de arg\u00e1n comestible es, a d\u00eda de hoy,\u00a0<strong>el aceite culinario m\u00e1s caro del mundo<\/strong>. El precio por litro se estima  en 100 \u20ac o m\u00e1s, dependiendo del volumen de la cosecha de almendras.<\/p>\n<h3><strong>Un producto regional de alta gama<\/strong><\/h3>\n<p>Se necesitan aproximadamente los frutos acumulados de ocho \u00e1rboles para producir un litro. De ah\u00ed el inter\u00e9s de hacer un uso moderado y reflexivo. Porque incluso en Marruecos, muchos lugare\u00f1os no pueden permit\u00edrselo debido a su exorbitante precio. Por esta raz\u00f3n, se vende en botellas que no superan los 250 ml.<\/p>\n<p>En la actualidad, nuestra tienda online pone a su disposici\u00f3n un aceite de gran calidad que tambi\u00e9n se puede encontrar en algunas tiendas de delicatessen. No obstante, la comercializaci\u00f3n de nuestro aceite de arg\u00e1n alimentario procedente directamente de Agadir forma parte de un proyecto social.<\/p>\n<p>De hecho, producida a partir de almendras de arg\u00e1n en el seno de cooperativas de mujeres, garantiza una remuneraci\u00f3n justa y equitativa.<\/p>\n<p>Por lo tanto, la popularidad del aceite alimentario, como el aceite de arg\u00e1n cosm\u00e9tico, es fundamental para el futuro. De hecho, la popularidad de sus productos en Francia podr\u00eda ser la salida de la crisis para la perpetuaci\u00f3n del \u00e1rbol Argania Spinosa en el suroeste de Marruecos.<\/p>\n<h3><strong>El aceite de arg\u00e1n comestible: una fuente oleaginosa en peligro<\/strong><\/h3>\n<p>Con parcelas que desaparecen debido a la sequ\u00eda y la explotaci\u00f3n maderera, el <strong>precio del aceite de arg\u00e1n comestible <\/strong>podr\u00eda seguir aumentando. Por ello, se est\u00e1n llevando a cabo campa\u00f1as de sensibilizaci\u00f3n y plantaci\u00f3n de \u00e1rboles. Hay que saber que, hasta la fecha, el arg\u00e1n solo produce frutos en Marruecos y Argelia.<\/p>\n<p>La introducci\u00f3n de la especie en Israel y M\u00e9xico fue posible. Sin embargo, hasta la fecha nunca se han podido producir almendras. El aceite de arg\u00e1n comestible es esencialmente org\u00e1nico. Es pr\u00e1cticamente imposible alterarlo o falsificarlo sin enmascarar su sabor y color.<\/p>\n<h2><strong>\u00bfCu\u00e1les son los ingredientes principales de este aceite culinario?<\/strong><\/h2>\n<p>El aceite de arg\u00e1n comestible no se compra por est\u00e9tica. En la regi\u00f3n de Souss Massa Draa, el uso del aceite de arg\u00e1n comestible es una tradici\u00f3n secular. Aunque es perfectamente posible utilizarlo para cocinar, se prefiere consumirlo crudo. De esta forma se optimiza su sabor suave y delicado.<\/p>\n<p>En t\u00e9rminos generales, <strong>el uso del aceite de arg\u00e1n alimentario<\/strong> Se prepara con pan o baghrir: las famosas tortitas marroqu\u00edes con agujeros. Tambi\u00e9n es uno de los ingredientes principales de la receta del <a href=\"https:\/\/www.pause-au-naturelle.com\/es\/cat%c3%a9gorie-produit\/amlou\/\"><strong>Amlou<\/strong><\/a> que elaboramos artesanalmente y que tambi\u00e9n comercializamos en nuestra tienda online. Uno de los alimentos b\u00e1sicos que no puede faltar en las mesas durante el mes del Ramad\u00e1n.<\/p>\n<p>En \u00faltima instancia, tambi\u00e9n sirve para dar sabor a la s\u00e9mola del cusc\u00fas. Tambi\u00e9n se puede utilizar como aderezo para ensaladas, sin olvidar a\u00f1adir un chorrito de zumo de lim\u00f3n. Sin embargo, no soporta el calor.<\/p>\n<p>Por lo tanto, no se puede utilizar como aceite para cocinar. Si por casualidad se le ocurre utilizarlo en un plato guisado, aseg\u00farese de incorporarlo al final, justo antes de servirlo. Por encima de los 60 grados, pierde todo su valor nutricional y gustativo. Por lo tanto, es mejor utilizarlo crudo.<\/p>\n<h3><strong>Composici\u00f3n y propiedades de este tesoro bereber<\/strong><\/h3>\n<p>En primer lugar, queremos se\u00f1alar una ligera diferencia entre el aceite de arg\u00e1n alimentario y el cosm\u00e9tico. Aunque las almendras del arg\u00e1n se tuestan para obtener el preciado l\u00edquido, <strong>el aceite culinario se tuesta a su vez<\/strong>. Una etapa que no conoce el arg\u00e1n cosm\u00e9tico. Es este proceso el que le da el ligero sabor a avellana a la preparaci\u00f3n final. El\u2019<strong>aceite gastron\u00f3mico marroqu\u00ed<\/strong> Es muy rica en \u00e1cidos grasos monoinsaturados. Es especialmente rica en <strong>vitamina E, cuya proporci\u00f3n es considerable en comparaci\u00f3n con otros aceites culinarios<\/strong>.<\/p>\n<p>Esta caracter\u00edstica le ha valido la palma de oro por ralentizar el envejecimiento celular. Adem\u00e1s, tambi\u00e9n contiene\u2019<strong>\u00e1cido oleico y linoleico <\/strong>que juntos representan las tres cuartas partes de la composici\u00f3n del aceite.<\/p>\n<p>Verdadero concentrado de omega 9 y omega 6, es excelente para combatir el colesterol malo, las enfermedades cardiovasculares y el fen\u00f3meno de las arterias obstruidas que provocan infartos.<\/p>\n<p>En definitiva, sigue siendo beneficiosa para el organismo, ya que contiene una cantidad considerable de \u00e1cidos grasos que el cuerpo no puede sintetizar por s\u00ed mismo.<\/p>","protected":false},"excerpt":{"rendered":"<p>L\u2019huile d\u2019argan alimentaire bio est une huile culinaire qui jouit d\u2019un vif succ\u00e8s en France. Cadeau incontournable des fran\u00e7ais revenant de vacances au Maroc, elle suscite un regain d\u2019int\u00e9r\u00eat dans les restaurants gastronomiques hexagonaux. En effet, sa texture fine et son d\u00e9licieux parfum de noisette grill\u00e9e en font un succulent accompagnement pour assaisonner les salades, [&#8230;]\n","protected":false},"featured_media":15727,"template":"","meta":[],"product_brand":[],"product_cat":[80],"product_tag":[],"class_list":{"0":"post-5090","1":"product","2":"type-product","3":"status-publish","4":"has-post-thumbnail","6":"product_cat-epicerie-marocaine-en-ligne","8":"first","9":"instock","10":"shipping-taxable","11":"purchasable","12":"product-type-simple"},"yoast_head":"<!-- This site is optimized with the Yoast SEO plugin v27.3 - https:\/\/yoast.com\/product\/yoast-seo-wordpress\/ -->\n<title>Huile d&#039;argan alimentaire du Maroc | Huile comestible 100ml<\/title>\n<meta name=\"description\" content=\"Huile d&#039;argan alimentaire bio en provenance du Maroc en vente au coeur de notre boutique en ligne. Haute qualit\u00e9 et valeur nutritionnelle.\" \/>\n<meta name=\"robots\" content=\"index, follow, max-snippet:-1, max-image-preview:large, max-video-preview:-1\" \/>\n<link rel=\"canonical\" href=\"https:\/\/www.pause-au-naturelle.com\/es\/producto\/aceite-de-argan-ecologico-para-uso-alimentario-marruecos-250-ml\/\" \/>\n<meta property=\"og:locale\" content=\"es_ES\" \/>\n<meta property=\"og:type\" content=\"article\" \/>\n<meta property=\"og:title\" content=\"Huile d&#039;argan alimentaire du Maroc | Huile comestible 100ml\" \/>\n<meta property=\"og:description\" content=\"Huile d&#039;argan alimentaire bio en provenance du Maroc en vente au coeur de notre boutique en ligne. Haute qualit\u00e9 et valeur nutritionnelle.\" \/>\n<meta property=\"og:url\" content=\"https:\/\/www.pause-au-naturelle.com\/es\/producto\/aceite-de-argan-ecologico-para-uso-alimentario-marruecos-250-ml\/\" \/>\n<meta property=\"og:site_name\" content=\"Pause au Naturelle\" \/>\n<meta property=\"article:modified_time\" content=\"2026-04-08T20:16:51+00:00\" \/>\n<meta property=\"og:image\" content=\"https:\/\/www.pause-au-naturelle.com\/wp-content\/uploads\/2020\/01\/huile-d-argan-alimentaire.jpg\" \/>\n\t<meta property=\"og:image:width\" content=\"600\" \/>\n\t<meta property=\"og:image:height\" content=\"600\" \/>\n\t<meta property=\"og:image:type\" content=\"image\/jpeg\" \/>\n<meta name=\"twitter:card\" content=\"summary_large_image\" \/>\n<meta name=\"twitter:label1\" content=\"Tiempo de lectura\" \/>\n\t<meta name=\"twitter:data1\" content=\"4 minutos\" \/>\n<script type=\"application\/ld+json\" class=\"yoast-schema-graph\">{\"@context\":\"https:\\\/\\\/schema.org\",\"@graph\":[{\"@type\":\"WebPage\",\"@id\":\"https:\\\/\\\/www.pause-au-naturelle.com\\\/produit\\\/huile-argan-alimentaire-bio-maroc-250ml\\\/\",\"url\":\"https:\\\/\\\/www.pause-au-naturelle.com\\\/produit\\\/huile-argan-alimentaire-bio-maroc-250ml\\\/\",\"name\":\"Huile d'argan alimentaire du Maroc | Huile comestible 100ml\",\"isPartOf\":{\"@id\":\"https:\\\/\\\/www.pause-au-naturelle.com\\\/#website\"},\"primaryImageOfPage\":{\"@id\":\"https:\\\/\\\/www.pause-au-naturelle.com\\\/produit\\\/huile-argan-alimentaire-bio-maroc-250ml\\\/#primaryimage\"},\"image\":{\"@id\":\"https:\\\/\\\/www.pause-au-naturelle.com\\\/produit\\\/huile-argan-alimentaire-bio-maroc-250ml\\\/#primaryimage\"},\"thumbnailUrl\":\"https:\\\/\\\/www.pause-au-naturelle.com\\\/wp-content\\\/uploads\\\/2020\\\/01\\\/huile-d-argan-alimentaire.jpg\",\"datePublished\":\"2020-01-01T16:53:36+00:00\",\"dateModified\":\"2026-04-08T20:16:51+00:00\",\"description\":\"Huile d'argan alimentaire bio en provenance du Maroc en vente au coeur de notre boutique en ligne. Haute qualit\u00e9 et valeur nutritionnelle.\",\"breadcrumb\":{\"@id\":\"https:\\\/\\\/www.pause-au-naturelle.com\\\/produit\\\/huile-argan-alimentaire-bio-maroc-250ml\\\/#breadcrumb\"},\"inLanguage\":\"es\",\"potentialAction\":[{\"@type\":\"ReadAction\",\"target\":[\"https:\\\/\\\/www.pause-au-naturelle.com\\\/produit\\\/huile-argan-alimentaire-bio-maroc-250ml\\\/\"]}]},{\"@type\":\"ImageObject\",\"inLanguage\":\"es\",\"@id\":\"https:\\\/\\\/www.pause-au-naturelle.com\\\/produit\\\/huile-argan-alimentaire-bio-maroc-250ml\\\/#primaryimage\",\"url\":\"https:\\\/\\\/www.pause-au-naturelle.com\\\/wp-content\\\/uploads\\\/2020\\\/01\\\/huile-d-argan-alimentaire.jpg\",\"contentUrl\":\"https:\\\/\\\/www.pause-au-naturelle.com\\\/wp-content\\\/uploads\\\/2020\\\/01\\\/huile-d-argan-alimentaire.jpg\",\"width\":600,\"height\":600,\"caption\":\"huile d'argan alimentaire bio 100 ml\"},{\"@type\":\"BreadcrumbList\",\"@id\":\"https:\\\/\\\/www.pause-au-naturelle.com\\\/produit\\\/huile-argan-alimentaire-bio-maroc-250ml\\\/#breadcrumb\",\"itemListElement\":[{\"@type\":\"ListItem\",\"position\":1,\"name\":\"Boutique\",\"item\":\"https:\\\/\\\/www.pause-au-naturelle.com\\\/boutique\\\/\"},{\"@type\":\"ListItem\",\"position\":2,\"name\":\"Huile d&rsquo;argan alimentaire bio du Maroc 100ml\"}]},{\"@type\":\"WebSite\",\"@id\":\"https:\\\/\\\/www.pause-au-naturelle.com\\\/#website\",\"url\":\"https:\\\/\\\/www.pause-au-naturelle.com\\\/\",\"name\":\"Pause au Naturelle\",\"description\":\"\",\"publisher\":{\"@id\":\"https:\\\/\\\/www.pause-au-naturelle.com\\\/#organization\"},\"potentialAction\":[{\"@type\":\"SearchAction\",\"target\":{\"@type\":\"EntryPoint\",\"urlTemplate\":\"https:\\\/\\\/www.pause-au-naturelle.com\\\/?s={search_term_string}\"},\"query-input\":{\"@type\":\"PropertyValueSpecification\",\"valueRequired\":true,\"valueName\":\"search_term_string\"}}],\"inLanguage\":\"es\"},{\"@type\":\"Organization\",\"@id\":\"https:\\\/\\\/www.pause-au-naturelle.com\\\/#organization\",\"name\":\"Pause au naturelle\",\"url\":\"https:\\\/\\\/www.pause-au-naturelle.com\\\/\",\"logo\":{\"@type\":\"ImageObject\",\"inLanguage\":\"es\",\"@id\":\"https:\\\/\\\/www.pause-au-naturelle.com\\\/#\\\/schema\\\/logo\\\/image\\\/\",\"url\":\"https:\\\/\\\/www.pause-au-naturelle.com\\\/wp-content\\\/uploads\\\/2020\\\/06\\\/logo.png\",\"contentUrl\":\"https:\\\/\\\/www.pause-au-naturelle.com\\\/wp-content\\\/uploads\\\/2020\\\/06\\\/logo.png\",\"width\":250,\"height\":250,\"caption\":\"Pause au naturelle\"},\"image\":{\"@id\":\"https:\\\/\\\/www.pause-au-naturelle.com\\\/#\\\/schema\\\/logo\\\/image\\\/\"}}]}<\/script>\n<!-- \/ Yoast SEO plugin. -->","yoast_head_json":{"title":"Aceite de arg\u00e1n alimentario de Marruecos | Aceite comestible 100 ml","description":"Aceite de arg\u00e1n ecol\u00f3gico apto para el consumo, procedente de Marruecos, a la venta en nuestra tienda online. Alta calidad y valor nutricional.","robots":{"index":"index","follow":"follow","max-snippet":"max-snippet:-1","max-image-preview":"max-image-preview:large","max-video-preview":"max-video-preview:-1"},"canonical":"https:\/\/www.pause-au-naturelle.com\/es\/producto\/aceite-de-argan-ecologico-para-uso-alimentario-marruecos-250-ml\/","og_locale":"es_ES","og_type":"article","og_title":"Huile d'argan alimentaire du Maroc | Huile comestible 100ml","og_description":"Huile d'argan alimentaire bio en provenance du Maroc en vente au coeur de notre boutique en ligne. Haute qualit\u00e9 et valeur nutritionnelle.","og_url":"https:\/\/www.pause-au-naturelle.com\/es\/producto\/aceite-de-argan-ecologico-para-uso-alimentario-marruecos-250-ml\/","og_site_name":"Pause au Naturelle","article_modified_time":"2026-04-08T20:16:51+00:00","og_image":[{"width":600,"height":600,"url":"https:\/\/www.pause-au-naturelle.com\/wp-content\/uploads\/2020\/01\/huile-d-argan-alimentaire.jpg","type":"image\/jpeg"}],"twitter_card":"summary_large_image","twitter_misc":{"Tiempo de lectura":"4 minutos"},"schema":{"@context":"https:\/\/schema.org","@graph":[{"@type":"WebPage","@id":"https:\/\/www.pause-au-naturelle.com\/produit\/huile-argan-alimentaire-bio-maroc-250ml\/","url":"https:\/\/www.pause-au-naturelle.com\/produit\/huile-argan-alimentaire-bio-maroc-250ml\/","name":"Aceite de arg\u00e1n alimentario de Marruecos | Aceite comestible 100 ml","isPartOf":{"@id":"https:\/\/www.pause-au-naturelle.com\/#website"},"primaryImageOfPage":{"@id":"https:\/\/www.pause-au-naturelle.com\/produit\/huile-argan-alimentaire-bio-maroc-250ml\/#primaryimage"},"image":{"@id":"https:\/\/www.pause-au-naturelle.com\/produit\/huile-argan-alimentaire-bio-maroc-250ml\/#primaryimage"},"thumbnailUrl":"https:\/\/www.pause-au-naturelle.com\/wp-content\/uploads\/2020\/01\/huile-d-argan-alimentaire.jpg","datePublished":"2020-01-01T16:53:36+00:00","dateModified":"2026-04-08T20:16:51+00:00","description":"Aceite de arg\u00e1n ecol\u00f3gico apto para el consumo, procedente de Marruecos, a la venta en nuestra tienda online. Alta calidad y valor nutricional.","breadcrumb":{"@id":"https:\/\/www.pause-au-naturelle.com\/produit\/huile-argan-alimentaire-bio-maroc-250ml\/#breadcrumb"},"inLanguage":"es","potentialAction":[{"@type":"ReadAction","target":["https:\/\/www.pause-au-naturelle.com\/produit\/huile-argan-alimentaire-bio-maroc-250ml\/"]}]},{"@type":"ImageObject","inLanguage":"es","@id":"https:\/\/www.pause-au-naturelle.com\/produit\/huile-argan-alimentaire-bio-maroc-250ml\/#primaryimage","url":"https:\/\/www.pause-au-naturelle.com\/wp-content\/uploads\/2020\/01\/huile-d-argan-alimentaire.jpg","contentUrl":"https:\/\/www.pause-au-naturelle.com\/wp-content\/uploads\/2020\/01\/huile-d-argan-alimentaire.jpg","width":600,"height":600,"caption":"huile d'argan alimentaire bio 100 ml"},{"@type":"BreadcrumbList","@id":"https:\/\/www.pause-au-naturelle.com\/produit\/huile-argan-alimentaire-bio-maroc-250ml\/#breadcrumb","itemListElement":[{"@type":"ListItem","position":1,"name":"Boutique","item":"https:\/\/www.pause-au-naturelle.com\/boutique\/"},{"@type":"ListItem","position":2,"name":"Huile d&rsquo;argan alimentaire bio du Maroc 100ml"}]},{"@type":"WebSite","@id":"https:\/\/www.pause-au-naturelle.com\/#website","url":"https:\/\/www.pause-au-naturelle.com\/","name":"Pausa en la naturaleza","description":"","publisher":{"@id":"https:\/\/www.pause-au-naturelle.com\/#organization"},"potentialAction":[{"@type":"SearchAction","target":{"@type":"EntryPoint","urlTemplate":"https:\/\/www.pause-au-naturelle.com\/?s={search_term_string}"},"query-input":{"@type":"PropertyValueSpecification","valueRequired":true,"valueName":"search_term_string"}}],"inLanguage":"es"},{"@type":"Organization","@id":"https:\/\/www.pause-au-naturelle.com\/#organization","name":"Pausa al aire libre","url":"https:\/\/www.pause-au-naturelle.com\/","logo":{"@type":"ImageObject","inLanguage":"es","@id":"https:\/\/www.pause-au-naturelle.com\/#\/schema\/logo\/image\/","url":"https:\/\/www.pause-au-naturelle.com\/wp-content\/uploads\/2020\/06\/logo.png","contentUrl":"https:\/\/www.pause-au-naturelle.com\/wp-content\/uploads\/2020\/06\/logo.png","width":250,"height":250,"caption":"Pause au naturelle"},"image":{"@id":"https:\/\/www.pause-au-naturelle.com\/#\/schema\/logo\/image\/"}}]}},"_links":{"self":[{"href":"https:\/\/www.pause-au-naturelle.com\/es\/wp-json\/wp\/v2\/product\/5090","targetHints":{"allow":["GET"]}}],"collection":[{"href":"https:\/\/www.pause-au-naturelle.com\/es\/wp-json\/wp\/v2\/product"}],"about":[{"href":"https:\/\/www.pause-au-naturelle.com\/es\/wp-json\/wp\/v2\/types\/product"}],"wp:featuredmedia":[{"embeddable":true,"href":"https:\/\/www.pause-au-naturelle.com\/es\/wp-json\/wp\/v2\/media\/15727"}],"wp:attachment":[{"href":"https:\/\/www.pause-au-naturelle.com\/es\/wp-json\/wp\/v2\/media?parent=5090"}],"wp:term":[{"taxonomy":"product_brand","embeddable":true,"href":"https:\/\/www.pause-au-naturelle.com\/es\/wp-json\/wp\/v2\/product_brand?post=5090"},{"taxonomy":"product_cat","embeddable":true,"href":"https:\/\/www.pause-au-naturelle.com\/es\/wp-json\/wp\/v2\/product_cat?post=5090"},{"taxonomy":"product_tag","embeddable":true,"href":"https:\/\/www.pause-au-naturelle.com\/es\/wp-json\/wp\/v2\/product_tag?post=5090"}],"curies":[{"name":"wp","href":"https:\/\/api.w.org\/{rel}","templated":true}]}}