{"id":6745,"date":"2020-06-09T08:20:55","date_gmt":"2020-06-09T08:20:55","guid":{"rendered":"https:\/\/www.pause-au-naturelle.com\/?post_type=product&#038;p=6745"},"modified":"2024-11-20T10:38:44","modified_gmt":"2024-11-20T10:38:44","slug":"aceite-de-monoi-de-tahiti","status":"publish","type":"product","link":"https:\/\/www.pause-au-naturelle.com\/es\/produit\/huile-monoi-tahiti\/","title":{"rendered":"Macerado oleoso de mono\u00ef s\u00f3lido y flor de tiar\u00e9 100 g"},"content":{"rendered":"<p>Cuando hablamos del aceite de monoi, pensamos directamente en Tahit\u00ed y en las islas del Pac\u00edfico. El macerado oleoso de monoi, un producto muy solicitado durante el verano, se puede utilizar durante todo el a\u00f1o. Le ofrecemos algunas recomendaciones para embellecer su piel y su cabello.<\/p>\n<h2><strong>El macerado oleoso de mono\u00ef: el cosm\u00e9tico estrella de la farmacopea polinesia.<\/strong><\/h2>\n<p><strong>\u00a0<\/strong><\/p>\n<p>En este caso, se trata de un cosm\u00e9tico natural elaborado a partir de la famosa flor de tiar\u00e9. Ya saben, esa flor blanca con un bot\u00f3n amarillo que las mujeres tahitianas lucen con elegancia en las orejas. Enriquecido con aceite de coco, el macerado oleoso de monoi es el emblema de Papeete y de las islas que rodean el famoso archipi\u00e9lago.<\/p>\n<p>Desde hace siglos, las mujeres tahitianas utilizan este producto natural para embellecer sus cuerpos. El aceite de monoi se obtiene sumergiendo generosamente la flor de tiar\u00e9 en una soluci\u00f3n de aceite de pulpa de coco.<\/p>\n<p>Solo se necesitan unos diez d\u00edas para elaborar este c\u00f3ctel ex\u00f3tico cuyo exquisito aroma afrutado suaviza la piel y el cabello de forma extraordinaria. Porque hay que decirlo, el macerado oleoso de monoi desprende un aroma tropical \u00fanico que despierta el olfato y gusta a las mujeres. Rico en sensaciones y sabores, su brillo excepcional aportar\u00e1 vitalidad y salud a la epidermis y a la fibra capilar.<\/p>\n<h2><strong>\u00a0<\/strong><strong>Zoom sobre las propiedades hidratantes de los cosm\u00e9ticos naturales tahitianos<\/strong><\/h2>\n<p>&nbsp;<\/p>\n<p>Frecuentemente utilizado en masajes o ung\u00fcentos al nacer en esta tierra de lagunas, el macerado oleoso de mono\u00ef s\u00f3lido nos recuerda inocentemente a la peque\u00f1a pel\u00edcula de animaci\u00f3n \u00abVaiana, la leyenda del fin del mundo\u00bb. Sin duda, el macerado oleoso de mono\u00ef es ante todo un producto \u00e9tnico y local, al igual que la vainilla de Tahit\u00ed.<\/p>\n<p>Con referencias al agua turquesa, la arena fina y los cocoteros, el aceite de monoi es el producto m\u00e1s vendido para broncearse al sol.<\/p>\n<p>Sin embargo, en estas circunstancias, no es adecuada para las pieles europeas, que pueden quemarse en pocos minutos. De hecho, no protege contra los rayos ultravioleta.<\/p>\n<p>Sin embargo, contrariamente a lo que se cree, los cosm\u00e9ticos naturales polinesios no se utilizan principalmente para broncearse.<\/p>\n<p>Permite mantener la hidrataci\u00f3n de la piel y nutrir el cabello seco. Penetra r\u00e1pidamente en el tejido cut\u00e1neo y repara eficazmente las zonas da\u00f1adas por la sequedad. Excelente para combatir la piel de cocodrilo, se puede utilizar en todas las partes del cuerpo.<\/p>\n<p>El aceite de monoi, expresi\u00f3n sincera de la suavidad de las islas del Pac\u00edfico, es el aliado indiscutible del cabello crespo y rizado.<\/p>\n<p>El macerado oleoso de mono\u00ef s\u00f3lido es f\u00e1cil de usar. Se aplica, se funde y penetra directamente en la piel o el cabello.<\/p>\n<p>&nbsp;<\/p>\n<p>&nbsp;<\/p>","protected":false},"excerpt":{"rendered":"<p>Lorsque l\u2019on aborde l&rsquo;huile de mono\u00ef, on pense directement \u00e0 Tahiti et aux \u00eeles du Pacifique. Produit sollicit\u00e9 pour la p\u00e9riode estival, le mac\u00e9r\u00e2t huileux de mono\u00ef peut s\u2019utiliser tout au long de l\u2019ann\u00e9e. Nous vous donnons les recommandations en la mati\u00e8re pour sublimer votre peau et vos cheveux. Le\u00a0mac\u00e9r\u00e2t huileux de\u00a0mono\u00ef : le cosm\u00e9tique [&#8230;]\n","protected":false},"featured_media":6746,"template":"","meta":[],"product_brand":[],"product_cat":[61,86],"product_tag":[],"class_list":{"0":"post-6745","1":"product","2":"type-product","3":"status-publish","4":"has-post-thumbnail","6":"product_cat-beaute-hygiene","7":"product_cat-huile-cosmetique","9":"first","10":"outofstock","11":"shipping-taxable","12":"purchasable","13":"product-type-simple"},"yoast_head":"<!-- This site is optimized with the Yoast SEO plugin v27.3 - https:\/\/yoast.com\/product\/yoast-seo-wordpress\/ -->\n<title>Mac\u00e9r\u00e2t huileux de mono\u00ef solide de Tahiti | Bienfaits nombreux<\/title>\n<meta name=\"description\" content=\"Mac\u00e9r\u00e2t huileux de mono\u00ef \u00e0 la fleur de tiar\u00e9. Excellent pour nourrir la peau. Bronzage pour les peaux fonc\u00e9es. Entretien des cheveux boucl\u00e9s\" \/>\n<meta name=\"robots\" content=\"index, follow, max-snippet:-1, max-image-preview:large, max-video-preview:-1\" \/>\n<link rel=\"canonical\" href=\"https:\/\/www.pause-au-naturelle.com\/es\/producto\/aceite-de-monoi-de-tahiti\/\" \/>\n<meta property=\"og:locale\" content=\"es_ES\" \/>\n<meta property=\"og:type\" content=\"article\" \/>\n<meta property=\"og:title\" content=\"Mac\u00e9r\u00e2t huileux de mono\u00ef solide de Tahiti | Bienfaits nombreux\" \/>\n<meta property=\"og:description\" content=\"Mac\u00e9r\u00e2t huileux de mono\u00ef \u00e0 la fleur de tiar\u00e9. Excellent pour nourrir la peau. Bronzage pour les peaux fonc\u00e9es. Entretien des cheveux boucl\u00e9s\" \/>\n<meta property=\"og:url\" content=\"https:\/\/www.pause-au-naturelle.com\/es\/producto\/aceite-de-monoi-de-tahiti\/\" \/>\n<meta property=\"og:site_name\" content=\"Pause au Naturelle\" \/>\n<meta property=\"article:modified_time\" content=\"2024-11-20T10:38:44+00:00\" \/>\n<meta property=\"og:image\" content=\"https:\/\/www.pause-au-naturelle.com\/wp-content\/uploads\/2020\/06\/huile-de-monoi-solide-pause-au-naturelle.jpg\" \/>\n\t<meta property=\"og:image:width\" content=\"600\" \/>\n\t<meta property=\"og:image:height\" content=\"600\" \/>\n\t<meta property=\"og:image:type\" content=\"image\/jpeg\" \/>\n<meta name=\"twitter:card\" content=\"summary_large_image\" \/>\n<meta name=\"twitter:label1\" content=\"Tiempo de lectura\" \/>\n\t<meta name=\"twitter:data1\" content=\"2 minutos\" \/>\n<script type=\"application\/ld+json\" class=\"yoast-schema-graph\">{\"@context\":\"https:\\\/\\\/schema.org\",\"@graph\":[{\"@type\":\"WebPage\",\"@id\":\"https:\\\/\\\/www.pause-au-naturelle.com\\\/produit\\\/huile-monoi-tahiti\\\/\",\"url\":\"https:\\\/\\\/www.pause-au-naturelle.com\\\/produit\\\/huile-monoi-tahiti\\\/\",\"name\":\"Mac\u00e9r\u00e2t huileux de mono\u00ef solide de Tahiti | Bienfaits nombreux\",\"isPartOf\":{\"@id\":\"https:\\\/\\\/www.pause-au-naturelle.com\\\/#website\"},\"primaryImageOfPage\":{\"@id\":\"https:\\\/\\\/www.pause-au-naturelle.com\\\/produit\\\/huile-monoi-tahiti\\\/#primaryimage\"},\"image\":{\"@id\":\"https:\\\/\\\/www.pause-au-naturelle.com\\\/produit\\\/huile-monoi-tahiti\\\/#primaryimage\"},\"thumbnailUrl\":\"https:\\\/\\\/www.pause-au-naturelle.com\\\/wp-content\\\/uploads\\\/2020\\\/06\\\/huile-de-monoi-solide-pause-au-naturelle.jpg\",\"datePublished\":\"2020-06-09T08:20:55+00:00\",\"dateModified\":\"2024-11-20T10:38:44+00:00\",\"description\":\"Mac\u00e9r\u00e2t huileux de mono\u00ef \u00e0 la fleur de tiar\u00e9. Excellent pour nourrir la peau. Bronzage pour les peaux fonc\u00e9es. Entretien des cheveux boucl\u00e9s\",\"breadcrumb\":{\"@id\":\"https:\\\/\\\/www.pause-au-naturelle.com\\\/produit\\\/huile-monoi-tahiti\\\/#breadcrumb\"},\"inLanguage\":\"es\",\"potentialAction\":[{\"@type\":\"ReadAction\",\"target\":[\"https:\\\/\\\/www.pause-au-naturelle.com\\\/produit\\\/huile-monoi-tahiti\\\/\"]}]},{\"@type\":\"ImageObject\",\"inLanguage\":\"es\",\"@id\":\"https:\\\/\\\/www.pause-au-naturelle.com\\\/produit\\\/huile-monoi-tahiti\\\/#primaryimage\",\"url\":\"https:\\\/\\\/www.pause-au-naturelle.com\\\/wp-content\\\/uploads\\\/2020\\\/06\\\/huile-de-monoi-solide-pause-au-naturelle.jpg\",\"contentUrl\":\"https:\\\/\\\/www.pause-au-naturelle.com\\\/wp-content\\\/uploads\\\/2020\\\/06\\\/huile-de-monoi-solide-pause-au-naturelle.jpg\",\"width\":600,\"height\":600,\"caption\":\"Mac\u00e9rat huileux de mono\u00ef solide et fleur de tir\u00e9e 100 g\"},{\"@type\":\"BreadcrumbList\",\"@id\":\"https:\\\/\\\/www.pause-au-naturelle.com\\\/produit\\\/huile-monoi-tahiti\\\/#breadcrumb\",\"itemListElement\":[{\"@type\":\"ListItem\",\"position\":1,\"name\":\"Boutique\",\"item\":\"https:\\\/\\\/www.pause-au-naturelle.com\\\/boutique\\\/\"},{\"@type\":\"ListItem\",\"position\":2,\"name\":\"Mac\u00e9r\u00e2t huileux de mono\u00ef solide et fleur de tiar\u00e9 100g\"}]},{\"@type\":\"WebSite\",\"@id\":\"https:\\\/\\\/www.pause-au-naturelle.com\\\/#website\",\"url\":\"https:\\\/\\\/www.pause-au-naturelle.com\\\/\",\"name\":\"Pause au Naturelle\",\"description\":\"\",\"publisher\":{\"@id\":\"https:\\\/\\\/www.pause-au-naturelle.com\\\/#organization\"},\"potentialAction\":[{\"@type\":\"SearchAction\",\"target\":{\"@type\":\"EntryPoint\",\"urlTemplate\":\"https:\\\/\\\/www.pause-au-naturelle.com\\\/?s={search_term_string}\"},\"query-input\":{\"@type\":\"PropertyValueSpecification\",\"valueRequired\":true,\"valueName\":\"search_term_string\"}}],\"inLanguage\":\"es\"},{\"@type\":\"Organization\",\"@id\":\"https:\\\/\\\/www.pause-au-naturelle.com\\\/#organization\",\"name\":\"Pause au naturelle\",\"url\":\"https:\\\/\\\/www.pause-au-naturelle.com\\\/\",\"logo\":{\"@type\":\"ImageObject\",\"inLanguage\":\"es\",\"@id\":\"https:\\\/\\\/www.pause-au-naturelle.com\\\/#\\\/schema\\\/logo\\\/image\\\/\",\"url\":\"https:\\\/\\\/www.pause-au-naturelle.com\\\/wp-content\\\/uploads\\\/2020\\\/06\\\/logo.png\",\"contentUrl\":\"https:\\\/\\\/www.pause-au-naturelle.com\\\/wp-content\\\/uploads\\\/2020\\\/06\\\/logo.png\",\"width\":250,\"height\":250,\"caption\":\"Pause au naturelle\"},\"image\":{\"@id\":\"https:\\\/\\\/www.pause-au-naturelle.com\\\/#\\\/schema\\\/logo\\\/image\\\/\"}}]}<\/script>\n<!-- \/ Yoast SEO plugin. -->","yoast_head_json":{"title":"Macerado oleoso de mono\u00ef s\u00f3lido de Tahit\u00ed | Numerosos beneficios","description":"Macerado oleoso de monoi con flor de tiar\u00e9. Excelente para nutrir la piel. Bronceado para pieles oscuras. Cuidado del cabello rizado.","robots":{"index":"index","follow":"follow","max-snippet":"max-snippet:-1","max-image-preview":"max-image-preview:large","max-video-preview":"max-video-preview:-1"},"canonical":"https:\/\/www.pause-au-naturelle.com\/es\/producto\/aceite-de-monoi-de-tahiti\/","og_locale":"es_ES","og_type":"article","og_title":"Mac\u00e9r\u00e2t huileux de mono\u00ef solide de Tahiti | Bienfaits nombreux","og_description":"Mac\u00e9r\u00e2t huileux de mono\u00ef \u00e0 la fleur de tiar\u00e9. Excellent pour nourrir la peau. Bronzage pour les peaux fonc\u00e9es. Entretien des cheveux boucl\u00e9s","og_url":"https:\/\/www.pause-au-naturelle.com\/es\/producto\/aceite-de-monoi-de-tahiti\/","og_site_name":"Pause au Naturelle","article_modified_time":"2024-11-20T10:38:44+00:00","og_image":[{"width":600,"height":600,"url":"https:\/\/www.pause-au-naturelle.com\/wp-content\/uploads\/2020\/06\/huile-de-monoi-solide-pause-au-naturelle.jpg","type":"image\/jpeg"}],"twitter_card":"summary_large_image","twitter_misc":{"Tiempo de lectura":"2 minutos"},"schema":{"@context":"https:\/\/schema.org","@graph":[{"@type":"WebPage","@id":"https:\/\/www.pause-au-naturelle.com\/produit\/huile-monoi-tahiti\/","url":"https:\/\/www.pause-au-naturelle.com\/produit\/huile-monoi-tahiti\/","name":"Macerado oleoso de mono\u00ef s\u00f3lido de Tahit\u00ed | Numerosos beneficios","isPartOf":{"@id":"https:\/\/www.pause-au-naturelle.com\/#website"},"primaryImageOfPage":{"@id":"https:\/\/www.pause-au-naturelle.com\/produit\/huile-monoi-tahiti\/#primaryimage"},"image":{"@id":"https:\/\/www.pause-au-naturelle.com\/produit\/huile-monoi-tahiti\/#primaryimage"},"thumbnailUrl":"https:\/\/www.pause-au-naturelle.com\/wp-content\/uploads\/2020\/06\/huile-de-monoi-solide-pause-au-naturelle.jpg","datePublished":"2020-06-09T08:20:55+00:00","dateModified":"2024-11-20T10:38:44+00:00","description":"Macerado oleoso de monoi con flor de tiar\u00e9. Excelente para nutrir la piel. Bronceado para pieles oscuras. Cuidado del cabello rizado.","breadcrumb":{"@id":"https:\/\/www.pause-au-naturelle.com\/produit\/huile-monoi-tahiti\/#breadcrumb"},"inLanguage":"es","potentialAction":[{"@type":"ReadAction","target":["https:\/\/www.pause-au-naturelle.com\/produit\/huile-monoi-tahiti\/"]}]},{"@type":"ImageObject","inLanguage":"es","@id":"https:\/\/www.pause-au-naturelle.com\/produit\/huile-monoi-tahiti\/#primaryimage","url":"https:\/\/www.pause-au-naturelle.com\/wp-content\/uploads\/2020\/06\/huile-de-monoi-solide-pause-au-naturelle.jpg","contentUrl":"https:\/\/www.pause-au-naturelle.com\/wp-content\/uploads\/2020\/06\/huile-de-monoi-solide-pause-au-naturelle.jpg","width":600,"height":600,"caption":"Mac\u00e9rat huileux de mono\u00ef solide et fleur de tir\u00e9e 100 g"},{"@type":"BreadcrumbList","@id":"https:\/\/www.pause-au-naturelle.com\/produit\/huile-monoi-tahiti\/#breadcrumb","itemListElement":[{"@type":"ListItem","position":1,"name":"Boutique","item":"https:\/\/www.pause-au-naturelle.com\/boutique\/"},{"@type":"ListItem","position":2,"name":"Mac\u00e9r\u00e2t huileux de mono\u00ef solide et fleur de tiar\u00e9 100g"}]},{"@type":"WebSite","@id":"https:\/\/www.pause-au-naturelle.com\/#website","url":"https:\/\/www.pause-au-naturelle.com\/","name":"Pausa en la naturaleza","description":"","publisher":{"@id":"https:\/\/www.pause-au-naturelle.com\/#organization"},"potentialAction":[{"@type":"SearchAction","target":{"@type":"EntryPoint","urlTemplate":"https:\/\/www.pause-au-naturelle.com\/?s={search_term_string}"},"query-input":{"@type":"PropertyValueSpecification","valueRequired":true,"valueName":"search_term_string"}}],"inLanguage":"es"},{"@type":"Organization","@id":"https:\/\/www.pause-au-naturelle.com\/#organization","name":"Pausa al aire libre","url":"https:\/\/www.pause-au-naturelle.com\/","logo":{"@type":"ImageObject","inLanguage":"es","@id":"https:\/\/www.pause-au-naturelle.com\/#\/schema\/logo\/image\/","url":"https:\/\/www.pause-au-naturelle.com\/wp-content\/uploads\/2020\/06\/logo.png","contentUrl":"https:\/\/www.pause-au-naturelle.com\/wp-content\/uploads\/2020\/06\/logo.png","width":250,"height":250,"caption":"Pause au naturelle"},"image":{"@id":"https:\/\/www.pause-au-naturelle.com\/#\/schema\/logo\/image\/"}}]}},"_links":{"self":[{"href":"https:\/\/www.pause-au-naturelle.com\/es\/wp-json\/wp\/v2\/product\/6745","targetHints":{"allow":["GET"]}}],"collection":[{"href":"https:\/\/www.pause-au-naturelle.com\/es\/wp-json\/wp\/v2\/product"}],"about":[{"href":"https:\/\/www.pause-au-naturelle.com\/es\/wp-json\/wp\/v2\/types\/product"}],"wp:featuredmedia":[{"embeddable":true,"href":"https:\/\/www.pause-au-naturelle.com\/es\/wp-json\/wp\/v2\/media\/6746"}],"wp:attachment":[{"href":"https:\/\/www.pause-au-naturelle.com\/es\/wp-json\/wp\/v2\/media?parent=6745"}],"wp:term":[{"taxonomy":"product_brand","embeddable":true,"href":"https:\/\/www.pause-au-naturelle.com\/es\/wp-json\/wp\/v2\/product_brand?post=6745"},{"taxonomy":"product_cat","embeddable":true,"href":"https:\/\/www.pause-au-naturelle.com\/es\/wp-json\/wp\/v2\/product_cat?post=6745"},{"taxonomy":"product_tag","embeddable":true,"href":"https:\/\/www.pause-au-naturelle.com\/es\/wp-json\/wp\/v2\/product_tag?post=6745"}],"curies":[{"name":"wp","href":"https:\/\/api.w.org\/{rel}","templated":true}]}}