{"id":6772,"date":"2020-06-13T18:50:57","date_gmt":"2020-06-13T18:50:57","guid":{"rendered":"https:\/\/www.pause-au-naturelle.com\/?post_type=product&#038;p=6772"},"modified":"2025-11-22T13:25:19","modified_gmt":"2025-11-22T13:25:19","slug":"carbon-de-coco-ecologico","status":"publish","type":"product","link":"https:\/\/www.pause-au-naturelle.com\/es\/produit\/charbon-coco-bio\/","title":{"rendered":"Carb\u00f3n activo de coco ecol\u00f3gico 30 g"},"content":{"rendered":"<p>El carb\u00f3n activo de coco ecol\u00f3gico de nuestra gama pertenece a esta familia de sustancias que se pueden extraer f\u00e1cilmente de la naturaleza. El aspecto negro y pulverulento del <strong>carb\u00f3n vegetal activo<\/strong>, tiene grandes beneficios para el organismo en todo lo relacionado con la salud. Este aut\u00e9ntico agente purificador es uno de los desintoxicantes naturales m\u00e1s activos que existen. Sus resultados est\u00e1n reconocidos por la comunidad cient\u00edfica, que lo utiliza como remedio. Te invitamos a descubrir  este producto excepcional 100 % natural, ilustrando sus numerosas ventajas. El <strong>carb\u00f3n vegetal activo de coco<\/strong> Es el m\u00e1s eficaz de todos los carbones de su categor\u00eda. Sin duda, lo encontrar\u00e1 un valioso aliado para sus cuidados de belleza, pero tambi\u00e9n para optimizar su higiene bucodental.<\/p>\n<h2><strong>El carb\u00f3n activo de coco ecol\u00f3gico: un agente eficaz para el blanqueamiento dental<\/strong><\/h2>\n<p>Desde hace a\u00f1os, los bares dentales proliferan por todas partes. \u00bfPor qu\u00e9 no volver a m\u00e9todos mucho m\u00e1s naturales y saludables para preservar el color de tu esmalte?.<\/p>\n<h3><strong>Misi\u00f3n principal: destruir las manchas y los par\u00e1sitos.<\/strong><\/h3>\n<p>&nbsp;<\/p>\n<p>Por su capacidad para capturar ciertas mol\u00e9culas y part\u00edculas de un tama\u00f1o muy peque\u00f1o, la <strong>carb\u00f3n activado de coco org\u00e1nico <\/strong>act\u00faa sobre el esmalte dental. Este aut\u00e9ntico filtro almacena gases y l\u00edquidos. Mediante una acci\u00f3n abrasiva, elimina las manchas m\u00e1s rebeldes dejadas por el consumo de alimentos y bebidas. De hecho, su poder activo absorbe los taninos que se encuentran en las coloraciones. Elimina los compuestos qu\u00edmicos que provocan el amarilleamiento de los dientes. En particular, los que se encuentran en algunas especias, en el caf\u00e9 y, lamentablemente, en el tabaco. Sus activos blanqueadores permiten que los dientes recuperen un esmalte brillante. Cabe se\u00f1alar, adem\u00e1s, que el aliento depende de las bacterias que residen en la boca. De hecho, la principal causa del mal aliento es la presencia de bacterias. Por lo tanto, es un indicio de una mala higiene bucal. Al utilizar este <strong>carb\u00f3n vegetal<\/strong>, este elimina las bacterias presentes en la boca y devuelve un buen aliento.<\/p>\n<h3><strong>Uso de este carb\u00f3n vegetal ecol\u00f3gico<\/strong><\/h3>\n<p>&nbsp;<\/p>\n<p>El uso del <strong>carb\u00f3n activo de coco ecol\u00f3gico <\/strong>para uso bucal es muy sencillo. En resumen, como de costumbre, utilice una <strong><a href=\"https:\/\/www.pause-au-naturelle.com\/es\/producto\/cepillo-de-dientes-de-bambu-y-carbon\/\">cepillo de dientes<\/a><\/strong>. Elija uno especial para esta ocasi\u00f3n, ya que tiene un alto poder pigmentante. Humedezca ligeramente el cepillo de dientes. A continuaci\u00f3n, aplique el producto en polvo solo. Despu\u00e9s, cepille los dientes normalmente durante unos minutos. Por \u00faltimo, enjuague la boca con agua limpia hasta que desaparezca por completo el color negro. Repita la operaci\u00f3n una o dos veces por semana hasta que observe que los dientes han recuperado su blancura.<\/p>\n<h2><strong>El carb\u00f3n vegetal: otros beneficios para el organismo<\/strong><\/h2>\n<p>&nbsp;<\/p>\n<p>De su nombre cient\u00edfico, <em>Carbo vegetal<\/em> Es un producto excepcional com\u00fanmente conocido como \u00bbcarb\u00f3n activo\u00bb o \u00bbcarb\u00f3n activado\u00bb. Nuestros vecinos ingleses lo llaman \u00bbactivated charcoal\u00bb. En lenguaje bot\u00e1nico, se denomina simplemente carb\u00f3n de madera.<\/p>\n<h3><strong>Propiedades naturales eficaces<\/strong><\/h3>\n<p>&nbsp;<\/p>\n<p>El carb\u00f3n activado de coco es muy absorbente y proporciona numerosos beneficios al cuerpo humano. Sus propiedades tienen efectos desintoxicantes y purificadores para el organismo. Combate toda una serie de problemas de salud, entre los que se encuentran los trastornos digestivos e intestinales. Act\u00faa como regulador del tr\u00e1nsito intestinal, aliviando las molestias abdominales. As\u00ed, remedia dolencias como la diarrea, el estre\u00f1imiento y la gastroenteritis. Tambi\u00e9n act\u00faa contra los trastornos digestivos. En este caso, combate la acidez estomacal, el reflujo g\u00e1strico, la aerofagia, las flatulencias, la hinchaz\u00f3n, los eructos y la irritabilidad del colon.<\/p>\n<p>Las personas propensas al colesterol tambi\u00e9n se benefician al tomar <strong>carb\u00f3n vegetal de coco <\/strong>ya que reduce su nivel. Adem\u00e1s, a nivel renal, permite recuperar un buen equilibrio.<\/p>\n<h3><strong>Propiedades terap\u00e9uticas y homeop\u00e1ticas<\/strong><\/h3>\n<p>&nbsp;<\/p>\n<p>Desde un punto de vista terap\u00e9utico, sus propiedades hipocolesterol\u00e9micas lo convierten en un buen agente para tratar enfermedades cardiovasculares. En urgencias y reanimaci\u00f3n, el carb\u00f3n natural se utiliza para el tratamiento de ciertas intoxicaciones agudas. Por ello, est\u00e1 indicado en el centro antivenenos belga.<\/p>\n<p>Como terapia diaria, su ingesta aumenta la eliminaci\u00f3n de una parte de las mol\u00e9culas, es decir, su purificaci\u00f3n. La dosis recomendada para seguir esta terapia es de solo 1 gramo al d\u00eda. Hasta 100 gramos de consumo diario, no representa ning\u00fan peligro para la salud. El consumo regular de carb\u00f3n natural mejora significativamente la flora intestinal y tiene el efecto de ralentizar el envejecimiento.<\/p>\n<h2><strong>Fabricaci\u00f3n y composici\u00f3n<\/strong><\/h2>\n<p>&nbsp;<\/p>\n<p>Existen varias formas de carb\u00f3n vegetal. Sin embargo, ya sea carb\u00f3n activo de coco u otro tipo, el proceso no difiere.<\/p>\n<h3><strong>Bajo la acci\u00f3n del fuego<\/strong><\/h3>\n<p>&nbsp;<\/p>\n<p>La fabricaci\u00f3n del <strong>carb\u00f3n vegetal <\/strong>Es un proceso sencillo e ingenioso a la vez. Es el resultado del efecto de la combusti\u00f3n por fuego sobre un extracto de esencia de madera natural. En nuestro caso, el carb\u00f3n activado de coco se obtiene a partir de la c\u00e1scara de este fruto tropical. Para lograr una carbonizaci\u00f3n suficiente, es necesario aumentar considerablemente su intensidad. Por lo tanto, se necesitan entre 600 y 900 grados para provocar una ausencia absoluta de aire en la madera. Este es el primer paso en la producci\u00f3n del <strong>carb\u00f3n vegetal<\/strong>.<\/p>\n<p>En una segunda fase, se tiende a activar el producto. Para ello, es necesario calentar de nuevo el elemento aportando aire, vapor de agua y gases. Estos elementos tienen propiedades oxidantes. Esta acci\u00f3n beneficia al carb\u00f3n activo de coco ecol\u00f3gico, ya que le confiere una gran porosidad. Esta porosidad tiene la propiedad de absorber una cantidad de gas equivalente a cien veces su volumen. Gracias a este proceso qu\u00edmico, el carbono en estado puro permite acceder a una serie de principios activos beneficiosos para nuestra salud.<\/p>\n<h3><strong>La arcilla bentonita (o montmorillonita)<\/strong><\/h3>\n<p>&nbsp;<\/p>\n<p>La arcilla bentonita es uno de los componentes del carb\u00f3n activo de coco. Esta arcilla excepcional elimina las toxinas y es la m\u00e1s eficaz de todas las arcillas. Al tacto, resulta agradable gracias a la sensaci\u00f3n aterciopelada que proporciona. Adem\u00e1s, esta arcilla muy fina no mancha y no desprende ning\u00fan olor. Se extrae en Estados Unidos de antiguas cenizas volc\u00e1nicas. Su propiedad es que, al entrar en contacto con un cuerpo hidratante, desencadena una carga el\u00e9ctrica. Es esta carga la que permite absorber y destruir las toxinas presentes. La arcilla bentonita aporta ox\u00edgeno a las c\u00e9lulas al absorber el exceso de hidr\u00f3geno. Su efecto alcalinizante reduce la acidez del cuerpo. Esta arcilla aporta minerales. Adem\u00e1s, ayuda a remediar los problemas de la epidermis y est\u00e1 indicada para el cuidado bucodental.<\/p>\n<p>Contraindicado para mujeres embarazadas y en periodo de lactancia.<\/p>\n<p>&nbsp;<\/p>\n<p>&nbsp;<\/p>","protected":false},"excerpt":{"rendered":"<p>Le charbon actif coco bio de notre gamme appartient \u00e0 cette famille de substances que l&rsquo;on peut extraire facilement de la nature. L&rsquo;aspect noir et poudreux du charbon v\u00e9g\u00e9tal actif, rec\u00e8le des vertus \u00e9lev\u00e9es pour l&rsquo;organisme dans toute une dynamique sanitaire vari\u00e9e. Ce v\u00e9ritable agent purificateur est l\u2019un des plus actif de tous les d\u00e9toxifiants [&#8230;]\n","protected":false},"featured_media":6806,"template":"","meta":[],"product_brand":[],"product_cat":[85],"product_tag":[],"class_list":{"0":"post-6772","1":"product","2":"type-product","3":"status-publish","4":"has-post-thumbnail","6":"product_cat-dentaire","8":"first","9":"outofstock","10":"shipping-taxable","11":"purchasable","12":"product-type-simple"},"yoast_head":"<!-- This site is optimized with the Yoast SEO plugin v27.3 - https:\/\/yoast.com\/product\/yoast-seo-wordpress\/ -->\n<title>Charbon actif coco bio 30 g | des dents blanches et \u00e9clatantes de sant\u00e9<\/title>\n<meta name=\"description\" content=\"Rem\u00e8de traditionnel indon\u00e9sien, le charbon de coco bio est une solution dentaire sereine et efficace pour rendre les dents blanches.\" \/>\n<meta name=\"robots\" content=\"index, follow, max-snippet:-1, max-image-preview:large, max-video-preview:-1\" \/>\n<link rel=\"canonical\" href=\"https:\/\/www.pause-au-naturelle.com\/es\/producto\/carbon-de-coco-ecologico\/\" \/>\n<meta property=\"og:locale\" content=\"es_ES\" \/>\n<meta property=\"og:type\" content=\"article\" \/>\n<meta property=\"og:title\" content=\"Charbon actif coco bio 30 g | des dents blanches et \u00e9clatantes de sant\u00e9\" \/>\n<meta property=\"og:description\" content=\"Rem\u00e8de traditionnel indon\u00e9sien, le charbon de coco bio est une solution dentaire sereine et efficace pour rendre les dents blanches.\" \/>\n<meta property=\"og:url\" content=\"https:\/\/www.pause-au-naturelle.com\/es\/producto\/carbon-de-coco-ecologico\/\" \/>\n<meta property=\"og:site_name\" content=\"Pause au Naturelle\" \/>\n<meta property=\"article:modified_time\" content=\"2025-11-22T13:25:19+00:00\" \/>\n<meta property=\"og:image\" content=\"https:\/\/www.pause-au-naturelle.com\/wp-content\/uploads\/2020\/06\/CHARBON-ACTIF.jpg\" \/>\n\t<meta property=\"og:image:width\" content=\"800\" \/>\n\t<meta property=\"og:image:height\" content=\"1280\" \/>\n\t<meta property=\"og:image:type\" content=\"image\/jpeg\" \/>\n<meta name=\"twitter:card\" content=\"summary_large_image\" \/>\n<meta name=\"twitter:label1\" content=\"Tiempo de lectura\" \/>\n\t<meta name=\"twitter:data1\" content=\"5 minutos\" \/>\n<script type=\"application\/ld+json\" class=\"yoast-schema-graph\">{\"@context\":\"https:\\\/\\\/schema.org\",\"@graph\":[{\"@type\":\"WebPage\",\"@id\":\"https:\\\/\\\/www.pause-au-naturelle.com\\\/produit\\\/charbon-coco-bio\\\/\",\"url\":\"https:\\\/\\\/www.pause-au-naturelle.com\\\/produit\\\/charbon-coco-bio\\\/\",\"name\":\"Charbon actif coco bio 30 g | des dents blanches et \u00e9clatantes de sant\u00e9\",\"isPartOf\":{\"@id\":\"https:\\\/\\\/www.pause-au-naturelle.com\\\/#website\"},\"primaryImageOfPage\":{\"@id\":\"https:\\\/\\\/www.pause-au-naturelle.com\\\/produit\\\/charbon-coco-bio\\\/#primaryimage\"},\"image\":{\"@id\":\"https:\\\/\\\/www.pause-au-naturelle.com\\\/produit\\\/charbon-coco-bio\\\/#primaryimage\"},\"thumbnailUrl\":\"https:\\\/\\\/www.pause-au-naturelle.com\\\/wp-content\\\/uploads\\\/2020\\\/06\\\/CHARBON-ACTIF.jpg\",\"datePublished\":\"2020-06-13T18:50:57+00:00\",\"dateModified\":\"2025-11-22T13:25:19+00:00\",\"description\":\"Rem\u00e8de traditionnel indon\u00e9sien, le charbon de coco bio est une solution dentaire sereine et efficace pour rendre les dents blanches.\",\"breadcrumb\":{\"@id\":\"https:\\\/\\\/www.pause-au-naturelle.com\\\/produit\\\/charbon-coco-bio\\\/#breadcrumb\"},\"inLanguage\":\"es\",\"potentialAction\":[{\"@type\":\"ReadAction\",\"target\":[\"https:\\\/\\\/www.pause-au-naturelle.com\\\/produit\\\/charbon-coco-bio\\\/\"]}]},{\"@type\":\"ImageObject\",\"inLanguage\":\"es\",\"@id\":\"https:\\\/\\\/www.pause-au-naturelle.com\\\/produit\\\/charbon-coco-bio\\\/#primaryimage\",\"url\":\"https:\\\/\\\/www.pause-au-naturelle.com\\\/wp-content\\\/uploads\\\/2020\\\/06\\\/CHARBON-ACTIF.jpg\",\"contentUrl\":\"https:\\\/\\\/www.pause-au-naturelle.com\\\/wp-content\\\/uploads\\\/2020\\\/06\\\/CHARBON-ACTIF.jpg\",\"width\":800,\"height\":1280},{\"@type\":\"BreadcrumbList\",\"@id\":\"https:\\\/\\\/www.pause-au-naturelle.com\\\/produit\\\/charbon-coco-bio\\\/#breadcrumb\",\"itemListElement\":[{\"@type\":\"ListItem\",\"position\":1,\"name\":\"Boutique\",\"item\":\"https:\\\/\\\/www.pause-au-naturelle.com\\\/boutique\\\/\"},{\"@type\":\"ListItem\",\"position\":2,\"name\":\"Charbon actif de coco bio 30g\"}]},{\"@type\":\"WebSite\",\"@id\":\"https:\\\/\\\/www.pause-au-naturelle.com\\\/#website\",\"url\":\"https:\\\/\\\/www.pause-au-naturelle.com\\\/\",\"name\":\"Pause au Naturelle\",\"description\":\"\",\"publisher\":{\"@id\":\"https:\\\/\\\/www.pause-au-naturelle.com\\\/#organization\"},\"potentialAction\":[{\"@type\":\"SearchAction\",\"target\":{\"@type\":\"EntryPoint\",\"urlTemplate\":\"https:\\\/\\\/www.pause-au-naturelle.com\\\/?s={search_term_string}\"},\"query-input\":{\"@type\":\"PropertyValueSpecification\",\"valueRequired\":true,\"valueName\":\"search_term_string\"}}],\"inLanguage\":\"es\"},{\"@type\":\"Organization\",\"@id\":\"https:\\\/\\\/www.pause-au-naturelle.com\\\/#organization\",\"name\":\"Pause au naturelle\",\"url\":\"https:\\\/\\\/www.pause-au-naturelle.com\\\/\",\"logo\":{\"@type\":\"ImageObject\",\"inLanguage\":\"es\",\"@id\":\"https:\\\/\\\/www.pause-au-naturelle.com\\\/#\\\/schema\\\/logo\\\/image\\\/\",\"url\":\"https:\\\/\\\/www.pause-au-naturelle.com\\\/wp-content\\\/uploads\\\/2020\\\/06\\\/logo.png\",\"contentUrl\":\"https:\\\/\\\/www.pause-au-naturelle.com\\\/wp-content\\\/uploads\\\/2020\\\/06\\\/logo.png\",\"width\":250,\"height\":250,\"caption\":\"Pause au naturelle\"},\"image\":{\"@id\":\"https:\\\/\\\/www.pause-au-naturelle.com\\\/#\\\/schema\\\/logo\\\/image\\\/\"}}]}<\/script>\n<!-- \/ Yoast SEO plugin. -->","yoast_head_json":{"title":"Carb\u00f3n activo de coco ecol\u00f3gico 30 g | dientes blancos y brillantes de salud","description":"El carb\u00f3n de coco org\u00e1nico, un remedio tradicional indonesio, es una soluci\u00f3n dental segura y eficaz para blanquear los dientes.","robots":{"index":"index","follow":"follow","max-snippet":"max-snippet:-1","max-image-preview":"max-image-preview:large","max-video-preview":"max-video-preview:-1"},"canonical":"https:\/\/www.pause-au-naturelle.com\/es\/producto\/carbon-de-coco-ecologico\/","og_locale":"es_ES","og_type":"article","og_title":"Charbon actif coco bio 30 g | des dents blanches et \u00e9clatantes de sant\u00e9","og_description":"Rem\u00e8de traditionnel indon\u00e9sien, le charbon de coco bio est une solution dentaire sereine et efficace pour rendre les dents blanches.","og_url":"https:\/\/www.pause-au-naturelle.com\/es\/producto\/carbon-de-coco-ecologico\/","og_site_name":"Pause au Naturelle","article_modified_time":"2025-11-22T13:25:19+00:00","og_image":[{"width":800,"height":1280,"url":"https:\/\/www.pause-au-naturelle.com\/wp-content\/uploads\/2020\/06\/CHARBON-ACTIF.jpg","type":"image\/jpeg"}],"twitter_card":"summary_large_image","twitter_misc":{"Tiempo de lectura":"5 minutos"},"schema":{"@context":"https:\/\/schema.org","@graph":[{"@type":"WebPage","@id":"https:\/\/www.pause-au-naturelle.com\/produit\/charbon-coco-bio\/","url":"https:\/\/www.pause-au-naturelle.com\/produit\/charbon-coco-bio\/","name":"Carb\u00f3n activo de coco ecol\u00f3gico 30 g | dientes blancos y brillantes de salud","isPartOf":{"@id":"https:\/\/www.pause-au-naturelle.com\/#website"},"primaryImageOfPage":{"@id":"https:\/\/www.pause-au-naturelle.com\/produit\/charbon-coco-bio\/#primaryimage"},"image":{"@id":"https:\/\/www.pause-au-naturelle.com\/produit\/charbon-coco-bio\/#primaryimage"},"thumbnailUrl":"https:\/\/www.pause-au-naturelle.com\/wp-content\/uploads\/2020\/06\/CHARBON-ACTIF.jpg","datePublished":"2020-06-13T18:50:57+00:00","dateModified":"2025-11-22T13:25:19+00:00","description":"El carb\u00f3n de coco org\u00e1nico, un remedio tradicional indonesio, es una soluci\u00f3n dental segura y eficaz para blanquear los dientes.","breadcrumb":{"@id":"https:\/\/www.pause-au-naturelle.com\/produit\/charbon-coco-bio\/#breadcrumb"},"inLanguage":"es","potentialAction":[{"@type":"ReadAction","target":["https:\/\/www.pause-au-naturelle.com\/produit\/charbon-coco-bio\/"]}]},{"@type":"ImageObject","inLanguage":"es","@id":"https:\/\/www.pause-au-naturelle.com\/produit\/charbon-coco-bio\/#primaryimage","url":"https:\/\/www.pause-au-naturelle.com\/wp-content\/uploads\/2020\/06\/CHARBON-ACTIF.jpg","contentUrl":"https:\/\/www.pause-au-naturelle.com\/wp-content\/uploads\/2020\/06\/CHARBON-ACTIF.jpg","width":800,"height":1280},{"@type":"BreadcrumbList","@id":"https:\/\/www.pause-au-naturelle.com\/produit\/charbon-coco-bio\/#breadcrumb","itemListElement":[{"@type":"ListItem","position":1,"name":"Boutique","item":"https:\/\/www.pause-au-naturelle.com\/boutique\/"},{"@type":"ListItem","position":2,"name":"Charbon actif de coco bio 30g"}]},{"@type":"WebSite","@id":"https:\/\/www.pause-au-naturelle.com\/#website","url":"https:\/\/www.pause-au-naturelle.com\/","name":"Pausa en la naturaleza","description":"","publisher":{"@id":"https:\/\/www.pause-au-naturelle.com\/#organization"},"potentialAction":[{"@type":"SearchAction","target":{"@type":"EntryPoint","urlTemplate":"https:\/\/www.pause-au-naturelle.com\/?s={search_term_string}"},"query-input":{"@type":"PropertyValueSpecification","valueRequired":true,"valueName":"search_term_string"}}],"inLanguage":"es"},{"@type":"Organization","@id":"https:\/\/www.pause-au-naturelle.com\/#organization","name":"Pausa al aire libre","url":"https:\/\/www.pause-au-naturelle.com\/","logo":{"@type":"ImageObject","inLanguage":"es","@id":"https:\/\/www.pause-au-naturelle.com\/#\/schema\/logo\/image\/","url":"https:\/\/www.pause-au-naturelle.com\/wp-content\/uploads\/2020\/06\/logo.png","contentUrl":"https:\/\/www.pause-au-naturelle.com\/wp-content\/uploads\/2020\/06\/logo.png","width":250,"height":250,"caption":"Pause au naturelle"},"image":{"@id":"https:\/\/www.pause-au-naturelle.com\/#\/schema\/logo\/image\/"}}]}},"_links":{"self":[{"href":"https:\/\/www.pause-au-naturelle.com\/es\/wp-json\/wp\/v2\/product\/6772","targetHints":{"allow":["GET"]}}],"collection":[{"href":"https:\/\/www.pause-au-naturelle.com\/es\/wp-json\/wp\/v2\/product"}],"about":[{"href":"https:\/\/www.pause-au-naturelle.com\/es\/wp-json\/wp\/v2\/types\/product"}],"wp:featuredmedia":[{"embeddable":true,"href":"https:\/\/www.pause-au-naturelle.com\/es\/wp-json\/wp\/v2\/media\/6806"}],"wp:attachment":[{"href":"https:\/\/www.pause-au-naturelle.com\/es\/wp-json\/wp\/v2\/media?parent=6772"}],"wp:term":[{"taxonomy":"product_brand","embeddable":true,"href":"https:\/\/www.pause-au-naturelle.com\/es\/wp-json\/wp\/v2\/product_brand?post=6772"},{"taxonomy":"product_cat","embeddable":true,"href":"https:\/\/www.pause-au-naturelle.com\/es\/wp-json\/wp\/v2\/product_cat?post=6772"},{"taxonomy":"product_tag","embeddable":true,"href":"https:\/\/www.pause-au-naturelle.com\/es\/wp-json\/wp\/v2\/product_tag?post=6772"}],"curies":[{"name":"wp","href":"https:\/\/api.w.org\/{rel}","templated":true}]}}