{"id":6782,"date":"2020-06-13T19:21:42","date_gmt":"2020-06-13T19:21:42","guid":{"rendered":"https:\/\/www.pause-au-naturelle.com\/?post_type=product&#038;p=6782"},"modified":"2026-04-01T21:21:04","modified_gmt":"2026-04-01T21:21:04","slug":"roll-on-antiimperfecciones-con-aceite-de-nigella-habachia","status":"publish","type":"product","link":"https:\/\/www.pause-au-naturelle.com\/es\/produit\/roll-on-anti-imperfections-huile-nigelle-habachia\/","title":{"rendered":"Roll-on antiimperfecciones 10 ml con semillas de comino negro y \u00e1rbol del t\u00e9"},"content":{"rendered":"<p>Cosm\u00e9tico de belleza indispensable en el arsenal del cuarto de ba\u00f1o, este<strong> roll-on antiimperfecciones <\/strong>a la\u2019<strong><a href=\"https:\/\/www.pause-au-naturelle.com\/es\/producto\/aceite-de-nigella-habachia-etiopia-100-ml\/\">aceite de comino negro de Etiop\u00eda<\/a><\/strong> y el aceite esencial de \u00e1rbol de t\u00e9 australiano es una peque\u00f1a maravilla.<\/p>\n<p>Esta peque\u00f1a herramienta de bolsillo, perfecta para el uso diario, est\u00e1 pensada para llevarla consigo. De hecho, ocupa muy poco espacio en el bolso o incluso en el bolsillo. Este peque\u00f1o stick inteligente contribuye a su higiene diaria como cuidado para la piel. Procedente de la marca \u00bb1001 vertus\u00bb, se inscribe en una alternativa totalmente biol\u00f3gica y natural. Descubra hoy mismo una soluci\u00f3n f\u00e1cil de usar y pr\u00e1ctica para los consumidores.<\/p>\n<h2><strong>Un roll-on antiimperfecciones que combate el acn\u00e9.<\/strong><\/h2>\n<p>La acci\u00f3n principal de nuestro producto actual reside en su lucha contra los problemas cut\u00e1neos relacionados con el sebo. El acn\u00e9 es un factor que aparece en algunas personas, principalmente durante la adolescencia y, por lo general, en la cara. Este brote puede ser m\u00e1s o menos importante de una persona a otra. Este fen\u00f3meno puede ser dif\u00edcil de aceptar debido a su visibilidad para los dem\u00e1s.<\/p>\n<p>El <strong>roll-on antiimperfecciones<\/strong> se presenta como una herramienta m\u00e1s en la lucha contra el acn\u00e9. No lo definimos como un remedio \u00fanico para solucionar este persistente problema. Aqu\u00ed hay dos elementos que te ayudar\u00e1n a recuperar una piel libre de granos. Se trata, por un lado, del aceite de \u00e1rbol de t\u00e9 y, por otro, del aceite de nigella.<\/p>\n<h3><strong>Aceite esencial de \u00e1rbol de t\u00e9 australiano<\/strong><\/h3>\n<p>El origen natural de <em>Melaleuca alternifolia <\/em>se encuentra en Australia. A pesar de su nombre, el \u00e1rbol del que procede no tiene ninguna relaci\u00f3n bot\u00e1nica con la planta del t\u00e9. <em>Camellia sinensis.<\/em> Es eficaz en el tratamiento de patolog\u00edas infecciosas e inflamaciones de las mucosas de la epidermis. Sus propiedades antis\u00e9pticas son conocidas desde hace mucho tiempo. Los estudios sobre este tema han destacado sus propiedades antimicrobianas. Cl\u00ednicamente, se dice que es capaz de destruir g\u00e9rmenes muy potentes, como el estafilococo dorado. Tambi\u00e9n tendr\u00eda propiedades antif\u00fangicas, antivirales, antiprotozoarias y antibacterianas. Adem\u00e1s, este aceite de calidad tambi\u00e9n se utiliza en el tratamiento de otras afecciones de la piel. De hecho, trata, por un lado, las verrugas, el herpes labial y las micosis cut\u00e1neas. Por otro lado, se utiliza contra las picaduras de insectos y las quemaduras.<\/p>\n<h3><strong>La presencia de aceite vegetal de comino negro de Etiop\u00eda en el coraz\u00f3n del stick.<\/strong><\/h3>\n<p>El aceite de <em>Nigella sativa <\/em>contenida en el <strong>roll-on antiimperfecciones<\/strong> Es conocida por su principio activo, la timoquinona. Es un agente antibacteriano y antiinflamatorio adecuado para todo tipo de pieles. La acci\u00f3n de este aceite es potente contra las bacterias muy resistentes. Su aplicaci\u00f3n permite detener su proliferaci\u00f3n en la superficie del tejido epid\u00e9rmico. Su aceite esencial, presente en estado natural, es muy rico en principios activos y nutrientes. Tambi\u00e9n es antioxidante y antirradicalario.\u00a0 Estos dos factores contribuyen a recuperar la elasticidad y la suavidad de la piel. Este minucioso producto tambi\u00e9n se utiliza como corrector de ojeras. Los \u00e1cidos grasos omega y omega 3 que contiene nutren la piel en profundidad. Esta combinaci\u00f3n de acciones favorece el retorno a una piel sana y con un aspecto bonito.<\/p>\n<h4><strong>Uso pr\u00e1ctico<\/strong><\/h4>\n<p>Recomendamos a los usuarios del <strong>roll-on antiimperfecciones<\/strong> Agite bien el producto antes de usarlo. A continuaci\u00f3n, apl\u00edquelo sobre una zona perfectamente limpia y seca para que el producto act\u00fae en las mejores condiciones. Con una funci\u00f3n est\u00e9tica de primer orden, este stick en roll-on es ideal para tratar las imperfecciones. Tambi\u00e9n hidrata la zona del contorno de los ojos, que suele estar expuesta a la sequedad cut\u00e1nea. Este aporte oleoso es, adem\u00e1s, lo mejor que se puede aplicar si la piel tira y produce picor.<\/p>\n<p>Cuando no es posible utilizar la crema debido a quemaduras o irritaciones, este roll-on antiimperfecciones cumple activamente su funci\u00f3n. Su efecto reparador se observa en solo dos o tres d\u00edas de aplicaci\u00f3n sobre las inflamaciones.<\/p>\n<p>Permite purificar y tonificar esta zona sensible, aportando un tono uniforme a la piel. Muy eficaz para combatir el acn\u00e9 y el eccema, reduce las manchas cut\u00e1neas presentes en el contorno de los ojos y el rostro.<\/p>\n<p>D\u00e9jese guiar por la acci\u00f3n de la bola realizando movimientos circulares. Apto para todo tipo de pieles.<\/p>","protected":false},"excerpt":{"rendered":"<p>Cosm\u00e9tique beaut\u00e9 indispensable dans l\u2019arsenal de salle de bain, ce roll-on anti imperfection \u00e0 l\u2019huile de nigelle d\u2019\u00e9thiopie et \u00e0 l\u2019huile essentielle d\u2019arbre \u00e0 th\u00e9 d\u2019Australie est une petite merveille. Ce petit outil de poche, parfait d&rsquo;utilisation au quotidien, est tout pens\u00e9 pour le transport. En effet, il tient une place infime dans votre sac [&#8230;]\n","protected":false},"featured_media":6801,"template":"","meta":[],"product_brand":[],"product_cat":[61,86,69],"product_tag":[],"class_list":{"0":"post-6782","1":"product","2":"type-product","3":"status-publish","4":"has-post-thumbnail","6":"product_cat-beaute-hygiene","7":"product_cat-huile-cosmetique","8":"product_cat-nigelle","10":"first","11":"instock","12":"shipping-taxable","13":"purchasable","14":"product-type-simple"},"yoast_head":"<!-- This site is optimized with the Yoast SEO plugin v27.3 - https:\/\/yoast.com\/product\/yoast-seo-wordpress\/ -->\n<title>Roll-on anti imperfection 10 ml | nigelle et arbre \u00e0 th\u00e9<\/title>\n<meta name=\"description\" content=\"Enrichi \u00e0 la nigelle et arbre \u00e0 th\u00e9 , ce roll-on anti imperfection att\u00e9nue les t\u00e2ches et boutons sur le visage, r\u00e9g\u00e9n\u00e8re la peau.\" \/>\n<meta name=\"robots\" content=\"index, follow, max-snippet:-1, max-image-preview:large, max-video-preview:-1\" \/>\n<link rel=\"canonical\" href=\"https:\/\/www.pause-au-naturelle.com\/es\/producto\/roll-on-antiimperfecciones-con-aceite-de-nigella-habachia\/\" \/>\n<meta property=\"og:locale\" content=\"es_ES\" \/>\n<meta property=\"og:type\" content=\"article\" \/>\n<meta property=\"og:title\" content=\"Roll-on anti imperfection 10 ml | nigelle et arbre \u00e0 th\u00e9\" \/>\n<meta property=\"og:description\" content=\"Enrichi \u00e0 la nigelle et arbre \u00e0 th\u00e9 , ce roll-on anti imperfection att\u00e9nue les t\u00e2ches et boutons sur le visage, r\u00e9g\u00e9n\u00e8re la peau.\" \/>\n<meta property=\"og:url\" content=\"https:\/\/www.pause-au-naturelle.com\/es\/producto\/roll-on-antiimperfecciones-con-aceite-de-nigella-habachia\/\" \/>\n<meta property=\"og:site_name\" content=\"Pause au Naturelle\" \/>\n<meta property=\"article:modified_time\" content=\"2026-04-01T21:21:04+00:00\" \/>\n<meta property=\"og:image\" content=\"https:\/\/www.pause-au-naturelle.com\/wp-content\/uploads\/2020\/06\/roll-on-anti-imperfections-huile-de-nigelle-tea-tree-100-naturel-1001-vertus.jpg\" \/>\n\t<meta property=\"og:image:width\" content=\"800\" \/>\n\t<meta property=\"og:image:height\" content=\"800\" \/>\n\t<meta property=\"og:image:type\" content=\"image\/jpeg\" \/>\n<meta name=\"twitter:card\" content=\"summary_large_image\" \/>\n<meta name=\"twitter:label1\" content=\"Tiempo de lectura\" \/>\n\t<meta name=\"twitter:data1\" content=\"4 minutos\" \/>\n<script type=\"application\/ld+json\" class=\"yoast-schema-graph\">{\"@context\":\"https:\\\/\\\/schema.org\",\"@graph\":[{\"@type\":\"WebPage\",\"@id\":\"https:\\\/\\\/www.pause-au-naturelle.com\\\/produit\\\/roll-on-anti-imperfections-huile-nigelle-habachia\\\/\",\"url\":\"https:\\\/\\\/www.pause-au-naturelle.com\\\/produit\\\/roll-on-anti-imperfections-huile-nigelle-habachia\\\/\",\"name\":\"Roll-on anti imperfection 10 ml | nigelle et arbre \u00e0 th\u00e9\",\"isPartOf\":{\"@id\":\"https:\\\/\\\/www.pause-au-naturelle.com\\\/#website\"},\"primaryImageOfPage\":{\"@id\":\"https:\\\/\\\/www.pause-au-naturelle.com\\\/produit\\\/roll-on-anti-imperfections-huile-nigelle-habachia\\\/#primaryimage\"},\"image\":{\"@id\":\"https:\\\/\\\/www.pause-au-naturelle.com\\\/produit\\\/roll-on-anti-imperfections-huile-nigelle-habachia\\\/#primaryimage\"},\"thumbnailUrl\":\"https:\\\/\\\/www.pause-au-naturelle.com\\\/wp-content\\\/uploads\\\/2020\\\/06\\\/roll-on-anti-imperfections-huile-de-nigelle-tea-tree-100-naturel-1001-vertus.jpg\",\"datePublished\":\"2020-06-13T19:21:42+00:00\",\"dateModified\":\"2026-04-01T21:21:04+00:00\",\"description\":\"Enrichi \u00e0 la nigelle et arbre \u00e0 th\u00e9 , ce roll-on anti imperfection att\u00e9nue les t\u00e2ches et boutons sur le visage, r\u00e9g\u00e9n\u00e8re la peau.\",\"breadcrumb\":{\"@id\":\"https:\\\/\\\/www.pause-au-naturelle.com\\\/produit\\\/roll-on-anti-imperfections-huile-nigelle-habachia\\\/#breadcrumb\"},\"inLanguage\":\"es\",\"potentialAction\":[{\"@type\":\"ReadAction\",\"target\":[\"https:\\\/\\\/www.pause-au-naturelle.com\\\/produit\\\/roll-on-anti-imperfections-huile-nigelle-habachia\\\/\"]}]},{\"@type\":\"ImageObject\",\"inLanguage\":\"es\",\"@id\":\"https:\\\/\\\/www.pause-au-naturelle.com\\\/produit\\\/roll-on-anti-imperfections-huile-nigelle-habachia\\\/#primaryimage\",\"url\":\"https:\\\/\\\/www.pause-au-naturelle.com\\\/wp-content\\\/uploads\\\/2020\\\/06\\\/roll-on-anti-imperfections-huile-de-nigelle-tea-tree-100-naturel-1001-vertus.jpg\",\"contentUrl\":\"https:\\\/\\\/www.pause-au-naturelle.com\\\/wp-content\\\/uploads\\\/2020\\\/06\\\/roll-on-anti-imperfections-huile-de-nigelle-tea-tree-100-naturel-1001-vertus.jpg\",\"width\":800,\"height\":800,\"caption\":\"Roll on anti imperfection: att\u00e9nue les t\u00e2ches et boutons sur le visage\"},{\"@type\":\"BreadcrumbList\",\"@id\":\"https:\\\/\\\/www.pause-au-naturelle.com\\\/produit\\\/roll-on-anti-imperfections-huile-nigelle-habachia\\\/#breadcrumb\",\"itemListElement\":[{\"@type\":\"ListItem\",\"position\":1,\"name\":\"Boutique\",\"item\":\"https:\\\/\\\/www.pause-au-naturelle.com\\\/boutique\\\/\"},{\"@type\":\"ListItem\",\"position\":2,\"name\":\"Roll-on anti imperfection 10ml nigelle et arbre a th\u00e9\"}]},{\"@type\":\"WebSite\",\"@id\":\"https:\\\/\\\/www.pause-au-naturelle.com\\\/#website\",\"url\":\"https:\\\/\\\/www.pause-au-naturelle.com\\\/\",\"name\":\"Pause au Naturelle\",\"description\":\"\",\"publisher\":{\"@id\":\"https:\\\/\\\/www.pause-au-naturelle.com\\\/#organization\"},\"potentialAction\":[{\"@type\":\"SearchAction\",\"target\":{\"@type\":\"EntryPoint\",\"urlTemplate\":\"https:\\\/\\\/www.pause-au-naturelle.com\\\/?s={search_term_string}\"},\"query-input\":{\"@type\":\"PropertyValueSpecification\",\"valueRequired\":true,\"valueName\":\"search_term_string\"}}],\"inLanguage\":\"es\"},{\"@type\":\"Organization\",\"@id\":\"https:\\\/\\\/www.pause-au-naturelle.com\\\/#organization\",\"name\":\"Pause au naturelle\",\"url\":\"https:\\\/\\\/www.pause-au-naturelle.com\\\/\",\"logo\":{\"@type\":\"ImageObject\",\"inLanguage\":\"es\",\"@id\":\"https:\\\/\\\/www.pause-au-naturelle.com\\\/#\\\/schema\\\/logo\\\/image\\\/\",\"url\":\"https:\\\/\\\/www.pause-au-naturelle.com\\\/wp-content\\\/uploads\\\/2020\\\/06\\\/logo.png\",\"contentUrl\":\"https:\\\/\\\/www.pause-au-naturelle.com\\\/wp-content\\\/uploads\\\/2020\\\/06\\\/logo.png\",\"width\":250,\"height\":250,\"caption\":\"Pause au naturelle\"},\"image\":{\"@id\":\"https:\\\/\\\/www.pause-au-naturelle.com\\\/#\\\/schema\\\/logo\\\/image\\\/\"}}]}<\/script>\n<!-- \/ Yoast SEO plugin. -->","yoast_head_json":{"title":"Roll-on antiimperfecciones 10 ml | comino negro y \u00e1rbol del t\u00e9","description":"Enriquecido con nigella y \u00e1rbol del t\u00e9, este roll-on antiimperfecciones aten\u00faa las manchas y los granos del rostro y regenera la piel.","robots":{"index":"index","follow":"follow","max-snippet":"max-snippet:-1","max-image-preview":"max-image-preview:large","max-video-preview":"max-video-preview:-1"},"canonical":"https:\/\/www.pause-au-naturelle.com\/es\/producto\/roll-on-antiimperfecciones-con-aceite-de-nigella-habachia\/","og_locale":"es_ES","og_type":"article","og_title":"Roll-on anti imperfection 10 ml | nigelle et arbre \u00e0 th\u00e9","og_description":"Enrichi \u00e0 la nigelle et arbre \u00e0 th\u00e9 , ce roll-on anti imperfection att\u00e9nue les t\u00e2ches et boutons sur le visage, r\u00e9g\u00e9n\u00e8re la peau.","og_url":"https:\/\/www.pause-au-naturelle.com\/es\/producto\/roll-on-antiimperfecciones-con-aceite-de-nigella-habachia\/","og_site_name":"Pause au Naturelle","article_modified_time":"2026-04-01T21:21:04+00:00","og_image":[{"width":800,"height":800,"url":"https:\/\/www.pause-au-naturelle.com\/wp-content\/uploads\/2020\/06\/roll-on-anti-imperfections-huile-de-nigelle-tea-tree-100-naturel-1001-vertus.jpg","type":"image\/jpeg"}],"twitter_card":"summary_large_image","twitter_misc":{"Tiempo de lectura":"4 minutos"},"schema":{"@context":"https:\/\/schema.org","@graph":[{"@type":"WebPage","@id":"https:\/\/www.pause-au-naturelle.com\/produit\/roll-on-anti-imperfections-huile-nigelle-habachia\/","url":"https:\/\/www.pause-au-naturelle.com\/produit\/roll-on-anti-imperfections-huile-nigelle-habachia\/","name":"Roll-on antiimperfecciones 10 ml | comino negro y \u00e1rbol del t\u00e9","isPartOf":{"@id":"https:\/\/www.pause-au-naturelle.com\/#website"},"primaryImageOfPage":{"@id":"https:\/\/www.pause-au-naturelle.com\/produit\/roll-on-anti-imperfections-huile-nigelle-habachia\/#primaryimage"},"image":{"@id":"https:\/\/www.pause-au-naturelle.com\/produit\/roll-on-anti-imperfections-huile-nigelle-habachia\/#primaryimage"},"thumbnailUrl":"https:\/\/www.pause-au-naturelle.com\/wp-content\/uploads\/2020\/06\/roll-on-anti-imperfections-huile-de-nigelle-tea-tree-100-naturel-1001-vertus.jpg","datePublished":"2020-06-13T19:21:42+00:00","dateModified":"2026-04-01T21:21:04+00:00","description":"Enriquecido con nigella y \u00e1rbol del t\u00e9, este roll-on antiimperfecciones aten\u00faa las manchas y los granos del rostro y regenera la piel.","breadcrumb":{"@id":"https:\/\/www.pause-au-naturelle.com\/produit\/roll-on-anti-imperfections-huile-nigelle-habachia\/#breadcrumb"},"inLanguage":"es","potentialAction":[{"@type":"ReadAction","target":["https:\/\/www.pause-au-naturelle.com\/produit\/roll-on-anti-imperfections-huile-nigelle-habachia\/"]}]},{"@type":"ImageObject","inLanguage":"es","@id":"https:\/\/www.pause-au-naturelle.com\/produit\/roll-on-anti-imperfections-huile-nigelle-habachia\/#primaryimage","url":"https:\/\/www.pause-au-naturelle.com\/wp-content\/uploads\/2020\/06\/roll-on-anti-imperfections-huile-de-nigelle-tea-tree-100-naturel-1001-vertus.jpg","contentUrl":"https:\/\/www.pause-au-naturelle.com\/wp-content\/uploads\/2020\/06\/roll-on-anti-imperfections-huile-de-nigelle-tea-tree-100-naturel-1001-vertus.jpg","width":800,"height":800,"caption":"Roll on anti imperfection: att\u00e9nue les t\u00e2ches et boutons sur le visage"},{"@type":"BreadcrumbList","@id":"https:\/\/www.pause-au-naturelle.com\/produit\/roll-on-anti-imperfections-huile-nigelle-habachia\/#breadcrumb","itemListElement":[{"@type":"ListItem","position":1,"name":"Boutique","item":"https:\/\/www.pause-au-naturelle.com\/boutique\/"},{"@type":"ListItem","position":2,"name":"Roll-on anti imperfection 10ml nigelle et arbre a th\u00e9"}]},{"@type":"WebSite","@id":"https:\/\/www.pause-au-naturelle.com\/#website","url":"https:\/\/www.pause-au-naturelle.com\/","name":"Pausa en la naturaleza","description":"","publisher":{"@id":"https:\/\/www.pause-au-naturelle.com\/#organization"},"potentialAction":[{"@type":"SearchAction","target":{"@type":"EntryPoint","urlTemplate":"https:\/\/www.pause-au-naturelle.com\/?s={search_term_string}"},"query-input":{"@type":"PropertyValueSpecification","valueRequired":true,"valueName":"search_term_string"}}],"inLanguage":"es"},{"@type":"Organization","@id":"https:\/\/www.pause-au-naturelle.com\/#organization","name":"Pausa al aire libre","url":"https:\/\/www.pause-au-naturelle.com\/","logo":{"@type":"ImageObject","inLanguage":"es","@id":"https:\/\/www.pause-au-naturelle.com\/#\/schema\/logo\/image\/","url":"https:\/\/www.pause-au-naturelle.com\/wp-content\/uploads\/2020\/06\/logo.png","contentUrl":"https:\/\/www.pause-au-naturelle.com\/wp-content\/uploads\/2020\/06\/logo.png","width":250,"height":250,"caption":"Pause au naturelle"},"image":{"@id":"https:\/\/www.pause-au-naturelle.com\/#\/schema\/logo\/image\/"}}]}},"_links":{"self":[{"href":"https:\/\/www.pause-au-naturelle.com\/es\/wp-json\/wp\/v2\/product\/6782","targetHints":{"allow":["GET"]}}],"collection":[{"href":"https:\/\/www.pause-au-naturelle.com\/es\/wp-json\/wp\/v2\/product"}],"about":[{"href":"https:\/\/www.pause-au-naturelle.com\/es\/wp-json\/wp\/v2\/types\/product"}],"wp:featuredmedia":[{"embeddable":true,"href":"https:\/\/www.pause-au-naturelle.com\/es\/wp-json\/wp\/v2\/media\/6801"}],"wp:attachment":[{"href":"https:\/\/www.pause-au-naturelle.com\/es\/wp-json\/wp\/v2\/media?parent=6782"}],"wp:term":[{"taxonomy":"product_brand","embeddable":true,"href":"https:\/\/www.pause-au-naturelle.com\/es\/wp-json\/wp\/v2\/product_brand?post=6782"},{"taxonomy":"product_cat","embeddable":true,"href":"https:\/\/www.pause-au-naturelle.com\/es\/wp-json\/wp\/v2\/product_cat?post=6782"},{"taxonomy":"product_tag","embeddable":true,"href":"https:\/\/www.pause-au-naturelle.com\/es\/wp-json\/wp\/v2\/product_tag?post=6782"}],"curies":[{"name":"wp","href":"https:\/\/api.w.org\/{rel}","templated":true}]}}