{"id":6848,"date":"2020-05-07T10:42:42","date_gmt":"2020-05-07T10:42:42","guid":{"rendered":"https:\/\/www.pause-au-naturelle.com\/?post_type=product&#038;p=6848"},"modified":"2024-01-27T17:29:08","modified_gmt":"2024-01-27T17:29:08","slug":"caja-nigella","status":"publish","type":"product","link":"https:\/\/www.pause-au-naturelle.com\/es\/produit\/box-nigelle\/","title":{"rendered":"Caja Nigella"},"content":{"rendered":"","protected":false},"excerpt":{"rendered":"<p><strong>Composici\u00f3n:\u00a0<\/strong><\/p>\n<ul>\n<li><a href=\"https:\/\/www.pause-au-naturelle.com\/es\/producto\/jabon-con-aceite-de-nigella-de-etiopia-100-g\/\"><strong>Jab\u00f3n con aceite de nigella habachia<\/strong><\/a>\u00a0100 g<\/li>\n<li><a href=\"https:\/\/www.pause-au-naturelle.com\/es\/producto\/champu-solido-de-nigella-de-etiopia\/\"><strong>Champ\u00fa s\u00f3lido con semillas de comino negro<\/strong><\/a> 90 g<\/li>\n<li><a href=\"https:\/\/www.pause-au-naturelle.com\/es\/producto\/aceite-de-nigella-habachia-etiopia-100-ml\/\"><strong>Aceite de nigella habachia<\/strong><\/a> 100 ml<\/li>\n<li>60 <a href=\"https:\/\/www.pause-au-naturelle.com\/es\/producto\/capsula-de-nigella-etiope\/\"><strong>C\u00e1psulas de nigella habachia<\/strong><\/a><\/li>\n<\/ul>","protected":false},"featured_media":6866,"template":"","meta":[],"product_brand":[],"product_cat":[69,68],"product_tag":[],"class_list":{"0":"post-6848","1":"product","2":"type-product","3":"status-publish","4":"has-post-thumbnail","6":"product_cat-nigelle","7":"product_cat-nos-packs","9":"first","10":"outofstock","11":"shipping-taxable","12":"purchasable","13":"product-type-simple"},"yoast_head":"<!-- This site is optimized with the Yoast SEO plugin v27.3 - https:\/\/yoast.com\/product\/yoast-seo-wordpress\/ -->\n<title>Produit Nigelle Habachia | Le Coffret bien-\u00eatre | Pause-au-naturelle.com<\/title>\n<meta name=\"description\" content=\"Cette box Nigelle est compos\u00e9e de quatre produit d&#039;exception \u00e0 la nigelle habbachya. Id\u00e9al pour offrir ou bien pour simplement se faire paisir.\" \/>\n<meta name=\"robots\" content=\"index, follow, max-snippet:-1, max-image-preview:large, max-video-preview:-1\" \/>\n<link rel=\"canonical\" href=\"https:\/\/www.pause-au-naturelle.com\/es\/producto\/caja-nigella\/\" \/>\n<meta property=\"og:locale\" content=\"es_ES\" \/>\n<meta property=\"og:type\" content=\"article\" \/>\n<meta property=\"og:title\" content=\"Produit Nigelle Habachia | Le Coffret bien-\u00eatre | Pause-au-naturelle.com\" \/>\n<meta property=\"og:description\" content=\"Cette box Nigelle est compos\u00e9e de quatre produit d&#039;exception \u00e0 la nigelle habbachya. Id\u00e9al pour offrir ou bien pour simplement se faire paisir.\" \/>\n<meta property=\"og:url\" content=\"https:\/\/www.pause-au-naturelle.com\/es\/producto\/caja-nigella\/\" \/>\n<meta property=\"og:site_name\" content=\"Pause au Naturelle\" \/>\n<meta property=\"article:modified_time\" content=\"2024-01-27T17:29:08+00:00\" \/>\n<meta property=\"og:image\" content=\"https:\/\/www.pause-au-naturelle.com\/wp-content\/uploads\/2020\/07\/box-nigelle.jpg\" \/>\n\t<meta property=\"og:image:width\" content=\"1080\" \/>\n\t<meta property=\"og:image:height\" content=\"1080\" \/>\n\t<meta property=\"og:image:type\" content=\"image\/jpeg\" \/>\n<meta name=\"twitter:card\" content=\"summary_large_image\" \/>\n<script type=\"application\/ld+json\" class=\"yoast-schema-graph\">{\"@context\":\"https:\\\/\\\/schema.org\",\"@graph\":[{\"@type\":\"WebPage\",\"@id\":\"https:\\\/\\\/www.pause-au-naturelle.com\\\/produit\\\/box-nigelle\\\/\",\"url\":\"https:\\\/\\\/www.pause-au-naturelle.com\\\/produit\\\/box-nigelle\\\/\",\"name\":\"Produit Nigelle Habachia | Le Coffret bien-\u00eatre | Pause-au-naturelle.com\",\"isPartOf\":{\"@id\":\"https:\\\/\\\/www.pause-au-naturelle.com\\\/#website\"},\"primaryImageOfPage\":{\"@id\":\"https:\\\/\\\/www.pause-au-naturelle.com\\\/produit\\\/box-nigelle\\\/#primaryimage\"},\"image\":{\"@id\":\"https:\\\/\\\/www.pause-au-naturelle.com\\\/produit\\\/box-nigelle\\\/#primaryimage\"},\"thumbnailUrl\":\"https:\\\/\\\/www.pause-au-naturelle.com\\\/wp-content\\\/uploads\\\/2020\\\/07\\\/box-nigelle.jpg\",\"datePublished\":\"2020-05-07T10:42:42+00:00\",\"dateModified\":\"2024-01-27T17:29:08+00:00\",\"description\":\"Cette box Nigelle est compos\u00e9e de quatre produit d'exception \u00e0 la nigelle habbachya. Id\u00e9al pour offrir ou bien pour simplement se faire paisir.\",\"breadcrumb\":{\"@id\":\"https:\\\/\\\/www.pause-au-naturelle.com\\\/produit\\\/box-nigelle\\\/#breadcrumb\"},\"inLanguage\":\"es\",\"potentialAction\":[{\"@type\":\"ReadAction\",\"target\":[\"https:\\\/\\\/www.pause-au-naturelle.com\\\/produit\\\/box-nigelle\\\/\"]}]},{\"@type\":\"ImageObject\",\"inLanguage\":\"es\",\"@id\":\"https:\\\/\\\/www.pause-au-naturelle.com\\\/produit\\\/box-nigelle\\\/#primaryimage\",\"url\":\"https:\\\/\\\/www.pause-au-naturelle.com\\\/wp-content\\\/uploads\\\/2020\\\/07\\\/box-nigelle.jpg\",\"contentUrl\":\"https:\\\/\\\/www.pause-au-naturelle.com\\\/wp-content\\\/uploads\\\/2020\\\/07\\\/box-nigelle.jpg\",\"width\":1080,\"height\":1080,\"caption\":\"Produit nigelle\"},{\"@type\":\"BreadcrumbList\",\"@id\":\"https:\\\/\\\/www.pause-au-naturelle.com\\\/produit\\\/box-nigelle\\\/#breadcrumb\",\"itemListElement\":[{\"@type\":\"ListItem\",\"position\":1,\"name\":\"Boutique\",\"item\":\"https:\\\/\\\/www.pause-au-naturelle.com\\\/boutique\\\/\"},{\"@type\":\"ListItem\",\"position\":2,\"name\":\"Box Nigelle\"}]},{\"@type\":\"WebSite\",\"@id\":\"https:\\\/\\\/www.pause-au-naturelle.com\\\/#website\",\"url\":\"https:\\\/\\\/www.pause-au-naturelle.com\\\/\",\"name\":\"Pause au Naturelle\",\"description\":\"\",\"publisher\":{\"@id\":\"https:\\\/\\\/www.pause-au-naturelle.com\\\/#organization\"},\"potentialAction\":[{\"@type\":\"SearchAction\",\"target\":{\"@type\":\"EntryPoint\",\"urlTemplate\":\"https:\\\/\\\/www.pause-au-naturelle.com\\\/?s={search_term_string}\"},\"query-input\":{\"@type\":\"PropertyValueSpecification\",\"valueRequired\":true,\"valueName\":\"search_term_string\"}}],\"inLanguage\":\"es\"},{\"@type\":\"Organization\",\"@id\":\"https:\\\/\\\/www.pause-au-naturelle.com\\\/#organization\",\"name\":\"Pause au naturelle\",\"url\":\"https:\\\/\\\/www.pause-au-naturelle.com\\\/\",\"logo\":{\"@type\":\"ImageObject\",\"inLanguage\":\"es\",\"@id\":\"https:\\\/\\\/www.pause-au-naturelle.com\\\/#\\\/schema\\\/logo\\\/image\\\/\",\"url\":\"https:\\\/\\\/www.pause-au-naturelle.com\\\/wp-content\\\/uploads\\\/2020\\\/06\\\/logo.png\",\"contentUrl\":\"https:\\\/\\\/www.pause-au-naturelle.com\\\/wp-content\\\/uploads\\\/2020\\\/06\\\/logo.png\",\"width\":250,\"height\":250,\"caption\":\"Pause au naturelle\"},\"image\":{\"@id\":\"https:\\\/\\\/www.pause-au-naturelle.com\\\/#\\\/schema\\\/logo\\\/image\\\/\"}}]}<\/script>\n<!-- \/ Yoast SEO plugin. -->","yoast_head_json":{"title":"Producto Nigella Habachia | El cofre del bienestar | Pause-au-naturelle.com","description":"Esta caja Nigella contiene cuatro productos excepcionales con nigella habbachya. Ideal para regalar o simplemente para darse un capricho.","robots":{"index":"index","follow":"follow","max-snippet":"max-snippet:-1","max-image-preview":"max-image-preview:large","max-video-preview":"max-video-preview:-1"},"canonical":"https:\/\/www.pause-au-naturelle.com\/es\/producto\/caja-nigella\/","og_locale":"es_ES","og_type":"article","og_title":"Produit Nigelle Habachia | Le Coffret bien-\u00eatre | Pause-au-naturelle.com","og_description":"Cette box Nigelle est compos\u00e9e de quatre produit d'exception \u00e0 la nigelle habbachya. Id\u00e9al pour offrir ou bien pour simplement se faire paisir.","og_url":"https:\/\/www.pause-au-naturelle.com\/es\/producto\/caja-nigella\/","og_site_name":"Pause au Naturelle","article_modified_time":"2024-01-27T17:29:08+00:00","og_image":[{"width":1080,"height":1080,"url":"https:\/\/www.pause-au-naturelle.com\/wp-content\/uploads\/2020\/07\/box-nigelle.jpg","type":"image\/jpeg"}],"twitter_card":"summary_large_image","schema":{"@context":"https:\/\/schema.org","@graph":[{"@type":"WebPage","@id":"https:\/\/www.pause-au-naturelle.com\/produit\/box-nigelle\/","url":"https:\/\/www.pause-au-naturelle.com\/produit\/box-nigelle\/","name":"Producto Nigella Habachia | El cofre del bienestar | Pause-au-naturelle.com","isPartOf":{"@id":"https:\/\/www.pause-au-naturelle.com\/#website"},"primaryImageOfPage":{"@id":"https:\/\/www.pause-au-naturelle.com\/produit\/box-nigelle\/#primaryimage"},"image":{"@id":"https:\/\/www.pause-au-naturelle.com\/produit\/box-nigelle\/#primaryimage"},"thumbnailUrl":"https:\/\/www.pause-au-naturelle.com\/wp-content\/uploads\/2020\/07\/box-nigelle.jpg","datePublished":"2020-05-07T10:42:42+00:00","dateModified":"2024-01-27T17:29:08+00:00","description":"Esta caja Nigella contiene cuatro productos excepcionales con nigella habbachya. Ideal para regalar o simplemente para darse un capricho.","breadcrumb":{"@id":"https:\/\/www.pause-au-naturelle.com\/produit\/box-nigelle\/#breadcrumb"},"inLanguage":"es","potentialAction":[{"@type":"ReadAction","target":["https:\/\/www.pause-au-naturelle.com\/produit\/box-nigelle\/"]}]},{"@type":"ImageObject","inLanguage":"es","@id":"https:\/\/www.pause-au-naturelle.com\/produit\/box-nigelle\/#primaryimage","url":"https:\/\/www.pause-au-naturelle.com\/wp-content\/uploads\/2020\/07\/box-nigelle.jpg","contentUrl":"https:\/\/www.pause-au-naturelle.com\/wp-content\/uploads\/2020\/07\/box-nigelle.jpg","width":1080,"height":1080,"caption":"Produit nigelle"},{"@type":"BreadcrumbList","@id":"https:\/\/www.pause-au-naturelle.com\/produit\/box-nigelle\/#breadcrumb","itemListElement":[{"@type":"ListItem","position":1,"name":"Boutique","item":"https:\/\/www.pause-au-naturelle.com\/boutique\/"},{"@type":"ListItem","position":2,"name":"Box Nigelle"}]},{"@type":"WebSite","@id":"https:\/\/www.pause-au-naturelle.com\/#website","url":"https:\/\/www.pause-au-naturelle.com\/","name":"Pausa en la naturaleza","description":"","publisher":{"@id":"https:\/\/www.pause-au-naturelle.com\/#organization"},"potentialAction":[{"@type":"SearchAction","target":{"@type":"EntryPoint","urlTemplate":"https:\/\/www.pause-au-naturelle.com\/?s={search_term_string}"},"query-input":{"@type":"PropertyValueSpecification","valueRequired":true,"valueName":"search_term_string"}}],"inLanguage":"es"},{"@type":"Organization","@id":"https:\/\/www.pause-au-naturelle.com\/#organization","name":"Pausa al aire libre","url":"https:\/\/www.pause-au-naturelle.com\/","logo":{"@type":"ImageObject","inLanguage":"es","@id":"https:\/\/www.pause-au-naturelle.com\/#\/schema\/logo\/image\/","url":"https:\/\/www.pause-au-naturelle.com\/wp-content\/uploads\/2020\/06\/logo.png","contentUrl":"https:\/\/www.pause-au-naturelle.com\/wp-content\/uploads\/2020\/06\/logo.png","width":250,"height":250,"caption":"Pause au naturelle"},"image":{"@id":"https:\/\/www.pause-au-naturelle.com\/#\/schema\/logo\/image\/"}}]}},"_links":{"self":[{"href":"https:\/\/www.pause-au-naturelle.com\/es\/wp-json\/wp\/v2\/product\/6848","targetHints":{"allow":["GET"]}}],"collection":[{"href":"https:\/\/www.pause-au-naturelle.com\/es\/wp-json\/wp\/v2\/product"}],"about":[{"href":"https:\/\/www.pause-au-naturelle.com\/es\/wp-json\/wp\/v2\/types\/product"}],"wp:featuredmedia":[{"embeddable":true,"href":"https:\/\/www.pause-au-naturelle.com\/es\/wp-json\/wp\/v2\/media\/6866"}],"wp:attachment":[{"href":"https:\/\/www.pause-au-naturelle.com\/es\/wp-json\/wp\/v2\/media?parent=6848"}],"wp:term":[{"taxonomy":"product_brand","embeddable":true,"href":"https:\/\/www.pause-au-naturelle.com\/es\/wp-json\/wp\/v2\/product_brand?post=6848"},{"taxonomy":"product_cat","embeddable":true,"href":"https:\/\/www.pause-au-naturelle.com\/es\/wp-json\/wp\/v2\/product_cat?post=6848"},{"taxonomy":"product_tag","embeddable":true,"href":"https:\/\/www.pause-au-naturelle.com\/es\/wp-json\/wp\/v2\/product_tag?post=6848"}],"curies":[{"name":"wp","href":"https:\/\/api.w.org\/{rel}","templated":true}]}}