{"id":6920,"date":"2020-08-14T20:13:21","date_gmt":"2020-08-14T20:13:21","guid":{"rendered":"https:\/\/www.pause-au-naturelle.com\/?post_type=product&#038;p=6920"},"modified":"2023-12-22T09:18:12","modified_gmt":"2023-12-22T09:18:12","slug":"kardoune-argelino","status":"publish","type":"product","link":"https:\/\/www.pause-au-naturelle.com\/es\/produit\/kardoune-algerien\/","title":{"rendered":"Kardoune argelino aut\u00e9ntico"},"content":{"rendered":"<p>En Pause au Natur\u2019Elle, nos gusta seguir al pie de la letra las tradiciones de nuestras abuelas. Desde peque\u00f1as, la cultura cabila impone naturalmente que las madres recojan el pelo de las ni\u00f1as con esta cinta alisadora. Esta tradici\u00f3n se ha impuesto posteriormente en todos los pa\u00edses del Magreb. De hecho, ya nos ha ocurrido ver a ni\u00f1as peque\u00f1as llev\u00e1ndola en la calle.<\/p>\n<p>Se\u00f1al de que esta banda aporta fuerza y vitalidad al cabello.<\/p>\n<h2><strong>Kardoune argelino: un resultado inequ\u00edvoco sobre la fibra capilar<\/strong><\/h2>\n<p>Tanto si tienes un cabello de tipo europeo como mediterr\u00e1neo, el kardoune argelino es compatible con el cabello medio largo. Permite alisar el cabello en fr\u00edo y aportarle un brillo relativo.<\/p>\n<p>A diferencia de lo que se suele pensar, envolver el cabello aunque solo sea por una noche no lo apelmazar\u00e1 ni resecar\u00e1 su textura.<\/p>\n<p>Alternativa tradicional a las planchas alisadoras o a cualquier m\u00e9todo dudoso para la salud del cabello, los efectos del kardoune argelino son conocidos desde hace siglos.<\/p>\n<p>Como se puede ver en la imagen del producto, se trata de una cinta de color rojo, amarillo y naranja que se asemeja ligeramente a los vestidos tradicionales bereberes. Mide aproximadamente dos cent\u00edmetros de grosor. A continuaci\u00f3n, usted puede elegir la longitud en funci\u00f3n del tama\u00f1o del cabello.<\/p>\n<h2><strong>\u00a0<\/strong><strong>Protocolo a seguir para enrollar la cinta alrededor del cabello<\/strong><\/h2>\n<p>La t\u00e9cnica del kardoune argelino consiste en envolver todo el cabello de forma firme y en\u00e9rgica alrededor de toda la coleta. De este modo, ni las ra\u00edces ni las puntas del cabello quedan cubiertas.<\/p>\n<p>Como todo tiene una primera vez, tened en cuenta que el inicio es un poco dif\u00edcil. Sin embargo, despu\u00e9s de unas cuantas veces, os acostumbrar\u00e9is r\u00e1pidamente.<\/p>\n<p>En primer lugar, le recomendamos que se recoja y se ate bien el pelo con una goma el\u00e1stica para dejar espacio para una bonita coleta.<\/p>\n<p>A continuaci\u00f3n, le toca a usted: la operaci\u00f3n consistir\u00e1 en enrollar varias veces todo el cabello de arriba abajo, asegur\u00e1ndose de dar varias vueltas en los mismos puntos mientras desciende. En cada vuelta, aseg\u00farese de apretar bien para que la cinta quede bien sujeta. Este movimiento y esta presi\u00f3n permitir\u00e1n alisar el cabello en fr\u00edo.<\/p>\n<p>Cuando llegue al final de la colcha y no pueda continuar, haga un corte en el centro del ancho de la tira y separe la tela. Esta t\u00e9cnica le permitir\u00e1 hacer el nudo final.<\/p>\n<h2><strong>\u00bfC\u00f3mo optimizar eficazmente el uso de esta innovadora cinta alisadora en fr\u00edo?<\/strong><\/h2>\n<p>El uso del kardoune argelino se optimiza en combinaci\u00f3n con otros tratamientos capilares para matar varios p\u00e1jaros de un tiro.<\/p>\n<p>La mejor manera de ponerlo en pr\u00e1ctica es utilizarlo el d\u00eda en que te laves el pelo con champ\u00fa. As\u00ed, podr\u00e1s peinar y desenredar tu cabello, pero tambi\u00e9n hidratarlo con un tratamiento natural como el\u2019<a href=\"https:\/\/www.pause-au-naturelle.com\/es\/producto\/aceite-de-nigella-habachia-etiopia-100-ml\/\"><strong>aceite de\u00a0<\/strong><b>nigella de Etiop\u00eda<\/b><\/a>.<\/p>\n<p>No importa si el cabello est\u00e1 h\u00famedo. Puede comenzar a utilizar el kardoune argelino tal y como se ha indicado en la secci\u00f3n anterior.<\/p>\n<p>En cuanto a la duraci\u00f3n del uso, tenga en cuenta que cuanto m\u00e1s tiempo lo mantenga, mejor ser\u00e1 el resultado del alisado.<\/p>\n<p>En general, en Argelia, las mujeres lo llevan f\u00e1cilmente durante dos o tres d\u00edas. Adem\u00e1s, la vestimenta local pasa desapercibida, ya que el kardoune argelino se oculta f\u00e1cilmente bajo el hiyab.<\/p>\n<h3><strong>Kardoune aut\u00e9ntico: \u00bf3 metros o 5 metros?<\/strong><\/h3>\n<p>&nbsp;<\/p>\n<p>Nuestra tienda online ofrece la venta de kardoune aut\u00e9ntico y tradicional en estos formatos.<\/p>\n<p>\u00bfC\u00f3mo elegir entre los dos?<\/p>\n<p>La respuesta es f\u00e1cil. Todo depende de la longitud de tu cabello. Por lo tanto, si tu cabello te llega entre los hombros y la mitad de la espalda, opta por el kardoune argelino de 3 metros. Por el contrario, si te llega a la altura de las caderas o el coxis, elige uno m\u00e1s largo.<\/p>\n<p>En todos los casos, la cinta alisadora natural ofrece las mismas ventajas:<\/p>\n<ul>\n<li>Cabello suave, sedoso y liso<\/li>\n<li>Rizos ligeros para el cabello m\u00e1s rizado<\/li>\n<li>Fuerza, tenacidad y brillantez<\/li>\n<li>Desvanecimiento de las horquillas.<\/li>\n<\/ul>\n<p>Adem\u00e1s, este antiguo m\u00e9todo es totalmente ecol\u00f3gico y biodegradable. De hecho, el tejido utilizado para el tejido est\u00e1 fabricado con algod\u00f3n y sin productos qu\u00edmicos.<\/p>\n<h3><strong>\u00bfCu\u00e1l es la diferencia entre el kardoune argelino y el gal\u00f3n marroqu\u00ed?<\/strong><\/h3>\n<p>&nbsp;<\/p>\n<p>En Pause au Natur\u2019Elle, lo natural prima por encima de todo. No hay consideraciones nacionalistas.<\/p>\n<p>Sin embargo, ambas variantes tienen nombres y formas diferentes. De hecho, el kardoune argelino es el que vendemos en nuestra tienda.<\/p>\n<p>En cuanto a la versi\u00f3n marroqu\u00ed, se llama \u00abgal\u00f3n\u00bb o \u00absfifa\u00bb. La t\u00e9cnica es similar. Sin embargo, el tejido es m\u00e1s grueso y de colores m\u00e1s extravagantes (azul, verde, etc.).<\/p>\n<p>En cualquier caso, ya sean ni\u00f1as argelinas o marroqu\u00edes, todas recordar\u00e1n el primer d\u00eda en que su madre les coloc\u00f3 la aut\u00e9ntica kardoune alrededor del cabello. Las sucesivas vueltas tiraron brevemente del cuello la primera vez, pero al final se convirtieron en un innegable truco de belleza.<\/p>\n<p>Una \u00faltima nota para decirles que cuando no se pod\u00eda encontrar el kardoune argelino en Francia, \u00bfqui\u00e9nes de nosotras no pensaron en utilizar las vendas blancas y azules para reproducir fielmente esta t\u00e9cnica ancestral?.<\/p>","protected":false},"excerpt":{"rendered":"<p>Chez Pause au Natur\u2019Elle, nous aimons suivre les traditions de nos grands-m\u00e8res \u00e0 la lettre. Depuis toute petite, la culture kabyle impose naturellement que les m\u00e8res nouent les cheveux des petites filles \u00e0 l\u2019aide de ce ruban lisseur. Cette tradition s\u2019est par la suite imos\u00e9 dans tous les pays du Maghreb. D\u2019ailleurs, il nous est [&#8230;]\n","protected":false},"featured_media":6966,"template":"","meta":[],"product_brand":[],"product_cat":[61],"product_tag":[],"class_list":{"0":"post-6920","1":"product","2":"type-product","3":"status-publish","4":"has-post-thumbnail","6":"product_cat-beaute-hygiene","8":"first","9":"instock","10":"shipping-taxable","11":"purchasable","12":"product-type-variable"},"yoast_head":"<!-- This site is optimized with the Yoast SEO plugin v27.3 - https:\/\/yoast.com\/product\/yoast-seo-wordpress\/ -->\n<title>kardoune alg\u00e9rien | Ruban lisseur \u00e0 froid | Pause-au-naturelle.com<\/title>\n<meta name=\"description\" content=\"Kardoune alg\u00e9rien 100% authentique pour lisser les cheveux sans les ab\u00eemer. M\u00e9thode ancestrale berb\u00e8re infaillible et \u00e9conomique.\" \/>\n<meta name=\"robots\" content=\"index, follow, max-snippet:-1, max-image-preview:large, max-video-preview:-1\" \/>\n<link rel=\"canonical\" href=\"https:\/\/www.pause-au-naturelle.com\/es\/producto\/kardoune-argelino\/\" \/>\n<meta property=\"og:locale\" content=\"es_ES\" \/>\n<meta property=\"og:type\" content=\"article\" \/>\n<meta property=\"og:title\" content=\"kardoune alg\u00e9rien | Ruban lisseur \u00e0 froid | Pause-au-naturelle.com\" \/>\n<meta property=\"og:description\" content=\"Kardoune alg\u00e9rien 100% authentique pour lisser les cheveux sans les ab\u00eemer. M\u00e9thode ancestrale berb\u00e8re infaillible et \u00e9conomique.\" \/>\n<meta property=\"og:url\" content=\"https:\/\/www.pause-au-naturelle.com\/es\/producto\/kardoune-argelino\/\" \/>\n<meta property=\"og:site_name\" content=\"Pause au Naturelle\" \/>\n<meta property=\"article:modified_time\" content=\"2023-12-22T09:18:12+00:00\" \/>\n<meta property=\"og:image\" content=\"https:\/\/www.pause-au-naturelle.com\/wp-content\/uploads\/2020\/08\/kardoune-algerien-.jpg\" \/>\n\t<meta property=\"og:image:width\" content=\"1080\" \/>\n\t<meta property=\"og:image:height\" content=\"1080\" \/>\n\t<meta property=\"og:image:type\" content=\"image\/jpeg\" \/>\n<meta name=\"twitter:card\" content=\"summary_large_image\" \/>\n<meta name=\"twitter:label1\" content=\"Tiempo de lectura\" \/>\n\t<meta name=\"twitter:data1\" content=\"5 minutos\" \/>\n<script type=\"application\/ld+json\" class=\"yoast-schema-graph\">{\"@context\":\"https:\\\/\\\/schema.org\",\"@graph\":[{\"@type\":\"WebPage\",\"@id\":\"https:\\\/\\\/www.pause-au-naturelle.com\\\/produit\\\/kardoune-algerien\\\/\",\"url\":\"https:\\\/\\\/www.pause-au-naturelle.com\\\/produit\\\/kardoune-algerien\\\/\",\"name\":\"kardoune alg\u00e9rien | Ruban lisseur \u00e0 froid | Pause-au-naturelle.com\",\"isPartOf\":{\"@id\":\"https:\\\/\\\/www.pause-au-naturelle.com\\\/#website\"},\"primaryImageOfPage\":{\"@id\":\"https:\\\/\\\/www.pause-au-naturelle.com\\\/produit\\\/kardoune-algerien\\\/#primaryimage\"},\"image\":{\"@id\":\"https:\\\/\\\/www.pause-au-naturelle.com\\\/produit\\\/kardoune-algerien\\\/#primaryimage\"},\"thumbnailUrl\":\"https:\\\/\\\/www.pause-au-naturelle.com\\\/wp-content\\\/uploads\\\/2020\\\/08\\\/kardoune-algerien-.jpg\",\"datePublished\":\"2020-08-14T20:13:21+00:00\",\"dateModified\":\"2023-12-22T09:18:12+00:00\",\"description\":\"Kardoune alg\u00e9rien 100% authentique pour lisser les cheveux sans les ab\u00eemer. M\u00e9thode ancestrale berb\u00e8re infaillible et \u00e9conomique.\",\"breadcrumb\":{\"@id\":\"https:\\\/\\\/www.pause-au-naturelle.com\\\/produit\\\/kardoune-algerien\\\/#breadcrumb\"},\"inLanguage\":\"es\",\"potentialAction\":[{\"@type\":\"ReadAction\",\"target\":[\"https:\\\/\\\/www.pause-au-naturelle.com\\\/produit\\\/kardoune-algerien\\\/\"]}]},{\"@type\":\"ImageObject\",\"inLanguage\":\"es\",\"@id\":\"https:\\\/\\\/www.pause-au-naturelle.com\\\/produit\\\/kardoune-algerien\\\/#primaryimage\",\"url\":\"https:\\\/\\\/www.pause-au-naturelle.com\\\/wp-content\\\/uploads\\\/2020\\\/08\\\/kardoune-algerien-.jpg\",\"contentUrl\":\"https:\\\/\\\/www.pause-au-naturelle.com\\\/wp-content\\\/uploads\\\/2020\\\/08\\\/kardoune-algerien-.jpg\",\"width\":1080,\"height\":1080},{\"@type\":\"BreadcrumbList\",\"@id\":\"https:\\\/\\\/www.pause-au-naturelle.com\\\/produit\\\/kardoune-algerien\\\/#breadcrumb\",\"itemListElement\":[{\"@type\":\"ListItem\",\"position\":1,\"name\":\"Boutique\",\"item\":\"https:\\\/\\\/www.pause-au-naturelle.com\\\/boutique\\\/\"},{\"@type\":\"ListItem\",\"position\":2,\"name\":\"Kardoune alg\u00e9rien authentique\"}]},{\"@type\":\"WebSite\",\"@id\":\"https:\\\/\\\/www.pause-au-naturelle.com\\\/#website\",\"url\":\"https:\\\/\\\/www.pause-au-naturelle.com\\\/\",\"name\":\"Pause au Naturelle\",\"description\":\"\",\"publisher\":{\"@id\":\"https:\\\/\\\/www.pause-au-naturelle.com\\\/#organization\"},\"potentialAction\":[{\"@type\":\"SearchAction\",\"target\":{\"@type\":\"EntryPoint\",\"urlTemplate\":\"https:\\\/\\\/www.pause-au-naturelle.com\\\/?s={search_term_string}\"},\"query-input\":{\"@type\":\"PropertyValueSpecification\",\"valueRequired\":true,\"valueName\":\"search_term_string\"}}],\"inLanguage\":\"es\"},{\"@type\":\"Organization\",\"@id\":\"https:\\\/\\\/www.pause-au-naturelle.com\\\/#organization\",\"name\":\"Pause au naturelle\",\"url\":\"https:\\\/\\\/www.pause-au-naturelle.com\\\/\",\"logo\":{\"@type\":\"ImageObject\",\"inLanguage\":\"es\",\"@id\":\"https:\\\/\\\/www.pause-au-naturelle.com\\\/#\\\/schema\\\/logo\\\/image\\\/\",\"url\":\"https:\\\/\\\/www.pause-au-naturelle.com\\\/wp-content\\\/uploads\\\/2020\\\/06\\\/logo.png\",\"contentUrl\":\"https:\\\/\\\/www.pause-au-naturelle.com\\\/wp-content\\\/uploads\\\/2020\\\/06\\\/logo.png\",\"width\":250,\"height\":250,\"caption\":\"Pause au naturelle\"},\"image\":{\"@id\":\"https:\\\/\\\/www.pause-au-naturelle.com\\\/#\\\/schema\\\/logo\\\/image\\\/\"}}]}<\/script>\n<!-- \/ Yoast SEO plugin. -->","yoast_head_json":{"title":"Kardoune argelino | Cinta alisadora en fr\u00edo | Pause-au-naturelle.com","description":"Kardoune argelino 100% aut\u00e9ntico para alisar el cabello sin da\u00f1arlo. M\u00e9todo ancestral bereber infalible y econ\u00f3mico.","robots":{"index":"index","follow":"follow","max-snippet":"max-snippet:-1","max-image-preview":"max-image-preview:large","max-video-preview":"max-video-preview:-1"},"canonical":"https:\/\/www.pause-au-naturelle.com\/es\/producto\/kardoune-argelino\/","og_locale":"es_ES","og_type":"article","og_title":"kardoune alg\u00e9rien | Ruban lisseur \u00e0 froid | Pause-au-naturelle.com","og_description":"Kardoune alg\u00e9rien 100% authentique pour lisser les cheveux sans les ab\u00eemer. M\u00e9thode ancestrale berb\u00e8re infaillible et \u00e9conomique.","og_url":"https:\/\/www.pause-au-naturelle.com\/es\/producto\/kardoune-argelino\/","og_site_name":"Pause au Naturelle","article_modified_time":"2023-12-22T09:18:12+00:00","og_image":[{"width":1080,"height":1080,"url":"https:\/\/www.pause-au-naturelle.com\/wp-content\/uploads\/2020\/08\/kardoune-algerien-.jpg","type":"image\/jpeg"}],"twitter_card":"summary_large_image","twitter_misc":{"Tiempo de lectura":"5 minutos"},"schema":{"@context":"https:\/\/schema.org","@graph":[{"@type":"WebPage","@id":"https:\/\/www.pause-au-naturelle.com\/produit\/kardoune-algerien\/","url":"https:\/\/www.pause-au-naturelle.com\/produit\/kardoune-algerien\/","name":"Kardoune argelino | Cinta alisadora en fr\u00edo | Pause-au-naturelle.com","isPartOf":{"@id":"https:\/\/www.pause-au-naturelle.com\/#website"},"primaryImageOfPage":{"@id":"https:\/\/www.pause-au-naturelle.com\/produit\/kardoune-algerien\/#primaryimage"},"image":{"@id":"https:\/\/www.pause-au-naturelle.com\/produit\/kardoune-algerien\/#primaryimage"},"thumbnailUrl":"https:\/\/www.pause-au-naturelle.com\/wp-content\/uploads\/2020\/08\/kardoune-algerien-.jpg","datePublished":"2020-08-14T20:13:21+00:00","dateModified":"2023-12-22T09:18:12+00:00","description":"Kardoune argelino 100% aut\u00e9ntico para alisar el cabello sin da\u00f1arlo. M\u00e9todo ancestral bereber infalible y econ\u00f3mico.","breadcrumb":{"@id":"https:\/\/www.pause-au-naturelle.com\/produit\/kardoune-algerien\/#breadcrumb"},"inLanguage":"es","potentialAction":[{"@type":"ReadAction","target":["https:\/\/www.pause-au-naturelle.com\/produit\/kardoune-algerien\/"]}]},{"@type":"ImageObject","inLanguage":"es","@id":"https:\/\/www.pause-au-naturelle.com\/produit\/kardoune-algerien\/#primaryimage","url":"https:\/\/www.pause-au-naturelle.com\/wp-content\/uploads\/2020\/08\/kardoune-algerien-.jpg","contentUrl":"https:\/\/www.pause-au-naturelle.com\/wp-content\/uploads\/2020\/08\/kardoune-algerien-.jpg","width":1080,"height":1080},{"@type":"BreadcrumbList","@id":"https:\/\/www.pause-au-naturelle.com\/produit\/kardoune-algerien\/#breadcrumb","itemListElement":[{"@type":"ListItem","position":1,"name":"Boutique","item":"https:\/\/www.pause-au-naturelle.com\/boutique\/"},{"@type":"ListItem","position":2,"name":"Kardoune alg\u00e9rien authentique"}]},{"@type":"WebSite","@id":"https:\/\/www.pause-au-naturelle.com\/#website","url":"https:\/\/www.pause-au-naturelle.com\/","name":"Pausa en la naturaleza","description":"","publisher":{"@id":"https:\/\/www.pause-au-naturelle.com\/#organization"},"potentialAction":[{"@type":"SearchAction","target":{"@type":"EntryPoint","urlTemplate":"https:\/\/www.pause-au-naturelle.com\/?s={search_term_string}"},"query-input":{"@type":"PropertyValueSpecification","valueRequired":true,"valueName":"search_term_string"}}],"inLanguage":"es"},{"@type":"Organization","@id":"https:\/\/www.pause-au-naturelle.com\/#organization","name":"Pausa al aire libre","url":"https:\/\/www.pause-au-naturelle.com\/","logo":{"@type":"ImageObject","inLanguage":"es","@id":"https:\/\/www.pause-au-naturelle.com\/#\/schema\/logo\/image\/","url":"https:\/\/www.pause-au-naturelle.com\/wp-content\/uploads\/2020\/06\/logo.png","contentUrl":"https:\/\/www.pause-au-naturelle.com\/wp-content\/uploads\/2020\/06\/logo.png","width":250,"height":250,"caption":"Pause au naturelle"},"image":{"@id":"https:\/\/www.pause-au-naturelle.com\/#\/schema\/logo\/image\/"}}]}},"_links":{"self":[{"href":"https:\/\/www.pause-au-naturelle.com\/es\/wp-json\/wp\/v2\/product\/6920","targetHints":{"allow":["GET"]}}],"collection":[{"href":"https:\/\/www.pause-au-naturelle.com\/es\/wp-json\/wp\/v2\/product"}],"about":[{"href":"https:\/\/www.pause-au-naturelle.com\/es\/wp-json\/wp\/v2\/types\/product"}],"wp:featuredmedia":[{"embeddable":true,"href":"https:\/\/www.pause-au-naturelle.com\/es\/wp-json\/wp\/v2\/media\/6966"}],"wp:attachment":[{"href":"https:\/\/www.pause-au-naturelle.com\/es\/wp-json\/wp\/v2\/media?parent=6920"}],"wp:term":[{"taxonomy":"product_brand","embeddable":true,"href":"https:\/\/www.pause-au-naturelle.com\/es\/wp-json\/wp\/v2\/product_brand?post=6920"},{"taxonomy":"product_cat","embeddable":true,"href":"https:\/\/www.pause-au-naturelle.com\/es\/wp-json\/wp\/v2\/product_cat?post=6920"},{"taxonomy":"product_tag","embeddable":true,"href":"https:\/\/www.pause-au-naturelle.com\/es\/wp-json\/wp\/v2\/product_tag?post=6920"}],"curies":[{"name":"wp","href":"https:\/\/api.w.org\/{rel}","templated":true}]}}