{"id":7023,"date":"2020-10-08T19:55:09","date_gmt":"2020-10-08T19:55:09","guid":{"rendered":"https:\/\/www.pause-au-naturelle.com\/?post_type=product&#038;p=7023"},"modified":"2026-04-06T20:01:16","modified_gmt":"2026-04-06T20:01:16","slug":"sellou-marroqui-1-kg","status":"publish","type":"product","link":"https:\/\/www.pause-au-naturelle.com\/es\/produit\/sellou-marocain-1kg\/","title":{"rendered":"Sellou marroqu\u00ed 1 kg"},"content":{"rendered":"","protected":false},"excerpt":{"rendered":"<p><strong>Ingredientes<\/strong> <strong>:\u00a0<\/strong><\/p>\n<ul>\n<li>Harina de trigo tostada<\/li>\n<li>Almendras<\/li>\n<li>Cacahuetes<\/li>\n<li>Semilla de s\u00e9samo<\/li>\n<li>Semilla de lino<\/li>\n<li>An\u00eds verde<\/li>\n<li>Aceite de oliva<\/li>\n<li>Az\u00facar.<\/li>\n<\/ul>","protected":false},"featured_media":9594,"template":"","meta":[],"product_brand":[],"product_cat":[80,76],"product_tag":[],"class_list":{"0":"post-7023","1":"product","2":"type-product","3":"status-publish","4":"has-post-thumbnail","6":"product_cat-epicerie-marocaine-en-ligne","7":"product_cat-sellou-marocain-zamita-marocaine","9":"first","10":"instock","11":"shipping-taxable","12":"purchasable","13":"product-type-simple"},"yoast_head":"<!-- This site is optimized with the Yoast SEO plugin v27.3 - https:\/\/yoast.com\/product\/yoast-seo-wordpress\/ -->\n<title>Sellou marocain 1kg - Pause au Naturelle<\/title>\n<meta name=\"robots\" content=\"index, follow, max-snippet:-1, max-image-preview:large, max-video-preview:-1\" \/>\n<link rel=\"canonical\" href=\"https:\/\/www.pause-au-naturelle.com\/es\/cat\u00e9gorie-produit\/sellou-marroqui-zamita-marroqui\/\" \/>\n<meta property=\"og:locale\" content=\"es_ES\" \/>\n<meta property=\"og:type\" content=\"article\" \/>\n<meta property=\"og:title\" content=\"Sellou marocain 1kg - Pause au Naturelle\" \/>\n<meta property=\"og:description\" content=\"Ingr\u00e9dients :\u00a0   Farine de bl\u00e9 torr\u00e9fi\u00e9e  Amandes  Cacahu\u00e8tes  Graine de s\u00e9same  Graine de lin  Anis vert  Huile d&#039;olive  Sucre.\" \/>\n<meta property=\"og:url\" content=\"https:\/\/www.pause-au-naturelle.com\/es\/cat\u00e9gorie-produit\/sellou-marroqui-zamita-marroqui\/\" \/>\n<meta property=\"og:site_name\" content=\"Pause au Naturelle\" \/>\n<meta property=\"article:modified_time\" content=\"2026-04-06T20:01:16+00:00\" \/>\n<meta property=\"og:image\" content=\"https:\/\/www.pause-au-naturelle.com\/wp-content\/uploads\/2020\/10\/SELLOU-PAN.jpg\" \/>\n\t<meta property=\"og:image:width\" content=\"600\" \/>\n\t<meta property=\"og:image:height\" content=\"600\" \/>\n\t<meta property=\"og:image:type\" content=\"image\/jpeg\" \/>\n<meta name=\"twitter:card\" content=\"summary_large_image\" \/>\n<meta name=\"twitter:label1\" content=\"Tiempo de lectura\" \/>\n\t<meta name=\"twitter:data1\" content=\"19 minutos\" \/>\n<script type=\"application\/ld+json\" class=\"yoast-schema-graph\">{\"@context\":\"https:\\\/\\\/schema.org\",\"@graph\":[{\"@type\":\"WebPage\",\"@id\":\"https:\\\/\\\/www.pause-au-naturelle.com\\\/produit\\\/sellou-marocain-1kg\\\/\",\"url\":\"https:\\\/\\\/www.pause-au-naturelle.com\\\/cat%c3%a9gorie-produit\\\/sellou-marocain-zamita-marocaine\\\/\",\"name\":\"Sellou marocain 1kg - Pause au Naturelle\",\"isPartOf\":{\"@id\":\"https:\\\/\\\/www.pause-au-naturelle.com\\\/#website\"},\"primaryImageOfPage\":{\"@id\":\"https:\\\/\\\/www.pause-au-naturelle.com\\\/cat%c3%a9gorie-produit\\\/sellou-marocain-zamita-marocaine\\\/#primaryimage\"},\"image\":{\"@id\":\"https:\\\/\\\/www.pause-au-naturelle.com\\\/cat%c3%a9gorie-produit\\\/sellou-marocain-zamita-marocaine\\\/#primaryimage\"},\"thumbnailUrl\":\"https:\\\/\\\/www.pause-au-naturelle.com\\\/wp-content\\\/uploads\\\/2020\\\/10\\\/SELLOU-PAN.jpg\",\"datePublished\":\"2020-10-08T19:55:09+00:00\",\"dateModified\":\"2026-04-06T20:01:16+00:00\",\"breadcrumb\":{\"@id\":\"https:\\\/\\\/www.pause-au-naturelle.com\\\/cat%c3%a9gorie-produit\\\/sellou-marocain-zamita-marocaine\\\/#breadcrumb\"},\"inLanguage\":\"es\",\"potentialAction\":[{\"@type\":\"ReadAction\",\"target\":[\"https:\\\/\\\/www.pause-au-naturelle.com\\\/cat%c3%a9gorie-produit\\\/sellou-marocain-zamita-marocaine\\\/\"]}]},{\"@type\":\"ImageObject\",\"inLanguage\":\"es\",\"@id\":\"https:\\\/\\\/www.pause-au-naturelle.com\\\/cat%c3%a9gorie-produit\\\/sellou-marocain-zamita-marocaine\\\/#primaryimage\",\"url\":\"https:\\\/\\\/www.pause-au-naturelle.com\\\/wp-content\\\/uploads\\\/2020\\\/10\\\/SELLOU-PAN.jpg\",\"contentUrl\":\"https:\\\/\\\/www.pause-au-naturelle.com\\\/wp-content\\\/uploads\\\/2020\\\/10\\\/SELLOU-PAN.jpg\",\"width\":600,\"height\":600,\"caption\":\"Sellou marocain\"},{\"@type\":\"BreadcrumbList\",\"@id\":\"https:\\\/\\\/www.pause-au-naturelle.com\\\/cat%c3%a9gorie-produit\\\/sellou-marocain-zamita-marocaine\\\/#breadcrumb\",\"itemListElement\":[{\"@type\":\"ListItem\",\"position\":1,\"name\":\"Boutique\",\"item\":\"https:\\\/\\\/www.pause-au-naturelle.com\\\/boutique\\\/\"},{\"@type\":\"ListItem\",\"position\":2,\"name\":\"Sellou marocain 1kg\"}]},{\"@type\":\"WebSite\",\"@id\":\"https:\\\/\\\/www.pause-au-naturelle.com\\\/#website\",\"url\":\"https:\\\/\\\/www.pause-au-naturelle.com\\\/\",\"name\":\"Pause au Naturelle\",\"description\":\"\",\"publisher\":{\"@id\":\"https:\\\/\\\/www.pause-au-naturelle.com\\\/#organization\"},\"potentialAction\":[{\"@type\":\"SearchAction\",\"target\":{\"@type\":\"EntryPoint\",\"urlTemplate\":\"https:\\\/\\\/www.pause-au-naturelle.com\\\/?s={search_term_string}\"},\"query-input\":{\"@type\":\"PropertyValueSpecification\",\"valueRequired\":true,\"valueName\":\"search_term_string\"}}],\"inLanguage\":\"es\"},{\"@type\":\"Organization\",\"@id\":\"https:\\\/\\\/www.pause-au-naturelle.com\\\/#organization\",\"name\":\"Pause au naturelle\",\"url\":\"https:\\\/\\\/www.pause-au-naturelle.com\\\/\",\"logo\":{\"@type\":\"ImageObject\",\"inLanguage\":\"es\",\"@id\":\"https:\\\/\\\/www.pause-au-naturelle.com\\\/#\\\/schema\\\/logo\\\/image\\\/\",\"url\":\"https:\\\/\\\/www.pause-au-naturelle.com\\\/wp-content\\\/uploads\\\/2020\\\/06\\\/logo.png\",\"contentUrl\":\"https:\\\/\\\/www.pause-au-naturelle.com\\\/wp-content\\\/uploads\\\/2020\\\/06\\\/logo.png\",\"width\":250,\"height\":250,\"caption\":\"Pause au naturelle\"},\"image\":{\"@id\":\"https:\\\/\\\/www.pause-au-naturelle.com\\\/#\\\/schema\\\/logo\\\/image\\\/\"}}]}<\/script>\n<!-- \/ Yoast SEO plugin. -->","yoast_head_json":{"title":"Sellou marroqu\u00ed 1 kg - Pause au Naturelle","robots":{"index":"index","follow":"follow","max-snippet":"max-snippet:-1","max-image-preview":"max-image-preview:large","max-video-preview":"max-video-preview:-1"},"canonical":"https:\/\/www.pause-au-naturelle.com\/es\/cat\u00e9gorie-produit\/sellou-marroqui-zamita-marroqui\/","og_locale":"es_ES","og_type":"article","og_title":"Sellou marocain 1kg - Pause au Naturelle","og_description":"Ingr\u00e9dients :\u00a0   Farine de bl\u00e9 torr\u00e9fi\u00e9e  Amandes  Cacahu\u00e8tes  Graine de s\u00e9same  Graine de lin  Anis vert  Huile d'olive  Sucre.","og_url":"https:\/\/www.pause-au-naturelle.com\/es\/cat\u00e9gorie-produit\/sellou-marroqui-zamita-marroqui\/","og_site_name":"Pause au Naturelle","article_modified_time":"2026-04-06T20:01:16+00:00","og_image":[{"width":600,"height":600,"url":"https:\/\/www.pause-au-naturelle.com\/wp-content\/uploads\/2020\/10\/SELLOU-PAN.jpg","type":"image\/jpeg"}],"twitter_card":"summary_large_image","twitter_misc":{"Tiempo de lectura":"19 minutos"},"schema":{"@context":"https:\/\/schema.org","@graph":[{"@type":"WebPage","@id":"https:\/\/www.pause-au-naturelle.com\/produit\/sellou-marocain-1kg\/","url":"https:\/\/www.pause-au-naturelle.com\/cat%c3%a9gorie-produit\/sellou-marocain-zamita-marocaine\/","name":"Sellou marroqu\u00ed 1 kg - Pause au Naturelle","isPartOf":{"@id":"https:\/\/www.pause-au-naturelle.com\/#website"},"primaryImageOfPage":{"@id":"https:\/\/www.pause-au-naturelle.com\/cat%c3%a9gorie-produit\/sellou-marocain-zamita-marocaine\/#primaryimage"},"image":{"@id":"https:\/\/www.pause-au-naturelle.com\/cat%c3%a9gorie-produit\/sellou-marocain-zamita-marocaine\/#primaryimage"},"thumbnailUrl":"https:\/\/www.pause-au-naturelle.com\/wp-content\/uploads\/2020\/10\/SELLOU-PAN.jpg","datePublished":"2020-10-08T19:55:09+00:00","dateModified":"2026-04-06T20:01:16+00:00","breadcrumb":{"@id":"https:\/\/www.pause-au-naturelle.com\/cat%c3%a9gorie-produit\/sellou-marocain-zamita-marocaine\/#breadcrumb"},"inLanguage":"es","potentialAction":[{"@type":"ReadAction","target":["https:\/\/www.pause-au-naturelle.com\/cat%c3%a9gorie-produit\/sellou-marocain-zamita-marocaine\/"]}]},{"@type":"ImageObject","inLanguage":"es","@id":"https:\/\/www.pause-au-naturelle.com\/cat%c3%a9gorie-produit\/sellou-marocain-zamita-marocaine\/#primaryimage","url":"https:\/\/www.pause-au-naturelle.com\/wp-content\/uploads\/2020\/10\/SELLOU-PAN.jpg","contentUrl":"https:\/\/www.pause-au-naturelle.com\/wp-content\/uploads\/2020\/10\/SELLOU-PAN.jpg","width":600,"height":600,"caption":"Sellou marocain"},{"@type":"BreadcrumbList","@id":"https:\/\/www.pause-au-naturelle.com\/cat%c3%a9gorie-produit\/sellou-marocain-zamita-marocaine\/#breadcrumb","itemListElement":[{"@type":"ListItem","position":1,"name":"Boutique","item":"https:\/\/www.pause-au-naturelle.com\/boutique\/"},{"@type":"ListItem","position":2,"name":"Sellou marocain 1kg"}]},{"@type":"WebSite","@id":"https:\/\/www.pause-au-naturelle.com\/#website","url":"https:\/\/www.pause-au-naturelle.com\/","name":"Pausa en la naturaleza","description":"","publisher":{"@id":"https:\/\/www.pause-au-naturelle.com\/#organization"},"potentialAction":[{"@type":"SearchAction","target":{"@type":"EntryPoint","urlTemplate":"https:\/\/www.pause-au-naturelle.com\/?s={search_term_string}"},"query-input":{"@type":"PropertyValueSpecification","valueRequired":true,"valueName":"search_term_string"}}],"inLanguage":"es"},{"@type":"Organization","@id":"https:\/\/www.pause-au-naturelle.com\/#organization","name":"Pausa al aire libre","url":"https:\/\/www.pause-au-naturelle.com\/","logo":{"@type":"ImageObject","inLanguage":"es","@id":"https:\/\/www.pause-au-naturelle.com\/#\/schema\/logo\/image\/","url":"https:\/\/www.pause-au-naturelle.com\/wp-content\/uploads\/2020\/06\/logo.png","contentUrl":"https:\/\/www.pause-au-naturelle.com\/wp-content\/uploads\/2020\/06\/logo.png","width":250,"height":250,"caption":"Pause au naturelle"},"image":{"@id":"https:\/\/www.pause-au-naturelle.com\/#\/schema\/logo\/image\/"}}]}},"_links":{"self":[{"href":"https:\/\/www.pause-au-naturelle.com\/es\/wp-json\/wp\/v2\/product\/7023","targetHints":{"allow":["GET"]}}],"collection":[{"href":"https:\/\/www.pause-au-naturelle.com\/es\/wp-json\/wp\/v2\/product"}],"about":[{"href":"https:\/\/www.pause-au-naturelle.com\/es\/wp-json\/wp\/v2\/types\/product"}],"wp:featuredmedia":[{"embeddable":true,"href":"https:\/\/www.pause-au-naturelle.com\/es\/wp-json\/wp\/v2\/media\/9594"}],"wp:attachment":[{"href":"https:\/\/www.pause-au-naturelle.com\/es\/wp-json\/wp\/v2\/media?parent=7023"}],"wp:term":[{"taxonomy":"product_brand","embeddable":true,"href":"https:\/\/www.pause-au-naturelle.com\/es\/wp-json\/wp\/v2\/product_brand?post=7023"},{"taxonomy":"product_cat","embeddable":true,"href":"https:\/\/www.pause-au-naturelle.com\/es\/wp-json\/wp\/v2\/product_cat?post=7023"},{"taxonomy":"product_tag","embeddable":true,"href":"https:\/\/www.pause-au-naturelle.com\/es\/wp-json\/wp\/v2\/product_tag?post=7023"}],"curies":[{"name":"wp","href":"https:\/\/api.w.org\/{rel}","templated":true}]}}