{"id":7072,"date":"2020-10-05T08:49:23","date_gmt":"2020-10-05T08:49:23","guid":{"rendered":"https:\/\/www.pause-au-naturelle.com\/?post_type=product&#038;p=7072"},"modified":"2025-10-25T16:35:55","modified_gmt":"2025-10-25T16:35:55","slug":"vela-auricular","status":"publish","type":"product","link":"https:\/\/www.pause-au-naturelle.com\/es\/produit\/bougie-auriculaire\/","title":{"rendered":"Vela auricular a base de cera de abeja"},"content":{"rendered":"<p>La vela auricular, un producto muy de moda \u00faltimamente, se presenta como la mejor alternativa hasta la fecha para limpiar en profundidad el cerumen del o\u00eddo. En esta descripci\u00f3n veremos las ventajas que ofrece frente al tradicional bastoncillo de algod\u00f3n.<\/p>\n<h2>\u00a0<strong>Vela auricular: origen, composici\u00f3n y uso<\/strong><\/h2>\n<p>&nbsp;<\/p>\n<p>Utilizada desde hace milenios por los indios hopi de Arizona, en Estados Unidos, la vela auricular es un m\u00e9todo ancestral para limpiar el conducto auditivo. Tambi\u00e9n se la conoce como \u00abvela hopi\u00bb.<\/p>\n<p>Se presenta en forma de cono compuesto por cera de abeja y algod\u00f3n natural. Se vende en pares de dos unidades y la vela auricular va acompa\u00f1ada de un disco protector para evitar cualquier riesgo de quemadura.<\/p>\n<p>Por regla general, la ceniza se consume verticalmente y permanece adherida a la estructura misma del accesorio. Los discos solo tienen un inter\u00e9s tranquilizador para que la sesi\u00f3n de higiene de los o\u00eddos se desarrolle correctamente.<\/p>\n<p>Aunque a veces es objeto de cr\u00edticas, la vela auricular no es peligrosa en s\u00ed misma. Sin embargo, no debe ser utilizada por personas que sufran inflamaciones o irritaciones del conducto auditivo, ni por personas con perforaciones en los t\u00edmpanos. Por \u00faltimo, tampoco deben utilizarla las personas al\u00e9rgicas a los productos elaborados a partir de cera de abeja.<\/p>\n<p>Por \u00faltimo, la vela hopi se puede utilizar con regularidad. Recomendamos una sesi\u00f3n cada tres semanas por o\u00eddo. Cada sesi\u00f3n dura aproximadamente diez minutos por o\u00eddo.<\/p>\n<p>Por cuestiones de comodidad, aseg\u00farese de que haya dos personas para que el tratamiento se desarrolle correctamente.<\/p>\n<p>La persona que recibe el tratamiento se acuesta con la oreja hacia arriba. El asistente enciende la vela y la sostiene hasta que se consuma.<\/p>\n<h2 style=\"text-align: center;\">\u00a0<strong>\u00a0Funcionamiento y resultados obtenidos gracias a  la vela hopi<\/strong><\/h2>\n<p>&nbsp;<\/p>\n<p>El proceso es sencillo. Al consumirse, la vela auricular ablanda todo el cerumen del conducto auditivo. Esta acci\u00f3n se lleva a cabo gracias a los vapores calientes de la cera de abeja, que ejercen una ligera presi\u00f3n. En  definitiva, permite extraer toda la suciedad presente en los o\u00eddos.<\/p>\n<p>Al estimular la circulaci\u00f3n sangu\u00ednea, la vela auricular relaja y calma a la persona que la utiliza. De hecho, emite un sonido muy agradable en el o\u00eddo, comparable al sonido de las conchas marinas.<\/p>\n<p>Su acci\u00f3n va m\u00e1s all\u00e1. No solo limpia en profundidad, sino que tambi\u00e9n mejora la agudeza auditiva.<\/p>\n<p>Entre los efectos secundarios deseables de la vela auricular, podemos citar los siguientes:<\/p>\n<ul>\n<li>Regulaci\u00f3n de la presi\u00f3n sangu\u00ednea entre el conducto auditivo y la cabeza. Por lo tanto, puede aliviar ciertos tipos de migra\u00f1a o zumbidos.<\/li>\n<li>Elimina el agua presente en el o\u00eddo despu\u00e9s de ba\u00f1arse, que puede provocar otitis.<\/li>\n<li>Previene los mareos en algunas personas.<\/li>\n<\/ul>\n<p>&nbsp;<\/p>\n<p>Al finalizar el tratamiento con velas auriculares, notar\u00e1 los efectos beneficiosos en la higiene general de sus o\u00eddos.<\/p>\n<p>Al abrir la parte no consumida opuesta al disco, observar\u00e1 la notable presencia de cerumen e impurezas en su o\u00eddo.<\/p>\n<p>Aqu\u00ed queremos insistir en la ineficacia de los bastoncillos de algod\u00f3n, que eliminan el cerumen de la superficie y lo empujan hacia el interior del conducto auditivo.<\/p>\n<p>El uso de la vela auricular sin duda le har\u00e1 cambiar de opini\u00f3n al ver la impresionante extracci\u00f3n de cera amarillenta del o\u00eddo.<\/p>\n<p><strong>\u00a0<\/strong><\/p>\n<p><strong>\u00a0<\/strong><\/p>\n<p><strong>\u00a0<\/strong><\/p>","protected":false},"excerpt":{"rendered":"<p>Produit tendance et tr\u00e8s \u00e0 la mode ces derniers temps, la bougie auriculaire se pr\u00e9sente comme la meilleure alternative \u00e0 ce jour pour purger en profondeur l\u2019oreille du c\u00e9rumen. Nous verrons au c\u0153ur de cette description les avantages qu\u2019elle procure face au traditionnel coton tige. \u00a0Bougie auriculaire\u00a0: Origine, composition et utilisation &nbsp; Utilis\u00e9e depuis des [&#8230;]\n","protected":false},"featured_media":7073,"template":"","meta":[],"product_brand":[],"product_cat":[61],"product_tag":[],"class_list":{"0":"post-7072","1":"product","2":"type-product","3":"status-publish","4":"has-post-thumbnail","6":"product_cat-beaute-hygiene","8":"first","9":"outofstock","10":"shipping-taxable","11":"purchasable","12":"product-type-simple"},"yoast_head":"<!-- This site is optimized with the Yoast SEO plugin v27.5 - https:\/\/yoast.com\/product\/yoast-seo-wordpress\/ -->\n<title>Bougie auriculaire avec disque \u00e0 la cire d&#039;abeille | Pause au Natur&#039;Elle<\/title>\n<meta name=\"description\" content=\"Vendue par paire, cette bougie auriculaire nettoie tout le conduit auditif \u00e0 la perfection. Technique 100% naturelle et efficace.\" \/>\n<meta name=\"robots\" content=\"index, follow, max-snippet:-1, max-image-preview:large, max-video-preview:-1\" \/>\n<link rel=\"canonical\" href=\"https:\/\/www.pause-au-naturelle.com\/es\/producto\/vela-auricular\/\" \/>\n<meta property=\"og:locale\" content=\"es_ES\" \/>\n<meta property=\"og:type\" content=\"article\" \/>\n<meta property=\"og:title\" content=\"Bougie auriculaire avec disque \u00e0 la cire d&#039;abeille | Pause au Natur&#039;Elle\" \/>\n<meta property=\"og:description\" content=\"Vendue par paire, cette bougie auriculaire nettoie tout le conduit auditif \u00e0 la perfection. Technique 100% naturelle et efficace.\" \/>\n<meta property=\"og:url\" content=\"https:\/\/www.pause-au-naturelle.com\/es\/producto\/vela-auricular\/\" \/>\n<meta property=\"og:site_name\" content=\"Pause au Naturelle\" \/>\n<meta property=\"article:modified_time\" content=\"2025-10-25T16:35:55+00:00\" \/>\n<meta property=\"og:image\" content=\"https:\/\/www.pause-au-naturelle.com\/wp-content\/uploads\/2020\/11\/bougie-oriculaire.jpg\" \/>\n\t<meta property=\"og:image:width\" content=\"1080\" \/>\n\t<meta property=\"og:image:height\" content=\"1080\" \/>\n\t<meta property=\"og:image:type\" content=\"image\/jpeg\" \/>\n<meta name=\"twitter:card\" content=\"summary_large_image\" \/>\n<meta name=\"twitter:label1\" content=\"Tiempo de lectura\" \/>\n\t<meta name=\"twitter:data1\" content=\"3 minutos\" \/>\n<script type=\"application\/ld+json\" class=\"yoast-schema-graph\">{\"@context\":\"https:\\\/\\\/schema.org\",\"@graph\":[{\"@type\":\"WebPage\",\"@id\":\"https:\\\/\\\/www.pause-au-naturelle.com\\\/produit\\\/bougie-auriculaire\\\/\",\"url\":\"https:\\\/\\\/www.pause-au-naturelle.com\\\/produit\\\/bougie-auriculaire\\\/\",\"name\":\"Bougie auriculaire avec disque \u00e0 la cire d'abeille | Pause au Natur'Elle\",\"isPartOf\":{\"@id\":\"https:\\\/\\\/www.pause-au-naturelle.com\\\/#website\"},\"primaryImageOfPage\":{\"@id\":\"https:\\\/\\\/www.pause-au-naturelle.com\\\/produit\\\/bougie-auriculaire\\\/#primaryimage\"},\"image\":{\"@id\":\"https:\\\/\\\/www.pause-au-naturelle.com\\\/produit\\\/bougie-auriculaire\\\/#primaryimage\"},\"thumbnailUrl\":\"https:\\\/\\\/www.pause-au-naturelle.com\\\/wp-content\\\/uploads\\\/2020\\\/11\\\/bougie-oriculaire.jpg\",\"datePublished\":\"2020-10-05T08:49:23+00:00\",\"dateModified\":\"2025-10-25T16:35:55+00:00\",\"description\":\"Vendue par paire, cette bougie auriculaire nettoie tout le conduit auditif \u00e0 la perfection. Technique 100% naturelle et efficace.\",\"breadcrumb\":{\"@id\":\"https:\\\/\\\/www.pause-au-naturelle.com\\\/produit\\\/bougie-auriculaire\\\/#breadcrumb\"},\"inLanguage\":\"es\",\"potentialAction\":[{\"@type\":\"ReadAction\",\"target\":[\"https:\\\/\\\/www.pause-au-naturelle.com\\\/produit\\\/bougie-auriculaire\\\/\"]}]},{\"@type\":\"ImageObject\",\"inLanguage\":\"es\",\"@id\":\"https:\\\/\\\/www.pause-au-naturelle.com\\\/produit\\\/bougie-auriculaire\\\/#primaryimage\",\"url\":\"https:\\\/\\\/www.pause-au-naturelle.com\\\/wp-content\\\/uploads\\\/2020\\\/11\\\/bougie-oriculaire.jpg\",\"contentUrl\":\"https:\\\/\\\/www.pause-au-naturelle.com\\\/wp-content\\\/uploads\\\/2020\\\/11\\\/bougie-oriculaire.jpg\",\"width\":1080,\"height\":1080,\"caption\":\"bougie auriculaire : l'excellente alternative pour le conduit auditif\"},{\"@type\":\"BreadcrumbList\",\"@id\":\"https:\\\/\\\/www.pause-au-naturelle.com\\\/produit\\\/bougie-auriculaire\\\/#breadcrumb\",\"itemListElement\":[{\"@type\":\"ListItem\",\"position\":1,\"name\":\"Boutique\",\"item\":\"https:\\\/\\\/www.pause-au-naturelle.com\\\/boutique\\\/\"},{\"@type\":\"ListItem\",\"position\":2,\"name\":\"Bougie auriculaire \u00e0 base de cire d&rsquo;abeille\"}]},{\"@type\":\"WebSite\",\"@id\":\"https:\\\/\\\/www.pause-au-naturelle.com\\\/#website\",\"url\":\"https:\\\/\\\/www.pause-au-naturelle.com\\\/\",\"name\":\"Pause au Naturelle\",\"description\":\"\",\"publisher\":{\"@id\":\"https:\\\/\\\/www.pause-au-naturelle.com\\\/#organization\"},\"potentialAction\":[{\"@type\":\"SearchAction\",\"target\":{\"@type\":\"EntryPoint\",\"urlTemplate\":\"https:\\\/\\\/www.pause-au-naturelle.com\\\/?s={search_term_string}\"},\"query-input\":{\"@type\":\"PropertyValueSpecification\",\"valueRequired\":true,\"valueName\":\"search_term_string\"}}],\"inLanguage\":\"es\"},{\"@type\":\"Organization\",\"@id\":\"https:\\\/\\\/www.pause-au-naturelle.com\\\/#organization\",\"name\":\"Pause au naturelle\",\"url\":\"https:\\\/\\\/www.pause-au-naturelle.com\\\/\",\"logo\":{\"@type\":\"ImageObject\",\"inLanguage\":\"es\",\"@id\":\"https:\\\/\\\/www.pause-au-naturelle.com\\\/#\\\/schema\\\/logo\\\/image\\\/\",\"url\":\"https:\\\/\\\/www.pause-au-naturelle.com\\\/wp-content\\\/uploads\\\/2020\\\/06\\\/logo.png\",\"contentUrl\":\"https:\\\/\\\/www.pause-au-naturelle.com\\\/wp-content\\\/uploads\\\/2020\\\/06\\\/logo.png\",\"width\":250,\"height\":250,\"caption\":\"Pause au naturelle\"},\"image\":{\"@id\":\"https:\\\/\\\/www.pause-au-naturelle.com\\\/#\\\/schema\\\/logo\\\/image\\\/\"}}]}<\/script>\n<!-- \/ Yoast SEO plugin. -->","yoast_head_json":{"title":"Vela auricular con disco de cera de abeja | Pause au Natur'Elle","description":"Vendida por pares, esta vela auricular limpia perfectamente todo el conducto auditivo. T\u00e9cnica 100% natural y eficaz.","robots":{"index":"index","follow":"follow","max-snippet":"max-snippet:-1","max-image-preview":"max-image-preview:large","max-video-preview":"max-video-preview:-1"},"canonical":"https:\/\/www.pause-au-naturelle.com\/es\/producto\/vela-auricular\/","og_locale":"es_ES","og_type":"article","og_title":"Bougie auriculaire avec disque \u00e0 la cire d'abeille | Pause au Natur'Elle","og_description":"Vendue par paire, cette bougie auriculaire nettoie tout le conduit auditif \u00e0 la perfection. Technique 100% naturelle et efficace.","og_url":"https:\/\/www.pause-au-naturelle.com\/es\/producto\/vela-auricular\/","og_site_name":"Pause au Naturelle","article_modified_time":"2025-10-25T16:35:55+00:00","og_image":[{"width":1080,"height":1080,"url":"https:\/\/www.pause-au-naturelle.com\/wp-content\/uploads\/2020\/11\/bougie-oriculaire.jpg","type":"image\/jpeg"}],"twitter_card":"summary_large_image","twitter_misc":{"Tiempo de lectura":"3 minutos"},"schema":{"@context":"https:\/\/schema.org","@graph":[{"@type":"WebPage","@id":"https:\/\/www.pause-au-naturelle.com\/produit\/bougie-auriculaire\/","url":"https:\/\/www.pause-au-naturelle.com\/produit\/bougie-auriculaire\/","name":"Vela auricular con disco de cera de abeja | Pause au Natur'Elle","isPartOf":{"@id":"https:\/\/www.pause-au-naturelle.com\/#website"},"primaryImageOfPage":{"@id":"https:\/\/www.pause-au-naturelle.com\/produit\/bougie-auriculaire\/#primaryimage"},"image":{"@id":"https:\/\/www.pause-au-naturelle.com\/produit\/bougie-auriculaire\/#primaryimage"},"thumbnailUrl":"https:\/\/www.pause-au-naturelle.com\/wp-content\/uploads\/2020\/11\/bougie-oriculaire.jpg","datePublished":"2020-10-05T08:49:23+00:00","dateModified":"2025-10-25T16:35:55+00:00","description":"Vendida por pares, esta vela auricular limpia perfectamente todo el conducto auditivo. T\u00e9cnica 100% natural y eficaz.","breadcrumb":{"@id":"https:\/\/www.pause-au-naturelle.com\/produit\/bougie-auriculaire\/#breadcrumb"},"inLanguage":"es","potentialAction":[{"@type":"ReadAction","target":["https:\/\/www.pause-au-naturelle.com\/produit\/bougie-auriculaire\/"]}]},{"@type":"ImageObject","inLanguage":"es","@id":"https:\/\/www.pause-au-naturelle.com\/produit\/bougie-auriculaire\/#primaryimage","url":"https:\/\/www.pause-au-naturelle.com\/wp-content\/uploads\/2020\/11\/bougie-oriculaire.jpg","contentUrl":"https:\/\/www.pause-au-naturelle.com\/wp-content\/uploads\/2020\/11\/bougie-oriculaire.jpg","width":1080,"height":1080,"caption":"bougie auriculaire : l'excellente alternative pour le conduit auditif"},{"@type":"BreadcrumbList","@id":"https:\/\/www.pause-au-naturelle.com\/produit\/bougie-auriculaire\/#breadcrumb","itemListElement":[{"@type":"ListItem","position":1,"name":"Boutique","item":"https:\/\/www.pause-au-naturelle.com\/boutique\/"},{"@type":"ListItem","position":2,"name":"Bougie auriculaire \u00e0 base de cire d&rsquo;abeille"}]},{"@type":"WebSite","@id":"https:\/\/www.pause-au-naturelle.com\/#website","url":"https:\/\/www.pause-au-naturelle.com\/","name":"Pausa en la naturaleza","description":"","publisher":{"@id":"https:\/\/www.pause-au-naturelle.com\/#organization"},"potentialAction":[{"@type":"SearchAction","target":{"@type":"EntryPoint","urlTemplate":"https:\/\/www.pause-au-naturelle.com\/?s={search_term_string}"},"query-input":{"@type":"PropertyValueSpecification","valueRequired":true,"valueName":"search_term_string"}}],"inLanguage":"es"},{"@type":"Organization","@id":"https:\/\/www.pause-au-naturelle.com\/#organization","name":"Pausa al aire libre","url":"https:\/\/www.pause-au-naturelle.com\/","logo":{"@type":"ImageObject","inLanguage":"es","@id":"https:\/\/www.pause-au-naturelle.com\/#\/schema\/logo\/image\/","url":"https:\/\/www.pause-au-naturelle.com\/wp-content\/uploads\/2020\/06\/logo.png","contentUrl":"https:\/\/www.pause-au-naturelle.com\/wp-content\/uploads\/2020\/06\/logo.png","width":250,"height":250,"caption":"Pause au naturelle"},"image":{"@id":"https:\/\/www.pause-au-naturelle.com\/#\/schema\/logo\/image\/"}}]}},"_links":{"self":[{"href":"https:\/\/www.pause-au-naturelle.com\/es\/wp-json\/wp\/v2\/product\/7072","targetHints":{"allow":["GET"]}}],"collection":[{"href":"https:\/\/www.pause-au-naturelle.com\/es\/wp-json\/wp\/v2\/product"}],"about":[{"href":"https:\/\/www.pause-au-naturelle.com\/es\/wp-json\/wp\/v2\/types\/product"}],"wp:featuredmedia":[{"embeddable":true,"href":"https:\/\/www.pause-au-naturelle.com\/es\/wp-json\/wp\/v2\/media\/7073"}],"wp:attachment":[{"href":"https:\/\/www.pause-au-naturelle.com\/es\/wp-json\/wp\/v2\/media?parent=7072"}],"wp:term":[{"taxonomy":"product_brand","embeddable":true,"href":"https:\/\/www.pause-au-naturelle.com\/es\/wp-json\/wp\/v2\/product_brand?post=7072"},{"taxonomy":"product_cat","embeddable":true,"href":"https:\/\/www.pause-au-naturelle.com\/es\/wp-json\/wp\/v2\/product_cat?post=7072"},{"taxonomy":"product_tag","embeddable":true,"href":"https:\/\/www.pause-au-naturelle.com\/es\/wp-json\/wp\/v2\/product_tag?post=7072"}],"curies":[{"name":"wp","href":"https:\/\/api.w.org\/{rel}","templated":true}]}}