{"id":7183,"date":"2020-06-29T18:30:56","date_gmt":"2020-06-29T18:30:56","guid":{"rendered":"https:\/\/www.pause-au-naturelle.com\/?post_type=product&#038;p=7183"},"modified":"2024-03-03T22:50:09","modified_gmt":"2024-03-03T22:50:09","slug":"el-negro-con-comino-negro-y-canela","status":"publish","type":"product","link":"https:\/\/www.pause-au-naturelle.com\/es\/produit\/the-noir-a-la-nigelle-cannelle\/","title":{"rendered":"T\u00e9 negro con comino negro, canela y especias, 20 bolsitas"},"content":{"rendered":"<p>Este t\u00e9 negro con comino negro, canela y especias es una infusi\u00f3n de la marca SAOUDA, especializada en la venta de\u2019<strong><a href=\"https:\/\/www.pause-au-naturelle.com\/es\/producto\/aceite-de-nigella-habachia-etiopia-100-ml\/\">aceite de comino negro et\u00edope<\/a>\u00a0<\/strong>y productos derivados. A diferencia de otras variedades, este t\u00e9 negro ha sido sometido a un proceso de oxidaci\u00f3n con el fin de intensificar su sabor y aumentar su contenido en te\u00edna. Por lo tanto, es el t\u00e9 ideal para tomar al despertarse. Las cajas SAOUDA contienen 20 bolsitas.<\/p>\n<h2><strong>El t\u00e9 negro con nigella: un descubrimiento y un sabor especiado<\/strong><\/h2>\n<p>&nbsp;<\/p>\n<p>Su sabor ligeramente m\u00e1s pronunciado que el del t\u00e9 verde es ideal para despertarse tranquilamente por la ma\u00f1ana. Este t\u00e9 con canela y semillas de nigella revela un delicioso contraste. De hecho, la mezcla de especias que contiene su f\u00f3rmula no podr\u00eda ser m\u00e1s acertada. La combinaci\u00f3n de sabores y los vapores calientes que desprende al despertarse son una aut\u00e9ntica delicia.<\/p>\n<p>De hecho, con un alto contenido en te\u00edna, el t\u00e9 negro con nigella, gracias a la canela y su aroma especiado, aporta un ligero toque dulce al coraz\u00f3n de la infusi\u00f3n.<\/p>\n<p>De este modo, podr\u00e1 disfrutar tanto de una infusi\u00f3n relajante como de todos los beneficios de la semilla de nigella en una sola taza.<\/p>\n<h2><strong>\u00bfCu\u00e1ndo es preferible tomar t\u00e9 de habba sawda?<\/strong><\/h2>\n<p>&nbsp;<\/p>\n<p>Si no te gusta mucho la leche o el caf\u00e9 nada m\u00e1s levantarte, este t\u00e9 con canela te sentar\u00e1 muy bien al despertarte. M\u00e1s rico en te\u00edna que sus hom\u00f3logos verde y blanco, el t\u00e9 negro con nigella y especias dulces es ideal para empezar el d\u00eda con buen pie.<\/p>\n<p>El delicioso aroma a canela que desprende abre el apetito y permite tomar un desayuno abundante que nos mantendr\u00e1 saciados hasta la hora de comer.<\/p>\n<p>Este tipo de t\u00e9 negro es una mezcla muy apreciada en la India. De hecho, la famosa f\u00f3rmula del \u00abchay hindi\u00bb es una bebida tradicional elaborada a partir de t\u00e9 negro, especias y un chorrito de leche. En los pa\u00edses productores de t\u00e9, es costumbre preparar el t\u00e9 incorpor\u00e1ndole especias y hierbas medicinales.<\/p>\n<p>Por \u00faltimo, el t\u00e9 negro con nigella es una infusi\u00f3n recomendada para combatir los efectos sintom\u00e1ticos de la diarrea. Gracias a la catequina (polifenol de la familia de los flavonoides), el t\u00e9 negro tiene  la particularidad de combatir los g\u00e9rmenes que provocan estas molestias gastrointestinales. Es esta mol\u00e9cula la que le da al t\u00e9 un ligero sabor amargo.<\/p>\n<h3><strong>\u00bfC\u00f3mo preparar tu infusi\u00f3n de canela?<\/strong><\/h3>\n<p>&nbsp;<\/p>\n<p>Solo tiene que colocar la bolsita de t\u00e9 de nigella directamente en el centro de una taza y verter agua caliente de una tetera o un termo.<\/p>\n<p>\u00a1Atenci\u00f3n! Le recomendamos utilizar agua a menos de 80 grados para disfrutar de todos los beneficios de las semillas de Nigella Sativa. Por encima de esta temperatura, las semillas pierden su principio activo (timoquinona) que, como todos sabemos, protege el sistema inmunitario y fortalece las c\u00e9lulas.<\/p>\n<p>Por \u00faltimo, endulza a tu gusto tu deliciosa infusi\u00f3n especiada.<\/p>\n<p>Le deseamos un agradable descubrimiento con este t\u00e9 \u00abMade in France\u00bb de la marca SAOUDA.<\/p>\n<p>&nbsp;<\/p>\n<p>&nbsp;<\/p>\n<p>&nbsp;<\/p>","protected":false},"excerpt":{"rendered":"<p>Ce th\u00e9 noir \u00e0 la nigelle, cannelle et \u00e9pices est une infusion de la marque SAOUDA sp\u00e9cialis\u00e9e dans la vente d&rsquo;huile de nigelle \u00e9thiopienne\u00a0et de produits d\u00e9riv\u00e9s. Contrairement aux autres vari\u00e9t\u00e9s, ce th\u00e9 noir a subi une oxydation qui a pour but de le rendre plus intense et plus fort en th\u00e9ine. C&rsquo;est donc par [&#8230;]\n","protected":false},"featured_media":7613,"template":"","meta":[],"product_brand":[],"product_cat":[69],"product_tag":[],"class_list":{"0":"post-7183","1":"product","2":"type-product","3":"status-publish","4":"has-post-thumbnail","6":"product_cat-nigelle","8":"first","9":"outofstock","10":"shipping-taxable","11":"purchasable","12":"product-type-simple"},"yoast_head":"<!-- This site is optimized with the Yoast SEO plugin v27.3 - https:\/\/yoast.com\/product\/yoast-seo-wordpress\/ -->\n<title>Th\u00e9 noir \u00e0 la nigelle | Th\u00e9 cannelle | SAOUDA | Pause-au-Naturelle.com<\/title>\n<meta name=\"description\" content=\"Ce th\u00e9 noir nigelle et \u00e0 la cannelle et aux \u00e9pices est id\u00e9al pour apaiser avant le sommeil ainsi que pour soulager les r\u00e8gles douloureuses.\" \/>\n<meta name=\"robots\" content=\"index, follow, max-snippet:-1, max-image-preview:large, max-video-preview:-1\" \/>\n<link rel=\"canonical\" href=\"https:\/\/www.pause-au-naturelle.com\/es\/producto\/el-negro-con-comino-negro-y-canela\/\" \/>\n<meta property=\"og:locale\" content=\"es_ES\" \/>\n<meta property=\"og:type\" content=\"article\" \/>\n<meta property=\"og:title\" content=\"Th\u00e9 noir \u00e0 la nigelle | Th\u00e9 cannelle | SAOUDA | Pause-au-Naturelle.com\" \/>\n<meta property=\"og:description\" content=\"Ce th\u00e9 noir nigelle et \u00e0 la cannelle et aux \u00e9pices est id\u00e9al pour apaiser avant le sommeil ainsi que pour soulager les r\u00e8gles douloureuses.\" \/>\n<meta property=\"og:url\" content=\"https:\/\/www.pause-au-naturelle.com\/es\/producto\/el-negro-con-comino-negro-y-canela\/\" \/>\n<meta property=\"og:site_name\" content=\"Pause au Naturelle\" \/>\n<meta property=\"article:modified_time\" content=\"2024-03-03T22:50:09+00:00\" \/>\n<meta property=\"og:image\" content=\"https:\/\/www.pause-au-naturelle.com\/wp-content\/uploads\/2020\/06\/SAOUDA-the-noir-nigelle.jpg\" \/>\n\t<meta property=\"og:image:width\" content=\"1000\" \/>\n\t<meta property=\"og:image:height\" content=\"1000\" \/>\n\t<meta property=\"og:image:type\" content=\"image\/jpeg\" \/>\n<meta name=\"twitter:card\" content=\"summary_large_image\" \/>\n<meta name=\"twitter:label1\" content=\"Tiempo de lectura\" \/>\n\t<meta name=\"twitter:data1\" content=\"3 minutos\" \/>\n<script type=\"application\/ld+json\" class=\"yoast-schema-graph\">{\"@context\":\"https:\\\/\\\/schema.org\",\"@graph\":[{\"@type\":\"WebPage\",\"@id\":\"https:\\\/\\\/www.pause-au-naturelle.com\\\/produit\\\/the-noir-a-la-nigelle-cannelle\\\/\",\"url\":\"https:\\\/\\\/www.pause-au-naturelle.com\\\/produit\\\/the-noir-a-la-nigelle-cannelle\\\/\",\"name\":\"Th\u00e9 noir \u00e0 la nigelle | Th\u00e9 cannelle | SAOUDA | Pause-au-Naturelle.com\",\"isPartOf\":{\"@id\":\"https:\\\/\\\/www.pause-au-naturelle.com\\\/#website\"},\"primaryImageOfPage\":{\"@id\":\"https:\\\/\\\/www.pause-au-naturelle.com\\\/produit\\\/the-noir-a-la-nigelle-cannelle\\\/#primaryimage\"},\"image\":{\"@id\":\"https:\\\/\\\/www.pause-au-naturelle.com\\\/produit\\\/the-noir-a-la-nigelle-cannelle\\\/#primaryimage\"},\"thumbnailUrl\":\"https:\\\/\\\/www.pause-au-naturelle.com\\\/wp-content\\\/uploads\\\/2020\\\/06\\\/SAOUDA-the-noir-nigelle.jpg\",\"datePublished\":\"2020-06-29T18:30:56+00:00\",\"dateModified\":\"2024-03-03T22:50:09+00:00\",\"description\":\"Ce th\u00e9 noir nigelle et \u00e0 la cannelle et aux \u00e9pices est id\u00e9al pour apaiser avant le sommeil ainsi que pour soulager les r\u00e8gles douloureuses.\",\"breadcrumb\":{\"@id\":\"https:\\\/\\\/www.pause-au-naturelle.com\\\/produit\\\/the-noir-a-la-nigelle-cannelle\\\/#breadcrumb\"},\"inLanguage\":\"es\",\"potentialAction\":[{\"@type\":\"ReadAction\",\"target\":[\"https:\\\/\\\/www.pause-au-naturelle.com\\\/produit\\\/the-noir-a-la-nigelle-cannelle\\\/\"]}]},{\"@type\":\"ImageObject\",\"inLanguage\":\"es\",\"@id\":\"https:\\\/\\\/www.pause-au-naturelle.com\\\/produit\\\/the-noir-a-la-nigelle-cannelle\\\/#primaryimage\",\"url\":\"https:\\\/\\\/www.pause-au-naturelle.com\\\/wp-content\\\/uploads\\\/2020\\\/06\\\/SAOUDA-the-noir-nigelle.jpg\",\"contentUrl\":\"https:\\\/\\\/www.pause-au-naturelle.com\\\/wp-content\\\/uploads\\\/2020\\\/06\\\/SAOUDA-the-noir-nigelle.jpg\",\"width\":1000,\"height\":1000},{\"@type\":\"BreadcrumbList\",\"@id\":\"https:\\\/\\\/www.pause-au-naturelle.com\\\/produit\\\/the-noir-a-la-nigelle-cannelle\\\/#breadcrumb\",\"itemListElement\":[{\"@type\":\"ListItem\",\"position\":1,\"name\":\"Boutique\",\"item\":\"https:\\\/\\\/www.pause-au-naturelle.com\\\/boutique\\\/\"},{\"@type\":\"ListItem\",\"position\":2,\"name\":\"Th\u00e9 noir \u00e0 la nigelle cannelle et \u00e9pices 20 sachets\"}]},{\"@type\":\"WebSite\",\"@id\":\"https:\\\/\\\/www.pause-au-naturelle.com\\\/#website\",\"url\":\"https:\\\/\\\/www.pause-au-naturelle.com\\\/\",\"name\":\"Pause au Naturelle\",\"description\":\"\",\"publisher\":{\"@id\":\"https:\\\/\\\/www.pause-au-naturelle.com\\\/#organization\"},\"potentialAction\":[{\"@type\":\"SearchAction\",\"target\":{\"@type\":\"EntryPoint\",\"urlTemplate\":\"https:\\\/\\\/www.pause-au-naturelle.com\\\/?s={search_term_string}\"},\"query-input\":{\"@type\":\"PropertyValueSpecification\",\"valueRequired\":true,\"valueName\":\"search_term_string\"}}],\"inLanguage\":\"es\"},{\"@type\":\"Organization\",\"@id\":\"https:\\\/\\\/www.pause-au-naturelle.com\\\/#organization\",\"name\":\"Pause au naturelle\",\"url\":\"https:\\\/\\\/www.pause-au-naturelle.com\\\/\",\"logo\":{\"@type\":\"ImageObject\",\"inLanguage\":\"es\",\"@id\":\"https:\\\/\\\/www.pause-au-naturelle.com\\\/#\\\/schema\\\/logo\\\/image\\\/\",\"url\":\"https:\\\/\\\/www.pause-au-naturelle.com\\\/wp-content\\\/uploads\\\/2020\\\/06\\\/logo.png\",\"contentUrl\":\"https:\\\/\\\/www.pause-au-naturelle.com\\\/wp-content\\\/uploads\\\/2020\\\/06\\\/logo.png\",\"width\":250,\"height\":250,\"caption\":\"Pause au naturelle\"},\"image\":{\"@id\":\"https:\\\/\\\/www.pause-au-naturelle.com\\\/#\\\/schema\\\/logo\\\/image\\\/\"}}]}<\/script>\n<!-- \/ Yoast SEO plugin. -->","yoast_head_json":{"title":"T\u00e9 negro con nigella | T\u00e9 con canela | SAOUDA | Pause-au-Naturelle.com","description":"Este t\u00e9 negro con semillas de comino negro, canela y especias es ideal para relajarse antes de dormir y para aliviar los dolores menstruales.","robots":{"index":"index","follow":"follow","max-snippet":"max-snippet:-1","max-image-preview":"max-image-preview:large","max-video-preview":"max-video-preview:-1"},"canonical":"https:\/\/www.pause-au-naturelle.com\/es\/producto\/el-negro-con-comino-negro-y-canela\/","og_locale":"es_ES","og_type":"article","og_title":"Th\u00e9 noir \u00e0 la nigelle | Th\u00e9 cannelle | SAOUDA | Pause-au-Naturelle.com","og_description":"Ce th\u00e9 noir nigelle et \u00e0 la cannelle et aux \u00e9pices est id\u00e9al pour apaiser avant le sommeil ainsi que pour soulager les r\u00e8gles douloureuses.","og_url":"https:\/\/www.pause-au-naturelle.com\/es\/producto\/el-negro-con-comino-negro-y-canela\/","og_site_name":"Pause au Naturelle","article_modified_time":"2024-03-03T22:50:09+00:00","og_image":[{"width":1000,"height":1000,"url":"https:\/\/www.pause-au-naturelle.com\/wp-content\/uploads\/2020\/06\/SAOUDA-the-noir-nigelle.jpg","type":"image\/jpeg"}],"twitter_card":"summary_large_image","twitter_misc":{"Tiempo de lectura":"3 minutos"},"schema":{"@context":"https:\/\/schema.org","@graph":[{"@type":"WebPage","@id":"https:\/\/www.pause-au-naturelle.com\/produit\/the-noir-a-la-nigelle-cannelle\/","url":"https:\/\/www.pause-au-naturelle.com\/produit\/the-noir-a-la-nigelle-cannelle\/","name":"T\u00e9 negro con nigella | T\u00e9 con canela | SAOUDA | Pause-au-Naturelle.com","isPartOf":{"@id":"https:\/\/www.pause-au-naturelle.com\/#website"},"primaryImageOfPage":{"@id":"https:\/\/www.pause-au-naturelle.com\/produit\/the-noir-a-la-nigelle-cannelle\/#primaryimage"},"image":{"@id":"https:\/\/www.pause-au-naturelle.com\/produit\/the-noir-a-la-nigelle-cannelle\/#primaryimage"},"thumbnailUrl":"https:\/\/www.pause-au-naturelle.com\/wp-content\/uploads\/2020\/06\/SAOUDA-the-noir-nigelle.jpg","datePublished":"2020-06-29T18:30:56+00:00","dateModified":"2024-03-03T22:50:09+00:00","description":"Este t\u00e9 negro con semillas de comino negro, canela y especias es ideal para relajarse antes de dormir y para aliviar los dolores menstruales.","breadcrumb":{"@id":"https:\/\/www.pause-au-naturelle.com\/produit\/the-noir-a-la-nigelle-cannelle\/#breadcrumb"},"inLanguage":"es","potentialAction":[{"@type":"ReadAction","target":["https:\/\/www.pause-au-naturelle.com\/produit\/the-noir-a-la-nigelle-cannelle\/"]}]},{"@type":"ImageObject","inLanguage":"es","@id":"https:\/\/www.pause-au-naturelle.com\/produit\/the-noir-a-la-nigelle-cannelle\/#primaryimage","url":"https:\/\/www.pause-au-naturelle.com\/wp-content\/uploads\/2020\/06\/SAOUDA-the-noir-nigelle.jpg","contentUrl":"https:\/\/www.pause-au-naturelle.com\/wp-content\/uploads\/2020\/06\/SAOUDA-the-noir-nigelle.jpg","width":1000,"height":1000},{"@type":"BreadcrumbList","@id":"https:\/\/www.pause-au-naturelle.com\/produit\/the-noir-a-la-nigelle-cannelle\/#breadcrumb","itemListElement":[{"@type":"ListItem","position":1,"name":"Boutique","item":"https:\/\/www.pause-au-naturelle.com\/boutique\/"},{"@type":"ListItem","position":2,"name":"Th\u00e9 noir \u00e0 la nigelle cannelle et \u00e9pices 20 sachets"}]},{"@type":"WebSite","@id":"https:\/\/www.pause-au-naturelle.com\/#website","url":"https:\/\/www.pause-au-naturelle.com\/","name":"Pausa en la naturaleza","description":"","publisher":{"@id":"https:\/\/www.pause-au-naturelle.com\/#organization"},"potentialAction":[{"@type":"SearchAction","target":{"@type":"EntryPoint","urlTemplate":"https:\/\/www.pause-au-naturelle.com\/?s={search_term_string}"},"query-input":{"@type":"PropertyValueSpecification","valueRequired":true,"valueName":"search_term_string"}}],"inLanguage":"es"},{"@type":"Organization","@id":"https:\/\/www.pause-au-naturelle.com\/#organization","name":"Pausa al aire libre","url":"https:\/\/www.pause-au-naturelle.com\/","logo":{"@type":"ImageObject","inLanguage":"es","@id":"https:\/\/www.pause-au-naturelle.com\/#\/schema\/logo\/image\/","url":"https:\/\/www.pause-au-naturelle.com\/wp-content\/uploads\/2020\/06\/logo.png","contentUrl":"https:\/\/www.pause-au-naturelle.com\/wp-content\/uploads\/2020\/06\/logo.png","width":250,"height":250,"caption":"Pause au naturelle"},"image":{"@id":"https:\/\/www.pause-au-naturelle.com\/#\/schema\/logo\/image\/"}}]}},"_links":{"self":[{"href":"https:\/\/www.pause-au-naturelle.com\/es\/wp-json\/wp\/v2\/product\/7183","targetHints":{"allow":["GET"]}}],"collection":[{"href":"https:\/\/www.pause-au-naturelle.com\/es\/wp-json\/wp\/v2\/product"}],"about":[{"href":"https:\/\/www.pause-au-naturelle.com\/es\/wp-json\/wp\/v2\/types\/product"}],"wp:featuredmedia":[{"embeddable":true,"href":"https:\/\/www.pause-au-naturelle.com\/es\/wp-json\/wp\/v2\/media\/7613"}],"wp:attachment":[{"href":"https:\/\/www.pause-au-naturelle.com\/es\/wp-json\/wp\/v2\/media?parent=7183"}],"wp:term":[{"taxonomy":"product_brand","embeddable":true,"href":"https:\/\/www.pause-au-naturelle.com\/es\/wp-json\/wp\/v2\/product_brand?post=7183"},{"taxonomy":"product_cat","embeddable":true,"href":"https:\/\/www.pause-au-naturelle.com\/es\/wp-json\/wp\/v2\/product_cat?post=7183"},{"taxonomy":"product_tag","embeddable":true,"href":"https:\/\/www.pause-au-naturelle.com\/es\/wp-json\/wp\/v2\/product_tag?post=7183"}],"curies":[{"name":"wp","href":"https:\/\/api.w.org\/{rel}","templated":true}]}}