{"id":7455,"date":"2021-02-28T16:24:40","date_gmt":"2021-02-28T16:24:40","guid":{"rendered":"https:\/\/www.pause-au-naturelle.com\/?post_type=product&#038;p=7455"},"modified":"2024-01-31T15:16:44","modified_gmt":"2024-01-31T15:16:44","slug":"spray-textil-bella-250-ml-rp-parfums","status":"publish","type":"product","link":"https:\/\/www.pause-au-naturelle.com\/es\/produit\/spray-textile-bella-250ml-rp-parfums\/","title":{"rendered":"Spray textil Bella 250 ml \u2013 Rp Parfums"},"content":{"rendered":"<p style=\"font-weight: 400;\">\u00a1El spray textil Bella! \u00bfPor qu\u00e9 no elegirlo en nuestra tienda online? Actualmente ofrecemos uno de los precios m\u00e1s competitivos de Internet. Una oportunidad para descubrirlo o regalarlo si nunca lo has probado. Te contamos m\u00e1s sobre uno de los ambientadores m\u00e1s populares de la marca RP.<\/p>\n<h2 style=\"font-weight: 400;\"><strong>\u00a0<\/strong><strong>\u00bfCu\u00e1l es el origen de los aromas que componen el spray textil Bella?<\/strong><\/h2>\n<p style=\"font-weight: 400;\">Es cierto que no poder descubrir olfativamente este spray a veces es un impedimento para comprarlo. Sin embargo, al leer nuestra descripci\u00f3n, podr\u00e1 saber directamente si le gusta o no. No lo dude y descubra una exquisita mezcla que combina \u00e1mbar gris, vainilla de Madagascar y aromas de caramelo.<\/p>\n<p style=\"font-weight: 400;\">Muy tonificante, el spray Bella ofrece una armon\u00eda de sabores que te transporta a un viaje dulce y tropical, envuelto en un sutil aroma amaderado y ex\u00f3tico. Un descubrimiento que no te dejar\u00e1 indiferente y que se manifiesta en el atributo de belleza que da nombre a este perfume textil. Simplemente porque su sensualidad destaca por una mezcla suntuosa que alegra y pone de buen humor.<\/p>\n<h2 style=\"font-weight: 400;\"><strong>\u00a0<\/strong><strong>\u00bfC\u00f3mo utilizarlo para sacar provecho?<\/strong><\/h2>\n<p style=\"font-weight: 400;\">El ambientador textil Bella, como su nombre indica, se utiliza \u00fanicamente en tejidos. Por lo tanto, su funci\u00f3n es complementaria en el hogar. Se recomienda utilizarlo en armarios o entre s\u00e1banas y edredones.<\/p>\n<p style=\"font-weight: 400;\">Aportar\u00e1n m\u00e1s sentido y un aroma sublime a tu ropa. Por \u00faltimo, en lo que respecta a los edredones, su encanto se ver\u00e1 realzado cuando sientas su exquisito y sorprendente aroma.<\/p>\n<p style=\"font-weight: 400;\">El spray Bella tiene como objetivo hacerte viajar desarrollando agradables aromas en tus tejidos. Adem\u00e1s de desprender esa sensaci\u00f3n de limpieza, tambi\u00e9n ayuda a romper con la monoton\u00eda al hacerte sentir algo diferente. Si te gusta la frescura en el coraz\u00f3n de las s\u00e1banas, utiliza m\u00e1s bien <a href=\"https:\/\/www.pause-au-naturelle.com\/es\/producto\/spray-textil-nube-fresca-250-ml-rp-parfums\/\">este producto<\/a>.<\/p>\n<h3 style=\"font-weight: 400;\"><strong>Precauci\u00f3n a tomar<\/strong><\/h3>\n<p style=\"font-weight: 400;\"><strong>\u00a0<\/strong>Este spray no se utiliza como spray para interiores. Su funci\u00f3n est\u00e1 dedicada exclusivamente a los tejidos. Por lo tanto, no lo utilice bajo ning\u00fan concepto sobre materiales de cuero o ante, ya que podr\u00eda da\u00f1arlos.<\/p>\n<p style=\"font-weight: 400;\">Mant\u00e9ngalo alejado de fuentes de calor y fuera del alcance de los ni\u00f1os. Pulver\u00edcelo directamente sobre el tejido a una distancia de 20 cent\u00edmetros. No respire el vapor hasta que se haya difundido completamente en el interior del tejido.<\/p>","protected":false},"excerpt":{"rendered":"<p>Le spray textile Bella\u00a0! Pourquoi ne pas le choisir au c\u0153ur de notre boutique en ligne. Nous figurons \u00e0 l\u2019heure actuelle comme l\u2019un des prix les plus comp\u00e9titifs sur le net. Une occasion de le d\u00e9couvrir ou de l\u2019offrir en cadeau si vous ne l\u2019avez jamais test\u00e9. Nous vous en disons plus sur l\u2019un des [&#8230;]\n","protected":false},"featured_media":7456,"template":"","meta":[],"product_brand":[],"product_cat":[81,91],"product_tag":[],"class_list":{"0":"post-7455","1":"product","2":"type-product","3":"status-publish","4":"has-post-thumbnail","6":"product_cat-parfum-d-interieur-maison","7":"product_cat-rp-paris","9":"first","10":"outofstock","11":"shipping-taxable","12":"purchasable","13":"product-type-simple"},"yoast_head":"<!-- This site is optimized with the Yoast SEO plugin v27.3 - https:\/\/yoast.com\/product\/yoast-seo-wordpress\/ -->\n<title>Spray textile Bella 250ml | RP Parfums | Pause-au-Naturelle.com<\/title>\n<meta name=\"description\" content=\"Spray textile Bella de la marque RP \u00e0 l&#039;ambre gris et vanille de Madagascar. Fra\u00eecheur et sensation de propret\u00e9 garanti au coeur du linge.\" \/>\n<meta name=\"robots\" content=\"index, follow, max-snippet:-1, max-image-preview:large, max-video-preview:-1\" \/>\n<link rel=\"canonical\" href=\"https:\/\/www.pause-au-naturelle.com\/es\/producto\/spray-textil-bella-250-ml-rp-parfums\/\" \/>\n<meta property=\"og:locale\" content=\"es_ES\" \/>\n<meta property=\"og:type\" content=\"article\" \/>\n<meta property=\"og:title\" content=\"Spray textile Bella 250ml | RP Parfums | Pause-au-Naturelle.com\" \/>\n<meta property=\"og:description\" content=\"Spray textile Bella de la marque RP \u00e0 l&#039;ambre gris et vanille de Madagascar. Fra\u00eecheur et sensation de propret\u00e9 garanti au coeur du linge.\" \/>\n<meta property=\"og:url\" content=\"https:\/\/www.pause-au-naturelle.com\/es\/producto\/spray-textil-bella-250-ml-rp-parfums\/\" \/>\n<meta property=\"og:site_name\" content=\"Pause au Naturelle\" \/>\n<meta property=\"article:modified_time\" content=\"2024-01-31T15:16:44+00:00\" \/>\n<meta property=\"og:image\" content=\"https:\/\/www.pause-au-naturelle.com\/wp-content\/uploads\/2021\/02\/bella-jpg.jpg\" \/>\n\t<meta property=\"og:image:width\" content=\"500\" \/>\n\t<meta property=\"og:image:height\" content=\"500\" \/>\n\t<meta property=\"og:image:type\" content=\"image\/jpeg\" \/>\n<meta name=\"twitter:card\" content=\"summary_large_image\" \/>\n<meta name=\"twitter:label1\" content=\"Tiempo de lectura\" \/>\n\t<meta name=\"twitter:data1\" content=\"2 minutos\" \/>\n<script type=\"application\/ld+json\" class=\"yoast-schema-graph\">{\"@context\":\"https:\\\/\\\/schema.org\",\"@graph\":[{\"@type\":\"WebPage\",\"@id\":\"https:\\\/\\\/www.pause-au-naturelle.com\\\/produit\\\/spray-textile-bella-250ml-rp-parfums\\\/\",\"url\":\"https:\\\/\\\/www.pause-au-naturelle.com\\\/produit\\\/spray-textile-bella-250ml-rp-parfums\\\/\",\"name\":\"Spray textile Bella 250ml | RP Parfums | Pause-au-Naturelle.com\",\"isPartOf\":{\"@id\":\"https:\\\/\\\/www.pause-au-naturelle.com\\\/#website\"},\"primaryImageOfPage\":{\"@id\":\"https:\\\/\\\/www.pause-au-naturelle.com\\\/produit\\\/spray-textile-bella-250ml-rp-parfums\\\/#primaryimage\"},\"image\":{\"@id\":\"https:\\\/\\\/www.pause-au-naturelle.com\\\/produit\\\/spray-textile-bella-250ml-rp-parfums\\\/#primaryimage\"},\"thumbnailUrl\":\"https:\\\/\\\/www.pause-au-naturelle.com\\\/wp-content\\\/uploads\\\/2021\\\/02\\\/bella-jpg.jpg\",\"datePublished\":\"2021-02-28T16:24:40+00:00\",\"dateModified\":\"2024-01-31T15:16:44+00:00\",\"description\":\"Spray textile Bella de la marque RP \u00e0 l'ambre gris et vanille de Madagascar. Fra\u00eecheur et sensation de propret\u00e9 garanti au coeur du linge.\",\"breadcrumb\":{\"@id\":\"https:\\\/\\\/www.pause-au-naturelle.com\\\/produit\\\/spray-textile-bella-250ml-rp-parfums\\\/#breadcrumb\"},\"inLanguage\":\"es\",\"potentialAction\":[{\"@type\":\"ReadAction\",\"target\":[\"https:\\\/\\\/www.pause-au-naturelle.com\\\/produit\\\/spray-textile-bella-250ml-rp-parfums\\\/\"]}]},{\"@type\":\"ImageObject\",\"inLanguage\":\"es\",\"@id\":\"https:\\\/\\\/www.pause-au-naturelle.com\\\/produit\\\/spray-textile-bella-250ml-rp-parfums\\\/#primaryimage\",\"url\":\"https:\\\/\\\/www.pause-au-naturelle.com\\\/wp-content\\\/uploads\\\/2021\\\/02\\\/bella-jpg.jpg\",\"contentUrl\":\"https:\\\/\\\/www.pause-au-naturelle.com\\\/wp-content\\\/uploads\\\/2021\\\/02\\\/bella-jpg.jpg\",\"width\":500,\"height\":500},{\"@type\":\"BreadcrumbList\",\"@id\":\"https:\\\/\\\/www.pause-au-naturelle.com\\\/produit\\\/spray-textile-bella-250ml-rp-parfums\\\/#breadcrumb\",\"itemListElement\":[{\"@type\":\"ListItem\",\"position\":1,\"name\":\"Boutique\",\"item\":\"https:\\\/\\\/www.pause-au-naturelle.com\\\/boutique\\\/\"},{\"@type\":\"ListItem\",\"position\":2,\"name\":\"Spray textile Bella 250ml &#8211; Rp Parfums\"}]},{\"@type\":\"WebSite\",\"@id\":\"https:\\\/\\\/www.pause-au-naturelle.com\\\/#website\",\"url\":\"https:\\\/\\\/www.pause-au-naturelle.com\\\/\",\"name\":\"Pause au Naturelle\",\"description\":\"\",\"publisher\":{\"@id\":\"https:\\\/\\\/www.pause-au-naturelle.com\\\/#organization\"},\"potentialAction\":[{\"@type\":\"SearchAction\",\"target\":{\"@type\":\"EntryPoint\",\"urlTemplate\":\"https:\\\/\\\/www.pause-au-naturelle.com\\\/?s={search_term_string}\"},\"query-input\":{\"@type\":\"PropertyValueSpecification\",\"valueRequired\":true,\"valueName\":\"search_term_string\"}}],\"inLanguage\":\"es\"},{\"@type\":\"Organization\",\"@id\":\"https:\\\/\\\/www.pause-au-naturelle.com\\\/#organization\",\"name\":\"Pause au naturelle\",\"url\":\"https:\\\/\\\/www.pause-au-naturelle.com\\\/\",\"logo\":{\"@type\":\"ImageObject\",\"inLanguage\":\"es\",\"@id\":\"https:\\\/\\\/www.pause-au-naturelle.com\\\/#\\\/schema\\\/logo\\\/image\\\/\",\"url\":\"https:\\\/\\\/www.pause-au-naturelle.com\\\/wp-content\\\/uploads\\\/2020\\\/06\\\/logo.png\",\"contentUrl\":\"https:\\\/\\\/www.pause-au-naturelle.com\\\/wp-content\\\/uploads\\\/2020\\\/06\\\/logo.png\",\"width\":250,\"height\":250,\"caption\":\"Pause au naturelle\"},\"image\":{\"@id\":\"https:\\\/\\\/www.pause-au-naturelle.com\\\/#\\\/schema\\\/logo\\\/image\\\/\"}}]}<\/script>\n<!-- \/ Yoast SEO plugin. -->","yoast_head_json":{"title":"Spray textil Bella 250 ml | RP Parfums | Pause-au-Naturelle.com","description":"Spray textil Bella de la marca RP con \u00e1mbar gris y vainilla de Madagascar. Frescor y sensaci\u00f3n de limpieza garantizados en el coraz\u00f3n de la ropa.","robots":{"index":"index","follow":"follow","max-snippet":"max-snippet:-1","max-image-preview":"max-image-preview:large","max-video-preview":"max-video-preview:-1"},"canonical":"https:\/\/www.pause-au-naturelle.com\/es\/producto\/spray-textil-bella-250-ml-rp-parfums\/","og_locale":"es_ES","og_type":"article","og_title":"Spray textile Bella 250ml | RP Parfums | Pause-au-Naturelle.com","og_description":"Spray textile Bella de la marque RP \u00e0 l'ambre gris et vanille de Madagascar. Fra\u00eecheur et sensation de propret\u00e9 garanti au coeur du linge.","og_url":"https:\/\/www.pause-au-naturelle.com\/es\/producto\/spray-textil-bella-250-ml-rp-parfums\/","og_site_name":"Pause au Naturelle","article_modified_time":"2024-01-31T15:16:44+00:00","og_image":[{"width":500,"height":500,"url":"https:\/\/www.pause-au-naturelle.com\/wp-content\/uploads\/2021\/02\/bella-jpg.jpg","type":"image\/jpeg"}],"twitter_card":"summary_large_image","twitter_misc":{"Tiempo de lectura":"2 minutos"},"schema":{"@context":"https:\/\/schema.org","@graph":[{"@type":"WebPage","@id":"https:\/\/www.pause-au-naturelle.com\/produit\/spray-textile-bella-250ml-rp-parfums\/","url":"https:\/\/www.pause-au-naturelle.com\/produit\/spray-textile-bella-250ml-rp-parfums\/","name":"Spray textil Bella 250 ml | RP Parfums | Pause-au-Naturelle.com","isPartOf":{"@id":"https:\/\/www.pause-au-naturelle.com\/#website"},"primaryImageOfPage":{"@id":"https:\/\/www.pause-au-naturelle.com\/produit\/spray-textile-bella-250ml-rp-parfums\/#primaryimage"},"image":{"@id":"https:\/\/www.pause-au-naturelle.com\/produit\/spray-textile-bella-250ml-rp-parfums\/#primaryimage"},"thumbnailUrl":"https:\/\/www.pause-au-naturelle.com\/wp-content\/uploads\/2021\/02\/bella-jpg.jpg","datePublished":"2021-02-28T16:24:40+00:00","dateModified":"2024-01-31T15:16:44+00:00","description":"Spray textil Bella de la marca RP con \u00e1mbar gris y vainilla de Madagascar. Frescor y sensaci\u00f3n de limpieza garantizados en el coraz\u00f3n de la ropa.","breadcrumb":{"@id":"https:\/\/www.pause-au-naturelle.com\/produit\/spray-textile-bella-250ml-rp-parfums\/#breadcrumb"},"inLanguage":"es","potentialAction":[{"@type":"ReadAction","target":["https:\/\/www.pause-au-naturelle.com\/produit\/spray-textile-bella-250ml-rp-parfums\/"]}]},{"@type":"ImageObject","inLanguage":"es","@id":"https:\/\/www.pause-au-naturelle.com\/produit\/spray-textile-bella-250ml-rp-parfums\/#primaryimage","url":"https:\/\/www.pause-au-naturelle.com\/wp-content\/uploads\/2021\/02\/bella-jpg.jpg","contentUrl":"https:\/\/www.pause-au-naturelle.com\/wp-content\/uploads\/2021\/02\/bella-jpg.jpg","width":500,"height":500},{"@type":"BreadcrumbList","@id":"https:\/\/www.pause-au-naturelle.com\/produit\/spray-textile-bella-250ml-rp-parfums\/#breadcrumb","itemListElement":[{"@type":"ListItem","position":1,"name":"Boutique","item":"https:\/\/www.pause-au-naturelle.com\/boutique\/"},{"@type":"ListItem","position":2,"name":"Spray textile Bella 250ml &#8211; Rp Parfums"}]},{"@type":"WebSite","@id":"https:\/\/www.pause-au-naturelle.com\/#website","url":"https:\/\/www.pause-au-naturelle.com\/","name":"Pausa en la naturaleza","description":"","publisher":{"@id":"https:\/\/www.pause-au-naturelle.com\/#organization"},"potentialAction":[{"@type":"SearchAction","target":{"@type":"EntryPoint","urlTemplate":"https:\/\/www.pause-au-naturelle.com\/?s={search_term_string}"},"query-input":{"@type":"PropertyValueSpecification","valueRequired":true,"valueName":"search_term_string"}}],"inLanguage":"es"},{"@type":"Organization","@id":"https:\/\/www.pause-au-naturelle.com\/#organization","name":"Pausa al aire libre","url":"https:\/\/www.pause-au-naturelle.com\/","logo":{"@type":"ImageObject","inLanguage":"es","@id":"https:\/\/www.pause-au-naturelle.com\/#\/schema\/logo\/image\/","url":"https:\/\/www.pause-au-naturelle.com\/wp-content\/uploads\/2020\/06\/logo.png","contentUrl":"https:\/\/www.pause-au-naturelle.com\/wp-content\/uploads\/2020\/06\/logo.png","width":250,"height":250,"caption":"Pause au naturelle"},"image":{"@id":"https:\/\/www.pause-au-naturelle.com\/#\/schema\/logo\/image\/"}}]}},"_links":{"self":[{"href":"https:\/\/www.pause-au-naturelle.com\/es\/wp-json\/wp\/v2\/product\/7455","targetHints":{"allow":["GET"]}}],"collection":[{"href":"https:\/\/www.pause-au-naturelle.com\/es\/wp-json\/wp\/v2\/product"}],"about":[{"href":"https:\/\/www.pause-au-naturelle.com\/es\/wp-json\/wp\/v2\/types\/product"}],"wp:featuredmedia":[{"embeddable":true,"href":"https:\/\/www.pause-au-naturelle.com\/es\/wp-json\/wp\/v2\/media\/7456"}],"wp:attachment":[{"href":"https:\/\/www.pause-au-naturelle.com\/es\/wp-json\/wp\/v2\/media?parent=7455"}],"wp:term":[{"taxonomy":"product_brand","embeddable":true,"href":"https:\/\/www.pause-au-naturelle.com\/es\/wp-json\/wp\/v2\/product_brand?post=7455"},{"taxonomy":"product_cat","embeddable":true,"href":"https:\/\/www.pause-au-naturelle.com\/es\/wp-json\/wp\/v2\/product_cat?post=7455"},{"taxonomy":"product_tag","embeddable":true,"href":"https:\/\/www.pause-au-naturelle.com\/es\/wp-json\/wp\/v2\/product_tag?post=7455"}],"curies":[{"name":"wp","href":"https:\/\/api.w.org\/{rel}","templated":true}]}}