{"id":7666,"date":"2021-02-28T16:24:57","date_gmt":"2021-02-28T16:24:57","guid":{"rendered":"https:\/\/www.pause-au-naturelle.com\/?post_type=product&#038;p=7666"},"modified":"2026-02-10T14:44:39","modified_gmt":"2026-02-10T14:44:39","slug":"capsulas-de-moringa","status":"publish","type":"product","link":"https:\/\/www.pause-au-naturelle.com\/es\/produit\/moringa-gelule\/","title":{"rendered":"60 c\u00e1psulas de moringa en polvo ecol\u00f3gico"},"content":{"rendered":"<p>La planta que queremos describir aqu\u00ed es una planta con unas cualidades realmente extraordinarias. Originaria de las fronteras de la India y el Himalaya, la moringa es conocida desde hace poco en Occidente. Su popularidad y fama en Europa se remonta a los a\u00f1os 90, d\u00e9cada en la que se convirti\u00f3 en imprescindible. Hoy en d\u00eda, tras haber conquistado el mercado, ha adquirido un lugar prestigioso en varios \u00e1mbitos. La fuerza de esta planta se refleja en la pluralidad de beneficios que aporta al organismo. Se consume en forma de polvo, infusi\u00f3n o c\u00e1psulas, y es en este \u00faltimo formato como la comercializamos. Ingerida de esta manera, las <strong>c\u00e1psulas de Moringa<\/strong> est\u00e1n protegidas, dejando que el organismo las apropie por completo.<\/p>\n<p>Por lo tanto, se recomienda su consumo en caso de deficiencia de determinados oligoelementos y minerales.<\/p>\n<h2><strong>Las c\u00e1psulas de moringa: una composici\u00f3n muy rica en nutrientes y minerales.<\/strong><\/h2>\n<p>&nbsp;<\/p>\n<p><em>Moringa Oleifera<\/em> es una planta extremadamente beneficiosa desde el punto de vista nutricional. De hecho, esta planta contiene nada menos que 90 nutrientes diferentes. Las c\u00e1psulas de moringa tambi\u00e9n son muy recomendables como agente antioxidante, ya que contienen 46. Contienen nueve amino\u00e1cidos, entre los que se encuentran:<\/p>\n<ul>\n<li>isoleucina<\/li>\n<li>la leucina<\/li>\n<li>la lipina<\/li>\n<li>fenilalanina<\/li>\n<li>la metionina<\/li>\n<li>treonina.<\/li>\n<\/ul>\n<p>Esta planta tambi\u00e9n est\u00e1 muy enriquecida con una gran variedad de minerales. Entre ellos se encuentran: <strong>calcio<\/strong>, el <strong>potasio<\/strong>, el <strong>magnesio <\/strong>y el <strong>hierro<\/strong> como tantas fuentes de potenciales diferentes. Su composici\u00f3n en <strong>vitaminas\u00a0<\/strong>tambi\u00e9n es importante. Contiene vitaminas A, B, C, E y K, as\u00ed como manganeso, lo que la convierte en una planta excepcional.<\/p>\n<h3><strong>Comparaci\u00f3n con otros alimentos naturales<\/strong><\/h3>\n<p>&nbsp;<\/p>\n<p>Tenga en cuenta que, cuando est\u00e1n frescas, las hojas de <em>Moringa Oleifera<\/em> contienen\u00a0<strong>siete veces m\u00e1s vitamina C que las naranjas<\/strong>. Tambi\u00e9n son <strong>cuatro veces m\u00e1s alto en contenido de vitamina A que las zanahorias<\/strong>. Este valor es id\u00e9ntico en lo que respecta al contenido de calcio presente en la leche. Cabe se\u00f1alar que las c\u00e1psulas de moringa son <strong>incluso superiores a la espirulina en calcio<\/strong>. Tomemos ahora el ejemplo del pl\u00e1tano, una fruta conocida por su alto contenido en potasio. Aqu\u00ed\u00a0 <em>Moringa Oleifera<\/em> la supera tres veces. Adem\u00e1s, cabe destacar que sus prote\u00ednas son de gran calidad. Esto le confiere un alto valor energ\u00e9tico, acorde con las necesidades energ\u00e9ticas de los deportistas. En cuanto al magnesio, \u00a1ya no es necesario buscarlo en el chocolate! Efectivamente, las<strong> c\u00e1psulas de<\/strong><strong>Moringa <\/strong>\u00a1Ofrecen lo mismo y sin riesgo para tu salud! Lo mismo ocurre con el hierro. Aqu\u00ed encontramos la misma cantidad de hierro que en <em>Moringa oleifera<\/em> que en la carne de vacuno o las lentejas.<\/p>\n<h3><strong>M\u00e9todo de fabricaci\u00f3n de las c\u00e1psulas de Moringa Oleifera<\/strong><\/h3>\n<p>&nbsp;<\/p>\n<p>Nuestras c\u00e1psulas de moringa est\u00e1n compuestas por un polvo deshidratado recubierto de una materia gelatinosa de origen vegetal. Este polvo con sabor a clorofila ha sido deshidratado para obtener el m\u00e1ximo rendimiento de sus macro y micronutrientes. Solo la vitamina C disminuye durante este proceso.<\/p>\n<h2><strong>Una planta fundamental en los programas alimentarios durante los periodos de escasez<\/strong><\/h2>\n<p>&nbsp;<\/p>\n<p>Desde el punto de vista nutricional, la hoja de <strong>Moringa <\/strong>se ha convertido en una referencia desde hace varias d\u00e9cadas para las organizaciones no gubernamentales. Constituye un  \u00bbsuperalimento\u00bb cuyas hojas son muy apreciadas, especialmente en el continente africano. La investigaci\u00f3n en ingenier\u00eda agroalimentaria lo ha convertido en uno de sus centros de estudio. El <strong>La moringa se utiliza para combatir la malnutrici\u00f3n en todo el mundo.<\/strong>. Para los ni\u00f1os, permite un crecimiento muy armonioso, en perfecto equilibrio y bienestar. Los adultos, por su parte, lo encuentran beneficioso para reforzar su sistema inmunitario y como fuente de energ\u00eda. Las personas de la tercera edad compensan as\u00ed sus carencias nutricionales.<\/p>\n<p>Por su efecto galactog\u00e9nico, es un excelente medio para producir leche para las mujeres en periodo de lactancia. Tambi\u00e9n tiene un potencial antiestr\u00e9s, seg\u00fan se concluy\u00f3 en un estudio realizado en 2011. Este estudio llega a esta conclusi\u00f3n tanto a nivel \u2018in vitro\u00bb como \u00bbin vivo\u00bb. Otro estudio realizado en 2018 demuestra los efectos beneficiosos de esta planta, que trata varias dolencias. Por lo tanto, tiene la capacidad de combatir resfriados, fiebres, diarreas, algunas patolog\u00edas cut\u00e1neas y dolores. El poder antiinflamatorio que encierra la planta abre perspectivas medicinales.<\/p>\n<p>Otro estudio, el Moringa Genus, fue m\u00e1s all\u00e1. Sugiere que podr\u00eda combatir las c\u00e9lulas cancer\u00edgenas destruyendo su multiplicaci\u00f3n.<\/p>\n<p>Para las personas con diabetes, se recomienda consumir una cucharada sopera al d\u00eda, o bien 8 gramos de polvo de hojas.<\/p>\n<h3><strong>Descripci\u00f3n de la planta en su estado natural<\/strong><\/h3>\n<p>&nbsp;<\/p>\n<p><em>Moringa Oleifera, Moringa<\/em> o <em>ben alado<\/em>. Estos son los diferentes nombres con los que se conoce a esta planta. En franc\u00e9s se llama N\u00e9verdier, un nombre que parece ser un pr\u00e9stamo del ingl\u00e9s. De origen asi\u00e1tico, se export\u00f3 para su plantaci\u00f3n a \u00c1frica y a pa\u00edses tropicales, donde se adapt\u00f3 muy bien. Esta planta mel\u00edfera, muy resistente a la sequ\u00eda, puede alcanzar una altura de hasta 10 o incluso 12 metros. Su follaje es caducifolio y su corteza est\u00e1 recubierta de corcho. Este \u00e1rbol tiene ramas delgadas y fr\u00e1giles y hojas parecidas a plumas. Por \u00faltimo, las flores que produce son arom\u00e1ticas.<\/p>\n<p>&nbsp;<\/p>\n<p>M\u00e1s de diez especies est\u00e1n relacionadas con el <em>Moringa<\/em> pero es el <em>Moringa Oleifera<\/em> que se utiliza ampliamente para su explotaci\u00f3n. Este \u00e1rbol crece muy r\u00e1pidamente, ya que en solo tres a seis meses es posible cosechar sus hojas. Hay que esperar un a\u00f1o y medio para poder cosechar sus frutos. Adem\u00e1s, el arbusto necesita muy poca agua, lo que facilita su cultivo en regiones que sufren un estr\u00e9s h\u00eddrico pronunciado.<\/p>\n<h4><strong>Pr\u00e1cticas culinarias y usos diversos<\/strong><\/h4>\n<p>&nbsp;<\/p>\n<p>En la India, a la poblaci\u00f3n local le gusta consumir sus frutos, mientras que en \u00c1frica se aprecian sus hojas en la cocina. Cabe se\u00f1alar que este producto se extrae de las hojas y no de los frutos. Son tambi\u00e9n las hojas las que presentan un mayor inter\u00e9s en la lucha contra la malnutrici\u00f3n, ya que son muy nutritivas. Por ello, algunas asociaciones como UNICEF o Acci\u00f3n contra el Hambre han introducido el <em>Moringa <\/em>en su programa. Seg\u00fan Armelle De Saint Sauveur, ingeniera especializada en investigaci\u00f3n agroalimentaria, la <em>Moringa Oleifera<\/em>\u00a0 ;<\/p>\n<p><em>\u00a0\u00bbContiene todo lo que necesitamos, lo cual es bastante raro en una planta, excepto la vitamina B12\u00bb.\u00bb<\/em><\/p>\n<p>&nbsp;<\/p>\n<p>&nbsp;<\/p>","protected":false},"excerpt":{"rendered":"<p>La plante dont nous tenons \u00e0 accomplir la description ici, est une plante aux attraits r\u00e9ellement formidables. Originaire des confins de l&rsquo;Inde et de l&rsquo;Himalaya, le moringa est connu depuis peu en Occident. Sa popularit\u00e9 et sa c\u00e9l\u00e9brit\u00e9 en Europe remonte aux ann\u00e9es 90, d\u00e9cennie o\u00f9 elle est devenue incontournable. Aujourd&rsquo;hui, en ayant conquis le [&#8230;]\n","protected":false},"featured_media":7669,"template":"","meta":[],"product_brand":[],"product_cat":[80],"product_tag":[],"class_list":{"0":"post-7666","1":"product","2":"type-product","3":"status-publish","4":"has-post-thumbnail","6":"product_cat-epicerie-marocaine-en-ligne","8":"first","9":"instock","10":"shipping-taxable","11":"purchasable","12":"product-type-simple"},"yoast_head":"<!-- This site is optimized with the Yoast SEO plugin v27.3 - https:\/\/yoast.com\/product\/yoast-seo-wordpress\/ -->\n<title>60 g\u00e9lules de moringa en poudre bio | Pause-au-naturelle.com<\/title>\n<meta name=\"description\" content=\"Gr\u00e2ce \u00e0 une myriade de min\u00e9raux et nutriments, les g\u00e9lules de moringa couvrent diverses carences nutritionnels (fer,potassium,calcium...)\" \/>\n<meta name=\"robots\" content=\"index, follow, max-snippet:-1, max-image-preview:large, max-video-preview:-1\" \/>\n<link rel=\"canonical\" href=\"https:\/\/www.pause-au-naturelle.com\/es\/producto\/capsulas-de-moringa\/\" \/>\n<meta property=\"og:locale\" content=\"es_ES\" \/>\n<meta property=\"og:type\" content=\"article\" \/>\n<meta property=\"og:title\" content=\"60 g\u00e9lules de moringa en poudre bio | Pause-au-naturelle.com\" \/>\n<meta property=\"og:description\" content=\"Gr\u00e2ce \u00e0 une myriade de min\u00e9raux et nutriments, les g\u00e9lules de moringa couvrent diverses carences nutritionnels (fer,potassium,calcium...)\" \/>\n<meta property=\"og:url\" content=\"https:\/\/www.pause-au-naturelle.com\/es\/producto\/capsulas-de-moringa\/\" \/>\n<meta property=\"og:site_name\" content=\"Pause au Naturelle\" \/>\n<meta property=\"article:modified_time\" content=\"2026-02-10T14:44:39+00:00\" \/>\n<meta property=\"og:image\" content=\"https:\/\/www.pause-au-naturelle.com\/wp-content\/uploads\/2021\/03\/gelules-de-poudre-de-moringa.jpg\" \/>\n\t<meta property=\"og:image:width\" content=\"600\" \/>\n\t<meta property=\"og:image:height\" content=\"600\" \/>\n\t<meta property=\"og:image:type\" content=\"image\/jpeg\" \/>\n<meta name=\"twitter:card\" content=\"summary_large_image\" \/>\n<meta name=\"twitter:label1\" content=\"Tiempo de lectura\" \/>\n\t<meta name=\"twitter:data1\" content=\"5 minutos\" \/>\n<script type=\"application\/ld+json\" class=\"yoast-schema-graph\">{\"@context\":\"https:\\\/\\\/schema.org\",\"@graph\":[{\"@type\":\"WebPage\",\"@id\":\"https:\\\/\\\/www.pause-au-naturelle.com\\\/produit\\\/moringa-gelule\\\/\",\"url\":\"https:\\\/\\\/www.pause-au-naturelle.com\\\/produit\\\/moringa-gelule\\\/\",\"name\":\"60 g\u00e9lules de moringa en poudre bio | Pause-au-naturelle.com\",\"isPartOf\":{\"@id\":\"https:\\\/\\\/www.pause-au-naturelle.com\\\/#website\"},\"primaryImageOfPage\":{\"@id\":\"https:\\\/\\\/www.pause-au-naturelle.com\\\/produit\\\/moringa-gelule\\\/#primaryimage\"},\"image\":{\"@id\":\"https:\\\/\\\/www.pause-au-naturelle.com\\\/produit\\\/moringa-gelule\\\/#primaryimage\"},\"thumbnailUrl\":\"https:\\\/\\\/www.pause-au-naturelle.com\\\/wp-content\\\/uploads\\\/2021\\\/03\\\/gelules-de-poudre-de-moringa.jpg\",\"datePublished\":\"2021-02-28T16:24:57+00:00\",\"dateModified\":\"2026-02-10T14:44:39+00:00\",\"description\":\"Gr\u00e2ce \u00e0 une myriade de min\u00e9raux et nutriments, les g\u00e9lules de moringa couvrent diverses carences nutritionnels (fer,potassium,calcium...)\",\"breadcrumb\":{\"@id\":\"https:\\\/\\\/www.pause-au-naturelle.com\\\/produit\\\/moringa-gelule\\\/#breadcrumb\"},\"inLanguage\":\"es\",\"potentialAction\":[{\"@type\":\"ReadAction\",\"target\":[\"https:\\\/\\\/www.pause-au-naturelle.com\\\/produit\\\/moringa-gelule\\\/\"]}]},{\"@type\":\"ImageObject\",\"inLanguage\":\"es\",\"@id\":\"https:\\\/\\\/www.pause-au-naturelle.com\\\/produit\\\/moringa-gelule\\\/#primaryimage\",\"url\":\"https:\\\/\\\/www.pause-au-naturelle.com\\\/wp-content\\\/uploads\\\/2021\\\/03\\\/gelules-de-poudre-de-moringa.jpg\",\"contentUrl\":\"https:\\\/\\\/www.pause-au-naturelle.com\\\/wp-content\\\/uploads\\\/2021\\\/03\\\/gelules-de-poudre-de-moringa.jpg\",\"width\":600,\"height\":600,\"caption\":\"g\u00e9lules de moringa en poudre | Nigelle Source\"},{\"@type\":\"BreadcrumbList\",\"@id\":\"https:\\\/\\\/www.pause-au-naturelle.com\\\/produit\\\/moringa-gelule\\\/#breadcrumb\",\"itemListElement\":[{\"@type\":\"ListItem\",\"position\":1,\"name\":\"Boutique\",\"item\":\"https:\\\/\\\/www.pause-au-naturelle.com\\\/boutique\\\/\"},{\"@type\":\"ListItem\",\"position\":2,\"name\":\"60 g\u00e9lules de moringa en poudre bio\"}]},{\"@type\":\"WebSite\",\"@id\":\"https:\\\/\\\/www.pause-au-naturelle.com\\\/#website\",\"url\":\"https:\\\/\\\/www.pause-au-naturelle.com\\\/\",\"name\":\"Pause au Naturelle\",\"description\":\"\",\"publisher\":{\"@id\":\"https:\\\/\\\/www.pause-au-naturelle.com\\\/#organization\"},\"potentialAction\":[{\"@type\":\"SearchAction\",\"target\":{\"@type\":\"EntryPoint\",\"urlTemplate\":\"https:\\\/\\\/www.pause-au-naturelle.com\\\/?s={search_term_string}\"},\"query-input\":{\"@type\":\"PropertyValueSpecification\",\"valueRequired\":true,\"valueName\":\"search_term_string\"}}],\"inLanguage\":\"es\"},{\"@type\":\"Organization\",\"@id\":\"https:\\\/\\\/www.pause-au-naturelle.com\\\/#organization\",\"name\":\"Pause au naturelle\",\"url\":\"https:\\\/\\\/www.pause-au-naturelle.com\\\/\",\"logo\":{\"@type\":\"ImageObject\",\"inLanguage\":\"es\",\"@id\":\"https:\\\/\\\/www.pause-au-naturelle.com\\\/#\\\/schema\\\/logo\\\/image\\\/\",\"url\":\"https:\\\/\\\/www.pause-au-naturelle.com\\\/wp-content\\\/uploads\\\/2020\\\/06\\\/logo.png\",\"contentUrl\":\"https:\\\/\\\/www.pause-au-naturelle.com\\\/wp-content\\\/uploads\\\/2020\\\/06\\\/logo.png\",\"width\":250,\"height\":250,\"caption\":\"Pause au naturelle\"},\"image\":{\"@id\":\"https:\\\/\\\/www.pause-au-naturelle.com\\\/#\\\/schema\\\/logo\\\/image\\\/\"}}]}<\/script>\n<!-- \/ Yoast SEO plugin. -->","yoast_head_json":{"title":"60 c\u00e1psulas de moringa en polvo ecol\u00f3gico | Pause-au-naturelle.com","description":"Gracias a su gran variedad de minerales y nutrientes, las c\u00e1psulas de moringa cubren diversas carencias nutricionales (hierro, potasio, calcio, etc.).","robots":{"index":"index","follow":"follow","max-snippet":"max-snippet:-1","max-image-preview":"max-image-preview:large","max-video-preview":"max-video-preview:-1"},"canonical":"https:\/\/www.pause-au-naturelle.com\/es\/producto\/capsulas-de-moringa\/","og_locale":"es_ES","og_type":"article","og_title":"60 g\u00e9lules de moringa en poudre bio | Pause-au-naturelle.com","og_description":"Gr\u00e2ce \u00e0 une myriade de min\u00e9raux et nutriments, les g\u00e9lules de moringa couvrent diverses carences nutritionnels (fer,potassium,calcium...)","og_url":"https:\/\/www.pause-au-naturelle.com\/es\/producto\/capsulas-de-moringa\/","og_site_name":"Pause au Naturelle","article_modified_time":"2026-02-10T14:44:39+00:00","og_image":[{"width":600,"height":600,"url":"https:\/\/www.pause-au-naturelle.com\/wp-content\/uploads\/2021\/03\/gelules-de-poudre-de-moringa.jpg","type":"image\/jpeg"}],"twitter_card":"summary_large_image","twitter_misc":{"Tiempo de lectura":"5 minutos"},"schema":{"@context":"https:\/\/schema.org","@graph":[{"@type":"WebPage","@id":"https:\/\/www.pause-au-naturelle.com\/produit\/moringa-gelule\/","url":"https:\/\/www.pause-au-naturelle.com\/produit\/moringa-gelule\/","name":"60 c\u00e1psulas de moringa en polvo ecol\u00f3gico | Pause-au-naturelle.com","isPartOf":{"@id":"https:\/\/www.pause-au-naturelle.com\/#website"},"primaryImageOfPage":{"@id":"https:\/\/www.pause-au-naturelle.com\/produit\/moringa-gelule\/#primaryimage"},"image":{"@id":"https:\/\/www.pause-au-naturelle.com\/produit\/moringa-gelule\/#primaryimage"},"thumbnailUrl":"https:\/\/www.pause-au-naturelle.com\/wp-content\/uploads\/2021\/03\/gelules-de-poudre-de-moringa.jpg","datePublished":"2021-02-28T16:24:57+00:00","dateModified":"2026-02-10T14:44:39+00:00","description":"Gracias a su gran variedad de minerales y nutrientes, las c\u00e1psulas de moringa cubren diversas carencias nutricionales (hierro, potasio, calcio, etc.).","breadcrumb":{"@id":"https:\/\/www.pause-au-naturelle.com\/produit\/moringa-gelule\/#breadcrumb"},"inLanguage":"es","potentialAction":[{"@type":"ReadAction","target":["https:\/\/www.pause-au-naturelle.com\/produit\/moringa-gelule\/"]}]},{"@type":"ImageObject","inLanguage":"es","@id":"https:\/\/www.pause-au-naturelle.com\/produit\/moringa-gelule\/#primaryimage","url":"https:\/\/www.pause-au-naturelle.com\/wp-content\/uploads\/2021\/03\/gelules-de-poudre-de-moringa.jpg","contentUrl":"https:\/\/www.pause-au-naturelle.com\/wp-content\/uploads\/2021\/03\/gelules-de-poudre-de-moringa.jpg","width":600,"height":600,"caption":"g\u00e9lules de moringa en poudre | Nigelle Source"},{"@type":"BreadcrumbList","@id":"https:\/\/www.pause-au-naturelle.com\/produit\/moringa-gelule\/#breadcrumb","itemListElement":[{"@type":"ListItem","position":1,"name":"Boutique","item":"https:\/\/www.pause-au-naturelle.com\/boutique\/"},{"@type":"ListItem","position":2,"name":"60 g\u00e9lules de moringa en poudre bio"}]},{"@type":"WebSite","@id":"https:\/\/www.pause-au-naturelle.com\/#website","url":"https:\/\/www.pause-au-naturelle.com\/","name":"Pausa en la naturaleza","description":"","publisher":{"@id":"https:\/\/www.pause-au-naturelle.com\/#organization"},"potentialAction":[{"@type":"SearchAction","target":{"@type":"EntryPoint","urlTemplate":"https:\/\/www.pause-au-naturelle.com\/?s={search_term_string}"},"query-input":{"@type":"PropertyValueSpecification","valueRequired":true,"valueName":"search_term_string"}}],"inLanguage":"es"},{"@type":"Organization","@id":"https:\/\/www.pause-au-naturelle.com\/#organization","name":"Pausa al aire libre","url":"https:\/\/www.pause-au-naturelle.com\/","logo":{"@type":"ImageObject","inLanguage":"es","@id":"https:\/\/www.pause-au-naturelle.com\/#\/schema\/logo\/image\/","url":"https:\/\/www.pause-au-naturelle.com\/wp-content\/uploads\/2020\/06\/logo.png","contentUrl":"https:\/\/www.pause-au-naturelle.com\/wp-content\/uploads\/2020\/06\/logo.png","width":250,"height":250,"caption":"Pause au naturelle"},"image":{"@id":"https:\/\/www.pause-au-naturelle.com\/#\/schema\/logo\/image\/"}}]}},"_links":{"self":[{"href":"https:\/\/www.pause-au-naturelle.com\/es\/wp-json\/wp\/v2\/product\/7666","targetHints":{"allow":["GET"]}}],"collection":[{"href":"https:\/\/www.pause-au-naturelle.com\/es\/wp-json\/wp\/v2\/product"}],"about":[{"href":"https:\/\/www.pause-au-naturelle.com\/es\/wp-json\/wp\/v2\/types\/product"}],"wp:featuredmedia":[{"embeddable":true,"href":"https:\/\/www.pause-au-naturelle.com\/es\/wp-json\/wp\/v2\/media\/7669"}],"wp:attachment":[{"href":"https:\/\/www.pause-au-naturelle.com\/es\/wp-json\/wp\/v2\/media?parent=7666"}],"wp:term":[{"taxonomy":"product_brand","embeddable":true,"href":"https:\/\/www.pause-au-naturelle.com\/es\/wp-json\/wp\/v2\/product_brand?post=7666"},{"taxonomy":"product_cat","embeddable":true,"href":"https:\/\/www.pause-au-naturelle.com\/es\/wp-json\/wp\/v2\/product_cat?post=7666"},{"taxonomy":"product_tag","embeddable":true,"href":"https:\/\/www.pause-au-naturelle.com\/es\/wp-json\/wp\/v2\/product_tag?post=7666"}],"curies":[{"name":"wp","href":"https:\/\/api.w.org\/{rel}","templated":true}]}}