{"id":8012,"date":"2021-05-17T16:00:23","date_gmt":"2021-05-17T16:00:23","guid":{"rendered":"https:\/\/www.pause-au-naturelle.com\/?post_type=product&#038;p=8012"},"modified":"2024-12-16T07:54:24","modified_gmt":"2024-12-16T07:54:24","slug":"jabon-de-almizcle-negro-125-g-coleccion-karamat","status":"publish","type":"product","link":"https:\/\/www.pause-au-naturelle.com\/es\/produit\/savon-musc-noir-125g-karamat-collection\/","title":{"rendered":"Jab\u00f3n de almizcle negro 125 g \u2013 Karamat Collection"},"content":{"rendered":"<p>El\u00a0<strong>jab\u00f3n Musc Noir<\/strong>\u00a0es un producto de belleza que est\u00e1 ganando popularidad gracias a sus numerosas propiedades beneficiosas para la piel. Elaborado a partir de ingredientes naturales y beneficiosos, proporciona una sensaci\u00f3n de frescor y suavidad despu\u00e9s de cada uso. En este art\u00edculo, le presentamos las excepcionales caracter\u00edsticas de este jab\u00f3n y c\u00f3mo incorporarlo a su rutina de cuidado personal.<\/p>\n<h2><strong>Los beneficios del jab\u00f3n de almizcle negro para la piel<\/strong><\/h2>\n<p>El jab\u00f3n Musc Noir tiene m\u00faltiples beneficios para la salud y la belleza de la piel:<\/p>\n<ul>\n<li>\u00c9l\u00a0<strong>limpia<\/strong>\u00a0en profundidad gracias a su composici\u00f3n a base de aceites vegetales y extractos naturales.<\/li>\n<li>Gracias a las propiedades hidratantes de sus ingredientes, ayuda a\u00a0<strong>alimentar y proteger<\/strong>\u00a0la piel contra la sequedad y las agresiones externas.<\/li>\n<li>Ofrece un aroma delicado y sutil de\u00a0<strong>almizcle negro<\/strong>, que proporciona una agradable sensaci\u00f3n de limpieza y frescura.<\/li>\n<li>Su f\u00f3rmula suave es adecuada para todo tipo de pieles, incluidas las m\u00e1s sensibles y reactivas.<\/li>\n<\/ul>\n<p>El jab\u00f3n Musc Noir contiene activos naturales y nobles que marcan la diferencia en tu piel:<\/p>\n<ul>\n<li>El\u2019<strong>aceite de oliva<\/strong>, rico en antioxidantes, vitaminas y \u00e1cidos grasos esenciales, hidrata y nutre la piel al tiempo que preserva su pel\u00edcula hidrolip\u00eddica.<\/li>\n<li>El\u2019<strong>aceite de coco<\/strong>\u00a0Tiene propiedades nutritivas, suavizantes y calmantes. Tambi\u00e9n es conocida por sus poderes antibacterianos y antif\u00fangicos, que ayudan a combatir las infecciones cut\u00e1neas.<\/li>\n<li>El\u00a0<a href=\"https:\/\/www.pause-au-naturelle.com\/es\/producto\/manteca-de-karite-ecologica\/\"><strong>manteca de karit\u00e9<\/strong><\/a>\u00a0Es conocido por sus propiedades nutritivas, protectoras y reparadoras. Aporta un confort excepcional a las pieles secas y sensibles.<\/li>\n<li>La\u00a0<strong>glicerina vegetal<\/strong>\u00a0Favorece la hidrataci\u00f3n y la regeneraci\u00f3n de las c\u00e9lulas cut\u00e1neas, para una piel m\u00e1s suave y flexible.<\/li>\n<\/ul>\n<h2><strong>\u00bfC\u00f3mo usar el jab\u00f3n aswad a diario?<\/strong><\/h2>\n<p>Hacer del jab\u00f3n Musc Noir un aliado de belleza diario es sencillo y agradable. Aqu\u00ed tienes algunos consejos para integrar este producto natural en tu rutina:<\/p>\n<ul>\n<li><strong>Para el rostro<\/strong><\/li>\n<\/ul>\n<p>Primero, huele el embriagador aroma del jab\u00f3n Musc Noir para disfrutar de su fragancia fresca y sutil. A continuaci\u00f3n, humedezca las manos y fr\u00f3telas con el jab\u00f3n para crear una espuma cremosa y delicada. Aplique esta espuma sobre el rostro previamente humedecido, evitando el contorno de los ojos. Masajee suavemente con las yemas de los dedos para limpiar bien la piel y, a continuaci\u00f3n, aclare abundantemente con agua tibia. \u00a1Su rostro quedar\u00e1 limpio, fresco y perfumado!<\/p>\n<ul>\n<li><strong>Para el cuerpo<\/strong><\/li>\n<\/ul>\n<p>Utiliza el jab\u00f3n Musc Noir como un gel de ducha tradicional, haciendo espuma sobre la piel h\u00fameda con las manos o con una esponja. Se forma entonces una textura rica y aterciopelada que elimina suavemente las impurezas y las c\u00e9lulas muertas acumuladas en la superficie de la piel. A continuaci\u00f3n, aclara bien bajo la ducha para disfrutar plenamente de sus efectos beneficiosos y de su embriagador aroma.<\/p>\n<ul>\n<li><strong>Para un momento de relajaci\u00f3n<\/strong><\/li>\n<\/ul>\n<p>Darse un ba\u00f1o de espuma con el jab\u00f3n Musc Noir es una aut\u00e9ntica experiencia sensorial. Prepare un ba\u00f1o caliente y a\u00f1ada unas virutas de jab\u00f3n para crear un agua perfumada y envolvente. Sum\u00e9rgete en este relajante ba\u00f1o y d\u00e9jate llevar por las fragancias del almizcle negro, que perfuman la habitaci\u00f3n y te transportan a un universo de serenidad y bienestar. Este ritual de cuidado personal es ideal para cuidar la piel y recargar energ\u00edas despu\u00e9s de un d\u00eda estresante.<\/p>\n<h3><strong>D\u00e9jese seducir por el jab\u00f3n Musc Aswad: un placer natural para todos los sentidos.<\/strong><\/h3>\n<p>No lo dude m\u00e1s y elija el jab\u00f3n Musc Noir para vivir una experiencia \u00fanica de bienestar y sensorialidad, al tiempo que cuida su piel. Su delicioso aroma y su textura fundente le proporcionar\u00e1n un valioso descanso de belleza cada d\u00eda, para un ritual revitalizante y suave para su piel. D\u00e9jese seducir por este tesoro de frescura y refinamiento, que revelar\u00e1 la belleza y el brillo de su cutis d\u00eda tras d\u00eda.<\/p>","protected":false},"excerpt":{"rendered":"<p>Le\u00a0savon Musc Noir\u00a0est un produit de beaut\u00e9 qui gagne en popularit\u00e9 gr\u00e2ce \u00e0 ses nombreuses vertus pour la peau. Fabriqu\u00e9 \u00e0 partir d&rsquo;ingr\u00e9dients naturels et b\u00e9n\u00e9fiques, il apporte une sensation de fra\u00eecheur et de douceur apr\u00e8s chaque utilisation. Dans cet article, nous vous pr\u00e9sentons les caract\u00e9ristiques exceptionnelles de ce savon et comment l&rsquo;int\u00e9grer dans votre [&#8230;]\n","protected":false},"featured_media":8013,"template":"","meta":[],"product_brand":[],"product_cat":[61],"product_tag":[],"class_list":{"0":"post-8012","1":"product","2":"type-product","3":"status-publish","4":"has-post-thumbnail","6":"product_cat-beaute-hygiene","8":"first","9":"outofstock","10":"shipping-taxable","11":"purchasable","12":"product-type-simple"},"yoast_head":"<!-- This site is optimized with the Yoast SEO plugin v27.3 - https:\/\/yoast.com\/product\/yoast-seo-wordpress\/ -->\n<title>Savon musc noir 125g | Bienfaits nombreux | Karamat Collection<\/title>\n<meta name=\"description\" content=\"Le\u00a0savon Musc Noir\u00a0est un produit de beaut\u00e9 qui gagne en popularit\u00e9 gr\u00e2ce \u00e0 ses nombreuses vertus pour la peau. Adoptez-le !\" \/>\n<meta name=\"robots\" content=\"index, follow, max-snippet:-1, max-image-preview:large, max-video-preview:-1\" \/>\n<link rel=\"canonical\" href=\"https:\/\/www.pause-au-naturelle.com\/es\/producto\/jabon-de-almizcle-negro-125-g-coleccion-karamat\/\" \/>\n<meta property=\"og:locale\" content=\"es_ES\" \/>\n<meta property=\"og:type\" content=\"article\" \/>\n<meta property=\"og:title\" content=\"Savon musc noir 125g | Bienfaits nombreux | Karamat Collection\" \/>\n<meta property=\"og:description\" content=\"Le\u00a0savon Musc Noir\u00a0est un produit de beaut\u00e9 qui gagne en popularit\u00e9 gr\u00e2ce \u00e0 ses nombreuses vertus pour la peau. Adoptez-le !\" \/>\n<meta property=\"og:url\" content=\"https:\/\/www.pause-au-naturelle.com\/es\/producto\/jabon-de-almizcle-negro-125-g-coleccion-karamat\/\" \/>\n<meta property=\"og:site_name\" content=\"Pause au Naturelle\" \/>\n<meta property=\"article:modified_time\" content=\"2024-12-16T07:54:24+00:00\" \/>\n<meta property=\"og:image\" content=\"https:\/\/www.pause-au-naturelle.com\/wp-content\/uploads\/2021\/05\/savon-musk-noir-karamat.jpg\" \/>\n\t<meta property=\"og:image:width\" content=\"600\" \/>\n\t<meta property=\"og:image:height\" content=\"600\" \/>\n\t<meta property=\"og:image:type\" content=\"image\/jpeg\" \/>\n<meta name=\"twitter:card\" content=\"summary_large_image\" \/>\n<meta name=\"twitter:label1\" content=\"Tiempo de lectura\" \/>\n\t<meta name=\"twitter:data1\" content=\"3 minutos\" \/>\n<script type=\"application\/ld+json\" class=\"yoast-schema-graph\">{\"@context\":\"https:\\\/\\\/schema.org\",\"@graph\":[{\"@type\":\"WebPage\",\"@id\":\"https:\\\/\\\/www.pause-au-naturelle.com\\\/produit\\\/savon-musc-noir-125g-karamat-collection\\\/\",\"url\":\"https:\\\/\\\/www.pause-au-naturelle.com\\\/produit\\\/savon-musc-noir-125g-karamat-collection\\\/\",\"name\":\"Savon musc noir 125g | Bienfaits nombreux | Karamat Collection\",\"isPartOf\":{\"@id\":\"https:\\\/\\\/www.pause-au-naturelle.com\\\/#website\"},\"primaryImageOfPage\":{\"@id\":\"https:\\\/\\\/www.pause-au-naturelle.com\\\/produit\\\/savon-musc-noir-125g-karamat-collection\\\/#primaryimage\"},\"image\":{\"@id\":\"https:\\\/\\\/www.pause-au-naturelle.com\\\/produit\\\/savon-musc-noir-125g-karamat-collection\\\/#primaryimage\"},\"thumbnailUrl\":\"https:\\\/\\\/www.pause-au-naturelle.com\\\/wp-content\\\/uploads\\\/2021\\\/05\\\/savon-musk-noir-karamat.jpg\",\"datePublished\":\"2021-05-17T16:00:23+00:00\",\"dateModified\":\"2024-12-16T07:54:24+00:00\",\"description\":\"Le\u00a0savon Musc Noir\u00a0est un produit de beaut\u00e9 qui gagne en popularit\u00e9 gr\u00e2ce \u00e0 ses nombreuses vertus pour la peau. Adoptez-le !\",\"breadcrumb\":{\"@id\":\"https:\\\/\\\/www.pause-au-naturelle.com\\\/produit\\\/savon-musc-noir-125g-karamat-collection\\\/#breadcrumb\"},\"inLanguage\":\"es\",\"potentialAction\":[{\"@type\":\"ReadAction\",\"target\":[\"https:\\\/\\\/www.pause-au-naturelle.com\\\/produit\\\/savon-musc-noir-125g-karamat-collection\\\/\"]}]},{\"@type\":\"ImageObject\",\"inLanguage\":\"es\",\"@id\":\"https:\\\/\\\/www.pause-au-naturelle.com\\\/produit\\\/savon-musc-noir-125g-karamat-collection\\\/#primaryimage\",\"url\":\"https:\\\/\\\/www.pause-au-naturelle.com\\\/wp-content\\\/uploads\\\/2021\\\/05\\\/savon-musk-noir-karamat.jpg\",\"contentUrl\":\"https:\\\/\\\/www.pause-au-naturelle.com\\\/wp-content\\\/uploads\\\/2021\\\/05\\\/savon-musk-noir-karamat.jpg\",\"width\":600,\"height\":600,\"caption\":\"Savon musc noir 125g - Karamat Collection\"},{\"@type\":\"BreadcrumbList\",\"@id\":\"https:\\\/\\\/www.pause-au-naturelle.com\\\/produit\\\/savon-musc-noir-125g-karamat-collection\\\/#breadcrumb\",\"itemListElement\":[{\"@type\":\"ListItem\",\"position\":1,\"name\":\"Boutique\",\"item\":\"https:\\\/\\\/www.pause-au-naturelle.com\\\/boutique\\\/\"},{\"@type\":\"ListItem\",\"position\":2,\"name\":\"Savon musc noir 125g &#8211; Karamat Collection\"}]},{\"@type\":\"WebSite\",\"@id\":\"https:\\\/\\\/www.pause-au-naturelle.com\\\/#website\",\"url\":\"https:\\\/\\\/www.pause-au-naturelle.com\\\/\",\"name\":\"Pause au Naturelle\",\"description\":\"\",\"publisher\":{\"@id\":\"https:\\\/\\\/www.pause-au-naturelle.com\\\/#organization\"},\"potentialAction\":[{\"@type\":\"SearchAction\",\"target\":{\"@type\":\"EntryPoint\",\"urlTemplate\":\"https:\\\/\\\/www.pause-au-naturelle.com\\\/?s={search_term_string}\"},\"query-input\":{\"@type\":\"PropertyValueSpecification\",\"valueRequired\":true,\"valueName\":\"search_term_string\"}}],\"inLanguage\":\"es\"},{\"@type\":\"Organization\",\"@id\":\"https:\\\/\\\/www.pause-au-naturelle.com\\\/#organization\",\"name\":\"Pause au naturelle\",\"url\":\"https:\\\/\\\/www.pause-au-naturelle.com\\\/\",\"logo\":{\"@type\":\"ImageObject\",\"inLanguage\":\"es\",\"@id\":\"https:\\\/\\\/www.pause-au-naturelle.com\\\/#\\\/schema\\\/logo\\\/image\\\/\",\"url\":\"https:\\\/\\\/www.pause-au-naturelle.com\\\/wp-content\\\/uploads\\\/2020\\\/06\\\/logo.png\",\"contentUrl\":\"https:\\\/\\\/www.pause-au-naturelle.com\\\/wp-content\\\/uploads\\\/2020\\\/06\\\/logo.png\",\"width\":250,\"height\":250,\"caption\":\"Pause au naturelle\"},\"image\":{\"@id\":\"https:\\\/\\\/www.pause-au-naturelle.com\\\/#\\\/schema\\\/logo\\\/image\\\/\"}}]}<\/script>\n<!-- \/ Yoast SEO plugin. -->","yoast_head_json":{"title":"Jab\u00f3n de almizcle negro 125 g | Numerosos beneficios | Karamat Collection","description":"El jab\u00f3n Musc Noir es un producto de belleza que est\u00e1 ganando popularidad gracias a sus numerosas propiedades beneficiosas para la piel. \u00a1Pru\u00e9belo!","robots":{"index":"index","follow":"follow","max-snippet":"max-snippet:-1","max-image-preview":"max-image-preview:large","max-video-preview":"max-video-preview:-1"},"canonical":"https:\/\/www.pause-au-naturelle.com\/es\/producto\/jabon-de-almizcle-negro-125-g-coleccion-karamat\/","og_locale":"es_ES","og_type":"article","og_title":"Savon musc noir 125g | Bienfaits nombreux | Karamat Collection","og_description":"Le\u00a0savon Musc Noir\u00a0est un produit de beaut\u00e9 qui gagne en popularit\u00e9 gr\u00e2ce \u00e0 ses nombreuses vertus pour la peau. Adoptez-le !","og_url":"https:\/\/www.pause-au-naturelle.com\/es\/producto\/jabon-de-almizcle-negro-125-g-coleccion-karamat\/","og_site_name":"Pause au Naturelle","article_modified_time":"2024-12-16T07:54:24+00:00","og_image":[{"width":600,"height":600,"url":"https:\/\/www.pause-au-naturelle.com\/wp-content\/uploads\/2021\/05\/savon-musk-noir-karamat.jpg","type":"image\/jpeg"}],"twitter_card":"summary_large_image","twitter_misc":{"Tiempo de lectura":"3 minutos"},"schema":{"@context":"https:\/\/schema.org","@graph":[{"@type":"WebPage","@id":"https:\/\/www.pause-au-naturelle.com\/produit\/savon-musc-noir-125g-karamat-collection\/","url":"https:\/\/www.pause-au-naturelle.com\/produit\/savon-musc-noir-125g-karamat-collection\/","name":"Jab\u00f3n de almizcle negro 125 g | Numerosos beneficios | Karamat Collection","isPartOf":{"@id":"https:\/\/www.pause-au-naturelle.com\/#website"},"primaryImageOfPage":{"@id":"https:\/\/www.pause-au-naturelle.com\/produit\/savon-musc-noir-125g-karamat-collection\/#primaryimage"},"image":{"@id":"https:\/\/www.pause-au-naturelle.com\/produit\/savon-musc-noir-125g-karamat-collection\/#primaryimage"},"thumbnailUrl":"https:\/\/www.pause-au-naturelle.com\/wp-content\/uploads\/2021\/05\/savon-musk-noir-karamat.jpg","datePublished":"2021-05-17T16:00:23+00:00","dateModified":"2024-12-16T07:54:24+00:00","description":"El jab\u00f3n Musc Noir es un producto de belleza que est\u00e1 ganando popularidad gracias a sus numerosas propiedades beneficiosas para la piel. \u00a1Pru\u00e9belo!","breadcrumb":{"@id":"https:\/\/www.pause-au-naturelle.com\/produit\/savon-musc-noir-125g-karamat-collection\/#breadcrumb"},"inLanguage":"es","potentialAction":[{"@type":"ReadAction","target":["https:\/\/www.pause-au-naturelle.com\/produit\/savon-musc-noir-125g-karamat-collection\/"]}]},{"@type":"ImageObject","inLanguage":"es","@id":"https:\/\/www.pause-au-naturelle.com\/produit\/savon-musc-noir-125g-karamat-collection\/#primaryimage","url":"https:\/\/www.pause-au-naturelle.com\/wp-content\/uploads\/2021\/05\/savon-musk-noir-karamat.jpg","contentUrl":"https:\/\/www.pause-au-naturelle.com\/wp-content\/uploads\/2021\/05\/savon-musk-noir-karamat.jpg","width":600,"height":600,"caption":"Savon musc noir 125g - Karamat Collection"},{"@type":"BreadcrumbList","@id":"https:\/\/www.pause-au-naturelle.com\/produit\/savon-musc-noir-125g-karamat-collection\/#breadcrumb","itemListElement":[{"@type":"ListItem","position":1,"name":"Boutique","item":"https:\/\/www.pause-au-naturelle.com\/boutique\/"},{"@type":"ListItem","position":2,"name":"Savon musc noir 125g &#8211; Karamat Collection"}]},{"@type":"WebSite","@id":"https:\/\/www.pause-au-naturelle.com\/#website","url":"https:\/\/www.pause-au-naturelle.com\/","name":"Pausa en la naturaleza","description":"","publisher":{"@id":"https:\/\/www.pause-au-naturelle.com\/#organization"},"potentialAction":[{"@type":"SearchAction","target":{"@type":"EntryPoint","urlTemplate":"https:\/\/www.pause-au-naturelle.com\/?s={search_term_string}"},"query-input":{"@type":"PropertyValueSpecification","valueRequired":true,"valueName":"search_term_string"}}],"inLanguage":"es"},{"@type":"Organization","@id":"https:\/\/www.pause-au-naturelle.com\/#organization","name":"Pausa al aire libre","url":"https:\/\/www.pause-au-naturelle.com\/","logo":{"@type":"ImageObject","inLanguage":"es","@id":"https:\/\/www.pause-au-naturelle.com\/#\/schema\/logo\/image\/","url":"https:\/\/www.pause-au-naturelle.com\/wp-content\/uploads\/2020\/06\/logo.png","contentUrl":"https:\/\/www.pause-au-naturelle.com\/wp-content\/uploads\/2020\/06\/logo.png","width":250,"height":250,"caption":"Pause au naturelle"},"image":{"@id":"https:\/\/www.pause-au-naturelle.com\/#\/schema\/logo\/image\/"}}]}},"_links":{"self":[{"href":"https:\/\/www.pause-au-naturelle.com\/es\/wp-json\/wp\/v2\/product\/8012","targetHints":{"allow":["GET"]}}],"collection":[{"href":"https:\/\/www.pause-au-naturelle.com\/es\/wp-json\/wp\/v2\/product"}],"about":[{"href":"https:\/\/www.pause-au-naturelle.com\/es\/wp-json\/wp\/v2\/types\/product"}],"wp:featuredmedia":[{"embeddable":true,"href":"https:\/\/www.pause-au-naturelle.com\/es\/wp-json\/wp\/v2\/media\/8013"}],"wp:attachment":[{"href":"https:\/\/www.pause-au-naturelle.com\/es\/wp-json\/wp\/v2\/media?parent=8012"}],"wp:term":[{"taxonomy":"product_brand","embeddable":true,"href":"https:\/\/www.pause-au-naturelle.com\/es\/wp-json\/wp\/v2\/product_brand?post=8012"},{"taxonomy":"product_cat","embeddable":true,"href":"https:\/\/www.pause-au-naturelle.com\/es\/wp-json\/wp\/v2\/product_cat?post=8012"},{"taxonomy":"product_tag","embeddable":true,"href":"https:\/\/www.pause-au-naturelle.com\/es\/wp-json\/wp\/v2\/product_tag?post=8012"}],"curies":[{"name":"wp","href":"https:\/\/api.w.org\/{rel}","templated":true}]}}