{"id":9199,"date":"2024-06-01T23:15:58","date_gmt":"2024-06-01T23:15:58","guid":{"rendered":"https:\/\/www.pause-au-naturelle.com\/?post_type=product&#038;p=9199"},"modified":"2026-01-02T09:42:37","modified_gmt":"2026-01-02T09:42:37","slug":"cristales-de-menta-10-g","status":"publish","type":"product","link":"https:\/\/www.pause-au-naturelle.com\/es\/produit\/cristaux-de-menthe-10g\/","title":{"rendered":"Cristales de menta"},"content":{"rendered":"<p>\u00a1Hablemos de los cristales de menta! Este m\u00e9todo natural est\u00e1 de moda para descongestionar las v\u00edas respiratorias. Ese es su principal uso. Sin embargo, existen otros usos que tambi\u00e9n permiten aliviar ciertos dolores. A continuaci\u00f3n, te contamos todo sobre este maravilloso producto que te facilitar\u00e1 la vida.<\/p>\n<h2><strong>Cristales de menta: muy \u00fatiles en caso de resfriado o s\u00edntomas de congesti\u00f3n nasal.<\/strong><\/h2>\n<p>Existen m\u00e9todos naturales para descongestionar la nariz, como el b\u00e1lsamo de tigre originario de la India o las hojas de eucalipto. Los cristales de menta tienen el mismo efecto, con una particularidad. Hay que derretir unos cuantos cristales en agua hirviendo en una cacerola o en un hervidor el\u00e9ctrico.<\/p>\n<p>Los vapores inhalados mediante fumigaci\u00f3n e inhalaci\u00f3n permiten descongestionar la nariz y desinfectarla de los microbios que contiene. Muy a menudo, el resfriado o la fiebre son causados por virus. El uso de cristales de menta permite contrarrestar los s\u00edntomas hasta que la enfermedad desaparece por s\u00ed sola.<\/p>\n<p>Entre los efectos deseables de este producto natural se encuentran:<\/p>\n<ul>\n<li>Mejora de la respiraci\u00f3n gracias a la apertura de los bronquios.<\/li>\n<li>Descongesti\u00f3n nasal<\/li>\n<li>Alivia el picor de garganta.<\/li>\n<li>Influye en los dolores de cabeza.<\/li>\n<\/ul>\n<h2><strong>Un excelente analg\u00e9sico para uso local.<\/strong><\/h2>\n<p>Los cristales de menta tambi\u00e9n se utilizan en pomadas o soluciones locales. Gracias a su relativa frescura, permiten\u2019<strong><a href=\"https:\/\/www.pause-au-naturelle.com\/es\/producto\/grasa-de-joroba-de-camello-beneficios-50-g\/\">anestesiar los dolores musculares<\/a><\/strong> o relacionadas con golpes. Este analg\u00e9sico natural anestesia y permite un mejor control del dolor gracias al fr\u00edo que proporciona. Siguiendo el mismo procedimiento, basta con derretirlos para aplicarlos directamente en el centro de una pomada.<\/p>\n<p>Para los dolores lumbares y dorsales, tambi\u00e9n puede masajearse la espalda con Daroua.<\/p>\n<p>Existen otros usos para los cristales de menta, algunos ejemplos de los cuales se pueden encontrar en Internet. No los recomendamos, ya que carecen de fundamento.<\/p>\n<p>Recomendaciones:<\/p>\n<ul>\n<li>Evite tocarse los ojos con los dedos despu\u00e9s de usar cristales de menta para evitar cualquier riesgo de irritaci\u00f3n.<\/li>\n<li>Este producto no es adecuado para ni\u00f1os, mujeres embarazadas ni lactantes.<\/li>\n<\/ul>","protected":false},"excerpt":{"rendered":"<p>Les cristaux de menthe, parlons-en ! Cette m\u00e9thode naturelle est en vogue pour d\u00e9congestionner les voies respiratoires. C&rsquo;est le principal usage que l&rsquo;on en fait. N\u00e9anmoins, il existe diff\u00e9rents usages qui permettent aussi de soulager certaines douleurs. Alors, on vous dit tout sur ce produit merveilleux qui facilite la vie. Les cristaux de menthe : [&#8230;]\n","protected":false},"featured_media":10554,"template":"","meta":[],"product_brand":[],"product_cat":[100,80],"product_tag":[],"class_list":{"0":"post-9199","1":"product","2":"type-product","3":"status-publish","4":"has-post-thumbnail","6":"product_cat-bien-etre-beaute","7":"product_cat-epicerie-marocaine-en-ligne","9":"first","10":"instock","11":"shipping-taxable","12":"purchasable","13":"product-type-variable","14":"has-default-attributes"},"yoast_head":"<!-- This site is optimized with the Yoast SEO plugin v27.3 - https:\/\/yoast.com\/product\/yoast-seo-wordpress\/ -->\n<title>Cristaux de menthe | Bienfaits nombreux | Achat rapide en France<\/title>\n<meta name=\"description\" content=\"Utiliser les cristaux de menthe pour le rhume et leur facult\u00e9 \u00e0 d\u00e9boucher le nez. C&#039;est d&#039;ailleurs la seule recommandation que nous vous donnons.\" \/>\n<meta name=\"robots\" content=\"index, follow, max-snippet:-1, max-image-preview:large, max-video-preview:-1\" \/>\n<link rel=\"canonical\" href=\"https:\/\/www.pause-au-naturelle.com\/es\/producto\/cristales-de-menta-10-g\/\" \/>\n<meta property=\"og:locale\" content=\"es_ES\" \/>\n<meta property=\"og:type\" content=\"article\" \/>\n<meta property=\"og:title\" content=\"Cristaux de menthe | Bienfaits nombreux | Achat rapide en France\" \/>\n<meta property=\"og:description\" content=\"Utiliser les cristaux de menthe pour le rhume et leur facult\u00e9 \u00e0 d\u00e9boucher le nez. C&#039;est d&#039;ailleurs la seule recommandation que nous vous donnons.\" \/>\n<meta property=\"og:url\" content=\"https:\/\/www.pause-au-naturelle.com\/es\/producto\/cristales-de-menta-10-g\/\" \/>\n<meta property=\"og:site_name\" content=\"Pause au Naturelle\" \/>\n<meta property=\"article:modified_time\" content=\"2026-01-02T09:42:37+00:00\" \/>\n<meta property=\"og:image\" content=\"https:\/\/www.pause-au-naturelle.com\/wp-content\/uploads\/2024\/06\/cristaux-de-menthe.jpg\" \/>\n\t<meta property=\"og:image:width\" content=\"600\" \/>\n\t<meta property=\"og:image:height\" content=\"600\" \/>\n\t<meta property=\"og:image:type\" content=\"image\/jpeg\" \/>\n<meta name=\"twitter:card\" content=\"summary_large_image\" \/>\n<meta name=\"twitter:label1\" content=\"Tiempo de lectura\" \/>\n\t<meta name=\"twitter:data1\" content=\"2 minutos\" \/>\n<script type=\"application\/ld+json\" class=\"yoast-schema-graph\">{\"@context\":\"https:\\\/\\\/schema.org\",\"@graph\":[{\"@type\":\"WebPage\",\"@id\":\"https:\\\/\\\/www.pause-au-naturelle.com\\\/produit\\\/cristaux-de-menthe-10g\\\/\",\"url\":\"https:\\\/\\\/www.pause-au-naturelle.com\\\/produit\\\/cristaux-de-menthe-10g\\\/\",\"name\":\"Cristaux de menthe | Bienfaits nombreux | Achat rapide en France\",\"isPartOf\":{\"@id\":\"https:\\\/\\\/www.pause-au-naturelle.com\\\/#website\"},\"primaryImageOfPage\":{\"@id\":\"https:\\\/\\\/www.pause-au-naturelle.com\\\/produit\\\/cristaux-de-menthe-10g\\\/#primaryimage\"},\"image\":{\"@id\":\"https:\\\/\\\/www.pause-au-naturelle.com\\\/produit\\\/cristaux-de-menthe-10g\\\/#primaryimage\"},\"thumbnailUrl\":\"https:\\\/\\\/www.pause-au-naturelle.com\\\/wp-content\\\/uploads\\\/2024\\\/06\\\/cristaux-de-menthe.jpg\",\"datePublished\":\"2024-06-01T23:15:58+00:00\",\"dateModified\":\"2026-01-02T09:42:37+00:00\",\"description\":\"Utiliser les cristaux de menthe pour le rhume et leur facult\u00e9 \u00e0 d\u00e9boucher le nez. C'est d'ailleurs la seule recommandation que nous vous donnons.\",\"breadcrumb\":{\"@id\":\"https:\\\/\\\/www.pause-au-naturelle.com\\\/produit\\\/cristaux-de-menthe-10g\\\/#breadcrumb\"},\"inLanguage\":\"es\",\"potentialAction\":[{\"@type\":\"ReadAction\",\"target\":[\"https:\\\/\\\/www.pause-au-naturelle.com\\\/produit\\\/cristaux-de-menthe-10g\\\/\"]}]},{\"@type\":\"ImageObject\",\"inLanguage\":\"es\",\"@id\":\"https:\\\/\\\/www.pause-au-naturelle.com\\\/produit\\\/cristaux-de-menthe-10g\\\/#primaryimage\",\"url\":\"https:\\\/\\\/www.pause-au-naturelle.com\\\/wp-content\\\/uploads\\\/2024\\\/06\\\/cristaux-de-menthe.jpg\",\"contentUrl\":\"https:\\\/\\\/www.pause-au-naturelle.com\\\/wp-content\\\/uploads\\\/2024\\\/06\\\/cristaux-de-menthe.jpg\",\"width\":600,\"height\":600,\"caption\":\"Cristaux de menthe\"},{\"@type\":\"BreadcrumbList\",\"@id\":\"https:\\\/\\\/www.pause-au-naturelle.com\\\/produit\\\/cristaux-de-menthe-10g\\\/#breadcrumb\",\"itemListElement\":[{\"@type\":\"ListItem\",\"position\":1,\"name\":\"Boutique\",\"item\":\"https:\\\/\\\/www.pause-au-naturelle.com\\\/boutique\\\/\"},{\"@type\":\"ListItem\",\"position\":2,\"name\":\"Cristaux de menthe\"}]},{\"@type\":\"WebSite\",\"@id\":\"https:\\\/\\\/www.pause-au-naturelle.com\\\/#website\",\"url\":\"https:\\\/\\\/www.pause-au-naturelle.com\\\/\",\"name\":\"Pause au Naturelle\",\"description\":\"\",\"publisher\":{\"@id\":\"https:\\\/\\\/www.pause-au-naturelle.com\\\/#organization\"},\"potentialAction\":[{\"@type\":\"SearchAction\",\"target\":{\"@type\":\"EntryPoint\",\"urlTemplate\":\"https:\\\/\\\/www.pause-au-naturelle.com\\\/?s={search_term_string}\"},\"query-input\":{\"@type\":\"PropertyValueSpecification\",\"valueRequired\":true,\"valueName\":\"search_term_string\"}}],\"inLanguage\":\"es\"},{\"@type\":\"Organization\",\"@id\":\"https:\\\/\\\/www.pause-au-naturelle.com\\\/#organization\",\"name\":\"Pause au naturelle\",\"url\":\"https:\\\/\\\/www.pause-au-naturelle.com\\\/\",\"logo\":{\"@type\":\"ImageObject\",\"inLanguage\":\"es\",\"@id\":\"https:\\\/\\\/www.pause-au-naturelle.com\\\/#\\\/schema\\\/logo\\\/image\\\/\",\"url\":\"https:\\\/\\\/www.pause-au-naturelle.com\\\/wp-content\\\/uploads\\\/2020\\\/06\\\/logo.png\",\"contentUrl\":\"https:\\\/\\\/www.pause-au-naturelle.com\\\/wp-content\\\/uploads\\\/2020\\\/06\\\/logo.png\",\"width\":250,\"height\":250,\"caption\":\"Pause au naturelle\"},\"image\":{\"@id\":\"https:\\\/\\\/www.pause-au-naturelle.com\\\/#\\\/schema\\\/logo\\\/image\\\/\"}}]}<\/script>\n<!-- \/ Yoast SEO plugin. -->","yoast_head_json":{"title":"Cristales de menta | Numerosos beneficios | Compra r\u00e1pida en Francia","description":"Utilizar cristales de menta para el resfriado y su capacidad para descongestionar la nariz. De hecho, esta es la \u00fanica recomendaci\u00f3n que le damos.","robots":{"index":"index","follow":"follow","max-snippet":"max-snippet:-1","max-image-preview":"max-image-preview:large","max-video-preview":"max-video-preview:-1"},"canonical":"https:\/\/www.pause-au-naturelle.com\/es\/producto\/cristales-de-menta-10-g\/","og_locale":"es_ES","og_type":"article","og_title":"Cristaux de menthe | Bienfaits nombreux | Achat rapide en France","og_description":"Utiliser les cristaux de menthe pour le rhume et leur facult\u00e9 \u00e0 d\u00e9boucher le nez. C'est d'ailleurs la seule recommandation que nous vous donnons.","og_url":"https:\/\/www.pause-au-naturelle.com\/es\/producto\/cristales-de-menta-10-g\/","og_site_name":"Pause au Naturelle","article_modified_time":"2026-01-02T09:42:37+00:00","og_image":[{"width":600,"height":600,"url":"https:\/\/www.pause-au-naturelle.com\/wp-content\/uploads\/2024\/06\/cristaux-de-menthe.jpg","type":"image\/jpeg"}],"twitter_card":"summary_large_image","twitter_misc":{"Tiempo de lectura":"2 minutos"},"schema":{"@context":"https:\/\/schema.org","@graph":[{"@type":"WebPage","@id":"https:\/\/www.pause-au-naturelle.com\/produit\/cristaux-de-menthe-10g\/","url":"https:\/\/www.pause-au-naturelle.com\/produit\/cristaux-de-menthe-10g\/","name":"Cristales de menta | Numerosos beneficios | Compra r\u00e1pida en Francia","isPartOf":{"@id":"https:\/\/www.pause-au-naturelle.com\/#website"},"primaryImageOfPage":{"@id":"https:\/\/www.pause-au-naturelle.com\/produit\/cristaux-de-menthe-10g\/#primaryimage"},"image":{"@id":"https:\/\/www.pause-au-naturelle.com\/produit\/cristaux-de-menthe-10g\/#primaryimage"},"thumbnailUrl":"https:\/\/www.pause-au-naturelle.com\/wp-content\/uploads\/2024\/06\/cristaux-de-menthe.jpg","datePublished":"2024-06-01T23:15:58+00:00","dateModified":"2026-01-02T09:42:37+00:00","description":"Utilizar cristales de menta para el resfriado y su capacidad para descongestionar la nariz. De hecho, esta es la \u00fanica recomendaci\u00f3n que le damos.","breadcrumb":{"@id":"https:\/\/www.pause-au-naturelle.com\/produit\/cristaux-de-menthe-10g\/#breadcrumb"},"inLanguage":"es","potentialAction":[{"@type":"ReadAction","target":["https:\/\/www.pause-au-naturelle.com\/produit\/cristaux-de-menthe-10g\/"]}]},{"@type":"ImageObject","inLanguage":"es","@id":"https:\/\/www.pause-au-naturelle.com\/produit\/cristaux-de-menthe-10g\/#primaryimage","url":"https:\/\/www.pause-au-naturelle.com\/wp-content\/uploads\/2024\/06\/cristaux-de-menthe.jpg","contentUrl":"https:\/\/www.pause-au-naturelle.com\/wp-content\/uploads\/2024\/06\/cristaux-de-menthe.jpg","width":600,"height":600,"caption":"Cristaux de menthe"},{"@type":"BreadcrumbList","@id":"https:\/\/www.pause-au-naturelle.com\/produit\/cristaux-de-menthe-10g\/#breadcrumb","itemListElement":[{"@type":"ListItem","position":1,"name":"Boutique","item":"https:\/\/www.pause-au-naturelle.com\/boutique\/"},{"@type":"ListItem","position":2,"name":"Cristaux de menthe"}]},{"@type":"WebSite","@id":"https:\/\/www.pause-au-naturelle.com\/#website","url":"https:\/\/www.pause-au-naturelle.com\/","name":"Pausa en la naturaleza","description":"","publisher":{"@id":"https:\/\/www.pause-au-naturelle.com\/#organization"},"potentialAction":[{"@type":"SearchAction","target":{"@type":"EntryPoint","urlTemplate":"https:\/\/www.pause-au-naturelle.com\/?s={search_term_string}"},"query-input":{"@type":"PropertyValueSpecification","valueRequired":true,"valueName":"search_term_string"}}],"inLanguage":"es"},{"@type":"Organization","@id":"https:\/\/www.pause-au-naturelle.com\/#organization","name":"Pausa al aire libre","url":"https:\/\/www.pause-au-naturelle.com\/","logo":{"@type":"ImageObject","inLanguage":"es","@id":"https:\/\/www.pause-au-naturelle.com\/#\/schema\/logo\/image\/","url":"https:\/\/www.pause-au-naturelle.com\/wp-content\/uploads\/2020\/06\/logo.png","contentUrl":"https:\/\/www.pause-au-naturelle.com\/wp-content\/uploads\/2020\/06\/logo.png","width":250,"height":250,"caption":"Pause au naturelle"},"image":{"@id":"https:\/\/www.pause-au-naturelle.com\/#\/schema\/logo\/image\/"}}]}},"_links":{"self":[{"href":"https:\/\/www.pause-au-naturelle.com\/es\/wp-json\/wp\/v2\/product\/9199","targetHints":{"allow":["GET"]}}],"collection":[{"href":"https:\/\/www.pause-au-naturelle.com\/es\/wp-json\/wp\/v2\/product"}],"about":[{"href":"https:\/\/www.pause-au-naturelle.com\/es\/wp-json\/wp\/v2\/types\/product"}],"wp:featuredmedia":[{"embeddable":true,"href":"https:\/\/www.pause-au-naturelle.com\/es\/wp-json\/wp\/v2\/media\/10554"}],"wp:attachment":[{"href":"https:\/\/www.pause-au-naturelle.com\/es\/wp-json\/wp\/v2\/media?parent=9199"}],"wp:term":[{"taxonomy":"product_brand","embeddable":true,"href":"https:\/\/www.pause-au-naturelle.com\/es\/wp-json\/wp\/v2\/product_brand?post=9199"},{"taxonomy":"product_cat","embeddable":true,"href":"https:\/\/www.pause-au-naturelle.com\/es\/wp-json\/wp\/v2\/product_cat?post=9199"},{"taxonomy":"product_tag","embeddable":true,"href":"https:\/\/www.pause-au-naturelle.com\/es\/wp-json\/wp\/v2\/product_tag?post=9199"}],"curies":[{"name":"wp","href":"https:\/\/api.w.org\/{rel}","templated":true}]}}