{"id":9554,"date":"2023-12-23T16:55:43","date_gmt":"2023-12-23T16:55:43","guid":{"rendered":"https:\/\/www.pause-au-naturelle.com\/?post_type=product&#038;p=9554"},"modified":"2026-04-20T20:05:55","modified_gmt":"2026-04-20T20:05:55","slug":"jabon-de-incienso","status":"publish","type":"product","link":"https:\/\/www.pause-au-naturelle.com\/es\/produit\/savon-a-l-encens\/","title":{"rendered":"Jab\u00f3n de incienso 100 g"},"content":{"rendered":"<p>Utilizado desde hace siglos por sus m\u00faltiples beneficios, el incienso es un ingrediente natural que ahora se incorpora a nuestra rutina de belleza. El\u00a0<strong>jab\u00f3n de incienso<\/strong>\u00a0tiene propiedades beneficiosas para nuestra piel y, al mismo tiempo, protege el medio ambiente. Descubramos las virtudes del jab\u00f3n de incienso y sus ventajas para una vida cotidiana m\u00e1s responsable.<\/p>\n<h2><strong>Los or\u00edgenes y beneficios del incienso<\/strong><\/h2>\n<p>El\u2019<strong>incienso<\/strong>, resina arom\u00e1tica procedente de diferentes \u00e1rboles situados principalmente en Oriente Medio y \u00c1frica, se ha utilizado durante milenios con diversos fines religiosos, medicinales y est\u00e9ticos. Sus propiedades purificantes son muy apreciadas en aromaterapia, especialmente para eliminar los malos olores, purificar el aire y favorecer la relajaci\u00f3n y el bienestar interior.<\/p>\n<h3><strong>Propiedades antibacterianas y cicatrizantes<\/strong><\/h3>\n<p>M\u00e1s all\u00e1 de su uso tradicional en ceremonias religiosas y espirituales, el incienso es conocido por sus\u00a0<a href=\"https:\/\/www.pause-au-naturelle.com\/es\/producto\/jabon-con-carbon-activo\/\"><strong>propiedades antibacterianas y cicatrizantes<\/strong><\/a>. De este modo, ayuda a prevenir y tratar ciertas infecciones cut\u00e1neas, como el acn\u00e9 o las heridas leves.<\/p>\n<h3><strong>Un aliado contra el envejecimiento cut\u00e1neo y para la hidrataci\u00f3n de la piel.<\/strong><\/h3>\n<p>Adem\u00e1s de su efecto calmante y relajante gracias a su aroma sutil y embriagador, el incienso tambi\u00e9n tiene propiedades beneficiosas para nuestra piel, especialmente en lo que respecta al\u00a0<strong>envejecimiento cut\u00e1neo e hidrataci\u00f3n<\/strong>. Al combinar incienso y jab\u00f3n, se obtiene un producto limpiador suave y revitalizante para la piel.<\/p>\n<h2><strong>Un jab\u00f3n respetuoso con el medio ambiente y con tu piel.<\/strong><\/h2>\n<p>Elegir un jab\u00f3n de incienso es optar por un producto natural que cuida nuestra piel y, al mismo tiempo, respeta el planeta.<\/p>\n<h3><strong>F\u00f3rmula sin productos qu\u00edmicos nocivos.<\/strong><\/h3>\n<p>Los jabones de incienso suelen estar formulados\u00a0<strong>Sin SLS (lauril sulfato de sodio), sin parabenos, sin colorantes artificiales.<\/strong>\u00a0y otros ingredientes controvertidos que pueden irritar o agredir nuestra piel. Por lo tanto, optar por un jab\u00f3n de incienso es asegurarse de elegir un producto m\u00e1s seguro y menos irritante para el cuerpo, incluso para las personas con piel sensible.<\/p>\n<h3><strong>El jab\u00f3n de incienso es vegano y no ha sido testado en animales.<\/strong><\/h3>\n<p>Con el fin de proteger a los animales, muchos jabones que contienen ingredientes naturales, como el incienso, se fabrican siguiendo m\u00e9todos de producci\u00f3n\u00a0<strong>vegano y libre de crueldad animal<\/strong>, es decir, sin utilizar productos de origen animal y sin realizar pruebas en animales. De este modo, esta iniciativa contribuye a un consumo m\u00e1s \u00e9tico y respetuoso con el medio ambiente.<\/p>\n<h2><strong>Usar jab\u00f3n de incienso a diario<\/strong><\/h2>\n<p>El jab\u00f3n de incienso se utiliza de forma muy sencilla, como cualquier otro jab\u00f3n, y puede utilizarse a diario para limpiar y purificar la piel con suavidad:<\/p>\n<ol>\n<li>Humedezca ligeramente la piel con agua tibia.<\/li>\n<li>Frote el jab\u00f3n entre sus manos para hacer espuma.<\/li>\n<li>A continuaci\u00f3n, aplique la espuma por todo el cuerpo o el rostro con movimientos circulares para limpiar bien.<\/li>\n<li>Aclare abundantemente con agua limpia y seque suavemente la piel con una toalla limpia.<\/li>\n<\/ol>\n<p>Al integrar esto\u00a0<strong>ritual de bienestar<\/strong>\u00a0Si lo incorpora a su rutina diaria, disfrutar\u00e1 de las excepcionales propiedades del jab\u00f3n de incienso para cuidar su piel y proporcionarle un momento de relajaci\u00f3n y serenidad cada vez que lo utilice.<\/p>\n<h3><strong>Consejos para aprovechar al m\u00e1ximo los beneficios del jab\u00f3n de incienso<\/strong><\/h3>\n<ul>\n<li><strong>Aunque su composici\u00f3n sea natural<\/strong>, es importante asegurarse de no resecar demasiado la piel utilizando el jab\u00f3n de incienso con demasiada frecuencia. Alterne su uso con productos hidratantes para preservar la flexibilidad y suavidad de la epidermis.<\/li>\n<li><strong>Mantenga el jab\u00f3n seco.<\/strong>\u00a0entre cada uso, sobre una jabonera que permita que el agua se escurra: esto mantendr\u00e1 su jab\u00f3n en buen estado y prolongar\u00e1 su vida \u00fatil.<\/li>\n<li><strong>Para potenciar los beneficios del incienso<\/strong>\u00a0En tu rutina de belleza, tambi\u00e9n puedes utilizar aceite esencial de incienso puro o diluido en otro aceite vegetal, ya sea para el rostro, el cabello o incluso en difusores para purificar el aire de tu hogar.<\/li>\n<\/ul>\n<p>Adoptar el jab\u00f3n de incienso es, por lo tanto, una gran oportunidad para cuidar la piel sin renunciar a los principios \u00e9ticos y medioambientales. No lo dude m\u00e1s e incorpore ya este aut\u00e9ntico tesoro natural a su ritual de belleza diario.<\/p>","protected":false},"excerpt":{"rendered":"<p>Utilis\u00e9 depuis des si\u00e8cles pour ses nombreux bienfaits, l&rsquo;encens est un ingr\u00e9dient naturel qui s&rsquo;invite d\u00e9sormais dans notre routine beaut\u00e9. Le\u00a0savon \u00e0 l&rsquo;encens\u00a0poss\u00e8de en effet des propri\u00e9t\u00e9s b\u00e9n\u00e9fiques pour notre peau tout en pr\u00e9servant l&rsquo;environnement. D\u00e9couvrons les vertus du savon \u00e0 l&rsquo;encens ainsi que ces avantages pour un quotidien plus responsable. Les origines et bienfaits [&#8230;]\n","protected":false},"featured_media":9555,"template":"","meta":[],"product_brand":[],"product_cat":[61,127],"product_tag":[],"class_list":{"0":"post-9554","1":"product","2":"type-product","3":"status-publish","4":"has-post-thumbnail","6":"product_cat-beaute-hygiene","7":"product_cat-savons-naturels","9":"first","10":"instock","11":"shipping-taxable","12":"purchasable","13":"product-type-simple"},"yoast_head":"<!-- This site is optimized with the Yoast SEO plugin v27.3 - https:\/\/yoast.com\/product\/yoast-seo-wordpress\/ -->\n<title>Savon \u00e0 l&#039;encens | Bienfaits nombreux pour le corps | 100g<\/title>\n<meta name=\"description\" content=\"Le\u00a0savon \u00e0 l&#039;encens\u00a0poss\u00e8de en effet des propri\u00e9t\u00e9s b\u00e9n\u00e9fiques pour notre peau tout en pr\u00e9servant l&#039;environnement. Adoptez-le rapidement !\" \/>\n<meta name=\"robots\" content=\"index, follow, max-snippet:-1, max-image-preview:large, max-video-preview:-1\" \/>\n<link rel=\"canonical\" href=\"https:\/\/www.pause-au-naturelle.com\/es\/producto\/jabon-de-incienso\/\" \/>\n<meta property=\"og:locale\" content=\"es_ES\" \/>\n<meta property=\"og:type\" content=\"article\" \/>\n<meta property=\"og:title\" content=\"Savon \u00e0 l&#039;encens | Bienfaits nombreux pour le corps | 100g\" \/>\n<meta property=\"og:description\" content=\"Le\u00a0savon \u00e0 l&#039;encens\u00a0poss\u00e8de en effet des propri\u00e9t\u00e9s b\u00e9n\u00e9fiques pour notre peau tout en pr\u00e9servant l&#039;environnement. Adoptez-le rapidement !\" \/>\n<meta property=\"og:url\" content=\"https:\/\/www.pause-au-naturelle.com\/es\/producto\/jabon-de-incienso\/\" \/>\n<meta property=\"og:site_name\" content=\"Pause au Naturelle\" \/>\n<meta property=\"article:modified_time\" content=\"2026-04-20T20:05:55+00:00\" \/>\n<meta property=\"og:image\" content=\"https:\/\/www.pause-au-naturelle.com\/wp-content\/uploads\/2023\/12\/savon-a-lencens.jpg\" \/>\n\t<meta property=\"og:image:width\" content=\"600\" \/>\n\t<meta property=\"og:image:height\" content=\"600\" \/>\n\t<meta property=\"og:image:type\" content=\"image\/jpeg\" \/>\n<meta name=\"twitter:card\" content=\"summary_large_image\" \/>\n<meta name=\"twitter:label1\" content=\"Tiempo de lectura\" \/>\n\t<meta name=\"twitter:data1\" content=\"4 minutos\" \/>\n<script type=\"application\/ld+json\" class=\"yoast-schema-graph\">{\"@context\":\"https:\\\/\\\/schema.org\",\"@graph\":[{\"@type\":\"WebPage\",\"@id\":\"https:\\\/\\\/www.pause-au-naturelle.com\\\/produit\\\/savon-a-l-encens\\\/\",\"url\":\"https:\\\/\\\/www.pause-au-naturelle.com\\\/produit\\\/savon-a-l-encens\\\/\",\"name\":\"Savon \u00e0 l'encens | Bienfaits nombreux pour le corps | 100g\",\"isPartOf\":{\"@id\":\"https:\\\/\\\/www.pause-au-naturelle.com\\\/#website\"},\"primaryImageOfPage\":{\"@id\":\"https:\\\/\\\/www.pause-au-naturelle.com\\\/produit\\\/savon-a-l-encens\\\/#primaryimage\"},\"image\":{\"@id\":\"https:\\\/\\\/www.pause-au-naturelle.com\\\/produit\\\/savon-a-l-encens\\\/#primaryimage\"},\"thumbnailUrl\":\"https:\\\/\\\/www.pause-au-naturelle.com\\\/wp-content\\\/uploads\\\/2023\\\/12\\\/savon-a-lencens.jpg\",\"datePublished\":\"2023-12-23T16:55:43+00:00\",\"dateModified\":\"2026-04-20T20:05:55+00:00\",\"description\":\"Le\u00a0savon \u00e0 l'encens\u00a0poss\u00e8de en effet des propri\u00e9t\u00e9s b\u00e9n\u00e9fiques pour notre peau tout en pr\u00e9servant l'environnement. Adoptez-le rapidement !\",\"breadcrumb\":{\"@id\":\"https:\\\/\\\/www.pause-au-naturelle.com\\\/produit\\\/savon-a-l-encens\\\/#breadcrumb\"},\"inLanguage\":\"es\",\"potentialAction\":[{\"@type\":\"ReadAction\",\"target\":[\"https:\\\/\\\/www.pause-au-naturelle.com\\\/produit\\\/savon-a-l-encens\\\/\"]}]},{\"@type\":\"ImageObject\",\"inLanguage\":\"es\",\"@id\":\"https:\\\/\\\/www.pause-au-naturelle.com\\\/produit\\\/savon-a-l-encens\\\/#primaryimage\",\"url\":\"https:\\\/\\\/www.pause-au-naturelle.com\\\/wp-content\\\/uploads\\\/2023\\\/12\\\/savon-a-lencens.jpg\",\"contentUrl\":\"https:\\\/\\\/www.pause-au-naturelle.com\\\/wp-content\\\/uploads\\\/2023\\\/12\\\/savon-a-lencens.jpg\",\"width\":600,\"height\":600,\"caption\":\"Savon \u00e0 l'encens 100g\"},{\"@type\":\"BreadcrumbList\",\"@id\":\"https:\\\/\\\/www.pause-au-naturelle.com\\\/produit\\\/savon-a-l-encens\\\/#breadcrumb\",\"itemListElement\":[{\"@type\":\"ListItem\",\"position\":1,\"name\":\"Boutique\",\"item\":\"https:\\\/\\\/www.pause-au-naturelle.com\\\/boutique\\\/\"},{\"@type\":\"ListItem\",\"position\":2,\"name\":\"Savon \u00e0 l&rsquo;encens 100g\"}]},{\"@type\":\"WebSite\",\"@id\":\"https:\\\/\\\/www.pause-au-naturelle.com\\\/#website\",\"url\":\"https:\\\/\\\/www.pause-au-naturelle.com\\\/\",\"name\":\"Pause au Naturelle\",\"description\":\"\",\"publisher\":{\"@id\":\"https:\\\/\\\/www.pause-au-naturelle.com\\\/#organization\"},\"potentialAction\":[{\"@type\":\"SearchAction\",\"target\":{\"@type\":\"EntryPoint\",\"urlTemplate\":\"https:\\\/\\\/www.pause-au-naturelle.com\\\/?s={search_term_string}\"},\"query-input\":{\"@type\":\"PropertyValueSpecification\",\"valueRequired\":true,\"valueName\":\"search_term_string\"}}],\"inLanguage\":\"es\"},{\"@type\":\"Organization\",\"@id\":\"https:\\\/\\\/www.pause-au-naturelle.com\\\/#organization\",\"name\":\"Pause au naturelle\",\"url\":\"https:\\\/\\\/www.pause-au-naturelle.com\\\/\",\"logo\":{\"@type\":\"ImageObject\",\"inLanguage\":\"es\",\"@id\":\"https:\\\/\\\/www.pause-au-naturelle.com\\\/#\\\/schema\\\/logo\\\/image\\\/\",\"url\":\"https:\\\/\\\/www.pause-au-naturelle.com\\\/wp-content\\\/uploads\\\/2020\\\/06\\\/logo.png\",\"contentUrl\":\"https:\\\/\\\/www.pause-au-naturelle.com\\\/wp-content\\\/uploads\\\/2020\\\/06\\\/logo.png\",\"width\":250,\"height\":250,\"caption\":\"Pause au naturelle\"},\"image\":{\"@id\":\"https:\\\/\\\/www.pause-au-naturelle.com\\\/#\\\/schema\\\/logo\\\/image\\\/\"}}]}<\/script>\n<!-- \/ Yoast SEO plugin. -->","yoast_head_json":{"title":"Jab\u00f3n de incienso | Numerosos beneficios para el cuerpo | 100 g","description":"El jab\u00f3n de incienso tiene propiedades beneficiosas para nuestra piel y, al mismo tiempo, protege el medio ambiente. \u00a1No esperes m\u00e1s y hazte con \u00e9l!","robots":{"index":"index","follow":"follow","max-snippet":"max-snippet:-1","max-image-preview":"max-image-preview:large","max-video-preview":"max-video-preview:-1"},"canonical":"https:\/\/www.pause-au-naturelle.com\/es\/producto\/jabon-de-incienso\/","og_locale":"es_ES","og_type":"article","og_title":"Savon \u00e0 l'encens | Bienfaits nombreux pour le corps | 100g","og_description":"Le\u00a0savon \u00e0 l'encens\u00a0poss\u00e8de en effet des propri\u00e9t\u00e9s b\u00e9n\u00e9fiques pour notre peau tout en pr\u00e9servant l'environnement. Adoptez-le rapidement !","og_url":"https:\/\/www.pause-au-naturelle.com\/es\/producto\/jabon-de-incienso\/","og_site_name":"Pause au Naturelle","article_modified_time":"2026-04-20T20:05:55+00:00","og_image":[{"width":600,"height":600,"url":"https:\/\/www.pause-au-naturelle.com\/wp-content\/uploads\/2023\/12\/savon-a-lencens.jpg","type":"image\/jpeg"}],"twitter_card":"summary_large_image","twitter_misc":{"Tiempo de lectura":"4 minutos"},"schema":{"@context":"https:\/\/schema.org","@graph":[{"@type":"WebPage","@id":"https:\/\/www.pause-au-naturelle.com\/produit\/savon-a-l-encens\/","url":"https:\/\/www.pause-au-naturelle.com\/produit\/savon-a-l-encens\/","name":"Jab\u00f3n de incienso | Numerosos beneficios para el cuerpo | 100 g","isPartOf":{"@id":"https:\/\/www.pause-au-naturelle.com\/#website"},"primaryImageOfPage":{"@id":"https:\/\/www.pause-au-naturelle.com\/produit\/savon-a-l-encens\/#primaryimage"},"image":{"@id":"https:\/\/www.pause-au-naturelle.com\/produit\/savon-a-l-encens\/#primaryimage"},"thumbnailUrl":"https:\/\/www.pause-au-naturelle.com\/wp-content\/uploads\/2023\/12\/savon-a-lencens.jpg","datePublished":"2023-12-23T16:55:43+00:00","dateModified":"2026-04-20T20:05:55+00:00","description":"El jab\u00f3n de incienso tiene propiedades beneficiosas para nuestra piel y, al mismo tiempo, protege el medio ambiente. \u00a1No esperes m\u00e1s y hazte con \u00e9l!","breadcrumb":{"@id":"https:\/\/www.pause-au-naturelle.com\/produit\/savon-a-l-encens\/#breadcrumb"},"inLanguage":"es","potentialAction":[{"@type":"ReadAction","target":["https:\/\/www.pause-au-naturelle.com\/produit\/savon-a-l-encens\/"]}]},{"@type":"ImageObject","inLanguage":"es","@id":"https:\/\/www.pause-au-naturelle.com\/produit\/savon-a-l-encens\/#primaryimage","url":"https:\/\/www.pause-au-naturelle.com\/wp-content\/uploads\/2023\/12\/savon-a-lencens.jpg","contentUrl":"https:\/\/www.pause-au-naturelle.com\/wp-content\/uploads\/2023\/12\/savon-a-lencens.jpg","width":600,"height":600,"caption":"Savon \u00e0 l'encens 100g"},{"@type":"BreadcrumbList","@id":"https:\/\/www.pause-au-naturelle.com\/produit\/savon-a-l-encens\/#breadcrumb","itemListElement":[{"@type":"ListItem","position":1,"name":"Boutique","item":"https:\/\/www.pause-au-naturelle.com\/boutique\/"},{"@type":"ListItem","position":2,"name":"Savon \u00e0 l&rsquo;encens 100g"}]},{"@type":"WebSite","@id":"https:\/\/www.pause-au-naturelle.com\/#website","url":"https:\/\/www.pause-au-naturelle.com\/","name":"Pausa en la naturaleza","description":"","publisher":{"@id":"https:\/\/www.pause-au-naturelle.com\/#organization"},"potentialAction":[{"@type":"SearchAction","target":{"@type":"EntryPoint","urlTemplate":"https:\/\/www.pause-au-naturelle.com\/?s={search_term_string}"},"query-input":{"@type":"PropertyValueSpecification","valueRequired":true,"valueName":"search_term_string"}}],"inLanguage":"es"},{"@type":"Organization","@id":"https:\/\/www.pause-au-naturelle.com\/#organization","name":"Pausa al aire libre","url":"https:\/\/www.pause-au-naturelle.com\/","logo":{"@type":"ImageObject","inLanguage":"es","@id":"https:\/\/www.pause-au-naturelle.com\/#\/schema\/logo\/image\/","url":"https:\/\/www.pause-au-naturelle.com\/wp-content\/uploads\/2020\/06\/logo.png","contentUrl":"https:\/\/www.pause-au-naturelle.com\/wp-content\/uploads\/2020\/06\/logo.png","width":250,"height":250,"caption":"Pause au naturelle"},"image":{"@id":"https:\/\/www.pause-au-naturelle.com\/#\/schema\/logo\/image\/"}}]}},"_links":{"self":[{"href":"https:\/\/www.pause-au-naturelle.com\/es\/wp-json\/wp\/v2\/product\/9554","targetHints":{"allow":["GET"]}}],"collection":[{"href":"https:\/\/www.pause-au-naturelle.com\/es\/wp-json\/wp\/v2\/product"}],"about":[{"href":"https:\/\/www.pause-au-naturelle.com\/es\/wp-json\/wp\/v2\/types\/product"}],"wp:featuredmedia":[{"embeddable":true,"href":"https:\/\/www.pause-au-naturelle.com\/es\/wp-json\/wp\/v2\/media\/9555"}],"wp:attachment":[{"href":"https:\/\/www.pause-au-naturelle.com\/es\/wp-json\/wp\/v2\/media?parent=9554"}],"wp:term":[{"taxonomy":"product_brand","embeddable":true,"href":"https:\/\/www.pause-au-naturelle.com\/es\/wp-json\/wp\/v2\/product_brand?post=9554"},{"taxonomy":"product_cat","embeddable":true,"href":"https:\/\/www.pause-au-naturelle.com\/es\/wp-json\/wp\/v2\/product_cat?post=9554"},{"taxonomy":"product_tag","embeddable":true,"href":"https:\/\/www.pause-au-naturelle.com\/es\/wp-json\/wp\/v2\/product_tag?post=9554"}],"curies":[{"name":"wp","href":"https:\/\/api.w.org\/{rel}","templated":true}]}}