{"id":9628,"date":"2024-01-07T17:45:23","date_gmt":"2024-01-07T17:45:23","guid":{"rendered":"https:\/\/www.pause-au-naturelle.com\/?post_type=product&#038;p=9628"},"modified":"2026-04-26T21:52:39","modified_gmt":"2026-04-26T21:52:39","slug":"la-silueta-del-sultan-perdida-de-peso","status":"publish","type":"product","link":"https:\/\/www.pause-au-naturelle.com\/es\/produit\/the-sultan-silhouette-perte-de-poids\/","title":{"rendered":"T\u00e9 Sultan para adelgazar (20 bolsitas)"},"content":{"rendered":"<p>El t\u00e9 Sultan Silhouette es una mezcla \u00fanica de sabores e ingredientes especialmente dise\u00f1ada para favorecer la <strong>control del peso<\/strong>. Esta deliciosa infusi\u00f3n combina los beneficios de los antiguos remedios naturales con la calidad de los mejores t\u00e9s marroqu\u00edes a granel, ofreciendo as\u00ed una rica experiencia gustativa y proponiendo al mismo tiempo\u00a0<strong>propiedades beneficiosas<\/strong>\u00a0para tu organismo. Descubre todos los secretos de esta sorprendente mezcla de cereza, hibisco, an\u00eds, menta y regaliz en este art\u00edculo.<\/p>\n<h2><strong>La composici\u00f3n \u00fanica del t\u00e9 Sultan Silhouette<\/strong><\/h2>\n<p>El t\u00e9 Silhouette se elabora a partir de una sabrosa mezcla de ingredientes cuidadosamente seleccionados por sus propiedades beneficiosas para la salud. Pero, \u00bfcu\u00e1les son exactamente las plantas y especias que componen esta sorprendente mezcla? Aqu\u00ed est\u00e1 la lista:<\/p>\n<ol>\n<li><strong>Cherry:<\/strong>\u00a0rica en vitaminas A, C y ciertos minerales esenciales, la <a href=\"https:\/\/www.pause-au-naturelle.com\/es\/producto\/colas-de-cereza-50-g\/\"><strong>cereza<\/strong><\/a> Tambi\u00e9n tiene propiedades diur\u00e9ticas y laxantes.<\/li>\n<li><strong>Hibisco:<\/strong>\u00a0Utilizado desde la Antig\u00fcedad por sus m\u00faltiples beneficios, mejora la digesti\u00f3n y estimula el sistema inmunitario.<\/li>\n<li><strong>An\u00eds:<\/strong>\u00a0Conocida por sus efectos digestivos y relajantes, tambi\u00e9n ayuda a combatir la retenci\u00f3n de l\u00edquidos y la hinchaz\u00f3n.<\/li>\n<li><strong>Mint:<\/strong> La menta, que se usa mucho en el t\u00e9 de menta de Marruecos. Tambi\u00e9n es conocida por sus propiedades digestivas y su efecto refrescante.<\/li>\n<li><strong>Regaliz:<\/strong>\u00a0El regaliz aporta un toque dulce natural a la mezcla sin a\u00f1adir calor\u00edas, al tiempo que ayuda a aliviar los trastornos digestivos.<\/li>\n<\/ol>\n<p>As\u00ed, al combinar estos ingredientes cuidadosamente seleccionados, el T\u00e9 Silhouette le ofrece una gama \u00fanica de sabores y aromas, al tiempo que act\u00faa en armon\u00eda con su organismo para ayudarle a alcanzar sus objetivos de control de peso.<\/p>\n<h2><strong>\u00bfC\u00f3mo disfrutar de los beneficios del t\u00e9 Sultan Silhouette?<\/strong><\/h2>\n<h3><strong>La elecci\u00f3n del momento de consumo<\/strong><\/h3>\n<p>El secreto para obtener los mejores resultados posibles con el t\u00e9 Silhouette reside tambi\u00e9n en elegir el momento adecuado para consumirlo. As\u00ed, puede beber esta sabrosa mezcla a lo largo del d\u00eda para disfrutar de sus propiedades:<\/p>\n<ul>\n<li><strong>Antes del desayuno:<\/strong>\u00a0para empezar el d\u00eda con energ\u00eda y facilitar la eliminaci\u00f3n de toxinas.<\/li>\n<li><strong>Despu\u00e9s de las comidas:<\/strong>\u00a0El t\u00e9 se puede tomar entre 20 minutos y m\u00e1s de dos horas despu\u00e9s de las comidas, para ayudar a mejorar la digesti\u00f3n, favorecer la sensaci\u00f3n de saciedad y evitar los antojos.<\/li>\n<\/ul>\n<p>Tambi\u00e9n es fundamental seguir las instrucciones sobre la preparaci\u00f3n y la dosificaci\u00f3n del t\u00e9. Siga las indicaciones del envase para obtener un sabor \u00f3ptimo y disfrutar plenamente de las propiedades arom\u00e1ticas y digestivas de esta mezcla.<\/p>\n<h3><strong>Combinar el t\u00e9 Sultan Silhouette con una alimentaci\u00f3n equilibrada.<\/strong><\/h3>\n<p>Aunque el t\u00e9 Silhouette puede ayudarle f\u00e1cilmente en su proceso de control de peso, no debe considerarse una soluci\u00f3n milagrosa. Es necesario combinarlo con un estilo de vida saludable y una alimentaci\u00f3n equilibrada para alcanzar sus objetivos de forma \u00f3ptima. A continuaci\u00f3n le ofrecemos algunos consejos para integrar este delicioso t\u00e9 en su d\u00eda a d\u00eda:<\/p>\n<ul>\n<li><strong>Evite las dietas dr\u00e1sticas:<\/strong>\u00a0No intente perder peso demasiado r\u00e1pido optando por m\u00e9todos dr\u00e1sticos que podr\u00edan perjudicar su salud.<\/li>\n<li><strong>Adopte una alimentaci\u00f3n variada:<\/strong>\u00a0Dale prioridad a las verduras, frutas, prote\u00ednas magras y cereales integrales para darle a tu cuerpo todos los nutrientes que necesita.<\/li>\n<li><strong>Limitar los alimentos procesados:<\/strong>\u00a0Evite los platos preparados, los dulces y los refrescos, y opte por alimentos sencillos y poco procesados.<\/li>\n<li><strong>Beba agua:<\/strong>\u00a0El agua es indispensable para mantener el buen funcionamiento del organismo, recuperarse despu\u00e9s del ejercicio y evitar la retenci\u00f3n de l\u00edquidos.<\/li>\n<li><strong>Practique alguna actividad f\u00edsica:<\/strong>\u00a0El ejercicio tambi\u00e9n contribuye al control del peso, ya que aumenta el metabolismo basal y ayuda a quemar el exceso de grasa.<\/li>\n<\/ul>\n<p>El t\u00e9 Silhouette puede ser un valioso aliado en su proceso de control de peso, pero no olvide que debe integrarse en un estilo de vida global asociado a una alimentaci\u00f3n equilibrada y adaptada a sus necesidades.<\/p>","protected":false},"excerpt":{"rendered":"<p><strong>Ingredientes:<\/strong><\/p>\n<ul>\n<li>Cola de cereza<\/li>\n<li>Hibisco<\/li>\n<li>An\u00eds<\/li>\n<\/ul>","protected":false},"featured_media":9629,"template":"","meta":[],"product_brand":[],"product_cat":[80,99],"product_tag":[],"class_list":{"0":"post-9628","1":"product","2":"type-product","3":"status-publish","4":"has-post-thumbnail","6":"product_cat-epicerie-marocaine-en-ligne","7":"product_cat-the-sultan","9":"first","10":"instock","11":"shipping-taxable","12":"purchasable","13":"product-type-simple"},"yoast_head":"<!-- This site is optimized with the Yoast SEO plugin v27.3 - https:\/\/yoast.com\/product\/yoast-seo-wordpress\/ -->\n<title>Th\u00e9 Sultan silhouette | Aide \u00e0 la perte de poids | 20 sachets<\/title>\n<meta name=\"description\" content=\"Le th\u00e9 Sultan Silhouette est un m\u00e9lange unique de saveurs et d&#039;ingr\u00e9dients sp\u00e9cialement con\u00e7us pour favoriser la\u00a0gestion du poids.\" \/>\n<meta name=\"robots\" content=\"index, follow, max-snippet:-1, max-image-preview:large, max-video-preview:-1\" \/>\n<link rel=\"canonical\" href=\"https:\/\/www.pause-au-naturelle.com\/es\/producto\/la-silueta-del-sultan-perdida-de-peso\/\" \/>\n<meta property=\"og:locale\" content=\"es_ES\" \/>\n<meta property=\"og:type\" content=\"article\" \/>\n<meta property=\"og:title\" content=\"Th\u00e9 Sultan silhouette | Aide \u00e0 la perte de poids | 20 sachets\" \/>\n<meta property=\"og:description\" content=\"Le th\u00e9 Sultan Silhouette est un m\u00e9lange unique de saveurs et d&#039;ingr\u00e9dients sp\u00e9cialement con\u00e7us pour favoriser la\u00a0gestion du poids.\" \/>\n<meta property=\"og:url\" content=\"https:\/\/www.pause-au-naturelle.com\/es\/producto\/la-silueta-del-sultan-perdida-de-peso\/\" \/>\n<meta property=\"og:site_name\" content=\"Pause au Naturelle\" \/>\n<meta property=\"article:modified_time\" content=\"2026-04-26T21:52:39+00:00\" \/>\n<meta property=\"og:image\" content=\"https:\/\/www.pause-au-naturelle.com\/wp-content\/uploads\/2024\/01\/The-Sultan-silhouette-perte-de-poids-20-sachets.jpg\" \/>\n\t<meta property=\"og:image:width\" content=\"600\" \/>\n\t<meta property=\"og:image:height\" content=\"600\" \/>\n\t<meta property=\"og:image:type\" content=\"image\/jpeg\" \/>\n<meta name=\"twitter:card\" content=\"summary_large_image\" \/>\n<meta name=\"twitter:label1\" content=\"Tiempo de lectura\" \/>\n\t<meta name=\"twitter:data1\" content=\"3 minutos\" \/>\n<script type=\"application\/ld+json\" class=\"yoast-schema-graph\">{\"@context\":\"https:\\\/\\\/schema.org\",\"@graph\":[{\"@type\":\"WebPage\",\"@id\":\"https:\\\/\\\/www.pause-au-naturelle.com\\\/produit\\\/the-sultan-silhouette-perte-de-poids\\\/\",\"url\":\"https:\\\/\\\/www.pause-au-naturelle.com\\\/produit\\\/the-sultan-silhouette-perte-de-poids\\\/\",\"name\":\"Th\u00e9 Sultan silhouette | Aide \u00e0 la perte de poids | 20 sachets\",\"isPartOf\":{\"@id\":\"https:\\\/\\\/www.pause-au-naturelle.com\\\/#website\"},\"primaryImageOfPage\":{\"@id\":\"https:\\\/\\\/www.pause-au-naturelle.com\\\/produit\\\/the-sultan-silhouette-perte-de-poids\\\/#primaryimage\"},\"image\":{\"@id\":\"https:\\\/\\\/www.pause-au-naturelle.com\\\/produit\\\/the-sultan-silhouette-perte-de-poids\\\/#primaryimage\"},\"thumbnailUrl\":\"https:\\\/\\\/www.pause-au-naturelle.com\\\/wp-content\\\/uploads\\\/2024\\\/01\\\/The-Sultan-silhouette-perte-de-poids-20-sachets.jpg\",\"datePublished\":\"2024-01-07T17:45:23+00:00\",\"dateModified\":\"2026-04-26T21:52:39+00:00\",\"description\":\"Le th\u00e9 Sultan Silhouette est un m\u00e9lange unique de saveurs et d'ingr\u00e9dients sp\u00e9cialement con\u00e7us pour favoriser la\u00a0gestion du poids.\",\"breadcrumb\":{\"@id\":\"https:\\\/\\\/www.pause-au-naturelle.com\\\/produit\\\/the-sultan-silhouette-perte-de-poids\\\/#breadcrumb\"},\"inLanguage\":\"es\",\"potentialAction\":[{\"@type\":\"ReadAction\",\"target\":[\"https:\\\/\\\/www.pause-au-naturelle.com\\\/produit\\\/the-sultan-silhouette-perte-de-poids\\\/\"]}]},{\"@type\":\"ImageObject\",\"inLanguage\":\"es\",\"@id\":\"https:\\\/\\\/www.pause-au-naturelle.com\\\/produit\\\/the-sultan-silhouette-perte-de-poids\\\/#primaryimage\",\"url\":\"https:\\\/\\\/www.pause-au-naturelle.com\\\/wp-content\\\/uploads\\\/2024\\\/01\\\/The-Sultan-silhouette-perte-de-poids-20-sachets.jpg\",\"contentUrl\":\"https:\\\/\\\/www.pause-au-naturelle.com\\\/wp-content\\\/uploads\\\/2024\\\/01\\\/The-Sultan-silhouette-perte-de-poids-20-sachets.jpg\",\"width\":600,\"height\":600,\"caption\":\"Th\u00e9 Sultan silhouette perte de poids (20 sachets)\"},{\"@type\":\"BreadcrumbList\",\"@id\":\"https:\\\/\\\/www.pause-au-naturelle.com\\\/produit\\\/the-sultan-silhouette-perte-de-poids\\\/#breadcrumb\",\"itemListElement\":[{\"@type\":\"ListItem\",\"position\":1,\"name\":\"Boutique\",\"item\":\"https:\\\/\\\/www.pause-au-naturelle.com\\\/boutique\\\/\"},{\"@type\":\"ListItem\",\"position\":2,\"name\":\"Th\u00e9 Sultan silhouette perte de poids (20 sachets)\"}]},{\"@type\":\"WebSite\",\"@id\":\"https:\\\/\\\/www.pause-au-naturelle.com\\\/#website\",\"url\":\"https:\\\/\\\/www.pause-au-naturelle.com\\\/\",\"name\":\"Pause au Naturelle\",\"description\":\"\",\"publisher\":{\"@id\":\"https:\\\/\\\/www.pause-au-naturelle.com\\\/#organization\"},\"potentialAction\":[{\"@type\":\"SearchAction\",\"target\":{\"@type\":\"EntryPoint\",\"urlTemplate\":\"https:\\\/\\\/www.pause-au-naturelle.com\\\/?s={search_term_string}\"},\"query-input\":{\"@type\":\"PropertyValueSpecification\",\"valueRequired\":true,\"valueName\":\"search_term_string\"}}],\"inLanguage\":\"es\"},{\"@type\":\"Organization\",\"@id\":\"https:\\\/\\\/www.pause-au-naturelle.com\\\/#organization\",\"name\":\"Pause au naturelle\",\"url\":\"https:\\\/\\\/www.pause-au-naturelle.com\\\/\",\"logo\":{\"@type\":\"ImageObject\",\"inLanguage\":\"es\",\"@id\":\"https:\\\/\\\/www.pause-au-naturelle.com\\\/#\\\/schema\\\/logo\\\/image\\\/\",\"url\":\"https:\\\/\\\/www.pause-au-naturelle.com\\\/wp-content\\\/uploads\\\/2020\\\/06\\\/logo.png\",\"contentUrl\":\"https:\\\/\\\/www.pause-au-naturelle.com\\\/wp-content\\\/uploads\\\/2020\\\/06\\\/logo.png\",\"width\":250,\"height\":250,\"caption\":\"Pause au naturelle\"},\"image\":{\"@id\":\"https:\\\/\\\/www.pause-au-naturelle.com\\\/#\\\/schema\\\/logo\\\/image\\\/\"}}]}<\/script>\n<!-- \/ Yoast SEO plugin. -->","yoast_head_json":{"title":"T\u00e9 Sultan Silhouette | Ayuda a perder peso | 20 bolsitas","description":"El t\u00e9 Sultan Silhouette es una mezcla \u00fanica de sabores e ingredientes especialmente dise\u00f1ada para favorecer el control del peso.","robots":{"index":"index","follow":"follow","max-snippet":"max-snippet:-1","max-image-preview":"max-image-preview:large","max-video-preview":"max-video-preview:-1"},"canonical":"https:\/\/www.pause-au-naturelle.com\/es\/producto\/la-silueta-del-sultan-perdida-de-peso\/","og_locale":"es_ES","og_type":"article","og_title":"Th\u00e9 Sultan silhouette | Aide \u00e0 la perte de poids | 20 sachets","og_description":"Le th\u00e9 Sultan Silhouette est un m\u00e9lange unique de saveurs et d'ingr\u00e9dients sp\u00e9cialement con\u00e7us pour favoriser la\u00a0gestion du poids.","og_url":"https:\/\/www.pause-au-naturelle.com\/es\/producto\/la-silueta-del-sultan-perdida-de-peso\/","og_site_name":"Pause au Naturelle","article_modified_time":"2026-04-26T21:52:39+00:00","og_image":[{"width":600,"height":600,"url":"https:\/\/www.pause-au-naturelle.com\/wp-content\/uploads\/2024\/01\/The-Sultan-silhouette-perte-de-poids-20-sachets.jpg","type":"image\/jpeg"}],"twitter_card":"summary_large_image","twitter_misc":{"Tiempo de lectura":"3 minutos"},"schema":{"@context":"https:\/\/schema.org","@graph":[{"@type":"WebPage","@id":"https:\/\/www.pause-au-naturelle.com\/produit\/the-sultan-silhouette-perte-de-poids\/","url":"https:\/\/www.pause-au-naturelle.com\/produit\/the-sultan-silhouette-perte-de-poids\/","name":"T\u00e9 Sultan Silhouette | Ayuda a perder peso | 20 bolsitas","isPartOf":{"@id":"https:\/\/www.pause-au-naturelle.com\/#website"},"primaryImageOfPage":{"@id":"https:\/\/www.pause-au-naturelle.com\/produit\/the-sultan-silhouette-perte-de-poids\/#primaryimage"},"image":{"@id":"https:\/\/www.pause-au-naturelle.com\/produit\/the-sultan-silhouette-perte-de-poids\/#primaryimage"},"thumbnailUrl":"https:\/\/www.pause-au-naturelle.com\/wp-content\/uploads\/2024\/01\/The-Sultan-silhouette-perte-de-poids-20-sachets.jpg","datePublished":"2024-01-07T17:45:23+00:00","dateModified":"2026-04-26T21:52:39+00:00","description":"El t\u00e9 Sultan Silhouette es una mezcla \u00fanica de sabores e ingredientes especialmente dise\u00f1ada para favorecer el control del peso.","breadcrumb":{"@id":"https:\/\/www.pause-au-naturelle.com\/produit\/the-sultan-silhouette-perte-de-poids\/#breadcrumb"},"inLanguage":"es","potentialAction":[{"@type":"ReadAction","target":["https:\/\/www.pause-au-naturelle.com\/produit\/the-sultan-silhouette-perte-de-poids\/"]}]},{"@type":"ImageObject","inLanguage":"es","@id":"https:\/\/www.pause-au-naturelle.com\/produit\/the-sultan-silhouette-perte-de-poids\/#primaryimage","url":"https:\/\/www.pause-au-naturelle.com\/wp-content\/uploads\/2024\/01\/The-Sultan-silhouette-perte-de-poids-20-sachets.jpg","contentUrl":"https:\/\/www.pause-au-naturelle.com\/wp-content\/uploads\/2024\/01\/The-Sultan-silhouette-perte-de-poids-20-sachets.jpg","width":600,"height":600,"caption":"Th\u00e9 Sultan silhouette perte de poids (20 sachets)"},{"@type":"BreadcrumbList","@id":"https:\/\/www.pause-au-naturelle.com\/produit\/the-sultan-silhouette-perte-de-poids\/#breadcrumb","itemListElement":[{"@type":"ListItem","position":1,"name":"Boutique","item":"https:\/\/www.pause-au-naturelle.com\/boutique\/"},{"@type":"ListItem","position":2,"name":"Th\u00e9 Sultan silhouette perte de poids (20 sachets)"}]},{"@type":"WebSite","@id":"https:\/\/www.pause-au-naturelle.com\/#website","url":"https:\/\/www.pause-au-naturelle.com\/","name":"Pausa en la naturaleza","description":"","publisher":{"@id":"https:\/\/www.pause-au-naturelle.com\/#organization"},"potentialAction":[{"@type":"SearchAction","target":{"@type":"EntryPoint","urlTemplate":"https:\/\/www.pause-au-naturelle.com\/?s={search_term_string}"},"query-input":{"@type":"PropertyValueSpecification","valueRequired":true,"valueName":"search_term_string"}}],"inLanguage":"es"},{"@type":"Organization","@id":"https:\/\/www.pause-au-naturelle.com\/#organization","name":"Pausa al aire libre","url":"https:\/\/www.pause-au-naturelle.com\/","logo":{"@type":"ImageObject","inLanguage":"es","@id":"https:\/\/www.pause-au-naturelle.com\/#\/schema\/logo\/image\/","url":"https:\/\/www.pause-au-naturelle.com\/wp-content\/uploads\/2020\/06\/logo.png","contentUrl":"https:\/\/www.pause-au-naturelle.com\/wp-content\/uploads\/2020\/06\/logo.png","width":250,"height":250,"caption":"Pause au naturelle"},"image":{"@id":"https:\/\/www.pause-au-naturelle.com\/#\/schema\/logo\/image\/"}}]}},"_links":{"self":[{"href":"https:\/\/www.pause-au-naturelle.com\/es\/wp-json\/wp\/v2\/product\/9628","targetHints":{"allow":["GET"]}}],"collection":[{"href":"https:\/\/www.pause-au-naturelle.com\/es\/wp-json\/wp\/v2\/product"}],"about":[{"href":"https:\/\/www.pause-au-naturelle.com\/es\/wp-json\/wp\/v2\/types\/product"}],"wp:featuredmedia":[{"embeddable":true,"href":"https:\/\/www.pause-au-naturelle.com\/es\/wp-json\/wp\/v2\/media\/9629"}],"wp:attachment":[{"href":"https:\/\/www.pause-au-naturelle.com\/es\/wp-json\/wp\/v2\/media?parent=9628"}],"wp:term":[{"taxonomy":"product_brand","embeddable":true,"href":"https:\/\/www.pause-au-naturelle.com\/es\/wp-json\/wp\/v2\/product_brand?post=9628"},{"taxonomy":"product_cat","embeddable":true,"href":"https:\/\/www.pause-au-naturelle.com\/es\/wp-json\/wp\/v2\/product_cat?post=9628"},{"taxonomy":"product_tag","embeddable":true,"href":"https:\/\/www.pause-au-naturelle.com\/es\/wp-json\/wp\/v2\/product_tag?post=9628"}],"curies":[{"name":"wp","href":"https:\/\/api.w.org\/{rel}","templated":true}]}}