{"id":9672,"date":"2024-02-09T17:35:31","date_gmt":"2024-02-09T17:35:31","guid":{"rendered":"https:\/\/www.pause-au-naturelle.com\/?post_type=product&#038;p=9672"},"modified":"2026-01-04T14:53:18","modified_gmt":"2026-01-04T14:53:18","slug":"khamare-raices-de-vetiver","status":"publish","type":"product","link":"https:\/\/www.pause-au-naturelle.com\/es\/produit\/khamare-racines-de-vetiver\/","title":{"rendered":"Khamar\u00e9 fertilidad"},"content":{"rendered":"<p>En el \u00e1mbito de la higiene y el bienestar \u00edntimo femenino, hay diversos productos en constante evoluci\u00f3n. Sin embargo, algunos remedios naturales ancestrales siguen siendo hoy en d\u00eda una referencia inigualable. Es el caso, en particular, de la famosa\u00a0<strong>Varilla africana Khamar\u00e9 ampliamente reconocida por sus aut\u00e9nticas propiedades beneficiosas para la higiene \u00edntima femenina.<\/strong>. Procedente de las ra\u00edces de los tallos de vetiver, utilizadas desde hace varias generaciones por las mujeres africanas, este producto es un aut\u00e9ntico tesoro de la medicina tradicional.<\/p>\n<h2><strong>Descubriendo la tribu africana Khamare<\/strong><\/h2>\n<h3><strong>\u00bfQu\u00e9 es la vara africana Khamare?<\/strong><\/h3>\n<p>La varilla africana Khamar\u00e9 no es m\u00e1s que un trozo de ra\u00edz de vetiver. El <strong>vetiver (Vetiveria zizanioides)<\/strong>\u00a0es una planta perenne muy extendida en \u00c1frica y conocida desde la antig\u00fcedad por sus propiedades medicinales y <a href=\"https:\/\/www.pause-au-naturelle.com\/es\/2023\/12\/31\/cosmetica-natural-6-letras\/\"><strong>cosm\u00e9ticos<\/strong><\/a>. Es importante destacar que el proceso de fabricaci\u00f3n garantiza no solo su eficacia, sino tambi\u00e9n su calidad impecable.<\/p>\n<h3><strong>\u00bfC\u00f3mo se utiliza la varilla africana de vetiver?<\/strong><\/h3>\n<p>El uso de la varilla africana Khamare es muy sencillo y accesible para todas. De hecho, basta con humedecer ligeramente la varilla con agua y frotarla delicadamente sobre las partes \u00edntimas para disfrutar de sus beneficios. Se recomienda utilizar la varilla Khamare despu\u00e9s de cada aseo \u00edntimo o ducha para garantizar una higiene \u00edntima \u00f3ptima.<\/p>\n<h3><strong>\u00bfCu\u00e1les son las ventajas de utilizar Khamar\u00e9?<\/strong><\/h3>\n<p>La vara africana Khamar\u00e9 ofrece <strong>Un concentrado de m\u00faltiples beneficios para el bienestar de las mujeres.<\/strong>. Su uso diario la convierte en una soluci\u00f3n eficaz para prevenir y tratar diversos problemas comunes relacionados con la higiene \u00edntima femenina.<\/p>\n<h2><strong>Las innegables virtudes de la varilla africana Khamar\u00e9 para la higiene \u00edntima<\/strong><\/h2>\n<ul>\n<li><strong>Un potente antiinfeccioso natural<\/strong><\/li>\n<\/ul>\n<p>La primera ventaja que presenta la varilla africana Khamar\u00e9 en su acci\u00f3n sobre la higiene \u00edntima es su capacidad para eliminar las bacterias pat\u00f3genas. As\u00ed, <strong>Este antiinfeccioso natural contribuye de forma proactiva a prevenir y combatir las infecciones vaginales, como la vaginosis bacteriana y las micosis vaginales.<\/strong>.<\/p>\n<ul>\n<li><strong>La regulaci\u00f3n del pH vaginal<\/strong><\/li>\n<\/ul>\n<p>M\u00e1s all\u00e1 de sus propiedades antiinfecciosas, la planta africana Khamar\u00e9 participa activamente en la regulaci\u00f3n del pH vaginal. Al mantener el equilibrio de la flora vaginal, <strong>La varilla Khamar\u00e9 previene los desequilibrios que pueden provocar la proliferaci\u00f3n de bacterias y hongos perjudiciales para la intimidad femenina.<\/strong>.<\/p>\n<ul>\n<li><strong>Un desodorante natural eficaz<\/strong><\/li>\n<\/ul>\n<p>Por \u00faltimo, las ra\u00edces de vetiver tambi\u00e9n son un excelente desodorante \u00edntimo. Ayudan a eliminar los olores desagradables que suelen asociarse a las infecciones vaginales. <strong>Su acci\u00f3n purificante y refrescante garantiza una sensaci\u00f3n de frescor duradera.<\/strong>, lo que refuerza su uso diario para el bienestar \u00edntimo.<\/p>\n<h3><strong>Las ra\u00edces de vetiver: s\u00edmbolo de feminidad y sensualidad<\/strong><\/h3>\n<p>La higiene \u00edntima no solo es crucial para la salud de las mujeres, ya que evita la contaminaci\u00f3n por microorganismos indeseables, sino que tambi\u00e9n es una garant\u00eda de feminidad asumida. Cada vez son m\u00e1s las mujeres preocupadas por su bienestar que recurren a la t\u00eda africana Khamar\u00e9 por sus propiedades sensoriales y afrodis\u00edacas.<\/p>\n<ul>\n<li><strong>Una fragancia singular:<\/strong> La varilla africana Khamar\u00e9 desprende de forma natural un aroma embriagador y suave que despierta los sentidos.<\/li>\n<li><strong>Un poder afrodis\u00edaco:<\/strong>\u00a0M\u00e1s all\u00e1 de su aroma, la acci\u00f3n estimulante y revitalizante de esta planta africana tambi\u00e9n es conocida por favorecer la armon\u00eda de las emociones y las relaciones \u00edntimas.<\/li>\n<\/ul>","protected":false},"excerpt":{"rendered":"<p>Dans le domaine de l&rsquo;hygi\u00e8ne et du bien-\u00eatre intime f\u00e9minin, divers produits sont en constante \u00e9volution. Pourtant, certains rem\u00e8des naturels ancestraux restent aujourd&rsquo;hui encore une r\u00e9f\u00e9rence in\u00e9galable. C&rsquo;est le cas notamment avec la fameuse\u00a0tige africaine Khamar\u00e9 largement reconnue pour ses v\u00e9ritables vertus bienfaisantes en mati\u00e8re d&rsquo;hygi\u00e8ne intime chez les femmes. Issu des racines de tiges [&#8230;]\n","protected":false},"featured_media":9762,"template":"","meta":[],"product_brand":[],"product_cat":[100],"product_tag":[],"class_list":{"0":"post-9672","1":"product","2":"type-product","3":"status-publish","4":"has-post-thumbnail","6":"product_cat-bien-etre-beaute","8":"first","9":"instock","10":"shipping-taxable","11":"purchasable","12":"product-type-variable"},"yoast_head":"<!-- This site is optimized with the Yoast SEO plugin v27.5 - https:\/\/yoast.com\/product\/yoast-seo-wordpress\/ -->\n<title>Khamar\u00e9 (Racines de tiges de vetiver) | Bienfaits pour la fertilit\u00e9<\/title>\n<meta name=\"description\" content=\"Zoom sur la fameuse\u00a0tige africaine Khamar\u00e9 largement reconnue pour ses v\u00e9ritables vertus bienfaisantes en mati\u00e8re d&#039;hygi\u00e8ne intime chez les femmes.\" \/>\n<meta name=\"robots\" content=\"index, follow, max-snippet:-1, max-image-preview:large, max-video-preview:-1\" \/>\n<link rel=\"canonical\" href=\"https:\/\/www.pause-au-naturelle.com\/es\/producto\/khamare-raices-de-vetiver\/\" \/>\n<meta property=\"og:locale\" content=\"es_ES\" \/>\n<meta property=\"og:type\" content=\"article\" \/>\n<meta property=\"og:title\" content=\"Khamar\u00e9 (Racines de tiges de vetiver) | Bienfaits pour la fertilit\u00e9\" \/>\n<meta property=\"og:description\" content=\"Zoom sur la fameuse\u00a0tige africaine Khamar\u00e9 largement reconnue pour ses v\u00e9ritables vertus bienfaisantes en mati\u00e8re d&#039;hygi\u00e8ne intime chez les femmes.\" \/>\n<meta property=\"og:url\" content=\"https:\/\/www.pause-au-naturelle.com\/es\/producto\/khamare-raices-de-vetiver\/\" \/>\n<meta property=\"og:site_name\" content=\"Pause au Naturelle\" \/>\n<meta property=\"article:modified_time\" content=\"2026-01-04T14:53:18+00:00\" \/>\n<meta property=\"og:image\" content=\"https:\/\/www.pause-au-naturelle.com\/wp-content\/uploads\/2024\/01\/khamare-racines-de-vetiver.jpg\" \/>\n\t<meta property=\"og:image:width\" content=\"600\" \/>\n\t<meta property=\"og:image:height\" content=\"600\" \/>\n\t<meta property=\"og:image:type\" content=\"image\/jpeg\" \/>\n<meta name=\"twitter:card\" content=\"summary_large_image\" \/>\n<meta name=\"twitter:label1\" content=\"Tiempo de lectura\" \/>\n\t<meta name=\"twitter:data1\" content=\"3 minutos\" \/>\n<script type=\"application\/ld+json\" class=\"yoast-schema-graph\">{\"@context\":\"https:\\\/\\\/schema.org\",\"@graph\":[{\"@type\":\"WebPage\",\"@id\":\"https:\\\/\\\/www.pause-au-naturelle.com\\\/produit\\\/khamare-racines-de-vetiver\\\/\",\"url\":\"https:\\\/\\\/www.pause-au-naturelle.com\\\/produit\\\/khamare-racines-de-vetiver\\\/\",\"name\":\"Khamar\u00e9 (Racines de tiges de vetiver) | Bienfaits pour la fertilit\u00e9\",\"isPartOf\":{\"@id\":\"https:\\\/\\\/www.pause-au-naturelle.com\\\/#website\"},\"primaryImageOfPage\":{\"@id\":\"https:\\\/\\\/www.pause-au-naturelle.com\\\/produit\\\/khamare-racines-de-vetiver\\\/#primaryimage\"},\"image\":{\"@id\":\"https:\\\/\\\/www.pause-au-naturelle.com\\\/produit\\\/khamare-racines-de-vetiver\\\/#primaryimage\"},\"thumbnailUrl\":\"https:\\\/\\\/www.pause-au-naturelle.com\\\/wp-content\\\/uploads\\\/2024\\\/01\\\/khamare-racines-de-vetiver.jpg\",\"datePublished\":\"2024-02-09T17:35:31+00:00\",\"dateModified\":\"2026-01-04T14:53:18+00:00\",\"description\":\"Zoom sur la fameuse\u00a0tige africaine Khamar\u00e9 largement reconnue pour ses v\u00e9ritables vertus bienfaisantes en mati\u00e8re d'hygi\u00e8ne intime chez les femmes.\",\"breadcrumb\":{\"@id\":\"https:\\\/\\\/www.pause-au-naturelle.com\\\/produit\\\/khamare-racines-de-vetiver\\\/#breadcrumb\"},\"inLanguage\":\"es\",\"potentialAction\":[{\"@type\":\"ReadAction\",\"target\":[\"https:\\\/\\\/www.pause-au-naturelle.com\\\/produit\\\/khamare-racines-de-vetiver\\\/\"]}]},{\"@type\":\"ImageObject\",\"inLanguage\":\"es\",\"@id\":\"https:\\\/\\\/www.pause-au-naturelle.com\\\/produit\\\/khamare-racines-de-vetiver\\\/#primaryimage\",\"url\":\"https:\\\/\\\/www.pause-au-naturelle.com\\\/wp-content\\\/uploads\\\/2024\\\/01\\\/khamare-racines-de-vetiver.jpg\",\"contentUrl\":\"https:\\\/\\\/www.pause-au-naturelle.com\\\/wp-content\\\/uploads\\\/2024\\\/01\\\/khamare-racines-de-vetiver.jpg\",\"width\":600,\"height\":600,\"caption\":\"Khamar\u00e9 fertilit\u00e9 (10 racines de tiges de vetiver)\"},{\"@type\":\"BreadcrumbList\",\"@id\":\"https:\\\/\\\/www.pause-au-naturelle.com\\\/produit\\\/khamare-racines-de-vetiver\\\/#breadcrumb\",\"itemListElement\":[{\"@type\":\"ListItem\",\"position\":1,\"name\":\"Boutique\",\"item\":\"https:\\\/\\\/www.pause-au-naturelle.com\\\/boutique\\\/\"},{\"@type\":\"ListItem\",\"position\":2,\"name\":\"Khamar\u00e9 fertilit\u00e9\"}]},{\"@type\":\"WebSite\",\"@id\":\"https:\\\/\\\/www.pause-au-naturelle.com\\\/#website\",\"url\":\"https:\\\/\\\/www.pause-au-naturelle.com\\\/\",\"name\":\"Pause au Naturelle\",\"description\":\"\",\"publisher\":{\"@id\":\"https:\\\/\\\/www.pause-au-naturelle.com\\\/#organization\"},\"potentialAction\":[{\"@type\":\"SearchAction\",\"target\":{\"@type\":\"EntryPoint\",\"urlTemplate\":\"https:\\\/\\\/www.pause-au-naturelle.com\\\/?s={search_term_string}\"},\"query-input\":{\"@type\":\"PropertyValueSpecification\",\"valueRequired\":true,\"valueName\":\"search_term_string\"}}],\"inLanguage\":\"es\"},{\"@type\":\"Organization\",\"@id\":\"https:\\\/\\\/www.pause-au-naturelle.com\\\/#organization\",\"name\":\"Pause au naturelle\",\"url\":\"https:\\\/\\\/www.pause-au-naturelle.com\\\/\",\"logo\":{\"@type\":\"ImageObject\",\"inLanguage\":\"es\",\"@id\":\"https:\\\/\\\/www.pause-au-naturelle.com\\\/#\\\/schema\\\/logo\\\/image\\\/\",\"url\":\"https:\\\/\\\/www.pause-au-naturelle.com\\\/wp-content\\\/uploads\\\/2020\\\/06\\\/logo.png\",\"contentUrl\":\"https:\\\/\\\/www.pause-au-naturelle.com\\\/wp-content\\\/uploads\\\/2020\\\/06\\\/logo.png\",\"width\":250,\"height\":250,\"caption\":\"Pause au naturelle\"},\"image\":{\"@id\":\"https:\\\/\\\/www.pause-au-naturelle.com\\\/#\\\/schema\\\/logo\\\/image\\\/\"}}]}<\/script>\n<!-- \/ Yoast SEO plugin. -->","yoast_head_json":{"title":"Khamar\u00e9 (ra\u00edces de tallos de vetiver) | Beneficios para la fertilidad","description":"Zoom sobre la famosa varilla africana Khamar\u00e9, ampliamente reconocida por sus aut\u00e9nticas propiedades beneficiosas para la higiene \u00edntima femenina.","robots":{"index":"index","follow":"follow","max-snippet":"max-snippet:-1","max-image-preview":"max-image-preview:large","max-video-preview":"max-video-preview:-1"},"canonical":"https:\/\/www.pause-au-naturelle.com\/es\/producto\/khamare-raices-de-vetiver\/","og_locale":"es_ES","og_type":"article","og_title":"Khamar\u00e9 (Racines de tiges de vetiver) | Bienfaits pour la fertilit\u00e9","og_description":"Zoom sur la fameuse\u00a0tige africaine Khamar\u00e9 largement reconnue pour ses v\u00e9ritables vertus bienfaisantes en mati\u00e8re d'hygi\u00e8ne intime chez les femmes.","og_url":"https:\/\/www.pause-au-naturelle.com\/es\/producto\/khamare-raices-de-vetiver\/","og_site_name":"Pause au Naturelle","article_modified_time":"2026-01-04T14:53:18+00:00","og_image":[{"width":600,"height":600,"url":"https:\/\/www.pause-au-naturelle.com\/wp-content\/uploads\/2024\/01\/khamare-racines-de-vetiver.jpg","type":"image\/jpeg"}],"twitter_card":"summary_large_image","twitter_misc":{"Tiempo de lectura":"3 minutos"},"schema":{"@context":"https:\/\/schema.org","@graph":[{"@type":"WebPage","@id":"https:\/\/www.pause-au-naturelle.com\/produit\/khamare-racines-de-vetiver\/","url":"https:\/\/www.pause-au-naturelle.com\/produit\/khamare-racines-de-vetiver\/","name":"Khamar\u00e9 (ra\u00edces de tallos de vetiver) | Beneficios para la fertilidad","isPartOf":{"@id":"https:\/\/www.pause-au-naturelle.com\/#website"},"primaryImageOfPage":{"@id":"https:\/\/www.pause-au-naturelle.com\/produit\/khamare-racines-de-vetiver\/#primaryimage"},"image":{"@id":"https:\/\/www.pause-au-naturelle.com\/produit\/khamare-racines-de-vetiver\/#primaryimage"},"thumbnailUrl":"https:\/\/www.pause-au-naturelle.com\/wp-content\/uploads\/2024\/01\/khamare-racines-de-vetiver.jpg","datePublished":"2024-02-09T17:35:31+00:00","dateModified":"2026-01-04T14:53:18+00:00","description":"Zoom sobre la famosa varilla africana Khamar\u00e9, ampliamente reconocida por sus aut\u00e9nticas propiedades beneficiosas para la higiene \u00edntima femenina.","breadcrumb":{"@id":"https:\/\/www.pause-au-naturelle.com\/produit\/khamare-racines-de-vetiver\/#breadcrumb"},"inLanguage":"es","potentialAction":[{"@type":"ReadAction","target":["https:\/\/www.pause-au-naturelle.com\/produit\/khamare-racines-de-vetiver\/"]}]},{"@type":"ImageObject","inLanguage":"es","@id":"https:\/\/www.pause-au-naturelle.com\/produit\/khamare-racines-de-vetiver\/#primaryimage","url":"https:\/\/www.pause-au-naturelle.com\/wp-content\/uploads\/2024\/01\/khamare-racines-de-vetiver.jpg","contentUrl":"https:\/\/www.pause-au-naturelle.com\/wp-content\/uploads\/2024\/01\/khamare-racines-de-vetiver.jpg","width":600,"height":600,"caption":"Khamar\u00e9 fertilit\u00e9 (10 racines de tiges de vetiver)"},{"@type":"BreadcrumbList","@id":"https:\/\/www.pause-au-naturelle.com\/produit\/khamare-racines-de-vetiver\/#breadcrumb","itemListElement":[{"@type":"ListItem","position":1,"name":"Boutique","item":"https:\/\/www.pause-au-naturelle.com\/boutique\/"},{"@type":"ListItem","position":2,"name":"Khamar\u00e9 fertilit\u00e9"}]},{"@type":"WebSite","@id":"https:\/\/www.pause-au-naturelle.com\/#website","url":"https:\/\/www.pause-au-naturelle.com\/","name":"Pausa en la naturaleza","description":"","publisher":{"@id":"https:\/\/www.pause-au-naturelle.com\/#organization"},"potentialAction":[{"@type":"SearchAction","target":{"@type":"EntryPoint","urlTemplate":"https:\/\/www.pause-au-naturelle.com\/?s={search_term_string}"},"query-input":{"@type":"PropertyValueSpecification","valueRequired":true,"valueName":"search_term_string"}}],"inLanguage":"es"},{"@type":"Organization","@id":"https:\/\/www.pause-au-naturelle.com\/#organization","name":"Pausa al aire libre","url":"https:\/\/www.pause-au-naturelle.com\/","logo":{"@type":"ImageObject","inLanguage":"es","@id":"https:\/\/www.pause-au-naturelle.com\/#\/schema\/logo\/image\/","url":"https:\/\/www.pause-au-naturelle.com\/wp-content\/uploads\/2020\/06\/logo.png","contentUrl":"https:\/\/www.pause-au-naturelle.com\/wp-content\/uploads\/2020\/06\/logo.png","width":250,"height":250,"caption":"Pause au naturelle"},"image":{"@id":"https:\/\/www.pause-au-naturelle.com\/#\/schema\/logo\/image\/"}}]}},"_links":{"self":[{"href":"https:\/\/www.pause-au-naturelle.com\/es\/wp-json\/wp\/v2\/product\/9672","targetHints":{"allow":["GET"]}}],"collection":[{"href":"https:\/\/www.pause-au-naturelle.com\/es\/wp-json\/wp\/v2\/product"}],"about":[{"href":"https:\/\/www.pause-au-naturelle.com\/es\/wp-json\/wp\/v2\/types\/product"}],"wp:featuredmedia":[{"embeddable":true,"href":"https:\/\/www.pause-au-naturelle.com\/es\/wp-json\/wp\/v2\/media\/9762"}],"wp:attachment":[{"href":"https:\/\/www.pause-au-naturelle.com\/es\/wp-json\/wp\/v2\/media?parent=9672"}],"wp:term":[{"taxonomy":"product_brand","embeddable":true,"href":"https:\/\/www.pause-au-naturelle.com\/es\/wp-json\/wp\/v2\/product_brand?post=9672"},{"taxonomy":"product_cat","embeddable":true,"href":"https:\/\/www.pause-au-naturelle.com\/es\/wp-json\/wp\/v2\/product_cat?post=9672"},{"taxonomy":"product_tag","embeddable":true,"href":"https:\/\/www.pause-au-naturelle.com\/es\/wp-json\/wp\/v2\/product_tag?post=9672"}],"curies":[{"name":"wp","href":"https:\/\/api.w.org\/{rel}","templated":true}]}}