{"id":3,"date":"2019-12-28T18:32:02","date_gmt":"2019-12-28T18:32:02","guid":{"rendered":"http:\/\/pause-au-naturelle.com\/?page_id=3"},"modified":"2021-01-23T17:02:23","modified_gmt":"2021-01-23T17:02:23","slug":"politica-sulla-privacy","status":"publish","type":"page","link":"https:\/\/www.pause-au-naturelle.com\/it\/politique-de-confidentialite\/","title":{"rendered":"Informativa sulla privacy"},"content":{"rendered":"<p><strong>UTILIZZO DEI DATI PERSONALI RACCOLTI<\/strong><\/p>\n\n\n\n<p>Il sito web https:\/\/www.pause-au-naturelle.com \u00e8 stato sviluppato https:\/\/www.pause-au-naturelle.com<\/p>\n\n\n\n<p>Per qualsiasi domanda, non esitate a contattarci via e-mail: pauseaunaturelle@gmail.com.<\/p>\n\n\n\n<p>Per lo svolgimento delle proprie attivit\u00e0, Pause au naturelle raccoglie i vostri dati personali, che vi sono stati richiesti al momento della registrazione come utenti o clienti del sito.<\/p>\n\n\n\n<p>Pause au naturel rispetta tutte le leggi e le normative sulla protezione dei dati.<\/p>\n\n\n\n<p>Pause au naturel raccoglie, elabora e utilizza i dati personali dei membri del sito https:\/\/www.pause-au-naturelle.com, se ci\u00f2 \u00e8 essenziale per l'adempimento degli impegni legati al contratto o alla fatturazione.<\/p>\n\n\n\n<p>L'utente pu\u00f2 contattarci per ottenere una copia delle informazioni in nostro possesso sul suo profilo.<\/p>\n\n\n\n<p><strong>PROTEZIONE DEI DATI PERSONALI<\/strong><\/p>\n\n\n\n<p><strong>Google Analytics, Google AdWords Conversion Tracking, Google Remarketing, Pixel Facebook<\/strong><\/p>\n\n\n\n<p>Questo sito web utilizza Google Analytics, Google AdWords Conversion Tracking, Google Remarketing e il pixel di Facebook. Google e Facebook utilizzano dei cookie (file di testo) che vengono memorizzati sul vostro computer. Questi vengono utilizzati per analizzare l'utilizzo del sito da parte dell'utente.<\/p>\n\n\n\n<p>Google Analytics e il pixel di Facebook acquisiscono informazioni in forma anonima. Le statistiche del sito non contengono informazioni personali sui visitatori. I cookie utilizzati sono cookie a doppio clic per comunicare i dati a terzi che li elaborano per consentire il remarketing per prodotti come AdWords della rete Google. Nei cookie vengono registrate informazioni quali, ad esempio, l'orario delle visite. Vengono inoltre registrate informazioni aggiuntive, come ad esempio se si tratta della prima visita dell'utente al sito e quali informazioni sul sito hanno portato il visitatore alla pagina web. Le informazioni fornite dai cookie vengono trasmesse ai server di Google e Facebook, dove vengono memorizzate. Google pu\u00f2 anche trasferire queste informazioni a terzi, se ci\u00f2 \u00e8 richiesto dalla legge o se tali terzi elaborano le informazioni per conto di Google. Google rispetta le disposizioni in materia di protezione dei dati del Safe Harbor statunitense e figura tra i partecipanti al programma Safe Harbor del Dipartimento del Commercio degli Stati Uniti. Per il Conversion Tracking di Google Adwords, viene utilizzato un cookie per determinare i servizi forniti dopo che l'utente ha cliccato su un annuncio AdWords. Nell'ambito di Google Remarketing, il modo in cui gli utenti di Internet navigano sulle pagine del sito viene registrato in forma anonima attraverso i cookie di marketing e utilizzato per adattare gli annunci pubblicitari alle aree di interesse degli utenti.<\/p>\n\n\n\n<p>Questo sistema non raccoglie o registra in alcun modo dati personali che possano identificare i visitatori del sito web. La raccolta e la registrazione dei dati possono essere interrotte in qualsiasi momento. L'utilizzo dei cookie per il Conversion Tracking di Google Adwords e il Remarketing di Google pu\u00f2 essere identificato all'indirizzo www.google.com\/ads\/preferences e disattivato all'indirizzo www.networkadvertising.org\/managing\/opt_out.asp.<\/p>\n\n\n\n<p>Se si desidera eliminare tutti i cookie presenti nel browser, \u00e8 necessario ripetere l'operazione. \u00c8 possibile impedire del tutto l'installazione dei cookie nel browser effettuando le impostazioni appropriate. Se desiderate disattivare Google Analytics, potete trovare il relativo addon per il browser all'indirizzo https:\/\/tools.google.com\/dlpage\/gaoptout?hl=fr.<\/p>\n\n\n\n<p>Utilizzando il presente sito web, l'utente acconsente alla memorizzazione e all'elaborazione dei propri dati per gli scopi sopra indicati. Ulteriori informazioni sulla pubblicit\u00e0 di Google e sulla protezione dei dati sono disponibili all'indirizzo http:\/\/www.google.ch\/intl\/fr\/policies\/technologies\/ads\/.<\/p>\n\n\n\n<p><strong>REGOLE DI SICUREZZA RELATIVE AI DATI RACCOLTI<\/strong><\/p>\n\n\n\n<p>Tutte le informazioni registrate sul nostro sito web non possono essere lette da altri utenti di Internet. Tuttavia, vi chiediamo di essere vigili e di essere consapevoli delle vostre responsabilit\u00e0 in merito alle vostre informazioni sensibili (ad es. indirizzi, numeri di telefono) e ai vostri dati riservati (ad es. password, identificativi). Si noti che le aree protette da password non sono protette dall'accesso non autorizzato (hacking).<\/p>\n\n\n\n<p><strong>TRASMISSIONE DI INFORMAZIONI RACCOLTE CON LA PAUSA A<\/strong><\/p>\n\n\n\n<p>I vostri dati non saranno venduti a terzi.<\/p>\n\n\n\n<p>Inoltre, non divulgheremo le informazioni personali a terzi senza il vostro consenso, se non per ottemperare alle Condizioni generali di vendita, ai nostri diritti o per analisi statistiche.<\/p>\n\n\n\n<p><strong>INFORMAZIONI SUI VOSTRI DIRITTI<\/strong><\/p>\n\n\n\n<p>Se avete un account o se avete lasciato commenti sul sito, potete richiedere di ricevere un file contenente tutti i dati personali in nostro possesso, compresi quelli che ci avete fornito. Potete anche richiedere la cancellazione dei vostri dati personali. Sono esclusi i dati memorizzati per scopi amministrativi, legali o di sicurezza.<\/p>","protected":false},"excerpt":{"rendered":"<p>UTILISATION DES DONN\u00c9ES PERSONNELLES COLLECT\u00c9ES Le site https:\/\/www.pause-au-naturelle.com est d\u00e9velopp\u00e9 https:\/\/www.pause-au-naturelle.com Pour toute question, n\u2019h\u00e9sitez pas \u00e0 nous contacter au par email :&nbsp;pauseaunaturelle@gmail.com Pour son activit\u00e9, Pause au naturelle collecte des donn\u00e9es qui vous sont propres et que vous avez \u00e9t\u00e9 amen\u00e9s \u00e0 indiquer lors de votre inscription en tant qu\u2019utilisateur du site ou client. [&#8230;]\n","protected":false},"author":1,"featured_media":0,"parent":0,"menu_order":0,"comment_status":"closed","ping_status":"open","template":"","meta":{"footnotes":""},"class_list":["post-3","page","type-page","status-publish","hentry"],"yoast_head":"<!-- This site is optimized with the Yoast SEO plugin v27.3 - https:\/\/yoast.com\/product\/yoast-seo-wordpress\/ -->\n<title>Politique de confidentialit\u00e9 - Pause au Naturelle<\/title>\n<meta name=\"robots\" content=\"noindex, follow\" \/>\n<meta property=\"og:locale\" content=\"it_IT\" \/>\n<meta property=\"og:type\" content=\"article\" \/>\n<meta property=\"og:title\" content=\"Politique de confidentialit\u00e9 - Pause au Naturelle\" \/>\n<meta property=\"og:description\" content=\"UTILISATION DES DONN\u00c9ES PERSONNELLES COLLECT\u00c9ES Le site https:\/\/www.pause-au-naturelle.com est d\u00e9velopp\u00e9 https:\/\/www.pause-au-naturelle.com Pour toute question, n\u2019h\u00e9sitez pas \u00e0 nous contacter au par email :&nbsp;pauseaunaturelle@gmail.com Pour son activit\u00e9, Pause au naturelle collecte des donn\u00e9es qui vous sont propres et que vous avez \u00e9t\u00e9 amen\u00e9s \u00e0 indiquer lors de votre inscription en tant qu\u2019utilisateur du site ou client. [...]\" \/>\n<meta property=\"og:url\" content=\"https:\/\/www.pause-au-naturelle.com\/it\/politica-sulla-privacy\/\" \/>\n<meta property=\"og:site_name\" content=\"Pause au Naturelle\" \/>\n<meta property=\"article:modified_time\" content=\"2021-01-23T17:02:23+00:00\" \/>\n<meta property=\"og:image\" content=\"https:\/\/www.pause-au-naturelle.com\/wp-content\/uploads\/2024\/05\/logo-pause.webp\" \/>\n\t<meta property=\"og:image:width\" content=\"600\" \/>\n\t<meta property=\"og:image:height\" content=\"171\" \/>\n\t<meta property=\"og:image:type\" content=\"image\/webp\" \/>\n<meta name=\"twitter:card\" content=\"summary_large_image\" \/>\n<meta name=\"twitter:label1\" content=\"Tempo di lettura stimato\" \/>\n\t<meta name=\"twitter:data1\" content=\"4 minuti\" \/>\n<script type=\"application\/ld+json\" class=\"yoast-schema-graph\">{\"@context\":\"https:\\\/\\\/schema.org\",\"@graph\":[{\"@type\":\"WebPage\",\"@id\":\"https:\\\/\\\/www.pause-au-naturelle.com\\\/politique-de-confidentialite\\\/\",\"url\":\"https:\\\/\\\/www.pause-au-naturelle.com\\\/politique-de-confidentialite\\\/\",\"name\":\"Politique de confidentialit\u00e9 - Pause au Naturelle\",\"isPartOf\":{\"@id\":\"https:\\\/\\\/www.pause-au-naturelle.com\\\/#website\"},\"datePublished\":\"2019-12-28T18:32:02+00:00\",\"dateModified\":\"2021-01-23T17:02:23+00:00\",\"inLanguage\":\"it-IT\",\"potentialAction\":[{\"@type\":\"ReadAction\",\"target\":[\"https:\\\/\\\/www.pause-au-naturelle.com\\\/politique-de-confidentialite\\\/\"]}]},{\"@type\":\"WebSite\",\"@id\":\"https:\\\/\\\/www.pause-au-naturelle.com\\\/#website\",\"url\":\"https:\\\/\\\/www.pause-au-naturelle.com\\\/\",\"name\":\"Pause au Naturelle\",\"description\":\"\",\"publisher\":{\"@id\":\"https:\\\/\\\/www.pause-au-naturelle.com\\\/#organization\"},\"potentialAction\":[{\"@type\":\"SearchAction\",\"target\":{\"@type\":\"EntryPoint\",\"urlTemplate\":\"https:\\\/\\\/www.pause-au-naturelle.com\\\/?s={search_term_string}\"},\"query-input\":{\"@type\":\"PropertyValueSpecification\",\"valueRequired\":true,\"valueName\":\"search_term_string\"}}],\"inLanguage\":\"it-IT\"},{\"@type\":\"Organization\",\"@id\":\"https:\\\/\\\/www.pause-au-naturelle.com\\\/#organization\",\"name\":\"Pause au naturelle\",\"url\":\"https:\\\/\\\/www.pause-au-naturelle.com\\\/\",\"logo\":{\"@type\":\"ImageObject\",\"inLanguage\":\"it-IT\",\"@id\":\"https:\\\/\\\/www.pause-au-naturelle.com\\\/#\\\/schema\\\/logo\\\/image\\\/\",\"url\":\"https:\\\/\\\/www.pause-au-naturelle.com\\\/wp-content\\\/uploads\\\/2020\\\/06\\\/logo.png\",\"contentUrl\":\"https:\\\/\\\/www.pause-au-naturelle.com\\\/wp-content\\\/uploads\\\/2020\\\/06\\\/logo.png\",\"width\":250,\"height\":250,\"caption\":\"Pause au naturelle\"},\"image\":{\"@id\":\"https:\\\/\\\/www.pause-au-naturelle.com\\\/#\\\/schema\\\/logo\\\/image\\\/\"}}]}<\/script>\n<!-- \/ Yoast SEO plugin. -->","yoast_head_json":{"title":"Informativa sulla privacy - Pause au Naturelle","robots":{"index":"noindex","follow":"follow"},"og_locale":"it_IT","og_type":"article","og_title":"Politique de confidentialit\u00e9 - Pause au Naturelle","og_description":"UTILISATION DES DONN\u00c9ES PERSONNELLES COLLECT\u00c9ES Le site https:\/\/www.pause-au-naturelle.com est d\u00e9velopp\u00e9 https:\/\/www.pause-au-naturelle.com Pour toute question, n\u2019h\u00e9sitez pas \u00e0 nous contacter au par email :&nbsp;pauseaunaturelle@gmail.com Pour son activit\u00e9, Pause au naturelle collecte des donn\u00e9es qui vous sont propres et que vous avez \u00e9t\u00e9 amen\u00e9s \u00e0 indiquer lors de votre inscription en tant qu\u2019utilisateur du site ou client. [...]","og_url":"https:\/\/www.pause-au-naturelle.com\/it\/politica-sulla-privacy\/","og_site_name":"Pause au Naturelle","article_modified_time":"2021-01-23T17:02:23+00:00","og_image":[{"width":600,"height":171,"url":"https:\/\/www.pause-au-naturelle.com\/wp-content\/uploads\/2024\/05\/logo-pause.webp","type":"image\/webp"}],"twitter_card":"summary_large_image","twitter_misc":{"Tempo di lettura stimato":"4 minuti"},"schema":{"@context":"https:\/\/schema.org","@graph":[{"@type":"WebPage","@id":"https:\/\/www.pause-au-naturelle.com\/politique-de-confidentialite\/","url":"https:\/\/www.pause-au-naturelle.com\/politique-de-confidentialite\/","name":"Informativa sulla privacy - Pause au Naturelle","isPartOf":{"@id":"https:\/\/www.pause-au-naturelle.com\/#website"},"datePublished":"2019-12-28T18:32:02+00:00","dateModified":"2021-01-23T17:02:23+00:00","inLanguage":"it-IT","potentialAction":[{"@type":"ReadAction","target":["https:\/\/www.pause-au-naturelle.com\/politique-de-confidentialite\/"]}]},{"@type":"WebSite","@id":"https:\/\/www.pause-au-naturelle.com\/#website","url":"https:\/\/www.pause-au-naturelle.com\/","name":"Pausa al naturale","description":"","publisher":{"@id":"https:\/\/www.pause-au-naturelle.com\/#organization"},"potentialAction":[{"@type":"SearchAction","target":{"@type":"EntryPoint","urlTemplate":"https:\/\/www.pause-au-naturelle.com\/?s={search_term_string}"},"query-input":{"@type":"PropertyValueSpecification","valueRequired":true,"valueName":"search_term_string"}}],"inLanguage":"it-IT"},{"@type":"Organization","@id":"https:\/\/www.pause-au-naturelle.com\/#organization","name":"Pausa al naturale","url":"https:\/\/www.pause-au-naturelle.com\/","logo":{"@type":"ImageObject","inLanguage":"it-IT","@id":"https:\/\/www.pause-au-naturelle.com\/#\/schema\/logo\/image\/","url":"https:\/\/www.pause-au-naturelle.com\/wp-content\/uploads\/2020\/06\/logo.png","contentUrl":"https:\/\/www.pause-au-naturelle.com\/wp-content\/uploads\/2020\/06\/logo.png","width":250,"height":250,"caption":"Pause au naturelle"},"image":{"@id":"https:\/\/www.pause-au-naturelle.com\/#\/schema\/logo\/image\/"}}]}},"_links":{"self":[{"href":"https:\/\/www.pause-au-naturelle.com\/it\/wp-json\/wp\/v2\/pages\/3","targetHints":{"allow":["GET"]}}],"collection":[{"href":"https:\/\/www.pause-au-naturelle.com\/it\/wp-json\/wp\/v2\/pages"}],"about":[{"href":"https:\/\/www.pause-au-naturelle.com\/it\/wp-json\/wp\/v2\/types\/page"}],"author":[{"embeddable":true,"href":"https:\/\/www.pause-au-naturelle.com\/it\/wp-json\/wp\/v2\/users\/1"}],"replies":[{"embeddable":true,"href":"https:\/\/www.pause-au-naturelle.com\/it\/wp-json\/wp\/v2\/comments?post=3"}],"version-history":[{"count":0,"href":"https:\/\/www.pause-au-naturelle.com\/it\/wp-json\/wp\/v2\/pages\/3\/revisions"}],"wp:attachment":[{"href":"https:\/\/www.pause-au-naturelle.com\/it\/wp-json\/wp\/v2\/media?parent=3"}],"curies":[{"name":"wp","href":"https:\/\/api.w.org\/{rel}","templated":true}]}}