{"id":8624,"date":"2022-12-31T07:58:03","date_gmt":"2022-12-31T07:58:03","guid":{"rendered":"https:\/\/www.pause-au-naturelle.com\/?page_id=8624"},"modified":"2023-03-08T09:59:53","modified_gmt":"2023-03-08T09:59:53","slug":"le-migliori-marche-di-te-marocchino","status":"publish","type":"page","link":"https:\/\/www.pause-au-naturelle.com\/it\/meilleures-marques-de-the-marocain\/","title":{"rendered":"Le migliori marche di t\u00e8 marocchino nel 2023"},"content":{"rendered":"<h1 style=\"font-weight: 400; text-align: center;\"><strong>Le migliori marche di t\u00e8 marocchino nel 2023<\/strong><\/h1>\n<p style=\"font-weight: 400;\">&nbsp;<\/p>\n<p style=\"font-weight: 400;\">Vous savez tous que le th\u00e9 est une vraie institution au Maroc. On le boit souvent au c\u0153ur de la journ\u00e9e. A tel point que les Anglais et les Marocains figurent parmi les plus grands importateurs de th\u00e9 de Chine dans le monde. Signe d\u2019hospitalit\u00e9 qui caract\u00e9rise la bourgeoisie des grandes villes du Royaume, le th\u00e9 marocain est d\u00e9sormais un signe d\u2019identit\u00e9 compl\u00e8tement int\u00e9gr\u00e9 dans le patrimoine nationale. Toutes les classes de la soci\u00e9t\u00e9 marocaine et tous les habitants de Tanger \u00e0 Guerguerat l\u2019ont adopt\u00e9 dans leur mode de vie depuis plus d\u2019un si\u00e8cle.<\/p>\n<p style=\"font-weight: 400;\">&nbsp;<\/p>\n<p style=\"font-weight: 400;\">Ce march\u00e9 juteux est aussi l\u2019\u0153uvre de grands groupes qui commercialisent diff\u00e9rentes marques. Faisant un tour d\u2019horizon pour voir lesquelles sont les plus populaires dans le Royaume.<\/p>\n<p style=\"font-weight: 400;\"><strong>&nbsp;<\/strong><\/p>\n<p style=\"font-weight: 400;\"><strong>&nbsp;<\/strong><\/p>\n<h2 style=\"font-weight: 400; text-align: center;\"><strong>Dahmiss&nbsp;: le th\u00e9 de Chine en filament torsad\u00e9<\/strong><\/h2>\n<p style=\"font-weight: 400;\">&nbsp;<\/p>\n<p style=\"font-weight: 400;\">Cette marque de th\u00e9 qui pr\u00e9sente sur la bo\u00eete un b\u00e9douin servant le th\u00e9 est l\u2019une des plus populaire. Elle appartient au groupe alimentaire Somath\u00e9. Elle se distingue par plusieurs gammes de th\u00e9 soit l\u00e9ger ou un petit peu plus cors\u00e9. Il faut savoir que le th\u00e9 marocain est tout de m\u00eame assez \u00e9quivalent. Les vari\u00e9t\u00e9s de th\u00e9 sont de m\u00eame nature. C\u2019est en l\u2019occurrence du th\u00e9 GunPowder que vous buvez. Une qualit\u00e9 tr\u00e8s appr\u00e9ci\u00e9e du consommateur marocain que la soci\u00e9t\u00e9 marocaine du th\u00e9 et du sucre veille \u00e0 importer dans le Royaume.<\/p>\n<p style=\"font-weight: 400;\">&nbsp;<\/p>\n<p style=\"font-weight: 400;\">Dahmiss est une marque pr\u00e9sente depuis 1958. La soci\u00e9t\u00e9 Somath\u00e9 commercialise aussi sa marque 4011 reconnue sur le march\u00e9 national.<\/p>\n<h2 style=\"font-weight: 400; text-align: center;\"><strong>&nbsp;<\/strong><\/h2>\n<h2 style=\"font-weight: 400; text-align: center;\"><strong>Sultan&nbsp;: la r\u00e9f\u00e9rence du th\u00e9 marocain<\/strong><\/h2>\n<p style=\"font-weight: 400;\">&nbsp;<\/p>\n<p style=\"font-weight: 400;\">Nous avons d\u00e9cid\u00e9 de vous la placer en second lieu car c\u2019est la marque num\u00e9ro un au Maroc. Tout le monde conna\u00eet les spots publicitaires. Elle se d\u00e9cline en plusieurs qualit\u00e9s de produits parmi les suivants&nbsp;:<\/p>\n<p style=\"font-weight: 400;\">&nbsp;<\/p>\n<ul>\n<li><strong><a href=\"https:\/\/www.pause-au-naturelle.com\/it\/product\/semi-di-te-verde-sultan-ambar-100-g\/\">Ambar<\/a><\/strong><\/li>\n<li>Jawhar<\/li>\n<li>&nbsp;<\/li>\n<\/ul>\n<p style=\"font-weight: 400;\">&nbsp;<\/p>\n<p style=\"font-weight: 400;\">Ces trois qualit\u00e9s repr\u00e9sentent le th\u00e9 en grains qui se d\u00e9clinent aussi sous forme de filaments. L\u2019aventure ne s\u2019arr\u00eate pas l\u00e0 car la marque a aussi innov\u00e9 en d\u00e9veloppant des qualit\u00e9s de th\u00e9 tr\u00e8s aromatis\u00e9s.<\/p>\n<p style=\"font-weight: 400;\"><strong>&nbsp;<\/strong><\/p>\n<h2 style=\"font-weight: 400; text-align: center;\"><strong>Fransa 5Gun Power&nbsp;: la marque de th\u00e9 vert chinois qui fait bien le boulot<\/strong><\/h2>\n<p style=\"font-weight: 400;\">&nbsp;<\/p>\n<p style=\"font-weight: 400;\">Cette marque, c\u2019est celle que l\u2019on n\u2019h\u00e9site \u00e0 choisir. Vous la connaissez tous, c\u2019est celle o\u00f9 figure des caract\u00e8re mandarin sur une bo\u00eete noir. Vous la retrouverez \u00e0 coup s\u00fbr au c\u0153ur des \u00e9piceries orientales en France. C\u2019est d\u2019ailleurs, celle que l\u2019on a tendance \u00e0 choisir quand il ne reste plus beaucoup de choix dans les rayons. Finalement, m\u00eame si nous avons nos pr\u00e9f\u00e9rences, elle fait bien le boulot. Il suffit juste de bien laver les graines \u00e0 l\u2019eau chaude pour \u00e9viter trop d\u2019amertume.<\/p>\n<p style=\"font-weight: 400;\"><strong>&nbsp;<\/strong><\/p>\n<h3 style=\"font-weight: 400; text-align: center;\"><strong>Selman Tea&nbsp;: une marque pr\u00e9sente depuis 2016 sur le march\u00e9 marocain<\/strong><\/h3>\n<p style=\"font-weight: 400;\"><strong>&nbsp;<\/strong><\/p>\n<p style=\"font-weight: 400;\">Les acteurs du th\u00e9 marocain se diversifie sur le march\u00e9. On voit d\u2019ailleurs de nouvelles marques s\u2019\u00e9mancipaient et ainsi diversifier la concurrence. Selman Tea est une marque jeune cr\u00e9e en 2016 par Moncef Belkhayet, un homme d\u2019affaires pr\u00e9sent dans le monde de l\u2019agro-alimentaire. Il est donc normal que de nouvelles marques soient d\u00e9velopp\u00e9es car la consommation du th\u00e9 grossit au fur et \u00e0 mesure que la population marocaine grandit. Vous trouverez donc le Selman Tea comme une marque qui s\u2019impose dans l\u2019ar\u00e8ne tr\u00e8s pris\u00e9e du th\u00e9 marocain.<\/p>\n<h3 style=\"font-weight: 400; text-align: center;\"><strong>&nbsp;<\/strong><\/h3>\n<h3 style=\"font-weight: 400; text-align: center;\"><strong>4011 et Taj&nbsp;: la qualit\u00e9 Chun Mee au rendez-vous<\/strong><\/h3>\n<p style=\"font-weight: 400;\">&nbsp;<\/p>\n<p style=\"font-weight: 400;\">Ces deux marques correspondent \u00e0 la qualit\u00e9 de th\u00e9 vert chinois Chun Mee. Elles se distinguent par des feuilles s\u00e9ch\u00e9es qui offrent un soup\u00e7on d\u2019acidit\u00e9 plus prononc\u00e9 au c\u0153ur du th\u00e9. Elles sont donc recommand\u00e9es pour la bonne digestion l\u00e0 o\u00f9 des graines plus fortes ont un effet plus laxatif. La qualit\u00e9 Chun Mee pr\u00f4n\u00e9e par ces deux marques en font un th\u00e9 plus doux mais tout aussi savoureux au c\u0153ur de la th\u00e9i\u00e8re.<\/p>\n<h4 style=\"font-weight: 400; text-align: center;\"><strong>&nbsp;<\/strong><\/h4>\n<h4 style=\"font-weight: 400; text-align: center;\"><strong>Atay Tamuda&nbsp;: la marque du torr\u00e9facteur Caf\u00e9s Carrion<\/strong><\/h4>\n<p style=\"font-weight: 400;\">&nbsp;<\/p>\n<p style=\"font-weight: 400;\">Cette entreprise dont l\u2019activit\u00e9 principale est l\u2019import et la torr\u00e9faction de caf\u00e9 depuis 1924 a cr\u00e9\u00e9 sa propre marque de caf\u00e9 marocain. Vous la retrouverez pr\u00e9sente au c\u0153ur des principaux supermarch\u00e9s. Personnellement, nous ne l\u2019avons jamais test\u00e9. En revanche, la qualit\u00e9 de th\u00e9 marocain \u00e0 part certaines personnalisation est tout de m\u00eame commune.<\/p>\n<p style=\"font-weight: 400;\">&nbsp;<\/p>\n<p style=\"font-weight: 400; text-align: center;\">M\u00eame si la marque Sultan repr\u00e9sente 30% de la consommation nationale, chaque marque est tout de m\u00eame \u00e9quivalente. Il suffit de consid\u00e9rer la qualit\u00e9 de la mati\u00e8re importe qui n\u2019est autre que du th\u00e9 vert.<\/p>\n<p style=\"text-align: center;\">Autre article dans la m\u00eame th\u00e9matique : lisez <strong><a href=\"https:\/\/www.pause-au-naturelle.com\/it\/prodotto-tipico-marocchino\/\">i prodotti tipici del Marocco<\/a>.<\/strong><\/p>\n<p style=\"font-weight: 400;\">&nbsp;<\/p>\n<p style=\"font-weight: 400;\">&nbsp;<\/p>","protected":false},"excerpt":{"rendered":"","protected":false},"author":1,"featured_media":0,"parent":0,"menu_order":0,"comment_status":"closed","ping_status":"closed","template":"","meta":{"footnotes":""},"class_list":["post-8624","page","type-page","status-publish","hentry"],"yoast_head":"<!-- This site is optimized with the Yoast SEO plugin v27.3 - https:\/\/yoast.com\/product\/yoast-seo-wordpress\/ -->\n<title>Les meilleures marques de th\u00e9 marocain | Pause-au-naturelle.com<\/title>\n<meta name=\"description\" content=\"Vous souhaitez conna\u00eetre les meilleurs marques de th\u00e9 marocain pr\u00e9sente sur le march\u00e9, lisez attentivement cet article.\" \/>\n<meta name=\"robots\" content=\"index, follow, max-snippet:-1, max-image-preview:large, max-video-preview:-1\" \/>\n<link rel=\"canonical\" href=\"https:\/\/www.pause-au-naturelle.com\/it\/le-migliori-marche-di-te-marocchino\/\" \/>\n<meta property=\"og:locale\" content=\"it_IT\" \/>\n<meta property=\"og:type\" content=\"article\" \/>\n<meta property=\"og:title\" content=\"Les meilleures marques de th\u00e9 marocain | Pause-au-naturelle.com\" \/>\n<meta property=\"og:description\" content=\"Vous souhaitez conna\u00eetre les meilleurs marques de th\u00e9 marocain pr\u00e9sente sur le march\u00e9, lisez attentivement cet article.\" \/>\n<meta property=\"og:url\" content=\"https:\/\/www.pause-au-naturelle.com\/it\/le-migliori-marche-di-te-marocchino\/\" \/>\n<meta property=\"og:site_name\" content=\"Pause au Naturelle\" \/>\n<meta property=\"article:modified_time\" content=\"2023-03-08T09:59:53+00:00\" \/>\n<meta property=\"og:image\" content=\"https:\/\/www.pause-au-naturelle.com\/wp-content\/uploads\/2024\/05\/logo-pause.webp\" \/>\n\t<meta property=\"og:image:width\" content=\"600\" \/>\n\t<meta property=\"og:image:height\" content=\"171\" \/>\n\t<meta property=\"og:image:type\" content=\"image\/webp\" \/>\n<meta name=\"twitter:card\" content=\"summary_large_image\" \/>\n<script type=\"application\/ld+json\" class=\"yoast-schema-graph\">{\"@context\":\"https:\\\/\\\/schema.org\",\"@graph\":[{\"@type\":\"WebPage\",\"@id\":\"https:\\\/\\\/www.pause-au-naturelle.com\\\/meilleures-marques-de-the-marocain\\\/\",\"url\":\"https:\\\/\\\/www.pause-au-naturelle.com\\\/meilleures-marques-de-the-marocain\\\/\",\"name\":\"Les meilleures marques de th\u00e9 marocain | Pause-au-naturelle.com\",\"isPartOf\":{\"@id\":\"https:\\\/\\\/www.pause-au-naturelle.com\\\/#website\"},\"datePublished\":\"2022-12-31T07:58:03+00:00\",\"dateModified\":\"2023-03-08T09:59:53+00:00\",\"description\":\"Vous souhaitez conna\u00eetre les meilleurs marques de th\u00e9 marocain pr\u00e9sente sur le march\u00e9, lisez attentivement cet article.\",\"inLanguage\":\"it-IT\",\"potentialAction\":[{\"@type\":\"ReadAction\",\"target\":[\"https:\\\/\\\/www.pause-au-naturelle.com\\\/meilleures-marques-de-the-marocain\\\/\"]}]},{\"@type\":\"WebSite\",\"@id\":\"https:\\\/\\\/www.pause-au-naturelle.com\\\/#website\",\"url\":\"https:\\\/\\\/www.pause-au-naturelle.com\\\/\",\"name\":\"Pause au Naturelle\",\"description\":\"\",\"publisher\":{\"@id\":\"https:\\\/\\\/www.pause-au-naturelle.com\\\/#organization\"},\"potentialAction\":[{\"@type\":\"SearchAction\",\"target\":{\"@type\":\"EntryPoint\",\"urlTemplate\":\"https:\\\/\\\/www.pause-au-naturelle.com\\\/?s={search_term_string}\"},\"query-input\":{\"@type\":\"PropertyValueSpecification\",\"valueRequired\":true,\"valueName\":\"search_term_string\"}}],\"inLanguage\":\"it-IT\"},{\"@type\":\"Organization\",\"@id\":\"https:\\\/\\\/www.pause-au-naturelle.com\\\/#organization\",\"name\":\"Pause au naturelle\",\"url\":\"https:\\\/\\\/www.pause-au-naturelle.com\\\/\",\"logo\":{\"@type\":\"ImageObject\",\"inLanguage\":\"it-IT\",\"@id\":\"https:\\\/\\\/www.pause-au-naturelle.com\\\/#\\\/schema\\\/logo\\\/image\\\/\",\"url\":\"https:\\\/\\\/www.pause-au-naturelle.com\\\/wp-content\\\/uploads\\\/2020\\\/06\\\/logo.png\",\"contentUrl\":\"https:\\\/\\\/www.pause-au-naturelle.com\\\/wp-content\\\/uploads\\\/2020\\\/06\\\/logo.png\",\"width\":250,\"height\":250,\"caption\":\"Pause au naturelle\"},\"image\":{\"@id\":\"https:\\\/\\\/www.pause-au-naturelle.com\\\/#\\\/schema\\\/logo\\\/image\\\/\"}}]}<\/script>\n<!-- \/ Yoast SEO plugin. -->","yoast_head_json":{"title":"Le migliori marche di t\u00e8 marocchino | Pause-au-naturelle.com","description":"Se desiderate conoscere le migliori marche di t\u00e8 marocchino presenti sul mercato, leggete attentamente questo articolo.","robots":{"index":"index","follow":"follow","max-snippet":"max-snippet:-1","max-image-preview":"max-image-preview:large","max-video-preview":"max-video-preview:-1"},"canonical":"https:\/\/www.pause-au-naturelle.com\/it\/le-migliori-marche-di-te-marocchino\/","og_locale":"it_IT","og_type":"article","og_title":"Les meilleures marques de th\u00e9 marocain | Pause-au-naturelle.com","og_description":"Vous souhaitez conna\u00eetre les meilleurs marques de th\u00e9 marocain pr\u00e9sente sur le march\u00e9, lisez attentivement cet article.","og_url":"https:\/\/www.pause-au-naturelle.com\/it\/le-migliori-marche-di-te-marocchino\/","og_site_name":"Pause au Naturelle","article_modified_time":"2023-03-08T09:59:53+00:00","og_image":[{"width":600,"height":171,"url":"https:\/\/www.pause-au-naturelle.com\/wp-content\/uploads\/2024\/05\/logo-pause.webp","type":"image\/webp"}],"twitter_card":"summary_large_image","schema":{"@context":"https:\/\/schema.org","@graph":[{"@type":"WebPage","@id":"https:\/\/www.pause-au-naturelle.com\/meilleures-marques-de-the-marocain\/","url":"https:\/\/www.pause-au-naturelle.com\/meilleures-marques-de-the-marocain\/","name":"Le migliori marche di t\u00e8 marocchino | Pause-au-naturelle.com","isPartOf":{"@id":"https:\/\/www.pause-au-naturelle.com\/#website"},"datePublished":"2022-12-31T07:58:03+00:00","dateModified":"2023-03-08T09:59:53+00:00","description":"Se desiderate conoscere le migliori marche di t\u00e8 marocchino presenti sul mercato, leggete attentamente questo articolo.","inLanguage":"it-IT","potentialAction":[{"@type":"ReadAction","target":["https:\/\/www.pause-au-naturelle.com\/meilleures-marques-de-the-marocain\/"]}]},{"@type":"WebSite","@id":"https:\/\/www.pause-au-naturelle.com\/#website","url":"https:\/\/www.pause-au-naturelle.com\/","name":"Pausa al naturale","description":"","publisher":{"@id":"https:\/\/www.pause-au-naturelle.com\/#organization"},"potentialAction":[{"@type":"SearchAction","target":{"@type":"EntryPoint","urlTemplate":"https:\/\/www.pause-au-naturelle.com\/?s={search_term_string}"},"query-input":{"@type":"PropertyValueSpecification","valueRequired":true,"valueName":"search_term_string"}}],"inLanguage":"it-IT"},{"@type":"Organization","@id":"https:\/\/www.pause-au-naturelle.com\/#organization","name":"Pausa al naturale","url":"https:\/\/www.pause-au-naturelle.com\/","logo":{"@type":"ImageObject","inLanguage":"it-IT","@id":"https:\/\/www.pause-au-naturelle.com\/#\/schema\/logo\/image\/","url":"https:\/\/www.pause-au-naturelle.com\/wp-content\/uploads\/2020\/06\/logo.png","contentUrl":"https:\/\/www.pause-au-naturelle.com\/wp-content\/uploads\/2020\/06\/logo.png","width":250,"height":250,"caption":"Pause au naturelle"},"image":{"@id":"https:\/\/www.pause-au-naturelle.com\/#\/schema\/logo\/image\/"}}]}},"_links":{"self":[{"href":"https:\/\/www.pause-au-naturelle.com\/it\/wp-json\/wp\/v2\/pages\/8624","targetHints":{"allow":["GET"]}}],"collection":[{"href":"https:\/\/www.pause-au-naturelle.com\/it\/wp-json\/wp\/v2\/pages"}],"about":[{"href":"https:\/\/www.pause-au-naturelle.com\/it\/wp-json\/wp\/v2\/types\/page"}],"author":[{"embeddable":true,"href":"https:\/\/www.pause-au-naturelle.com\/it\/wp-json\/wp\/v2\/users\/1"}],"replies":[{"embeddable":true,"href":"https:\/\/www.pause-au-naturelle.com\/it\/wp-json\/wp\/v2\/comments?post=8624"}],"version-history":[{"count":3,"href":"https:\/\/www.pause-au-naturelle.com\/it\/wp-json\/wp\/v2\/pages\/8624\/revisions"}],"predecessor-version":[{"id":8775,"href":"https:\/\/www.pause-au-naturelle.com\/it\/wp-json\/wp\/v2\/pages\/8624\/revisions\/8775"}],"wp:attachment":[{"href":"https:\/\/www.pause-au-naturelle.com\/it\/wp-json\/wp\/v2\/media?parent=8624"}],"curies":[{"name":"wp","href":"https:\/\/api.w.org\/{rel}","templated":true}]}}