{"id":8626,"date":"2022-06-16T21:32:47","date_gmt":"2022-06-16T21:32:47","guid":{"rendered":"https:\/\/www.pause-au-naturelle.com\/?page_id=8626"},"modified":"2022-07-01T18:55:47","modified_gmt":"2022-07-01T18:55:47","slug":"regalo-aiuto-donna","status":"publish","type":"page","link":"https:\/\/www.pause-au-naturelle.com\/it\/cadeau-aid-femme\/","title":{"rendered":"I migliori regali musulmani per Eid: la nostra lista di controllo"},"content":{"rendered":"<h1 style=\"text-align: center;\"><strong>Les meilleurs cadeaux femme pour l&rsquo;A\u00efd : notre Check-List<\/strong><\/h1>\n<p>&nbsp;<\/p>\n<p>Chaque ann\u00e9e, vous vous posez les m\u00eames questions pour offrir des cadeaux \u00e0 vos proches. Que celui-ci soit destin\u00e9 \u00e0 son \u00e9pouse, sa s\u0153ur ou sa maman, nous d\u00e9cidons de vous \u00e9clairer par des id\u00e9es originales au c\u0153ur de cet article. Le cadeau aid femme figure comme une obligation que l\u2019on fait pour Allah, par respect et aussi pour d\u00e9montrer son affection \u00e0 la femme musulmane. Ce guide line d\u2019id\u00e9e a donc \u00e9t\u00e9 \u00e9crit pour vous faciliter dans votre recherche les deux semaines pr\u00e9c\u00e9dant les f\u00eates religieuses. Cet article a \u00e9t\u00e9 \u00e9labor\u00e9 \u00e0 la lumi\u00e8re de ce qui est tendance au c\u0153ur de la communaut\u00e9. Puis aussi dans un but commercial pour vous influencer dans vos recherches. Vous trouverez donc du choix et de l\u2019originalit\u00e9 dans nos propos et qui s\u2019adresse \u00e0 toutes les poches.<\/p>\n<p>&nbsp;<\/p>\n<h2><strong>Offrir une \u2018Oumra comme cadeau de l\u2019A\u00efd pour sa femme<\/strong><\/h2>\n<p>&nbsp;<\/p>\n<p>C\u2019est un cadeau aid femme plus que g\u00e9n\u00e9reux que d\u2019entreprendre du tourisme religieux en Terre Sainte. En fait, en fonction du degr\u00e9 de sinc\u00e9rit\u00e9, c\u2019est aussi une mani\u00e8re de compl\u00e9ter sa foi \u00e0 deux. Partir en couple \u00e0 la Oumra et en faire la surprise \u00e0 son \u00e9pouse, c\u2019est \u00e9galement un souvenir m\u00e9morable durant toute sa vie. D\u2019ailleurs, les agences n\u2019ont plus le monopole sur ce business qui g\u00e9n\u00e9rait de gros b\u00e9n\u00e9fices. Du coup, vous pouvez par vous-m\u00eame organiser votre voyage en r\u00e9glant directement votre visa sur place en Arabie.<\/p>\n<p>&nbsp;<\/p>\n<h2><strong>Il Thermomix: indispensabile per la signora in cucina <\/strong><\/h2>\n<p>&nbsp;<\/p>\n<p>Dans le contexte \u00e9conomique et l\u2019inflation que nous vivons, investir dans le thermomix rev\u00eat divers avantages. Ce cadeau aid femme enchantera votre \u00e9pouse. Il lui permettra de faire des repas g\u00e9n\u00e9reux et originaux gr\u00e2ce \u00e0 l\u2019application. Mais surtout de ne rien g\u00e2cher. Parmi les bienfaits de ce produit m\u00e9nager, il y a aussi le fait qu\u2019il permet d\u2019\u00e9conomiser sa force et ses poign\u00e9es. En effet, vous souhaitez faire la p\u00e2te pour les M\u2019semen, l\u2019appareil le fait pour vous sans fournir le moins effort. Il faut dire que cet appareil est devenu un must have dans les foyers des cuisini\u00e8res. A vous de passer \u00e0 l\u2019action si votre femme ne le poss\u00e8de pas.<\/p>\n<p>&nbsp;<\/p>\n<h2><strong>Un coffret beaut\u00e9 pour le soin visage <\/strong><\/h2>\n<p>&nbsp;<\/p>\n<p>Il existe une multitude de boutique en ligne qui propose des coffrets ou des produits de beaut\u00e9 comme cadeau aid femme. A ce sujet, vous devriez vous renseignez sur les <strong><a href=\"https:\/\/www.pause-au-naturelle.com\/it\/product\/olio-di-cacay-biologico-dellamazzonia-10-ml\/\">bienfaits de l\u2019huile de cacay<\/a><\/strong>. Les coffrets beaut\u00e9 \u00e0 offrir pour les 2 f\u00eates musulmanes sont tr\u00e8s tendances. Elles permettent de renouveler en douceur et \u00e0 petit prix les gammes de Madame. Effectivement, vous concevez qu\u2019une huile cosm\u00e9tique de qualit\u00e9 co\u00fbte cher dans un cadi. Soyez donc g\u00e9n\u00e9reux durant l\u2019A\u00efd pour que votre \u00e9pouse puisse remplir son placard de salle de bain. Vous la retrouverez avec la peau resplendissante de sant\u00e9 et un excellent teint.<\/p>\n<p>&nbsp;<\/p>\n<h2><strong> Le Be Save Guy de Marle : le cadeau aid femme de la m\u00e8re de famille<\/strong><\/h2>\n<p>&nbsp;<\/p>\n<p>La femme musulmane, c\u2019est souvent dans l\u2019imaginaire collectif la maman au petit soin pour ses enfants. Celle qui pr\u00e9pare des petits plats mijot\u00e9s et qui s\u2019applique \u00e0 la t\u00e2che. Beaucoup pr\u00eate d\u2019ailleurs une attention particuli\u00e8re pour que leurs enfants mangent bien. Le temps r\u00e9serv\u00e9 \u00e0 la cuisine est d\u2019ailleurs plus court avec les al\u00e9as de la vie active. Ainsi, offrir comme cadeau aid femme le Be Save \u00e0 son \u00e9pouse, c\u2019et garantir la fra\u00eecheur des plats et surtout optimiser son budget course sur le mois.<\/p>\n<p>Dans la m\u00eame logique, offrir des moules de la marque sauront tr\u00e8s appr\u00e9ci\u00e9es pour celles qui aiment faire de la p\u00e2tisserie.<\/p>\n<p>&nbsp;<\/p>\n<h3><strong>Rinnovare il guardaroba di jilbab, abaya e hijab<\/strong><\/h3>\n<p>&nbsp;<\/p>\n<p>Vous manquez d\u2019id\u00e9e et vous voyez que votre \u00e9pouse n\u2019a pas renouveler sa garde-robe depuis un bon moment, vous avez loos\u00e9 (lol). Ce cadeau aid femme n\u2019en est pas r\u00e9ellement un. Vous devez \u00eatre au petit soin \u00e0 ce niveau-l\u00e0. Donc vous connaissez d\u00e9j\u00e0 la taille de Madame. Ne vous contentez pas de lui offrir uniquement des jilbabs, abayas et <strong><a href=\"https:\/\/www.my-jilbab.com\/49-hijab\">hijab donna<\/a><\/strong>. Incluez-les dans votre lot de cadeau aid femme. Puis comp\u00e9ter-le par autre chose.<\/p>\n<h3>&nbsp;<\/h3>\n<h3><strong>Des produits culinaires de terroir : une id\u00e9e magnifique pour les mamans qui cuisinent<\/strong><\/h3>\n<p>&nbsp;<\/p>\n<p>Souvent, on n\u2019y pense pas et on se dit que ces produits co\u00fbte cher. Pourtant, offrir comme cadeau aid femme ne serait-ce qu\u2019une bouteille d\u2019huile d\u2019argan, un assortiment de fruit sec ou une qualit\u00e9 de <strong><a href=\"https:\/\/www.pause-au-naturelle.com\/it\/product\/zafferano-di-taliouine-1-g\/\">zafferano marocchino<\/a> <\/strong>sont des gestes attentionn\u00e9s. Ces produits que l\u2019on n\u00e9glige au quotidien pour leur prix \u00e9lev\u00e9 ne sont pas si cher lorsqu\u2019ils sont offerts en cadeau. En effet, certains vont litt\u00e9ralement exploser leur budget pour le Ramadan ou l\u2019A\u00efd. Alors si vous n\u2019avez pas beaucoup d\u2019argent en poche, ces pr\u00e9sents sont aussi des gestes qui comptent et ont une certaine valeur symbolique. R\u00e9fl\u00e9chissez bien ! On refusera certainement d\u2019acheter ce type de produit lorsque l\u2019on fait des courses pour contr\u00f4ler son budget. En revanche, pour un cadeau de l\u2019A\u00efd pour sa m\u00e8re ou une tante, c\u2019est l\u2019occasion de marquer le coup.<\/p>\n<p>&nbsp;<\/p>\n<h3><strong>Un voyage au soleil \u00e0 petit prix : direction le Maroc <\/strong><\/h3>\n<p>&nbsp;<\/p>\n<p>Enfin, l\u2019envie de s\u2019\u00e9vader n\u2019a jamais \u00e9t\u00e9 aussi grande depuis la crise sanitaire et les probl\u00e8mes sociaux qui se sont encha\u00een\u00e9s. Avec Ryanair depuis les principales grandes villes de France, il est possible de rejoindre Casablanca, Marrakech, Agadir ou F\u00e8s pour 30 euros aller-retour avec un petit sac \u00e0 dos sur des vols strat\u00e9gique. Marseille Ouarzazate est m\u00eame disponible \u00e0 6 euros une fois par semaine. C\u2019est aussi un excellent choix de cadeau aid femme pour s\u2019\u00e9vader et d\u00e9couvrir un d\u00e9cor exotique. L\u2019occasion de se ressourcer, d\u00e9couvrir un art culinaire et des traditions pour les nouveaux venus. Et pourquoi pas prospecter pour en faire votre futur lieu de vie Incha a Allah.<\/p>\n<p>&nbsp;<\/p>\n<h4><strong>Les bijoux : un grand classique pour les f\u00eates religieuses <\/strong><\/h4>\n<p>&nbsp;<\/p>\n<p>Vous ne pouviez pas tomber sur un si beau cadeau aid femme. Les colliers, bagues bracelets ou boucle d\u2019oreille en or sont des pr\u00e9sents qui suscitent la joie. Notamment, si vous les choisissez avec go\u00fbt et prestige. Venant orner la bo\u00eete \u00e0 bijou, ils sont aussi une s\u00e9curit\u00e9 pour la femme. N\u2019oubliez pas, surtout en temps de crise, l\u2019or reste une valeur refuge tr\u00e8s s\u00fbre.<\/p>","protected":false},"excerpt":{"rendered":"","protected":false},"author":1,"featured_media":0,"parent":0,"menu_order":0,"comment_status":"closed","ping_status":"closed","template":"","meta":{"footnotes":""},"class_list":["post-8626","page","type-page","status-publish","hentry"],"yoast_head":"<!-- This site is optimized with the Yoast SEO plugin v27.5 - https:\/\/yoast.com\/product\/yoast-seo-wordpress\/ -->\n<title>Cadeau Aid femme - Notre Guideline | Pause-au-naturelle.com<\/title>\n<meta name=\"description\" content=\"Vous n&#039;avez pas d&#039;id\u00e9e pour offrir un cadeau de l&#039;Aid \u00e0 votre femme, suivez ce guide qui vous inspirera s\u00fbrement dans votre guide d&#039;achat.\" \/>\n<meta name=\"robots\" content=\"index, follow, max-snippet:-1, max-image-preview:large, max-video-preview:-1\" \/>\n<link rel=\"canonical\" href=\"https:\/\/www.pause-au-naturelle.com\/it\/regalo-aiuto-donna\/\" \/>\n<meta property=\"og:locale\" content=\"it_IT\" \/>\n<meta property=\"og:type\" content=\"article\" \/>\n<meta property=\"og:title\" content=\"Cadeau Aid femme - Notre Guideline | Pause-au-naturelle.com\" \/>\n<meta property=\"og:description\" content=\"Vous n&#039;avez pas d&#039;id\u00e9e pour offrir un cadeau de l&#039;Aid \u00e0 votre femme, suivez ce guide qui vous inspirera s\u00fbrement dans votre guide d&#039;achat.\" \/>\n<meta property=\"og:url\" content=\"https:\/\/www.pause-au-naturelle.com\/it\/regalo-aiuto-donna\/\" \/>\n<meta property=\"og:site_name\" content=\"Pause au Naturelle\" \/>\n<meta property=\"article:modified_time\" content=\"2022-07-01T18:55:47+00:00\" \/>\n<meta property=\"og:image\" content=\"https:\/\/www.pause-au-naturelle.com\/wp-content\/uploads\/2024\/05\/logo-pause.webp\" \/>\n\t<meta property=\"og:image:width\" content=\"600\" \/>\n\t<meta property=\"og:image:height\" content=\"171\" \/>\n\t<meta property=\"og:image:type\" content=\"image\/webp\" \/>\n<meta name=\"twitter:card\" content=\"summary_large_image\" \/>\n<meta name=\"twitter:label1\" content=\"Tempo di lettura stimato\" \/>\n\t<meta name=\"twitter:data1\" content=\"6 minuti\" \/>\n<script type=\"application\/ld+json\" class=\"yoast-schema-graph\">{\"@context\":\"https:\\\/\\\/schema.org\",\"@graph\":[{\"@type\":\"WebPage\",\"@id\":\"https:\\\/\\\/www.pause-au-naturelle.com\\\/cadeau-aid-femme\\\/\",\"url\":\"https:\\\/\\\/www.pause-au-naturelle.com\\\/cadeau-aid-femme\\\/\",\"name\":\"Cadeau Aid femme - Notre Guideline | Pause-au-naturelle.com\",\"isPartOf\":{\"@id\":\"https:\\\/\\\/www.pause-au-naturelle.com\\\/#website\"},\"datePublished\":\"2022-06-16T21:32:47+00:00\",\"dateModified\":\"2022-07-01T18:55:47+00:00\",\"description\":\"Vous n'avez pas d'id\u00e9e pour offrir un cadeau de l'Aid \u00e0 votre femme, suivez ce guide qui vous inspirera s\u00fbrement dans votre guide d'achat.\",\"inLanguage\":\"it-IT\",\"potentialAction\":[{\"@type\":\"ReadAction\",\"target\":[\"https:\\\/\\\/www.pause-au-naturelle.com\\\/cadeau-aid-femme\\\/\"]}]},{\"@type\":\"WebSite\",\"@id\":\"https:\\\/\\\/www.pause-au-naturelle.com\\\/#website\",\"url\":\"https:\\\/\\\/www.pause-au-naturelle.com\\\/\",\"name\":\"Pause au Naturelle\",\"description\":\"\",\"publisher\":{\"@id\":\"https:\\\/\\\/www.pause-au-naturelle.com\\\/#organization\"},\"potentialAction\":[{\"@type\":\"SearchAction\",\"target\":{\"@type\":\"EntryPoint\",\"urlTemplate\":\"https:\\\/\\\/www.pause-au-naturelle.com\\\/?s={search_term_string}\"},\"query-input\":{\"@type\":\"PropertyValueSpecification\",\"valueRequired\":true,\"valueName\":\"search_term_string\"}}],\"inLanguage\":\"it-IT\"},{\"@type\":\"Organization\",\"@id\":\"https:\\\/\\\/www.pause-au-naturelle.com\\\/#organization\",\"name\":\"Pause au naturelle\",\"url\":\"https:\\\/\\\/www.pause-au-naturelle.com\\\/\",\"logo\":{\"@type\":\"ImageObject\",\"inLanguage\":\"it-IT\",\"@id\":\"https:\\\/\\\/www.pause-au-naturelle.com\\\/#\\\/schema\\\/logo\\\/image\\\/\",\"url\":\"https:\\\/\\\/www.pause-au-naturelle.com\\\/wp-content\\\/uploads\\\/2020\\\/06\\\/logo.png\",\"contentUrl\":\"https:\\\/\\\/www.pause-au-naturelle.com\\\/wp-content\\\/uploads\\\/2020\\\/06\\\/logo.png\",\"width\":250,\"height\":250,\"caption\":\"Pause au naturelle\"},\"image\":{\"@id\":\"https:\\\/\\\/www.pause-au-naturelle.com\\\/#\\\/schema\\\/logo\\\/image\\\/\"}}]}<\/script>\n<!-- \/ Yoast SEO plugin. -->","yoast_head_json":{"title":"Regalo Aid femme - La nostra linea guida | Pause-au-naturelle.com","description":"Se non avete idee per un regalo di Aid per vostra moglie, seguite questa guida che sicuramente vi ispirer\u00e0 nella vostra guida all'acquisto.","robots":{"index":"index","follow":"follow","max-snippet":"max-snippet:-1","max-image-preview":"max-image-preview:large","max-video-preview":"max-video-preview:-1"},"canonical":"https:\/\/www.pause-au-naturelle.com\/it\/regalo-aiuto-donna\/","og_locale":"it_IT","og_type":"article","og_title":"Cadeau Aid femme - Notre Guideline | Pause-au-naturelle.com","og_description":"Vous n'avez pas d'id\u00e9e pour offrir un cadeau de l'Aid \u00e0 votre femme, suivez ce guide qui vous inspirera s\u00fbrement dans votre guide d'achat.","og_url":"https:\/\/www.pause-au-naturelle.com\/it\/regalo-aiuto-donna\/","og_site_name":"Pause au Naturelle","article_modified_time":"2022-07-01T18:55:47+00:00","og_image":[{"width":600,"height":171,"url":"https:\/\/www.pause-au-naturelle.com\/wp-content\/uploads\/2024\/05\/logo-pause.webp","type":"image\/webp"}],"twitter_card":"summary_large_image","twitter_misc":{"Tempo di lettura stimato":"6 minuti"},"schema":{"@context":"https:\/\/schema.org","@graph":[{"@type":"WebPage","@id":"https:\/\/www.pause-au-naturelle.com\/cadeau-aid-femme\/","url":"https:\/\/www.pause-au-naturelle.com\/cadeau-aid-femme\/","name":"Regalo Aid femme - La nostra linea guida | Pause-au-naturelle.com","isPartOf":{"@id":"https:\/\/www.pause-au-naturelle.com\/#website"},"datePublished":"2022-06-16T21:32:47+00:00","dateModified":"2022-07-01T18:55:47+00:00","description":"Se non avete idee per un regalo di Aid per vostra moglie, seguite questa guida che sicuramente vi ispirer\u00e0 nella vostra guida all'acquisto.","inLanguage":"it-IT","potentialAction":[{"@type":"ReadAction","target":["https:\/\/www.pause-au-naturelle.com\/cadeau-aid-femme\/"]}]},{"@type":"WebSite","@id":"https:\/\/www.pause-au-naturelle.com\/#website","url":"https:\/\/www.pause-au-naturelle.com\/","name":"Pausa al naturale","description":"","publisher":{"@id":"https:\/\/www.pause-au-naturelle.com\/#organization"},"potentialAction":[{"@type":"SearchAction","target":{"@type":"EntryPoint","urlTemplate":"https:\/\/www.pause-au-naturelle.com\/?s={search_term_string}"},"query-input":{"@type":"PropertyValueSpecification","valueRequired":true,"valueName":"search_term_string"}}],"inLanguage":"it-IT"},{"@type":"Organization","@id":"https:\/\/www.pause-au-naturelle.com\/#organization","name":"Pausa al naturale","url":"https:\/\/www.pause-au-naturelle.com\/","logo":{"@type":"ImageObject","inLanguage":"it-IT","@id":"https:\/\/www.pause-au-naturelle.com\/#\/schema\/logo\/image\/","url":"https:\/\/www.pause-au-naturelle.com\/wp-content\/uploads\/2020\/06\/logo.png","contentUrl":"https:\/\/www.pause-au-naturelle.com\/wp-content\/uploads\/2020\/06\/logo.png","width":250,"height":250,"caption":"Pause au naturelle"},"image":{"@id":"https:\/\/www.pause-au-naturelle.com\/#\/schema\/logo\/image\/"}}]}},"_links":{"self":[{"href":"https:\/\/www.pause-au-naturelle.com\/it\/wp-json\/wp\/v2\/pages\/8626","targetHints":{"allow":["GET"]}}],"collection":[{"href":"https:\/\/www.pause-au-naturelle.com\/it\/wp-json\/wp\/v2\/pages"}],"about":[{"href":"https:\/\/www.pause-au-naturelle.com\/it\/wp-json\/wp\/v2\/types\/page"}],"author":[{"embeddable":true,"href":"https:\/\/www.pause-au-naturelle.com\/it\/wp-json\/wp\/v2\/users\/1"}],"replies":[{"embeddable":true,"href":"https:\/\/www.pause-au-naturelle.com\/it\/wp-json\/wp\/v2\/comments?post=8626"}],"version-history":[{"count":3,"href":"https:\/\/www.pause-au-naturelle.com\/it\/wp-json\/wp\/v2\/pages\/8626\/revisions"}],"predecessor-version":[{"id":8665,"href":"https:\/\/www.pause-au-naturelle.com\/it\/wp-json\/wp\/v2\/pages\/8626\/revisions\/8665"}],"wp:attachment":[{"href":"https:\/\/www.pause-au-naturelle.com\/it\/wp-json\/wp\/v2\/media?parent=8626"}],"curies":[{"name":"wp","href":"https:\/\/api.w.org\/{rel}","templated":true}]}}