{"id":9646,"date":"2024-01-11T11:10:42","date_gmt":"2024-01-11T11:10:42","guid":{"rendered":"https:\/\/www.pause-au-naturelle.com\/?post_type=product&#038;p=9646"},"modified":"2026-01-10T20:02:53","modified_gmt":"2026-01-10T20:02:53","slug":"the-sultan-verbena-pura","status":"publish","type":"product","link":"https:\/\/www.pause-au-naturelle.com\/it\/produit\/the-sultan-pure-verveine\/","title":{"rendered":"T\u00e8 Sultan alla verbena pura (20 bustine)"},"content":{"rendered":"<p>Tutto inizia con una buona colazione per iniziare bene la giornata. E quale scelta migliore se non quella di rivolgersi a\u00a0<strong>prodotti naturali<\/strong>\u00a0che combina i benefici per la salute con il piacere delle papille gustative? Vi presentiamo\u00a0<strong>T\u00e8 Sultan Pure Verbena. <\/strong>Una bevanda ideale per accompagnare le colazioni e fare il pieno di energia, rigenerando l'organismo grazie alle sue propriet\u00e0 antiossidanti e digestive.<\/p>\n<h2><strong>Le origini del t\u00e8 Sultan Pure Verbena<\/strong><\/h2>\n<p>La verbena \u00e8 una pianta dalle molte virt\u00f9, conosciuta fin dall'antichit\u00e0. Originaria del Sud America e rinomata per i suoi benefici, la pianta fu importata in Europa nel XVII secolo. Oggi la verbena \u00e8 parte integrante della farmacopea francese. Ha conquistato il cuore degli amanti del t\u00e8 grazie alla sua combinazione unica di gusto rinfrescante e innumerevoli benefici per la salute.<\/p>\n<h2><strong>I benefici per la salute del t\u00e8 Sultan Pure Verbena<\/strong><\/h2>\n<p>Sono molti i benefici associati al consumo regolare di t\u00e8 Sultan Pure Verbena. Una tazza fumante di questo delizioso infuso \u00e8 ricca di propriet\u00e0 antiossidanti. Digestivo, rilassante e aromatico, aiuta a riequilibrare e rivitalizzare il corpo giorno dopo giorno:<\/p>\n<ul>\n<li><strong>Antiossidante<\/strong> Questa bevanda contiene flavonoidi. Questi potenti antiossidanti aiutano a combattere i radicali liberi responsabili dell'invecchiamento cellulare. In generale, i t\u00e8 sono rinomati per il loro elevato contenuto di antiossidanti, ma la verbena \u00e8 particolarmente concentrata in questo settore.<\/li>\n<li><strong>Digestivo<\/strong> Il consumo regolare del t\u00e8 Sultan Pure Verbena favorisce la digestione. Questo grazie alle sue propriet\u00e0 lenitive per l'apparato digerente. Questa pianta medicinale viene spesso utilizzata per trattare problemi digestivi come gonfiore, dolore addominale o stitichezza.<\/li>\n<li><strong>Rilassante<\/strong> Una delle caratteristiche principali della verbena \u00e8 la sua propriet\u00e0 rilassante. Bere una tazza di questa bevanda naturale prima di andare a letto pu\u00f2 aiutare a combattere l'insonnia e i disturbi del sonno e a favorire un riposo ristoratore.<\/li>\n<li><strong>Aromatico<\/strong>\u00a0Il gusto unico della verbena la rende un alleato ideale per chi ama un buon bicchiere di vino. <a href=\"https:\/\/www.pause-au-naturelle.com\/it\/product\/il-miele-con-semi-di-nigella\/\"><strong>t\u00e8 aromatizzati<\/strong><\/a>. Le sue note leggermente limonose aggiungono un sottile tocco di acidit\u00e0 che si sposa meravigliosamente con il sapore delicato delle migliori foglie di t\u00e8.<\/li>\n<\/ul>\n<h3><strong>Preparazione di questa bevanda naturale: facile e veloce<\/strong><\/h3>\n<p>Chiunque pu\u00f2 preparare il t\u00e8 Sultan Pure Verbena in pochi minuti. Per ottenere una tazza perfetta, basta seguire questi semplici passaggi:<\/p>\n<ol>\n<li>Portare l'acqua a ebollizione in un bollitore o in una casseruola.<\/li>\n<li>Mettete una bustina di t\u00e8 Sultan Pure Verbena in una tazza o un boccale.<\/li>\n<li>Versare l'acqua bollente sulla bustina e coprire la tazza o il boccale con un piccolo coperchio o un piattino per mantenere intatti gli aromi durante l'infusione.<\/li>\n<li>Lasciare in infusione per circa 5 minuti.<\/li>\n<li>Rimuovere la bustina e gustare il t\u00e8 caldo. Se volete, potete aggiungere un cucchiaio di miele, zucchero di canna, cannella o anche qualche goccia di succo di limone per variare il sapore in base ai vostri gusti.<\/li>\n<\/ol>","protected":false},"excerpt":{"rendered":"<p><strong>Caratteristiche :<\/strong><\/p>\n<ul>\n<li>Senza caffeina<\/li>\n<li>100% naturale<\/li>\n<li>Aroma di limone<\/li>\n<\/ul>","protected":false},"featured_media":9647,"template":"","meta":[],"product_brand":[],"product_cat":[80,99],"product_tag":[],"class_list":{"0":"post-9646","1":"product","2":"type-product","3":"status-publish","4":"has-post-thumbnail","6":"product_cat-epicerie-marocaine-en-ligne","7":"product_cat-the-sultan","9":"first","10":"instock","11":"shipping-taxable","12":"purchasable","13":"product-type-simple"},"yoast_head":"<!-- This site is optimized with the Yoast SEO plugin v27.5 - https:\/\/yoast.com\/product\/yoast-seo-wordpress\/ -->\n<title>Th\u00e9 Sultan pure verveine | Boisson b\u00e9n\u00e9fique | Achat en France<\/title>\n<meta name=\"description\" content=\"Laissez-nous vous pr\u00e9senter le\u00a0th\u00e9 Sultan Pure Verveine, une boisson id\u00e9ale pour accompagner vos petits d\u00e9jeuners et faire le plein d&#039;\u00e9nergie.\" \/>\n<meta name=\"robots\" content=\"index, follow, max-snippet:-1, max-image-preview:large, max-video-preview:-1\" \/>\n<link rel=\"canonical\" href=\"https:\/\/www.pause-au-naturelle.com\/it\/product\/the-sultan-verbena-pura\/\" \/>\n<meta property=\"og:locale\" content=\"it_IT\" \/>\n<meta property=\"og:type\" content=\"article\" \/>\n<meta property=\"og:title\" content=\"Th\u00e9 Sultan pure verveine | Boisson b\u00e9n\u00e9fique | Achat en France\" \/>\n<meta property=\"og:description\" content=\"Laissez-nous vous pr\u00e9senter le\u00a0th\u00e9 Sultan Pure Verveine, une boisson id\u00e9ale pour accompagner vos petits d\u00e9jeuners et faire le plein d&#039;\u00e9nergie.\" \/>\n<meta property=\"og:url\" content=\"https:\/\/www.pause-au-naturelle.com\/it\/product\/the-sultan-verbena-pura\/\" \/>\n<meta property=\"og:site_name\" content=\"Pause au Naturelle\" \/>\n<meta property=\"article:modified_time\" content=\"2026-01-10T20:02:53+00:00\" \/>\n<meta property=\"og:image\" content=\"https:\/\/www.pause-au-naturelle.com\/wp-content\/uploads\/2024\/01\/the-sultan-pure-verbena.jpg\" \/>\n\t<meta property=\"og:image:width\" content=\"600\" \/>\n\t<meta property=\"og:image:height\" content=\"600\" \/>\n\t<meta property=\"og:image:type\" content=\"image\/jpeg\" \/>\n<meta name=\"twitter:card\" content=\"summary_large_image\" \/>\n<meta name=\"twitter:label1\" content=\"Tempo di lettura stimato\" \/>\n\t<meta name=\"twitter:data1\" content=\"3 minuti\" \/>\n<script type=\"application\/ld+json\" class=\"yoast-schema-graph\">{\"@context\":\"https:\\\/\\\/schema.org\",\"@graph\":[{\"@type\":\"WebPage\",\"@id\":\"https:\\\/\\\/www.pause-au-naturelle.com\\\/produit\\\/the-sultan-pure-verveine\\\/\",\"url\":\"https:\\\/\\\/www.pause-au-naturelle.com\\\/produit\\\/the-sultan-pure-verveine\\\/\",\"name\":\"Th\u00e9 Sultan pure verveine | Boisson b\u00e9n\u00e9fique | Achat en France\",\"isPartOf\":{\"@id\":\"https:\\\/\\\/www.pause-au-naturelle.com\\\/#website\"},\"primaryImageOfPage\":{\"@id\":\"https:\\\/\\\/www.pause-au-naturelle.com\\\/produit\\\/the-sultan-pure-verveine\\\/#primaryimage\"},\"image\":{\"@id\":\"https:\\\/\\\/www.pause-au-naturelle.com\\\/produit\\\/the-sultan-pure-verveine\\\/#primaryimage\"},\"thumbnailUrl\":\"https:\\\/\\\/www.pause-au-naturelle.com\\\/wp-content\\\/uploads\\\/2024\\\/01\\\/the-sultan-pure-verbena.jpg\",\"datePublished\":\"2024-01-11T11:10:42+00:00\",\"dateModified\":\"2026-01-10T20:02:53+00:00\",\"description\":\"Laissez-nous vous pr\u00e9senter le\u00a0th\u00e9 Sultan Pure Verveine, une boisson id\u00e9ale pour accompagner vos petits d\u00e9jeuners et faire le plein d'\u00e9nergie.\",\"breadcrumb\":{\"@id\":\"https:\\\/\\\/www.pause-au-naturelle.com\\\/produit\\\/the-sultan-pure-verveine\\\/#breadcrumb\"},\"inLanguage\":\"it-IT\",\"potentialAction\":[{\"@type\":\"ReadAction\",\"target\":[\"https:\\\/\\\/www.pause-au-naturelle.com\\\/produit\\\/the-sultan-pure-verveine\\\/\"]}]},{\"@type\":\"ImageObject\",\"inLanguage\":\"it-IT\",\"@id\":\"https:\\\/\\\/www.pause-au-naturelle.com\\\/produit\\\/the-sultan-pure-verveine\\\/#primaryimage\",\"url\":\"https:\\\/\\\/www.pause-au-naturelle.com\\\/wp-content\\\/uploads\\\/2024\\\/01\\\/the-sultan-pure-verbena.jpg\",\"contentUrl\":\"https:\\\/\\\/www.pause-au-naturelle.com\\\/wp-content\\\/uploads\\\/2024\\\/01\\\/the-sultan-pure-verbena.jpg\",\"width\":600,\"height\":600,\"caption\":\"Th\u00e9 Sultan pure verveine (20 sachets)\"},{\"@type\":\"BreadcrumbList\",\"@id\":\"https:\\\/\\\/www.pause-au-naturelle.com\\\/produit\\\/the-sultan-pure-verveine\\\/#breadcrumb\",\"itemListElement\":[{\"@type\":\"ListItem\",\"position\":1,\"name\":\"Boutique\",\"item\":\"https:\\\/\\\/www.pause-au-naturelle.com\\\/boutique\\\/\"},{\"@type\":\"ListItem\",\"position\":2,\"name\":\"Th\u00e9 Sultan pure verveine (20 sachets)\"}]},{\"@type\":\"WebSite\",\"@id\":\"https:\\\/\\\/www.pause-au-naturelle.com\\\/#website\",\"url\":\"https:\\\/\\\/www.pause-au-naturelle.com\\\/\",\"name\":\"Pause au Naturelle\",\"description\":\"\",\"publisher\":{\"@id\":\"https:\\\/\\\/www.pause-au-naturelle.com\\\/#organization\"},\"potentialAction\":[{\"@type\":\"SearchAction\",\"target\":{\"@type\":\"EntryPoint\",\"urlTemplate\":\"https:\\\/\\\/www.pause-au-naturelle.com\\\/?s={search_term_string}\"},\"query-input\":{\"@type\":\"PropertyValueSpecification\",\"valueRequired\":true,\"valueName\":\"search_term_string\"}}],\"inLanguage\":\"it-IT\"},{\"@type\":\"Organization\",\"@id\":\"https:\\\/\\\/www.pause-au-naturelle.com\\\/#organization\",\"name\":\"Pause au naturelle\",\"url\":\"https:\\\/\\\/www.pause-au-naturelle.com\\\/\",\"logo\":{\"@type\":\"ImageObject\",\"inLanguage\":\"it-IT\",\"@id\":\"https:\\\/\\\/www.pause-au-naturelle.com\\\/#\\\/schema\\\/logo\\\/image\\\/\",\"url\":\"https:\\\/\\\/www.pause-au-naturelle.com\\\/wp-content\\\/uploads\\\/2020\\\/06\\\/logo.png\",\"contentUrl\":\"https:\\\/\\\/www.pause-au-naturelle.com\\\/wp-content\\\/uploads\\\/2020\\\/06\\\/logo.png\",\"width\":250,\"height\":250,\"caption\":\"Pause au naturelle\"},\"image\":{\"@id\":\"https:\\\/\\\/www.pause-au-naturelle.com\\\/#\\\/schema\\\/logo\\\/image\\\/\"}}]}<\/script>\n<!-- \/ Yoast SEO plugin. -->","yoast_head_json":{"title":"T\u00e8 Sultan alla verbena pura | Bevanda benefica | Acquisto in Francia","description":"Vi presentiamo il t\u00e8 Sultan Pure Verveine, una bevanda ideale da accompagnare alla colazione e fare il pieno di energia.","robots":{"index":"index","follow":"follow","max-snippet":"max-snippet:-1","max-image-preview":"max-image-preview:large","max-video-preview":"max-video-preview:-1"},"canonical":"https:\/\/www.pause-au-naturelle.com\/it\/product\/the-sultan-verbena-pura\/","og_locale":"it_IT","og_type":"article","og_title":"Th\u00e9 Sultan pure verveine | Boisson b\u00e9n\u00e9fique | Achat en France","og_description":"Laissez-nous vous pr\u00e9senter le\u00a0th\u00e9 Sultan Pure Verveine, une boisson id\u00e9ale pour accompagner vos petits d\u00e9jeuners et faire le plein d'\u00e9nergie.","og_url":"https:\/\/www.pause-au-naturelle.com\/it\/product\/the-sultan-verbena-pura\/","og_site_name":"Pause au Naturelle","article_modified_time":"2026-01-10T20:02:53+00:00","og_image":[{"width":600,"height":600,"url":"https:\/\/www.pause-au-naturelle.com\/wp-content\/uploads\/2024\/01\/the-sultan-pure-verbena.jpg","type":"image\/jpeg"}],"twitter_card":"summary_large_image","twitter_misc":{"Tempo di lettura stimato":"3 minuti"},"schema":{"@context":"https:\/\/schema.org","@graph":[{"@type":"WebPage","@id":"https:\/\/www.pause-au-naturelle.com\/produit\/the-sultan-pure-verveine\/","url":"https:\/\/www.pause-au-naturelle.com\/produit\/the-sultan-pure-verveine\/","name":"T\u00e8 Sultan alla verbena pura | Bevanda benefica | Acquisto in Francia","isPartOf":{"@id":"https:\/\/www.pause-au-naturelle.com\/#website"},"primaryImageOfPage":{"@id":"https:\/\/www.pause-au-naturelle.com\/produit\/the-sultan-pure-verveine\/#primaryimage"},"image":{"@id":"https:\/\/www.pause-au-naturelle.com\/produit\/the-sultan-pure-verveine\/#primaryimage"},"thumbnailUrl":"https:\/\/www.pause-au-naturelle.com\/wp-content\/uploads\/2024\/01\/the-sultan-pure-verbena.jpg","datePublished":"2024-01-11T11:10:42+00:00","dateModified":"2026-01-10T20:02:53+00:00","description":"Vi presentiamo il t\u00e8 Sultan Pure Verveine, una bevanda ideale da accompagnare alla colazione e fare il pieno di energia.","breadcrumb":{"@id":"https:\/\/www.pause-au-naturelle.com\/produit\/the-sultan-pure-verveine\/#breadcrumb"},"inLanguage":"it-IT","potentialAction":[{"@type":"ReadAction","target":["https:\/\/www.pause-au-naturelle.com\/produit\/the-sultan-pure-verveine\/"]}]},{"@type":"ImageObject","inLanguage":"it-IT","@id":"https:\/\/www.pause-au-naturelle.com\/produit\/the-sultan-pure-verveine\/#primaryimage","url":"https:\/\/www.pause-au-naturelle.com\/wp-content\/uploads\/2024\/01\/the-sultan-pure-verbena.jpg","contentUrl":"https:\/\/www.pause-au-naturelle.com\/wp-content\/uploads\/2024\/01\/the-sultan-pure-verbena.jpg","width":600,"height":600,"caption":"Th\u00e9 Sultan pure verveine (20 sachets)"},{"@type":"BreadcrumbList","@id":"https:\/\/www.pause-au-naturelle.com\/produit\/the-sultan-pure-verveine\/#breadcrumb","itemListElement":[{"@type":"ListItem","position":1,"name":"Boutique","item":"https:\/\/www.pause-au-naturelle.com\/boutique\/"},{"@type":"ListItem","position":2,"name":"Th\u00e9 Sultan pure verveine (20 sachets)"}]},{"@type":"WebSite","@id":"https:\/\/www.pause-au-naturelle.com\/#website","url":"https:\/\/www.pause-au-naturelle.com\/","name":"Pausa al naturale","description":"","publisher":{"@id":"https:\/\/www.pause-au-naturelle.com\/#organization"},"potentialAction":[{"@type":"SearchAction","target":{"@type":"EntryPoint","urlTemplate":"https:\/\/www.pause-au-naturelle.com\/?s={search_term_string}"},"query-input":{"@type":"PropertyValueSpecification","valueRequired":true,"valueName":"search_term_string"}}],"inLanguage":"it-IT"},{"@type":"Organization","@id":"https:\/\/www.pause-au-naturelle.com\/#organization","name":"Pausa al naturale","url":"https:\/\/www.pause-au-naturelle.com\/","logo":{"@type":"ImageObject","inLanguage":"it-IT","@id":"https:\/\/www.pause-au-naturelle.com\/#\/schema\/logo\/image\/","url":"https:\/\/www.pause-au-naturelle.com\/wp-content\/uploads\/2020\/06\/logo.png","contentUrl":"https:\/\/www.pause-au-naturelle.com\/wp-content\/uploads\/2020\/06\/logo.png","width":250,"height":250,"caption":"Pause au naturelle"},"image":{"@id":"https:\/\/www.pause-au-naturelle.com\/#\/schema\/logo\/image\/"}}]}},"_links":{"self":[{"href":"https:\/\/www.pause-au-naturelle.com\/it\/wp-json\/wp\/v2\/product\/9646","targetHints":{"allow":["GET"]}}],"collection":[{"href":"https:\/\/www.pause-au-naturelle.com\/it\/wp-json\/wp\/v2\/product"}],"about":[{"href":"https:\/\/www.pause-au-naturelle.com\/it\/wp-json\/wp\/v2\/types\/product"}],"wp:featuredmedia":[{"embeddable":true,"href":"https:\/\/www.pause-au-naturelle.com\/it\/wp-json\/wp\/v2\/media\/9647"}],"wp:attachment":[{"href":"https:\/\/www.pause-au-naturelle.com\/it\/wp-json\/wp\/v2\/media?parent=9646"}],"wp:term":[{"taxonomy":"product_brand","embeddable":true,"href":"https:\/\/www.pause-au-naturelle.com\/it\/wp-json\/wp\/v2\/product_brand?post=9646"},{"taxonomy":"product_cat","embeddable":true,"href":"https:\/\/www.pause-au-naturelle.com\/it\/wp-json\/wp\/v2\/product_cat?post=9646"},{"taxonomy":"product_tag","embeddable":true,"href":"https:\/\/www.pause-au-naturelle.com\/it\/wp-json\/wp\/v2\/product_tag?post=9646"}],"curies":[{"name":"wp","href":"https:\/\/api.w.org\/{rel}","templated":true}]}}