{"id":9672,"date":"2024-02-09T17:35:31","date_gmt":"2024-02-09T17:35:31","guid":{"rendered":"https:\/\/www.pause-au-naturelle.com\/?post_type=product&#038;p=9672"},"modified":"2026-01-04T14:53:18","modified_gmt":"2026-01-04T14:53:18","slug":"khamare-radici-di-vetiver","status":"publish","type":"product","link":"https:\/\/www.pause-au-naturelle.com\/it\/produit\/khamare-racines-de-vetiver\/","title":{"rendered":"Khamar\u00e9 fertilit\u00e0"},"content":{"rendered":"<p>Dans le domaine de l&rsquo;hygi\u00e8ne et du bien-\u00eatre intime f\u00e9minin, divers produits sont en constante \u00e9volution. Pourtant, certains rem\u00e8des naturels ancestraux restent aujourd&rsquo;hui encore une r\u00e9f\u00e9rence in\u00e9galable. C&rsquo;est le cas notamment avec la fameuse\u00a0<strong>tige africaine Khamar\u00e9 largement reconnue pour ses v\u00e9ritables vertus bienfaisantes en mati\u00e8re d&rsquo;hygi\u00e8ne intime chez les femmes<\/strong>. Issu des racines de tiges de v\u00e9tiver utilis\u00e9es depuis plusieurs g\u00e9n\u00e9rations par les femmes africaines, ce produit est un v\u00e9ritable tr\u00e9sor de la m\u00e9decine traditionnelle.<\/p>\n<h2><strong>\u00c0 la d\u00e9couverte de la tige africaine Khamare<\/strong><\/h2>\n<h3><strong>Cos'\u00e8 il bastone africano Khamare?<\/strong><\/h3>\n<p>La tige africaine Khamar\u00e9 n\u2019est autre qu\u2019un morceau de racine de v\u00e9tiver. Le <strong>v\u00e9tiver (Vetiveria zizanioides)<\/strong>\u00a0est une plante vivace tr\u00e8s r\u00e9pandue en Afrique et connue depuis l&rsquo;antiquit\u00e9 pour ses propri\u00e9t\u00e9s m\u00e9dicinales et <a href=\"https:\/\/www.pause-au-naturelle.com\/it\/2023\/12\/31\/cosmetici-naturali-6-lettere\/\"><strong>cosm\u00e9tiques<\/strong><\/a>. Il est important de souligner que le proc\u00e9d\u00e9 de fabrication garantit non seulement son efficacit\u00e9 mais aussi sa qualit\u00e9 irr\u00e9prochable.<\/p>\n<h3><strong>Comment utiliser la tige africaine de v\u00e9tiver ?<\/strong><\/h3>\n<p>L&rsquo;utilisation de la tige africaine Khamare est tr\u00e8s simple et accessible \u00e0 toutes. En effet, il suffit d&rsquo;humecter l\u00e9g\u00e8rement la tige avec de l&rsquo;eau et de la frotter d\u00e9licatement sur les parties intimes pour profiter de ses bienfaits. Il est recommand\u00e9 d&rsquo;utiliser la tige Khamare apr\u00e8s chaque toilette intime ou douche pour assurer une hygi\u00e8ne intime optimale.<\/p>\n<h3><strong>Quels sont les avantages de l&rsquo;utilisation de Khamar\u00e9 ?<\/strong><\/h3>\n<p>La tige africaine Khamar\u00e9 offre <strong>un concentr\u00e9 d&rsquo;avantages multiples pour le bien-\u00eatre des femmes<\/strong>. Par son utilisation quotidienne, elle se r\u00e9v\u00e8le \u00eatre une v\u00e9ritable solution pour pr\u00e9venir et traiter efficacement divers probl\u00e8mes courants li\u00e9s \u00e0 l\u2019hygi\u00e8ne intime f\u00e9minine.<\/p>\n<h2><strong>Les vertus ind\u00e9niables de la tige africaine Khamar\u00e9 pour l&rsquo;hygi\u00e8ne intime<\/strong><\/h2>\n<ul>\n<li><strong>Un potente anti-infettivo naturale<\/strong><\/li>\n<\/ul>\n<p>Le premier atout que pr\u00e9sente la tige africaine Khamar\u00e9 dans son action sur l&rsquo;hygi\u00e8ne intime est sa capacit\u00e9 \u00e0 \u00e9liminer les bact\u00e9ries pathog\u00e8nes. Ainsi, <strong>cet anti-infectieux naturel contribue de mani\u00e8re proactive \u00e0 pr\u00e9venir et combattre les infections vaginales. Telles que la vaginose bact\u00e9rienne et les mycoses vaginales<\/strong>.<\/p>\n<ul>\n<li><strong>La r\u00e9gulation du pH vaginal<\/strong><\/li>\n<\/ul>\n<p>Au-del\u00e0 de ses propri\u00e9t\u00e9s anti-infectieuses, la tige africaine Khamar\u00e9 participe activement \u00e0 la r\u00e9gulation du pH vaginal. En maintenant l&rsquo;\u00e9quilibre de la flore vaginale, <strong>la tige Khamar\u00e9 pr\u00e9vient les d\u00e9s\u00e9quilibres qui peuvent \u00eatre responsables de la prolif\u00e9ration des bact\u00e9ries et champignons nuisibles \u00e0 l&rsquo;intimit\u00e9 f\u00e9minine<\/strong>.<\/p>\n<ul>\n<li><strong>Un d\u00e9sodorisant naturel efficace<\/strong><\/li>\n<\/ul>\n<p>Enfin, les racines de v\u00e9tiver est \u00e9galement un excellent d\u00e9sodorisant intime. Elles permettent d&rsquo;\u00e9liminer les odeurs d\u00e9sagr\u00e9ables souvent associ\u00e9es aux infections vaginales. <strong>Son action purifiante et rafra\u00eechissante assure une sensation de fra\u00eecheur durable<\/strong>, ce qui conforte son utilisation quotidienne pour le bien-\u00eatre intime.<\/p>\n<h3><strong>Les racines de v\u00e9tiver : symbole de f\u00e9minit\u00e9 et de sensualit\u00e9<\/strong><\/h3>\n<p>L&rsquo;hygi\u00e8ne intime rev\u00eat non seulement une importance cruciale pour la sant\u00e9 des femmes. Ceci en \u00e9vitant les contaminations par des micro-organismes ind\u00e9sirables mais \u00e9galement un gage de f\u00e9minit\u00e9 assum\u00e9e. Les femmes soucieuses de leur bien-\u00eatre sont de plus en plus nombreuses \u00e0 se tourner vers la tige africaine Khamar\u00e9 pour lui reconna\u00eetre ses propri\u00e9t\u00e9s sensorielles et aphrodisiaques.<\/p>\n<ul>\n<li><strong>Une fragrance singuli\u00e8re :<\/strong> la tige africaine Khamar\u00e9 diffuse tout naturellement une senteur envo\u00fbtante et douce qui \u00e9veille les sens.<\/li>\n<li><strong>Un potere afrodisiaco:<\/strong>\u00a0au-del\u00e0 de son parfum, l&rsquo;action stimulante et revitalisante de cette tige africaine est \u00e9galement reconnue pour favoriser une harmonie des \u00e9motions et relations intimes.<\/li>\n<\/ul>","protected":false},"excerpt":{"rendered":"<p>Dans le domaine de l&rsquo;hygi\u00e8ne et du bien-\u00eatre intime f\u00e9minin, divers produits sont en constante \u00e9volution. Pourtant, certains rem\u00e8des naturels ancestraux restent aujourd&rsquo;hui encore une r\u00e9f\u00e9rence in\u00e9galable. C&rsquo;est le cas notamment avec la fameuse\u00a0tige africaine Khamar\u00e9 largement reconnue pour ses v\u00e9ritables vertus bienfaisantes en mati\u00e8re d&rsquo;hygi\u00e8ne intime chez les femmes. Issu des racines de tiges [&#8230;]\n","protected":false},"featured_media":9762,"template":"","meta":[],"product_brand":[],"product_cat":[100],"product_tag":[],"class_list":{"0":"post-9672","1":"product","2":"type-product","3":"status-publish","4":"has-post-thumbnail","6":"product_cat-bien-etre-beaute","8":"first","9":"instock","10":"shipping-taxable","11":"purchasable","12":"product-type-variable"},"yoast_head":"<!-- This site is optimized with the Yoast SEO plugin v27.5 - https:\/\/yoast.com\/product\/yoast-seo-wordpress\/ -->\n<title>Khamar\u00e9 (Racines de tiges de vetiver) | Bienfaits pour la fertilit\u00e9<\/title>\n<meta name=\"description\" content=\"Zoom sur la fameuse\u00a0tige africaine Khamar\u00e9 largement reconnue pour ses v\u00e9ritables vertus bienfaisantes en mati\u00e8re d&#039;hygi\u00e8ne intime chez les femmes.\" \/>\n<meta name=\"robots\" content=\"index, follow, max-snippet:-1, max-image-preview:large, max-video-preview:-1\" \/>\n<link rel=\"canonical\" href=\"https:\/\/www.pause-au-naturelle.com\/it\/product\/khamare-radici-di-vetiver\/\" \/>\n<meta property=\"og:locale\" content=\"it_IT\" \/>\n<meta property=\"og:type\" content=\"article\" \/>\n<meta property=\"og:title\" content=\"Khamar\u00e9 (Racines de tiges de vetiver) | Bienfaits pour la fertilit\u00e9\" \/>\n<meta property=\"og:description\" content=\"Zoom sur la fameuse\u00a0tige africaine Khamar\u00e9 largement reconnue pour ses v\u00e9ritables vertus bienfaisantes en mati\u00e8re d&#039;hygi\u00e8ne intime chez les femmes.\" \/>\n<meta property=\"og:url\" content=\"https:\/\/www.pause-au-naturelle.com\/it\/product\/khamare-radici-di-vetiver\/\" \/>\n<meta property=\"og:site_name\" content=\"Pause au Naturelle\" \/>\n<meta property=\"article:modified_time\" content=\"2026-01-04T14:53:18+00:00\" \/>\n<meta property=\"og:image\" content=\"https:\/\/www.pause-au-naturelle.com\/wp-content\/uploads\/2024\/01\/khamare-racines-de-vetiver.jpg\" \/>\n\t<meta property=\"og:image:width\" content=\"600\" \/>\n\t<meta property=\"og:image:height\" content=\"600\" \/>\n\t<meta property=\"og:image:type\" content=\"image\/jpeg\" \/>\n<meta name=\"twitter:card\" content=\"summary_large_image\" \/>\n<meta name=\"twitter:label1\" content=\"Tempo di lettura stimato\" \/>\n\t<meta name=\"twitter:data1\" content=\"3 minuti\" \/>\n<script type=\"application\/ld+json\" class=\"yoast-schema-graph\">{\"@context\":\"https:\\\/\\\/schema.org\",\"@graph\":[{\"@type\":\"WebPage\",\"@id\":\"https:\\\/\\\/www.pause-au-naturelle.com\\\/produit\\\/khamare-racines-de-vetiver\\\/\",\"url\":\"https:\\\/\\\/www.pause-au-naturelle.com\\\/produit\\\/khamare-racines-de-vetiver\\\/\",\"name\":\"Khamar\u00e9 (Racines de tiges de vetiver) | Bienfaits pour la fertilit\u00e9\",\"isPartOf\":{\"@id\":\"https:\\\/\\\/www.pause-au-naturelle.com\\\/#website\"},\"primaryImageOfPage\":{\"@id\":\"https:\\\/\\\/www.pause-au-naturelle.com\\\/produit\\\/khamare-racines-de-vetiver\\\/#primaryimage\"},\"image\":{\"@id\":\"https:\\\/\\\/www.pause-au-naturelle.com\\\/produit\\\/khamare-racines-de-vetiver\\\/#primaryimage\"},\"thumbnailUrl\":\"https:\\\/\\\/www.pause-au-naturelle.com\\\/wp-content\\\/uploads\\\/2024\\\/01\\\/khamare-racines-de-vetiver.jpg\",\"datePublished\":\"2024-02-09T17:35:31+00:00\",\"dateModified\":\"2026-01-04T14:53:18+00:00\",\"description\":\"Zoom sur la fameuse\u00a0tige africaine Khamar\u00e9 largement reconnue pour ses v\u00e9ritables vertus bienfaisantes en mati\u00e8re d'hygi\u00e8ne intime chez les femmes.\",\"breadcrumb\":{\"@id\":\"https:\\\/\\\/www.pause-au-naturelle.com\\\/produit\\\/khamare-racines-de-vetiver\\\/#breadcrumb\"},\"inLanguage\":\"it-IT\",\"potentialAction\":[{\"@type\":\"ReadAction\",\"target\":[\"https:\\\/\\\/www.pause-au-naturelle.com\\\/produit\\\/khamare-racines-de-vetiver\\\/\"]}]},{\"@type\":\"ImageObject\",\"inLanguage\":\"it-IT\",\"@id\":\"https:\\\/\\\/www.pause-au-naturelle.com\\\/produit\\\/khamare-racines-de-vetiver\\\/#primaryimage\",\"url\":\"https:\\\/\\\/www.pause-au-naturelle.com\\\/wp-content\\\/uploads\\\/2024\\\/01\\\/khamare-racines-de-vetiver.jpg\",\"contentUrl\":\"https:\\\/\\\/www.pause-au-naturelle.com\\\/wp-content\\\/uploads\\\/2024\\\/01\\\/khamare-racines-de-vetiver.jpg\",\"width\":600,\"height\":600,\"caption\":\"Khamar\u00e9 fertilit\u00e9 (10 racines de tiges de vetiver)\"},{\"@type\":\"BreadcrumbList\",\"@id\":\"https:\\\/\\\/www.pause-au-naturelle.com\\\/produit\\\/khamare-racines-de-vetiver\\\/#breadcrumb\",\"itemListElement\":[{\"@type\":\"ListItem\",\"position\":1,\"name\":\"Boutique\",\"item\":\"https:\\\/\\\/www.pause-au-naturelle.com\\\/boutique\\\/\"},{\"@type\":\"ListItem\",\"position\":2,\"name\":\"Khamar\u00e9 fertilit\u00e9\"}]},{\"@type\":\"WebSite\",\"@id\":\"https:\\\/\\\/www.pause-au-naturelle.com\\\/#website\",\"url\":\"https:\\\/\\\/www.pause-au-naturelle.com\\\/\",\"name\":\"Pause au Naturelle\",\"description\":\"\",\"publisher\":{\"@id\":\"https:\\\/\\\/www.pause-au-naturelle.com\\\/#organization\"},\"potentialAction\":[{\"@type\":\"SearchAction\",\"target\":{\"@type\":\"EntryPoint\",\"urlTemplate\":\"https:\\\/\\\/www.pause-au-naturelle.com\\\/?s={search_term_string}\"},\"query-input\":{\"@type\":\"PropertyValueSpecification\",\"valueRequired\":true,\"valueName\":\"search_term_string\"}}],\"inLanguage\":\"it-IT\"},{\"@type\":\"Organization\",\"@id\":\"https:\\\/\\\/www.pause-au-naturelle.com\\\/#organization\",\"name\":\"Pause au naturelle\",\"url\":\"https:\\\/\\\/www.pause-au-naturelle.com\\\/\",\"logo\":{\"@type\":\"ImageObject\",\"inLanguage\":\"it-IT\",\"@id\":\"https:\\\/\\\/www.pause-au-naturelle.com\\\/#\\\/schema\\\/logo\\\/image\\\/\",\"url\":\"https:\\\/\\\/www.pause-au-naturelle.com\\\/wp-content\\\/uploads\\\/2020\\\/06\\\/logo.png\",\"contentUrl\":\"https:\\\/\\\/www.pause-au-naturelle.com\\\/wp-content\\\/uploads\\\/2020\\\/06\\\/logo.png\",\"width\":250,\"height\":250,\"caption\":\"Pause au naturelle\"},\"image\":{\"@id\":\"https:\\\/\\\/www.pause-au-naturelle.com\\\/#\\\/schema\\\/logo\\\/image\\\/\"}}]}<\/script>\n<!-- \/ Yoast SEO plugin. -->","yoast_head_json":{"title":"Khamar\u00e9 (radici di vetiver) | Benefici per la fertilit\u00e0","description":"Zoom sul famoso bastoncino africano Khamar\u00e9, ampiamente riconosciuto per le sue genuine propriet\u00e0 benefiche nell'igiene intima femminile.","robots":{"index":"index","follow":"follow","max-snippet":"max-snippet:-1","max-image-preview":"max-image-preview:large","max-video-preview":"max-video-preview:-1"},"canonical":"https:\/\/www.pause-au-naturelle.com\/it\/product\/khamare-radici-di-vetiver\/","og_locale":"it_IT","og_type":"article","og_title":"Khamar\u00e9 (Racines de tiges de vetiver) | Bienfaits pour la fertilit\u00e9","og_description":"Zoom sur la fameuse\u00a0tige africaine Khamar\u00e9 largement reconnue pour ses v\u00e9ritables vertus bienfaisantes en mati\u00e8re d'hygi\u00e8ne intime chez les femmes.","og_url":"https:\/\/www.pause-au-naturelle.com\/it\/product\/khamare-radici-di-vetiver\/","og_site_name":"Pause au Naturelle","article_modified_time":"2026-01-04T14:53:18+00:00","og_image":[{"width":600,"height":600,"url":"https:\/\/www.pause-au-naturelle.com\/wp-content\/uploads\/2024\/01\/khamare-racines-de-vetiver.jpg","type":"image\/jpeg"}],"twitter_card":"summary_large_image","twitter_misc":{"Tempo di lettura stimato":"3 minuti"},"schema":{"@context":"https:\/\/schema.org","@graph":[{"@type":"WebPage","@id":"https:\/\/www.pause-au-naturelle.com\/produit\/khamare-racines-de-vetiver\/","url":"https:\/\/www.pause-au-naturelle.com\/produit\/khamare-racines-de-vetiver\/","name":"Khamar\u00e9 (radici di vetiver) | Benefici per la fertilit\u00e0","isPartOf":{"@id":"https:\/\/www.pause-au-naturelle.com\/#website"},"primaryImageOfPage":{"@id":"https:\/\/www.pause-au-naturelle.com\/produit\/khamare-racines-de-vetiver\/#primaryimage"},"image":{"@id":"https:\/\/www.pause-au-naturelle.com\/produit\/khamare-racines-de-vetiver\/#primaryimage"},"thumbnailUrl":"https:\/\/www.pause-au-naturelle.com\/wp-content\/uploads\/2024\/01\/khamare-racines-de-vetiver.jpg","datePublished":"2024-02-09T17:35:31+00:00","dateModified":"2026-01-04T14:53:18+00:00","description":"Zoom sul famoso bastoncino africano Khamar\u00e9, ampiamente riconosciuto per le sue genuine propriet\u00e0 benefiche nell'igiene intima femminile.","breadcrumb":{"@id":"https:\/\/www.pause-au-naturelle.com\/produit\/khamare-racines-de-vetiver\/#breadcrumb"},"inLanguage":"it-IT","potentialAction":[{"@type":"ReadAction","target":["https:\/\/www.pause-au-naturelle.com\/produit\/khamare-racines-de-vetiver\/"]}]},{"@type":"ImageObject","inLanguage":"it-IT","@id":"https:\/\/www.pause-au-naturelle.com\/produit\/khamare-racines-de-vetiver\/#primaryimage","url":"https:\/\/www.pause-au-naturelle.com\/wp-content\/uploads\/2024\/01\/khamare-racines-de-vetiver.jpg","contentUrl":"https:\/\/www.pause-au-naturelle.com\/wp-content\/uploads\/2024\/01\/khamare-racines-de-vetiver.jpg","width":600,"height":600,"caption":"Khamar\u00e9 fertilit\u00e9 (10 racines de tiges de vetiver)"},{"@type":"BreadcrumbList","@id":"https:\/\/www.pause-au-naturelle.com\/produit\/khamare-racines-de-vetiver\/#breadcrumb","itemListElement":[{"@type":"ListItem","position":1,"name":"Boutique","item":"https:\/\/www.pause-au-naturelle.com\/boutique\/"},{"@type":"ListItem","position":2,"name":"Khamar\u00e9 fertilit\u00e9"}]},{"@type":"WebSite","@id":"https:\/\/www.pause-au-naturelle.com\/#website","url":"https:\/\/www.pause-au-naturelle.com\/","name":"Pausa al naturale","description":"","publisher":{"@id":"https:\/\/www.pause-au-naturelle.com\/#organization"},"potentialAction":[{"@type":"SearchAction","target":{"@type":"EntryPoint","urlTemplate":"https:\/\/www.pause-au-naturelle.com\/?s={search_term_string}"},"query-input":{"@type":"PropertyValueSpecification","valueRequired":true,"valueName":"search_term_string"}}],"inLanguage":"it-IT"},{"@type":"Organization","@id":"https:\/\/www.pause-au-naturelle.com\/#organization","name":"Pausa al naturale","url":"https:\/\/www.pause-au-naturelle.com\/","logo":{"@type":"ImageObject","inLanguage":"it-IT","@id":"https:\/\/www.pause-au-naturelle.com\/#\/schema\/logo\/image\/","url":"https:\/\/www.pause-au-naturelle.com\/wp-content\/uploads\/2020\/06\/logo.png","contentUrl":"https:\/\/www.pause-au-naturelle.com\/wp-content\/uploads\/2020\/06\/logo.png","width":250,"height":250,"caption":"Pause au naturelle"},"image":{"@id":"https:\/\/www.pause-au-naturelle.com\/#\/schema\/logo\/image\/"}}]}},"_links":{"self":[{"href":"https:\/\/www.pause-au-naturelle.com\/it\/wp-json\/wp\/v2\/product\/9672","targetHints":{"allow":["GET"]}}],"collection":[{"href":"https:\/\/www.pause-au-naturelle.com\/it\/wp-json\/wp\/v2\/product"}],"about":[{"href":"https:\/\/www.pause-au-naturelle.com\/it\/wp-json\/wp\/v2\/types\/product"}],"wp:featuredmedia":[{"embeddable":true,"href":"https:\/\/www.pause-au-naturelle.com\/it\/wp-json\/wp\/v2\/media\/9762"}],"wp:attachment":[{"href":"https:\/\/www.pause-au-naturelle.com\/it\/wp-json\/wp\/v2\/media?parent=9672"}],"wp:term":[{"taxonomy":"product_brand","embeddable":true,"href":"https:\/\/www.pause-au-naturelle.com\/it\/wp-json\/wp\/v2\/product_brand?post=9672"},{"taxonomy":"product_cat","embeddable":true,"href":"https:\/\/www.pause-au-naturelle.com\/it\/wp-json\/wp\/v2\/product_cat?post=9672"},{"taxonomy":"product_tag","embeddable":true,"href":"https:\/\/www.pause-au-naturelle.com\/it\/wp-json\/wp\/v2\/product_tag?post=9672"}],"curies":[{"name":"wp","href":"https:\/\/api.w.org\/{rel}","templated":true}]}}