{"id":1604,"date":"2018-10-17T04:10:47","date_gmt":"2018-10-17T04:10:47","guid":{"rendered":"http:\/\/source.wpopal.com\/auros\/?page_id=1604"},"modified":"2020-11-13T14:04:12","modified_gmt":"2020-11-13T14:04:12","slug":"levering-en-retourzendingen","status":"publish","type":"page","link":"https:\/\/www.pause-au-naturelle.com\/nl\/livraison-et-retour\/","title":{"rendered":"Levering en retourneren"},"content":{"rendered":"<h1 class=\"wp-block-heading\">Leveringen en retourzendingen<\/h1>\n\n\n\n<p>Chez Pause Au Natur&rsquo;elle nous apportons une attention particuli\u00e8re \u00e0 exp\u00e9dier vos commandes le plus rapidement possible. Afin de vous proposer diff\u00e9rentes solutions de livraison (\u00e0 domicile, en relais) et diff\u00e9rentes vitesse de r\u00e9ception de votre commande (24H, 48H, 72H) , nous travaillons avec diff\u00e9rents transporteurs.&nbsp; D\u00e9couvrez nos diff\u00e9rentes offres et faites votre choix selon vos propres crit\u00e8res.<\/p>\n\n\n\n<h2 class=\"wp-block-heading\">Dragers :<\/h2>\n\n\n\n<figure class=\"wp-block-image\"><img decoding=\"async\" src=\"https:\/\/mamanetbebenature.fr\/img\/cms\/mondial%20relay.png\" alt=\"\"\/><\/figure>\n\n\n\n<p>Nous vous proposons la livraison de vos colis en relais Mondial Relay. Ce r\u00e9seau compte plus de&nbsp;4700 point relais dans toute la France, vous trouverez surement un relais proche de chez vous.&nbsp;Optez pour la libert\u00e9 de choisir l&rsquo;endroit et le moment qui vous conviennent le mieux pour retirer votre commande.&nbsp;<\/p>\n\n\n\n<p>Vous serez avertis par email, par texto et par appel t\u00e9l\u00e9phonique de la mise \u00e0 disposition de votre commande en relais. Le d\u00e9lai de livraison est de 5 \u00e0 6 jours ouvr\u00e9s. le colis reste en relais une dizaine de jours.<\/p>\n\n\n\n<p>Levering is\u00a0<strong>GRATIS<\/strong>\u00a0avec ce transporteur \u00e0 partir de\u00a0<strong>35\u20ac d&rsquo;achats<\/strong>,\u00a0<strong>le d\u00e9lai de r\u00e9ception varie entre 5 \u00e0 6 jours ouvr\u00e9s<\/strong>.\u00a0<\/p>\n\n\n\n<figure class=\"wp-block-image\"><img decoding=\"async\" src=\"https:\/\/mamanetbebenature.fr\/img\/cms\/COLISSIMO%20LOGO.jpg\" alt=\"\"\/><\/figure>\n\n\n\n<p>Nous vous proposons aussi&nbsp;une livraison&nbsp;\u00e0 domicile, pour cela nous nous sommes associ\u00e9s \u00e0 La poste en choisissant l&rsquo;offre Colissimo. Diff\u00e9rentes formules vous sont propos\u00e9es: livraison sans signature, livraison avec signature.<\/p>\n\n\n\n<p>Vous \u00eates tenus inform\u00e9s en temps r\u00e9el (par mail et texto) de l&rsquo;avanc\u00e9e du processus de livraison.<\/p>\n\n\n\n<p><strong>Le d\u00e9lai de r\u00e9ception est de 48h<\/strong>.\u00a0<strong>Il peut varier entre 48H et 72H jours ouvr\u00e9s<\/strong>.\u00a0<\/p>","protected":false},"excerpt":{"rendered":"<p>Livraisons et Retours Chez Pause Au Natur&rsquo;elle nous apportons une attention particuli\u00e8re \u00e0 exp\u00e9dier vos commandes le plus rapidement possible. Afin de vous proposer diff\u00e9rentes solutions de livraison (\u00e0 domicile, en relais) et diff\u00e9rentes vitesse de r\u00e9ception de votre commande (24H, 48H, 72H) , nous travaillons avec diff\u00e9rents transporteurs.&nbsp; D\u00e9couvrez nos diff\u00e9rentes offres et faites [&#8230;]\n","protected":false},"author":1,"featured_media":0,"parent":0,"menu_order":0,"comment_status":"closed","ping_status":"closed","template":"","meta":{"footnotes":""},"class_list":["post-1604","page","type-page","status-publish","hentry"],"yoast_head":"<!-- This site is optimized with the Yoast SEO plugin v27.3 - https:\/\/yoast.com\/product\/yoast-seo-wordpress\/ -->\n<title>Livraison et retour - Pause au Naturelle<\/title>\n<meta name=\"robots\" content=\"noindex, follow\" \/>\n<meta property=\"og:locale\" content=\"nl_NL\" \/>\n<meta property=\"og:type\" content=\"article\" \/>\n<meta property=\"og:title\" content=\"Livraison et retour - Pause au Naturelle\" \/>\n<meta property=\"og:description\" content=\"Livraisons et Retours Chez Pause Au Natur&rsquo;elle nous apportons une attention particuli\u00e8re \u00e0 exp\u00e9dier vos commandes le plus rapidement possible. Afin de vous proposer diff\u00e9rentes solutions de livraison (\u00e0 domicile, en relais) et diff\u00e9rentes vitesse de r\u00e9ception de votre commande (24H, 48H, 72H) , nous travaillons avec diff\u00e9rents transporteurs.&nbsp; D\u00e9couvrez nos diff\u00e9rentes offres et faites [...]\" \/>\n<meta property=\"og:url\" content=\"https:\/\/www.pause-au-naturelle.com\/nl\/levering-en-retourzendingen\/\" \/>\n<meta property=\"og:site_name\" content=\"Pause au Naturelle\" \/>\n<meta property=\"article:modified_time\" content=\"2020-11-13T14:04:12+00:00\" \/>\n<meta property=\"og:image\" content=\"https:\/\/mamanetbebenature.fr\/img\/cms\/mondial%20relay.png\" \/>\n<meta name=\"twitter:card\" content=\"summary_large_image\" \/>\n<meta name=\"twitter:label1\" content=\"Geschatte leestijd\" \/>\n\t<meta name=\"twitter:data1\" content=\"1 minuut\" \/>\n<script type=\"application\/ld+json\" class=\"yoast-schema-graph\">{\"@context\":\"https:\\\/\\\/schema.org\",\"@graph\":[{\"@type\":\"WebPage\",\"@id\":\"https:\\\/\\\/www.pause-au-naturelle.com\\\/livraison-et-retour\\\/\",\"url\":\"https:\\\/\\\/www.pause-au-naturelle.com\\\/livraison-et-retour\\\/\",\"name\":\"Livraison et retour - Pause au Naturelle\",\"isPartOf\":{\"@id\":\"https:\\\/\\\/www.pause-au-naturelle.com\\\/#website\"},\"primaryImageOfPage\":{\"@id\":\"https:\\\/\\\/www.pause-au-naturelle.com\\\/livraison-et-retour\\\/#primaryimage\"},\"image\":{\"@id\":\"https:\\\/\\\/www.pause-au-naturelle.com\\\/livraison-et-retour\\\/#primaryimage\"},\"thumbnailUrl\":\"https:\\\/\\\/mamanetbebenature.fr\\\/img\\\/cms\\\/mondial%20relay.png\",\"datePublished\":\"2018-10-17T04:10:47+00:00\",\"dateModified\":\"2020-11-13T14:04:12+00:00\",\"inLanguage\":\"nl-NL\",\"potentialAction\":[{\"@type\":\"ReadAction\",\"target\":[\"https:\\\/\\\/www.pause-au-naturelle.com\\\/livraison-et-retour\\\/\"]}]},{\"@type\":\"ImageObject\",\"inLanguage\":\"nl-NL\",\"@id\":\"https:\\\/\\\/www.pause-au-naturelle.com\\\/livraison-et-retour\\\/#primaryimage\",\"url\":\"https:\\\/\\\/mamanetbebenature.fr\\\/img\\\/cms\\\/mondial%20relay.png\",\"contentUrl\":\"https:\\\/\\\/mamanetbebenature.fr\\\/img\\\/cms\\\/mondial%20relay.png\"},{\"@type\":\"WebSite\",\"@id\":\"https:\\\/\\\/www.pause-au-naturelle.com\\\/#website\",\"url\":\"https:\\\/\\\/www.pause-au-naturelle.com\\\/\",\"name\":\"Pause au Naturelle\",\"description\":\"\",\"publisher\":{\"@id\":\"https:\\\/\\\/www.pause-au-naturelle.com\\\/#organization\"},\"potentialAction\":[{\"@type\":\"SearchAction\",\"target\":{\"@type\":\"EntryPoint\",\"urlTemplate\":\"https:\\\/\\\/www.pause-au-naturelle.com\\\/?s={search_term_string}\"},\"query-input\":{\"@type\":\"PropertyValueSpecification\",\"valueRequired\":true,\"valueName\":\"search_term_string\"}}],\"inLanguage\":\"nl-NL\"},{\"@type\":\"Organization\",\"@id\":\"https:\\\/\\\/www.pause-au-naturelle.com\\\/#organization\",\"name\":\"Pause au naturelle\",\"url\":\"https:\\\/\\\/www.pause-au-naturelle.com\\\/\",\"logo\":{\"@type\":\"ImageObject\",\"inLanguage\":\"nl-NL\",\"@id\":\"https:\\\/\\\/www.pause-au-naturelle.com\\\/#\\\/schema\\\/logo\\\/image\\\/\",\"url\":\"https:\\\/\\\/www.pause-au-naturelle.com\\\/wp-content\\\/uploads\\\/2020\\\/06\\\/logo.png\",\"contentUrl\":\"https:\\\/\\\/www.pause-au-naturelle.com\\\/wp-content\\\/uploads\\\/2020\\\/06\\\/logo.png\",\"width\":250,\"height\":250,\"caption\":\"Pause au naturelle\"},\"image\":{\"@id\":\"https:\\\/\\\/www.pause-au-naturelle.com\\\/#\\\/schema\\\/logo\\\/image\\\/\"}}]}<\/script>\n<!-- \/ Yoast SEO plugin. -->","yoast_head_json":{"title":"Levering en retourneren - Pause au Naturelle","robots":{"index":"noindex","follow":"follow"},"og_locale":"nl_NL","og_type":"article","og_title":"Livraison et retour - Pause au Naturelle","og_description":"Livraisons et Retours Chez Pause Au Natur&rsquo;elle nous apportons une attention particuli\u00e8re \u00e0 exp\u00e9dier vos commandes le plus rapidement possible. Afin de vous proposer diff\u00e9rentes solutions de livraison (\u00e0 domicile, en relais) et diff\u00e9rentes vitesse de r\u00e9ception de votre commande (24H, 48H, 72H) , nous travaillons avec diff\u00e9rents transporteurs.&nbsp; D\u00e9couvrez nos diff\u00e9rentes offres et faites [...]","og_url":"https:\/\/www.pause-au-naturelle.com\/nl\/levering-en-retourzendingen\/","og_site_name":"Pause au Naturelle","article_modified_time":"2020-11-13T14:04:12+00:00","og_image":[{"url":"https:\/\/mamanetbebenature.fr\/img\/cms\/mondial%20relay.png","type":"","width":"","height":""}],"twitter_card":"summary_large_image","twitter_misc":{"Geschatte leestijd":"1 minuut"},"schema":{"@context":"https:\/\/schema.org","@graph":[{"@type":"WebPage","@id":"https:\/\/www.pause-au-naturelle.com\/livraison-et-retour\/","url":"https:\/\/www.pause-au-naturelle.com\/livraison-et-retour\/","name":"Levering en retourneren - Pause au Naturelle","isPartOf":{"@id":"https:\/\/www.pause-au-naturelle.com\/#website"},"primaryImageOfPage":{"@id":"https:\/\/www.pause-au-naturelle.com\/livraison-et-retour\/#primaryimage"},"image":{"@id":"https:\/\/www.pause-au-naturelle.com\/livraison-et-retour\/#primaryimage"},"thumbnailUrl":"https:\/\/mamanetbebenature.fr\/img\/cms\/mondial%20relay.png","datePublished":"2018-10-17T04:10:47+00:00","dateModified":"2020-11-13T14:04:12+00:00","inLanguage":"nl-NL","potentialAction":[{"@type":"ReadAction","target":["https:\/\/www.pause-au-naturelle.com\/livraison-et-retour\/"]}]},{"@type":"ImageObject","inLanguage":"nl-NL","@id":"https:\/\/www.pause-au-naturelle.com\/livraison-et-retour\/#primaryimage","url":"https:\/\/mamanetbebenature.fr\/img\/cms\/mondial%20relay.png","contentUrl":"https:\/\/mamanetbebenature.fr\/img\/cms\/mondial%20relay.png"},{"@type":"WebSite","@id":"https:\/\/www.pause-au-naturelle.com\/#website","url":"https:\/\/www.pause-au-naturelle.com\/","name":"Pauze in de natuur","description":"","publisher":{"@id":"https:\/\/www.pause-au-naturelle.com\/#organization"},"potentialAction":[{"@type":"SearchAction","target":{"@type":"EntryPoint","urlTemplate":"https:\/\/www.pause-au-naturelle.com\/?s={search_term_string}"},"query-input":{"@type":"PropertyValueSpecification","valueRequired":true,"valueName":"search_term_string"}}],"inLanguage":"nl-NL"},{"@type":"Organization","@id":"https:\/\/www.pause-au-naturelle.com\/#organization","name":"Een natuurlijke onderbreking","url":"https:\/\/www.pause-au-naturelle.com\/","logo":{"@type":"ImageObject","inLanguage":"nl-NL","@id":"https:\/\/www.pause-au-naturelle.com\/#\/schema\/logo\/image\/","url":"https:\/\/www.pause-au-naturelle.com\/wp-content\/uploads\/2020\/06\/logo.png","contentUrl":"https:\/\/www.pause-au-naturelle.com\/wp-content\/uploads\/2020\/06\/logo.png","width":250,"height":250,"caption":"Pause au naturelle"},"image":{"@id":"https:\/\/www.pause-au-naturelle.com\/#\/schema\/logo\/image\/"}}]}},"_links":{"self":[{"href":"https:\/\/www.pause-au-naturelle.com\/nl\/wp-json\/wp\/v2\/pages\/1604","targetHints":{"allow":["GET"]}}],"collection":[{"href":"https:\/\/www.pause-au-naturelle.com\/nl\/wp-json\/wp\/v2\/pages"}],"about":[{"href":"https:\/\/www.pause-au-naturelle.com\/nl\/wp-json\/wp\/v2\/types\/page"}],"author":[{"embeddable":true,"href":"https:\/\/www.pause-au-naturelle.com\/nl\/wp-json\/wp\/v2\/users\/1"}],"replies":[{"embeddable":true,"href":"https:\/\/www.pause-au-naturelle.com\/nl\/wp-json\/wp\/v2\/comments?post=1604"}],"version-history":[{"count":0,"href":"https:\/\/www.pause-au-naturelle.com\/nl\/wp-json\/wp\/v2\/pages\/1604\/revisions"}],"wp:attachment":[{"href":"https:\/\/www.pause-au-naturelle.com\/nl\/wp-json\/wp\/v2\/media?parent=1604"}],"curies":[{"name":"wp","href":"https:\/\/api.w.org\/{rel}","templated":true}]}}