{"id":3,"date":"2019-12-28T18:32:02","date_gmt":"2019-12-28T18:32:02","guid":{"rendered":"http:\/\/pause-au-naturelle.com\/?page_id=3"},"modified":"2021-01-23T17:02:23","modified_gmt":"2021-01-23T17:02:23","slug":"privacybeleid","status":"publish","type":"page","link":"https:\/\/www.pause-au-naturelle.com\/nl\/politique-de-confidentialite\/","title":{"rendered":"Privacybeleid"},"content":{"rendered":"<p><strong>UTILISATION DES DONN\u00c9ES PERSONNELLES COLLECT\u00c9ES<\/strong><\/p>\n\n\n\n<p>Le site https:\/\/www.pause-au-naturelle.com est d\u00e9velopp\u00e9 https:\/\/www.pause-au-naturelle.com<\/p>\n\n\n\n<p>Pour toute question, n\u2019h\u00e9sitez pas \u00e0 nous contacter au par email :&nbsp;pauseaunaturelle@gmail.com<\/p>\n\n\n\n<p>Pour son activit\u00e9, Pause au naturelle collecte des donn\u00e9es qui vous sont propres et que vous avez \u00e9t\u00e9 amen\u00e9s \u00e0 indiquer lors de votre inscription en tant qu\u2019utilisateur du site ou client.<\/p>\n\n\n\n<p>Toutes les dispositions et les lois concernant la protection des donn\u00e9es sont respect\u00e9es par Pause au naturelle.<\/p>\n\n\n\n<p>Pause au naturelle recueille, traite et exploite les donn\u00e9es personnelles des membres adh\u00e9rents au site&nbsp;https:\/\/www.pause-au-naturelle.com, si celles-ci sont indispensables pour la r\u00e9alisation des engagements li\u00e9s au contrat ou \u00e0 la facturation.<\/p>\n\n\n\n<p>Vous pouvez nous contacter afin d\u2018obtenir une communication des informations que nous d\u00e9tenons sur votre profil.<\/p>\n\n\n\n<p><strong>PROTECTION DES DONN\u00c9ES PERSONNELLES<\/strong><\/p>\n\n\n\n<p><strong>Google Analytics, Google AdWords Conversie bijhouden, Google Remarketing, Facebook Pixel<\/strong><\/p>\n\n\n\n<p>Ce site web utilise Google Analytics, Google AdWords Conversion Tracking, Google Remarketing et le pixel Facebook. Google et Facebook emploient des cookies (fichiers texte) qui sont enregistr\u00e9s dans votre ordinateur. Ils permettent d\u2019analyser votre utilisation du site.<\/p>\n\n\n\n<p>Google Analytics et le pixel Facebook saisissent les informations anonymement. Les statistiques du site ne contiennent pas d\u2019indications personnelles relatives aux visiteurs. Les cookies utilis\u00e9s sont des cookies double clic destin\u00e9s \u00e0 communiquer les donn\u00e9es \u00e0 des tiers qui les traitent afin de rendre possible le remarketing pour des produits tels que AdWords dans le r\u00e9seau de Google. Des informations comme les heures des visites, par exemple, sont enregistr\u00e9es dans les cookies. \u00c0 cela s\u2019ajoutent des informations compl\u00e9mentaires: s\u2019agit-il de la premi\u00e8re visite de l\u2019utilisateur, quelles indications concernant le site ont guid\u00e9 le visiteur sur la page web etc. Les informations fournies par les cookies sont transmises au serveurs de Google et Facebook, o\u00f9 elles sont enregistr\u00e9es. Google peut, le cas \u00e9ch\u00e9ant, communiquer ces informations \u00e0 des tiers en cas d\u2019obligation l\u00e9gale ou lorsque des tiers traitent ces donn\u00e9es pour le compte de Google. Google respecte les dispositions relatives \u00e0 la protection des donn\u00e9es du US Safe Harbor (sph\u00e8re de s\u00e9curit\u00e9) et figure sur la liste des participants au programme Safe Harbor du Minist\u00e8re du Commerce des Etats-Unis. Pour Google Adwords Conversion Tracking, un cookie est utilis\u00e9 pour d\u00e9terminer les prestations une fois que vous avez cliqu\u00e9 sur une annonce AdWords. Dans le cadre de Google Remarketing, la fa\u00e7on dont les internautes surfent sur les pages du site est enregistr\u00e9e sous forme anonyme au moyen de cookies pour le marketing et utilis\u00e9e pour adapter les publicit\u00e9s \u00e0 vos centres d\u2019int\u00e9r\u00eat.<\/p>\n\n\n\n<p>Des donn\u00e9es personnelles qui permettraient de conna\u00eetre l\u2019identit\u00e9 des visiteurs du site web ne sont en aucune fa\u00e7on recueillies ou enregistr\u00e9es par ce syst\u00e8me. La collecte et l\u2019enregistrement des donn\u00e9es peuvent en tout temps \u00eatre interrompus. Vous pouvez rep\u00e9rer l\u2019emploi de cookies pour Google Adwords Conversion Tracking et Google Remarketing sous www.google.com\/ads\/preferences et le d\u00e9sactiver sous www.networkadvertising.org\/managing\/opt_out.asp.<\/p>\n\n\n\n<p>Si vous souhaitez effacer tous les cookies dans le navigateur, vous devrez r\u00e9p\u00e9ter l\u2019op\u00e9ration. Vous pouvez \u00e9viter totalement l\u2019installation de cookies dans votre navigateur par un r\u00e9glage appropri\u00e9. Si vous d\u00e9sirez d\u00e9sactiver Google Analytics, vous trouverez le navigateur addon correspondant sous https:\/\/tools.google.com\/dlpage\/gaoptout?hl=fr.<\/p>\n\n\n\n<p>Par l\u2019utilisation de ce site web, vous d\u00e9clarez accepter l\u2019enregistrement et le traitement de donn\u00e9es vous concernant dans le but susmentionn\u00e9. Vous trouverez des informations compl\u00e9mentaires concernant la publicit\u00e9 sur Google et la protection des donn\u00e9es sous http:\/\/www.google.ch\/intl\/fr\/policies\/technologies\/ads\/.<\/p>\n\n\n\n<p><strong>R\u00c8GLES DE S\u00c9CURIT\u00c9 CONCERNANT LES DONN\u00c9ES COLLECT\u00c9ES<\/strong><\/p>\n\n\n\n<p>Toutes les informations que vous enregistrez sur notre site internet ne peuvent \u00eatre lues par d\u2019autres internautes. Toutefois nous vous demandons d\u2019\u00eatre vigilant et d\u2019\u00eatre conscient de vos responsabilit\u00e9s concernant vos informations sensibles (par ex. adresses, num\u00e9ros de t\u00e9l\u00e9phone) et vos donn\u00e9es confidentielles (par ex. mots de passe, identifiants). Notez que les zones \u00e0 mot de passe ne sont pas prot\u00e9g\u00e9es contre les acc\u00e8s indus (piratage).<\/p>\n\n\n\n<p><strong>TRANSMISSION DES INFORMATIONS COLLECT\u00c9ES PAR PAUSE AU NATURELLE<\/strong><\/p>\n\n\n\n<p>Vos donn\u00e9es ne seront pas vendues \u00e0 un tiers.<\/p>\n\n\n\n<p>En outre, nous ne d\u00e9voilerons pas d\u2019informations personnelles \u00e0 des tiers sans votre consentement, sauf pour respecter les Conditions G\u00e9n\u00e9rales de Ventes, nos droits, ou recourir \u00e0 des analyses statistiques.<\/p>\n\n\n\n<p><strong>INFORMATIE OVER UW RECHTEN<\/strong><\/p>\n\n\n\n<p>Si vous avez un compte ou si vous avez laiss\u00e9 des commentaires sur le site, vous pouvez demander \u00e0 recevoir un fichier contenant toutes les donn\u00e9es personnelles que nous poss\u00e9dons \u00e0 votre sujet, incluant celles que vous nous avez fournies. Vous pouvez \u00e9galement demander la suppression des donn\u00e9es personnelles vous concernant. Cela ne prend pas en compte les donn\u00e9es stock\u00e9es \u00e0 des fins administratives, l\u00e9gales ou pour des raisons de s\u00e9curit\u00e9.<\/p>","protected":false},"excerpt":{"rendered":"<p>UTILISATION DES DONN\u00c9ES PERSONNELLES COLLECT\u00c9ES Le site https:\/\/www.pause-au-naturelle.com est d\u00e9velopp\u00e9 https:\/\/www.pause-au-naturelle.com Pour toute question, n\u2019h\u00e9sitez pas \u00e0 nous contacter au par email :&nbsp;pauseaunaturelle@gmail.com Pour son activit\u00e9, Pause au naturelle collecte des donn\u00e9es qui vous sont propres et que vous avez \u00e9t\u00e9 amen\u00e9s \u00e0 indiquer lors de votre inscription en tant qu\u2019utilisateur du site ou client. [&#8230;]\n","protected":false},"author":1,"featured_media":0,"parent":0,"menu_order":0,"comment_status":"closed","ping_status":"open","template":"","meta":{"footnotes":""},"class_list":["post-3","page","type-page","status-publish","hentry"],"yoast_head":"<!-- This site is optimized with the Yoast SEO plugin v27.5 - https:\/\/yoast.com\/product\/yoast-seo-wordpress\/ -->\n<title>Politique de confidentialit\u00e9 - Pause au Naturelle<\/title>\n<meta name=\"robots\" content=\"noindex, follow\" \/>\n<meta property=\"og:locale\" content=\"nl_NL\" \/>\n<meta property=\"og:type\" content=\"article\" \/>\n<meta property=\"og:title\" content=\"Politique de confidentialit\u00e9 - Pause au Naturelle\" \/>\n<meta property=\"og:description\" content=\"UTILISATION DES DONN\u00c9ES PERSONNELLES COLLECT\u00c9ES Le site https:\/\/www.pause-au-naturelle.com est d\u00e9velopp\u00e9 https:\/\/www.pause-au-naturelle.com Pour toute question, n\u2019h\u00e9sitez pas \u00e0 nous contacter au par email :&nbsp;pauseaunaturelle@gmail.com Pour son activit\u00e9, Pause au naturelle collecte des donn\u00e9es qui vous sont propres et que vous avez \u00e9t\u00e9 amen\u00e9s \u00e0 indiquer lors de votre inscription en tant qu\u2019utilisateur du site ou client. [...]\" \/>\n<meta property=\"og:url\" content=\"https:\/\/www.pause-au-naturelle.com\/nl\/privacybeleid\/\" \/>\n<meta property=\"og:site_name\" content=\"Pause au Naturelle\" \/>\n<meta property=\"article:modified_time\" content=\"2021-01-23T17:02:23+00:00\" \/>\n<meta property=\"og:image\" content=\"https:\/\/www.pause-au-naturelle.com\/wp-content\/uploads\/2024\/05\/logo-pause.webp\" \/>\n\t<meta property=\"og:image:width\" content=\"600\" \/>\n\t<meta property=\"og:image:height\" content=\"171\" \/>\n\t<meta property=\"og:image:type\" content=\"image\/webp\" \/>\n<meta name=\"twitter:card\" content=\"summary_large_image\" \/>\n<meta name=\"twitter:label1\" content=\"Geschatte leestijd\" \/>\n\t<meta name=\"twitter:data1\" content=\"4 minuten\" \/>\n<script type=\"application\/ld+json\" class=\"yoast-schema-graph\">{\"@context\":\"https:\\\/\\\/schema.org\",\"@graph\":[{\"@type\":\"WebPage\",\"@id\":\"https:\\\/\\\/www.pause-au-naturelle.com\\\/politique-de-confidentialite\\\/\",\"url\":\"https:\\\/\\\/www.pause-au-naturelle.com\\\/politique-de-confidentialite\\\/\",\"name\":\"Politique de confidentialit\u00e9 - Pause au Naturelle\",\"isPartOf\":{\"@id\":\"https:\\\/\\\/www.pause-au-naturelle.com\\\/#website\"},\"datePublished\":\"2019-12-28T18:32:02+00:00\",\"dateModified\":\"2021-01-23T17:02:23+00:00\",\"inLanguage\":\"nl-NL\",\"potentialAction\":[{\"@type\":\"ReadAction\",\"target\":[\"https:\\\/\\\/www.pause-au-naturelle.com\\\/politique-de-confidentialite\\\/\"]}]},{\"@type\":\"WebSite\",\"@id\":\"https:\\\/\\\/www.pause-au-naturelle.com\\\/#website\",\"url\":\"https:\\\/\\\/www.pause-au-naturelle.com\\\/\",\"name\":\"Pause au Naturelle\",\"description\":\"\",\"publisher\":{\"@id\":\"https:\\\/\\\/www.pause-au-naturelle.com\\\/#organization\"},\"potentialAction\":[{\"@type\":\"SearchAction\",\"target\":{\"@type\":\"EntryPoint\",\"urlTemplate\":\"https:\\\/\\\/www.pause-au-naturelle.com\\\/?s={search_term_string}\"},\"query-input\":{\"@type\":\"PropertyValueSpecification\",\"valueRequired\":true,\"valueName\":\"search_term_string\"}}],\"inLanguage\":\"nl-NL\"},{\"@type\":\"Organization\",\"@id\":\"https:\\\/\\\/www.pause-au-naturelle.com\\\/#organization\",\"name\":\"Pause au naturelle\",\"url\":\"https:\\\/\\\/www.pause-au-naturelle.com\\\/\",\"logo\":{\"@type\":\"ImageObject\",\"inLanguage\":\"nl-NL\",\"@id\":\"https:\\\/\\\/www.pause-au-naturelle.com\\\/#\\\/schema\\\/logo\\\/image\\\/\",\"url\":\"https:\\\/\\\/www.pause-au-naturelle.com\\\/wp-content\\\/uploads\\\/2020\\\/06\\\/logo.png\",\"contentUrl\":\"https:\\\/\\\/www.pause-au-naturelle.com\\\/wp-content\\\/uploads\\\/2020\\\/06\\\/logo.png\",\"width\":250,\"height\":250,\"caption\":\"Pause au naturelle\"},\"image\":{\"@id\":\"https:\\\/\\\/www.pause-au-naturelle.com\\\/#\\\/schema\\\/logo\\\/image\\\/\"}}]}<\/script>\n<!-- \/ Yoast SEO plugin. -->","yoast_head_json":{"title":"Privacybeleid - Pause au Naturelle","robots":{"index":"noindex","follow":"follow"},"og_locale":"nl_NL","og_type":"article","og_title":"Politique de confidentialit\u00e9 - Pause au Naturelle","og_description":"UTILISATION DES DONN\u00c9ES PERSONNELLES COLLECT\u00c9ES Le site https:\/\/www.pause-au-naturelle.com est d\u00e9velopp\u00e9 https:\/\/www.pause-au-naturelle.com Pour toute question, n\u2019h\u00e9sitez pas \u00e0 nous contacter au par email :&nbsp;pauseaunaturelle@gmail.com Pour son activit\u00e9, Pause au naturelle collecte des donn\u00e9es qui vous sont propres et que vous avez \u00e9t\u00e9 amen\u00e9s \u00e0 indiquer lors de votre inscription en tant qu\u2019utilisateur du site ou client. [...]","og_url":"https:\/\/www.pause-au-naturelle.com\/nl\/privacybeleid\/","og_site_name":"Pause au Naturelle","article_modified_time":"2021-01-23T17:02:23+00:00","og_image":[{"width":600,"height":171,"url":"https:\/\/www.pause-au-naturelle.com\/wp-content\/uploads\/2024\/05\/logo-pause.webp","type":"image\/webp"}],"twitter_card":"summary_large_image","twitter_misc":{"Geschatte leestijd":"4 minuten"},"schema":{"@context":"https:\/\/schema.org","@graph":[{"@type":"WebPage","@id":"https:\/\/www.pause-au-naturelle.com\/politique-de-confidentialite\/","url":"https:\/\/www.pause-au-naturelle.com\/politique-de-confidentialite\/","name":"Privacybeleid - Pause au Naturelle","isPartOf":{"@id":"https:\/\/www.pause-au-naturelle.com\/#website"},"datePublished":"2019-12-28T18:32:02+00:00","dateModified":"2021-01-23T17:02:23+00:00","inLanguage":"nl-NL","potentialAction":[{"@type":"ReadAction","target":["https:\/\/www.pause-au-naturelle.com\/politique-de-confidentialite\/"]}]},{"@type":"WebSite","@id":"https:\/\/www.pause-au-naturelle.com\/#website","url":"https:\/\/www.pause-au-naturelle.com\/","name":"Pauze in de natuur","description":"","publisher":{"@id":"https:\/\/www.pause-au-naturelle.com\/#organization"},"potentialAction":[{"@type":"SearchAction","target":{"@type":"EntryPoint","urlTemplate":"https:\/\/www.pause-au-naturelle.com\/?s={search_term_string}"},"query-input":{"@type":"PropertyValueSpecification","valueRequired":true,"valueName":"search_term_string"}}],"inLanguage":"nl-NL"},{"@type":"Organization","@id":"https:\/\/www.pause-au-naturelle.com\/#organization","name":"Een natuurlijke onderbreking","url":"https:\/\/www.pause-au-naturelle.com\/","logo":{"@type":"ImageObject","inLanguage":"nl-NL","@id":"https:\/\/www.pause-au-naturelle.com\/#\/schema\/logo\/image\/","url":"https:\/\/www.pause-au-naturelle.com\/wp-content\/uploads\/2020\/06\/logo.png","contentUrl":"https:\/\/www.pause-au-naturelle.com\/wp-content\/uploads\/2020\/06\/logo.png","width":250,"height":250,"caption":"Pause au naturelle"},"image":{"@id":"https:\/\/www.pause-au-naturelle.com\/#\/schema\/logo\/image\/"}}]}},"_links":{"self":[{"href":"https:\/\/www.pause-au-naturelle.com\/nl\/wp-json\/wp\/v2\/pages\/3","targetHints":{"allow":["GET"]}}],"collection":[{"href":"https:\/\/www.pause-au-naturelle.com\/nl\/wp-json\/wp\/v2\/pages"}],"about":[{"href":"https:\/\/www.pause-au-naturelle.com\/nl\/wp-json\/wp\/v2\/types\/page"}],"author":[{"embeddable":true,"href":"https:\/\/www.pause-au-naturelle.com\/nl\/wp-json\/wp\/v2\/users\/1"}],"replies":[{"embeddable":true,"href":"https:\/\/www.pause-au-naturelle.com\/nl\/wp-json\/wp\/v2\/comments?post=3"}],"version-history":[{"count":0,"href":"https:\/\/www.pause-au-naturelle.com\/nl\/wp-json\/wp\/v2\/pages\/3\/revisions"}],"wp:attachment":[{"href":"https:\/\/www.pause-au-naturelle.com\/nl\/wp-json\/wp\/v2\/media?parent=3"}],"curies":[{"name":"wp","href":"https:\/\/api.w.org\/{rel}","templated":true}]}}