{"id":4932,"date":"2019-12-29T11:22:31","date_gmt":"2019-12-29T11:22:31","guid":{"rendered":"https:\/\/www.pause-au-naturelle.com\/?page_id=4932"},"modified":"2024-05-12T16:14:07","modified_gmt":"2024-05-12T16:14:07","slug":"juridische-informatie","status":"publish","type":"page","link":"https:\/\/www.pause-au-naturelle.com\/nl\/mentions-legales\/","title":{"rendered":"Juridische informatie"},"content":{"rendered":"<h3 class=\"wp-block-heading\">1. Presentatie van de site.<\/h3>\n\n\n\n<p>Overeenkomstig artikel 6 van de Franse wet nr. 2004-575 van 21 juni 2004 betreffende het vertrouwen in de digitale economie, worden gebruikers van de website https:\/\/www.pause-au-naturelle.com ge\u00efnformeerd over de identiteit van de verschillende partijen die betrokken zijn bij de creatie en het toezicht:<\/p>\n\n\n\n<p><strong>Verantwoordelijk voor publicatie<\/strong>\u00a0Najima BOUNAKAB: Sirene 853 272 136<br>De persoon die verantwoordelijk is voor de publicatie is een natuurlijk persoon of een rechtspersoon.<br><strong>Gastheer<\/strong>\u00a0:<\/p>\n\n\n\n<p><strong>1&amp;1 Internet SARL<\/strong><\/p>\n\n\n\n<p>7, Place de la Gare<br>BP 70109<br>57200 Sarreguemines Cedex<\/p>\n\n\n\n<h3 class=\"wp-block-heading\">2. Algemene voorwaarden voor het gebruik van de site en de aangeboden diensten.<\/h3>\n\n\n\n<p>Het gebruik van de website https:\/\/www.pause-au-naturelle.com impliceert de volledige aanvaarding van de onderstaande algemene gebruiksvoorwaarden. Deze gebruiksvoorwaarden kunnen te allen tijde worden gewijzigd of aangevuld en gebruikers van de website https:\/\/www.pause-au-naturelle.com wordt daarom aangeraden deze regelmatig te raadplegen.<\/p>\n\n\n\n<p>Deze site is normaal gesproken altijd toegankelijk voor gebruikers. https:\/\/www.pause-au-naturelle.com kan echter beslissen om de site te onderbreken voor technisch onderhoud. In dat geval zal https:\/\/www.pause-au-naturelle.com trachten om de gebruikers op voorhand te informeren over de data en uren van de interventie.<\/p>\n\n\n\n<p>De website https:\/\/www.pause-au-naturelle.com wordt regelmatig bijgewerkt door Pause au naturel. Op dezelfde manier kunnen de wettelijke vermeldingen op elk moment worden gewijzigd: ze zijn niettemin bindend voor de gebruiker, die wordt verzocht ze zo vaak mogelijk te raadplegen om ze te lezen.<\/p>\n\n\n\n<h3 class=\"wp-block-heading\">3. Beschrijving van geleverde diensten.<\/h3>\n\n\n\n<p>Het doel van de website https:\/\/www.pause-au-naturelle.com is om informatie te verschaffen over alle activiteiten van het bedrijf.<\/p>\n\n\n\n<p>Het kan echter niet verantwoordelijk worden gehouden voor omissies, onnauwkeurigheden of het niet bijwerken van de informatie, ongeacht of dit door het bedrijf zelf wordt veroorzaakt of door derde partners die de informatie leveren.<\/p>\n\n\n\n<p>Alle informatie op de website https:\/\/www.pause-au-naturelle.com wordt alleen als richtlijn gegeven en kan worden gewijzigd. Bovendien is de informatie op de website https:\/\/www.pause-au-naturelle.com niet volledig. Er kunnen wijzigingen zijn aangebracht sinds de informatie online is gezet.<\/p>\n\n\n\n<h3 class=\"wp-block-heading\">4. Contractuele beperkingen op technische gegevens.<\/h3>\n\n\n\n<p>De site maakt gebruik van JavaScript-technologie.<\/p>\n\n\n\n<p>De website kan niet aansprakelijk worden gesteld voor materi\u00eble schade die voortvloeit uit het gebruik van de site. Bovendien verbinden de gebruikers van de site zich ertoe om de site te bezoeken met recente, virusvrije apparatuur en met een up-to-date browser van de laatste generatie.<\/p>\n\n\n\n<h3 class=\"wp-block-heading\">5. Intellectuele eigendom en namaak.<\/h3>\n\n\n\n<p>Pause au naturelle is eigenaar van de intellectuele eigendomsrechten of heeft de gebruiksrechten van alle elementen die toegankelijk zijn op de site, met name de teksten, afbeeldingen, grafieken, logo's, pictogrammen, geluiden en software.<\/p>\n\n\n\n<p>Elke reproductie, representatie, wijziging, publicatie, aanpassing van het geheel of een deel van de elementen van de site, ongeacht het gebruikte middel of proces, is verboden, behoudens voorafgaande schriftelijke toestemming van : Pauze au naturel<\/p>\n\n\n\n<p>Elk ongeoorloofd gebruik van de site of een van de elementen die deze bevat, zal worden beschouwd als een inbreuk en zal worden vervolgd in overeenstemming met de bepalingen van artikelen L.335-2 en volgende van de Franse wet op intellectueel eigendom.<\/p>\n\n\n\n<h3 class=\"wp-block-heading\">6. Beperking van aansprakelijkheid.<\/h3>\n\n\n\n<p>Pause au naturel kan niet aansprakelijk worden gesteld voor rechtstreekse of onrechtstreekse schade aan de apparatuur van de gebruiker bij toegang tot de website https:\/\/www.pause-au-naturelle.com, die voortvloeit uit het gebruik van apparatuur die niet voldoet aan de specificaties vermeld in punt 4, of uit het optreden van een bug of incompatibiliteit.<\/p>\n\n\n\n<p>Pause au naturel kan niet aansprakelijk worden gesteld voor indirecte schade (zoals verlies van omzet of verlies van kansen) die voortvloeit uit het gebruik van de website https:\/\/www.pause-au-naturelle.com.<\/p>\n\n\n\n<p>Interactieve zones (mogelijkheid om vragen te stellen in de contactzone) zijn beschikbaar voor gebruikers. Pause au naturelle behoudt zich het recht voor om zonder voorafgaande kennisgeving elke inhoud te verwijderen die in deze zone wordt geplaatst en die in strijd is met de wetgeving die van toepassing is in Frankrijk, met name de bepalingen met betrekking tot de bescherming van gegevens. In voorkomend geval behoudt Pause au naturelle zich eveneens het recht voor om de gebruiker burgerlijk en\/of strafrechtelijk aansprakelijk te stellen, met name in het geval van racistische, beledigende, lasterlijke of pornografische berichten, ongeacht het gebruikte medium (tekst, foto's, enz.).<\/p>\n\n\n\n<h3 class=\"wp-block-heading\">7. Beheer van persoonlijke gegevens.<\/h3>\n\n\n\n<p>In Frankrijk worden persoonsgegevens beschermd door wet nr. 78-87 van 6 januari 1978, wet nr. 2004-801 van 6 augustus 2004, artikel L. 226-13 van het wetboek van strafrecht en de Europese richtlijn van 24 oktober 1995.<\/p>\n\n\n\n<p>Tijdens het gebruik van de site van pause au naturelle kunnen de volgende gegevens worden verzameld: de URL van de koppelingen via welke de gebruiker toegang heeft verkregen tot de site van pause au naturelle, de toegangsprovider van de gebruiker, het internetprotocoladres (IP-adres) van de gebruiker.<\/p>\n\n\n\n<p>In ieder geval verzamelt Pause au naturel alleen persoonlijke informatie over de gebruiker met het oog op bepaalde diensten die worden aangeboden door de website https:\/\/www.pause-au-naturelle.com. De gebruiker verstrekt deze informatie met kennis van zaken, met name wanneer hij deze zelf invoert. De gebruikers van de website https:\/\/www.pause-au-naturelle.com worden er vervolgens van op de hoogte gebracht of ze deze informatie al dan niet moeten verstrekken.<\/p>\n\n\n\n<p>In overeenstemming met de bepalingen van artikel 38 en volgende van de wet 78-17 van 6 januari 1978 over gegevensverwerking, gegevensbestanden en individuele vrijheden, heeft elke gebruiker het recht op toegang tot, rectificatie van en bezwaar tegen alle persoonlijke gegevens die hem betreffen, door een schriftelijke en ondertekende aanvraag te sturen, vergezeld van een kopie van het identiteitsbewijs waarop de handtekening van de drager van het document staat, met vermelding van het adres waarnaar het antwoord moet worden gestuurd.<\/p>\n\n\n\n<p>Geen enkele persoonlijke informatie van de gebruiker van de site https:\/\/www.pause-au-naturelle.com wordt zonder medeweten van de gebruiker gepubliceerd, uitgewisseld, overgedragen, afgestaan of verkocht op welke drager dan ook aan derden. Alleen de overname van de aankoop van Pause au naturelle en haar rechten zou de overdracht van de genoemde informatie aan de uiteindelijke koper mogelijk maken die op zijn beurt gebonden zou zijn aan dezelfde verplichting van bewaring en wijziging van de gegevens met betrekking tot de gebruiker van de website https:\/\/www.pause-au-naturelle.com.<\/p>\n\n\n\n<p>Databanken worden beschermd door de bepalingen van de wet van 1 juli 1998 tot omzetting van Richtlijn 96\/9 van 11 maart 1996 betreffende de rechtsbescherming van databanken.<\/p>\n\n\n\n<p>De informatie die op onze formulieren wordt verzameld, wordt opgeslagen in een geautomatiseerd bestand, zodat we per e-mail of telefoon contact met u kunnen opnemen om uw verzoek te bespreken.<br>Ze worden maximaal 1 jaar bewaard en zijn alleen bedoeld voor intern gebruik.<br>In overeenstemming met de Franse Wet Bescherming Persoonsgegevens kunt u uw recht op toegang tot en rectificatie van uw persoonsgegevens uitoefenen door contact met ons op te nemen via de Contactpagina.<\/p>\n\n\n\n<h3 class=\"wp-block-heading\">8. Hyperlinks en cookies.<\/h3>\n\n\n\n<p>De website https:\/\/www.pause-au-naturelle.com bevat een aantal hyperlinks naar andere sites die met toestemming van Pause au naturelle zijn opgezet. Pause au naturelle is echter niet in staat om de inhoud van de sites die op deze manier worden bezocht te controleren en aanvaardt bijgevolg geen enkele aansprakelijkheid in dit opzicht.<\/p>\n\n\n\n<p>Het surfen op de website https:\/\/www.pause-au-naturelle.com kan ertoe leiden dat er cookies op de computer van de gebruiker worden ge\u00efnstalleerd. Een cookie is een klein bestand waarmee de gebruiker niet kan worden ge\u00efdentificeerd, maar dat informatie registreert over het surfen van een computer op een site. De gegevens die op deze manier worden verkregen, zijn bedoeld om latere bezoeken aan de site te vergemakkelijken en worden ook gebruikt om bezoekersaantallen te meten.<\/p>\n\n\n\n<p>Als de installatie van een cookie wordt geweigerd, kan het zijn dat bepaalde diensten niet toegankelijk zijn. Gebruikers kunnen hun computer echter als volgt configureren om de installatie van cookies te weigeren:<\/p>\n\n\n\n<p>In Internet Explorer: tabblad Extra (wielvormig pictogram rechtsboven) \/ Internetopties. Klik op Vertrouwelijkheid en kies Alle cookies blokkeren. Bevestig met Ok.<\/p>\n\n\n\n<p>Firefox: klik boven in het browservenster op de knop Firefox en ga vervolgens naar het tabblad Opties. Klik op het tabblad Privacy. Stel de Bewaarregels in op: gepersonaliseerde instellingen gebruiken voor geschiedenis. Schakel ten slotte het vinkje uit om cookies te deactiveren.<\/p>\n\n\n\n<p>In Safari: Klik op het menupictogram (gesymboliseerd door een tandwiel) rechtsboven in de browser. Selecteer Instellingen. Klik op Geavanceerde instellingen weergeven. Klik in de sectie \u00abVertrouwelijkheid\u00bb op Inhoudsinstellingen. In de sectie \u00abCookies\u00bb kunt u cookies blokkeren.<\/p>\n\n\n\n<p>In Chrome: Klik op het menupictogram (gesymboliseerd door drie horizontale lijnen) in de rechterbovenhoek van de browser. Selecteer Instellingen. Klik op Geavanceerde instellingen weergeven. Klik in de sectie \u00abVertrouwelijkheid\u00bb op Voorkeuren. In het tabblad \u00abVertrouwelijkheid\u00bb kunt u cookies blokkeren.<\/p>\n\n\n\n<h3 class=\"wp-block-heading\">9. Toepasselijk recht en jurisdictie.<\/h3>\n\n\n\n<p>Elk geschil met betrekking tot het gebruik van de website https:\/\/www.pause-au-naturelle.com is onderworpen aan het Franse recht. De bevoegde rechtbanken van Parijs zijn exclusief bevoegd.<\/p>\n\n\n\n<h3 class=\"wp-block-heading\">10. De belangrijkste wetten.<\/h3>\n\n\n\n<p>Wet nr. 78-17 van 6 januari 1978, gewijzigd bij Wet nr. 2004-801 van 6 augustus 2004 inzake gegevensverwerking, gegevensbestanden en individuele vrijheden.<\/p>\n\n\n\n<p>Wet nr. 2004-575 van 21 juni 2004 inzake vertrouwen in de digitale economie.<\/p>\n\n\n\n<h3 class=\"wp-block-heading\">11. Woordenlijst.<\/h3>\n\n\n\n<p>Gebruiker: Internetgebruiker die verbinding maakt met de bovengenoemde site en deze gebruikt.<\/p>\n\n\n\n<p>Persoonsgegevens: \u00abgegevens die, in welke vorm dan ook, direct of indirect, de identificatie mogelijk maken van de natuurlijke personen op wie ze betrekking hebben\u00bb (artikel 4 van wet nr. 78-17 van 6 januari 1978).<\/p>\n\n\n\n<p><\/p>","protected":false},"excerpt":{"rendered":"<p>1. Pr\u00e9sentation du site. En vertu de l&rsquo;article 6 de la loi n\u00b0 2004-575 du 21 juin 2004 pour la confiance dans l&rsquo;\u00e9conomie num\u00e9rique, il est pr\u00e9cis\u00e9 aux utilisateurs du site&nbsp; https:\/\/www.pause-au-naturelle.com l&rsquo;identit\u00e9 des diff\u00e9rents intervenants dans le cadre de sa r\u00e9alisation et de son suivi : Responsable publication\u00a0: Najima BOUNAKAB : Siren 853 272 [&#8230;]\n","protected":false},"author":1,"featured_media":0,"parent":0,"menu_order":0,"comment_status":"closed","ping_status":"closed","template":"","meta":{"footnotes":""},"class_list":["post-4932","page","type-page","status-publish","hentry"],"yoast_head":"<!-- This site is optimized with the Yoast SEO plugin v27.5 - https:\/\/yoast.com\/product\/yoast-seo-wordpress\/ -->\n<title>Mentions l\u00e9gales - Pause au Naturelle<\/title>\n<meta name=\"robots\" content=\"index, follow, max-snippet:-1, max-image-preview:large, max-video-preview:-1\" \/>\n<link rel=\"canonical\" href=\"https:\/\/www.pause-au-naturelle.com\/nl\/juridische-informatie\/\" \/>\n<meta property=\"og:locale\" content=\"nl_NL\" \/>\n<meta property=\"og:type\" content=\"article\" \/>\n<meta property=\"og:title\" content=\"Mentions l\u00e9gales - Pause au Naturelle\" \/>\n<meta property=\"og:description\" content=\"1. Pr\u00e9sentation du site. En vertu de l&rsquo;article 6 de la loi n\u00b0 2004-575 du 21 juin 2004 pour la confiance dans l&rsquo;\u00e9conomie num\u00e9rique, il est pr\u00e9cis\u00e9 aux utilisateurs du site&nbsp; https:\/\/www.pause-au-naturelle.com l&rsquo;identit\u00e9 des diff\u00e9rents intervenants dans le cadre de sa r\u00e9alisation et de son suivi : Responsable publication\u00a0: Najima BOUNAKAB : Siren 853 272 [...]\" \/>\n<meta property=\"og:url\" content=\"https:\/\/www.pause-au-naturelle.com\/nl\/juridische-informatie\/\" \/>\n<meta property=\"og:site_name\" content=\"Pause au Naturelle\" \/>\n<meta property=\"article:modified_time\" content=\"2024-05-12T16:14:07+00:00\" \/>\n<meta property=\"og:image\" content=\"https:\/\/www.pause-au-naturelle.com\/wp-content\/uploads\/2024\/05\/logo-pause.webp\" \/>\n\t<meta property=\"og:image:width\" content=\"600\" \/>\n\t<meta property=\"og:image:height\" content=\"171\" \/>\n\t<meta property=\"og:image:type\" content=\"image\/webp\" \/>\n<meta name=\"twitter:card\" content=\"summary_large_image\" \/>\n<meta name=\"twitter:label1\" content=\"Geschatte leestijd\" \/>\n\t<meta name=\"twitter:data1\" content=\"8 minuten\" \/>\n<script type=\"application\/ld+json\" class=\"yoast-schema-graph\">{\"@context\":\"https:\\\/\\\/schema.org\",\"@graph\":[{\"@type\":\"WebPage\",\"@id\":\"https:\\\/\\\/www.pause-au-naturelle.com\\\/mentions-legales\\\/\",\"url\":\"https:\\\/\\\/www.pause-au-naturelle.com\\\/mentions-legales\\\/\",\"name\":\"Mentions l\u00e9gales - Pause au Naturelle\",\"isPartOf\":{\"@id\":\"https:\\\/\\\/www.pause-au-naturelle.com\\\/#website\"},\"datePublished\":\"2019-12-29T11:22:31+00:00\",\"dateModified\":\"2024-05-12T16:14:07+00:00\",\"inLanguage\":\"nl-NL\",\"potentialAction\":[{\"@type\":\"ReadAction\",\"target\":[\"https:\\\/\\\/www.pause-au-naturelle.com\\\/mentions-legales\\\/\"]}]},{\"@type\":\"WebSite\",\"@id\":\"https:\\\/\\\/www.pause-au-naturelle.com\\\/#website\",\"url\":\"https:\\\/\\\/www.pause-au-naturelle.com\\\/\",\"name\":\"Pause au Naturelle\",\"description\":\"\",\"publisher\":{\"@id\":\"https:\\\/\\\/www.pause-au-naturelle.com\\\/#organization\"},\"potentialAction\":[{\"@type\":\"SearchAction\",\"target\":{\"@type\":\"EntryPoint\",\"urlTemplate\":\"https:\\\/\\\/www.pause-au-naturelle.com\\\/?s={search_term_string}\"},\"query-input\":{\"@type\":\"PropertyValueSpecification\",\"valueRequired\":true,\"valueName\":\"search_term_string\"}}],\"inLanguage\":\"nl-NL\"},{\"@type\":\"Organization\",\"@id\":\"https:\\\/\\\/www.pause-au-naturelle.com\\\/#organization\",\"name\":\"Pause au naturelle\",\"url\":\"https:\\\/\\\/www.pause-au-naturelle.com\\\/\",\"logo\":{\"@type\":\"ImageObject\",\"inLanguage\":\"nl-NL\",\"@id\":\"https:\\\/\\\/www.pause-au-naturelle.com\\\/#\\\/schema\\\/logo\\\/image\\\/\",\"url\":\"https:\\\/\\\/www.pause-au-naturelle.com\\\/wp-content\\\/uploads\\\/2020\\\/06\\\/logo.png\",\"contentUrl\":\"https:\\\/\\\/www.pause-au-naturelle.com\\\/wp-content\\\/uploads\\\/2020\\\/06\\\/logo.png\",\"width\":250,\"height\":250,\"caption\":\"Pause au naturelle\"},\"image\":{\"@id\":\"https:\\\/\\\/www.pause-au-naturelle.com\\\/#\\\/schema\\\/logo\\\/image\\\/\"}}]}<\/script>\n<!-- \/ Yoast SEO plugin. -->","yoast_head_json":{"title":"Wettelijke vermeldingen - Pause au Naturelle","robots":{"index":"index","follow":"follow","max-snippet":"max-snippet:-1","max-image-preview":"max-image-preview:large","max-video-preview":"max-video-preview:-1"},"canonical":"https:\/\/www.pause-au-naturelle.com\/nl\/juridische-informatie\/","og_locale":"nl_NL","og_type":"article","og_title":"Mentions l\u00e9gales - Pause au Naturelle","og_description":"1. Pr\u00e9sentation du site. En vertu de l&rsquo;article 6 de la loi n\u00b0 2004-575 du 21 juin 2004 pour la confiance dans l&rsquo;\u00e9conomie num\u00e9rique, il est pr\u00e9cis\u00e9 aux utilisateurs du site&nbsp; https:\/\/www.pause-au-naturelle.com l&rsquo;identit\u00e9 des diff\u00e9rents intervenants dans le cadre de sa r\u00e9alisation et de son suivi : Responsable publication\u00a0: Najima BOUNAKAB : Siren 853 272 [...]","og_url":"https:\/\/www.pause-au-naturelle.com\/nl\/juridische-informatie\/","og_site_name":"Pause au Naturelle","article_modified_time":"2024-05-12T16:14:07+00:00","og_image":[{"width":600,"height":171,"url":"https:\/\/www.pause-au-naturelle.com\/wp-content\/uploads\/2024\/05\/logo-pause.webp","type":"image\/webp"}],"twitter_card":"summary_large_image","twitter_misc":{"Geschatte leestijd":"8 minuten"},"schema":{"@context":"https:\/\/schema.org","@graph":[{"@type":"WebPage","@id":"https:\/\/www.pause-au-naturelle.com\/mentions-legales\/","url":"https:\/\/www.pause-au-naturelle.com\/mentions-legales\/","name":"Wettelijke vermeldingen - Pause au Naturelle","isPartOf":{"@id":"https:\/\/www.pause-au-naturelle.com\/#website"},"datePublished":"2019-12-29T11:22:31+00:00","dateModified":"2024-05-12T16:14:07+00:00","inLanguage":"nl-NL","potentialAction":[{"@type":"ReadAction","target":["https:\/\/www.pause-au-naturelle.com\/mentions-legales\/"]}]},{"@type":"WebSite","@id":"https:\/\/www.pause-au-naturelle.com\/#website","url":"https:\/\/www.pause-au-naturelle.com\/","name":"Pauze in de natuur","description":"","publisher":{"@id":"https:\/\/www.pause-au-naturelle.com\/#organization"},"potentialAction":[{"@type":"SearchAction","target":{"@type":"EntryPoint","urlTemplate":"https:\/\/www.pause-au-naturelle.com\/?s={search_term_string}"},"query-input":{"@type":"PropertyValueSpecification","valueRequired":true,"valueName":"search_term_string"}}],"inLanguage":"nl-NL"},{"@type":"Organization","@id":"https:\/\/www.pause-au-naturelle.com\/#organization","name":"Een natuurlijke onderbreking","url":"https:\/\/www.pause-au-naturelle.com\/","logo":{"@type":"ImageObject","inLanguage":"nl-NL","@id":"https:\/\/www.pause-au-naturelle.com\/#\/schema\/logo\/image\/","url":"https:\/\/www.pause-au-naturelle.com\/wp-content\/uploads\/2020\/06\/logo.png","contentUrl":"https:\/\/www.pause-au-naturelle.com\/wp-content\/uploads\/2020\/06\/logo.png","width":250,"height":250,"caption":"Pause au naturelle"},"image":{"@id":"https:\/\/www.pause-au-naturelle.com\/#\/schema\/logo\/image\/"}}]}},"_links":{"self":[{"href":"https:\/\/www.pause-au-naturelle.com\/nl\/wp-json\/wp\/v2\/pages\/4932","targetHints":{"allow":["GET"]}}],"collection":[{"href":"https:\/\/www.pause-au-naturelle.com\/nl\/wp-json\/wp\/v2\/pages"}],"about":[{"href":"https:\/\/www.pause-au-naturelle.com\/nl\/wp-json\/wp\/v2\/types\/page"}],"author":[{"embeddable":true,"href":"https:\/\/www.pause-au-naturelle.com\/nl\/wp-json\/wp\/v2\/users\/1"}],"replies":[{"embeddable":true,"href":"https:\/\/www.pause-au-naturelle.com\/nl\/wp-json\/wp\/v2\/comments?post=4932"}],"version-history":[{"count":1,"href":"https:\/\/www.pause-au-naturelle.com\/nl\/wp-json\/wp\/v2\/pages\/4932\/revisions"}],"predecessor-version":[{"id":10407,"href":"https:\/\/www.pause-au-naturelle.com\/nl\/wp-json\/wp\/v2\/pages\/4932\/revisions\/10407"}],"wp:attachment":[{"href":"https:\/\/www.pause-au-naturelle.com\/nl\/wp-json\/wp\/v2\/media?parent=4932"}],"curies":[{"name":"wp","href":"https:\/\/api.w.org\/{rel}","templated":true}]}}