{"id":6171,"date":"2020-02-23T07:09:01","date_gmt":"2020-02-23T07:09:01","guid":{"rendered":"https:\/\/www.pause-au-naturelle.com\/?page_id=6171"},"modified":"2020-02-23T07:18:51","modified_gmt":"2020-02-23T07:18:51","slug":"welkomstgeschenk","status":"publish","type":"page","link":"https:\/\/www.pause-au-naturelle.com\/nl\/cadeau-de-bienvenue\/","title":{"rendered":"Welkomstgeschenk"},"content":{"rendered":"<p><span style=\"\"><a href=\"https:\/\/www.pause-au-naturelle.com\/nl\/\" target=\"_blank\" rel=\"noopener noreferrer\"><img decoding=\"async\" alt=\"\" data-id=\"5053\" width=\"250\" height=\"250\" title=\"logopauze\" src=\"https:\/\/www.pause-au-naturelle.com\/wp-content\/uploads\/2019\/12\/logo-pause.png\" style=\"\" mt-m=\"-1\" ml-m=\"0\"><\/a><\/span><\/p>\n<h2 style=\"text-align: center;\"><strong>Welkomstgeschenk<\/strong><\/h2>\n<p style=\"text-align: center;\"><strong>Meld je aan en ontvang <span style=\"--tcb-applied-color:  rgb(0, 0, 0)  !important; color: rgb(255, 0, 93);\">gratis<\/span> 15% de remise sur votre premi\u00e8re commande !<\/strong><\/p>\n<p style=\"text-align: center;\"><a href=\"https:\/\/www.pause-au-naturelle.com\/nl\/\" target=\"_blank\" style=\"outline: none;\" rel=\"noopener noreferrer\"><strong>Retour \u00e0 la boutique<\/strong><\/a><strong>&nbsp;<\/strong><\/p>\n<p style=\"text-align: center;\">Pause au Natur&rsquo;elle &#8211; La qualit\u00e9 au service de votre sant\u00e9. <a href=\"https:\/\/www.pause-au-naturelle.com\/nl\/privacybeleid\/\" style=\"outline: none;\" target=\"_blank\" rel=\"noopener noreferrer\"><strong>Politique de confidentialit\u00e9<\/strong><\/a>.&nbsp;<\/p>","protected":false},"excerpt":{"rendered":"<p>Cadeau de bienvenue Inscrivez-vous et recevez gratuitement 15% de remise sur votre premi\u00e8re commande ! Retour \u00e0 la boutique&nbsp; Pause au Natur&rsquo;elle &#8211; La qualit\u00e9 au service de votre sant\u00e9. Politique de confidentialit\u00e9.&nbsp;<\/p>","protected":false},"author":1,"featured_media":0,"parent":0,"menu_order":0,"comment_status":"closed","ping_status":"closed","template":"","meta":{"footnotes":""},"class_list":["post-6171","page","type-page","status-publish","hentry"],"yoast_head":"<!-- This site is optimized with the Yoast SEO plugin v27.3 - https:\/\/yoast.com\/product\/yoast-seo-wordpress\/ -->\n<title>Cadeau de bienvenue<\/title>\n<meta name=\"robots\" content=\"index, follow, max-snippet:-1, max-image-preview:large, max-video-preview:-1\" \/>\n<link rel=\"canonical\" href=\"https:\/\/www.pause-au-naturelle.com\/nl\/welkomstgeschenk\/\" \/>\n<meta property=\"og:locale\" content=\"nl_NL\" \/>\n<meta property=\"og:type\" content=\"article\" \/>\n<meta property=\"og:title\" content=\"Cadeau de bienvenue\" \/>\n<meta property=\"og:description\" content=\"Cadeau de bienvenue Inscrivez-vous et recevez gratuitement 15% de remise sur votre premi\u00e8re commande ! Retour \u00e0 la boutique&nbsp; Pause au Natur&rsquo;elle &#8211; La qualit\u00e9 au service de votre sant\u00e9. Politique de confidentialit\u00e9.&nbsp;\" \/>\n<meta property=\"og:url\" content=\"https:\/\/www.pause-au-naturelle.com\/nl\/welkomstgeschenk\/\" \/>\n<meta property=\"og:site_name\" content=\"Pause au Naturelle\" \/>\n<meta property=\"article:modified_time\" content=\"2020-02-23T07:18:51+00:00\" \/>\n<meta property=\"og:image\" content=\"https:\/\/www.pause-au-naturelle.com\/wp-content\/uploads\/2019\/12\/logo-pause.png\" \/>\n<meta name=\"twitter:card\" content=\"summary_large_image\" \/>\n<script type=\"application\/ld+json\" class=\"yoast-schema-graph\">{\"@context\":\"https:\\\/\\\/schema.org\",\"@graph\":[{\"@type\":\"WebPage\",\"@id\":\"https:\\\/\\\/www.pause-au-naturelle.com\\\/cadeau-de-bienvenue\\\/\",\"url\":\"https:\\\/\\\/www.pause-au-naturelle.com\\\/cadeau-de-bienvenue\\\/\",\"name\":\"Cadeau de bienvenue\",\"isPartOf\":{\"@id\":\"https:\\\/\\\/www.pause-au-naturelle.com\\\/#website\"},\"primaryImageOfPage\":{\"@id\":\"https:\\\/\\\/www.pause-au-naturelle.com\\\/cadeau-de-bienvenue\\\/#primaryimage\"},\"image\":{\"@id\":\"https:\\\/\\\/www.pause-au-naturelle.com\\\/cadeau-de-bienvenue\\\/#primaryimage\"},\"thumbnailUrl\":\"https:\\\/\\\/www.pause-au-naturelle.com\\\/wp-content\\\/uploads\\\/2019\\\/12\\\/logo-pause.png\",\"datePublished\":\"2020-02-23T07:09:01+00:00\",\"dateModified\":\"2020-02-23T07:18:51+00:00\",\"inLanguage\":\"nl-NL\",\"potentialAction\":[{\"@type\":\"ReadAction\",\"target\":[\"https:\\\/\\\/www.pause-au-naturelle.com\\\/cadeau-de-bienvenue\\\/\"]}]},{\"@type\":\"ImageObject\",\"inLanguage\":\"nl-NL\",\"@id\":\"https:\\\/\\\/www.pause-au-naturelle.com\\\/cadeau-de-bienvenue\\\/#primaryimage\",\"url\":\"https:\\\/\\\/www.pause-au-naturelle.com\\\/wp-content\\\/uploads\\\/2019\\\/12\\\/logo-pause.png\",\"contentUrl\":\"https:\\\/\\\/www.pause-au-naturelle.com\\\/wp-content\\\/uploads\\\/2019\\\/12\\\/logo-pause.png\"},{\"@type\":\"WebSite\",\"@id\":\"https:\\\/\\\/www.pause-au-naturelle.com\\\/#website\",\"url\":\"https:\\\/\\\/www.pause-au-naturelle.com\\\/\",\"name\":\"Pause au Naturelle\",\"description\":\"\",\"publisher\":{\"@id\":\"https:\\\/\\\/www.pause-au-naturelle.com\\\/#organization\"},\"potentialAction\":[{\"@type\":\"SearchAction\",\"target\":{\"@type\":\"EntryPoint\",\"urlTemplate\":\"https:\\\/\\\/www.pause-au-naturelle.com\\\/?s={search_term_string}\"},\"query-input\":{\"@type\":\"PropertyValueSpecification\",\"valueRequired\":true,\"valueName\":\"search_term_string\"}}],\"inLanguage\":\"nl-NL\"},{\"@type\":\"Organization\",\"@id\":\"https:\\\/\\\/www.pause-au-naturelle.com\\\/#organization\",\"name\":\"Pause au naturelle\",\"url\":\"https:\\\/\\\/www.pause-au-naturelle.com\\\/\",\"logo\":{\"@type\":\"ImageObject\",\"inLanguage\":\"nl-NL\",\"@id\":\"https:\\\/\\\/www.pause-au-naturelle.com\\\/#\\\/schema\\\/logo\\\/image\\\/\",\"url\":\"https:\\\/\\\/www.pause-au-naturelle.com\\\/wp-content\\\/uploads\\\/2020\\\/06\\\/logo.png\",\"contentUrl\":\"https:\\\/\\\/www.pause-au-naturelle.com\\\/wp-content\\\/uploads\\\/2020\\\/06\\\/logo.png\",\"width\":250,\"height\":250,\"caption\":\"Pause au naturelle\"},\"image\":{\"@id\":\"https:\\\/\\\/www.pause-au-naturelle.com\\\/#\\\/schema\\\/logo\\\/image\\\/\"}}]}<\/script>\n<!-- \/ Yoast SEO plugin. -->","yoast_head_json":{"title":"Welkomstgeschenk","robots":{"index":"index","follow":"follow","max-snippet":"max-snippet:-1","max-image-preview":"max-image-preview:large","max-video-preview":"max-video-preview:-1"},"canonical":"https:\/\/www.pause-au-naturelle.com\/nl\/welkomstgeschenk\/","og_locale":"nl_NL","og_type":"article","og_title":"Cadeau de bienvenue","og_description":"Cadeau de bienvenue Inscrivez-vous et recevez gratuitement 15% de remise sur votre premi\u00e8re commande ! Retour \u00e0 la boutique&nbsp; Pause au Natur&rsquo;elle &#8211; La qualit\u00e9 au service de votre sant\u00e9. Politique de confidentialit\u00e9.&nbsp;","og_url":"https:\/\/www.pause-au-naturelle.com\/nl\/welkomstgeschenk\/","og_site_name":"Pause au Naturelle","article_modified_time":"2020-02-23T07:18:51+00:00","og_image":[{"url":"https:\/\/www.pause-au-naturelle.com\/wp-content\/uploads\/2019\/12\/logo-pause.png","type":"","width":"","height":""}],"twitter_card":"summary_large_image","schema":{"@context":"https:\/\/schema.org","@graph":[{"@type":"WebPage","@id":"https:\/\/www.pause-au-naturelle.com\/cadeau-de-bienvenue\/","url":"https:\/\/www.pause-au-naturelle.com\/cadeau-de-bienvenue\/","name":"Welkomstgeschenk","isPartOf":{"@id":"https:\/\/www.pause-au-naturelle.com\/#website"},"primaryImageOfPage":{"@id":"https:\/\/www.pause-au-naturelle.com\/cadeau-de-bienvenue\/#primaryimage"},"image":{"@id":"https:\/\/www.pause-au-naturelle.com\/cadeau-de-bienvenue\/#primaryimage"},"thumbnailUrl":"https:\/\/www.pause-au-naturelle.com\/wp-content\/uploads\/2019\/12\/logo-pause.png","datePublished":"2020-02-23T07:09:01+00:00","dateModified":"2020-02-23T07:18:51+00:00","inLanguage":"nl-NL","potentialAction":[{"@type":"ReadAction","target":["https:\/\/www.pause-au-naturelle.com\/cadeau-de-bienvenue\/"]}]},{"@type":"ImageObject","inLanguage":"nl-NL","@id":"https:\/\/www.pause-au-naturelle.com\/cadeau-de-bienvenue\/#primaryimage","url":"https:\/\/www.pause-au-naturelle.com\/wp-content\/uploads\/2019\/12\/logo-pause.png","contentUrl":"https:\/\/www.pause-au-naturelle.com\/wp-content\/uploads\/2019\/12\/logo-pause.png"},{"@type":"WebSite","@id":"https:\/\/www.pause-au-naturelle.com\/#website","url":"https:\/\/www.pause-au-naturelle.com\/","name":"Pauze in de natuur","description":"","publisher":{"@id":"https:\/\/www.pause-au-naturelle.com\/#organization"},"potentialAction":[{"@type":"SearchAction","target":{"@type":"EntryPoint","urlTemplate":"https:\/\/www.pause-au-naturelle.com\/?s={search_term_string}"},"query-input":{"@type":"PropertyValueSpecification","valueRequired":true,"valueName":"search_term_string"}}],"inLanguage":"nl-NL"},{"@type":"Organization","@id":"https:\/\/www.pause-au-naturelle.com\/#organization","name":"Een natuurlijke onderbreking","url":"https:\/\/www.pause-au-naturelle.com\/","logo":{"@type":"ImageObject","inLanguage":"nl-NL","@id":"https:\/\/www.pause-au-naturelle.com\/#\/schema\/logo\/image\/","url":"https:\/\/www.pause-au-naturelle.com\/wp-content\/uploads\/2020\/06\/logo.png","contentUrl":"https:\/\/www.pause-au-naturelle.com\/wp-content\/uploads\/2020\/06\/logo.png","width":250,"height":250,"caption":"Pause au naturelle"},"image":{"@id":"https:\/\/www.pause-au-naturelle.com\/#\/schema\/logo\/image\/"}}]}},"_links":{"self":[{"href":"https:\/\/www.pause-au-naturelle.com\/nl\/wp-json\/wp\/v2\/pages\/6171","targetHints":{"allow":["GET"]}}],"collection":[{"href":"https:\/\/www.pause-au-naturelle.com\/nl\/wp-json\/wp\/v2\/pages"}],"about":[{"href":"https:\/\/www.pause-au-naturelle.com\/nl\/wp-json\/wp\/v2\/types\/page"}],"author":[{"embeddable":true,"href":"https:\/\/www.pause-au-naturelle.com\/nl\/wp-json\/wp\/v2\/users\/1"}],"replies":[{"embeddable":true,"href":"https:\/\/www.pause-au-naturelle.com\/nl\/wp-json\/wp\/v2\/comments?post=6171"}],"version-history":[{"count":0,"href":"https:\/\/www.pause-au-naturelle.com\/nl\/wp-json\/wp\/v2\/pages\/6171\/revisions"}],"wp:attachment":[{"href":"https:\/\/www.pause-au-naturelle.com\/nl\/wp-json\/wp\/v2\/media?parent=6171"}],"curies":[{"name":"wp","href":"https:\/\/api.w.org\/{rel}","templated":true}]}}