{"id":8716,"date":"2022-10-07T12:18:45","date_gmt":"2022-10-07T12:18:45","guid":{"rendered":"https:\/\/www.pause-au-naturelle.com\/?page_id=8716"},"modified":"2022-10-08T10:43:49","modified_gmt":"2022-10-08T10:43:49","slug":"lokaal-marokkaans-product","status":"publish","type":"page","link":"https:\/\/www.pause-au-naturelle.com\/nl\/produit-de-terroir-marocain\/","title":{"rendered":"Lokaal Marokkaans product"},"content":{"rendered":"<h1 style=\"font-weight: 400; text-align: center;\"><strong>Produit de terroir marocain&nbsp;: la liste en d\u00e9tail preuve \u00e0 l&rsquo;appui<\/strong><\/h1>\n<p style=\"font-weight: 400;\">&nbsp;<\/p>\n<p style=\"font-weight: 400;\">Lorsque la culture marocaine est \u00e9voqu\u00e9e, on pense directement aux produits de terroir. Ce pays connu pour son \u00e9cosyst\u00e8me touristique. C\u2019est cette occasion qui permet en l\u2019occurrence de faire briller la gastronomie ch\u00e9rifienne et son apport dans le monde. La petite table populaire bien garnie et servie, c\u2019est le \u00ab&nbsp;Morocco Way of Life&nbsp;\u00bb qui a fait la r\u00e9putation des grands chefs marocains. Cette identit\u00e9 culturelle se manifeste tout particuli\u00e8rement par <a href=\"https:\/\/www.pause-au-naturelle.com\/nl\/cat%c3%a9gorie-produit\/marokkaanse-kruidenierswinkel-online\/\">l\u2019apport de produits alimentaires locaux<\/a> qui donne de la finesse et du caract\u00e8re \u00e0 la cinqui\u00e8me gastronomie mondiale.<\/p>\n<p style=\"font-weight: 400;\">&nbsp;<\/p>\n<p style=\"font-weight: 400;\">Voici donc en d\u00e9tail, la liste des produits de terroir marocain alimentaire les plus r\u00e9pandus.<\/p>\n<p style=\"font-weight: 400;\"><strong>&nbsp;<\/strong><\/p>\n<h2 style=\"font-weight: 400; text-align: center;\"><strong>Les produits alimentaires issus de l\u2019Oliveraie<\/strong><\/h2>\n<p style=\"font-weight: 400;\">&nbsp;<\/p>\n<p style=\"font-weight: 400;\">L\u2019huile d\u2019olive, c\u2019est une base alimentaire au Maroc et tout le monde le sait. Ce produit de terroir marocain commun \u00e0 beaucoup de pays du pourtour m\u00e9diterran\u00e9en m\u00e9rite une attention particuli\u00e8re. Si l\u2019arbre end\u00e9mique est bien r\u00e9pandu, le Maroc est connu pour la production d\u2019olives de haute qualit\u00e9. Il vous suffit de faire un petit d\u00e9tour dans les souks pour appr\u00e9cier les diff\u00e9rentes ovalies existantes&nbsp;:<\/p>\n<p style=\"font-weight: 400;\">&nbsp;<\/p>\n<ul>\n<li>Gekruid<\/li>\n<li>Citron persill\u00e9e<\/li>\n<li>Paars<\/li>\n<li>Noire\u2026<\/li>\n<\/ul>\n<p style=\"font-weight: 400;\">&nbsp;<\/p>\n<p style=\"font-weight: 400;\">L\u2019huile d\u2019olive de la r\u00e9gion de Beni Mellal et Azilal est d\u2019ailleurs reconnue comme l\u2019une des plus savoureuses au monde. Elle d\u00e9gage une odeur fruit\u00e9e exceptionnelle.<\/p>\n<p style=\"font-weight: 400;\"><strong>&nbsp;<\/strong><\/p>\n<h2 style=\"font-weight: 400; text-align: center;\"><strong>Le tajine comme marque de l\u2019identit\u00e9 culinaire berb\u00e8re<\/strong><\/h2>\n<p style=\"font-weight: 400;\">&nbsp;<\/p>\n<p style=\"font-weight: 400;\">Partout dans le sud du Maroc, les familles cuisinent dans le plat en terre nomm\u00e9 tajine. A Agadir et dans les environs, il est commun de voir le plat en terre cuite cuire sur les rebords de fen\u00eatre sur un reposoir \u00e0 charbon. Cette cuisson lente est d\u00e9sormais reconnue pour \u00eatre saine pour la sant\u00e9. Br\u00fblant les graisses et conservant les saveurs, cet appareil de cuisson traditionnel obtenu \u00e0 partir de terre glaise est mill\u00e9naire.<\/p>\n<p style=\"font-weight: 400;\">&nbsp;<\/p>\n<p style=\"font-weight: 400;\">Aujourd\u2019hui, l\u2019appellation \u00ab&nbsp;tajine&nbsp;\u00bb est surtout utilis\u00e9 dans le langage culinaire pour d\u00e9signer des plats du terroir marocain&nbsp;:<\/p>\n<p style=\"font-weight: 400;\">&nbsp;<\/p>\n<ul>\n<li>Tajine met kip en olijven<\/li>\n<li>Lam pruim<\/li>\n<li>Poisson\u2026<\/li>\n<\/ul>\n<p style=\"font-weight: 400;\"><strong>&nbsp;<\/strong><\/p>\n<h2 style=\"font-weight: 400; text-align: center;\"><strong>Le safran marocain&nbsp;: une \u00e9pice reconnue \u00e0 l\u2019\u00e9chelle mondiale<\/strong><\/h2>\n<p style=\"font-weight: 400;\">&nbsp;<\/p>\n<p style=\"font-weight: 400;\">Ce produit de terroir marocain est l\u2019un des plus pris\u00e9s \u00e0 l\u2019heure actuelle par les chefs cuisiniers europ\u00e9ens. Le village de <a href=\"https:\/\/www.pause-au-naturelle.com\/nl\/product\/taliouine-saffraan-1g\/\">Taliouine<\/a> perch\u00e9 dans le Haut Atlas non loin de la ville de Taroudant est le quartier g\u00e9n\u00e9ral de la production de cette \u00e9pice. La proximit\u00e9 g\u00e9ographique avec l\u2019Europe fait que le safran marocain est plus propice et disponible \u00e0 l\u2019achat que celui des contr\u00e9es situ\u00e9es au pied de l\u2019Himalaya. D\u2019ailleurs, la cuisine berb\u00e8re du Haut Atlas est r\u00e9put\u00e9 elle aussi pour \u00eatre safran\u00e9. Chaque habitant poss\u00e8de dans son petit placard de cuisine quelques pistils en rab.<\/p>\n<p style=\"font-weight: 400;\"><strong>&nbsp;<\/strong><\/p>\n<h3 style=\"font-weight: 400; text-align: center;\"><strong>Le miel d\u2019arganier&nbsp;: une douceur sucr\u00e9e exclusive au Maroc<\/strong><\/h3>\n<p style=\"font-weight: 400;\">&nbsp;<\/p>\n<p style=\"font-weight: 400;\">Ce produit de terroir marocain est unique au monde. Le Maroc est r\u00e9put\u00e9 pour produire du miel de haute qualit\u00e9. Les surfaces disponibles pour le d\u00e9veloppement de l\u2019apiculture sont encore immenses dans certaines zones. Bien que l\u2019urbanisation dans le nord du pays freinent cette activit\u00e9. Les montagnes du sud sont encore propices \u00e0 cette production. Certes, l\u2019arganeraie souffre de la d\u00e9sertification. Cependant, la production de miel d\u2019arganier reste encore abondante. Les campagnes de lutte contre la d\u00e9sertification sont une priorit\u00e9 d\u2019\u00c9tat. Le miel d\u2019arganier devrait triompher dans cette bataille.<\/p>\n<p style=\"font-weight: 400;\"><strong>&nbsp;<\/strong><\/p>\n<h3 style=\"font-weight: 400; text-align: center;\"><strong>Tafernoutbrood: een uitzonderlijk lokaal Marokkaans product<\/strong><\/h3>\n<p style=\"font-weight: 400;\">&nbsp;<\/p>\n<p style=\"font-weight: 400;\">Le pain, c\u2019est un produit de terroir commun \u00e0 l\u2019humanit\u00e9. Les exemples sont multiples&nbsp;:<\/p>\n<p style=\"font-weight: 400;\"><strong>&nbsp;<\/strong><\/p>\n<ul>\n<li>Baguette fran\u00e7aise<\/li>\n<li>Libanees brood<\/li>\n<li>Naan<\/li>\n<li>Ongezuurd brood.<\/li>\n<\/ul>\n<p style=\"font-weight: 400;\">&nbsp;<\/p>\n<p style=\"font-weight: 400;\">Le pain tafernout figure dans cette liste des produits de terroir marocain pour une bonne raison. Don mode de cuisson distingu\u00e9e au Faran, sa texture moelleuse et son odeur agr\u00e9able en font tout simplement un d\u00e9lice. Il reste typiquement marocain. On le d\u00e9guste particuli\u00e8rement pour manger une salade marocaine ou en accompagnement d\u2019un tajine.<\/p>\n<p style=\"font-weight: 400;\"><strong>&nbsp;<\/strong><\/p>\n<h3 style=\"font-weight: 400; text-align: center;\"><strong>L\u2019huile d\u2019argan alimentaire&nbsp;: un d\u00e9lice pour les papilles<\/strong><\/h3>\n<p style=\"font-weight: 400;\">&nbsp;<\/p>\n<p style=\"font-weight: 400;\">Autre produit de terroir marocain issu de l\u2019arganeraie, l\u2019huile d\u2019argan alimentaire est reconnue pour sa finesse et son apport di\u00e9t\u00e9tique. Vous pouvez d\u2019ailleurs en trouver <a href=\"https:\/\/www.pause-au-naturelle.com\/nl\/product\/biologische-arganolie-marokko-250ml\/\">l\u00e0<\/a>. Dans le sud marocain,&nbsp;cette huile est sur le m\u00eame pied d\u2019\u00e9galit\u00e9 que l\u2019huile d\u2019olive. Vous la rencontrerez sans trop de difficult\u00e9 dans l\u2019assaisonnement de toutes les salades. M\u00eame pour travailler la semoule du couscous et lui donner une saveur particuli\u00e8re.<\/p>\n<p style=\"font-weight: 400;\">&nbsp;<\/p>\n<p style=\"font-weight: 400;\">Ce produit de terroir marocain, c\u2019est aussi l\u2019expression culinaire authentique du pays. Car elle est produite avec prestance uniquement au Maroc. Vu sa qualit\u00e9 et son go\u00fbt, l\u2019huile d\u2019argan alimentaire est le petit cadeau que l\u2019on ram\u00e8ne gentiment dans sa valise lorsque l\u2019on visite le pays.<\/p>\n<p style=\"font-weight: 400;\"><strong>&nbsp;<\/strong><\/p>\n<h4 style=\"font-weight: 400; text-align: center;\"><strong>La Rose&nbsp;: une fleur remarquable et sollicit\u00e9e par les entreprises \u00e9trang\u00e8res<\/strong><\/h4>\n<p style=\"font-weight: 400;\">&nbsp;<\/p>\n<p style=\"font-weight: 400;\">La r\u00e9gion du Dad\u00e8s dans l\u2019anti-Atlas et tout particuli\u00e8rement la vall\u00e9e des Roses sont les lieux de production de cette plate \u00e9pineuse d\u2019une beaut\u00e9 manifeste. On en produit de l\u2019hydrolat ou de l\u2019eau de rose. Mais la Rose est devenue un produit de terroir marocain gr\u00e2ce \u00e0 l\u2019attention particuli\u00e8re que le monde de la parfumerie fran\u00e7aise lui voue. Si les roses de Turquie et de Bulgarie ont leur caract\u00e8re, la prestigieuse Rose de Damas a \u00e9lu domicile depuis des d\u00e9cennies au Maroc. A elle seule, elle donne une nouvelle dynamique dans la fa\u00e7on de d\u00e9velopper la fili\u00e8re dans le monde.<\/p>\n<h4 style=\"font-weight: 400; text-align: center;\"><strong>&nbsp;<\/strong><\/h4>\n<h4 style=\"font-weight: 400; text-align: center;\"><strong>L\u2019eau de fleur d\u2019oranger&nbsp;: un produit de terroir marocain typique de la p\u00e2tisserie locale<\/strong><\/h4>\n<p style=\"font-weight: 400;\">&nbsp;<\/p>\n<p style=\"font-weight: 400; text-align: left;\">Le Maroc, c\u2019est une terre d\u2019agrume avant tout. L\u2019arboriculture de l\u2019oranger date de plusieurs si\u00e8cles. Elle sert avant tout pour la production fruiti\u00e8re et orne les trottoirs dans beaucoup de villes du Royaume. N\u00e9anmoins, l\u2019oranger joue un r\u00f4le sans pr\u00e9c\u00e9dent dans la production de l\u2019eau de fleur d\u2019oranger. Ce produit de terroir marocain est sollicit\u00e9 en gastronomie puis dans l\u2019univers de la beaut\u00e9. Le Maroc observe de g\u00e9n\u00e9reux rendement en la mati\u00e8re.<\/p>\n<p style=\"font-weight: 400;\">&nbsp;<\/p>\n<h5 style=\"font-weight: 400; text-align: center;\"><strong>Le Amlou&nbsp;: le petit d\u00e9jeuner du matin dans le sud marocain<\/strong><\/h5>\n<p style=\"font-weight: 400;\">&nbsp;<\/p>\n<p style=\"font-weight: 400;\">Un autre produit de terroir exclusif au Maroc qui m\u00e9rite une attention particuli\u00e8re. Le Amlou, c\u2019est le nutella du peuple berb\u00e8re sous une forme di\u00e9t\u00e9tique incomparable. Il faut donc le go\u00fbter pour comprendre l\u2019int\u00e9r\u00eat culinaire qu\u2019il d\u00e9gage. Ce m\u00e9lange de <a href=\"https:\/\/www.pause-au-naturelle.com\/nl\/product\/doranger-honing-250g\/\">miel d\u2019oranger<\/a>, d\u2019amandes et d\u2019huile d\u2019argan est une recette tr\u00e8s \u00e9quilibr\u00e9e. Encore peu connu dans le monde, ce produit int\u00e9ressant est pr\u00e9conis\u00e9 pour son c\u00f4t\u00e9 \u00e0 la fois healthy et rassasiant.<\/p>","protected":false},"excerpt":{"rendered":"","protected":false},"author":1,"featured_media":0,"parent":0,"menu_order":0,"comment_status":"closed","ping_status":"closed","template":"","meta":{"footnotes":""},"class_list":["post-8716","page","type-page","status-publish","hentry"],"yoast_head":"<!-- This site is optimized with the Yoast SEO plugin v27.3 - https:\/\/yoast.com\/product\/yoast-seo-wordpress\/ -->\n<title>Produit de terroir marocain | Pause-au-naturelle.com<\/title>\n<meta name=\"description\" content=\"D\u00e9couvrez notre liste de produit de terroir marocain \u00e0 titre informatif et commercial. Explication et d\u00e9veloppement \u00e0 l&#039;appui.\" \/>\n<meta name=\"robots\" content=\"index, follow, max-snippet:-1, max-image-preview:large, max-video-preview:-1\" \/>\n<link rel=\"canonical\" href=\"https:\/\/www.pause-au-naturelle.com\/nl\/lokaal-marokkaans-product\/\" \/>\n<meta property=\"og:locale\" content=\"nl_NL\" \/>\n<meta property=\"og:type\" content=\"article\" \/>\n<meta property=\"og:title\" content=\"Produit de terroir marocain | Pause-au-naturelle.com\" \/>\n<meta property=\"og:description\" content=\"D\u00e9couvrez notre liste de produit de terroir marocain \u00e0 titre informatif et commercial. Explication et d\u00e9veloppement \u00e0 l&#039;appui.\" \/>\n<meta property=\"og:url\" content=\"https:\/\/www.pause-au-naturelle.com\/nl\/lokaal-marokkaans-product\/\" \/>\n<meta property=\"og:site_name\" content=\"Pause au Naturelle\" \/>\n<meta property=\"article:modified_time\" content=\"2022-10-08T10:43:49+00:00\" \/>\n<meta property=\"og:image\" content=\"https:\/\/www.pause-au-naturelle.com\/wp-content\/uploads\/2024\/05\/logo-pause.webp\" \/>\n\t<meta property=\"og:image:width\" content=\"600\" \/>\n\t<meta property=\"og:image:height\" content=\"171\" \/>\n\t<meta property=\"og:image:type\" content=\"image\/webp\" \/>\n<meta name=\"twitter:card\" content=\"summary_large_image\" \/>\n<meta name=\"twitter:label1\" content=\"Geschatte leestijd\" \/>\n\t<meta name=\"twitter:data1\" content=\"6 minuten\" \/>\n<script type=\"application\/ld+json\" class=\"yoast-schema-graph\">{\"@context\":\"https:\\\/\\\/schema.org\",\"@graph\":[{\"@type\":\"WebPage\",\"@id\":\"https:\\\/\\\/www.pause-au-naturelle.com\\\/produit-de-terroir-marocain\\\/\",\"url\":\"https:\\\/\\\/www.pause-au-naturelle.com\\\/produit-de-terroir-marocain\\\/\",\"name\":\"Produit de terroir marocain | Pause-au-naturelle.com\",\"isPartOf\":{\"@id\":\"https:\\\/\\\/www.pause-au-naturelle.com\\\/#website\"},\"datePublished\":\"2022-10-07T12:18:45+00:00\",\"dateModified\":\"2022-10-08T10:43:49+00:00\",\"description\":\"D\u00e9couvrez notre liste de produit de terroir marocain \u00e0 titre informatif et commercial. Explication et d\u00e9veloppement \u00e0 l'appui.\",\"inLanguage\":\"nl-NL\",\"potentialAction\":[{\"@type\":\"ReadAction\",\"target\":[\"https:\\\/\\\/www.pause-au-naturelle.com\\\/produit-de-terroir-marocain\\\/\"]}]},{\"@type\":\"WebSite\",\"@id\":\"https:\\\/\\\/www.pause-au-naturelle.com\\\/#website\",\"url\":\"https:\\\/\\\/www.pause-au-naturelle.com\\\/\",\"name\":\"Pause au Naturelle\",\"description\":\"\",\"publisher\":{\"@id\":\"https:\\\/\\\/www.pause-au-naturelle.com\\\/#organization\"},\"potentialAction\":[{\"@type\":\"SearchAction\",\"target\":{\"@type\":\"EntryPoint\",\"urlTemplate\":\"https:\\\/\\\/www.pause-au-naturelle.com\\\/?s={search_term_string}\"},\"query-input\":{\"@type\":\"PropertyValueSpecification\",\"valueRequired\":true,\"valueName\":\"search_term_string\"}}],\"inLanguage\":\"nl-NL\"},{\"@type\":\"Organization\",\"@id\":\"https:\\\/\\\/www.pause-au-naturelle.com\\\/#organization\",\"name\":\"Pause au naturelle\",\"url\":\"https:\\\/\\\/www.pause-au-naturelle.com\\\/\",\"logo\":{\"@type\":\"ImageObject\",\"inLanguage\":\"nl-NL\",\"@id\":\"https:\\\/\\\/www.pause-au-naturelle.com\\\/#\\\/schema\\\/logo\\\/image\\\/\",\"url\":\"https:\\\/\\\/www.pause-au-naturelle.com\\\/wp-content\\\/uploads\\\/2020\\\/06\\\/logo.png\",\"contentUrl\":\"https:\\\/\\\/www.pause-au-naturelle.com\\\/wp-content\\\/uploads\\\/2020\\\/06\\\/logo.png\",\"width\":250,\"height\":250,\"caption\":\"Pause au naturelle\"},\"image\":{\"@id\":\"https:\\\/\\\/www.pause-au-naturelle.com\\\/#\\\/schema\\\/logo\\\/image\\\/\"}}]}<\/script>\n<!-- \/ Yoast SEO plugin. -->","yoast_head_json":{"title":"Lokale Marokkaanse producten | Pause-au-naturelle.com","description":"Ontdek onze lijst met lokale Marokkaanse producten voor informatie- en verkoopdoeleinden. Uitleg en ontwikkeling ter ondersteuning.","robots":{"index":"index","follow":"follow","max-snippet":"max-snippet:-1","max-image-preview":"max-image-preview:large","max-video-preview":"max-video-preview:-1"},"canonical":"https:\/\/www.pause-au-naturelle.com\/nl\/lokaal-marokkaans-product\/","og_locale":"nl_NL","og_type":"article","og_title":"Produit de terroir marocain | Pause-au-naturelle.com","og_description":"D\u00e9couvrez notre liste de produit de terroir marocain \u00e0 titre informatif et commercial. Explication et d\u00e9veloppement \u00e0 l'appui.","og_url":"https:\/\/www.pause-au-naturelle.com\/nl\/lokaal-marokkaans-product\/","og_site_name":"Pause au Naturelle","article_modified_time":"2022-10-08T10:43:49+00:00","og_image":[{"width":600,"height":171,"url":"https:\/\/www.pause-au-naturelle.com\/wp-content\/uploads\/2024\/05\/logo-pause.webp","type":"image\/webp"}],"twitter_card":"summary_large_image","twitter_misc":{"Geschatte leestijd":"6 minuten"},"schema":{"@context":"https:\/\/schema.org","@graph":[{"@type":"WebPage","@id":"https:\/\/www.pause-au-naturelle.com\/produit-de-terroir-marocain\/","url":"https:\/\/www.pause-au-naturelle.com\/produit-de-terroir-marocain\/","name":"Lokale Marokkaanse producten | Pause-au-naturelle.com","isPartOf":{"@id":"https:\/\/www.pause-au-naturelle.com\/#website"},"datePublished":"2022-10-07T12:18:45+00:00","dateModified":"2022-10-08T10:43:49+00:00","description":"Ontdek onze lijst met lokale Marokkaanse producten voor informatie- en verkoopdoeleinden. Uitleg en ontwikkeling ter ondersteuning.","inLanguage":"nl-NL","potentialAction":[{"@type":"ReadAction","target":["https:\/\/www.pause-au-naturelle.com\/produit-de-terroir-marocain\/"]}]},{"@type":"WebSite","@id":"https:\/\/www.pause-au-naturelle.com\/#website","url":"https:\/\/www.pause-au-naturelle.com\/","name":"Pauze in de natuur","description":"","publisher":{"@id":"https:\/\/www.pause-au-naturelle.com\/#organization"},"potentialAction":[{"@type":"SearchAction","target":{"@type":"EntryPoint","urlTemplate":"https:\/\/www.pause-au-naturelle.com\/?s={search_term_string}"},"query-input":{"@type":"PropertyValueSpecification","valueRequired":true,"valueName":"search_term_string"}}],"inLanguage":"nl-NL"},{"@type":"Organization","@id":"https:\/\/www.pause-au-naturelle.com\/#organization","name":"Een natuurlijke onderbreking","url":"https:\/\/www.pause-au-naturelle.com\/","logo":{"@type":"ImageObject","inLanguage":"nl-NL","@id":"https:\/\/www.pause-au-naturelle.com\/#\/schema\/logo\/image\/","url":"https:\/\/www.pause-au-naturelle.com\/wp-content\/uploads\/2020\/06\/logo.png","contentUrl":"https:\/\/www.pause-au-naturelle.com\/wp-content\/uploads\/2020\/06\/logo.png","width":250,"height":250,"caption":"Pause au naturelle"},"image":{"@id":"https:\/\/www.pause-au-naturelle.com\/#\/schema\/logo\/image\/"}}]}},"_links":{"self":[{"href":"https:\/\/www.pause-au-naturelle.com\/nl\/wp-json\/wp\/v2\/pages\/8716","targetHints":{"allow":["GET"]}}],"collection":[{"href":"https:\/\/www.pause-au-naturelle.com\/nl\/wp-json\/wp\/v2\/pages"}],"about":[{"href":"https:\/\/www.pause-au-naturelle.com\/nl\/wp-json\/wp\/v2\/types\/page"}],"author":[{"embeddable":true,"href":"https:\/\/www.pause-au-naturelle.com\/nl\/wp-json\/wp\/v2\/users\/1"}],"replies":[{"embeddable":true,"href":"https:\/\/www.pause-au-naturelle.com\/nl\/wp-json\/wp\/v2\/comments?post=8716"}],"version-history":[{"count":4,"href":"https:\/\/www.pause-au-naturelle.com\/nl\/wp-json\/wp\/v2\/pages\/8716\/revisions"}],"predecessor-version":[{"id":8773,"href":"https:\/\/www.pause-au-naturelle.com\/nl\/wp-json\/wp\/v2\/pages\/8716\/revisions\/8773"}],"wp:attachment":[{"href":"https:\/\/www.pause-au-naturelle.com\/nl\/wp-json\/wp\/v2\/media?parent=8716"}],"curies":[{"name":"wp","href":"https:\/\/api.w.org\/{rel}","templated":true}]}}