{"id":9301,"date":"2023-06-26T22:13:38","date_gmt":"2023-06-26T22:13:38","guid":{"rendered":"https:\/\/www.pause-au-naturelle.com\/?page_id=9301"},"modified":"2023-06-28T09:32:43","modified_gmt":"2023-06-28T09:32:43","slug":"5-technieken-tegen-donkere-kringen","status":"publish","type":"page","link":"https:\/\/www.pause-au-naturelle.com\/nl\/5-techniques-pour-lutter-contre-les-cernes\/","title":{"rendered":"5 technieken tegen donkere kringen"},"content":{"rendered":"<h1 class=\"wp-block-heading has-text-align-center\">5 technieken tegen donkere kringen<\/h1>\n\n\n\n<p>Les cernes sont un signe ostentatoire de fatigue. M\u00eame maquill\u00e9es, il est difficile de les faire dispara\u00eetre. La meilleure chose pour les faire dispara\u00eetre, c\u2019est de bien dormir ou se reposer. Plus facile \u00e0 dire qu\u2019\u00e0 faire lorsque la vie active prend le dessus. Les petites nuits des nouveaux moments ainsi que l&rsquo;allaitement sont aussi des moments difficiles o\u00f9 il faut beaucoup de patience. N\u00e9anmoins, il existe de petites techniques pour amenuiser les cernes ou du moins les faire d\u00e9gonfler lorsqu\u2019elles sont trop apparentes.&nbsp;<\/p>\n\n\n\n<p>Bij Pause au Naturelle geven we je het beste advies om je leven gemakkelijker te maken.&nbsp;<\/p>\n\n\n\n<h2 class=\"wp-block-heading\"><strong>Quelle diff\u00e9rence entre les cernes et les poches entre les yeux ?<\/strong><\/h2>\n\n\n\n<p>Tout d\u2019abord, nous tenons \u00e0 faire une distinction entre cernes et poches. Les cernes au c\u0153ur du sujet qui nous int\u00e9ressent correspond \u00e0 une pigmentation de la zone situ\u00e9e en dessous de l&rsquo;\u0153il. Elles correspondent soit \u00e0 un teint plus fonc\u00e9 ou \u00e0 de petits vaisseaux bleus qui se forment. Quant aux poches, elles se forment par un amas graisseux ou une petite r\u00e9tention d\u2019eau qui se forment en dessous des yeux. Elles peuvent \u00eatre le fait de l\u2019\u00e2ge ou d\u2019une mauvaise hygi\u00e8ne de vie.&nbsp;<\/p>\n\n\n\n<h2 class=\"wp-block-heading\"><strong>Bien dormir : premi\u00e8re m\u00e9thode pour diminuer les cernes<\/strong><\/h2>\n\n\n\n<p>Cela va de soi. Mais avant d\u2019entreprendre de petits soins, il est important d\u2019\u00e9couter son corps. Dans la vie, il faut savoir dire stop au lieu de toujours tirer sur la corde. Habituez-vous donc \u00e0 respecter l\u2019horloge biologique de votre corps pour aller dormir. Au del\u00e0, vous d\u00e9clenchez toute une s\u00e9rie de ph\u00e9nom\u00e8nes sur votre corps qui sont n\u00e9gatifs. Les cernes en font partie.<\/p>\n\n\n\n<h2 class=\"wp-block-heading\"><strong>Ban tabak, alcohol en drugs uit je leven&nbsp;<\/strong><\/h2>\n\n\n\n<p>Malheureusement, nous sommes dans une soci\u00e9t\u00e9 o\u00f9 les interdits sont les passions de beaucoups de personnes. Cependant, toutes ces substances nocives jouent tout d\u2019abord sur:<\/p>\n\n\n\n<ul class=\"wp-block-list\">\n<li>De pracht van het gezicht<\/li>\n\n\n\n<li>L\u2019hydratation de la peau<\/li>\n\n\n\n<li>Le d\u00e9veloppement des cernes.<\/li>\n<\/ul>\n\n\n\n<h2 class=\"wp-block-heading\"><strong>Utiliser un anti-cerne pour acc\u00e9l\u00e9rer la circulation sanguine sur la zone concern\u00e9e<\/strong><\/h2>\n\n\n\n<p>Si les anti-cernes existent, c\u2019est que la m\u00e9thode fonctionne. Pr\u00e9conisez-donc un anti-cernes compos\u00e9 d&rsquo;\u00e9l\u00e9ments naturels. Les cernes se forment par un manque de stimulation sanguine au niveau de cette zone. C\u2019est d\u2019ailleurs ce qui provoque le manque de sommeil sur le visage. Les anti-cernes permettent donc d\u00e9j\u00e0 de donner une meilleure allure et un meilleur teint.<\/p>\n\n\n\n<h2 class=\"wp-block-heading\"><strong>Appliquez du froid sur les yeux pour att\u00e9nuer les cernes<\/strong><\/h2>\n\n\n\n<p>Cette m\u00e9thode est connue de beaucoup de personnes. Plusieurs m\u00e9thodes peuvent-\u00eatre mises en application pour att\u00e9nuer les cernes.&nbsp;<\/p>\n\n\n\n<p>Tot de bekendste behoren :&nbsp;<\/p>\n\n\n\n<ul class=\"wp-block-list\">\n<li>les morceaux de gla\u00e7ons \u00e0 apposer sur les cernes. La m\u00e9thode n\u2019est pas tr\u00e8s agr\u00e9able mais les diminue.<\/li>\n\n\n\n<li>Pour les personnes plus frileuses, l\u2019<a href=\"https:\/\/www.pause-au-naturelle.com\/nl\/product\/herbruikbare-make-up-remover-spons\/\">application d\u2019eau froide sur une \u00e9ponge d\u00e9maquillante<\/a> est aussi efficace. Elle permet de g\u00e9rer le flux d\u2019eau et de tremper la zone \u00e0 sa convenance.&nbsp;<\/li>\n\n\n\n<li>Le dos d&rsquo;une cuill\u00e8re \u00e0 caf\u00e9 refroidi au frigo et d\u00e9licatement pos\u00e9 sur les cernes<\/li>\n\n\n\n<li>Les rondelles de concombre sont fra\u00eeches comme dans le cadre des routines de soin-beaut\u00e9 naturelle.&nbsp;<\/li>\n<\/ul>\n\n\n\n<h3 class=\"wp-block-heading\"><strong>Massez d\u00e9licatement le contour des yeux pour rel\u00e2cher la peau<\/strong><\/h3>\n\n\n\n<p>Enfin, la derni\u00e8re technique pour amoindrir les cernes sur le visage consiste \u00e0 masser d\u00e9licatement la peau avec ses doigts propres. Effectivement, cela permet de stimuler la circulation sanguine. Commencez par cela puis tester les m\u00e9thodes d\u00e9crites ci-dessus.<\/p>","protected":false},"excerpt":{"rendered":"<p>5 techniques pour lutter contre les cernes Les cernes sont un signe ostentatoire de fatigue. M\u00eame maquill\u00e9es, il est difficile de les faire dispara\u00eetre. La meilleure chose pour les faire dispara\u00eetre, c\u2019est de bien dormir ou se reposer. Plus facile \u00e0 dire qu\u2019\u00e0 faire lorsque la vie active prend le dessus. Les petites nuits des [&#8230;]\n","protected":false},"author":1,"featured_media":0,"parent":0,"menu_order":0,"comment_status":"closed","ping_status":"closed","template":"","meta":{"footnotes":""},"class_list":["post-9301","page","type-page","status-publish","hentry"],"yoast_head":"<!-- This site is optimized with the Yoast SEO plugin v27.3 - https:\/\/yoast.com\/product\/yoast-seo-wordpress\/ -->\n<title>5 techniques pour lutter contre les cernes - Pause au Naturelle<\/title>\n<meta name=\"robots\" content=\"index, follow, max-snippet:-1, max-image-preview:large, max-video-preview:-1\" \/>\n<link rel=\"canonical\" href=\"https:\/\/www.pause-au-naturelle.com\/nl\/5-technieken-tegen-donkere-kringen\/\" \/>\n<meta property=\"og:locale\" content=\"nl_NL\" \/>\n<meta property=\"og:type\" content=\"article\" \/>\n<meta property=\"og:title\" content=\"5 techniques pour lutter contre les cernes - Pause au Naturelle\" \/>\n<meta property=\"og:description\" content=\"5 techniques pour lutter contre les cernes Les cernes sont un signe ostentatoire de fatigue. M\u00eame maquill\u00e9es, il est difficile de les faire dispara\u00eetre. La meilleure chose pour les faire dispara\u00eetre, c\u2019est de bien dormir ou se reposer. Plus facile \u00e0 dire qu\u2019\u00e0 faire lorsque la vie active prend le dessus. Les petites nuits des [...]\" \/>\n<meta property=\"og:url\" content=\"https:\/\/www.pause-au-naturelle.com\/nl\/5-technieken-tegen-donkere-kringen\/\" \/>\n<meta property=\"og:site_name\" content=\"Pause au Naturelle\" \/>\n<meta property=\"article:modified_time\" content=\"2023-06-28T09:32:43+00:00\" \/>\n<meta property=\"og:image\" content=\"https:\/\/www.pause-au-naturelle.com\/wp-content\/uploads\/2024\/05\/logo-pause.webp\" \/>\n\t<meta property=\"og:image:width\" content=\"600\" \/>\n\t<meta property=\"og:image:height\" content=\"171\" \/>\n\t<meta property=\"og:image:type\" content=\"image\/webp\" \/>\n<meta name=\"twitter:card\" content=\"summary_large_image\" \/>\n<meta name=\"twitter:label1\" content=\"Geschatte leestijd\" \/>\n\t<meta name=\"twitter:data1\" content=\"3 minuten\" \/>\n<script type=\"application\/ld+json\" class=\"yoast-schema-graph\">{\"@context\":\"https:\\\/\\\/schema.org\",\"@graph\":[{\"@type\":\"WebPage\",\"@id\":\"https:\\\/\\\/www.pause-au-naturelle.com\\\/5-techniques-pour-lutter-contre-les-cernes\\\/\",\"url\":\"https:\\\/\\\/www.pause-au-naturelle.com\\\/5-techniques-pour-lutter-contre-les-cernes\\\/\",\"name\":\"5 techniques pour lutter contre les cernes - Pause au Naturelle\",\"isPartOf\":{\"@id\":\"https:\\\/\\\/www.pause-au-naturelle.com\\\/#website\"},\"datePublished\":\"2023-06-26T22:13:38+00:00\",\"dateModified\":\"2023-06-28T09:32:43+00:00\",\"inLanguage\":\"nl-NL\",\"potentialAction\":[{\"@type\":\"ReadAction\",\"target\":[\"https:\\\/\\\/www.pause-au-naturelle.com\\\/5-techniques-pour-lutter-contre-les-cernes\\\/\"]}]},{\"@type\":\"WebSite\",\"@id\":\"https:\\\/\\\/www.pause-au-naturelle.com\\\/#website\",\"url\":\"https:\\\/\\\/www.pause-au-naturelle.com\\\/\",\"name\":\"Pause au Naturelle\",\"description\":\"\",\"publisher\":{\"@id\":\"https:\\\/\\\/www.pause-au-naturelle.com\\\/#organization\"},\"potentialAction\":[{\"@type\":\"SearchAction\",\"target\":{\"@type\":\"EntryPoint\",\"urlTemplate\":\"https:\\\/\\\/www.pause-au-naturelle.com\\\/?s={search_term_string}\"},\"query-input\":{\"@type\":\"PropertyValueSpecification\",\"valueRequired\":true,\"valueName\":\"search_term_string\"}}],\"inLanguage\":\"nl-NL\"},{\"@type\":\"Organization\",\"@id\":\"https:\\\/\\\/www.pause-au-naturelle.com\\\/#organization\",\"name\":\"Pause au naturelle\",\"url\":\"https:\\\/\\\/www.pause-au-naturelle.com\\\/\",\"logo\":{\"@type\":\"ImageObject\",\"inLanguage\":\"nl-NL\",\"@id\":\"https:\\\/\\\/www.pause-au-naturelle.com\\\/#\\\/schema\\\/logo\\\/image\\\/\",\"url\":\"https:\\\/\\\/www.pause-au-naturelle.com\\\/wp-content\\\/uploads\\\/2020\\\/06\\\/logo.png\",\"contentUrl\":\"https:\\\/\\\/www.pause-au-naturelle.com\\\/wp-content\\\/uploads\\\/2020\\\/06\\\/logo.png\",\"width\":250,\"height\":250,\"caption\":\"Pause au naturelle\"},\"image\":{\"@id\":\"https:\\\/\\\/www.pause-au-naturelle.com\\\/#\\\/schema\\\/logo\\\/image\\\/\"}}]}<\/script>\n<!-- \/ Yoast SEO plugin. -->","yoast_head_json":{"title":"5 technieken tegen donkere kringen - Pause au Naturelle","robots":{"index":"index","follow":"follow","max-snippet":"max-snippet:-1","max-image-preview":"max-image-preview:large","max-video-preview":"max-video-preview:-1"},"canonical":"https:\/\/www.pause-au-naturelle.com\/nl\/5-technieken-tegen-donkere-kringen\/","og_locale":"nl_NL","og_type":"article","og_title":"5 techniques pour lutter contre les cernes - Pause au Naturelle","og_description":"5 techniques pour lutter contre les cernes Les cernes sont un signe ostentatoire de fatigue. M\u00eame maquill\u00e9es, il est difficile de les faire dispara\u00eetre. La meilleure chose pour les faire dispara\u00eetre, c\u2019est de bien dormir ou se reposer. Plus facile \u00e0 dire qu\u2019\u00e0 faire lorsque la vie active prend le dessus. Les petites nuits des [...]","og_url":"https:\/\/www.pause-au-naturelle.com\/nl\/5-technieken-tegen-donkere-kringen\/","og_site_name":"Pause au Naturelle","article_modified_time":"2023-06-28T09:32:43+00:00","og_image":[{"width":600,"height":171,"url":"https:\/\/www.pause-au-naturelle.com\/wp-content\/uploads\/2024\/05\/logo-pause.webp","type":"image\/webp"}],"twitter_card":"summary_large_image","twitter_misc":{"Geschatte leestijd":"3 minuten"},"schema":{"@context":"https:\/\/schema.org","@graph":[{"@type":"WebPage","@id":"https:\/\/www.pause-au-naturelle.com\/5-techniques-pour-lutter-contre-les-cernes\/","url":"https:\/\/www.pause-au-naturelle.com\/5-techniques-pour-lutter-contre-les-cernes\/","name":"5 technieken tegen donkere kringen - Pause au Naturelle","isPartOf":{"@id":"https:\/\/www.pause-au-naturelle.com\/#website"},"datePublished":"2023-06-26T22:13:38+00:00","dateModified":"2023-06-28T09:32:43+00:00","inLanguage":"nl-NL","potentialAction":[{"@type":"ReadAction","target":["https:\/\/www.pause-au-naturelle.com\/5-techniques-pour-lutter-contre-les-cernes\/"]}]},{"@type":"WebSite","@id":"https:\/\/www.pause-au-naturelle.com\/#website","url":"https:\/\/www.pause-au-naturelle.com\/","name":"Pauze in de natuur","description":"","publisher":{"@id":"https:\/\/www.pause-au-naturelle.com\/#organization"},"potentialAction":[{"@type":"SearchAction","target":{"@type":"EntryPoint","urlTemplate":"https:\/\/www.pause-au-naturelle.com\/?s={search_term_string}"},"query-input":{"@type":"PropertyValueSpecification","valueRequired":true,"valueName":"search_term_string"}}],"inLanguage":"nl-NL"},{"@type":"Organization","@id":"https:\/\/www.pause-au-naturelle.com\/#organization","name":"Een natuurlijke onderbreking","url":"https:\/\/www.pause-au-naturelle.com\/","logo":{"@type":"ImageObject","inLanguage":"nl-NL","@id":"https:\/\/www.pause-au-naturelle.com\/#\/schema\/logo\/image\/","url":"https:\/\/www.pause-au-naturelle.com\/wp-content\/uploads\/2020\/06\/logo.png","contentUrl":"https:\/\/www.pause-au-naturelle.com\/wp-content\/uploads\/2020\/06\/logo.png","width":250,"height":250,"caption":"Pause au naturelle"},"image":{"@id":"https:\/\/www.pause-au-naturelle.com\/#\/schema\/logo\/image\/"}}]}},"_links":{"self":[{"href":"https:\/\/www.pause-au-naturelle.com\/nl\/wp-json\/wp\/v2\/pages\/9301","targetHints":{"allow":["GET"]}}],"collection":[{"href":"https:\/\/www.pause-au-naturelle.com\/nl\/wp-json\/wp\/v2\/pages"}],"about":[{"href":"https:\/\/www.pause-au-naturelle.com\/nl\/wp-json\/wp\/v2\/types\/page"}],"author":[{"embeddable":true,"href":"https:\/\/www.pause-au-naturelle.com\/nl\/wp-json\/wp\/v2\/users\/1"}],"replies":[{"embeddable":true,"href":"https:\/\/www.pause-au-naturelle.com\/nl\/wp-json\/wp\/v2\/comments?post=9301"}],"version-history":[{"count":3,"href":"https:\/\/www.pause-au-naturelle.com\/nl\/wp-json\/wp\/v2\/pages\/9301\/revisions"}],"predecessor-version":[{"id":9312,"href":"https:\/\/www.pause-au-naturelle.com\/nl\/wp-json\/wp\/v2\/pages\/9301\/revisions\/9312"}],"wp:attachment":[{"href":"https:\/\/www.pause-au-naturelle.com\/nl\/wp-json\/wp\/v2\/media?parent=9301"}],"curies":[{"name":"wp","href":"https:\/\/api.w.org\/{rel}","templated":true}]}}