{"id":7469,"date":"2022-10-03T12:04:24","date_gmt":"2022-10-03T12:04:24","guid":{"rendered":"https:\/\/www.pause-au-naturelle.com\/?post_type=product&#038;p=7469"},"modified":"2026-02-17T18:02:04","modified_gmt":"2026-02-17T18:02:04","slug":"textiel-spray-casablanca-250ml-rp-parfums","status":"publish","type":"product","link":"https:\/\/www.pause-au-naturelle.com\/nl\/produit\/spray-textile-casablanca-250ml-rp-parfums\/","title":{"rendered":"Casablanca Textielspray 250ml - Rp Parfums"},"content":{"rendered":"<p>Le spray textile Casablanca avec son appellation identitaire et riche en go\u00fbt pourrait vous faire penser aux plus belles odeurs de nourritures, d\u2019\u00e9pices ou de rose du Maghreb. Comme le fait de march\u00e9 au c\u0153ur d\u2019un souk traditionnel et dit trouver parmi les ar\u00f4mes les r\u00e9jouissant qui soit. Quelque chose qui rappelle la puret\u00e9 ou la propret\u00e9 telle une lessive d\u2019amande douce et de fleur d\u2019oranger.<\/p>\n<p>Ben nous y sommes l\u2019identit\u00e9 du spray textile Casablanca tire toute sa r\u00e9v\u00e9rence de la fleur d\u2019oranger du birigadier.\u00a0L\u2019arbre de l\u2019orange amer qui est connu pour la subtilit\u00e9 de sa fleur tr\u00e8s parfum\u00e9e. Celle qui n\u00e9cessite une tonne de fleur pour produire un litre d\u2019huile distill\u00e9e destin\u00e9e \u00e0 la parfumerie de luxe.<\/p>\n<h2><strong>\u00a0<\/strong><strong>Le d\u00e9sodorisant textile Casablanca\u00a0: aventure au c\u0153ur d\u2019une orangeraie musqu\u00e9e<\/strong><\/h2>\n<p><strong>\u00a0<\/strong><\/p>\n<p>Le d\u00e9sodorisant textile Casablanca se caract\u00e9rise par une odeur suave et tr\u00e8s florale. Un pur d\u00e9lice qui au c\u0153ur du linge ou des draps va d\u00e9licatement d\u00e9poser sa marque sur la lessive que vous venez d\u2019utiliser. Olfactivement parlant, ce d\u00e9sodorisant d\u2019exception d\u00e9gage des notes sucr\u00e9es qui ouvrent l\u2019app\u00e9tit. Il se diffuse au c\u0153ur des fibres tels un l\u00e9ger vent qui transporte l\u2019odeur des agrumes jusqu\u2019aux narines.<\/p>\n<p>&nbsp;<\/p>\n<p>Ensuite, son sillage rafraichissant est confort\u00e9 gr\u00e2ce \u00e0 une odeur de musc blanc caract\u00e9ristique de la collection RP Parfums.<\/p>\n<p>C\u2019est donc toute une ode \u00e0 l\u2019identit\u00e9 marocaine qui se d\u00e9verse au c\u0153ur des armoires. Une odeur tr\u00e8s plaisante qui fait la fiert\u00e9 de ses habitants et qui surtout est tr\u00e8s bien appr\u00e9ci\u00e9 des \u00e9trangers. En marquant sa signature \u00ab\u00a0Dar El Ba\u00efda\u00a0\u00bb, RP Parfums donne des connotations exotiques et de voyage \u00e0 ce d\u00e9sodorisant textile d\u2019exception.<\/p>\n<h3><strong>Une odeur qui perdure au c\u0153ur du linge<\/strong><\/h3>\n<p><strong>\u00a0<\/strong><\/p>\n<p>Nous rappelons aux usagers du d\u00e9sodorisant textile Casablanca que celui-ci s\u2019utilise exclusivement sur les fibres de linge et de coton. La mati\u00e8re ne s\u2019accommode pas du plastique, du cuir et de la soie. Nous reconnaissons d\u2019embl\u00e9e que cette fragrance textile est tr\u00e8s plaisante \u00e0 l\u2019odorat. Certains seraient tent\u00e9s de parfumer l\u2019int\u00e9rieur de la maison avec ce spray. Or, ce n\u2019est pas du tout sa fonction originelle.<\/p>\n<p>Appliquez-le exclusivement pour le textile en veillant \u00e0 le laissez hors de la port\u00e9e des enfants.<\/p>\n<p>En qu\u00eate d\u2019originalit\u00e9 ou d\u2019ar\u00f4me ethnique bien marqu\u00e9, le d\u00e9sodorisant textile Casablanca et sa douce oodeur de fleur d\u2019oranger est une valeur s\u00fbre. Elle permettra aux aficionados de parfums doux d\u2019agrumes de se reconna\u00eetre en explorant leur linge. Gourmand et subtile \u00e0 la fois, son effluve remarquable manifeste la gaiet\u00e9 et le plaisir lorsqu\u2019on le ressent.<\/p>\n<p>&nbsp;<\/p>\n<p>&nbsp;<\/p>\n<p>&nbsp;<\/p>\n<p>&nbsp;<\/p>","protected":false},"excerpt":{"rendered":"<p>Le spray textile Casablanca avec son appellation identitaire et riche en go\u00fbt pourrait vous faire penser aux plus belles odeurs de nourritures, d\u2019\u00e9pices ou de rose du Maghreb. Comme le fait de march\u00e9 au c\u0153ur d\u2019un souk traditionnel et dit trouver parmi les ar\u00f4mes les r\u00e9jouissant qui soit. Quelque chose qui rappelle la puret\u00e9 ou [&#8230;]\n","protected":false},"featured_media":7470,"template":"","meta":[],"product_brand":[],"product_cat":[81,91],"product_tag":[],"class_list":{"0":"post-7469","1":"product","2":"type-product","3":"status-publish","4":"has-post-thumbnail","6":"product_cat-parfum-d-interieur-maison","7":"product_cat-rp-paris","9":"first","10":"outofstock","11":"shipping-taxable","12":"purchasable","13":"product-type-simple"},"yoast_head":"<!-- This site is optimized with the Yoast SEO plugin v27.5 - https:\/\/yoast.com\/product\/yoast-seo-wordpress\/ -->\n<title>Spray textile Casablanca 250ml | RP Parfums | Pause-au-naturelle.com<\/title>\n<meta name=\"description\" content=\"Vivez au rythme de la fra\u00eecheur du Maroc avec le spray textile Casablanca RP Parfums. Fra\u00eecheur et plaisir garanti. 11,90\u20ac.\" \/>\n<meta name=\"robots\" content=\"index, follow, max-snippet:-1, max-image-preview:large, max-video-preview:-1\" \/>\n<link rel=\"canonical\" href=\"https:\/\/www.pause-au-naturelle.com\/nl\/product\/textiel-spray-casablanca-250ml-rp-parfums\/\" \/>\n<meta property=\"og:locale\" content=\"nl_NL\" \/>\n<meta property=\"og:type\" content=\"article\" \/>\n<meta property=\"og:title\" content=\"Spray textile Casablanca 250ml | RP Parfums | Pause-au-naturelle.com\" \/>\n<meta property=\"og:description\" content=\"Vivez au rythme de la fra\u00eecheur du Maroc avec le spray textile Casablanca RP Parfums. Fra\u00eecheur et plaisir garanti. 11,90\u20ac.\" \/>\n<meta property=\"og:url\" content=\"https:\/\/www.pause-au-naturelle.com\/nl\/product\/textiel-spray-casablanca-250ml-rp-parfums\/\" \/>\n<meta property=\"og:site_name\" content=\"Pause au Naturelle\" \/>\n<meta property=\"article:modified_time\" content=\"2026-02-17T18:02:04+00:00\" \/>\n<meta property=\"og:image\" content=\"https:\/\/www.pause-au-naturelle.com\/wp-content\/uploads\/2021\/02\/casablanca-jpg.jpg\" \/>\n\t<meta property=\"og:image:width\" content=\"500\" \/>\n\t<meta property=\"og:image:height\" content=\"500\" \/>\n\t<meta property=\"og:image:type\" content=\"image\/jpeg\" \/>\n<meta name=\"twitter:card\" content=\"summary_large_image\" \/>\n<meta name=\"twitter:label1\" content=\"Geschatte leestijd\" \/>\n\t<meta name=\"twitter:data1\" content=\"2 minuten\" \/>\n<script type=\"application\/ld+json\" class=\"yoast-schema-graph\">{\"@context\":\"https:\\\/\\\/schema.org\",\"@graph\":[{\"@type\":\"WebPage\",\"@id\":\"https:\\\/\\\/www.pause-au-naturelle.com\\\/produit\\\/spray-textile-casablanca-250ml-rp-parfums\\\/\",\"url\":\"https:\\\/\\\/www.pause-au-naturelle.com\\\/produit\\\/spray-textile-casablanca-250ml-rp-parfums\\\/\",\"name\":\"Spray textile Casablanca 250ml | RP Parfums | Pause-au-naturelle.com\",\"isPartOf\":{\"@id\":\"https:\\\/\\\/www.pause-au-naturelle.com\\\/#website\"},\"primaryImageOfPage\":{\"@id\":\"https:\\\/\\\/www.pause-au-naturelle.com\\\/produit\\\/spray-textile-casablanca-250ml-rp-parfums\\\/#primaryimage\"},\"image\":{\"@id\":\"https:\\\/\\\/www.pause-au-naturelle.com\\\/produit\\\/spray-textile-casablanca-250ml-rp-parfums\\\/#primaryimage\"},\"thumbnailUrl\":\"https:\\\/\\\/www.pause-au-naturelle.com\\\/wp-content\\\/uploads\\\/2021\\\/02\\\/casablanca-jpg.jpg\",\"datePublished\":\"2022-10-03T12:04:24+00:00\",\"dateModified\":\"2026-02-17T18:02:04+00:00\",\"description\":\"Vivez au rythme de la fra\u00eecheur du Maroc avec le spray textile Casablanca RP Parfums. Fra\u00eecheur et plaisir garanti. 11,90\u20ac.\",\"breadcrumb\":{\"@id\":\"https:\\\/\\\/www.pause-au-naturelle.com\\\/produit\\\/spray-textile-casablanca-250ml-rp-parfums\\\/#breadcrumb\"},\"inLanguage\":\"nl-NL\",\"potentialAction\":[{\"@type\":\"ReadAction\",\"target\":[\"https:\\\/\\\/www.pause-au-naturelle.com\\\/produit\\\/spray-textile-casablanca-250ml-rp-parfums\\\/\"]}]},{\"@type\":\"ImageObject\",\"inLanguage\":\"nl-NL\",\"@id\":\"https:\\\/\\\/www.pause-au-naturelle.com\\\/produit\\\/spray-textile-casablanca-250ml-rp-parfums\\\/#primaryimage\",\"url\":\"https:\\\/\\\/www.pause-au-naturelle.com\\\/wp-content\\\/uploads\\\/2021\\\/02\\\/casablanca-jpg.jpg\",\"contentUrl\":\"https:\\\/\\\/www.pause-au-naturelle.com\\\/wp-content\\\/uploads\\\/2021\\\/02\\\/casablanca-jpg.jpg\",\"width\":500,\"height\":500,\"caption\":\"spray textile casablanca RP parfums : ar\u00f4me fleur d'oranger\"},{\"@type\":\"BreadcrumbList\",\"@id\":\"https:\\\/\\\/www.pause-au-naturelle.com\\\/produit\\\/spray-textile-casablanca-250ml-rp-parfums\\\/#breadcrumb\",\"itemListElement\":[{\"@type\":\"ListItem\",\"position\":1,\"name\":\"Boutique\",\"item\":\"https:\\\/\\\/www.pause-au-naturelle.com\\\/boutique\\\/\"},{\"@type\":\"ListItem\",\"position\":2,\"name\":\"Spray textile Casablanca 250ml &#8211; Rp Parfums\"}]},{\"@type\":\"WebSite\",\"@id\":\"https:\\\/\\\/www.pause-au-naturelle.com\\\/#website\",\"url\":\"https:\\\/\\\/www.pause-au-naturelle.com\\\/\",\"name\":\"Pause au Naturelle\",\"description\":\"\",\"publisher\":{\"@id\":\"https:\\\/\\\/www.pause-au-naturelle.com\\\/#organization\"},\"potentialAction\":[{\"@type\":\"SearchAction\",\"target\":{\"@type\":\"EntryPoint\",\"urlTemplate\":\"https:\\\/\\\/www.pause-au-naturelle.com\\\/?s={search_term_string}\"},\"query-input\":{\"@type\":\"PropertyValueSpecification\",\"valueRequired\":true,\"valueName\":\"search_term_string\"}}],\"inLanguage\":\"nl-NL\"},{\"@type\":\"Organization\",\"@id\":\"https:\\\/\\\/www.pause-au-naturelle.com\\\/#organization\",\"name\":\"Pause au naturelle\",\"url\":\"https:\\\/\\\/www.pause-au-naturelle.com\\\/\",\"logo\":{\"@type\":\"ImageObject\",\"inLanguage\":\"nl-NL\",\"@id\":\"https:\\\/\\\/www.pause-au-naturelle.com\\\/#\\\/schema\\\/logo\\\/image\\\/\",\"url\":\"https:\\\/\\\/www.pause-au-naturelle.com\\\/wp-content\\\/uploads\\\/2020\\\/06\\\/logo.png\",\"contentUrl\":\"https:\\\/\\\/www.pause-au-naturelle.com\\\/wp-content\\\/uploads\\\/2020\\\/06\\\/logo.png\",\"width\":250,\"height\":250,\"caption\":\"Pause au naturelle\"},\"image\":{\"@id\":\"https:\\\/\\\/www.pause-au-naturelle.com\\\/#\\\/schema\\\/logo\\\/image\\\/\"}}]}<\/script>\n<!-- \/ Yoast SEO plugin. -->","yoast_head_json":{"title":"Spray textiel Casablanca 250ml | RP Parfums | Pause-au-naturelle.com","description":"Ervaar de frisheid van Marokko met RP Parfums Casablanca textielspray. Frisheid en plezier gegarandeerd. 11,90\u20ac.","robots":{"index":"index","follow":"follow","max-snippet":"max-snippet:-1","max-image-preview":"max-image-preview:large","max-video-preview":"max-video-preview:-1"},"canonical":"https:\/\/www.pause-au-naturelle.com\/nl\/product\/textiel-spray-casablanca-250ml-rp-parfums\/","og_locale":"nl_NL","og_type":"article","og_title":"Spray textile Casablanca 250ml | RP Parfums | Pause-au-naturelle.com","og_description":"Vivez au rythme de la fra\u00eecheur du Maroc avec le spray textile Casablanca RP Parfums. Fra\u00eecheur et plaisir garanti. 11,90\u20ac.","og_url":"https:\/\/www.pause-au-naturelle.com\/nl\/product\/textiel-spray-casablanca-250ml-rp-parfums\/","og_site_name":"Pause au Naturelle","article_modified_time":"2026-02-17T18:02:04+00:00","og_image":[{"width":500,"height":500,"url":"https:\/\/www.pause-au-naturelle.com\/wp-content\/uploads\/2021\/02\/casablanca-jpg.jpg","type":"image\/jpeg"}],"twitter_card":"summary_large_image","twitter_misc":{"Geschatte leestijd":"2 minuten"},"schema":{"@context":"https:\/\/schema.org","@graph":[{"@type":"WebPage","@id":"https:\/\/www.pause-au-naturelle.com\/produit\/spray-textile-casablanca-250ml-rp-parfums\/","url":"https:\/\/www.pause-au-naturelle.com\/produit\/spray-textile-casablanca-250ml-rp-parfums\/","name":"Spray textiel Casablanca 250ml | RP Parfums | Pause-au-naturelle.com","isPartOf":{"@id":"https:\/\/www.pause-au-naturelle.com\/#website"},"primaryImageOfPage":{"@id":"https:\/\/www.pause-au-naturelle.com\/produit\/spray-textile-casablanca-250ml-rp-parfums\/#primaryimage"},"image":{"@id":"https:\/\/www.pause-au-naturelle.com\/produit\/spray-textile-casablanca-250ml-rp-parfums\/#primaryimage"},"thumbnailUrl":"https:\/\/www.pause-au-naturelle.com\/wp-content\/uploads\/2021\/02\/casablanca-jpg.jpg","datePublished":"2022-10-03T12:04:24+00:00","dateModified":"2026-02-17T18:02:04+00:00","description":"Ervaar de frisheid van Marokko met RP Parfums Casablanca textielspray. Frisheid en plezier gegarandeerd. 11,90\u20ac.","breadcrumb":{"@id":"https:\/\/www.pause-au-naturelle.com\/produit\/spray-textile-casablanca-250ml-rp-parfums\/#breadcrumb"},"inLanguage":"nl-NL","potentialAction":[{"@type":"ReadAction","target":["https:\/\/www.pause-au-naturelle.com\/produit\/spray-textile-casablanca-250ml-rp-parfums\/"]}]},{"@type":"ImageObject","inLanguage":"nl-NL","@id":"https:\/\/www.pause-au-naturelle.com\/produit\/spray-textile-casablanca-250ml-rp-parfums\/#primaryimage","url":"https:\/\/www.pause-au-naturelle.com\/wp-content\/uploads\/2021\/02\/casablanca-jpg.jpg","contentUrl":"https:\/\/www.pause-au-naturelle.com\/wp-content\/uploads\/2021\/02\/casablanca-jpg.jpg","width":500,"height":500,"caption":"spray textile casablanca RP parfums : ar\u00f4me fleur d'oranger"},{"@type":"BreadcrumbList","@id":"https:\/\/www.pause-au-naturelle.com\/produit\/spray-textile-casablanca-250ml-rp-parfums\/#breadcrumb","itemListElement":[{"@type":"ListItem","position":1,"name":"Boutique","item":"https:\/\/www.pause-au-naturelle.com\/boutique\/"},{"@type":"ListItem","position":2,"name":"Spray textile Casablanca 250ml &#8211; Rp Parfums"}]},{"@type":"WebSite","@id":"https:\/\/www.pause-au-naturelle.com\/#website","url":"https:\/\/www.pause-au-naturelle.com\/","name":"Pauze in de natuur","description":"","publisher":{"@id":"https:\/\/www.pause-au-naturelle.com\/#organization"},"potentialAction":[{"@type":"SearchAction","target":{"@type":"EntryPoint","urlTemplate":"https:\/\/www.pause-au-naturelle.com\/?s={search_term_string}"},"query-input":{"@type":"PropertyValueSpecification","valueRequired":true,"valueName":"search_term_string"}}],"inLanguage":"nl-NL"},{"@type":"Organization","@id":"https:\/\/www.pause-au-naturelle.com\/#organization","name":"Een natuurlijke onderbreking","url":"https:\/\/www.pause-au-naturelle.com\/","logo":{"@type":"ImageObject","inLanguage":"nl-NL","@id":"https:\/\/www.pause-au-naturelle.com\/#\/schema\/logo\/image\/","url":"https:\/\/www.pause-au-naturelle.com\/wp-content\/uploads\/2020\/06\/logo.png","contentUrl":"https:\/\/www.pause-au-naturelle.com\/wp-content\/uploads\/2020\/06\/logo.png","width":250,"height":250,"caption":"Pause au naturelle"},"image":{"@id":"https:\/\/www.pause-au-naturelle.com\/#\/schema\/logo\/image\/"}}]}},"_links":{"self":[{"href":"https:\/\/www.pause-au-naturelle.com\/nl\/wp-json\/wp\/v2\/product\/7469","targetHints":{"allow":["GET"]}}],"collection":[{"href":"https:\/\/www.pause-au-naturelle.com\/nl\/wp-json\/wp\/v2\/product"}],"about":[{"href":"https:\/\/www.pause-au-naturelle.com\/nl\/wp-json\/wp\/v2\/types\/product"}],"wp:featuredmedia":[{"embeddable":true,"href":"https:\/\/www.pause-au-naturelle.com\/nl\/wp-json\/wp\/v2\/media\/7470"}],"wp:attachment":[{"href":"https:\/\/www.pause-au-naturelle.com\/nl\/wp-json\/wp\/v2\/media?parent=7469"}],"wp:term":[{"taxonomy":"product_brand","embeddable":true,"href":"https:\/\/www.pause-au-naturelle.com\/nl\/wp-json\/wp\/v2\/product_brand?post=7469"},{"taxonomy":"product_cat","embeddable":true,"href":"https:\/\/www.pause-au-naturelle.com\/nl\/wp-json\/wp\/v2\/product_cat?post=7469"},{"taxonomy":"product_tag","embeddable":true,"href":"https:\/\/www.pause-au-naturelle.com\/nl\/wp-json\/wp\/v2\/product_tag?post=7469"}],"curies":[{"name":"wp","href":"https:\/\/api.w.org\/{rel}","templated":true}]}}