{"id":7849,"date":"2024-06-15T09:30:04","date_gmt":"2024-06-15T09:30:04","guid":{"rendered":"https:\/\/www.pause-au-naturelle.com\/?post_type=product&#038;p=7849"},"modified":"2026-04-16T15:50:01","modified_gmt":"2026-04-16T15:50:01","slug":"ghassoul-kleibrokken-100g","status":"publish","type":"product","link":"https:\/\/www.pause-au-naturelle.com\/nl\/produit\/ghassoul-argile-en-morceaux-100g\/","title":{"rendered":"Ghassoul in stukjes 100g"},"content":{"rendered":"<p>D\u00e9couvrez notre ghassoul argile en morceaux au c\u0153ur de notre boutique en ligne. Vendu en morceaux, il ne vous manque plus qu&rsquo;\u00e0 la m\u00e9langer \u00e0 d&rsquo;autres produits naturels pour \u00a0l&rsquo;appliquer sur le corps et le visage.<\/p>\n<h2><strong>Ghassoul klei en de vele voordelen voor de huid<\/strong><\/h2>\n<p>Scientifiquement parlant, le ghassoul est une argile naturelle. Il se compose de provitamines et d\u2019oligo-\u00e9l\u00e9ments, de fer, de potassium, de magn\u00e9sium, mais aussi de silicium ou de sodium. Il est visiblement d\u2019origine min\u00e9rale. \u00a0G\u00e9ographiquement,on retrouve le ghassoul en grande quantit\u00e9 au Maroc dans la r\u00e9gion de Midlet. Cette argile provient plus pr\u00e9cis\u00e9ment des terres volcaniques du pays. Notamment au niveau de gisements du Moyen Atlas. Le ghassoul s\u2019est rapidement export\u00e9 partout dans le monde de par ses multiples bienfaits pour la peau. Les premi\u00e8res utilisations en tant que soin esth\u00e9tique remontent m\u00eame \u00e0 des si\u00e8cles.<\/p>\n<h2><strong>Le rhassoul, des origines lointaines\u2026<\/strong><\/h2>\n<p>Le ghassoul servait d\u2019ores et d\u00e9j\u00e0 de soins pour le corps depuis le Moyen \u00c2ge. Il est aujourd\u2019hui tr\u00e8s sollicit\u00e9 au Moyen Orient gr\u00e2ce \u00e0 l\u2019export du mode d\u2019exportation culturel marocain et les nouvelles normes halal en mati\u00e8re de cosm\u00e9tique. L\u2019argile faisait m\u00eame office de v\u00e9ritable tradition orientale. En effet, elle investissait les grands hammams de l\u2019\u00e9poque. Ces lieux sacr\u00e9s utilisaient le ghassoul au m\u00eame titre que le savon noir et le gant en crin pour se purifier.<\/p>\n<p>D\u2019ailleurs, \u00e0 ce jour, il existe dans le cadre des produits du rituel du hammam des gammes sp\u00e9ciales de ghassoul enrichi au savon beldi et l\u2019<strong><a href=\"https:\/\/www.pause-au-naturelle.com\/nl\/product\/arganolie-cosmetica\/\">huile d\u2019argan cosm\u00e9tique pure<\/a><\/strong>. Cette formule unique permet \u00e0 la fois de <a href=\"https:\/\/www.pause-au-naturelle.com\/nl\/product\/ghassoul-met-nila\/\">purifier et d\u2019hydrater la peau en profondeur<\/a>.<\/p>\n<p>Le ghassoul argile est, par la suite, devenu un ingr\u00e9dient naturel tr\u00e8s pris\u00e9. On le retrouve dans presque tous les grands march\u00e9s du royaume ch\u00e9rifien. Chaque r\u00e9gion adoptera un mode d\u2019utilisation propre selon les effets escompt\u00e9s. Au Maroc, par exemple, le ghassoul constitue un cadeau symbolique pour les mari\u00e9s.<\/p>\n<p>Cette argile naturelle est notamment r\u00e9put\u00e9e pour ses vertus pour la peau. Pour information, elle apporte aussi de nombreux bienfaits pour les cheveux et le cuir chevelu. Cet ingr\u00e9dient est vendu sous diff\u00e9rentes formes. Il y aura entre autres le <strong>ghassoul in stukken<\/strong>, en poudre et m\u00eame des formules pr\u00e9fabriqu\u00e9es disponibles en flacon. En effet, quelques pr\u00e9paratifs sont requis avant d\u2019appliquer ce produit naturel sur le corps.<\/p>\n<h3><strong>Comment le ghassoul agit sur la peau\u00a0?<\/strong><\/h3>\n<p>Les bienfaits du ghassoul sont plus remarquables sur la peau. Ce produit naturel est recommand\u00e9 en toutes circonstances, pour des soins quotidiens ou encore en cas de maladie. Il contribue surtout au maintien de l\u2019\u00e9quilibre de la peau. En effet, il poss\u00e8de des propri\u00e9t\u00e9s de r\u00e9gulation du PH de la peau. En cons\u00e9quence, il agit efficacement contre l\u2019exc\u00e8s de s\u00e9bum et autres mati\u00e8res grasses.<\/p>\n<p>Le ghassoul argile est aussi un rem\u00e8de efficace pour les peaux atteintes de diff\u00e9rentes inflammations. Il se destine par exemple aux peaux ternes. Ce produit naturel les revigore gr\u00e2ce \u00e0 ses capacit\u00e9s de r\u00e9g\u00e9n\u00e9ration et d\u2019\u00e9claircissement impressionnantes. Sur une peau acn\u00e9ique, le ghassoul nettoie les points noirs ainsi que d\u2019autres taches ind\u00e9sirables.<\/p>\n<p>Il y aura diff\u00e9rentes techniques d\u2019utilisation du ghassoul en fonction des circonstances. Le produit est souvent appliqu\u00e9 en tant que masque. Il est utilis\u00e9 lors du gommage ou directement du nettoyage de la peau. Le ghassoul aura g\u00e9n\u00e9ralement besoin d\u2019\u00eatre m\u00e9lang\u00e9 avec d\u2019autres ingr\u00e9dients.<\/p>\n<h3><strong>La recette parfaite de ghassoul pour des r\u00e9sultats garantis<\/strong><\/h3>\n<p>Certes, il y aura des produits \u00e0 base de ghassoul argile pr\u00eats \u00e0 l\u2019emploi vendus en boutique. Toutefois, il est possible de concocter sa propre recette en achetant cet ingr\u00e9dient naturel \u00e0 l\u2019\u00e9tat brut, en poudre ou en morceaux.<\/p>\n<p>La pr\u00e9paration a notamment pour objectif d\u2019obtenir une p\u00e2te visqueuse et en faire un masque. Pour ce faire, le ghassoul sera m\u00e9lang\u00e9 avec du miel, du jus de citron ou encore du caf\u00e9. L\u2019essentiel est d\u2019obtenir la texture parfaite, \u00e0 mi-chemin entre l\u2019\u00e9tat liquide et solide.<\/p>\n<p>Le masque sera \u00e0 appliquer sur les zones du corps \u00e0 traiter. Ces derni\u00e8res devront seulement \u00eatre propres et s\u00e8ches. Le ghassoul aura besoin de 10 \u00e0 15 minutes pour agir. Il sera par la suite enlev\u00e9 par rin\u00e7age \u00e0 l\u2019eau ti\u00e8de. Pour information, ce produit naturel est plut\u00f4t collant, difficile \u00e0 enlever. Proc\u00e9dez-donc \u00e0 l\u2019aide d\u2019un gant et de l\u2019eau chaude pour retirer les couches. Enfin, rincez \u00e0 l\u2019eau claire.<\/p>\n<p>Votre peau est \u00e9clatante et respire \u00e0 nouveau. Il ne vous manque plus qu\u2019\u00e0 la r\u00e9hydratez. Vous constaterez remarquablement que les points noirs ont disparu de votre visage.<\/p>","protected":false},"excerpt":{"rendered":"<p>D\u00e9couvrez notre ghassoul argile en morceaux au c\u0153ur de notre boutique en ligne. Vendu en morceaux, il ne vous manque plus qu&rsquo;\u00e0 la m\u00e9langer \u00e0 d&rsquo;autres produits naturels pour \u00a0l&rsquo;appliquer sur le corps et le visage. Le ghassoul argile et ses multiples bienfaits pour la peau Scientifiquement parlant, le ghassoul est une argile naturelle. Il [&#8230;]\n","protected":false},"featured_media":10701,"template":"","meta":[],"product_brand":[],"product_cat":[61,87],"product_tag":[],"class_list":{"0":"post-7849","1":"product","2":"type-product","3":"status-publish","4":"has-post-thumbnail","6":"product_cat-beaute-hygiene","7":"product_cat-produit-pour-acne","9":"first","10":"instock","11":"shipping-taxable","12":"purchasable","13":"product-type-simple"},"yoast_head":"<!-- This site is optimized with the Yoast SEO plugin v27.5 - https:\/\/yoast.com\/product\/yoast-seo-wordpress\/ -->\n<title>Ghassoul argile en morceaux 100g | Bienfaits nombreux<\/title>\n<meta name=\"description\" content=\"Le ghassoul argile en morceaux s&#039;utilise sur le corps ou en masque capillaire. Il r\u00e9gule le PH des cheveux et de la peau.\" \/>\n<meta name=\"robots\" content=\"index, follow, max-snippet:-1, max-image-preview:large, max-video-preview:-1\" \/>\n<link rel=\"canonical\" href=\"https:\/\/www.pause-au-naturelle.com\/nl\/product\/ghassoul-kleibrokken-100g\/\" \/>\n<meta property=\"og:locale\" content=\"nl_NL\" \/>\n<meta property=\"og:type\" content=\"article\" \/>\n<meta property=\"og:title\" content=\"Ghassoul argile en morceaux 100g | Bienfaits nombreux\" \/>\n<meta property=\"og:description\" content=\"Le ghassoul argile en morceaux s&#039;utilise sur le corps ou en masque capillaire. Il r\u00e9gule le PH des cheveux et de la peau.\" \/>\n<meta property=\"og:url\" content=\"https:\/\/www.pause-au-naturelle.com\/nl\/product\/ghassoul-kleibrokken-100g\/\" \/>\n<meta property=\"og:site_name\" content=\"Pause au Naturelle\" \/>\n<meta property=\"article:modified_time\" content=\"2026-04-16T15:50:01+00:00\" \/>\n<meta property=\"og:image\" content=\"https:\/\/www.pause-au-naturelle.com\/wp-content\/uploads\/2020\/06\/ghassoul-en-morceaux.jpg\" \/>\n\t<meta property=\"og:image:width\" content=\"600\" \/>\n\t<meta property=\"og:image:height\" content=\"600\" \/>\n\t<meta property=\"og:image:type\" content=\"image\/jpeg\" \/>\n<meta name=\"twitter:card\" content=\"summary_large_image\" \/>\n<meta name=\"twitter:label1\" content=\"Geschatte leestijd\" \/>\n\t<meta name=\"twitter:data1\" content=\"4 minuten\" \/>\n<script type=\"application\/ld+json\" class=\"yoast-schema-graph\">{\"@context\":\"https:\\\/\\\/schema.org\",\"@graph\":[{\"@type\":\"WebPage\",\"@id\":\"https:\\\/\\\/www.pause-au-naturelle.com\\\/produit\\\/ghassoul-argile-en-morceaux-100g\\\/\",\"url\":\"https:\\\/\\\/www.pause-au-naturelle.com\\\/produit\\\/ghassoul-argile-en-morceaux-100g\\\/\",\"name\":\"Ghassoul argile en morceaux 100g | Bienfaits nombreux\",\"isPartOf\":{\"@id\":\"https:\\\/\\\/www.pause-au-naturelle.com\\\/#website\"},\"primaryImageOfPage\":{\"@id\":\"https:\\\/\\\/www.pause-au-naturelle.com\\\/produit\\\/ghassoul-argile-en-morceaux-100g\\\/#primaryimage\"},\"image\":{\"@id\":\"https:\\\/\\\/www.pause-au-naturelle.com\\\/produit\\\/ghassoul-argile-en-morceaux-100g\\\/#primaryimage\"},\"thumbnailUrl\":\"https:\\\/\\\/www.pause-au-naturelle.com\\\/wp-content\\\/uploads\\\/2020\\\/06\\\/ghassoul-en-morceaux.jpg\",\"datePublished\":\"2024-06-15T09:30:04+00:00\",\"dateModified\":\"2026-04-16T15:50:01+00:00\",\"description\":\"Le ghassoul argile en morceaux s'utilise sur le corps ou en masque capillaire. Il r\u00e9gule le PH des cheveux et de la peau.\",\"breadcrumb\":{\"@id\":\"https:\\\/\\\/www.pause-au-naturelle.com\\\/produit\\\/ghassoul-argile-en-morceaux-100g\\\/#breadcrumb\"},\"inLanguage\":\"nl-NL\",\"potentialAction\":[{\"@type\":\"ReadAction\",\"target\":[\"https:\\\/\\\/www.pause-au-naturelle.com\\\/produit\\\/ghassoul-argile-en-morceaux-100g\\\/\"]}]},{\"@type\":\"ImageObject\",\"inLanguage\":\"nl-NL\",\"@id\":\"https:\\\/\\\/www.pause-au-naturelle.com\\\/produit\\\/ghassoul-argile-en-morceaux-100g\\\/#primaryimage\",\"url\":\"https:\\\/\\\/www.pause-au-naturelle.com\\\/wp-content\\\/uploads\\\/2020\\\/06\\\/ghassoul-en-morceaux.jpg\",\"contentUrl\":\"https:\\\/\\\/www.pause-au-naturelle.com\\\/wp-content\\\/uploads\\\/2020\\\/06\\\/ghassoul-en-morceaux.jpg\",\"width\":600,\"height\":600,\"caption\":\"Ghassoul en morceaux 100g\"},{\"@type\":\"BreadcrumbList\",\"@id\":\"https:\\\/\\\/www.pause-au-naturelle.com\\\/produit\\\/ghassoul-argile-en-morceaux-100g\\\/#breadcrumb\",\"itemListElement\":[{\"@type\":\"ListItem\",\"position\":1,\"name\":\"Boutique\",\"item\":\"https:\\\/\\\/www.pause-au-naturelle.com\\\/boutique\\\/\"},{\"@type\":\"ListItem\",\"position\":2,\"name\":\"Ghassoul en morceaux 100g\"}]},{\"@type\":\"WebSite\",\"@id\":\"https:\\\/\\\/www.pause-au-naturelle.com\\\/#website\",\"url\":\"https:\\\/\\\/www.pause-au-naturelle.com\\\/\",\"name\":\"Pause au Naturelle\",\"description\":\"\",\"publisher\":{\"@id\":\"https:\\\/\\\/www.pause-au-naturelle.com\\\/#organization\"},\"potentialAction\":[{\"@type\":\"SearchAction\",\"target\":{\"@type\":\"EntryPoint\",\"urlTemplate\":\"https:\\\/\\\/www.pause-au-naturelle.com\\\/?s={search_term_string}\"},\"query-input\":{\"@type\":\"PropertyValueSpecification\",\"valueRequired\":true,\"valueName\":\"search_term_string\"}}],\"inLanguage\":\"nl-NL\"},{\"@type\":\"Organization\",\"@id\":\"https:\\\/\\\/www.pause-au-naturelle.com\\\/#organization\",\"name\":\"Pause au naturelle\",\"url\":\"https:\\\/\\\/www.pause-au-naturelle.com\\\/\",\"logo\":{\"@type\":\"ImageObject\",\"inLanguage\":\"nl-NL\",\"@id\":\"https:\\\/\\\/www.pause-au-naturelle.com\\\/#\\\/schema\\\/logo\\\/image\\\/\",\"url\":\"https:\\\/\\\/www.pause-au-naturelle.com\\\/wp-content\\\/uploads\\\/2020\\\/06\\\/logo.png\",\"contentUrl\":\"https:\\\/\\\/www.pause-au-naturelle.com\\\/wp-content\\\/uploads\\\/2020\\\/06\\\/logo.png\",\"width\":250,\"height\":250,\"caption\":\"Pause au naturelle\"},\"image\":{\"@id\":\"https:\\\/\\\/www.pause-au-naturelle.com\\\/#\\\/schema\\\/logo\\\/image\\\/\"}}]}<\/script>\n<!-- \/ Yoast SEO plugin. -->","yoast_head_json":{"title":"Ghassoul klei brokken 100g | Talrijke voordelen","description":"Grove ghassoul klei kan worden gebruikt op het lichaam of als haarmasker. Het reguleert de PH van het haar en de huid.","robots":{"index":"index","follow":"follow","max-snippet":"max-snippet:-1","max-image-preview":"max-image-preview:large","max-video-preview":"max-video-preview:-1"},"canonical":"https:\/\/www.pause-au-naturelle.com\/nl\/product\/ghassoul-kleibrokken-100g\/","og_locale":"nl_NL","og_type":"article","og_title":"Ghassoul argile en morceaux 100g | Bienfaits nombreux","og_description":"Le ghassoul argile en morceaux s'utilise sur le corps ou en masque capillaire. Il r\u00e9gule le PH des cheveux et de la peau.","og_url":"https:\/\/www.pause-au-naturelle.com\/nl\/product\/ghassoul-kleibrokken-100g\/","og_site_name":"Pause au Naturelle","article_modified_time":"2026-04-16T15:50:01+00:00","og_image":[{"width":600,"height":600,"url":"https:\/\/www.pause-au-naturelle.com\/wp-content\/uploads\/2020\/06\/ghassoul-en-morceaux.jpg","type":"image\/jpeg"}],"twitter_card":"summary_large_image","twitter_misc":{"Geschatte leestijd":"4 minuten"},"schema":{"@context":"https:\/\/schema.org","@graph":[{"@type":"WebPage","@id":"https:\/\/www.pause-au-naturelle.com\/produit\/ghassoul-argile-en-morceaux-100g\/","url":"https:\/\/www.pause-au-naturelle.com\/produit\/ghassoul-argile-en-morceaux-100g\/","name":"Ghassoul klei brokken 100g | Talrijke voordelen","isPartOf":{"@id":"https:\/\/www.pause-au-naturelle.com\/#website"},"primaryImageOfPage":{"@id":"https:\/\/www.pause-au-naturelle.com\/produit\/ghassoul-argile-en-morceaux-100g\/#primaryimage"},"image":{"@id":"https:\/\/www.pause-au-naturelle.com\/produit\/ghassoul-argile-en-morceaux-100g\/#primaryimage"},"thumbnailUrl":"https:\/\/www.pause-au-naturelle.com\/wp-content\/uploads\/2020\/06\/ghassoul-en-morceaux.jpg","datePublished":"2024-06-15T09:30:04+00:00","dateModified":"2026-04-16T15:50:01+00:00","description":"Grove ghassoul klei kan worden gebruikt op het lichaam of als haarmasker. Het reguleert de PH van het haar en de huid.","breadcrumb":{"@id":"https:\/\/www.pause-au-naturelle.com\/produit\/ghassoul-argile-en-morceaux-100g\/#breadcrumb"},"inLanguage":"nl-NL","potentialAction":[{"@type":"ReadAction","target":["https:\/\/www.pause-au-naturelle.com\/produit\/ghassoul-argile-en-morceaux-100g\/"]}]},{"@type":"ImageObject","inLanguage":"nl-NL","@id":"https:\/\/www.pause-au-naturelle.com\/produit\/ghassoul-argile-en-morceaux-100g\/#primaryimage","url":"https:\/\/www.pause-au-naturelle.com\/wp-content\/uploads\/2020\/06\/ghassoul-en-morceaux.jpg","contentUrl":"https:\/\/www.pause-au-naturelle.com\/wp-content\/uploads\/2020\/06\/ghassoul-en-morceaux.jpg","width":600,"height":600,"caption":"Ghassoul en morceaux 100g"},{"@type":"BreadcrumbList","@id":"https:\/\/www.pause-au-naturelle.com\/produit\/ghassoul-argile-en-morceaux-100g\/#breadcrumb","itemListElement":[{"@type":"ListItem","position":1,"name":"Boutique","item":"https:\/\/www.pause-au-naturelle.com\/boutique\/"},{"@type":"ListItem","position":2,"name":"Ghassoul en morceaux 100g"}]},{"@type":"WebSite","@id":"https:\/\/www.pause-au-naturelle.com\/#website","url":"https:\/\/www.pause-au-naturelle.com\/","name":"Pauze in de natuur","description":"","publisher":{"@id":"https:\/\/www.pause-au-naturelle.com\/#organization"},"potentialAction":[{"@type":"SearchAction","target":{"@type":"EntryPoint","urlTemplate":"https:\/\/www.pause-au-naturelle.com\/?s={search_term_string}"},"query-input":{"@type":"PropertyValueSpecification","valueRequired":true,"valueName":"search_term_string"}}],"inLanguage":"nl-NL"},{"@type":"Organization","@id":"https:\/\/www.pause-au-naturelle.com\/#organization","name":"Een natuurlijke onderbreking","url":"https:\/\/www.pause-au-naturelle.com\/","logo":{"@type":"ImageObject","inLanguage":"nl-NL","@id":"https:\/\/www.pause-au-naturelle.com\/#\/schema\/logo\/image\/","url":"https:\/\/www.pause-au-naturelle.com\/wp-content\/uploads\/2020\/06\/logo.png","contentUrl":"https:\/\/www.pause-au-naturelle.com\/wp-content\/uploads\/2020\/06\/logo.png","width":250,"height":250,"caption":"Pause au naturelle"},"image":{"@id":"https:\/\/www.pause-au-naturelle.com\/#\/schema\/logo\/image\/"}}]}},"_links":{"self":[{"href":"https:\/\/www.pause-au-naturelle.com\/nl\/wp-json\/wp\/v2\/product\/7849","targetHints":{"allow":["GET"]}}],"collection":[{"href":"https:\/\/www.pause-au-naturelle.com\/nl\/wp-json\/wp\/v2\/product"}],"about":[{"href":"https:\/\/www.pause-au-naturelle.com\/nl\/wp-json\/wp\/v2\/types\/product"}],"wp:featuredmedia":[{"embeddable":true,"href":"https:\/\/www.pause-au-naturelle.com\/nl\/wp-json\/wp\/v2\/media\/10701"}],"wp:attachment":[{"href":"https:\/\/www.pause-au-naturelle.com\/nl\/wp-json\/wp\/v2\/media?parent=7849"}],"wp:term":[{"taxonomy":"product_brand","embeddable":true,"href":"https:\/\/www.pause-au-naturelle.com\/nl\/wp-json\/wp\/v2\/product_brand?post=7849"},{"taxonomy":"product_cat","embeddable":true,"href":"https:\/\/www.pause-au-naturelle.com\/nl\/wp-json\/wp\/v2\/product_cat?post=7849"},{"taxonomy":"product_tag","embeddable":true,"href":"https:\/\/www.pause-au-naturelle.com\/nl\/wp-json\/wp\/v2\/product_tag?post=7849"}],"curies":[{"name":"wp","href":"https:\/\/api.w.org\/{rel}","templated":true}]}}