{"id":8562,"date":"2023-01-20T12:16:49","date_gmt":"2023-01-20T12:16:49","guid":{"rendered":"https:\/\/www.pause-au-naturelle.com\/?post_type=product&#038;p=8562"},"modified":"2026-02-09T13:17:42","modified_gmt":"2026-02-09T13:17:42","slug":"sultan-ambar-groene-thee-zaad-100-g","status":"publish","type":"product","link":"https:\/\/www.pause-au-naturelle.com\/nl\/produit\/graine-de-the-vert-sultan-ambar-100-g\/","title":{"rendered":"Sultan Ambar zaad thee 100g"},"content":{"rendered":"<p>La p\u00e9riode du Ramadan est pour nous un instant de plaisir o\u00f9 le th\u00e9 coule \u00e0 flot. Dans ce moment de d\u00e9licatesse, nous avons trouv\u00e9 opportun de r\u00e9f\u00e9rencer les graines de th\u00e9 vert Sultan qualit\u00e9 Anbar. Une marque 100% marocaine \u00e9labor\u00e9e avec d\u00e9licatesse \u00e0 partir de th\u00e9 vert de Chine qui don e un go\u00fbt si intense et d\u00e9licieux au th\u00e9 \u00e0 la menthe.<\/p>\n<p>Chez Pause au Naturelle, vous allez vous rappeler de nous d\u00e8s l&rsquo;instant o\u00f9 vous retournerez le th\u00e9 pour le servir. Un produit cher \u00e0 nos yeux qu&rsquo;il est difficile de trouver dans certaines villes de France. C&rsquo;est donc pour r\u00e9pondre \u00e0 la demande du march\u00e9 qui pointe hors stock que nous avons d\u00e9cid\u00e9 de le r\u00e9f\u00e9rencer au coeur de notre boutique.<\/p>\n<h2><strong>Le th\u00e9 Sultan Ambar : une r\u00e9f\u00e9rence incontest\u00e9e pour pr\u00e9parer le th\u00e9<\/strong><\/h2>\n<p>Combien de fois vous est-il arriver \u00e0 la boucherie halal ou l&rsquo;\u00e9picerie orientale de vous rabattre sur une autre bo\u00eete car les graines \u00e0 th\u00e9 vert Sultan manquait \u00e0 l&rsquo;appel. Nous avons tous du faire des concessions en piochant sur des bo\u00eetes qui comportent des chiffres mais dont on ne se souvient m\u00eame plus de la marque.<\/p>\n<p>En revanche, Sultan, c&rsquo;est une aventure qui dure depuis 1936 que la diaspora conserve dans son coeur qu&rsquo;elle soit en France, en Belgique, Hollande ou au Canada. Le th\u00e9 \u00e9tant une institution au Maroc, chaque ambassadeur de sa culture se doit de l&rsquo;honorer \u00e0 l&rsquo;aide de graines de qualit\u00e9 sup\u00e9rieur. Ce n&rsquo;est d&rsquo;ailleurs pas au hasard si la marque Sultan prend \u00e9norm\u00e9ment de place sur les spots t\u00e9l\u00e9vis\u00e9s des cha\u00eenes locales. Avec ce th\u00e9 , vous aller tout particuli\u00e8rement appr\u00e9cier le fait de lever la th\u00e9i\u00e8re tout en sentant la saveur fra\u00eeche et menthol\u00e9e se diffuser sous vos narines.<\/p>\n<h2><strong>Une mani\u00e8re de vous r\u00e9compenser \u00e0 l&rsquo;heure du go\u00fbter<\/strong><\/h2>\n<p>Au Maroc, il n&rsquo;y a pas d&rsquo;heure pour boire le th\u00e9. En France, on s&rsquo;offre ce moment de plaisir quand on rentre du boulot pour d\u00e9compresser ainsi que le week-end en famille. En commercialisant au coeur de notre site web, les graines de th\u00e9 vert Sultan Ambar, notre t\u00e2che consiste \u00e0 vous montrer que nous sommes \u00e0 vos c\u00f4t\u00e9s en tachant d&rsquo;am\u00e9liorer notre catalogue produit \u00e0 l&rsquo;aide de produits alimentaires marocains qui vous sont chers.<\/p>\n<p>Permettre \u00e0 chacun de savourer cet instant de d\u00e9tente \u00e0 l&rsquo;aide de graines \u00e0 th\u00e9 d&rsquo;excellente qualit\u00e9 est un honneur pour nous. Comme \u00e0 votre habitude, il vous suffira de s\u00e9lectionner la meilleure menthe, de doser savamment le sucre puis de laisser reposer le th\u00e9 en suivant tout son rituel en exhibant vos plus beaux services et votre table orn\u00e9es de douceurs comme vous savez si bien les faire.<\/p>","protected":false},"excerpt":{"rendered":"<p>La p\u00e9riode du Ramadan est pour nous un instant de plaisir o\u00f9 le th\u00e9 coule \u00e0 flot. Dans ce moment de d\u00e9licatesse, nous avons trouv\u00e9 opportun de r\u00e9f\u00e9rencer les graines de th\u00e9 vert Sultan qualit\u00e9 Anbar. Une marque 100% marocaine \u00e9labor\u00e9e avec d\u00e9licatesse \u00e0 partir de th\u00e9 vert de Chine qui don e un go\u00fbt [&#8230;]\n","protected":false},"featured_media":10591,"template":"","meta":[],"product_brand":[],"product_cat":[80,99],"product_tag":[],"class_list":{"0":"post-8562","1":"product","2":"type-product","3":"status-publish","4":"has-post-thumbnail","6":"product_cat-epicerie-marocaine-en-ligne","7":"product_cat-the-sultan","9":"first","10":"instock","11":"shipping-taxable","12":"purchasable","13":"product-type-simple"},"yoast_head":"<!-- This site is optimized with the Yoast SEO plugin v27.5 - https:\/\/yoast.com\/product\/yoast-seo-wordpress\/ -->\n<title>Th\u00e9 Sultan graine Ambar 100g | Pause-au-naturelle.com<\/title>\n<meta name=\"description\" content=\"Ici, commander et acheter en ligne les graines de th\u00e9 vert Sultan Ambar, l&#039;unes des leilleures qualit\u00e9 pour appr\u00e9cier le th\u00e9 marocain\" \/>\n<meta name=\"robots\" content=\"index, follow, max-snippet:-1, max-image-preview:large, max-video-preview:-1\" \/>\n<link rel=\"canonical\" href=\"https:\/\/www.pause-au-naturelle.com\/nl\/product\/sultan-ambar-groene-thee-zaad-100-g\/\" \/>\n<meta property=\"og:locale\" content=\"nl_NL\" \/>\n<meta property=\"og:type\" content=\"article\" \/>\n<meta property=\"og:title\" content=\"Th\u00e9 Sultan graine Ambar 100g | Pause-au-naturelle.com\" \/>\n<meta property=\"og:description\" content=\"Ici, commander et acheter en ligne les graines de th\u00e9 vert Sultan Ambar, l&#039;unes des leilleures qualit\u00e9 pour appr\u00e9cier le th\u00e9 marocain\" \/>\n<meta property=\"og:url\" content=\"https:\/\/www.pause-au-naturelle.com\/nl\/product\/sultan-ambar-groene-thee-zaad-100-g\/\" \/>\n<meta property=\"og:site_name\" content=\"Pause au Naturelle\" \/>\n<meta property=\"article:modified_time\" content=\"2026-02-09T13:17:42+00:00\" \/>\n<meta property=\"og:image\" content=\"https:\/\/www.pause-au-naturelle.com\/wp-content\/uploads\/2023\/01\/the-sultan-grain-ambar.jpg\" \/>\n\t<meta property=\"og:image:width\" content=\"600\" \/>\n\t<meta property=\"og:image:height\" content=\"600\" \/>\n\t<meta property=\"og:image:type\" content=\"image\/jpeg\" \/>\n<meta name=\"twitter:card\" content=\"summary_large_image\" \/>\n<meta name=\"twitter:label1\" content=\"Geschatte leestijd\" \/>\n\t<meta name=\"twitter:data1\" content=\"3 minuten\" \/>\n<script type=\"application\/ld+json\" class=\"yoast-schema-graph\">{\"@context\":\"https:\\\/\\\/schema.org\",\"@graph\":[{\"@type\":\"WebPage\",\"@id\":\"https:\\\/\\\/www.pause-au-naturelle.com\\\/produit\\\/graine-de-the-vert-sultan-ambar-100-g\\\/\",\"url\":\"https:\\\/\\\/www.pause-au-naturelle.com\\\/produit\\\/graine-de-the-vert-sultan-ambar-100-g\\\/\",\"name\":\"Th\u00e9 Sultan graine Ambar 100g | Pause-au-naturelle.com\",\"isPartOf\":{\"@id\":\"https:\\\/\\\/www.pause-au-naturelle.com\\\/#website\"},\"primaryImageOfPage\":{\"@id\":\"https:\\\/\\\/www.pause-au-naturelle.com\\\/produit\\\/graine-de-the-vert-sultan-ambar-100-g\\\/#primaryimage\"},\"image\":{\"@id\":\"https:\\\/\\\/www.pause-au-naturelle.com\\\/produit\\\/graine-de-the-vert-sultan-ambar-100-g\\\/#primaryimage\"},\"thumbnailUrl\":\"https:\\\/\\\/www.pause-au-naturelle.com\\\/wp-content\\\/uploads\\\/2023\\\/01\\\/the-sultan-grain-ambar.jpg\",\"datePublished\":\"2023-01-20T12:16:49+00:00\",\"dateModified\":\"2026-02-09T13:17:42+00:00\",\"description\":\"Ici, commander et acheter en ligne les graines de th\u00e9 vert Sultan Ambar, l'unes des leilleures qualit\u00e9 pour appr\u00e9cier le th\u00e9 marocain\",\"breadcrumb\":{\"@id\":\"https:\\\/\\\/www.pause-au-naturelle.com\\\/produit\\\/graine-de-the-vert-sultan-ambar-100-g\\\/#breadcrumb\"},\"inLanguage\":\"nl-NL\",\"potentialAction\":[{\"@type\":\"ReadAction\",\"target\":[\"https:\\\/\\\/www.pause-au-naturelle.com\\\/produit\\\/graine-de-the-vert-sultan-ambar-100-g\\\/\"]}]},{\"@type\":\"ImageObject\",\"inLanguage\":\"nl-NL\",\"@id\":\"https:\\\/\\\/www.pause-au-naturelle.com\\\/produit\\\/graine-de-the-vert-sultan-ambar-100-g\\\/#primaryimage\",\"url\":\"https:\\\/\\\/www.pause-au-naturelle.com\\\/wp-content\\\/uploads\\\/2023\\\/01\\\/the-sultan-grain-ambar.jpg\",\"contentUrl\":\"https:\\\/\\\/www.pause-au-naturelle.com\\\/wp-content\\\/uploads\\\/2023\\\/01\\\/the-sultan-grain-ambar.jpg\",\"width\":600,\"height\":600,\"caption\":\"Th\u00e9 Sultan graine Ambar 100g\"},{\"@type\":\"BreadcrumbList\",\"@id\":\"https:\\\/\\\/www.pause-au-naturelle.com\\\/produit\\\/graine-de-the-vert-sultan-ambar-100-g\\\/#breadcrumb\",\"itemListElement\":[{\"@type\":\"ListItem\",\"position\":1,\"name\":\"Boutique\",\"item\":\"https:\\\/\\\/www.pause-au-naturelle.com\\\/boutique\\\/\"},{\"@type\":\"ListItem\",\"position\":2,\"name\":\"Th\u00e9 Sultan graine Ambar 100g\"}]},{\"@type\":\"WebSite\",\"@id\":\"https:\\\/\\\/www.pause-au-naturelle.com\\\/#website\",\"url\":\"https:\\\/\\\/www.pause-au-naturelle.com\\\/\",\"name\":\"Pause au Naturelle\",\"description\":\"\",\"publisher\":{\"@id\":\"https:\\\/\\\/www.pause-au-naturelle.com\\\/#organization\"},\"potentialAction\":[{\"@type\":\"SearchAction\",\"target\":{\"@type\":\"EntryPoint\",\"urlTemplate\":\"https:\\\/\\\/www.pause-au-naturelle.com\\\/?s={search_term_string}\"},\"query-input\":{\"@type\":\"PropertyValueSpecification\",\"valueRequired\":true,\"valueName\":\"search_term_string\"}}],\"inLanguage\":\"nl-NL\"},{\"@type\":\"Organization\",\"@id\":\"https:\\\/\\\/www.pause-au-naturelle.com\\\/#organization\",\"name\":\"Pause au naturelle\",\"url\":\"https:\\\/\\\/www.pause-au-naturelle.com\\\/\",\"logo\":{\"@type\":\"ImageObject\",\"inLanguage\":\"nl-NL\",\"@id\":\"https:\\\/\\\/www.pause-au-naturelle.com\\\/#\\\/schema\\\/logo\\\/image\\\/\",\"url\":\"https:\\\/\\\/www.pause-au-naturelle.com\\\/wp-content\\\/uploads\\\/2020\\\/06\\\/logo.png\",\"contentUrl\":\"https:\\\/\\\/www.pause-au-naturelle.com\\\/wp-content\\\/uploads\\\/2020\\\/06\\\/logo.png\",\"width\":250,\"height\":250,\"caption\":\"Pause au naturelle\"},\"image\":{\"@id\":\"https:\\\/\\\/www.pause-au-naturelle.com\\\/#\\\/schema\\\/logo\\\/image\\\/\"}}]}<\/script>\n<!-- \/ Yoast SEO plugin. -->","yoast_head_json":{"title":"Thee Sultanzaad Ambar 100g | Pause-au-naturelle.com","description":"Hier kun je Sultan Ambar groene thee zaden online bestellen en kopen, een van de beste kwaliteiten om van Marokkaanse thee te genieten.","robots":{"index":"index","follow":"follow","max-snippet":"max-snippet:-1","max-image-preview":"max-image-preview:large","max-video-preview":"max-video-preview:-1"},"canonical":"https:\/\/www.pause-au-naturelle.com\/nl\/product\/sultan-ambar-groene-thee-zaad-100-g\/","og_locale":"nl_NL","og_type":"article","og_title":"Th\u00e9 Sultan graine Ambar 100g | Pause-au-naturelle.com","og_description":"Ici, commander et acheter en ligne les graines de th\u00e9 vert Sultan Ambar, l'unes des leilleures qualit\u00e9 pour appr\u00e9cier le th\u00e9 marocain","og_url":"https:\/\/www.pause-au-naturelle.com\/nl\/product\/sultan-ambar-groene-thee-zaad-100-g\/","og_site_name":"Pause au Naturelle","article_modified_time":"2026-02-09T13:17:42+00:00","og_image":[{"width":600,"height":600,"url":"https:\/\/www.pause-au-naturelle.com\/wp-content\/uploads\/2023\/01\/the-sultan-grain-ambar.jpg","type":"image\/jpeg"}],"twitter_card":"summary_large_image","twitter_misc":{"Geschatte leestijd":"3 minuten"},"schema":{"@context":"https:\/\/schema.org","@graph":[{"@type":"WebPage","@id":"https:\/\/www.pause-au-naturelle.com\/produit\/graine-de-the-vert-sultan-ambar-100-g\/","url":"https:\/\/www.pause-au-naturelle.com\/produit\/graine-de-the-vert-sultan-ambar-100-g\/","name":"Thee Sultanzaad Ambar 100g | Pause-au-naturelle.com","isPartOf":{"@id":"https:\/\/www.pause-au-naturelle.com\/#website"},"primaryImageOfPage":{"@id":"https:\/\/www.pause-au-naturelle.com\/produit\/graine-de-the-vert-sultan-ambar-100-g\/#primaryimage"},"image":{"@id":"https:\/\/www.pause-au-naturelle.com\/produit\/graine-de-the-vert-sultan-ambar-100-g\/#primaryimage"},"thumbnailUrl":"https:\/\/www.pause-au-naturelle.com\/wp-content\/uploads\/2023\/01\/the-sultan-grain-ambar.jpg","datePublished":"2023-01-20T12:16:49+00:00","dateModified":"2026-02-09T13:17:42+00:00","description":"Hier kun je Sultan Ambar groene thee zaden online bestellen en kopen, een van de beste kwaliteiten om van Marokkaanse thee te genieten.","breadcrumb":{"@id":"https:\/\/www.pause-au-naturelle.com\/produit\/graine-de-the-vert-sultan-ambar-100-g\/#breadcrumb"},"inLanguage":"nl-NL","potentialAction":[{"@type":"ReadAction","target":["https:\/\/www.pause-au-naturelle.com\/produit\/graine-de-the-vert-sultan-ambar-100-g\/"]}]},{"@type":"ImageObject","inLanguage":"nl-NL","@id":"https:\/\/www.pause-au-naturelle.com\/produit\/graine-de-the-vert-sultan-ambar-100-g\/#primaryimage","url":"https:\/\/www.pause-au-naturelle.com\/wp-content\/uploads\/2023\/01\/the-sultan-grain-ambar.jpg","contentUrl":"https:\/\/www.pause-au-naturelle.com\/wp-content\/uploads\/2023\/01\/the-sultan-grain-ambar.jpg","width":600,"height":600,"caption":"Th\u00e9 Sultan graine Ambar 100g"},{"@type":"BreadcrumbList","@id":"https:\/\/www.pause-au-naturelle.com\/produit\/graine-de-the-vert-sultan-ambar-100-g\/#breadcrumb","itemListElement":[{"@type":"ListItem","position":1,"name":"Boutique","item":"https:\/\/www.pause-au-naturelle.com\/boutique\/"},{"@type":"ListItem","position":2,"name":"Th\u00e9 Sultan graine Ambar 100g"}]},{"@type":"WebSite","@id":"https:\/\/www.pause-au-naturelle.com\/#website","url":"https:\/\/www.pause-au-naturelle.com\/","name":"Pauze in de natuur","description":"","publisher":{"@id":"https:\/\/www.pause-au-naturelle.com\/#organization"},"potentialAction":[{"@type":"SearchAction","target":{"@type":"EntryPoint","urlTemplate":"https:\/\/www.pause-au-naturelle.com\/?s={search_term_string}"},"query-input":{"@type":"PropertyValueSpecification","valueRequired":true,"valueName":"search_term_string"}}],"inLanguage":"nl-NL"},{"@type":"Organization","@id":"https:\/\/www.pause-au-naturelle.com\/#organization","name":"Een natuurlijke onderbreking","url":"https:\/\/www.pause-au-naturelle.com\/","logo":{"@type":"ImageObject","inLanguage":"nl-NL","@id":"https:\/\/www.pause-au-naturelle.com\/#\/schema\/logo\/image\/","url":"https:\/\/www.pause-au-naturelle.com\/wp-content\/uploads\/2020\/06\/logo.png","contentUrl":"https:\/\/www.pause-au-naturelle.com\/wp-content\/uploads\/2020\/06\/logo.png","width":250,"height":250,"caption":"Pause au naturelle"},"image":{"@id":"https:\/\/www.pause-au-naturelle.com\/#\/schema\/logo\/image\/"}}]}},"_links":{"self":[{"href":"https:\/\/www.pause-au-naturelle.com\/nl\/wp-json\/wp\/v2\/product\/8562","targetHints":{"allow":["GET"]}}],"collection":[{"href":"https:\/\/www.pause-au-naturelle.com\/nl\/wp-json\/wp\/v2\/product"}],"about":[{"href":"https:\/\/www.pause-au-naturelle.com\/nl\/wp-json\/wp\/v2\/types\/product"}],"wp:featuredmedia":[{"embeddable":true,"href":"https:\/\/www.pause-au-naturelle.com\/nl\/wp-json\/wp\/v2\/media\/10591"}],"wp:attachment":[{"href":"https:\/\/www.pause-au-naturelle.com\/nl\/wp-json\/wp\/v2\/media?parent=8562"}],"wp:term":[{"taxonomy":"product_brand","embeddable":true,"href":"https:\/\/www.pause-au-naturelle.com\/nl\/wp-json\/wp\/v2\/product_brand?post=8562"},{"taxonomy":"product_cat","embeddable":true,"href":"https:\/\/www.pause-au-naturelle.com\/nl\/wp-json\/wp\/v2\/product_cat?post=8562"},{"taxonomy":"product_tag","embeddable":true,"href":"https:\/\/www.pause-au-naturelle.com\/nl\/wp-json\/wp\/v2\/product_tag?post=8562"}],"curies":[{"name":"wp","href":"https:\/\/api.w.org\/{rel}","templated":true}]}}