{"id":9646,"date":"2024-01-11T11:10:42","date_gmt":"2024-01-11T11:10:42","guid":{"rendered":"https:\/\/www.pause-au-naturelle.com\/?post_type=product&#038;p=9646"},"modified":"2026-01-10T20:02:53","modified_gmt":"2026-01-10T20:02:53","slug":"de-sultan-pure-verveine","status":"publish","type":"product","link":"https:\/\/www.pause-au-naturelle.com\/nl\/produit\/the-sultan-pure-verveine\/","title":{"rendered":"Sultan pure verbena thee (20 theezakjes)"},"content":{"rendered":"<p>Tout commence par un bon petit d\u00e9jeuner pour bien commencer la journ\u00e9e. Et quel meilleur choix que de se tourner vers des\u00a0<strong>natuurlijke producten<\/strong>\u00a0alliant les bienfaits sant\u00e9 et le plaisir des papilles ? Laissez-nous vous pr\u00e9senter le\u00a0<strong>th\u00e9 Sultan Pure Verveine. <\/strong>Une boisson id\u00e9ale pour accompagner vos petits d\u00e9jeuners et faire le plein d&rsquo;\u00e9nergie, tout en r\u00e9g\u00e9n\u00e9rant votre corps avec ses propri\u00e9t\u00e9s antioxydantes et digestives.<\/p>\n<h2><strong>Les origines du th\u00e9 Sultan Pure Verveine<\/strong><\/h2>\n<p>La verveine est une plante aux multiples vertus connue depuis l&rsquo;Antiquit\u00e9. Originaire d&rsquo;Am\u00e9rique du Sud et r\u00e9put\u00e9e pour ses bienfaits, cette plante a \u00e9t\u00e9 import\u00e9e en Europe au 17\u00e8me si\u00e8cle. Aujourd&rsquo;hui, la verveine fait partie int\u00e9grante de la pharmacop\u00e9e fran\u00e7aise. Elle a su conqu\u00e9rir le c\u0153ur des amateurs de th\u00e9s gr\u00e2ce \u00e0 la combinaison unique de son go\u00fbt rafra\u00eechissant et ses innombrables atouts sant\u00e9.<\/p>\n<h2><strong>Les avantages du th\u00e9 Sultan Pure Verveine pour votre sant\u00e9<\/strong><\/h2>\n<p>Les bienfaits associ\u00e9s \u00e0 la consommation r\u00e9guli\u00e8re du th\u00e9 Sultan Pure Verveine sont nombreux. Dans une tasse fumante de cette d\u00e9licieuse infusion se cachent en effet des propri\u00e9t\u00e9s antioxydantes. Digestives, relaxantes et aromatiques qui contribueront jour apr\u00e8s jour \u00e0 \u00e9quilibrer et revitaliser votre organisme :<\/p>\n<ul>\n<li><strong>Antioxidant<\/strong> : Cette boisson contient des flavono\u00efdes. Ces puissants antioxydants permettent de lutter contre les radicaux libres responsables du vieillissement cellulaire. De mani\u00e8re g\u00e9n\u00e9rale, les th\u00e9s sont reconnus pour leur haute teneur en antioxydants, mais la verveine est particuli\u00e8rement concentr\u00e9e dans ce domaine.<\/li>\n<li><strong>Spijsvertering<\/strong> : la consommation r\u00e9guli\u00e8re de th\u00e9 Sultan Pure Verveine facilite la digestion. Ceci gr\u00e2ce \u00e0 ses vertus apaisantes sur le syst\u00e8me digestif. Cette plante m\u00e9dicinale est souvent utilis\u00e9e en cas de troubles digestifs comme les ballonnements, douleurs abdominales ou encore la constipation.<\/li>\n<li><strong>Ontspannend<\/strong> : l&rsquo;une des principales caract\u00e9ristiques de la verveine est sa propri\u00e9t\u00e9 relaxante. Consommer une tasse de cette boisson naturelle avant de dormir peut aider \u00e0 combattre l&rsquo;insomnie, les troubles du sommeil et favoriser un repos r\u00e9parateur.<\/li>\n<li><strong>Aromatisch<\/strong>\u00a0: le go\u00fbt unique de la verveine en fait un alli\u00e9 de choix pour les amateurs de <a href=\"https:\/\/www.pause-au-naturelle.com\/nl\/product\/de-honing-met-zwarte-komijn\/\"><strong>th\u00e9s parfum\u00e9s<\/strong><\/a>. Ses notes l\u00e9g\u00e8rement citronn\u00e9es apportent une subtile touche d&rsquo;acidit\u00e9 qui s&rsquo;allie merveilleusement bien avec le go\u00fbt d\u00e9licat des meilleures feuilles de th\u00e9.<\/li>\n<\/ul>\n<h3><strong>La pr\u00e9paration de cette boisson naturelle : simple et rapide<\/strong><\/h3>\n<p>La pr\u00e9paration du th\u00e9 Sultan Pure Verveine est \u00e0 la port\u00e9e de tous et ne prend que quelques minutes. Pour obtenir une tasse parfaite, il suffit de suivre ces quelques \u00e9tapes :<\/p>\n<ol>\n<li>Portez de l&rsquo;eau \u00e0 \u00e9bullition dans une bouilloire ou une casserole.<\/li>\n<li>Dans une tasse ou un mug, placez un sachet de th\u00e9 Sultan Pure Verveine.<\/li>\n<li>Verser l&rsquo;eau bouillante sur le sachet et couvrir la tasse ou le mug avec un petit couvercle ou une soucoupe afin de garder les ar\u00f4mes intacts pendant l&rsquo;infusion.<\/li>\n<li>Laat ongeveer 5 minuten trekken.<\/li>\n<li>Retirez le sachet et d\u00e9gustez votre th\u00e9 chaud. Si vous le souhaitez, vous pouvez y ajouter une cuiller\u00e9e de miel, du sucre de canne, de la cannelle ou encore quelques gouttes de jus de citron pour varier les plaisirs selon vos envies.<\/li>\n<\/ol>","protected":false},"excerpt":{"rendered":"<p><strong>Kenmerken :<\/strong><\/p>\n<ul>\n<li>Cafe\u00efnevrij<\/li>\n<li>100% natuurlijk<\/li>\n<li>Go\u00fbt citron<\/li>\n<\/ul>","protected":false},"featured_media":9647,"template":"","meta":[],"product_brand":[],"product_cat":[80,99],"product_tag":[],"class_list":{"0":"post-9646","1":"product","2":"type-product","3":"status-publish","4":"has-post-thumbnail","6":"product_cat-epicerie-marocaine-en-ligne","7":"product_cat-the-sultan","9":"first","10":"instock","11":"shipping-taxable","12":"purchasable","13":"product-type-simple"},"yoast_head":"<!-- This site is optimized with the Yoast SEO plugin v27.5 - https:\/\/yoast.com\/product\/yoast-seo-wordpress\/ -->\n<title>Th\u00e9 Sultan pure verveine | Boisson b\u00e9n\u00e9fique | Achat en France<\/title>\n<meta name=\"description\" content=\"Laissez-nous vous pr\u00e9senter le\u00a0th\u00e9 Sultan Pure Verveine, une boisson id\u00e9ale pour accompagner vos petits d\u00e9jeuners et faire le plein d&#039;\u00e9nergie.\" \/>\n<meta name=\"robots\" content=\"index, follow, max-snippet:-1, max-image-preview:large, max-video-preview:-1\" \/>\n<link rel=\"canonical\" href=\"https:\/\/www.pause-au-naturelle.com\/nl\/product\/de-sultan-pure-verveine\/\" \/>\n<meta property=\"og:locale\" content=\"nl_NL\" \/>\n<meta property=\"og:type\" content=\"article\" \/>\n<meta property=\"og:title\" content=\"Th\u00e9 Sultan pure verveine | Boisson b\u00e9n\u00e9fique | Achat en France\" \/>\n<meta property=\"og:description\" content=\"Laissez-nous vous pr\u00e9senter le\u00a0th\u00e9 Sultan Pure Verveine, une boisson id\u00e9ale pour accompagner vos petits d\u00e9jeuners et faire le plein d&#039;\u00e9nergie.\" \/>\n<meta property=\"og:url\" content=\"https:\/\/www.pause-au-naturelle.com\/nl\/product\/de-sultan-pure-verveine\/\" \/>\n<meta property=\"og:site_name\" content=\"Pause au Naturelle\" \/>\n<meta property=\"article:modified_time\" content=\"2026-01-10T20:02:53+00:00\" \/>\n<meta property=\"og:image\" content=\"https:\/\/www.pause-au-naturelle.com\/wp-content\/uploads\/2024\/01\/the-sultan-pure-verbena.jpg\" \/>\n\t<meta property=\"og:image:width\" content=\"600\" \/>\n\t<meta property=\"og:image:height\" content=\"600\" \/>\n\t<meta property=\"og:image:type\" content=\"image\/jpeg\" \/>\n<meta name=\"twitter:card\" content=\"summary_large_image\" \/>\n<meta name=\"twitter:label1\" content=\"Geschatte leestijd\" \/>\n\t<meta name=\"twitter:data1\" content=\"3 minuten\" \/>\n<script type=\"application\/ld+json\" class=\"yoast-schema-graph\">{\"@context\":\"https:\\\/\\\/schema.org\",\"@graph\":[{\"@type\":\"WebPage\",\"@id\":\"https:\\\/\\\/www.pause-au-naturelle.com\\\/produit\\\/the-sultan-pure-verveine\\\/\",\"url\":\"https:\\\/\\\/www.pause-au-naturelle.com\\\/produit\\\/the-sultan-pure-verveine\\\/\",\"name\":\"Th\u00e9 Sultan pure verveine | Boisson b\u00e9n\u00e9fique | Achat en France\",\"isPartOf\":{\"@id\":\"https:\\\/\\\/www.pause-au-naturelle.com\\\/#website\"},\"primaryImageOfPage\":{\"@id\":\"https:\\\/\\\/www.pause-au-naturelle.com\\\/produit\\\/the-sultan-pure-verveine\\\/#primaryimage\"},\"image\":{\"@id\":\"https:\\\/\\\/www.pause-au-naturelle.com\\\/produit\\\/the-sultan-pure-verveine\\\/#primaryimage\"},\"thumbnailUrl\":\"https:\\\/\\\/www.pause-au-naturelle.com\\\/wp-content\\\/uploads\\\/2024\\\/01\\\/the-sultan-pure-verbena.jpg\",\"datePublished\":\"2024-01-11T11:10:42+00:00\",\"dateModified\":\"2026-01-10T20:02:53+00:00\",\"description\":\"Laissez-nous vous pr\u00e9senter le\u00a0th\u00e9 Sultan Pure Verveine, une boisson id\u00e9ale pour accompagner vos petits d\u00e9jeuners et faire le plein d'\u00e9nergie.\",\"breadcrumb\":{\"@id\":\"https:\\\/\\\/www.pause-au-naturelle.com\\\/produit\\\/the-sultan-pure-verveine\\\/#breadcrumb\"},\"inLanguage\":\"nl-NL\",\"potentialAction\":[{\"@type\":\"ReadAction\",\"target\":[\"https:\\\/\\\/www.pause-au-naturelle.com\\\/produit\\\/the-sultan-pure-verveine\\\/\"]}]},{\"@type\":\"ImageObject\",\"inLanguage\":\"nl-NL\",\"@id\":\"https:\\\/\\\/www.pause-au-naturelle.com\\\/produit\\\/the-sultan-pure-verveine\\\/#primaryimage\",\"url\":\"https:\\\/\\\/www.pause-au-naturelle.com\\\/wp-content\\\/uploads\\\/2024\\\/01\\\/the-sultan-pure-verbena.jpg\",\"contentUrl\":\"https:\\\/\\\/www.pause-au-naturelle.com\\\/wp-content\\\/uploads\\\/2024\\\/01\\\/the-sultan-pure-verbena.jpg\",\"width\":600,\"height\":600,\"caption\":\"Th\u00e9 Sultan pure verveine (20 sachets)\"},{\"@type\":\"BreadcrumbList\",\"@id\":\"https:\\\/\\\/www.pause-au-naturelle.com\\\/produit\\\/the-sultan-pure-verveine\\\/#breadcrumb\",\"itemListElement\":[{\"@type\":\"ListItem\",\"position\":1,\"name\":\"Boutique\",\"item\":\"https:\\\/\\\/www.pause-au-naturelle.com\\\/boutique\\\/\"},{\"@type\":\"ListItem\",\"position\":2,\"name\":\"Th\u00e9 Sultan pure verveine (20 sachets)\"}]},{\"@type\":\"WebSite\",\"@id\":\"https:\\\/\\\/www.pause-au-naturelle.com\\\/#website\",\"url\":\"https:\\\/\\\/www.pause-au-naturelle.com\\\/\",\"name\":\"Pause au Naturelle\",\"description\":\"\",\"publisher\":{\"@id\":\"https:\\\/\\\/www.pause-au-naturelle.com\\\/#organization\"},\"potentialAction\":[{\"@type\":\"SearchAction\",\"target\":{\"@type\":\"EntryPoint\",\"urlTemplate\":\"https:\\\/\\\/www.pause-au-naturelle.com\\\/?s={search_term_string}\"},\"query-input\":{\"@type\":\"PropertyValueSpecification\",\"valueRequired\":true,\"valueName\":\"search_term_string\"}}],\"inLanguage\":\"nl-NL\"},{\"@type\":\"Organization\",\"@id\":\"https:\\\/\\\/www.pause-au-naturelle.com\\\/#organization\",\"name\":\"Pause au naturelle\",\"url\":\"https:\\\/\\\/www.pause-au-naturelle.com\\\/\",\"logo\":{\"@type\":\"ImageObject\",\"inLanguage\":\"nl-NL\",\"@id\":\"https:\\\/\\\/www.pause-au-naturelle.com\\\/#\\\/schema\\\/logo\\\/image\\\/\",\"url\":\"https:\\\/\\\/www.pause-au-naturelle.com\\\/wp-content\\\/uploads\\\/2020\\\/06\\\/logo.png\",\"contentUrl\":\"https:\\\/\\\/www.pause-au-naturelle.com\\\/wp-content\\\/uploads\\\/2020\\\/06\\\/logo.png\",\"width\":250,\"height\":250,\"caption\":\"Pause au naturelle\"},\"image\":{\"@id\":\"https:\\\/\\\/www.pause-au-naturelle.com\\\/#\\\/schema\\\/logo\\\/image\\\/\"}}]}<\/script>\n<!-- \/ Yoast SEO plugin. -->","yoast_head_json":{"title":"Sultan pure verbena thee | Gezondheidsdrank | Kopen in Frankrijk","description":"Laat ons je kennis laten maken met Sultan Pure Verbena thee, een ideale drank voor bij het ontbijt en om energie op te doen.","robots":{"index":"index","follow":"follow","max-snippet":"max-snippet:-1","max-image-preview":"max-image-preview:large","max-video-preview":"max-video-preview:-1"},"canonical":"https:\/\/www.pause-au-naturelle.com\/nl\/product\/de-sultan-pure-verveine\/","og_locale":"nl_NL","og_type":"article","og_title":"Th\u00e9 Sultan pure verveine | Boisson b\u00e9n\u00e9fique | Achat en France","og_description":"Laissez-nous vous pr\u00e9senter le\u00a0th\u00e9 Sultan Pure Verveine, une boisson id\u00e9ale pour accompagner vos petits d\u00e9jeuners et faire le plein d'\u00e9nergie.","og_url":"https:\/\/www.pause-au-naturelle.com\/nl\/product\/de-sultan-pure-verveine\/","og_site_name":"Pause au Naturelle","article_modified_time":"2026-01-10T20:02:53+00:00","og_image":[{"width":600,"height":600,"url":"https:\/\/www.pause-au-naturelle.com\/wp-content\/uploads\/2024\/01\/the-sultan-pure-verbena.jpg","type":"image\/jpeg"}],"twitter_card":"summary_large_image","twitter_misc":{"Geschatte leestijd":"3 minuten"},"schema":{"@context":"https:\/\/schema.org","@graph":[{"@type":"WebPage","@id":"https:\/\/www.pause-au-naturelle.com\/produit\/the-sultan-pure-verveine\/","url":"https:\/\/www.pause-au-naturelle.com\/produit\/the-sultan-pure-verveine\/","name":"Sultan pure verbena thee | Gezondheidsdrank | Kopen in Frankrijk","isPartOf":{"@id":"https:\/\/www.pause-au-naturelle.com\/#website"},"primaryImageOfPage":{"@id":"https:\/\/www.pause-au-naturelle.com\/produit\/the-sultan-pure-verveine\/#primaryimage"},"image":{"@id":"https:\/\/www.pause-au-naturelle.com\/produit\/the-sultan-pure-verveine\/#primaryimage"},"thumbnailUrl":"https:\/\/www.pause-au-naturelle.com\/wp-content\/uploads\/2024\/01\/the-sultan-pure-verbena.jpg","datePublished":"2024-01-11T11:10:42+00:00","dateModified":"2026-01-10T20:02:53+00:00","description":"Laat ons je kennis laten maken met Sultan Pure Verbena thee, een ideale drank voor bij het ontbijt en om energie op te doen.","breadcrumb":{"@id":"https:\/\/www.pause-au-naturelle.com\/produit\/the-sultan-pure-verveine\/#breadcrumb"},"inLanguage":"nl-NL","potentialAction":[{"@type":"ReadAction","target":["https:\/\/www.pause-au-naturelle.com\/produit\/the-sultan-pure-verveine\/"]}]},{"@type":"ImageObject","inLanguage":"nl-NL","@id":"https:\/\/www.pause-au-naturelle.com\/produit\/the-sultan-pure-verveine\/#primaryimage","url":"https:\/\/www.pause-au-naturelle.com\/wp-content\/uploads\/2024\/01\/the-sultan-pure-verbena.jpg","contentUrl":"https:\/\/www.pause-au-naturelle.com\/wp-content\/uploads\/2024\/01\/the-sultan-pure-verbena.jpg","width":600,"height":600,"caption":"Th\u00e9 Sultan pure verveine (20 sachets)"},{"@type":"BreadcrumbList","@id":"https:\/\/www.pause-au-naturelle.com\/produit\/the-sultan-pure-verveine\/#breadcrumb","itemListElement":[{"@type":"ListItem","position":1,"name":"Boutique","item":"https:\/\/www.pause-au-naturelle.com\/boutique\/"},{"@type":"ListItem","position":2,"name":"Th\u00e9 Sultan pure verveine (20 sachets)"}]},{"@type":"WebSite","@id":"https:\/\/www.pause-au-naturelle.com\/#website","url":"https:\/\/www.pause-au-naturelle.com\/","name":"Pauze in de natuur","description":"","publisher":{"@id":"https:\/\/www.pause-au-naturelle.com\/#organization"},"potentialAction":[{"@type":"SearchAction","target":{"@type":"EntryPoint","urlTemplate":"https:\/\/www.pause-au-naturelle.com\/?s={search_term_string}"},"query-input":{"@type":"PropertyValueSpecification","valueRequired":true,"valueName":"search_term_string"}}],"inLanguage":"nl-NL"},{"@type":"Organization","@id":"https:\/\/www.pause-au-naturelle.com\/#organization","name":"Een natuurlijke onderbreking","url":"https:\/\/www.pause-au-naturelle.com\/","logo":{"@type":"ImageObject","inLanguage":"nl-NL","@id":"https:\/\/www.pause-au-naturelle.com\/#\/schema\/logo\/image\/","url":"https:\/\/www.pause-au-naturelle.com\/wp-content\/uploads\/2020\/06\/logo.png","contentUrl":"https:\/\/www.pause-au-naturelle.com\/wp-content\/uploads\/2020\/06\/logo.png","width":250,"height":250,"caption":"Pause au naturelle"},"image":{"@id":"https:\/\/www.pause-au-naturelle.com\/#\/schema\/logo\/image\/"}}]}},"_links":{"self":[{"href":"https:\/\/www.pause-au-naturelle.com\/nl\/wp-json\/wp\/v2\/product\/9646","targetHints":{"allow":["GET"]}}],"collection":[{"href":"https:\/\/www.pause-au-naturelle.com\/nl\/wp-json\/wp\/v2\/product"}],"about":[{"href":"https:\/\/www.pause-au-naturelle.com\/nl\/wp-json\/wp\/v2\/types\/product"}],"wp:featuredmedia":[{"embeddable":true,"href":"https:\/\/www.pause-au-naturelle.com\/nl\/wp-json\/wp\/v2\/media\/9647"}],"wp:attachment":[{"href":"https:\/\/www.pause-au-naturelle.com\/nl\/wp-json\/wp\/v2\/media?parent=9646"}],"wp:term":[{"taxonomy":"product_brand","embeddable":true,"href":"https:\/\/www.pause-au-naturelle.com\/nl\/wp-json\/wp\/v2\/product_brand?post=9646"},{"taxonomy":"product_cat","embeddable":true,"href":"https:\/\/www.pause-au-naturelle.com\/nl\/wp-json\/wp\/v2\/product_cat?post=9646"},{"taxonomy":"product_tag","embeddable":true,"href":"https:\/\/www.pause-au-naturelle.com\/nl\/wp-json\/wp\/v2\/product_tag?post=9646"}],"curies":[{"name":"wp","href":"https:\/\/api.w.org\/{rel}","templated":true}]}}