{"id":9672,"date":"2024-02-09T17:35:31","date_gmt":"2024-02-09T17:35:31","guid":{"rendered":"https:\/\/www.pause-au-naturelle.com\/?post_type=product&#038;p=9672"},"modified":"2026-01-04T14:53:18","modified_gmt":"2026-01-04T14:53:18","slug":"khamare-vetiverwortels","status":"publish","type":"product","link":"https:\/\/www.pause-au-naturelle.com\/nl\/produit\/khamare-racines-de-vetiver\/","title":{"rendered":"Khamar\u00e9 vruchtbaarheid"},"content":{"rendered":"<p>Op het gebied van vrouwelijke hygi\u00ebne en intiem welzijn worden voortdurend nieuwe producten ontwikkeld. Bepaalde eeuwenoude natuurlijke middelen zijn echter nog steeds een onge\u00ebvenaarde referentie. Dit geldt met name voor de beroemde\u00a0<strong>Afrikaanse Khamar\u00e9-stam algemeen erkend om zijn heilzame intieme hygi\u00ebnische eigenschappen voor vrouwen<\/strong>. Dit product, gemaakt van de wortels van vetiverstelen die al generaties lang door Afrikaanse vrouwen worden gebruikt, is een ware schatkamer van traditionele geneeskunde.<\/p>\n<h2><strong>De Afrikaanse Khamare-stam ontdekken<\/strong><\/h2>\n<h3><strong>Wat is de Afrikaanse Khamare-stam?<\/strong><\/h3>\n<p>De Afrikaanse Khamar\u00e9-stam is niets meer dan een stuk vetiverwortel. De <strong>vetiver (Vetiveria zizanioides)<\/strong>\u00a0is een overblijvende plant die wijdverspreid is in Afrika en al sinds de oudheid bekend staat om zijn geneeskrachtige en therapeutische eigenschappen. <a href=\"https:\/\/www.pause-au-naturelle.com\/nl\/2023\/12\/31\/natuurlijke-cosmetica-6-letters\/\"><strong>cosmetica<\/strong><\/a>. Het is belangrijk om te benadrukken dat het productieproces niet alleen de doeltreffendheid, maar ook de onberispelijke kwaliteit garandeert.<\/p>\n<h3><strong>Hoe gebruik je Afrikaanse vetiversteel?<\/strong><\/h3>\n<p>Het gebruik van de Afrikaanse Khamare steel is eenvoudig en voor iedereen toegankelijk. Bevochtig het staafje gewoon lichtjes met water en wrijf het zachtjes over je edele delen om van de voordelen te genieten. We raden je aan om de Khamare staaf na elke intieme reiniging of douche te gebruiken voor een optimale intieme hygi\u00ebne.<\/p>\n<h3><strong>Wat zijn de voordelen van het gebruik van Khamar\u00e9?<\/strong><\/h3>\n<p>De Afrikaanse Khamar\u00e9-stam biedt <strong>een concentraat met vele voordelen voor het welzijn van vrouwen<\/strong>. Bij dagelijks gebruik is het een echte oplossing voor het voorkomen en effectief behandelen van een reeks veelvoorkomende problemen die samenhangen met vrouwelijke intieme hygi\u00ebne.<\/p>\n<h2><strong>De onmiskenbare voordelen van Afrikaanse Khamar\u00e9-stam voor intieme hygi\u00ebne<\/strong><\/h2>\n<ul>\n<li><strong>Een krachtig natuurlijk anti-infectiemiddel<\/strong><\/li>\n<\/ul>\n<p>Het eerste voordeel van de Afrikaanse Khamar\u00e9 stengel in zijn werking op intieme hygi\u00ebne is zijn vermogen om pathogene bacteri\u00ebn te elimineren. Dit is de reden waarom, <strong>Dit natuurlijke anti-infectiemiddel helpt vaginale infecties proactief te voorkomen en te bestrijden. Zoals bacteri\u00eble vaginose en vaginale mycose.<\/strong>.<\/p>\n<ul>\n<li><strong>Vaginale pH reguleren<\/strong><\/li>\n<\/ul>\n<p>Naast de infectiewerende eigenschappen speelt de Afrikaanse Khamar\u00e9stengel een actieve rol bij het reguleren van de vaginale pH. Door het evenwicht van de vaginale flora te handhaven, <strong>Khamar\u00e9 stengel voorkomt onevenwichtigheden die verantwoordelijk kunnen zijn voor de verspreiding van bacteri\u00ebn en schimmels die schadelijk zijn voor de vrouwelijke intimiteit.<\/strong>.<\/p>\n<ul>\n<li><strong>Een effectieve natuurlijke luchtverfrisser<\/strong><\/li>\n<\/ul>\n<p>Ten slotte is vetiverwortel ook een uitstekende deodorant voor intieme geurtjes. Het verwijdert de onaangename geurtjes die vaak geassocieerd worden met vaginale infecties. <strong>De zuiverende en verfrissende werking zorgt voor een langdurig fris gevoel<\/strong>, Dit maakt het ideaal voor dagelijks gebruik voor intiem welzijn.<\/p>\n<h3><strong>Vetiverwortels: een symbool van vrouwelijkheid en sensualiteit<\/strong><\/h3>\n<p>Intieme hygi\u00ebne is niet alleen cruciaal voor de gezondheid van vrouwen. Het is ook een teken van vrouwelijkheid. Steeds meer vrouwen die zich zorgen maken over hun welzijn wenden zich tot de Afrikaanse Khamar\u00e9-stam vanwege zijn zintuiglijke en lustopwekkende eigenschappen.<\/p>\n<ul>\n<li><strong>Een unieke geur:<\/strong> De Afrikaanse Khamar\u00e9-stam verspreidt van nature een betoverende, zachte geur die de zintuigen prikkelt.<\/li>\n<li><strong>Afrodiserende kracht:<\/strong>\u00a0Naast de geur staat de stimulerende en revitaliserende werking van deze Afrikaanse stengel ook bekend om het bevorderen van harmonie in emoties en intieme relaties.<\/li>\n<\/ul>","protected":false},"excerpt":{"rendered":"<p>Dans le domaine de l&rsquo;hygi\u00e8ne et du bien-\u00eatre intime f\u00e9minin, divers produits sont en constante \u00e9volution. Pourtant, certains rem\u00e8des naturels ancestraux restent aujourd&rsquo;hui encore une r\u00e9f\u00e9rence in\u00e9galable. C&rsquo;est le cas notamment avec la fameuse\u00a0tige africaine Khamar\u00e9 largement reconnue pour ses v\u00e9ritables vertus bienfaisantes en mati\u00e8re d&rsquo;hygi\u00e8ne intime chez les femmes. Issu des racines de tiges [&#8230;]\n","protected":false},"featured_media":9762,"template":"","meta":[],"product_brand":[],"product_cat":[100],"product_tag":[],"class_list":{"0":"post-9672","1":"product","2":"type-product","3":"status-publish","4":"has-post-thumbnail","6":"product_cat-bien-etre-beaute","8":"first","9":"instock","10":"shipping-taxable","11":"purchasable","12":"product-type-variable"},"yoast_head":"<!-- This site is optimized with the Yoast SEO plugin v27.5 - https:\/\/yoast.com\/product\/yoast-seo-wordpress\/ -->\n<title>Khamar\u00e9 (Racines de tiges de vetiver) | Bienfaits pour la fertilit\u00e9<\/title>\n<meta name=\"description\" content=\"Zoom sur la fameuse\u00a0tige africaine Khamar\u00e9 largement reconnue pour ses v\u00e9ritables vertus bienfaisantes en mati\u00e8re d&#039;hygi\u00e8ne intime chez les femmes.\" \/>\n<meta name=\"robots\" content=\"index, follow, max-snippet:-1, max-image-preview:large, max-video-preview:-1\" \/>\n<link rel=\"canonical\" href=\"https:\/\/www.pause-au-naturelle.com\/nl\/product\/khamare-vetiverwortels\/\" \/>\n<meta property=\"og:locale\" content=\"nl_NL\" \/>\n<meta property=\"og:type\" content=\"article\" \/>\n<meta property=\"og:title\" content=\"Khamar\u00e9 (Racines de tiges de vetiver) | Bienfaits pour la fertilit\u00e9\" \/>\n<meta property=\"og:description\" content=\"Zoom sur la fameuse\u00a0tige africaine Khamar\u00e9 largement reconnue pour ses v\u00e9ritables vertus bienfaisantes en mati\u00e8re d&#039;hygi\u00e8ne intime chez les femmes.\" \/>\n<meta property=\"og:url\" content=\"https:\/\/www.pause-au-naturelle.com\/nl\/product\/khamare-vetiverwortels\/\" \/>\n<meta property=\"og:site_name\" content=\"Pause au Naturelle\" \/>\n<meta property=\"article:modified_time\" content=\"2026-01-04T14:53:18+00:00\" \/>\n<meta property=\"og:image\" content=\"https:\/\/www.pause-au-naturelle.com\/wp-content\/uploads\/2024\/01\/khamare-racines-de-vetiver.jpg\" \/>\n\t<meta property=\"og:image:width\" content=\"600\" \/>\n\t<meta property=\"og:image:height\" content=\"600\" \/>\n\t<meta property=\"og:image:type\" content=\"image\/jpeg\" \/>\n<meta name=\"twitter:card\" content=\"summary_large_image\" \/>\n<meta name=\"twitter:label1\" content=\"Geschatte leestijd\" \/>\n\t<meta name=\"twitter:data1\" content=\"3 minuten\" \/>\n<script type=\"application\/ld+json\" class=\"yoast-schema-graph\">{\"@context\":\"https:\\\/\\\/schema.org\",\"@graph\":[{\"@type\":\"WebPage\",\"@id\":\"https:\\\/\\\/www.pause-au-naturelle.com\\\/produit\\\/khamare-racines-de-vetiver\\\/\",\"url\":\"https:\\\/\\\/www.pause-au-naturelle.com\\\/produit\\\/khamare-racines-de-vetiver\\\/\",\"name\":\"Khamar\u00e9 (Racines de tiges de vetiver) | Bienfaits pour la fertilit\u00e9\",\"isPartOf\":{\"@id\":\"https:\\\/\\\/www.pause-au-naturelle.com\\\/#website\"},\"primaryImageOfPage\":{\"@id\":\"https:\\\/\\\/www.pause-au-naturelle.com\\\/produit\\\/khamare-racines-de-vetiver\\\/#primaryimage\"},\"image\":{\"@id\":\"https:\\\/\\\/www.pause-au-naturelle.com\\\/produit\\\/khamare-racines-de-vetiver\\\/#primaryimage\"},\"thumbnailUrl\":\"https:\\\/\\\/www.pause-au-naturelle.com\\\/wp-content\\\/uploads\\\/2024\\\/01\\\/khamare-racines-de-vetiver.jpg\",\"datePublished\":\"2024-02-09T17:35:31+00:00\",\"dateModified\":\"2026-01-04T14:53:18+00:00\",\"description\":\"Zoom sur la fameuse\u00a0tige africaine Khamar\u00e9 largement reconnue pour ses v\u00e9ritables vertus bienfaisantes en mati\u00e8re d'hygi\u00e8ne intime chez les femmes.\",\"breadcrumb\":{\"@id\":\"https:\\\/\\\/www.pause-au-naturelle.com\\\/produit\\\/khamare-racines-de-vetiver\\\/#breadcrumb\"},\"inLanguage\":\"nl-NL\",\"potentialAction\":[{\"@type\":\"ReadAction\",\"target\":[\"https:\\\/\\\/www.pause-au-naturelle.com\\\/produit\\\/khamare-racines-de-vetiver\\\/\"]}]},{\"@type\":\"ImageObject\",\"inLanguage\":\"nl-NL\",\"@id\":\"https:\\\/\\\/www.pause-au-naturelle.com\\\/produit\\\/khamare-racines-de-vetiver\\\/#primaryimage\",\"url\":\"https:\\\/\\\/www.pause-au-naturelle.com\\\/wp-content\\\/uploads\\\/2024\\\/01\\\/khamare-racines-de-vetiver.jpg\",\"contentUrl\":\"https:\\\/\\\/www.pause-au-naturelle.com\\\/wp-content\\\/uploads\\\/2024\\\/01\\\/khamare-racines-de-vetiver.jpg\",\"width\":600,\"height\":600,\"caption\":\"Khamar\u00e9 fertilit\u00e9 (10 racines de tiges de vetiver)\"},{\"@type\":\"BreadcrumbList\",\"@id\":\"https:\\\/\\\/www.pause-au-naturelle.com\\\/produit\\\/khamare-racines-de-vetiver\\\/#breadcrumb\",\"itemListElement\":[{\"@type\":\"ListItem\",\"position\":1,\"name\":\"Boutique\",\"item\":\"https:\\\/\\\/www.pause-au-naturelle.com\\\/boutique\\\/\"},{\"@type\":\"ListItem\",\"position\":2,\"name\":\"Khamar\u00e9 fertilit\u00e9\"}]},{\"@type\":\"WebSite\",\"@id\":\"https:\\\/\\\/www.pause-au-naturelle.com\\\/#website\",\"url\":\"https:\\\/\\\/www.pause-au-naturelle.com\\\/\",\"name\":\"Pause au Naturelle\",\"description\":\"\",\"publisher\":{\"@id\":\"https:\\\/\\\/www.pause-au-naturelle.com\\\/#organization\"},\"potentialAction\":[{\"@type\":\"SearchAction\",\"target\":{\"@type\":\"EntryPoint\",\"urlTemplate\":\"https:\\\/\\\/www.pause-au-naturelle.com\\\/?s={search_term_string}\"},\"query-input\":{\"@type\":\"PropertyValueSpecification\",\"valueRequired\":true,\"valueName\":\"search_term_string\"}}],\"inLanguage\":\"nl-NL\"},{\"@type\":\"Organization\",\"@id\":\"https:\\\/\\\/www.pause-au-naturelle.com\\\/#organization\",\"name\":\"Pause au naturelle\",\"url\":\"https:\\\/\\\/www.pause-au-naturelle.com\\\/\",\"logo\":{\"@type\":\"ImageObject\",\"inLanguage\":\"nl-NL\",\"@id\":\"https:\\\/\\\/www.pause-au-naturelle.com\\\/#\\\/schema\\\/logo\\\/image\\\/\",\"url\":\"https:\\\/\\\/www.pause-au-naturelle.com\\\/wp-content\\\/uploads\\\/2020\\\/06\\\/logo.png\",\"contentUrl\":\"https:\\\/\\\/www.pause-au-naturelle.com\\\/wp-content\\\/uploads\\\/2020\\\/06\\\/logo.png\",\"width\":250,\"height\":250,\"caption\":\"Pause au naturelle\"},\"image\":{\"@id\":\"https:\\\/\\\/www.pause-au-naturelle.com\\\/#\\\/schema\\\/logo\\\/image\\\/\"}}]}<\/script>\n<!-- \/ Yoast SEO plugin. -->","yoast_head_json":{"title":"Khamar\u00e9 (Vetiver-stamwortels) | Vruchtbaarheidsvoordelen","description":"Spotlight op de beroemde Afrikaanse Khamar\u00e9-stam, alom erkend om zijn heilzame eigenschappen voor de intieme hygi\u00ebne van vrouwen.","robots":{"index":"index","follow":"follow","max-snippet":"max-snippet:-1","max-image-preview":"max-image-preview:large","max-video-preview":"max-video-preview:-1"},"canonical":"https:\/\/www.pause-au-naturelle.com\/nl\/product\/khamare-vetiverwortels\/","og_locale":"nl_NL","og_type":"article","og_title":"Khamar\u00e9 (Racines de tiges de vetiver) | Bienfaits pour la fertilit\u00e9","og_description":"Zoom sur la fameuse\u00a0tige africaine Khamar\u00e9 largement reconnue pour ses v\u00e9ritables vertus bienfaisantes en mati\u00e8re d'hygi\u00e8ne intime chez les femmes.","og_url":"https:\/\/www.pause-au-naturelle.com\/nl\/product\/khamare-vetiverwortels\/","og_site_name":"Pause au Naturelle","article_modified_time":"2026-01-04T14:53:18+00:00","og_image":[{"width":600,"height":600,"url":"https:\/\/www.pause-au-naturelle.com\/wp-content\/uploads\/2024\/01\/khamare-racines-de-vetiver.jpg","type":"image\/jpeg"}],"twitter_card":"summary_large_image","twitter_misc":{"Geschatte leestijd":"3 minuten"},"schema":{"@context":"https:\/\/schema.org","@graph":[{"@type":"WebPage","@id":"https:\/\/www.pause-au-naturelle.com\/produit\/khamare-racines-de-vetiver\/","url":"https:\/\/www.pause-au-naturelle.com\/produit\/khamare-racines-de-vetiver\/","name":"Khamar\u00e9 (Vetiver-stamwortels) | Vruchtbaarheidsvoordelen","isPartOf":{"@id":"https:\/\/www.pause-au-naturelle.com\/#website"},"primaryImageOfPage":{"@id":"https:\/\/www.pause-au-naturelle.com\/produit\/khamare-racines-de-vetiver\/#primaryimage"},"image":{"@id":"https:\/\/www.pause-au-naturelle.com\/produit\/khamare-racines-de-vetiver\/#primaryimage"},"thumbnailUrl":"https:\/\/www.pause-au-naturelle.com\/wp-content\/uploads\/2024\/01\/khamare-racines-de-vetiver.jpg","datePublished":"2024-02-09T17:35:31+00:00","dateModified":"2026-01-04T14:53:18+00:00","description":"Spotlight op de beroemde Afrikaanse Khamar\u00e9-stam, alom erkend om zijn heilzame eigenschappen voor de intieme hygi\u00ebne van vrouwen.","breadcrumb":{"@id":"https:\/\/www.pause-au-naturelle.com\/produit\/khamare-racines-de-vetiver\/#breadcrumb"},"inLanguage":"nl-NL","potentialAction":[{"@type":"ReadAction","target":["https:\/\/www.pause-au-naturelle.com\/produit\/khamare-racines-de-vetiver\/"]}]},{"@type":"ImageObject","inLanguage":"nl-NL","@id":"https:\/\/www.pause-au-naturelle.com\/produit\/khamare-racines-de-vetiver\/#primaryimage","url":"https:\/\/www.pause-au-naturelle.com\/wp-content\/uploads\/2024\/01\/khamare-racines-de-vetiver.jpg","contentUrl":"https:\/\/www.pause-au-naturelle.com\/wp-content\/uploads\/2024\/01\/khamare-racines-de-vetiver.jpg","width":600,"height":600,"caption":"Khamar\u00e9 fertilit\u00e9 (10 racines de tiges de vetiver)"},{"@type":"BreadcrumbList","@id":"https:\/\/www.pause-au-naturelle.com\/produit\/khamare-racines-de-vetiver\/#breadcrumb","itemListElement":[{"@type":"ListItem","position":1,"name":"Boutique","item":"https:\/\/www.pause-au-naturelle.com\/boutique\/"},{"@type":"ListItem","position":2,"name":"Khamar\u00e9 fertilit\u00e9"}]},{"@type":"WebSite","@id":"https:\/\/www.pause-au-naturelle.com\/#website","url":"https:\/\/www.pause-au-naturelle.com\/","name":"Pauze in de natuur","description":"","publisher":{"@id":"https:\/\/www.pause-au-naturelle.com\/#organization"},"potentialAction":[{"@type":"SearchAction","target":{"@type":"EntryPoint","urlTemplate":"https:\/\/www.pause-au-naturelle.com\/?s={search_term_string}"},"query-input":{"@type":"PropertyValueSpecification","valueRequired":true,"valueName":"search_term_string"}}],"inLanguage":"nl-NL"},{"@type":"Organization","@id":"https:\/\/www.pause-au-naturelle.com\/#organization","name":"Een natuurlijke onderbreking","url":"https:\/\/www.pause-au-naturelle.com\/","logo":{"@type":"ImageObject","inLanguage":"nl-NL","@id":"https:\/\/www.pause-au-naturelle.com\/#\/schema\/logo\/image\/","url":"https:\/\/www.pause-au-naturelle.com\/wp-content\/uploads\/2020\/06\/logo.png","contentUrl":"https:\/\/www.pause-au-naturelle.com\/wp-content\/uploads\/2020\/06\/logo.png","width":250,"height":250,"caption":"Pause au naturelle"},"image":{"@id":"https:\/\/www.pause-au-naturelle.com\/#\/schema\/logo\/image\/"}}]}},"_links":{"self":[{"href":"https:\/\/www.pause-au-naturelle.com\/nl\/wp-json\/wp\/v2\/product\/9672","targetHints":{"allow":["GET"]}}],"collection":[{"href":"https:\/\/www.pause-au-naturelle.com\/nl\/wp-json\/wp\/v2\/product"}],"about":[{"href":"https:\/\/www.pause-au-naturelle.com\/nl\/wp-json\/wp\/v2\/types\/product"}],"wp:featuredmedia":[{"embeddable":true,"href":"https:\/\/www.pause-au-naturelle.com\/nl\/wp-json\/wp\/v2\/media\/9762"}],"wp:attachment":[{"href":"https:\/\/www.pause-au-naturelle.com\/nl\/wp-json\/wp\/v2\/media?parent=9672"}],"wp:term":[{"taxonomy":"product_brand","embeddable":true,"href":"https:\/\/www.pause-au-naturelle.com\/nl\/wp-json\/wp\/v2\/product_brand?post=9672"},{"taxonomy":"product_cat","embeddable":true,"href":"https:\/\/www.pause-au-naturelle.com\/nl\/wp-json\/wp\/v2\/product_cat?post=9672"},{"taxonomy":"product_tag","embeddable":true,"href":"https:\/\/www.pause-au-naturelle.com\/nl\/wp-json\/wp\/v2\/product_tag?post=9672"}],"curies":[{"name":"wp","href":"https:\/\/api.w.org\/{rel}","templated":true}]}}