{"id":3,"date":"2019-12-28T18:32:02","date_gmt":"2019-12-28T18:32:02","guid":{"rendered":"http:\/\/pause-au-naturelle.com\/?page_id=3"},"modified":"2021-01-23T17:02:23","modified_gmt":"2021-01-23T17:02:23","slug":"politica-de-privacidade","status":"publish","type":"page","link":"https:\/\/www.pause-au-naturelle.com\/pt\/politique-de-confidentialite\/","title":{"rendered":"Pol\u00edtica de privacidade"},"content":{"rendered":"<p><strong>UTILIZA\u00c7\u00c3O DOS DADOS PESSOAIS RECOLHIDOS<\/strong><\/p>\n\n\n\n<p>O s\u00edtio Web https:\/\/www.pause-au-naturelle.com foi desenvolvido https:\/\/www.pause-au-naturelle.com<\/p>\n\n\n\n<p>Se tiver alguma d\u00favida, n\u00e3o hesite em contactar-nos por correio eletr\u00f3nico: pauseaunaturelle@gmail.com<\/p>\n\n\n\n<p>Para a realiza\u00e7\u00e3o das suas actividades, Pause au naturelle recolhe os seus dados pessoais, que lhe foram solicitados aquando da sua inscri\u00e7\u00e3o como utilizador ou cliente do site.<\/p>\n\n\n\n<p>Pause au naturel cumpre todas as leis e regulamentos de prote\u00e7\u00e3o de dados.<\/p>\n\n\n\n<p>Pause au naturel recolhe, trata e utiliza os dados pessoais dos membros do s\u00edtio https:\/\/www.pause-au-naturelle.com, se tal for indispens\u00e1vel para o cumprimento dos compromissos ligados ao contrato ou \u00e0 fatura\u00e7\u00e3o.<\/p>\n\n\n\n<p>Pode contactar-nos para obter uma c\u00f3pia das informa\u00e7\u00f5es que temos sobre o seu perfil.<\/p>\n\n\n\n<p><strong>PROTEC\u00c7\u00c3O DE DADOS PESSOAIS<\/strong><\/p>\n\n\n\n<p><strong>Google Analytics, Controlo de convers\u00f5es do Google AdWords, Remarketing do Google, Pixel do Facebook<\/strong><\/p>\n\n\n\n<p>Este s\u00edtio Web utiliza o Google Analytics, o acompanhamento de convers\u00f5es do Google AdWords, o Google Remarketing e o pixel do Facebook. O Google e o Facebook utilizam cookies (ficheiros de texto) que s\u00e3o armazenados no seu computador. S\u00e3o utilizados para analisar a sua utiliza\u00e7\u00e3o do s\u00edtio.<\/p>\n\n\n\n<p>O Google Analytics e o pixel do Facebook captam informa\u00e7\u00f5es de forma an\u00f3nima. As estat\u00edsticas do s\u00edtio n\u00e3o cont\u00eam quaisquer informa\u00e7\u00f5es pessoais sobre os visitantes. Os cookies utilizados s\u00e3o cookies de duplo clique concebidos para comunicar dados a terceiros que os processam a fim de permitir o remarketing para produtos como o AdWords na rede Google. Informa\u00e7\u00f5es como a hora das visitas, por exemplo, s\u00e3o registadas nos cookies. S\u00e3o igualmente registadas informa\u00e7\u00f5es adicionais, como, por exemplo, se se trata da primeira visita do utilizador ao s\u00edtio e que informa\u00e7\u00f5es sobre o s\u00edtio conduziram o visitante \u00e0 p\u00e1gina Web. As informa\u00e7\u00f5es fornecidas pelos cookies s\u00e3o transmitidas aos servidores da Google e do Facebook, onde s\u00e3o armazenadas. A Google pode tamb\u00e9m transferir estas informa\u00e7\u00f5es para terceiros quando tal for exigido por lei ou quando esses terceiros processarem as informa\u00e7\u00f5es em nome da Google. A Google cumpre as disposi\u00e7\u00f5es de prote\u00e7\u00e3o de dados do US Safe Harbor e est\u00e1 listada como participante no programa Safe Harbor do Departamento de Com\u00e9rcio dos EUA. Para o acompanhamento de convers\u00f5es do Google Adwords, \u00e9 utilizado um cookie para determinar os servi\u00e7os prestados depois de o utilizador ter clicado num an\u00fancio do AdWords. No \u00e2mbito do Google Remarketing, a forma como os utilizadores da Internet navegam nas p\u00e1ginas do s\u00edtio \u00e9 registada de forma an\u00f3nima atrav\u00e9s de cookies de marketing e utilizada para adaptar os an\u00fancios \u00e0s suas \u00e1reas de interesse.<\/p>\n\n\n\n<p>Este sistema n\u00e3o recolhe nem regista, de forma alguma, dados pessoais que possam identificar os visitantes do s\u00edtio Web. A recolha e o registo de dados podem ser interrompidos a qualquer momento. A utiliza\u00e7\u00e3o de cookies para o acompanhamento de convers\u00f5es do Google Adwords e para o Google Remarketing pode ser identificada em www.google.com\/ads\/preferences e desactivada em www.networkadvertising.org\/managing\/opt_out.asp.<\/p>\n\n\n\n<p>Se pretender apagar todos os cookies do navegador, ter\u00e1 de repetir a opera\u00e7\u00e3o. Pode impedir completamente a instala\u00e7\u00e3o de cookies no seu navegador, efectuando as defini\u00e7\u00f5es adequadas. Se pretender desativar o Google Analytics, pode encontrar o complemento do browser adequado em https:\/\/tools.google.com\/dlpage\/gaoptout?hl=fr.<\/p>\n\n\n\n<p>Ao utilizar este s\u00edtio Web, o utilizador autoriza o armazenamento e o tratamento dos dados que lhe dizem respeito para os fins acima referidos. Para mais informa\u00e7\u00f5es sobre a publicidade do Google e a prote\u00e7\u00e3o de dados, consultar http:\/\/www.google.ch\/intl\/fr\/policies\/technologies\/ads\/.<\/p>\n\n\n\n<p><strong>REGRAS DE SEGURAN\u00c7A RELATIVAS AOS DADOS RECOLHIDOS<\/strong><\/p>\n\n\n\n<p>Todas as informa\u00e7\u00f5es que registar no nosso s\u00edtio Web n\u00e3o podem ser lidas por outros utilizadores da Internet. No entanto, pedimos-lhe que esteja atento e consciente das suas responsabilidades relativamente \u00e0s suas informa\u00e7\u00f5es sens\u00edveis (por exemplo, endere\u00e7os, n\u00fameros de telefone) e aos seus dados confidenciais (por exemplo, palavras-passe, identificadores). Note-se que as \u00e1reas protegidas por palavra-passe n\u00e3o est\u00e3o protegidas contra o acesso n\u00e3o autorizado (hacking).<\/p>\n\n\n\n<p><strong>TRANSMISS\u00c3O DE INFORMA\u00c7\u00d5ES RECOLHIDAS POR PAUSA A PESSOAS NATURAIS<\/strong><\/p>\n\n\n\n<p>Os seus dados n\u00e3o ser\u00e3o vendidos a terceiros.<\/p>\n\n\n\n<p>Al\u00e9m disso, n\u00e3o divulgaremos informa\u00e7\u00f5es pessoais a terceiros sem o seu consentimento, exceto para cumprir os Termos e Condi\u00e7\u00f5es Gerais de Venda, os nossos direitos ou para an\u00e1lise estat\u00edstica.<\/p>\n\n\n\n<p><strong>INFORMA\u00c7\u00d5ES SOBRE OS SEUS DIREITOS<\/strong><\/p>\n\n\n\n<p>Se tiver uma conta ou se tiver deixado coment\u00e1rios no s\u00edtio, pode pedir para receber um ficheiro com todos os dados pessoais que temos sobre si, incluindo os que nos forneceu. Pode tamb\u00e9m solicitar a elimina\u00e7\u00e3o dos seus dados pessoais. Isto n\u00e3o inclui os dados armazenados para fins administrativos, legais ou de seguran\u00e7a.<\/p>","protected":false},"excerpt":{"rendered":"<p>UTILISATION DES DONN\u00c9ES PERSONNELLES COLLECT\u00c9ES Le site https:\/\/www.pause-au-naturelle.com est d\u00e9velopp\u00e9 https:\/\/www.pause-au-naturelle.com Pour toute question, n\u2019h\u00e9sitez pas \u00e0 nous contacter au par email :&nbsp;pauseaunaturelle@gmail.com Pour son activit\u00e9, Pause au naturelle collecte des donn\u00e9es qui vous sont propres et que vous avez \u00e9t\u00e9 amen\u00e9s \u00e0 indiquer lors de votre inscription en tant qu\u2019utilisateur du site ou client. [&#8230;]\n","protected":false},"author":1,"featured_media":0,"parent":0,"menu_order":0,"comment_status":"closed","ping_status":"open","template":"","meta":{"footnotes":""},"class_list":["post-3","page","type-page","status-publish","hentry"],"yoast_head":"<!-- This site is optimized with the Yoast SEO plugin v27.3 - https:\/\/yoast.com\/product\/yoast-seo-wordpress\/ -->\n<title>Politique de confidentialit\u00e9 - Pause au Naturelle<\/title>\n<meta name=\"robots\" content=\"noindex, follow\" \/>\n<meta property=\"og:locale\" content=\"pt_PT\" \/>\n<meta property=\"og:type\" content=\"article\" \/>\n<meta property=\"og:title\" content=\"Politique de confidentialit\u00e9 - Pause au Naturelle\" \/>\n<meta property=\"og:description\" content=\"UTILISATION DES DONN\u00c9ES PERSONNELLES COLLECT\u00c9ES Le site https:\/\/www.pause-au-naturelle.com est d\u00e9velopp\u00e9 https:\/\/www.pause-au-naturelle.com Pour toute question, n\u2019h\u00e9sitez pas \u00e0 nous contacter au par email :&nbsp;pauseaunaturelle@gmail.com Pour son activit\u00e9, Pause au naturelle collecte des donn\u00e9es qui vous sont propres et que vous avez \u00e9t\u00e9 amen\u00e9s \u00e0 indiquer lors de votre inscription en tant qu\u2019utilisateur du site ou client. [...]\" \/>\n<meta property=\"og:url\" content=\"https:\/\/www.pause-au-naturelle.com\/pt\/politica-de-privacidade\/\" \/>\n<meta property=\"og:site_name\" content=\"Pause au Naturelle\" \/>\n<meta property=\"article:modified_time\" content=\"2021-01-23T17:02:23+00:00\" \/>\n<meta property=\"og:image\" content=\"https:\/\/www.pause-au-naturelle.com\/wp-content\/uploads\/2024\/05\/logo-pause.webp\" \/>\n\t<meta property=\"og:image:width\" content=\"600\" \/>\n\t<meta property=\"og:image:height\" content=\"171\" \/>\n\t<meta property=\"og:image:type\" content=\"image\/webp\" \/>\n<meta name=\"twitter:card\" content=\"summary_large_image\" \/>\n<meta name=\"twitter:label1\" content=\"Tempo estimado de leitura\" \/>\n\t<meta name=\"twitter:data1\" content=\"4 minutos\" \/>\n<script type=\"application\/ld+json\" class=\"yoast-schema-graph\">{\"@context\":\"https:\\\/\\\/schema.org\",\"@graph\":[{\"@type\":\"WebPage\",\"@id\":\"https:\\\/\\\/www.pause-au-naturelle.com\\\/politique-de-confidentialite\\\/\",\"url\":\"https:\\\/\\\/www.pause-au-naturelle.com\\\/politique-de-confidentialite\\\/\",\"name\":\"Politique de confidentialit\u00e9 - Pause au Naturelle\",\"isPartOf\":{\"@id\":\"https:\\\/\\\/www.pause-au-naturelle.com\\\/#website\"},\"datePublished\":\"2019-12-28T18:32:02+00:00\",\"dateModified\":\"2021-01-23T17:02:23+00:00\",\"inLanguage\":\"pt-PT\",\"potentialAction\":[{\"@type\":\"ReadAction\",\"target\":[\"https:\\\/\\\/www.pause-au-naturelle.com\\\/politique-de-confidentialite\\\/\"]}]},{\"@type\":\"WebSite\",\"@id\":\"https:\\\/\\\/www.pause-au-naturelle.com\\\/#website\",\"url\":\"https:\\\/\\\/www.pause-au-naturelle.com\\\/\",\"name\":\"Pause au Naturelle\",\"description\":\"\",\"publisher\":{\"@id\":\"https:\\\/\\\/www.pause-au-naturelle.com\\\/#organization\"},\"potentialAction\":[{\"@type\":\"SearchAction\",\"target\":{\"@type\":\"EntryPoint\",\"urlTemplate\":\"https:\\\/\\\/www.pause-au-naturelle.com\\\/?s={search_term_string}\"},\"query-input\":{\"@type\":\"PropertyValueSpecification\",\"valueRequired\":true,\"valueName\":\"search_term_string\"}}],\"inLanguage\":\"pt-PT\"},{\"@type\":\"Organization\",\"@id\":\"https:\\\/\\\/www.pause-au-naturelle.com\\\/#organization\",\"name\":\"Pause au naturelle\",\"url\":\"https:\\\/\\\/www.pause-au-naturelle.com\\\/\",\"logo\":{\"@type\":\"ImageObject\",\"inLanguage\":\"pt-PT\",\"@id\":\"https:\\\/\\\/www.pause-au-naturelle.com\\\/#\\\/schema\\\/logo\\\/image\\\/\",\"url\":\"https:\\\/\\\/www.pause-au-naturelle.com\\\/wp-content\\\/uploads\\\/2020\\\/06\\\/logo.png\",\"contentUrl\":\"https:\\\/\\\/www.pause-au-naturelle.com\\\/wp-content\\\/uploads\\\/2020\\\/06\\\/logo.png\",\"width\":250,\"height\":250,\"caption\":\"Pause au naturelle\"},\"image\":{\"@id\":\"https:\\\/\\\/www.pause-au-naturelle.com\\\/#\\\/schema\\\/logo\\\/image\\\/\"}}]}<\/script>\n<!-- \/ Yoast SEO plugin. -->","yoast_head_json":{"title":"Pol\u00edtica de privacidade - Pause au Naturelle","robots":{"index":"noindex","follow":"follow"},"og_locale":"pt_PT","og_type":"article","og_title":"Politique de confidentialit\u00e9 - Pause au Naturelle","og_description":"UTILISATION DES DONN\u00c9ES PERSONNELLES COLLECT\u00c9ES Le site https:\/\/www.pause-au-naturelle.com est d\u00e9velopp\u00e9 https:\/\/www.pause-au-naturelle.com Pour toute question, n\u2019h\u00e9sitez pas \u00e0 nous contacter au par email :&nbsp;pauseaunaturelle@gmail.com Pour son activit\u00e9, Pause au naturelle collecte des donn\u00e9es qui vous sont propres et que vous avez \u00e9t\u00e9 amen\u00e9s \u00e0 indiquer lors de votre inscription en tant qu\u2019utilisateur du site ou client. [...]","og_url":"https:\/\/www.pause-au-naturelle.com\/pt\/politica-de-privacidade\/","og_site_name":"Pause au Naturelle","article_modified_time":"2021-01-23T17:02:23+00:00","og_image":[{"width":600,"height":171,"url":"https:\/\/www.pause-au-naturelle.com\/wp-content\/uploads\/2024\/05\/logo-pause.webp","type":"image\/webp"}],"twitter_card":"summary_large_image","twitter_misc":{"Tempo estimado de leitura":"4 minutos"},"schema":{"@context":"https:\/\/schema.org","@graph":[{"@type":"WebPage","@id":"https:\/\/www.pause-au-naturelle.com\/politique-de-confidentialite\/","url":"https:\/\/www.pause-au-naturelle.com\/politique-de-confidentialite\/","name":"Pol\u00edtica de privacidade - Pause au Naturelle","isPartOf":{"@id":"https:\/\/www.pause-au-naturelle.com\/#website"},"datePublished":"2019-12-28T18:32:02+00:00","dateModified":"2021-01-23T17:02:23+00:00","inLanguage":"pt-PT","potentialAction":[{"@type":"ReadAction","target":["https:\/\/www.pause-au-naturelle.com\/politique-de-confidentialite\/"]}]},{"@type":"WebSite","@id":"https:\/\/www.pause-au-naturelle.com\/#website","url":"https:\/\/www.pause-au-naturelle.com\/","name":"Pausa na natureza","description":"","publisher":{"@id":"https:\/\/www.pause-au-naturelle.com\/#organization"},"potentialAction":[{"@type":"SearchAction","target":{"@type":"EntryPoint","urlTemplate":"https:\/\/www.pause-au-naturelle.com\/?s={search_term_string}"},"query-input":{"@type":"PropertyValueSpecification","valueRequired":true,"valueName":"search_term_string"}}],"inLanguage":"pt-PT"},{"@type":"Organization","@id":"https:\/\/www.pause-au-naturelle.com\/#organization","name":"Uma pausa natural","url":"https:\/\/www.pause-au-naturelle.com\/","logo":{"@type":"ImageObject","inLanguage":"pt-PT","@id":"https:\/\/www.pause-au-naturelle.com\/#\/schema\/logo\/image\/","url":"https:\/\/www.pause-au-naturelle.com\/wp-content\/uploads\/2020\/06\/logo.png","contentUrl":"https:\/\/www.pause-au-naturelle.com\/wp-content\/uploads\/2020\/06\/logo.png","width":250,"height":250,"caption":"Pause au naturelle"},"image":{"@id":"https:\/\/www.pause-au-naturelle.com\/#\/schema\/logo\/image\/"}}]}},"_links":{"self":[{"href":"https:\/\/www.pause-au-naturelle.com\/pt\/wp-json\/wp\/v2\/pages\/3","targetHints":{"allow":["GET"]}}],"collection":[{"href":"https:\/\/www.pause-au-naturelle.com\/pt\/wp-json\/wp\/v2\/pages"}],"about":[{"href":"https:\/\/www.pause-au-naturelle.com\/pt\/wp-json\/wp\/v2\/types\/page"}],"author":[{"embeddable":true,"href":"https:\/\/www.pause-au-naturelle.com\/pt\/wp-json\/wp\/v2\/users\/1"}],"replies":[{"embeddable":true,"href":"https:\/\/www.pause-au-naturelle.com\/pt\/wp-json\/wp\/v2\/comments?post=3"}],"version-history":[{"count":0,"href":"https:\/\/www.pause-au-naturelle.com\/pt\/wp-json\/wp\/v2\/pages\/3\/revisions"}],"wp:attachment":[{"href":"https:\/\/www.pause-au-naturelle.com\/pt\/wp-json\/wp\/v2\/media?parent=3"}],"curies":[{"name":"wp","href":"https:\/\/api.w.org\/{rel}","templated":true}]}}