{"id":9648,"date":"2024-01-11T11:23:57","date_gmt":"2024-01-11T11:23:57","guid":{"rendered":"https:\/\/www.pause-au-naturelle.com\/?page_id=9648"},"modified":"2024-05-10T11:33:08","modified_gmt":"2024-05-10T11:33:08","slug":"produtos-de-argao","status":"publish","type":"page","link":"https:\/\/www.pause-au-naturelle.com\/pt\/produits-argan\/","title":{"rendered":"Arg\u00e3o"},"content":{"rendered":"<div class=\"container section-title-container\" ><h1 class=\"section-title section-title-center\"><b aria-hidden=\"true\"><\/b><span class=\"section-title-main\" >Produtos de arg\u00e3o<\/span><b aria-hidden=\"true\"><\/b><\/h1><\/div>\n\n<div class=\"row\"  id=\"row-2132015790\">\n\n\n\t<div id=\"col-2067267438\" class=\"col medium-4 small-12 large-4\"  >\n\t\t\t\t<div class=\"col-inner\"  >\n\t\t\t\n\t\t\t\n\n\n  \n    <div class=\"row large-columns-1 medium-columns- small-columns- row-small\" >\n  <div class=\"product-category col\" >\n            <div class=\"col-inner\">\n              <a aria-label=\"Visitar a categoria de produtos Amlou marocain\" href=\"https:\/\/www.pause-au-naturelle.com\/pt\/categorie-produit\/amlou\/\" data-no-translation-aria-label=\"\">                <div class=\"box box-category has-hover box-default\">\n                <div class=\"box-image\" >\n                  <div class=\"\" >\n                  <img decoding=\"async\" src=\"https:\/\/www.pause-au-naturelle.com\/wp-content\/uploads\/2020\/10\/amlou-aux-amandes.jpg\" alt=\"Amlou marroquino\" width=\"300\" height=\"300\" \/>                                                      <\/div>\n                <\/div>\n                <div class=\"box-text text-center\" >\n                  <div class=\"box-text-inner\">\n                      <h5 class=\"uppercase header-title\">\n                              Amlou marroquino                      <\/h5>\n                                            <p class=\"is-xsmall uppercase count\">\n\t                      8 Produtos                      <\/p>\n                                            \n                  <\/div>\n                <\/div>\n                <\/div>\n            <\/a>            <\/div>\n            <\/div><\/div>\n\n\n\t\t<\/div>\n\t\t\t\t\t<\/div>\n\n\t\n\n\t<div id=\"col-956604686\" class=\"col medium-4 small-12 large-4\"  >\n\t\t\t\t<div class=\"col-inner\"  >\n\t\t\t\n\t\t\t\n\n\n  \n    <div class=\"row large-columns-1 medium-columns- small-columns- row-small\" >\n  <div class=\"product-category col\" >\n            <div class=\"col-inner\">\n              <a aria-label=\"Visitar a categoria de produtos Botox capillaire argan\" href=\"https:\/\/www.pause-au-naturelle.com\/pt\/categorie-produit\/botox-capillaire-argan\/\" data-no-translation-aria-label=\"\">                <div class=\"box box-category has-hover box-default\">\n                <div class=\"box-image\" >\n                  <div class=\"\" >\n                  <img decoding=\"async\" src=\"https:\/\/www.pause-au-naturelle.com\/wp-content\/uploads\/2024\/01\/botox-capillaire-argan-1000ml-kera-queens.jpg\" alt=\"Botox capilar de arg\u00e3o\" width=\"300\" height=\"300\" \/>                                                      <\/div>\n                <\/div>\n                <div class=\"box-text text-center\" >\n                  <div class=\"box-text-inner\">\n                      <h5 class=\"uppercase header-title\">\n                              Botox capilar de arg\u00e3o                      <\/h5>\n                                            <p class=\"is-xsmall uppercase count\">\n\t                      3 Produtos                      <\/p>\n                                            \n                  <\/div>\n                <\/div>\n                <\/div>\n            <\/a>            <\/div>\n            <\/div><\/div>\n\n\n\t\t<\/div>\n\t\t\t\t\t<\/div>\n\n\t\n\n\t<div id=\"col-1217960060\" class=\"col medium-4 small-12 large-4\"  >\n\t\t\t\t<div class=\"col-inner\"  >\n\t\t\t\n\t\t\t\n\n\n  \n    <div class=\"row large-columns-1 medium-columns- small-columns- row-small\" >\n  <div class=\"product-category col\" >\n            <div class=\"col-inner\">\n              <a aria-label=\"Visitar a categoria de produtos Huile d&#039;argan pour les l\u00e8vres\" href=\"https:\/\/www.pause-au-naturelle.com\/pt\/categorie-produit\/huile-dargan-pour-les-levres\/\" data-no-translation-aria-label=\"\">                <div class=\"box box-category has-hover box-default\">\n                <div class=\"box-image\" >\n                  <div class=\"\" >\n                  <img decoding=\"async\" src=\"https:\/\/www.pause-au-naturelle.com\/wp-content\/uploads\/2024\/01\/baume-a-levres-a-largan.jpg\" alt=\"\u00d3leo de arg\u00e3o para os l\u00e1bios\" width=\"300\" height=\"300\" \/>                                                      <\/div>\n                <\/div>\n                <div class=\"box-text text-center\" >\n                  <div class=\"box-text-inner\">\n                      <h5 class=\"uppercase header-title\">\n                              \u00d3leo de arg\u00e3o para os l\u00e1bios                      <\/h5>\n                                            <p class=\"is-xsmall uppercase count\">\n\t                      3 Produtos                      <\/p>\n                                            \n                  <\/div>\n                <\/div>\n                <\/div>\n            <\/a>            <\/div>\n            <\/div><\/div>\n\n\n\t\t<\/div>\n\t\t\t\t\t<\/div>\n\n\t\n\n<\/div>","protected":false},"excerpt":{"rendered":"","protected":false},"author":1,"featured_media":0,"parent":0,"menu_order":0,"comment_status":"closed","ping_status":"closed","template":"","meta":{"footnotes":""},"class_list":["post-9648","page","type-page","status-publish","hentry"],"yoast_head":"<!-- This site is optimized with the Yoast SEO plugin v27.5 - https:\/\/yoast.com\/product\/yoast-seo-wordpress\/ -->\n<title>Argan | Achat en ligne de produits \u00e0 l&#039;argan du Maroc<\/title>\n<meta name=\"robots\" content=\"index, follow, max-snippet:-1, max-image-preview:large, max-video-preview:-1\" \/>\n<link rel=\"canonical\" href=\"https:\/\/www.pause-au-naturelle.com\/pt\/produtos-de-argao\/\" \/>\n<meta property=\"og:locale\" content=\"pt_PT\" \/>\n<meta property=\"og:type\" content=\"article\" \/>\n<meta property=\"og:title\" content=\"Argan | Achat en ligne de produits \u00e0 l&#039;argan du Maroc\" \/>\n<meta property=\"og:url\" content=\"https:\/\/www.pause-au-naturelle.com\/pt\/produtos-de-argao\/\" \/>\n<meta property=\"og:site_name\" content=\"Pause au Naturelle\" \/>\n<meta property=\"article:modified_time\" content=\"2024-05-10T11:33:08+00:00\" \/>\n<meta property=\"og:image\" content=\"https:\/\/www.pause-au-naturelle.com\/wp-content\/uploads\/2024\/05\/logo-pause.webp\" \/>\n\t<meta property=\"og:image:width\" content=\"600\" \/>\n\t<meta property=\"og:image:height\" content=\"171\" \/>\n\t<meta property=\"og:image:type\" content=\"image\/webp\" \/>\n<meta name=\"twitter:card\" content=\"summary_large_image\" \/>\n<script type=\"application\/ld+json\" class=\"yoast-schema-graph\">{\"@context\":\"https:\\\/\\\/schema.org\",\"@graph\":[{\"@type\":\"WebPage\",\"@id\":\"https:\\\/\\\/www.pause-au-naturelle.com\\\/produits-argan\\\/\",\"url\":\"https:\\\/\\\/www.pause-au-naturelle.com\\\/produits-argan\\\/\",\"name\":\"Argan | Achat en ligne de produits \u00e0 l'argan du Maroc\",\"isPartOf\":{\"@id\":\"https:\\\/\\\/www.pause-au-naturelle.com\\\/#website\"},\"datePublished\":\"2024-01-11T11:23:57+00:00\",\"dateModified\":\"2024-05-10T11:33:08+00:00\",\"inLanguage\":\"pt-PT\",\"potentialAction\":[{\"@type\":\"ReadAction\",\"target\":[\"https:\\\/\\\/www.pause-au-naturelle.com\\\/produits-argan\\\/\"]}]},{\"@type\":\"WebSite\",\"@id\":\"https:\\\/\\\/www.pause-au-naturelle.com\\\/#website\",\"url\":\"https:\\\/\\\/www.pause-au-naturelle.com\\\/\",\"name\":\"Pause au Naturelle\",\"description\":\"\",\"publisher\":{\"@id\":\"https:\\\/\\\/www.pause-au-naturelle.com\\\/#organization\"},\"potentialAction\":[{\"@type\":\"SearchAction\",\"target\":{\"@type\":\"EntryPoint\",\"urlTemplate\":\"https:\\\/\\\/www.pause-au-naturelle.com\\\/?s={search_term_string}\"},\"query-input\":{\"@type\":\"PropertyValueSpecification\",\"valueRequired\":true,\"valueName\":\"search_term_string\"}}],\"inLanguage\":\"pt-PT\"},{\"@type\":\"Organization\",\"@id\":\"https:\\\/\\\/www.pause-au-naturelle.com\\\/#organization\",\"name\":\"Pause au naturelle\",\"url\":\"https:\\\/\\\/www.pause-au-naturelle.com\\\/\",\"logo\":{\"@type\":\"ImageObject\",\"inLanguage\":\"pt-PT\",\"@id\":\"https:\\\/\\\/www.pause-au-naturelle.com\\\/#\\\/schema\\\/logo\\\/image\\\/\",\"url\":\"https:\\\/\\\/www.pause-au-naturelle.com\\\/wp-content\\\/uploads\\\/2020\\\/06\\\/logo.png\",\"contentUrl\":\"https:\\\/\\\/www.pause-au-naturelle.com\\\/wp-content\\\/uploads\\\/2020\\\/06\\\/logo.png\",\"width\":250,\"height\":250,\"caption\":\"Pause au naturelle\"},\"image\":{\"@id\":\"https:\\\/\\\/www.pause-au-naturelle.com\\\/#\\\/schema\\\/logo\\\/image\\\/\"}}]}<\/script>\n<!-- \/ Yoast SEO plugin. -->","yoast_head_json":{"title":"Argan | Comprar online produtos de arg\u00e3o de Marrocos","robots":{"index":"index","follow":"follow","max-snippet":"max-snippet:-1","max-image-preview":"max-image-preview:large","max-video-preview":"max-video-preview:-1"},"canonical":"https:\/\/www.pause-au-naturelle.com\/pt\/produtos-de-argao\/","og_locale":"pt_PT","og_type":"article","og_title":"Argan | Achat en ligne de produits \u00e0 l'argan du Maroc","og_url":"https:\/\/www.pause-au-naturelle.com\/pt\/produtos-de-argao\/","og_site_name":"Pause au Naturelle","article_modified_time":"2024-05-10T11:33:08+00:00","og_image":[{"width":600,"height":171,"url":"https:\/\/www.pause-au-naturelle.com\/wp-content\/uploads\/2024\/05\/logo-pause.webp","type":"image\/webp"}],"twitter_card":"summary_large_image","schema":{"@context":"https:\/\/schema.org","@graph":[{"@type":"WebPage","@id":"https:\/\/www.pause-au-naturelle.com\/produits-argan\/","url":"https:\/\/www.pause-au-naturelle.com\/produits-argan\/","name":"Argan | Comprar online produtos de arg\u00e3o de Marrocos","isPartOf":{"@id":"https:\/\/www.pause-au-naturelle.com\/#website"},"datePublished":"2024-01-11T11:23:57+00:00","dateModified":"2024-05-10T11:33:08+00:00","inLanguage":"pt-PT","potentialAction":[{"@type":"ReadAction","target":["https:\/\/www.pause-au-naturelle.com\/produits-argan\/"]}]},{"@type":"WebSite","@id":"https:\/\/www.pause-au-naturelle.com\/#website","url":"https:\/\/www.pause-au-naturelle.com\/","name":"Pausa na natureza","description":"","publisher":{"@id":"https:\/\/www.pause-au-naturelle.com\/#organization"},"potentialAction":[{"@type":"SearchAction","target":{"@type":"EntryPoint","urlTemplate":"https:\/\/www.pause-au-naturelle.com\/?s={search_term_string}"},"query-input":{"@type":"PropertyValueSpecification","valueRequired":true,"valueName":"search_term_string"}}],"inLanguage":"pt-PT"},{"@type":"Organization","@id":"https:\/\/www.pause-au-naturelle.com\/#organization","name":"Uma pausa natural","url":"https:\/\/www.pause-au-naturelle.com\/","logo":{"@type":"ImageObject","inLanguage":"pt-PT","@id":"https:\/\/www.pause-au-naturelle.com\/#\/schema\/logo\/image\/","url":"https:\/\/www.pause-au-naturelle.com\/wp-content\/uploads\/2020\/06\/logo.png","contentUrl":"https:\/\/www.pause-au-naturelle.com\/wp-content\/uploads\/2020\/06\/logo.png","width":250,"height":250,"caption":"Pause au naturelle"},"image":{"@id":"https:\/\/www.pause-au-naturelle.com\/#\/schema\/logo\/image\/"}}]}},"_links":{"self":[{"href":"https:\/\/www.pause-au-naturelle.com\/pt\/wp-json\/wp\/v2\/pages\/9648","targetHints":{"allow":["GET"]}}],"collection":[{"href":"https:\/\/www.pause-au-naturelle.com\/pt\/wp-json\/wp\/v2\/pages"}],"about":[{"href":"https:\/\/www.pause-au-naturelle.com\/pt\/wp-json\/wp\/v2\/types\/page"}],"author":[{"embeddable":true,"href":"https:\/\/www.pause-au-naturelle.com\/pt\/wp-json\/wp\/v2\/users\/1"}],"replies":[{"embeddable":true,"href":"https:\/\/www.pause-au-naturelle.com\/pt\/wp-json\/wp\/v2\/comments?post=9648"}],"version-history":[{"count":3,"href":"https:\/\/www.pause-au-naturelle.com\/pt\/wp-json\/wp\/v2\/pages\/9648\/revisions"}],"predecessor-version":[{"id":9667,"href":"https:\/\/www.pause-au-naturelle.com\/pt\/wp-json\/wp\/v2\/pages\/9648\/revisions\/9667"}],"wp:attachment":[{"href":"https:\/\/www.pause-au-naturelle.com\/pt\/wp-json\/wp\/v2\/media?parent=9648"}],"curies":[{"name":"wp","href":"https:\/\/api.w.org\/{rel}","templated":true}]}}